{"id":3,"date":"2024-06-26T13:34:55","date_gmt":"2024-06-26T13:34:55","guid":{"rendered":"https:\/\/sne-gears.com\/?page_id=3"},"modified":"2024-07-26T02:26:36","modified_gmt":"2024-07-26T02:26:36","slug":"privacy-policy","status":"publish","type":"page","link":"https:\/\/sne-gears.com\/de\/privacy-policy\/","title":{"rendered":"Datenschutzbestimmungen"},"content":{"rendered":"<p>Willkommen bei SNE-Gears. Wir sch\u00e4tzen Ihre Privatsph\u00e4re und verpflichten uns, Ihre pers\u00f6nlichen Daten zu sch\u00fctzen. In dieser Datenschutzrichtlinie wird erl\u00e4utert, wie wir Ihre Daten sammeln, verwenden, weitergeben und sch\u00fctzen, wenn Sie unsere Website https:\/\/sne-gears.com\/ (die \"Site\") besuchen. Bitte lesen Sie diese Datenschutzrichtlinie sorgf\u00e4ltig durch. Wenn Sie mit den Bedingungen dieser Datenschutzrichtlinie nicht einverstanden sind, bitten wir Sie, die Website nicht zu besuchen.<\/p>\n\n\n\n<p>Gesammelte Informationen<br>Wir k\u00f6nnen auf verschiedene Weise Informationen \u00fcber Sie sammeln. Zu den Informationen, die wir auf der Website sammeln, geh\u00f6ren:<\/p>\n\n\n\n<p>Pers\u00f6nliche Daten<br>Pers\u00f6nlich identifizierbare Daten wie Ihr Name, Ihre Lieferadresse, Ihre E-Mail-Adresse und Ihre Telefonnummer sowie demografische Daten wie Ihr Alter, Ihr Geschlecht, Ihre Heimatstadt und Ihre Interessen, die Sie uns freiwillig mitteilen, wenn Sie sich auf der Website registrieren, einen Kauf t\u00e4tigen oder sich an verschiedenen Aktivit\u00e4ten im Zusammenhang mit der Website beteiligen.<\/p>\n\n\n\n<p>Abgeleitete Daten<br>Informationen, die unsere Server automatisch erfassen, wenn Sie auf die Website zugreifen, wie Ihre IP-Adresse, Ihren Browsertyp, Ihr Betriebssystem, Ihre Zugriffszeiten und die Seiten, die Sie direkt vor und nach dem Zugriff auf die Website angesehen haben.<\/p>\n\n\n\n<p>Finanzielle Daten<br>Finanzielle Informationen, wie z. B. Daten zu Ihrer Zahlungsmethode (z. B. eine g\u00fcltige Kreditkartennummer, die Kartenmarke und das Ablaufdatum), die wir erfassen k\u00f6nnen, wenn Sie auf der Website etwas kaufen, bestellen, zur\u00fcckgeben, umtauschen oder Informationen zu unseren Dienstleistungen anfordern.<\/p>\n\n\n\n<p>Daten aus sozialen Netzwerken<br>Nutzerdaten von Websites sozialer Netzwerke wie Facebook, Twitter, Instagram, einschlie\u00dflich Ihres Namens, Ihres Benutzernamens f\u00fcr das soziale Netzwerk, Ihres Standorts, Ihres Geschlechts, Ihres Geburtsdatums, Ihrer E-Mail-Adresse, Ihres Profilbilds und \u00f6ffentlicher Daten f\u00fcr Kontakte, wenn Sie Ihr Konto mit solchen sozialen Netzwerken verbinden.<\/p>\n\n\n\n<p>Verwendung Ihrer Informationen<br>Genaue Informationen \u00fcber Sie erm\u00f6glichen es uns, Ihnen ein reibungsloses, effizientes und individuelles Erlebnis zu bieten. Insbesondere k\u00f6nnen wir die \u00fcber Sie auf der Website gesammelten Informationen verwenden, um:<\/p>\n\n\n\n<p>Erstellen und verwalten Sie Ihr Konto.<br>Bearbeiten und verfolgen Sie Ihre Bestellungen.<br>Sie per E-Mail \u00fcber Ihr Konto oder Ihre Bestellung informieren.<br>Versenden Sie gezielte Werbung, Gutscheine, Newsletter und Werbeaktionen.<br>Verbesserung unserer Website und unseres Kundendienstes.<br>Offenlegung Ihrer Informationen<br>In bestimmten Situationen k\u00f6nnen wir Informationen, die wir \u00fcber Sie gesammelt haben, weitergeben. Ihre Informationen k\u00f6nnen wie folgt weitergegeben werden:<\/p>\n\n\n\n<p>Per Gesetz oder zum Schutz von Rechten<br>Wenn wir der Meinung sind, dass die Freigabe von Informationen \u00fcber Sie notwendig ist, um auf ein rechtliches Verfahren zu reagieren, um potenzielle Verst\u00f6\u00dfe gegen unsere Richtlinien zu untersuchen oder zu beheben oder um die Rechte, das Eigentum und die Sicherheit anderer zu sch\u00fctzen, k\u00f6nnen wir Ihre Informationen weitergeben, soweit dies nach geltendem Recht, Regeln oder Vorschriften zul\u00e4ssig oder erforderlich ist.<\/p>\n\n\n\n<p>Drittanbieter von Dienstleistungen<br>Wir k\u00f6nnen Ihre Daten an Dritte weitergeben, die Dienstleistungen f\u00fcr uns oder in unserem Namen erbringen, wie z. B. Zahlungsabwicklung, Datenanalyse, E-Mail-Versand, Hosting-Dienste, Kundendienst und Marketingunterst\u00fctzung.<\/p>\n\n\n\n<p>Sicherheit Ihrer Informationen<br>Wir setzen administrative, technische und physische Sicherheitsma\u00dfnahmen ein, um Ihre pers\u00f6nlichen Daten zu sch\u00fctzen. Obwohl wir angemessene Schritte unternommen haben, um die uns von Ihnen zur Verf\u00fcgung gestellten personenbezogenen Daten zu sch\u00fctzen, sollten Sie sich dar\u00fcber im Klaren sein, dass trotz unserer Bem\u00fchungen keine Sicherheitsma\u00dfnahmen perfekt oder undurchdringlich sind und dass keine Methode der Daten\u00fcbertragung gegen ein Abfangen oder eine andere Art des Missbrauchs garantiert werden kann.<\/p>\n\n\n\n<p>Politik f\u00fcr Kinder<br>Wir bitten nicht wissentlich um Informationen von Kindern unter 13 Jahren und vermarkten diese auch nicht. Wenn wir erfahren, dass wir pers\u00f6nliche Informationen von einem Kind unter 13 Jahren ohne \u00dcberpr\u00fcfung der elterlichen Zustimmung gesammelt haben, werden wir diese Informationen so schnell wie m\u00f6glich l\u00f6schen. Wenn Sie glauben, dass wir Informationen von oder \u00fcber ein Kind unter 13 Jahren haben k\u00f6nnten, kontaktieren Sie uns bitte unter Joshua.Ryan@sne-gears.com.<\/p>\n\n\n\n<p>\u00c4nderungen an dieser Datenschutzrichtlinie<br>Wir behalten uns vor, diese Datenschutzrichtlinie von Zeit zu Zeit zu aktualisieren, um z. B. \u00c4nderungen unserer Praktiken oder andere betriebliche, rechtliche oder regulatorische Gr\u00fcnde zu ber\u00fccksichtigen. Wir werden Sie \u00fcber alle \u00c4nderungen informieren, indem wir die neue Datenschutzrichtlinie auf der Website ver\u00f6ffentlichen. Wir empfehlen Ihnen, diese Datenschutzrichtlinie regelm\u00e4\u00dfig auf \u00c4nderungen zu \u00fcberpr\u00fcfen.<\/p>\n\n\n\n<p>Kontakt<br>Wenn Sie Fragen oder Anmerkungen zu dieser Datenschutzrichtlinie haben, wenden Sie sich bitte an uns:<\/p>\n\n\n\n<p>E-Mail: Joshua.Ryan@sne-gears.com<br>Telefon: +86 180 1974 1066<br>Adresse: RM 1207, Tower A#, Global International Trade Bldg, NO8 ChangXiang Road, JiaDing District, Shanghai (Zip:201802), PRC China<\/p>\n\n\n\n<p><\/p>","protected":false},"excerpt":{"rendered":"<p>Willkommen bei SNE-Gears. Wir sch\u00e4tzen Ihre Privatsph\u00e4re und verpflichten uns, Ihre pers\u00f6nlichen Daten zu sch\u00fctzen. Diese Datenschutzrichtlinie erkl\u00e4rt, wie<\/p>","protected":false},"author":1,"featured_media":0,"parent":0,"menu_order":0,"comment_status":"closed","ping_status":"open","template":"","meta":{"footnotes":""},"class_list":["post-3","page","type-page","status-publish","hentry"],"yoast_head":"<!-- This site is optimized with the Yoast SEO plugin v27.4 - https:\/\/yoast.com\/product\/yoast-seo-wordpress\/ -->\n<title>Privacy Policy - sne-gears.com<\/title>\n<meta name=\"robots\" content=\"index, follow, max-snippet:-1, max-image-preview:large, max-video-preview:-1\" \/>\n<link rel=\"canonical\" href=\"https:\/\/sne-gears.com\/de\/privacy-policy\/\" \/>\n<meta property=\"og:locale\" content=\"de_DE\" \/>\n<meta property=\"og:type\" content=\"article\" \/>\n<meta property=\"og:title\" content=\"Privacy Policy - sne-gears.com\" \/>\n<meta property=\"og:description\" content=\"Welcome to SNE-Gears. We value your privacy and are committed to protecting your personal information. This Privacy Policy explains how\" \/>\n<meta property=\"og:url\" content=\"https:\/\/sne-gears.com\/de\/privacy-policy\/\" \/>\n<meta property=\"og:site_name\" content=\"sne-gears.com\" \/>\n<meta property=\"article:modified_time\" content=\"2024-07-26T02:26:36+00:00\" \/>\n<meta name=\"twitter:card\" content=\"summary_large_image\" \/>\n<meta name=\"twitter:label1\" content=\"Gesch\u00e4tzte Lesezeit\" \/>\n\t<meta name=\"twitter:data1\" content=\"3\u00a0Minuten\" \/>\n<script type=\"application\/ld+json\" class=\"yoast-schema-graph\">{\"@context\":\"https:\\\/\\\/schema.org\",\"@graph\":[{\"@type\":\"WebPage\",\"@id\":\"https:\\\/\\\/sne-gears.com\\\/privacy-policy\\\/\",\"url\":\"https:\\\/\\\/sne-gears.com\\\/privacy-policy\\\/\",\"name\":\"Privacy Policy - sne-gears.com\",\"isPartOf\":{\"@id\":\"https:\\\/\\\/sne-gears.com\\\/#website\"},\"datePublished\":\"2024-06-26T13:34:55+00:00\",\"dateModified\":\"2024-07-26T02:26:36+00:00\",\"breadcrumb\":{\"@id\":\"https:\\\/\\\/sne-gears.com\\\/privacy-policy\\\/#breadcrumb\"},\"inLanguage\":\"de\",\"potentialAction\":[{\"@type\":\"ReadAction\",\"target\":[\"https:\\\/\\\/sne-gears.com\\\/privacy-policy\\\/\"]}]},{\"@type\":\"BreadcrumbList\",\"@id\":\"https:\\\/\\\/sne-gears.com\\\/privacy-policy\\\/#breadcrumb\",\"itemListElement\":[{\"@type\":\"ListItem\",\"position\":1,\"name\":\"Home\",\"item\":\"https:\\\/\\\/sne-gears.com\\\/\"},{\"@type\":\"ListItem\",\"position\":2,\"name\":\"Privacy Policy\"}]},{\"@type\":\"WebSite\",\"@id\":\"https:\\\/\\\/sne-gears.com\\\/#website\",\"url\":\"https:\\\/\\\/sne-gears.com\\\/\",\"name\":\"sne-gears.com\",\"description\":\"\",\"potentialAction\":[{\"@type\":\"SearchAction\",\"target\":{\"@type\":\"EntryPoint\",\"urlTemplate\":\"https:\\\/\\\/sne-gears.com\\\/?s={search_term_string}\"},\"query-input\":{\"@type\":\"PropertyValueSpecification\",\"valueRequired\":true,\"valueName\":\"search_term_string\"}}],\"inLanguage\":\"de\"}]}<\/script>\n<!-- \/ Yoast SEO plugin. -->","yoast_head_json":{"title":"Privacy Policy - sne-gears.com","robots":{"index":"index","follow":"follow","max-snippet":"max-snippet:-1","max-image-preview":"max-image-preview:large","max-video-preview":"max-video-preview:-1"},"canonical":"https:\/\/sne-gears.com\/de\/privacy-policy\/","og_locale":"de_DE","og_type":"article","og_title":"Privacy Policy - sne-gears.com","og_description":"Welcome to SNE-Gears. We value your privacy and are committed to protecting your personal information. This Privacy Policy explains how","og_url":"https:\/\/sne-gears.com\/de\/privacy-policy\/","og_site_name":"sne-gears.com","article_modified_time":"2024-07-26T02:26:36+00:00","twitter_card":"summary_large_image","twitter_misc":{"Gesch\u00e4tzte Lesezeit":"3\u00a0Minuten"},"schema":{"@context":"https:\/\/schema.org","@graph":[{"@type":"WebPage","@id":"https:\/\/sne-gears.com\/privacy-policy\/","url":"https:\/\/sne-gears.com\/privacy-policy\/","name":"Privacy Policy - sne-gears.com","isPartOf":{"@id":"https:\/\/sne-gears.com\/#website"},"datePublished":"2024-06-26T13:34:55+00:00","dateModified":"2024-07-26T02:26:36+00:00","breadcrumb":{"@id":"https:\/\/sne-gears.com\/privacy-policy\/#breadcrumb"},"inLanguage":"de","potentialAction":[{"@type":"ReadAction","target":["https:\/\/sne-gears.com\/privacy-policy\/"]}]},{"@type":"BreadcrumbList","@id":"https:\/\/sne-gears.com\/privacy-policy\/#breadcrumb","itemListElement":[{"@type":"ListItem","position":1,"name":"Home","item":"https:\/\/sne-gears.com\/"},{"@type":"ListItem","position":2,"name":"Privacy Policy"}]},{"@type":"WebSite","@id":"https:\/\/sne-gears.com\/#website","url":"https:\/\/sne-gears.com\/","name":"sne-gears.com","description":"","potentialAction":[{"@type":"SearchAction","target":{"@type":"EntryPoint","urlTemplate":"https:\/\/sne-gears.com\/?s={search_term_string}"},"query-input":{"@type":"PropertyValueSpecification","valueRequired":true,"valueName":"search_term_string"}}],"inLanguage":"de"}]}},"_links":{"self":[{"href":"https:\/\/sne-gears.com\/de\/wp-json\/wp\/v2\/pages\/3","targetHints":{"allow":["GET"]}}],"collection":[{"href":"https:\/\/sne-gears.com\/de\/wp-json\/wp\/v2\/pages"}],"about":[{"href":"https:\/\/sne-gears.com\/de\/wp-json\/wp\/v2\/types\/page"}],"author":[{"embeddable":true,"href":"https:\/\/sne-gears.com\/de\/wp-json\/wp\/v2\/users\/1"}],"replies":[{"embeddable":true,"href":"https:\/\/sne-gears.com\/de\/wp-json\/wp\/v2\/comments?post=3"}],"version-history":[{"count":2,"href":"https:\/\/sne-gears.com\/de\/wp-json\/wp\/v2\/pages\/3\/revisions"}],"predecessor-version":[{"id":16711,"href":"https:\/\/sne-gears.com\/de\/wp-json\/wp\/v2\/pages\/3\/revisions\/16711"}],"wp:attachment":[{"href":"https:\/\/sne-gears.com\/de\/wp-json\/wp\/v2\/media?parent=3"}],"curies":[{"name":"wp","href":"https:\/\/api.w.org\/{rel}","templated":true}]}}