{"id":16168,"date":"2024-07-09T06:37:00","date_gmt":"2024-07-09T06:37:00","guid":{"rendered":"https:\/\/sne-gears.com\/?post_type=product&#038;p=16168"},"modified":"2024-08-14T12:12:26","modified_gmt":"2024-08-14T12:12:26","slug":"aluminum-alloy-single-stage-gearbox","status":"publish","type":"product","link":"https:\/\/sne-gears.com\/de\/produkt\/aluminum-alloy-single-stage-gearbox\/","title":{"rendered":"Einstufiges Getriebe aus Aluminiumlegierung"},"content":{"rendered":"<div data-elementor-type=\"wp-post\" data-elementor-id=\"16168\" class=\"elementor elementor-16168\">\n\t\t\t\t<div class=\"elementor-element elementor-element-bfb6152 e-flex e-con-boxed e-con e-parent\" data-id=\"bfb6152\" data-element_type=\"container\">\n\t\t\t\t\t<div class=\"e-con-inner\">\n\t\t\t\t<div class=\"elementor-element elementor-element-55c481d elementor-widget elementor-widget-image\" data-id=\"55c481d\" data-element_type=\"widget\" data-widget_type=\"image.default\">\n\t\t\t\t<div class=\"elementor-widget-container\">\n\t\t\t\t\t\t\t\t\t\t\t\t\t\t\t<img fetchpriority=\"high\" decoding=\"async\" width=\"1200\" height=\"440\" src=\"data:image\/gif;base64,R0lGODlhAQABAIAAAAAAAP\/\/\/yH5BAEAAAAALAAAAAABAAEAAAIBRAA7\" data-src=\"https:\/\/sne-gears.com\/wp-content\/uploads\/2024\/07\/13.jpg\" class=\"attachment-1536x1536 size-1536x1536 wp-image-17790 lazyload\" alt=\"\" data-srcset=\"https:\/\/sne-gears.com\/wp-content\/uploads\/2024\/07\/13.jpg 1200w, https:\/\/sne-gears.com\/wp-content\/uploads\/2024\/07\/13-400x147.jpg 400w, https:\/\/sne-gears.com\/wp-content\/uploads\/2024\/07\/13-768x282.jpg 768w, https:\/\/sne-gears.com\/wp-content\/uploads\/2024\/07\/13-18x7.jpg 18w, https:\/\/sne-gears.com\/wp-content\/uploads\/2024\/07\/13-430x158.jpg 430w, https:\/\/sne-gears.com\/wp-content\/uploads\/2024\/07\/13-700x257.jpg 700w, https:\/\/sne-gears.com\/wp-content\/uploads\/2024\/07\/13-150x55.jpg 150w\" sizes=\"(max-width: 1200px) 100vw, 1200px\" \/><noscript><img decoding=\"async\" width=\"1200\" height=\"440\" src=\"https:\/\/sne-gears.com\/wp-content\/uploads\/2024\/07\/13.jpg\" class=\"attachment-1536x1536 size-1536x1536 wp-image-17790 lazyload\" alt=\"\" srcset=\"https:\/\/sne-gears.com\/wp-content\/uploads\/2024\/07\/13.jpg 1200w, https:\/\/sne-gears.com\/wp-content\/uploads\/2024\/07\/13-400x147.jpg 400w, https:\/\/sne-gears.com\/wp-content\/uploads\/2024\/07\/13-768x282.jpg 768w, https:\/\/sne-gears.com\/wp-content\/uploads\/2024\/07\/13-18x7.jpg 18w, https:\/\/sne-gears.com\/wp-content\/uploads\/2024\/07\/13-430x158.jpg 430w, https:\/\/sne-gears.com\/wp-content\/uploads\/2024\/07\/13-700x257.jpg 700w, https:\/\/sne-gears.com\/wp-content\/uploads\/2024\/07\/13-150x55.jpg 150w\" sizes=\"(max-width: 1200px) 100vw, 1200px\" \/><\/noscript>\t\t\t\t\t\t\t\t\t\t\t\t\t\t\t<\/div>\n\t\t\t\t<\/div>\n\t\t\t\t\t<\/div>\n\t\t\t\t<\/div>\n\t\t<div class=\"elementor-element elementor-element-54d95e8 e-flex e-con-boxed e-con e-parent\" data-id=\"54d95e8\" data-element_type=\"container\">\n\t\t\t\t\t<div class=\"e-con-inner\">\n\t\t\t\t<div class=\"elementor-element elementor-element-63caf6d elementor-widget elementor-widget-heading\" data-id=\"63caf6d\" data-element_type=\"widget\" data-widget_type=\"heading.default\">\n\t\t\t\t<div class=\"elementor-widget-container\">\n\t\t\t\t\t<h2 class=\"elementor-heading-title elementor-size-default\">Tabelle der Anschlussma\u00dfe<\/h2>\t\t\t\t<\/div>\n\t\t\t\t<\/div>\n\t\t\t\t\t<\/div>\n\t\t\t\t<\/div>\n\t\t<div class=\"elementor-element elementor-element-d866fa6 e-flex e-con-boxed e-con e-parent\" data-id=\"d866fa6\" data-element_type=\"container\">\n\t\t\t\t\t<div class=\"e-con-inner\">\n\t\t\t\t<div class=\"elementor-element elementor-element-bcfbd8d color-scheme-inherit text-left elementor-widget elementor-widget-text-editor\" data-id=\"bcfbd8d\" data-element_type=\"widget\" data-widget_type=\"text-editor.default\">\n\t\t\t\t<div class=\"elementor-widget-container\">\n\t\t\t\t\t\t\t\t\t<table style=\"color: #333333; font-size: 16px;\"><tbody><tr><th>Modell<\/th><th>Verf\u00fcgbare \u00d6ffnung der Absperrklappe<\/th><th>d<\/th><th>b<\/th><th>t<\/th><th>S\u00d7S<\/th><th>D1<\/th><th>D2<\/th><th>n-d1<\/th><th>Position (+ \u00d7)<\/th><\/tr><tr><td>3D III-10<\/td><td>2&#8221;-4&#8221;<\/td><td>15.9<\/td><td>5<\/td><td>18.2<\/td><td>9\u00d79<\/td><td>80<\/td><td>50<\/td><td>4-M8<\/td><td>\u00d7<\/td><\/tr><tr><td>\u00a0<\/td><td>\u00a0<\/td><td>\u00a0<\/td><td>\u00a0<\/td><td>\u00a0<\/td><td>11\u00d711<\/td><td>70<\/td><td>\u00a0<\/td><td>4-M8<\/td><td>\u00a0<\/td><\/tr><tr><td>3D III-15<\/td><td>5&#8221;-6&#8221;<\/td><td>19.05<\/td><td>5<\/td><td>21.35<\/td><td>9\u00d79<\/td><td>89<\/td><td>70<\/td><td>4-M8<\/td><td>\u00d7<\/td><\/tr><tr><td>\u00a0<\/td><td>\u00a0<\/td><td>\u00a0<\/td><td>\u00a0<\/td><td>\u00a0<\/td><td>11\u00d711<\/td><td>\u00a0<\/td><td>\u00a0<\/td><td>\u00a0<\/td><td>\u00a0<\/td><\/tr><tr><td>\u00a0<\/td><td>\u00a0<\/td><td>\u00a0<\/td><td>\u00a0<\/td><td>\u00a0<\/td><td>14\u00d714<\/td><td>\u00a0<\/td><td>\u00a0<\/td><td>\u00a0<\/td><td>\u00a0<\/td><\/tr><tr><td>\u00a0<\/td><td>\u00a0<\/td><td>\u00a0<\/td><td>\u00a0<\/td><td>\u00a0<\/td><td>17\u00d717<\/td><td>\u00a0<\/td><td>\u00a0<\/td><td>\u00a0<\/td><td>\u00a0<\/td><\/tr><tr><td>3D III-50<\/td><td>8&#8221;-10&#8221;<\/td><td>28.6<\/td><td>8<\/td><td>31.9<\/td><td>19\u00d719<\/td><td>140<\/td><td>102<\/td><td>4-M10<\/td><td>\u00d7<\/td><\/tr><tr><td>\u00a0<\/td><td>\u00a0<\/td><td>\u00a0<\/td><td>\u00a0<\/td><td>\u00a0<\/td><td>22\u00d722<\/td><td>\u00a0<\/td><td>\u00a0<\/td><td>\u00a0<\/td><td>\u00a0<\/td><\/tr><tr><td>3D III-120<\/td><td>12&#8221;-14&#8221;<\/td><td>31.8<\/td><td>8<\/td><td>35<\/td><td>22\u00d722<\/td><td>175<\/td><td>140<\/td><td>4-M16<\/td><td>\u00d7<\/td><\/tr><tr><td>\u00a0<\/td><td>\u00a0<\/td><td>\u00a0<\/td><td>\u00a0<\/td><td>\u00a0<\/td><td>27\u00d727<\/td><td>\u00a0<\/td><td>\u00a0<\/td><td>\u00a0<\/td><\/tr><\/tbody><\/table>\t\t\t\t\t\t\t\t<\/div>\n\t\t\t\t<\/div>\n\t\t\t\t\t<\/div>\n\t\t\t\t<\/div>\n\t\t<div class=\"elementor-element elementor-element-163eab0 e-flex e-con-boxed e-con e-parent\" data-id=\"163eab0\" data-element_type=\"container\">\n\t\t\t\t\t<div class=\"e-con-inner\">\n\t\t\t\t<div class=\"elementor-element elementor-element-50a8883 elementor-widget elementor-widget-heading\" data-id=\"50a8883\" data-element_type=\"widget\" data-widget_type=\"heading.default\">\n\t\t\t\t<div class=\"elementor-widget-container\">\n\t\t\t\t\t<h2 class=\"elementor-heading-title elementor-size-default\">Ma\u00dfliche Spezifikationen<\/h2>\t\t\t\t<\/div>\n\t\t\t\t<\/div>\n\t\t\t\t\t<\/div>\n\t\t\t\t<\/div>\n\t\t<div class=\"elementor-element elementor-element-ac5e8cd e-flex e-con-boxed e-con e-parent\" data-id=\"ac5e8cd\" data-element_type=\"container\">\n\t\t\t\t\t<div class=\"e-con-inner\">\n\t\t\t\t<div class=\"elementor-element elementor-element-561a593 color-scheme-inherit text-left elementor-widget elementor-widget-text-editor\" data-id=\"561a593\" data-element_type=\"widget\" data-widget_type=\"text-editor.default\">\n\t\t\t\t<div class=\"elementor-widget-container\">\n\t\t\t\t\t\t\t\t\t<table style=\"color: #333333; font-size: 16px;\"><tbody><tr><td><p><strong><b>odel<\/b><\/strong><\/p><\/td><td><p><strong><b>Ratio<\/b><\/strong><\/p><\/td><td><p><strong><b>Leistung (N.m)<\/b><\/strong><\/p><\/td><td><p><strong><b>Eingang (N.m)<\/b><\/strong><\/p><\/td><td><p><strong><b>Durchmesser des Handrads (mm)<\/b><\/strong><\/p><\/td><td><p><strong><b>A<\/b><\/strong><\/p><\/td><td><p><strong><b>B<\/b><\/strong><\/p><\/td><td><p><strong><b>C<\/b><\/strong><\/p><\/td><td><p><strong><b>D<\/b><\/strong><\/p><\/td><td><p><strong><b>E<\/b><\/strong><\/p><\/td><td><p><strong><b>h<\/b><\/strong><\/p><\/td><td><p><strong><b>H<\/b><\/strong><\/p><\/td><td><p><strong><b>\u03c6<\/b><\/strong><\/p><\/td><td><p><strong><b>Gewicht (kg)<\/b><\/strong><\/p><\/td><\/tr><tr><td><p>3D III-10<\/p><\/td><td><p>40:1<\/p><\/td><td><p>150<\/p><\/td><td><p>18.5<\/p><\/td><td><p>100<\/p><\/td><td><p>139<\/p><\/td><td><p>99<\/p><\/td><td><p>98<\/p><\/td><td><p>80<\/p><\/td><td><p>42.5<\/p><\/td><td><p>26<\/p><\/td><td><p>48<\/p><\/td><td><p>120<\/p><\/td><td><p>1.45<\/p><\/td><\/tr><tr><td><p>3D III-15<\/p><\/td><td><p>37:1<\/p><\/td><td><p>250<\/p><\/td><td><p>34<\/p><\/td><td><p>120<\/p><\/td><td><p>165<\/p><\/td><td><p>115<\/p><\/td><td><p>115<\/p><\/td><td><p>100<\/p><\/td><td><p>50<\/p><\/td><td><p>27<\/p><\/td><td><p>54<\/p><\/td><td><p>140<\/p><\/td><td><p>1.9<\/p><\/td><\/tr><tr><td><p>3D III-50<\/p><\/td><td><p>45:1<\/p><\/td><td><p>750<\/p><\/td><td><p>83<\/p><\/td><td><p>300<\/p><\/td><td><p>293<\/p><\/td><td><p>220<\/p><\/td><td><p>155<\/p><\/td><td><p>146<\/p><\/td><td><p>60<\/p><\/td><td><p>38<\/p><\/td><td><p>71<\/p><\/td><td><p>300<\/p><\/td><td><p>5.2<\/p><\/td><\/tr><tr><td><p>3D III-120<\/p><\/td><td><p>40:1<\/p><\/td><td><p>1200<\/p><\/td><td><p>150<\/p><\/td><td><p>400<\/p><\/td><td><p>410<\/p><\/td><td><p>323<\/p><\/td><td><p>191<\/p><\/td><td><p>175<\/p><\/td><td><p>80<\/p><\/td><td><p>39.5<\/p><\/td><td><p>80<\/p><\/td><td><p>400<\/p><\/td><td><p>9.2<\/p><\/td><\/tr><\/tbody><\/table>\t\t\t\t\t\t\t\t<\/div>\n\t\t\t\t<\/div>\n\t\t\t\t\t<\/div>\n\t\t\t\t<\/div>\n\t\t\t\t<\/div>","protected":false},"excerpt":{"rendered":"<ul>\n<li><strong>Langlebige Konstruktion:<\/strong>\u00a0Die Schale besteht aus einer Aluminiumlegierung mit einer sch\u00f6nen Oberfl\u00e4chenbehandlung.<\/li>\n<li><strong>Vielseitig einsetzbar:<\/strong>\u00a0Ausgestattet mit Bindemitteln f\u00fcr starke Anpassungsf\u00e4higkeit.<\/li>\n<li><strong>Hohe Leistung:<\/strong>\u00a0Das Schneckengetriebe sorgt f\u00fcr ein hohes Ausgangsdrehmoment und eine zuverl\u00e4ssige Selbsthemmung.<\/li>\n<li><strong>Breite Anwendung:<\/strong>\u00a0Geeignet f\u00fcr 90-Grad-Drehklappen, Kugelh\u00e4hne, K\u00fckenh\u00e4hne, Regelventile und andere Ventilsteuerungen.<\/li>\n<\/ul>","protected":false},"featured_media":16169,"comment_status":"open","ping_status":"closed","template":"","meta":[],"product_brand":[],"product_cat":[105],"product_tag":[],"class_list":{"0":"post-16168","1":"product","2":"type-product","3":"status-publish","4":"has-post-thumbnail","6":"product_cat-quarter-turn-gearboxes","8":"first","9":"instock","10":"shipping-taxable","11":"product-type-simple"},"yoast_head":"<!-- This site is optimized with the Yoast SEO plugin v25.0 - https:\/\/yoast.com\/wordpress\/plugins\/seo\/ -->\n<title>Aluminum Alloy Single-Stage Gearbox - sne-gears.com<\/title>\n<meta name=\"robots\" content=\"index, follow, max-snippet:-1, max-image-preview:large, max-video-preview:-1\" \/>\n<link rel=\"canonical\" href=\"https:\/\/sne-gears.com\/de\/produkt\/aluminum-alloy-single-stage-gearbox\/\" \/>\n<meta property=\"og:locale\" content=\"de_DE\" \/>\n<meta property=\"og:type\" content=\"article\" \/>\n<meta property=\"og:title\" content=\"Aluminum Alloy Single-Stage Gearbox - sne-gears.com\" \/>\n<meta property=\"og:description\" content=\"Durable Construction:\u00a0The shell is made of aluminum alloy with a beautiful surface finish.  Versatile Use:\u00a0Equipped with binders for strong adaptability.  High Performance:\u00a0Utilizes a worm gear and worm transmission pair for large output torque and reliable self-locking.  Wide Application:\u00a0Suitable for 90-degree rotary butterfly valves, ball valves, plug valves, control valves, and other valve controls.\" \/>\n<meta property=\"og:url\" content=\"https:\/\/sne-gears.com\/de\/produkt\/aluminum-alloy-single-stage-gearbox\/\" \/>\n<meta property=\"og:site_name\" content=\"sne-gears.com\" \/>\n<meta property=\"article:modified_time\" content=\"2024-08-14T12:12:26+00:00\" \/>\n<meta property=\"og:image\" content=\"https:\/\/sne-gears.com\/wp-content\/uploads\/2024\/07\/1720507002867.png\" \/>\n\t<meta property=\"og:image:width\" content=\"711\" \/>\n\t<meta property=\"og:image:height\" content=\"424\" \/>\n\t<meta property=\"og:image:type\" content=\"image\/png\" \/>\n<meta name=\"twitter:card\" content=\"summary_large_image\" \/>\n<meta name=\"twitter:label1\" content=\"Gesch\u00e4tzte Lesezeit\" \/>\n\t<meta name=\"twitter:data1\" content=\"1\u00a0Minute\" \/>\n<script type=\"application\/ld+json\" class=\"yoast-schema-graph\">{\"@context\":\"https:\/\/schema.org\",\"@graph\":[{\"@type\":\"WebPage\",\"@id\":\"https:\/\/sne-gears.com\/product\/aluminum-alloy-single-stage-gearbox\/\",\"url\":\"https:\/\/sne-gears.com\/product\/aluminum-alloy-single-stage-gearbox\/\",\"name\":\"Aluminum Alloy Single-Stage Gearbox - sne-gears.com\",\"isPartOf\":{\"@id\":\"https:\/\/sne-gears.com\/#website\"},\"primaryImageOfPage\":{\"@id\":\"https:\/\/sne-gears.com\/product\/aluminum-alloy-single-stage-gearbox\/#primaryimage\"},\"image\":{\"@id\":\"https:\/\/sne-gears.com\/product\/aluminum-alloy-single-stage-gearbox\/#primaryimage\"},\"thumbnailUrl\":\"https:\/\/sne-gears.com\/wp-content\/uploads\/2024\/07\/1720507002867.png\",\"datePublished\":\"2024-07-09T06:37:00+00:00\",\"dateModified\":\"2024-08-14T12:12:26+00:00\",\"breadcrumb\":{\"@id\":\"https:\/\/sne-gears.com\/product\/aluminum-alloy-single-stage-gearbox\/#breadcrumb\"},\"inLanguage\":\"de\",\"potentialAction\":[{\"@type\":\"ReadAction\",\"target\":[\"https:\/\/sne-gears.com\/product\/aluminum-alloy-single-stage-gearbox\/\"]}]},{\"@type\":\"ImageObject\",\"inLanguage\":\"de\",\"@id\":\"https:\/\/sne-gears.com\/product\/aluminum-alloy-single-stage-gearbox\/#primaryimage\",\"url\":\"https:\/\/sne-gears.com\/wp-content\/uploads\/2024\/07\/1720507002867.png\",\"contentUrl\":\"https:\/\/sne-gears.com\/wp-content\/uploads\/2024\/07\/1720507002867.png\",\"width\":711,\"height\":424},{\"@type\":\"BreadcrumbList\",\"@id\":\"https:\/\/sne-gears.com\/product\/aluminum-alloy-single-stage-gearbox\/#breadcrumb\",\"itemListElement\":[{\"@type\":\"ListItem\",\"position\":1,\"name\":\"Home\",\"item\":\"https:\/\/sne-gears.com\/\"},{\"@type\":\"ListItem\",\"position\":2,\"name\":\"Shop\",\"item\":\"https:\/\/sne-gears.com\/shop\/\"},{\"@type\":\"ListItem\",\"position\":3,\"name\":\"Aluminum Alloy Single-Stage Gearbox\"}]},{\"@type\":\"WebSite\",\"@id\":\"https:\/\/sne-gears.com\/#website\",\"url\":\"https:\/\/sne-gears.com\/\",\"name\":\"sne-gears.com\",\"description\":\"\",\"potentialAction\":[{\"@type\":\"SearchAction\",\"target\":{\"@type\":\"EntryPoint\",\"urlTemplate\":\"https:\/\/sne-gears.com\/?s={search_term_string}\"},\"query-input\":{\"@type\":\"PropertyValueSpecification\",\"valueRequired\":true,\"valueName\":\"search_term_string\"}}],\"inLanguage\":\"de\"}]}<\/script>\n<!-- \/ Yoast SEO plugin. -->","yoast_head_json":{"title":"Aluminum Alloy Single-Stage Gearbox - sne-gears.com","robots":{"index":"index","follow":"follow","max-snippet":"max-snippet:-1","max-image-preview":"max-image-preview:large","max-video-preview":"max-video-preview:-1"},"canonical":"https:\/\/sne-gears.com\/de\/produkt\/aluminum-alloy-single-stage-gearbox\/","og_locale":"de_DE","og_type":"article","og_title":"Aluminum Alloy Single-Stage Gearbox - sne-gears.com","og_description":"Durable Construction:\u00a0The shell is made of aluminum alloy with a beautiful surface finish.  Versatile Use:\u00a0Equipped with binders for strong adaptability.  High Performance:\u00a0Utilizes a worm gear and worm transmission pair for large output torque and reliable self-locking.  Wide Application:\u00a0Suitable for 90-degree rotary butterfly valves, ball valves, plug valves, control valves, and other valve controls.","og_url":"https:\/\/sne-gears.com\/de\/produkt\/aluminum-alloy-single-stage-gearbox\/","og_site_name":"sne-gears.com","article_modified_time":"2024-08-14T12:12:26+00:00","og_image":[{"width":711,"height":424,"url":"https:\/\/sne-gears.com\/wp-content\/uploads\/2024\/07\/1720507002867.png","type":"image\/png"}],"twitter_card":"summary_large_image","twitter_misc":{"Gesch\u00e4tzte Lesezeit":"1\u00a0Minute"},"schema":{"@context":"https:\/\/schema.org","@graph":[{"@type":"WebPage","@id":"https:\/\/sne-gears.com\/product\/aluminum-alloy-single-stage-gearbox\/","url":"https:\/\/sne-gears.com\/product\/aluminum-alloy-single-stage-gearbox\/","name":"Aluminum Alloy Single-Stage Gearbox - sne-gears.com","isPartOf":{"@id":"https:\/\/sne-gears.com\/#website"},"primaryImageOfPage":{"@id":"https:\/\/sne-gears.com\/product\/aluminum-alloy-single-stage-gearbox\/#primaryimage"},"image":{"@id":"https:\/\/sne-gears.com\/product\/aluminum-alloy-single-stage-gearbox\/#primaryimage"},"thumbnailUrl":"https:\/\/sne-gears.com\/wp-content\/uploads\/2024\/07\/1720507002867.png","datePublished":"2024-07-09T06:37:00+00:00","dateModified":"2024-08-14T12:12:26+00:00","breadcrumb":{"@id":"https:\/\/sne-gears.com\/product\/aluminum-alloy-single-stage-gearbox\/#breadcrumb"},"inLanguage":"de","potentialAction":[{"@type":"ReadAction","target":["https:\/\/sne-gears.com\/product\/aluminum-alloy-single-stage-gearbox\/"]}]},{"@type":"ImageObject","inLanguage":"de","@id":"https:\/\/sne-gears.com\/product\/aluminum-alloy-single-stage-gearbox\/#primaryimage","url":"https:\/\/sne-gears.com\/wp-content\/uploads\/2024\/07\/1720507002867.png","contentUrl":"https:\/\/sne-gears.com\/wp-content\/uploads\/2024\/07\/1720507002867.png","width":711,"height":424},{"@type":"BreadcrumbList","@id":"https:\/\/sne-gears.com\/product\/aluminum-alloy-single-stage-gearbox\/#breadcrumb","itemListElement":[{"@type":"ListItem","position":1,"name":"Home","item":"https:\/\/sne-gears.com\/"},{"@type":"ListItem","position":2,"name":"Shop","item":"https:\/\/sne-gears.com\/shop\/"},{"@type":"ListItem","position":3,"name":"Aluminum Alloy Single-Stage Gearbox"}]},{"@type":"WebSite","@id":"https:\/\/sne-gears.com\/#website","url":"https:\/\/sne-gears.com\/","name":"sne-gears.com","description":"","potentialAction":[{"@type":"SearchAction","target":{"@type":"EntryPoint","urlTemplate":"https:\/\/sne-gears.com\/?s={search_term_string}"},"query-input":{"@type":"PropertyValueSpecification","valueRequired":true,"valueName":"search_term_string"}}],"inLanguage":"de"}]}},"_links":{"self":[{"href":"https:\/\/sne-gears.com\/de\/wp-json\/wp\/v2\/product\/16168","targetHints":{"allow":["GET"]}}],"collection":[{"href":"https:\/\/sne-gears.com\/de\/wp-json\/wp\/v2\/product"}],"about":[{"href":"https:\/\/sne-gears.com\/de\/wp-json\/wp\/v2\/types\/product"}],"replies":[{"embeddable":true,"href":"https:\/\/sne-gears.com\/de\/wp-json\/wp\/v2\/comments?post=16168"}],"version-history":[{"count":17,"href":"https:\/\/sne-gears.com\/de\/wp-json\/wp\/v2\/product\/16168\/revisions"}],"predecessor-version":[{"id":17996,"href":"https:\/\/sne-gears.com\/de\/wp-json\/wp\/v2\/product\/16168\/revisions\/17996"}],"wp:featuredmedia":[{"embeddable":true,"href":"https:\/\/sne-gears.com\/de\/wp-json\/wp\/v2\/media\/16169"}],"wp:attachment":[{"href":"https:\/\/sne-gears.com\/de\/wp-json\/wp\/v2\/media?parent=16168"}],"wp:term":[{"taxonomy":"product_brand","embeddable":true,"href":"https:\/\/sne-gears.com\/de\/wp-json\/wp\/v2\/product_brand?post=16168"},{"taxonomy":"product_cat","embeddable":true,"href":"https:\/\/sne-gears.com\/de\/wp-json\/wp\/v2\/product_cat?post=16168"},{"taxonomy":"product_tag","embeddable":true,"href":"https:\/\/sne-gears.com\/de\/wp-json\/wp\/v2\/product_tag?post=16168"}],"curies":[{"name":"wp","href":"https:\/\/api.w.org\/{rel}","templated":true}]}}