{"id":16178,"date":"2024-07-09T12:35:47","date_gmt":"2024-07-09T12:35:47","guid":{"rendered":"https:\/\/sne-gears.com\/?post_type=product&#038;p=16178"},"modified":"2024-08-14T12:10:59","modified_gmt":"2024-08-14T12:10:59","slug":"m00-double-stage-manual-operation","status":"publish","type":"product","link":"https:\/\/sne-gears.com\/de\/produkt\/m00-double-stage-manual-operation\/","title":{"rendered":"M00 Zweistufiger Handbetrieb"},"content":{"rendered":"<div data-elementor-type=\"wp-post\" data-elementor-id=\"16178\" class=\"elementor elementor-16178\">\n\t\t\t\t<div class=\"elementor-element elementor-element-7e6ed05 e-flex e-con-boxed e-con e-parent\" data-id=\"7e6ed05\" data-element_type=\"container\">\n\t\t\t\t\t<div class=\"e-con-inner\">\n\t\t\t\t<div class=\"elementor-element elementor-element-885151e elementor-widget elementor-widget-image\" data-id=\"885151e\" data-element_type=\"widget\" data-widget_type=\"image.default\">\n\t\t\t\t<div class=\"elementor-widget-container\">\n\t\t\t\t\t\t\t\t\t\t\t\t\t\t\t<img fetchpriority=\"high\" decoding=\"async\" width=\"1536\" height=\"738\" src=\"data:image\/gif;base64,R0lGODlhAQABAIAAAAAAAP\/\/\/yH5BAEAAAAALAAAAAABAAEAAAIBRAA7\" data-src=\"https:\/\/sne-gears.com\/wp-content\/uploads\/2024\/07\/MOO\u578b\u4f20\u52a8\u88c5\u7f6e\uff08\u4e8c\u7ea7\uff09\u5c3a\u5bf8\u56fe-1536x738.jpeg\" class=\"attachment-1536x1536 size-1536x1536 wp-image-17071 lazyload\" alt=\"\" data-srcset=\"https:\/\/sne-gears.com\/wp-content\/uploads\/2024\/07\/MOO\u578b\u4f20\u52a8\u88c5\u7f6e\uff08\u4e8c\u7ea7\uff09\u5c3a\u5bf8\u56fe-1536x738.jpeg 1536w, https:\/\/sne-gears.com\/wp-content\/uploads\/2024\/07\/MOO\u578b\u4f20\u52a8\u88c5\u7f6e\uff08\u4e8c\u7ea7\uff09\u5c3a\u5bf8\u56fe-400x192.jpeg 400w, https:\/\/sne-gears.com\/wp-content\/uploads\/2024\/07\/MOO\u578b\u4f20\u52a8\u88c5\u7f6e\uff08\u4e8c\u7ea7\uff09\u5c3a\u5bf8\u56fe-1300x625.jpeg 1300w, https:\/\/sne-gears.com\/wp-content\/uploads\/2024\/07\/MOO\u578b\u4f20\u52a8\u88c5\u7f6e\uff08\u4e8c\u7ea7\uff09\u5c3a\u5bf8\u56fe-768x369.jpeg 768w, https:\/\/sne-gears.com\/wp-content\/uploads\/2024\/07\/MOO\u578b\u4f20\u52a8\u88c5\u7f6e\uff08\u4e8c\u7ea7\uff09\u5c3a\u5bf8\u56fe-18x9.jpeg 18w, https:\/\/sne-gears.com\/wp-content\/uploads\/2024\/07\/MOO\u578b\u4f20\u52a8\u88c5\u7f6e\uff08\u4e8c\u7ea7\uff09\u5c3a\u5bf8\u56fe-430x207.jpeg 430w, https:\/\/sne-gears.com\/wp-content\/uploads\/2024\/07\/MOO\u578b\u4f20\u52a8\u88c5\u7f6e\uff08\u4e8c\u7ea7\uff09\u5c3a\u5bf8\u56fe-700x336.jpeg 700w, https:\/\/sne-gears.com\/wp-content\/uploads\/2024\/07\/MOO\u578b\u4f20\u52a8\u88c5\u7f6e\uff08\u4e8c\u7ea7\uff09\u5c3a\u5bf8\u56fe-150x72.jpeg 150w, https:\/\/sne-gears.com\/wp-content\/uploads\/2024\/07\/MOO\u578b\u4f20\u52a8\u88c5\u7f6e\uff08\u4e8c\u7ea7\uff09\u5c3a\u5bf8\u56fe.jpeg 1575w\" sizes=\"(max-width: 1536px) 100vw, 1536px\" \/><noscript><img decoding=\"async\" width=\"1536\" height=\"738\" src=\"https:\/\/sne-gears.com\/wp-content\/uploads\/2024\/07\/MOO\u578b\u4f20\u52a8\u88c5\u7f6e\uff08\u4e8c\u7ea7\uff09\u5c3a\u5bf8\u56fe-1536x738.jpeg\" class=\"attachment-1536x1536 size-1536x1536 wp-image-17071 lazyload\" alt=\"\" srcset=\"https:\/\/sne-gears.com\/wp-content\/uploads\/2024\/07\/MOO\u578b\u4f20\u52a8\u88c5\u7f6e\uff08\u4e8c\u7ea7\uff09\u5c3a\u5bf8\u56fe-1536x738.jpeg 1536w, https:\/\/sne-gears.com\/wp-content\/uploads\/2024\/07\/MOO\u578b\u4f20\u52a8\u88c5\u7f6e\uff08\u4e8c\u7ea7\uff09\u5c3a\u5bf8\u56fe-400x192.jpeg 400w, https:\/\/sne-gears.com\/wp-content\/uploads\/2024\/07\/MOO\u578b\u4f20\u52a8\u88c5\u7f6e\uff08\u4e8c\u7ea7\uff09\u5c3a\u5bf8\u56fe-1300x625.jpeg 1300w, https:\/\/sne-gears.com\/wp-content\/uploads\/2024\/07\/MOO\u578b\u4f20\u52a8\u88c5\u7f6e\uff08\u4e8c\u7ea7\uff09\u5c3a\u5bf8\u56fe-768x369.jpeg 768w, https:\/\/sne-gears.com\/wp-content\/uploads\/2024\/07\/MOO\u578b\u4f20\u52a8\u88c5\u7f6e\uff08\u4e8c\u7ea7\uff09\u5c3a\u5bf8\u56fe-18x9.jpeg 18w, https:\/\/sne-gears.com\/wp-content\/uploads\/2024\/07\/MOO\u578b\u4f20\u52a8\u88c5\u7f6e\uff08\u4e8c\u7ea7\uff09\u5c3a\u5bf8\u56fe-430x207.jpeg 430w, https:\/\/sne-gears.com\/wp-content\/uploads\/2024\/07\/MOO\u578b\u4f20\u52a8\u88c5\u7f6e\uff08\u4e8c\u7ea7\uff09\u5c3a\u5bf8\u56fe-700x336.jpeg 700w, https:\/\/sne-gears.com\/wp-content\/uploads\/2024\/07\/MOO\u578b\u4f20\u52a8\u88c5\u7f6e\uff08\u4e8c\u7ea7\uff09\u5c3a\u5bf8\u56fe-150x72.jpeg 150w, https:\/\/sne-gears.com\/wp-content\/uploads\/2024\/07\/MOO\u578b\u4f20\u52a8\u88c5\u7f6e\uff08\u4e8c\u7ea7\uff09\u5c3a\u5bf8\u56fe.jpeg 1575w\" sizes=\"(max-width: 1536px) 100vw, 1536px\" \/><\/noscript>\t\t\t\t\t\t\t\t\t\t\t\t\t\t\t<\/div>\n\t\t\t\t<\/div>\n\t\t\t\t\t<\/div>\n\t\t\t\t<\/div>\n\t\t<div class=\"elementor-element elementor-element-3a57a62 e-flex e-con-boxed e-con e-parent\" data-id=\"3a57a62\" data-element_type=\"container\">\n\t\t\t\t\t<div class=\"e-con-inner\">\n\t\t\t\t<div class=\"elementor-element elementor-element-f0dd2bc elementor-widget elementor-widget-heading\" data-id=\"f0dd2bc\" data-element_type=\"widget\" data-widget_type=\"heading.default\">\n\t\t\t\t<div class=\"elementor-widget-container\">\n\t\t\t\t\t<h2 class=\"elementor-heading-title elementor-size-default\">Abmessungen Tabelle<\/h2>\t\t\t\t<\/div>\n\t\t\t\t<\/div>\n\t\t\t\t\t<\/div>\n\t\t\t\t<\/div>\n\t\t<div class=\"elementor-element elementor-element-0697e80 e-flex e-con-boxed e-con e-parent\" data-id=\"0697e80\" data-element_type=\"container\">\n\t\t\t\t\t<div class=\"e-con-inner\">\n\t\t\t\t<div class=\"elementor-element elementor-element-f2768be color-scheme-inherit text-left elementor-widget elementor-widget-text-editor\" data-id=\"f2768be\" data-element_type=\"widget\" data-widget_type=\"text-editor.default\">\n\t\t\t\t<div class=\"elementor-widget-container\">\n\t\t\t\t\t\t\t\t\t<table><tbody><tr><td><p><strong><b>Modell<\/b><\/strong><\/p><\/td><td><p><strong><b>d<\/b><\/strong><\/p><\/td><td><p><strong><b>b<\/b><\/strong><\/p><\/td><td><p><strong><b>t<\/b><\/strong><\/p><\/td><td><p><strong><b>D1<\/b><\/strong><\/p><\/td><td><p><strong><b>n-M<\/b><\/strong><\/p><\/td><td><p><strong><b>A<\/b><\/strong><\/p><\/td><td><p><strong><b>B<\/b><\/strong><\/p><\/td><td><p><strong><b>C<\/b><\/strong><\/p><\/td><td><p><strong><b>D<\/b><\/strong><\/p><\/td><td><p><strong><b>E<\/b><\/strong><\/p><\/td><td><p><strong><b>F<\/b><\/strong><\/p><\/td><td><p><strong><b>G<\/b><\/strong><\/p><\/td><td><p><strong><b>\u03a6<\/b><\/strong><\/p><\/td><td><p><strong><b>H<\/b><\/strong><\/p><\/td><td><p><strong><b>h<\/b><\/strong><\/p><\/td><\/tr><tr><td><p>M16B<\/p><\/td><td><p>55<\/p><\/td><td><p>16<\/p><\/td><td><p>63.6<\/p><\/td><td><p>165<\/p><\/td><td><p>4-M20<\/p><\/td><td><p>403<\/p><\/td><td><p>310<\/p><\/td><td><p>250<\/p><\/td><td><p>210<\/p><\/td><td><p>124<\/p><\/td><td><p>83<\/p><\/td><td><p>162<\/p><\/td><td><p>500<\/p><\/td><td><p>113<\/p><\/td><td><p>57<\/p><\/td><\/tr><tr><td><p>M36\/S5<\/p><\/td><td><p>65<\/p><\/td><td><p>16<\/p><\/td><td><p>73.6<\/p><\/td><td><p>254<\/p><\/td><td><p>8-M20<\/p><\/td><td><p>448<\/p><\/td><td><p>380<\/p><\/td><td><p>286<\/p><\/td><td><p>310<\/p><\/td><td><p>138<\/p><\/td><td><p>89<\/p><\/td><td><p>171<\/p><\/td><td><p>500<\/p><\/td><td><p>130<\/p><\/td><td><p>73<\/p><\/td><\/tr><tr><td><p>M50\/S5<\/p><\/td><td><p>75<\/p><\/td><td><p>20<\/p><\/td><td><p>84.8<\/p><\/td><td><p>254<\/p><\/td><td><p>8-M16<\/p><\/td><td><p>480<\/p><\/td><td><p>446<\/p><\/td><td><p>355<\/p><\/td><td><p>355<\/p><\/td><td><p>181<\/p><\/td><td><p>89<\/p><\/td><td><p>171<\/p><\/td><td><p>500<\/p><\/td><td><p>160<\/p><\/td><td><p>80<\/p><\/td><\/tr><tr><td><p>M50\/D12<\/p><\/td><td><p>85<\/p><\/td><td><p>22<\/p><\/td><td><p>95.8<\/p><\/td><td><p>254<\/p><\/td><td><p>8-M16<\/p><\/td><td><p>555<\/p><\/td><td><p>440<\/p><\/td><td><p>355<\/p><\/td><td><p>355<\/p><\/td><td><p>181<\/p><\/td><td><p>151<\/p><\/td><td><p>152<\/p><\/td><td><p>600<\/p><\/td><td><p>160<\/p><\/td><td><p>80<\/p><\/td><\/tr><tr><td><p>M60\/D12<\/p><\/td><td><p>120<\/p><\/td><td><p>32<\/p><\/td><td><p>134.8<\/p><\/td><td><p>298<\/p><\/td><td><p>8-M20<\/p><\/td><td><p>616<\/p><\/td><td><p>528<\/p><\/td><td><p>463<\/p><\/td><td><p>415<\/p><\/td><td><p>237<\/p><\/td><td><p>151<\/p><\/td><td><p>152<\/p><\/td><td><p>700<\/p><\/td><td><p>165<\/p><\/td><td><p>82<\/p><\/td><\/tr><tr><td><p>M65\/D12<\/p><\/td><td><p>120<\/p><\/td><td><p>32<\/p><\/td><td><p>134.8<\/p><\/td><td><p>356<\/p><\/td><td><p>8-M30<\/p><\/td><td><p>648<\/p><\/td><td><p>572<\/p><\/td><td><p>558<\/p><\/td><td><p>415<\/p><\/td><td><p>282<\/p><\/td><td><p>151<\/p><\/td><td><p>152<\/p><\/td><td><p>700<\/p><\/td><td><p>172<\/p><\/td><td><p>84<\/p><\/td><\/tr><tr><td><p>M70\/D18<\/p><\/td><td><p>120<\/p><\/td><td><p>32<\/p><\/td><td><p>134.8<\/p><\/td><td><p>356<\/p><\/td><td><p>8-M30<\/p><\/td><td><p>686<\/p><\/td><td><p>657<\/p><\/td><td><p>610<\/p><\/td><td><p>475<\/p><\/td><td><p>309<\/p><\/td><td><p>192<\/p><\/td><td><p>193<\/p><\/td><td><p>700<\/p><\/td><td><p>225<\/p><\/td><td><p>107<\/p><\/td><\/tr><tr><td><p>M75\/D18<\/p><\/td><td><p>150<\/p><\/td><td><p>36<\/p><\/td><td><p>166.8<\/p><\/td><td><p>406<\/p><\/td><td><p>8-M36<\/p><\/td><td><p>706<\/p><\/td><td><p>697<\/p><\/td><td><p>692<\/p><\/td><td><p>475<\/p><\/td><td><p>349<\/p><\/td><td><p>192<\/p><\/td><td><p>193<\/p><\/td><td><p>700<\/p><\/td><td><p>231<\/p><\/td><td><p>110<\/p><\/td><\/tr><tr><td><p>M80\/D21<\/p><\/td><td><p>150<\/p><\/td><td><p>36<\/p><\/td><td><p>166.8<\/p><\/td><td><p>406<\/p><\/td><td><p>8-M36<\/p><\/td><td><p>826<\/p><\/td><td><p>760<\/p><\/td><td><p>760<\/p><\/td><td><p>560<\/p><\/td><td><p>391<\/p><\/td><td><p>264<\/p><\/td><td><p>266<\/p><\/td><td><p>800<\/p><\/td><td><p>270<\/p><\/td><td><p>130<\/p><\/td><\/tr><tr><td><p>M91\/D28<\/p><\/td><td><p>180<\/p><\/td><td><p>45<\/p><\/td><td><p>200.8<\/p><\/td><td><p>483<\/p><\/td><td><p>12-M36<\/p><\/td><td><p>909<\/p><\/td><td><p>1003<\/p><\/td><td><p>968<\/p><\/td><td><p>686<\/p><\/td><td><p>491<\/p><\/td><td><p>298<\/p><\/td><td><p>338<\/p><\/td><td><p>800<\/p><\/td><td><p>300<\/p><\/td><td><p>138<\/p><\/td><\/tr><\/tbody><\/table>\t\t\t\t\t\t\t\t<\/div>\n\t\t\t\t<\/div>\n\t\t\t\t\t<\/div>\n\t\t\t\t<\/div>\n\t\t<div class=\"elementor-element elementor-element-6831a46 e-flex e-con-boxed e-con e-parent\" data-id=\"6831a46\" data-element_type=\"container\">\n\t\t\t\t\t<div class=\"e-con-inner\">\n\t\t\t\t<div class=\"elementor-element elementor-element-671bf80 elementor-widget elementor-widget-heading\" data-id=\"671bf80\" data-element_type=\"widget\" data-widget_type=\"heading.default\">\n\t\t\t\t<div class=\"elementor-widget-container\">\n\t\t\t\t\t<h2 class=\"elementor-heading-title elementor-size-default\">Technische Parameter<\/h2>\t\t\t\t<\/div>\n\t\t\t\t<\/div>\n\t\t\t\t\t<\/div>\n\t\t\t\t<\/div>\n\t\t<div class=\"elementor-element elementor-element-95f20b2 e-flex e-con-boxed e-con e-parent\" data-id=\"95f20b2\" data-element_type=\"container\">\n\t\t\t\t\t<div class=\"e-con-inner\">\n\t\t\t\t<div class=\"elementor-element elementor-element-f13028f color-scheme-inherit text-left elementor-widget elementor-widget-text-editor\" data-id=\"f13028f\" data-element_type=\"widget\" data-widget_type=\"text-editor.default\">\n\t\t\t\t<div class=\"elementor-widget-container\">\n\t\t\t\t\t\t\t\t\t<table style=\"color: #333333; font-size: 16px;\"><thead><tr><th>Modell<\/th><th>Nenndrehmoment (N-m)<\/th><th>Ratio<\/th><th>Eingangsdrehmoment (N-m)<\/th><th>Lochgr\u00f6\u00dfe Max (mm)<\/th><th>Montageflansch (min\/max)<\/th><th>Handrad (mm)<\/th><th>Gewicht (kg)<\/th><\/tr><\/thead><tbody><tr><td>M16B<\/td><td>4400<\/td><td>170:1<\/td><td>130<\/td><td>75<\/td><td>F14 \\ F16<\/td><td>500<\/td><td>44<\/td><\/tr><tr><td>M36\/S5<\/td><td>8000<\/td><td>210:1<\/td><td>180<\/td><td>85<\/td><td>F16 \\ F25<\/td><td>500<\/td><td>66<\/td><\/tr><tr><td>M50\/S5<\/td><td>11000<\/td><td>250:1<\/td><td>180<\/td><td>110<\/td><td>F25 \\ F30<\/td><td>500<\/td><td>109<\/td><\/tr><tr><td>M50\/D12<\/td><td>16000<\/td><td>612:1<\/td><td>190<\/td><td>110<\/td><td>F25 \\ F30<\/td><td>600<\/td><td>122<\/td><\/tr><tr><td>M60\/D12<\/td><td>24000<\/td><td>720:1<\/td><td>220<\/td><td>160<\/td><td>F30 \\ F35<\/td><td>700<\/td><td>188<\/td><\/tr><tr><td>M65\/D12<\/td><td>35000<\/td><td>882:1<\/td><td>230<\/td><td>160<\/td><td>F30 \\ F35<\/td><td>700<\/td><td>255<\/td><\/tr><tr><td>M70\/D18<\/td><td>50000<\/td><td>1360:1<\/td><td>320<\/td><td>160<\/td><td>F30 \\ F35 \\ F40<\/td><td>700<\/td><td>370<\/td><\/tr><tr><td>M75\/D18<\/td><td>70000<\/td><td>1430:1<\/td><td>320<\/td><td>180<\/td><td>F35 \\ F40<\/td><td>700<\/td><td>440<\/td><\/tr><tr><td>M80\/D21<\/td><td>100000<\/td><td>1800:1<\/td><td>320<\/td><td>180<\/td><td>F35 \\ F40 \\ F48<\/td><td>800<\/td><td>700<\/td><\/tr><tr><td>M90\/D28<\/td><td>160000<\/td><td>2430:1<\/td><td>320<\/td><td>240<\/td><td>F48 \\ F60<\/td><td>800<\/td><td>1100<\/td><\/tr><\/tbody><\/table>\t\t\t\t\t\t\t\t<\/div>\n\t\t\t\t<\/div>\n\t\t\t\t\t<\/div>\n\t\t\t\t<\/div>\n\t\t\t\t<\/div>","protected":false},"excerpt":{"rendered":"<ul>\n<li><strong>Kompakt und leicht<\/strong>: Geringe Gr\u00f6\u00dfe und geringes Gewicht f\u00fcr einfache Handhabung und Installation.<\/li>\n<li><strong>Hohes Ausgangsdrehmoment<\/strong>: Gro\u00dfes Ausgangsdrehmoment f\u00fcr starke Leistung.<\/li>\n<li><strong>Rationale Struktur<\/strong>: Mit einer vern\u00fcnftigen Struktur f\u00fcr erh\u00f6hte Zuverl\u00e4ssigkeit entworfen.<\/li>\n<li><strong>Selbsthalteverm\u00f6gen<\/strong>: Bietet eine zuverl\u00e4ssige Selbsthaltefunktion f\u00fcr einen sicheren Betrieb.<\/li>\n<li><strong>Optionale Verriegelungsvorrichtung<\/strong>: Kann mit einer zus\u00e4tzlichen Verriegelung ausgestattet werden, um unbefugten Zugriff zu verhindern.<\/li>\n<li><strong>Geeignet f\u00fcr 90\u00b0 drehbare Ventile<\/strong>: Ideal f\u00fcr die Steuerung von Absperrklappen, Kugelh\u00e4hnen, K\u00fckenh\u00e4hnen und anderen Ventilen, die eine 90\u00b0-Drehung erfordern.<\/li>\n<\/ul>","protected":false},"featured_media":16179,"comment_status":"open","ping_status":"closed","template":"","meta":[],"product_brand":[],"product_cat":[100,105],"product_tag":[],"class_list":{"0":"post-16178","1":"product","2":"type-product","3":"status-publish","4":"has-post-thumbnail","6":"product_cat-gearbox","7":"product_cat-quarter-turn-gearboxes","9":"first","10":"instock","11":"shipping-taxable","12":"product-type-simple"},"yoast_head":"<!-- This site is optimized with the Yoast SEO plugin v25.0 - https:\/\/yoast.com\/wordpress\/plugins\/seo\/ -->\n<title>M00 Double-Stage Manual Operation - sne-gears.com<\/title>\n<meta name=\"robots\" content=\"index, follow, max-snippet:-1, max-image-preview:large, max-video-preview:-1\" \/>\n<link rel=\"canonical\" href=\"https:\/\/sne-gears.com\/de\/produkt\/m00-double-stage-manual-operation\/\" \/>\n<meta property=\"og:locale\" content=\"de_DE\" \/>\n<meta property=\"og:type\" content=\"article\" \/>\n<meta property=\"og:title\" content=\"M00 Double-Stage Manual Operation - sne-gears.com\" \/>\n<meta property=\"og:description\" content=\"Compact &amp; Lightweight: Features a small size and light weight for easy handling and installation.  High Output Torque: Delivers large output torque for powerful performance.  Rational Structure: Designed with a reasonable structure for enhanced reliability.  Self-Holding Capacity: Provides reliable self-holding capability to ensure secure operation.  Optional Locking Device: Can be equipped with an additional locking device to prevent unauthorized access.  Suitable for 90\u00b0 Rotation Valves: Ideal for controlling butterfly valves, ball valves, plug valves, and other valves requiring 90\u00b0 rotation.\" \/>\n<meta property=\"og:url\" content=\"https:\/\/sne-gears.com\/de\/produkt\/m00-double-stage-manual-operation\/\" \/>\n<meta property=\"og:site_name\" content=\"sne-gears.com\" \/>\n<meta property=\"article:modified_time\" content=\"2024-08-14T12:10:59+00:00\" \/>\n<meta property=\"og:image\" content=\"https:\/\/sne-gears.com\/wp-content\/uploads\/2024\/07\/1720528355557.png\" \/>\n\t<meta property=\"og:image:width\" content=\"711\" \/>\n\t<meta property=\"og:image:height\" content=\"424\" \/>\n\t<meta property=\"og:image:type\" content=\"image\/png\" \/>\n<meta name=\"twitter:card\" content=\"summary_large_image\" \/>\n<meta name=\"twitter:label1\" content=\"Gesch\u00e4tzte Lesezeit\" \/>\n\t<meta name=\"twitter:data1\" content=\"2\u00a0Minuten\" \/>\n<script type=\"application\/ld+json\" class=\"yoast-schema-graph\">{\"@context\":\"https:\/\/schema.org\",\"@graph\":[{\"@type\":\"WebPage\",\"@id\":\"https:\/\/sne-gears.com\/product\/m00-double-stage-manual-operation\/\",\"url\":\"https:\/\/sne-gears.com\/product\/m00-double-stage-manual-operation\/\",\"name\":\"M00 Double-Stage Manual Operation - sne-gears.com\",\"isPartOf\":{\"@id\":\"https:\/\/sne-gears.com\/#website\"},\"primaryImageOfPage\":{\"@id\":\"https:\/\/sne-gears.com\/product\/m00-double-stage-manual-operation\/#primaryimage\"},\"image\":{\"@id\":\"https:\/\/sne-gears.com\/product\/m00-double-stage-manual-operation\/#primaryimage\"},\"thumbnailUrl\":\"https:\/\/sne-gears.com\/wp-content\/uploads\/2024\/07\/1720528355557.png\",\"datePublished\":\"2024-07-09T12:35:47+00:00\",\"dateModified\":\"2024-08-14T12:10:59+00:00\",\"breadcrumb\":{\"@id\":\"https:\/\/sne-gears.com\/product\/m00-double-stage-manual-operation\/#breadcrumb\"},\"inLanguage\":\"de\",\"potentialAction\":[{\"@type\":\"ReadAction\",\"target\":[\"https:\/\/sne-gears.com\/product\/m00-double-stage-manual-operation\/\"]}]},{\"@type\":\"ImageObject\",\"inLanguage\":\"de\",\"@id\":\"https:\/\/sne-gears.com\/product\/m00-double-stage-manual-operation\/#primaryimage\",\"url\":\"https:\/\/sne-gears.com\/wp-content\/uploads\/2024\/07\/1720528355557.png\",\"contentUrl\":\"https:\/\/sne-gears.com\/wp-content\/uploads\/2024\/07\/1720528355557.png\",\"width\":711,\"height\":424},{\"@type\":\"BreadcrumbList\",\"@id\":\"https:\/\/sne-gears.com\/product\/m00-double-stage-manual-operation\/#breadcrumb\",\"itemListElement\":[{\"@type\":\"ListItem\",\"position\":1,\"name\":\"Home\",\"item\":\"https:\/\/sne-gears.com\/\"},{\"@type\":\"ListItem\",\"position\":2,\"name\":\"Shop\",\"item\":\"https:\/\/sne-gears.com\/shop\/\"},{\"@type\":\"ListItem\",\"position\":3,\"name\":\"M00 Double-Stage Manual Operation\"}]},{\"@type\":\"WebSite\",\"@id\":\"https:\/\/sne-gears.com\/#website\",\"url\":\"https:\/\/sne-gears.com\/\",\"name\":\"sne-gears.com\",\"description\":\"\",\"potentialAction\":[{\"@type\":\"SearchAction\",\"target\":{\"@type\":\"EntryPoint\",\"urlTemplate\":\"https:\/\/sne-gears.com\/?s={search_term_string}\"},\"query-input\":{\"@type\":\"PropertyValueSpecification\",\"valueRequired\":true,\"valueName\":\"search_term_string\"}}],\"inLanguage\":\"de\"}]}<\/script>\n<!-- \/ Yoast SEO plugin. -->","yoast_head_json":{"title":"M00 Double-Stage Manual Operation - sne-gears.com","robots":{"index":"index","follow":"follow","max-snippet":"max-snippet:-1","max-image-preview":"max-image-preview:large","max-video-preview":"max-video-preview:-1"},"canonical":"https:\/\/sne-gears.com\/de\/produkt\/m00-double-stage-manual-operation\/","og_locale":"de_DE","og_type":"article","og_title":"M00 Double-Stage Manual Operation - sne-gears.com","og_description":"Compact &amp; Lightweight: Features a small size and light weight for easy handling and installation.  High Output Torque: Delivers large output torque for powerful performance.  Rational Structure: Designed with a reasonable structure for enhanced reliability.  Self-Holding Capacity: Provides reliable self-holding capability to ensure secure operation.  Optional Locking Device: Can be equipped with an additional locking device to prevent unauthorized access.  Suitable for 90\u00b0 Rotation Valves: Ideal for controlling butterfly valves, ball valves, plug valves, and other valves requiring 90\u00b0 rotation.","og_url":"https:\/\/sne-gears.com\/de\/produkt\/m00-double-stage-manual-operation\/","og_site_name":"sne-gears.com","article_modified_time":"2024-08-14T12:10:59+00:00","og_image":[{"width":711,"height":424,"url":"https:\/\/sne-gears.com\/wp-content\/uploads\/2024\/07\/1720528355557.png","type":"image\/png"}],"twitter_card":"summary_large_image","twitter_misc":{"Gesch\u00e4tzte Lesezeit":"2\u00a0Minuten"},"schema":{"@context":"https:\/\/schema.org","@graph":[{"@type":"WebPage","@id":"https:\/\/sne-gears.com\/product\/m00-double-stage-manual-operation\/","url":"https:\/\/sne-gears.com\/product\/m00-double-stage-manual-operation\/","name":"M00 Double-Stage Manual Operation - sne-gears.com","isPartOf":{"@id":"https:\/\/sne-gears.com\/#website"},"primaryImageOfPage":{"@id":"https:\/\/sne-gears.com\/product\/m00-double-stage-manual-operation\/#primaryimage"},"image":{"@id":"https:\/\/sne-gears.com\/product\/m00-double-stage-manual-operation\/#primaryimage"},"thumbnailUrl":"https:\/\/sne-gears.com\/wp-content\/uploads\/2024\/07\/1720528355557.png","datePublished":"2024-07-09T12:35:47+00:00","dateModified":"2024-08-14T12:10:59+00:00","breadcrumb":{"@id":"https:\/\/sne-gears.com\/product\/m00-double-stage-manual-operation\/#breadcrumb"},"inLanguage":"de","potentialAction":[{"@type":"ReadAction","target":["https:\/\/sne-gears.com\/product\/m00-double-stage-manual-operation\/"]}]},{"@type":"ImageObject","inLanguage":"de","@id":"https:\/\/sne-gears.com\/product\/m00-double-stage-manual-operation\/#primaryimage","url":"https:\/\/sne-gears.com\/wp-content\/uploads\/2024\/07\/1720528355557.png","contentUrl":"https:\/\/sne-gears.com\/wp-content\/uploads\/2024\/07\/1720528355557.png","width":711,"height":424},{"@type":"BreadcrumbList","@id":"https:\/\/sne-gears.com\/product\/m00-double-stage-manual-operation\/#breadcrumb","itemListElement":[{"@type":"ListItem","position":1,"name":"Home","item":"https:\/\/sne-gears.com\/"},{"@type":"ListItem","position":2,"name":"Shop","item":"https:\/\/sne-gears.com\/shop\/"},{"@type":"ListItem","position":3,"name":"M00 Double-Stage Manual Operation"}]},{"@type":"WebSite","@id":"https:\/\/sne-gears.com\/#website","url":"https:\/\/sne-gears.com\/","name":"sne-gears.com","description":"","potentialAction":[{"@type":"SearchAction","target":{"@type":"EntryPoint","urlTemplate":"https:\/\/sne-gears.com\/?s={search_term_string}"},"query-input":{"@type":"PropertyValueSpecification","valueRequired":true,"valueName":"search_term_string"}}],"inLanguage":"de"}]}},"_links":{"self":[{"href":"https:\/\/sne-gears.com\/de\/wp-json\/wp\/v2\/product\/16178","targetHints":{"allow":["GET"]}}],"collection":[{"href":"https:\/\/sne-gears.com\/de\/wp-json\/wp\/v2\/product"}],"about":[{"href":"https:\/\/sne-gears.com\/de\/wp-json\/wp\/v2\/types\/product"}],"replies":[{"embeddable":true,"href":"https:\/\/sne-gears.com\/de\/wp-json\/wp\/v2\/comments?post=16178"}],"version-history":[{"count":32,"href":"https:\/\/sne-gears.com\/de\/wp-json\/wp\/v2\/product\/16178\/revisions"}],"predecessor-version":[{"id":17990,"href":"https:\/\/sne-gears.com\/de\/wp-json\/wp\/v2\/product\/16178\/revisions\/17990"}],"wp:featuredmedia":[{"embeddable":true,"href":"https:\/\/sne-gears.com\/de\/wp-json\/wp\/v2\/media\/16179"}],"wp:attachment":[{"href":"https:\/\/sne-gears.com\/de\/wp-json\/wp\/v2\/media?parent=16178"}],"wp:term":[{"taxonomy":"product_brand","embeddable":true,"href":"https:\/\/sne-gears.com\/de\/wp-json\/wp\/v2\/product_brand?post=16178"},{"taxonomy":"product_cat","embeddable":true,"href":"https:\/\/sne-gears.com\/de\/wp-json\/wp\/v2\/product_cat?post=16178"},{"taxonomy":"product_tag","embeddable":true,"href":"https:\/\/sne-gears.com\/de\/wp-json\/wp\/v2\/product_tag?post=16178"}],"curies":[{"name":"wp","href":"https:\/\/api.w.org\/{rel}","templated":true}]}}