{"id":16196,"date":"2024-07-09T12:56:09","date_gmt":"2024-07-09T12:56:09","guid":{"rendered":"https:\/\/sne-gears.com\/?post_type=product&#038;p=16196"},"modified":"2024-08-14T12:08:51","modified_gmt":"2024-08-14T12:08:51","slug":"m00-ip67-type-gearbox","status":"publish","type":"product","link":"https:\/\/sne-gears.com\/de\/produkt\/m00-ip67-type-gearbox\/","title":{"rendered":"M00 IP67 Typ Getriebe"},"content":{"rendered":"<div data-elementor-type=\"wp-post\" data-elementor-id=\"16196\" class=\"elementor elementor-16196\">\n\t\t\t\t<div class=\"elementor-element elementor-element-25a856d e-flex e-con-boxed e-con e-parent\" data-id=\"25a856d\" data-element_type=\"container\">\n\t\t\t\t\t<div class=\"e-con-inner\">\n\t\t\t\t<div class=\"elementor-element elementor-element-decbc69 elementor-widget elementor-widget-image\" data-id=\"decbc69\" data-element_type=\"widget\" data-widget_type=\"image.default\">\n\t\t\t\t<div class=\"elementor-widget-container\">\n\t\t\t\t\t\t\t\t\t\t\t\t\t\t\t<img fetchpriority=\"high\" decoding=\"async\" width=\"1300\" height=\"669\" src=\"data:image\/gif;base64,R0lGODlhAQABAIAAAAAAAP\/\/\/yH5BAEAAAAALAAAAAABAAEAAAIBRAA7\" data-src=\"https:\/\/sne-gears.com\/wp-content\/uploads\/2024\/07\/228-1300x669.jpg\" class=\"attachment-large size-large wp-image-17779 lazyload\" alt=\"\" data-srcset=\"https:\/\/sne-gears.com\/wp-content\/uploads\/2024\/07\/228-1300x669.jpg 1300w, https:\/\/sne-gears.com\/wp-content\/uploads\/2024\/07\/228-400x206.jpg 400w, https:\/\/sne-gears.com\/wp-content\/uploads\/2024\/07\/228-768x395.jpg 768w, https:\/\/sne-gears.com\/wp-content\/uploads\/2024\/07\/228-1536x790.jpg 1536w, https:\/\/sne-gears.com\/wp-content\/uploads\/2024\/07\/228-18x9.jpg 18w, https:\/\/sne-gears.com\/wp-content\/uploads\/2024\/07\/228-430x221.jpg 430w, https:\/\/sne-gears.com\/wp-content\/uploads\/2024\/07\/228-700x360.jpg 700w, https:\/\/sne-gears.com\/wp-content\/uploads\/2024\/07\/228-150x77.jpg 150w, https:\/\/sne-gears.com\/wp-content\/uploads\/2024\/07\/228.jpg 2016w\" sizes=\"(max-width: 1300px) 100vw, 1300px\" \/><noscript><img decoding=\"async\" width=\"1300\" height=\"669\" src=\"https:\/\/sne-gears.com\/wp-content\/uploads\/2024\/07\/228-1300x669.jpg\" class=\"attachment-large size-large wp-image-17779 lazyload\" alt=\"\" srcset=\"https:\/\/sne-gears.com\/wp-content\/uploads\/2024\/07\/228-1300x669.jpg 1300w, https:\/\/sne-gears.com\/wp-content\/uploads\/2024\/07\/228-400x206.jpg 400w, https:\/\/sne-gears.com\/wp-content\/uploads\/2024\/07\/228-768x395.jpg 768w, https:\/\/sne-gears.com\/wp-content\/uploads\/2024\/07\/228-1536x790.jpg 1536w, https:\/\/sne-gears.com\/wp-content\/uploads\/2024\/07\/228-18x9.jpg 18w, https:\/\/sne-gears.com\/wp-content\/uploads\/2024\/07\/228-430x221.jpg 430w, https:\/\/sne-gears.com\/wp-content\/uploads\/2024\/07\/228-700x360.jpg 700w, https:\/\/sne-gears.com\/wp-content\/uploads\/2024\/07\/228-150x77.jpg 150w, https:\/\/sne-gears.com\/wp-content\/uploads\/2024\/07\/228.jpg 2016w\" sizes=\"(max-width: 1300px) 100vw, 1300px\" \/><\/noscript>\t\t\t\t\t\t\t\t\t\t\t\t\t\t\t<\/div>\n\t\t\t\t<\/div>\n\t\t\t\t\t<\/div>\n\t\t\t\t<\/div>\n\t\t<div class=\"elementor-element elementor-element-dce1716 e-flex e-con-boxed e-con e-parent\" data-id=\"dce1716\" data-element_type=\"container\">\n\t\t\t\t\t<div class=\"e-con-inner\">\n\t\t\t\t<div class=\"elementor-element elementor-element-25ef08b elementor-widget elementor-widget-heading\" data-id=\"25ef08b\" data-element_type=\"widget\" data-widget_type=\"heading.default\">\n\t\t\t\t<div class=\"elementor-widget-container\">\n\t\t\t\t\t<h2 class=\"elementor-heading-title elementor-size-default\">Tabelle der Au\u00dfenabmessungen<\/h2>\t\t\t\t<\/div>\n\t\t\t\t<\/div>\n\t\t\t\t\t<\/div>\n\t\t\t\t<\/div>\n\t\t<div class=\"elementor-element elementor-element-3de5fb0 e-flex e-con-boxed e-con e-parent\" data-id=\"3de5fb0\" data-element_type=\"container\">\n\t\t\t\t\t<div class=\"e-con-inner\">\n\t\t\t\t<div class=\"elementor-element elementor-element-de9e7c9 color-scheme-inherit text-left elementor-widget elementor-widget-text-editor\" data-id=\"de9e7c9\" data-element_type=\"widget\" data-widget_type=\"text-editor.default\">\n\t\t\t\t<div class=\"elementor-widget-container\">\n\t\t\t\t\t\t\t\t\t<table><tbody><tr><td><p><strong><b>Modell<\/b><\/strong><\/p><\/td><td><p><strong><b>d (mm)<\/b><\/strong><\/p><\/td><td><p><strong><b>b (mm)<\/b><\/strong><\/p><\/td><td><p><strong><b>t (mm)<\/b><\/strong><\/p><\/td><td><p><strong><b>D1 (mm)<\/b><\/strong><\/p><\/td><td><p><strong><b>Bolzen (n-M)<\/b><\/strong><\/p><\/td><td><p><strong><b>A (mm)<\/b><\/strong><\/p><\/td><td><p><strong><b>B (mm)<\/b><\/strong><\/p><\/td><td><p><strong><b>C (mm)<\/b><\/strong><\/p><\/td><td><p><strong><b>D (mm)<\/b><\/strong><\/p><\/td><td><p><strong><b>E (mm)<\/b><\/strong><\/p><\/td><td><p><strong><b>\u03a6 (mm)<\/b><\/strong><\/p><\/td><td><p><strong><b>H (mm)<\/b><\/strong><\/p><\/td><td><p><strong><b>h (mm)<\/b><\/strong><\/p><\/td><\/tr><tr><td><p>M10M<\/p><\/td><td><p>25<\/p><\/td><td><p>8<\/p><\/td><td><p>28.3<\/p><\/td><td><p>102<\/p><\/td><td><p>4-M10<\/p><\/td><td><p>214<\/p><\/td><td><p>149<\/p><\/td><td><p>118<\/p><\/td><td><p>112<\/p><\/td><td><p>53<\/p><\/td><td><p>260<\/p><\/td><td><p>66<\/p><\/td><td><p>34<\/p><\/td><\/tr><tr><td><p>M12M<\/p><\/td><td><p>30<\/p><\/td><td><p>8<\/p><\/td><td><p>33.3<\/p><\/td><td><p>125<\/p><\/td><td><p>4-M12<\/p><\/td><td><p>210<\/p><\/td><td><p>182<\/p><\/td><td><p>165<\/p><\/td><td><p>138<\/p><\/td><td><p>66<\/p><\/td><td><p>300<\/p><\/td><td><p>80<\/p><\/td><td><p>41<\/p><\/td><\/tr><tr><td><p>M14M<\/p><\/td><td><p>35<\/p><\/td><td><p>10<\/p><\/td><td><p>38.3<\/p><\/td><td><p>140<\/p><\/td><td><p>4-M16<\/p><\/td><td><p>287<\/p><\/td><td><p>252<\/p><\/td><td><p>216<\/p><\/td><td><p>210<\/p><\/td><td><p>101<\/p><\/td><td><p>400<\/p><\/td><td><p>87<\/p><\/td><td><p>47<\/p><\/td><\/tr><tr><td><p>M15M<\/p><\/td><td><p>45<\/p><\/td><td><p>14<\/p><\/td><td><p>48.3<\/p><\/td><td><p>165<\/p><\/td><td><p>4-M20<\/p><\/td><td><p>357<\/p><\/td><td><p>298<\/p><\/td><td><p>252<\/p><\/td><td><p>246<\/p><\/td><td><p>123<\/p><\/td><td><p>500<\/p><\/td><td><p>99<\/p><\/td><td><p>50<\/p><\/td><\/tr><tr><td><p>M16M<\/p><\/td><td><p>55<\/p><\/td><td><p>16<\/p><\/td><td><p>59.3<\/p><\/td><td><p>254<\/p><\/td><td><p>8-M16<\/p><\/td><td><p>382<\/p><\/td><td><p>354<\/p><\/td><td><p>315<\/p><\/td><td><p>310<\/p><\/td><td><p>153<\/p><\/td><td><p>500<\/p><\/td><td><p>103<\/p><\/td><td><p>52<\/p><\/td><\/tr><\/tbody><\/table>\t\t\t\t\t\t\t\t<\/div>\n\t\t\t\t<\/div>\n\t\t\t\t\t<\/div>\n\t\t\t\t<\/div>\n\t\t<div class=\"elementor-element elementor-element-348e128 e-flex e-con-boxed e-con e-parent\" data-id=\"348e128\" data-element_type=\"container\">\n\t\t\t\t\t<div class=\"e-con-inner\">\n\t\t\t\t<div class=\"elementor-element elementor-element-9367302 elementor-widget elementor-widget-heading\" data-id=\"9367302\" data-element_type=\"widget\" data-widget_type=\"heading.default\">\n\t\t\t\t<div class=\"elementor-widget-container\">\n\t\t\t\t\t<h2 class=\"elementor-heading-title elementor-size-default\">Technische Parameter<\/h2>\t\t\t\t<\/div>\n\t\t\t\t<\/div>\n\t\t\t\t\t<\/div>\n\t\t\t\t<\/div>\n\t\t<div class=\"elementor-element elementor-element-f7053fe e-flex e-con-boxed e-con e-parent\" data-id=\"f7053fe\" data-element_type=\"container\">\n\t\t\t\t\t<div class=\"e-con-inner\">\n\t\t\t\t<div class=\"elementor-element elementor-element-9cd64f4 color-scheme-inherit text-left elementor-widget elementor-widget-text-editor\" data-id=\"9cd64f4\" data-element_type=\"widget\" data-widget_type=\"text-editor.default\">\n\t\t\t\t<div class=\"elementor-widget-container\">\n\t\t\t\t\t\t\t\t\t<table><thead><tr><th>Modell<\/th><th>Drehmoment (N-m)<\/th><th>Ratio<\/th><th>Eingangsdrehmoment (N-m)<\/th><th>Maximale Bohrlochgr\u00f6\u00dfe (mm)<\/th><th>Montageflansch Min\/Max<\/th><th>Handrad (mm)<\/th><th>Gewicht (kg)<\/th><\/tr><\/thead><tbody><tr><td>M10M<\/td><td>500<\/td><td>42:1<\/td><td>45<\/td><td>30<\/td><td>F07 \/ F10<\/td><td>260<\/td><td>6.8<\/td><\/tr><tr><td>M12M<\/td><td>1000<\/td><td>42:1<\/td><td>90<\/td><td>40<\/td><td>F10 \/ F12 \/ F14<\/td><td>300<\/td><td>12<\/td><\/tr><tr><td>M14M<\/td><td>2500<\/td><td>70:1<\/td><td>130<\/td><td>60<\/td><td>F14 \/ F16<\/td><td>400<\/td><td>23<\/td><\/tr><tr><td>M15M<\/td><td>3400<\/td><td>68:1<\/td><td>165<\/td><td>80<\/td><td>F14 \/ F16<\/td><td>500<\/td><td>35<\/td><\/tr><tr><td>M16M<\/td><td>4400<\/td><td>88:1<\/td><td>169<\/td><td>85<\/td><td>F16 \/ F25<\/td><td>500<\/td><td>48<\/td><\/tr><\/tbody><\/table>\t\t\t\t\t\t\t\t<\/div>\n\t\t\t\t<\/div>\n\t\t\t\t\t<\/div>\n\t\t\t\t<\/div>\n\t\t\t\t<\/div>","protected":false},"excerpt":{"rendered":"<ul>\n<li><strong>Hohes Ausgangsdrehmoment und hoher Wirkungsgrad<\/strong>: Beh\u00e4lt das hohe Ausgangsdrehmoment und den mechanischen Wirkungsgrad des MOO-Produkts bei.<\/li>\n<li><strong>Verbesserte Versiegelung<\/strong>: Zuverl\u00e4ssige Abdichtung an leckanf\u00e4lligen Stellen, um die Wasserdichtigkeit des Produkts zu gew\u00e4hrleisten.<\/li>\n<li><strong>Wasserdicht nach IP67<\/strong>: Erreicht die Schutzklasse IP67 f\u00fcr hervorragende Wasserdichtigkeit.<\/li>\n<li><strong>Ideal f\u00fcr 90\u00b0 drehbare Ventile<\/strong>: Geeignet f\u00fcr Absperrklappen, Kugelh\u00e4hne und K\u00fckenh\u00e4hne, die eine 90\u00b0-Drehung erfordern.<\/li>\n<li><strong>Wasserdichte Umgebungen<\/strong>: Entwickelt f\u00fcr den Einsatz in Umgebungen, in denen Wasserdichtigkeit erforderlich ist.<\/li>\n<\/ul>","protected":false},"featured_media":16197,"comment_status":"open","ping_status":"closed","template":"","meta":[],"product_brand":[],"product_cat":[100,105],"product_tag":[],"class_list":{"0":"post-16196","1":"product","2":"type-product","3":"status-publish","4":"has-post-thumbnail","6":"product_cat-gearbox","7":"product_cat-quarter-turn-gearboxes","9":"first","10":"instock","11":"shipping-taxable","12":"product-type-simple"},"yoast_head":"<!-- This site is optimized with the Yoast SEO plugin v25.0 - https:\/\/yoast.com\/wordpress\/plugins\/seo\/ -->\n<title>M00 IP67 Type Gearbox - sne-gears.com<\/title>\n<meta name=\"robots\" content=\"index, follow, max-snippet:-1, max-image-preview:large, max-video-preview:-1\" \/>\n<link rel=\"canonical\" href=\"https:\/\/sne-gears.com\/de\/produkt\/m00-ip67-type-gearbox\/\" \/>\n<meta property=\"og:locale\" content=\"de_DE\" \/>\n<meta property=\"og:type\" content=\"article\" \/>\n<meta property=\"og:title\" content=\"M00 IP67 Type Gearbox - sne-gears.com\" \/>\n<meta property=\"og:description\" content=\"High Output Torque &amp; Efficiency: Maintains the MOO product&#039;s high output torque and mechanical efficiency.  Enhanced Sealing: Reliably sealed at leak-prone parts to ensure the product is fully waterproof.  IP67 Waterproof Rating: Achieves IP67 rating for superior waterproofing.  Ideal for 90\u00b0 Rotation Valves: Suitable for butterfly valves, ball valves, and plug valves requiring 90\u00b0 rotation.  Waterproof Environments: Designed for use in environments where waterproofing is required.\" \/>\n<meta property=\"og:url\" content=\"https:\/\/sne-gears.com\/de\/produkt\/m00-ip67-type-gearbox\/\" \/>\n<meta property=\"og:site_name\" content=\"sne-gears.com\" \/>\n<meta property=\"article:modified_time\" content=\"2024-08-14T12:08:51+00:00\" \/>\n<meta property=\"og:image\" content=\"https:\/\/sne-gears.com\/wp-content\/uploads\/2024\/07\/1720529637901.png\" \/>\n\t<meta property=\"og:image:width\" content=\"711\" \/>\n\t<meta property=\"og:image:height\" content=\"424\" \/>\n\t<meta property=\"og:image:type\" content=\"image\/png\" \/>\n<meta name=\"twitter:card\" content=\"summary_large_image\" \/>\n<meta name=\"twitter:label1\" content=\"Gesch\u00e4tzte Lesezeit\" \/>\n\t<meta name=\"twitter:data1\" content=\"1\u00a0Minute\" \/>\n<script type=\"application\/ld+json\" class=\"yoast-schema-graph\">{\"@context\":\"https:\/\/schema.org\",\"@graph\":[{\"@type\":\"WebPage\",\"@id\":\"https:\/\/sne-gears.com\/product\/m00-ip67-type-gearbox\/\",\"url\":\"https:\/\/sne-gears.com\/product\/m00-ip67-type-gearbox\/\",\"name\":\"M00 IP67 Type Gearbox - sne-gears.com\",\"isPartOf\":{\"@id\":\"https:\/\/sne-gears.com\/#website\"},\"primaryImageOfPage\":{\"@id\":\"https:\/\/sne-gears.com\/product\/m00-ip67-type-gearbox\/#primaryimage\"},\"image\":{\"@id\":\"https:\/\/sne-gears.com\/product\/m00-ip67-type-gearbox\/#primaryimage\"},\"thumbnailUrl\":\"https:\/\/sne-gears.com\/wp-content\/uploads\/2024\/07\/1720529637901.png\",\"datePublished\":\"2024-07-09T12:56:09+00:00\",\"dateModified\":\"2024-08-14T12:08:51+00:00\",\"breadcrumb\":{\"@id\":\"https:\/\/sne-gears.com\/product\/m00-ip67-type-gearbox\/#breadcrumb\"},\"inLanguage\":\"de\",\"potentialAction\":[{\"@type\":\"ReadAction\",\"target\":[\"https:\/\/sne-gears.com\/product\/m00-ip67-type-gearbox\/\"]}]},{\"@type\":\"ImageObject\",\"inLanguage\":\"de\",\"@id\":\"https:\/\/sne-gears.com\/product\/m00-ip67-type-gearbox\/#primaryimage\",\"url\":\"https:\/\/sne-gears.com\/wp-content\/uploads\/2024\/07\/1720529637901.png\",\"contentUrl\":\"https:\/\/sne-gears.com\/wp-content\/uploads\/2024\/07\/1720529637901.png\",\"width\":711,\"height\":424},{\"@type\":\"BreadcrumbList\",\"@id\":\"https:\/\/sne-gears.com\/product\/m00-ip67-type-gearbox\/#breadcrumb\",\"itemListElement\":[{\"@type\":\"ListItem\",\"position\":1,\"name\":\"Home\",\"item\":\"https:\/\/sne-gears.com\/\"},{\"@type\":\"ListItem\",\"position\":2,\"name\":\"Shop\",\"item\":\"https:\/\/sne-gears.com\/shop\/\"},{\"@type\":\"ListItem\",\"position\":3,\"name\":\"M00 IP67 Type Gearbox\"}]},{\"@type\":\"WebSite\",\"@id\":\"https:\/\/sne-gears.com\/#website\",\"url\":\"https:\/\/sne-gears.com\/\",\"name\":\"sne-gears.com\",\"description\":\"\",\"potentialAction\":[{\"@type\":\"SearchAction\",\"target\":{\"@type\":\"EntryPoint\",\"urlTemplate\":\"https:\/\/sne-gears.com\/?s={search_term_string}\"},\"query-input\":{\"@type\":\"PropertyValueSpecification\",\"valueRequired\":true,\"valueName\":\"search_term_string\"}}],\"inLanguage\":\"de\"}]}<\/script>\n<!-- \/ Yoast SEO plugin. -->","yoast_head_json":{"title":"M00 IP67 Type Gearbox - sne-gears.com","robots":{"index":"index","follow":"follow","max-snippet":"max-snippet:-1","max-image-preview":"max-image-preview:large","max-video-preview":"max-video-preview:-1"},"canonical":"https:\/\/sne-gears.com\/de\/produkt\/m00-ip67-type-gearbox\/","og_locale":"de_DE","og_type":"article","og_title":"M00 IP67 Type Gearbox - sne-gears.com","og_description":"High Output Torque &amp; Efficiency: Maintains the MOO product's high output torque and mechanical efficiency.  Enhanced Sealing: Reliably sealed at leak-prone parts to ensure the product is fully waterproof.  IP67 Waterproof Rating: Achieves IP67 rating for superior waterproofing.  Ideal for 90\u00b0 Rotation Valves: Suitable for butterfly valves, ball valves, and plug valves requiring 90\u00b0 rotation.  Waterproof Environments: Designed for use in environments where waterproofing is required.","og_url":"https:\/\/sne-gears.com\/de\/produkt\/m00-ip67-type-gearbox\/","og_site_name":"sne-gears.com","article_modified_time":"2024-08-14T12:08:51+00:00","og_image":[{"width":711,"height":424,"url":"https:\/\/sne-gears.com\/wp-content\/uploads\/2024\/07\/1720529637901.png","type":"image\/png"}],"twitter_card":"summary_large_image","twitter_misc":{"Gesch\u00e4tzte Lesezeit":"1\u00a0Minute"},"schema":{"@context":"https:\/\/schema.org","@graph":[{"@type":"WebPage","@id":"https:\/\/sne-gears.com\/product\/m00-ip67-type-gearbox\/","url":"https:\/\/sne-gears.com\/product\/m00-ip67-type-gearbox\/","name":"M00 IP67 Type Gearbox - sne-gears.com","isPartOf":{"@id":"https:\/\/sne-gears.com\/#website"},"primaryImageOfPage":{"@id":"https:\/\/sne-gears.com\/product\/m00-ip67-type-gearbox\/#primaryimage"},"image":{"@id":"https:\/\/sne-gears.com\/product\/m00-ip67-type-gearbox\/#primaryimage"},"thumbnailUrl":"https:\/\/sne-gears.com\/wp-content\/uploads\/2024\/07\/1720529637901.png","datePublished":"2024-07-09T12:56:09+00:00","dateModified":"2024-08-14T12:08:51+00:00","breadcrumb":{"@id":"https:\/\/sne-gears.com\/product\/m00-ip67-type-gearbox\/#breadcrumb"},"inLanguage":"de","potentialAction":[{"@type":"ReadAction","target":["https:\/\/sne-gears.com\/product\/m00-ip67-type-gearbox\/"]}]},{"@type":"ImageObject","inLanguage":"de","@id":"https:\/\/sne-gears.com\/product\/m00-ip67-type-gearbox\/#primaryimage","url":"https:\/\/sne-gears.com\/wp-content\/uploads\/2024\/07\/1720529637901.png","contentUrl":"https:\/\/sne-gears.com\/wp-content\/uploads\/2024\/07\/1720529637901.png","width":711,"height":424},{"@type":"BreadcrumbList","@id":"https:\/\/sne-gears.com\/product\/m00-ip67-type-gearbox\/#breadcrumb","itemListElement":[{"@type":"ListItem","position":1,"name":"Home","item":"https:\/\/sne-gears.com\/"},{"@type":"ListItem","position":2,"name":"Shop","item":"https:\/\/sne-gears.com\/shop\/"},{"@type":"ListItem","position":3,"name":"M00 IP67 Type Gearbox"}]},{"@type":"WebSite","@id":"https:\/\/sne-gears.com\/#website","url":"https:\/\/sne-gears.com\/","name":"sne-gears.com","description":"","potentialAction":[{"@type":"SearchAction","target":{"@type":"EntryPoint","urlTemplate":"https:\/\/sne-gears.com\/?s={search_term_string}"},"query-input":{"@type":"PropertyValueSpecification","valueRequired":true,"valueName":"search_term_string"}}],"inLanguage":"de"}]}},"_links":{"self":[{"href":"https:\/\/sne-gears.com\/de\/wp-json\/wp\/v2\/product\/16196","targetHints":{"allow":["GET"]}}],"collection":[{"href":"https:\/\/sne-gears.com\/de\/wp-json\/wp\/v2\/product"}],"about":[{"href":"https:\/\/sne-gears.com\/de\/wp-json\/wp\/v2\/types\/product"}],"replies":[{"embeddable":true,"href":"https:\/\/sne-gears.com\/de\/wp-json\/wp\/v2\/comments?post=16196"}],"version-history":[{"count":20,"href":"https:\/\/sne-gears.com\/de\/wp-json\/wp\/v2\/product\/16196\/revisions"}],"predecessor-version":[{"id":17975,"href":"https:\/\/sne-gears.com\/de\/wp-json\/wp\/v2\/product\/16196\/revisions\/17975"}],"wp:featuredmedia":[{"embeddable":true,"href":"https:\/\/sne-gears.com\/de\/wp-json\/wp\/v2\/media\/16197"}],"wp:attachment":[{"href":"https:\/\/sne-gears.com\/de\/wp-json\/wp\/v2\/media?parent=16196"}],"wp:term":[{"taxonomy":"product_brand","embeddable":true,"href":"https:\/\/sne-gears.com\/de\/wp-json\/wp\/v2\/product_brand?post=16196"},{"taxonomy":"product_cat","embeddable":true,"href":"https:\/\/sne-gears.com\/de\/wp-json\/wp\/v2\/product_cat?post=16196"},{"taxonomy":"product_tag","embeddable":true,"href":"https:\/\/sne-gears.com\/de\/wp-json\/wp\/v2\/product_tag?post=16196"}],"curies":[{"name":"wp","href":"https:\/\/api.w.org\/{rel}","templated":true}]}}