{"id":16207,"date":"2024-07-09T13:08:41","date_gmt":"2024-07-09T13:08:41","guid":{"rendered":"https:\/\/sne-gears.com\/?post_type=product&#038;p=16207"},"modified":"2024-08-14T12:06:46","modified_gmt":"2024-08-14T12:06:46","slug":"m00-double-stages-electric-actuator-operation","status":"publish","type":"product","link":"https:\/\/sne-gears.com\/de\/produkt\/m00-double-stages-electric-actuator-operation\/","title":{"rendered":"M00 Zweistufiger elektrischer Stellantrieb Betrieb"},"content":{"rendered":"<div data-elementor-type=\"wp-post\" data-elementor-id=\"16207\" class=\"elementor elementor-16207\">\n\t\t\t\t<div class=\"elementor-element elementor-element-2b656e7 e-flex e-con-boxed e-con e-parent\" data-id=\"2b656e7\" data-element_type=\"container\">\n\t\t\t\t\t<div class=\"e-con-inner\">\n\t\t\t\t<div class=\"elementor-element elementor-element-87a7e89 elementor-widget elementor-widget-image\" data-id=\"87a7e89\" data-element_type=\"widget\" data-widget_type=\"image.default\">\n\t\t\t\t<div class=\"elementor-widget-container\">\n\t\t\t\t\t\t\t\t\t\t\t\t\t\t\t<img fetchpriority=\"high\" decoding=\"async\" width=\"1031\" height=\"427\" src=\"data:image\/gif;base64,R0lGODlhAQABAIAAAAAAAP\/\/\/yH5BAEAAAAALAAAAAABAAEAAAIBRAA7\" data-src=\"https:\/\/sne-gears.com\/wp-content\/uploads\/2024\/07\/M00-Double-Stages-Electric-Actuator-Operation-\u793a\u610f\u56fe-1.jpg\" class=\"attachment-1536x1536 size-1536x1536 wp-image-17076 lazyload\" alt=\"\" data-srcset=\"https:\/\/sne-gears.com\/wp-content\/uploads\/2024\/07\/M00-Double-Stages-Electric-Actuator-Operation-\u793a\u610f\u56fe-1.jpg 1031w, https:\/\/sne-gears.com\/wp-content\/uploads\/2024\/07\/M00-Double-Stages-Electric-Actuator-Operation-\u793a\u610f\u56fe-1-400x166.jpg 400w, https:\/\/sne-gears.com\/wp-content\/uploads\/2024\/07\/M00-Double-Stages-Electric-Actuator-Operation-\u793a\u610f\u56fe-1-768x318.jpg 768w, https:\/\/sne-gears.com\/wp-content\/uploads\/2024\/07\/M00-Double-Stages-Electric-Actuator-Operation-\u793a\u610f\u56fe-1-18x7.jpg 18w, https:\/\/sne-gears.com\/wp-content\/uploads\/2024\/07\/M00-Double-Stages-Electric-Actuator-Operation-\u793a\u610f\u56fe-1-430x178.jpg 430w, https:\/\/sne-gears.com\/wp-content\/uploads\/2024\/07\/M00-Double-Stages-Electric-Actuator-Operation-\u793a\u610f\u56fe-1-700x290.jpg 700w, https:\/\/sne-gears.com\/wp-content\/uploads\/2024\/07\/M00-Double-Stages-Electric-Actuator-Operation-\u793a\u610f\u56fe-1-150x62.jpg 150w\" sizes=\"(max-width: 1031px) 100vw, 1031px\" \/><noscript><img decoding=\"async\" width=\"1031\" height=\"427\" src=\"https:\/\/sne-gears.com\/wp-content\/uploads\/2024\/07\/M00-Double-Stages-Electric-Actuator-Operation-\u793a\u610f\u56fe-1.jpg\" class=\"attachment-1536x1536 size-1536x1536 wp-image-17076 lazyload\" alt=\"\" srcset=\"https:\/\/sne-gears.com\/wp-content\/uploads\/2024\/07\/M00-Double-Stages-Electric-Actuator-Operation-\u793a\u610f\u56fe-1.jpg 1031w, https:\/\/sne-gears.com\/wp-content\/uploads\/2024\/07\/M00-Double-Stages-Electric-Actuator-Operation-\u793a\u610f\u56fe-1-400x166.jpg 400w, https:\/\/sne-gears.com\/wp-content\/uploads\/2024\/07\/M00-Double-Stages-Electric-Actuator-Operation-\u793a\u610f\u56fe-1-768x318.jpg 768w, https:\/\/sne-gears.com\/wp-content\/uploads\/2024\/07\/M00-Double-Stages-Electric-Actuator-Operation-\u793a\u610f\u56fe-1-18x7.jpg 18w, https:\/\/sne-gears.com\/wp-content\/uploads\/2024\/07\/M00-Double-Stages-Electric-Actuator-Operation-\u793a\u610f\u56fe-1-430x178.jpg 430w, https:\/\/sne-gears.com\/wp-content\/uploads\/2024\/07\/M00-Double-Stages-Electric-Actuator-Operation-\u793a\u610f\u56fe-1-700x290.jpg 700w, https:\/\/sne-gears.com\/wp-content\/uploads\/2024\/07\/M00-Double-Stages-Electric-Actuator-Operation-\u793a\u610f\u56fe-1-150x62.jpg 150w\" sizes=\"(max-width: 1031px) 100vw, 1031px\" \/><\/noscript>\t\t\t\t\t\t\t\t\t\t\t\t\t\t\t<\/div>\n\t\t\t\t<\/div>\n\t\t\t\t\t<\/div>\n\t\t\t\t<\/div>\n\t\t<div class=\"elementor-element elementor-element-bd2ca22 e-flex e-con-boxed e-con e-parent\" data-id=\"bd2ca22\" data-element_type=\"container\">\n\t\t\t\t\t<div class=\"e-con-inner\">\n\t\t\t\t<div class=\"elementor-element elementor-element-e4e1c8d elementor-widget elementor-widget-heading\" data-id=\"e4e1c8d\" data-element_type=\"widget\" data-widget_type=\"heading.default\">\n\t\t\t\t<div class=\"elementor-widget-container\">\n\t\t\t\t\t<h2 class=\"elementor-heading-title elementor-size-default\">Tabelle der Umrissabmessungen<\/h2>\t\t\t\t<\/div>\n\t\t\t\t<\/div>\n\t\t\t\t\t<\/div>\n\t\t\t\t<\/div>\n\t\t<div class=\"elementor-element elementor-element-6cb5121 e-flex e-con-boxed e-con e-parent\" data-id=\"6cb5121\" data-element_type=\"container\">\n\t\t\t\t\t<div class=\"e-con-inner\">\n\t\t\t\t<div class=\"elementor-element elementor-element-7c57ed4 color-scheme-inherit text-left elementor-widget elementor-widget-text-editor\" data-id=\"7c57ed4\" data-element_type=\"widget\" data-widget_type=\"text-editor.default\">\n\t\t\t\t<div class=\"elementor-widget-container\">\n\t\t\t\t\t\t\t\t\t<table dir=\"ltr\" border=\"1\" cellspacing=\"0\" cellpadding=\"0\" data-sheets-root=\"1\" data-sheets-baot=\"1\"><colgroup> <col width=\"177\" \/> <col width=\"100\" \/> <col width=\"100\" \/> <col width=\"100\" \/> <col width=\"100\" \/> <col width=\"100\" \/> <col width=\"100\" \/> <col width=\"100\" \/> <col width=\"100\" \/> <col width=\"100\" \/> <col width=\"100\" \/> <col width=\"100\" \/> <col width=\"100\" \/> <col width=\"100\" \/><\/colgroup><tbody><tr><td>Modell<\/td><td>d(mm)<\/td><td>b(mm)<\/td><td>t(mm)<\/td><td>D1(mm)<\/td><td>n-M<\/td><td>A(mm)<\/td><td>B(mm)<\/td><td>C(mm)<\/td><td>D(mm)<\/td><td>E(mm)<\/td><td>F(mm)<\/td><td>H(mm)<\/td><td>h(mm)<\/td><\/tr><tr><td>M36\/S5- Z15<\/td><td>65<\/td><td>16<\/td><td>73.6<\/td><td>254<\/td><td>8-M16<\/td><td>300<\/td><td>380<\/td><td>286<\/td><td>310<\/td><td>138<\/td><td>89<\/td><td>130<\/td><td>73<\/td><\/tr><tr><td>M50\/S5-Z15<\/td><td>75<\/td><td>20<\/td><td>84.8<\/td><td>254<\/td><td>8-M16<\/td><td>331<\/td><td>446<\/td><td>355<\/td><td>355<\/td><td>181<\/td><td>89<\/td><td>160<\/td><td>80<\/td><\/tr><tr><td>M50\/D12-Z15<\/td><td>85<\/td><td>22<\/td><td>95.8<\/td><td>254<\/td><td>8-M16<\/td><td>378<\/td><td>440<\/td><td>355<\/td><td>355<\/td><td>181<\/td><td>151<\/td><td>160<\/td><td>80<\/td><\/tr><tr><td>M60\/D12-Z20<\/td><td>120<\/td><td>32<\/td><td>134.8<\/td><td>298<\/td><td>8-M20<\/td><td>430<\/td><td>528<\/td><td>463<\/td><td>415<\/td><td>237<\/td><td>151<\/td><td>165<\/td><td>82<\/td><\/tr><tr><td>M65\/D12-Z20<\/td><td>120<\/td><td>32<\/td><td>134.8<\/td><td>356<\/td><td>8-M30<\/td><td>462<\/td><td>572<\/td><td>558<\/td><td>415<\/td><td>282<\/td><td>151<\/td><td>172<\/td><td>84<\/td><\/tr><tr><td>M70\/D18-Z20<\/td><td>120<\/td><td>32<\/td><td>134.8<\/td><td>356<\/td><td>8-M30<\/td><td>497<\/td><td>657<\/td><td>610<\/td><td>475<\/td><td>309<\/td><td>192<\/td><td>225<\/td><td>107<\/td><\/tr><tr><td>M75\/D18-Z20<\/td><td>150<\/td><td>36<\/td><td>166.8<\/td><td>406<\/td><td>8-M36<\/td><td>517<\/td><td>697<\/td><td>692<\/td><td>475<\/td><td>349<\/td><td>192<\/td><td>231<\/td><td>110<\/td><\/tr><tr><td>M80\/D21-Z30<\/td><td>150<\/td><td>36<\/td><td>166.8<\/td><td>406<\/td><td>8-M36<\/td><td>638<\/td><td>826<\/td><td>760<\/td><td>560<\/td><td>391<\/td><td>264<\/td><td>270<\/td><td>130<\/td><\/tr><tr><td>M90\/D28-Z30<\/td><td>180<\/td><td>45<\/td><td>200.8<\/td><td>483<\/td><td>12-M36<\/td><td>721<\/td><td>1003<\/td><td>968<\/td><td>686<\/td><td>491<\/td><td>298<\/td><td>300<\/td><td>138<\/td><\/tr><\/tbody><\/table>\t\t\t\t\t\t\t\t<\/div>\n\t\t\t\t<\/div>\n\t\t\t\t\t<\/div>\n\t\t\t\t<\/div>\n\t\t<div class=\"elementor-element elementor-element-cba9419 e-flex e-con-boxed e-con e-parent\" data-id=\"cba9419\" data-element_type=\"container\">\n\t\t\t\t\t<div class=\"e-con-inner\">\n\t\t\t\t<div class=\"elementor-element elementor-element-77ad50e elementor-widget elementor-widget-heading\" data-id=\"77ad50e\" data-element_type=\"widget\" data-widget_type=\"heading.default\">\n\t\t\t\t<div class=\"elementor-widget-container\">\n\t\t\t\t\t<h2 class=\"elementor-heading-title elementor-size-default\">Tabelle der Anschlussma\u00dfe<\/h2>\t\t\t\t<\/div>\n\t\t\t\t<\/div>\n\t\t\t\t\t<\/div>\n\t\t\t\t<\/div>\n\t\t<div class=\"elementor-element elementor-element-74bd9e8c e-flex e-con-boxed e-con e-parent\" data-id=\"74bd9e8c\" data-element_type=\"container\">\n\t\t\t\t\t<div class=\"e-con-inner\">\n\t\t\t\t<div class=\"elementor-element elementor-element-4aec2a7e color-scheme-inherit text-left elementor-widget elementor-widget-text-editor\" data-id=\"4aec2a7e\" data-element_type=\"widget\" data-widget_type=\"text-editor.default\">\n\t\t\t\t<div class=\"elementor-widget-container\">\n\t\t\t\t\t\t\t\t\t<table dir=\"ltr\" style=\"color: #333333; font-size: 16px;\" border=\"1\" cellspacing=\"0\" cellpadding=\"0\" data-sheets-root=\"1\" data-sheets-baot=\"1\"><colgroup><col width=\"100\" \/><col width=\"100\" \/><col width=\"100\" \/><col width=\"100\" \/><col width=\"100\" \/><col width=\"100\" \/><col width=\"100\" \/><col width=\"100\" \/><\/colgroup><tbody><tr><td>Modell<\/td><td>ZD (mm)<\/td><td>ZD1 (mm)<\/td><td>ZD2 (mm)<\/td><td>Zh (mm)<\/td><td>Zd1 (mm)<\/td><td>Zd2 (mm)<\/td><td>4-Zd<\/td><\/tr><tr><td>M36\/S5-Z15<\/td><td>145<\/td><td>120<\/td><td>90<\/td><td>9<\/td><td>30<\/td><td>45<\/td><td>4-\u03c611<\/td><\/tr><tr><td>M50\/S5-Z15<\/td><td>145<\/td><td>120<\/td><td>90<\/td><td>9<\/td><td>30<\/td><td>45<\/td><td>4-\u03c611<\/td><\/tr><tr><td>M50\/D12-Z15<\/td><td>145<\/td><td>120<\/td><td>90<\/td><td>9<\/td><td>30<\/td><td>45<\/td><td>4-\u03c611<\/td><\/tr><tr><td>M60\/D12-Z20<\/td><td>185<\/td><td>160<\/td><td>125<\/td><td>11<\/td><td>42<\/td><td>58<\/td><td>4-\u03c613<\/td><\/tr><tr><td>M65\/D12-Z20<\/td><td>185<\/td><td>160<\/td><td>125<\/td><td>11<\/td><td>42<\/td><td>58<\/td><td>4-\u03c613<\/td><\/tr><tr><td>M70\/D18-Z20<\/td><td>185<\/td><td>160<\/td><td>125<\/td><td>11<\/td><td>42<\/td><td>58<\/td><td>4-\u03c613<\/td><\/tr><tr><td>M75\/D18-Z20<\/td><td>185<\/td><td>160<\/td><td>125<\/td><td>11<\/td><td>42<\/td><td>58<\/td><td>4-\u03c613<\/td><\/tr><tr><td>M80\/D21-Z30<\/td><td>185<\/td><td>160<\/td><td>125<\/td><td>11<\/td><td>42<\/td><td>58<\/td><td>4-\u03c613<\/td><\/tr><tr><td>M90\/D28-Z30<\/td><td>185<\/td><td>160<\/td><td>125<\/td><td>11<\/td><td>42<\/td><td>58<\/td><td>4-\u03c613<\/td><\/tr><\/tbody><\/table>\t\t\t\t\t\t\t\t<\/div>\n\t\t\t\t<\/div>\n\t\t\t\t\t<\/div>\n\t\t\t\t<\/div>\n\t\t<div class=\"elementor-element elementor-element-d1bbfa9 e-flex e-con-boxed e-con e-parent\" data-id=\"d1bbfa9\" data-element_type=\"container\">\n\t\t\t\t\t<div class=\"e-con-inner\">\n\t\t\t\t<div class=\"elementor-element elementor-element-5e1fff9 elementor-widget elementor-widget-heading\" data-id=\"5e1fff9\" data-element_type=\"widget\" data-widget_type=\"heading.default\">\n\t\t\t\t<div class=\"elementor-widget-container\">\n\t\t\t\t\t<h2 class=\"elementor-heading-title elementor-size-default\">Technische Parameter<\/h2>\t\t\t\t<\/div>\n\t\t\t\t<\/div>\n\t\t\t\t\t<\/div>\n\t\t\t\t<\/div>\n\t\t<div class=\"elementor-element elementor-element-6fec6c6 e-flex e-con-boxed e-con e-parent\" data-id=\"6fec6c6\" data-element_type=\"container\">\n\t\t\t\t\t<div class=\"e-con-inner\">\n\t\t\t\t<div class=\"elementor-element elementor-element-f9b417e color-scheme-inherit text-left elementor-widget elementor-widget-text-editor\" data-id=\"f9b417e\" data-element_type=\"widget\" data-widget_type=\"text-editor.default\">\n\t\t\t\t<div class=\"elementor-widget-container\">\n\t\t\t\t\t\t\t\t\t<table dir=\"ltr\" style=\"color: #333333; font-size: 16px;\" border=\"1\" cellspacing=\"0\" cellpadding=\"0\" data-sheets-root=\"1\" data-sheets-baot=\"1\"><colgroup><col width=\"177\" \/><col width=\"139\" \/><col width=\"121\" \/><col width=\"117\" \/><col width=\"134\" \/><col width=\"128\" \/><col width=\"213\" \/><col width=\"100\" \/><\/colgroup><tbody><tr><td><strong>Modell<\/strong><\/td><td><strong>Nenndrehmoment (Nm)<\/strong><\/td><td><strong>Verh\u00e4ltnis der Geschwindigkeit<\/strong><\/td><td><strong>Eingangsdrehmoment (Nm)<\/strong><\/td><td><strong>Maximale Bohrung (mm)<\/strong><\/td><td><strong>Zul\u00e4ssig<\/strong> Flansch<\/td><td><div><div>Empfohlenes Drehmoment f\u00fcr elektrische Stellantriebe (Nm)<\/div><\/div><\/td><td>\u00a0<\/td><\/tr><tr><td>M36\/S5-Z15<\/td><td>8000<\/td><td>210:1<\/td><td>180<\/td><td>85<\/td><td>F16, F25<\/td><td>150<\/td><td>\u00a0<\/td><\/tr><tr><td>M50\/S5-Z15<\/td><td>11000<\/td><td>250:1<\/td><td>180<\/td><td>110<\/td><td>F25, F30<\/td><td>150<\/td><td>\u00a0<\/td><\/tr><tr><td>M50\/D12-Z15<\/td><td>16000<\/td><td>612:1<\/td><td>190<\/td><td>110<\/td><td>F25, F30<\/td><td>150<\/td><td>\u00a0<\/td><\/tr><tr><td>M60\/D12-Z20<\/td><td>24000<\/td><td>720:1<\/td><td>220<\/td><td>160<\/td><td>F30, F35<\/td><td>200<\/td><td>\u00a0<\/td><\/tr><tr><td>M65\/D12-Z20<\/td><td>35000<\/td><td>882:1<\/td><td>230<\/td><td>160<\/td><td>F30, F35<\/td><td>200<\/td><td>\u00a0<\/td><\/tr><tr><td>M70\/D18-Z20<\/td><td>50000<\/td><td>1242:1<\/td><td>200<\/td><td>160<\/td><td>F30, F35, F40<\/td><td>200<\/td><td>\u00a0<\/td><\/tr><tr><td>M75\/D18-Z20<\/td><td>70000<\/td><td>1430:1<\/td><td>240<\/td><td>180<\/td><td>F35, F40<\/td><td>200<\/td><td>\u00a0<\/td><\/tr><tr><td>M80\/D21-Z30<\/td><td>100000<\/td><td>1805:1<\/td><td>320<\/td><td>185<\/td><td>F35, F40, F48<\/td><td>300<\/td><td>\u00a0<\/td><\/tr><tr><td>M90\/D28-Z30<\/td><td>160000<\/td><td>2430:1<\/td><td>320<\/td><td>185<\/td><td>F48, F60<\/td><td>300<\/td><td>\u00a0<\/td><\/tr><\/tbody><\/table>\t\t\t\t\t\t\t\t<\/div>\n\t\t\t\t<\/div>\n\t\t\t\t\t<\/div>\n\t\t\t\t<\/div>\n\t\t\t\t<\/div>","protected":false},"excerpt":{"rendered":"<ul>\n<li><strong>Kompatibilit\u00e4t elektrischer Ger\u00e4te<\/strong>: Entwickelt, um mit elektrischen Ger\u00e4ten ausgestattet zu werden, wodurch die Gr\u00f6\u00dfe der elektrischen Antriebe reduziert wird.<\/li>\n<li><strong>Schneckenradantrieb<\/strong>: Ein Schneckengetriebe sorgt f\u00fcr einen effizienten und reibungslosen Betrieb.<\/li>\n<li><strong>Vern\u00fcnftige Struktur<\/strong>: Eine rationelle Struktur sorgt f\u00fcr mehr Zuverl\u00e4ssigkeit und Leistung.<\/li>\n<li><strong>Einfache Montage<\/strong>: Bequem zu montieren f\u00fcr eine schnelle und problemlose Installation.<\/li>\n<li><strong>Zuverl\u00e4ssige Selbstverriegelung<\/strong>: Zuverl\u00e4ssige Selbstverriegelung f\u00fcr einen sicheren Betrieb.<\/li>\n<li><strong>Ideal f\u00fcr 90\u00b0 drehende Ventile<\/strong>: Geeignet f\u00fcr die elektrische Steuerung von Absperrklappen, Kugelh\u00e4hnen, K\u00fckenh\u00e4hnen und anderen Ventilen, die eine 90\u00b0-Drehung erfordern.<\/li>\n<\/ul>","protected":false},"featured_media":16208,"comment_status":"open","ping_status":"closed","template":"","meta":[],"product_brand":[],"product_cat":[100,104],"product_tag":[],"class_list":{"0":"post-16207","1":"product","2":"type-product","3":"status-publish","4":"has-post-thumbnail","6":"product_cat-gearbox","7":"product_cat-gearbox-for-electric-actuator-operation-1-4-turn-worm-gears","9":"first","10":"instock","11":"shipping-taxable","12":"product-type-simple"},"yoast_head":"<!-- This site is optimized with the Yoast SEO plugin v25.0 - https:\/\/yoast.com\/wordpress\/plugins\/seo\/ -->\n<title>M00 Double-Stages Electric Actuator Operation - sne-gears.com<\/title>\n<meta name=\"robots\" content=\"index, follow, max-snippet:-1, max-image-preview:large, max-video-preview:-1\" \/>\n<link rel=\"canonical\" href=\"https:\/\/sne-gears.com\/de\/produkt\/m00-double-stages-electric-actuator-operation\/\" \/>\n<meta property=\"og:locale\" content=\"de_DE\" \/>\n<meta property=\"og:type\" content=\"article\" \/>\n<meta property=\"og:title\" content=\"M00 Double-Stages Electric Actuator Operation - sne-gears.com\" \/>\n<meta property=\"og:description\" content=\"Electric Device Compatibility: Designed to be equipped with electric devices, reducing the size of electric actuators.  Worm Gear Drive: Utilizes a worm gear drive pair for efficient and smooth operation.  Reasonable Structure: Features a rational structure for enhanced reliability and performance.  Easy Assembly: Convenient to assemble for quick and hassle-free installation.  Reliable Self-Locking: Provides dependable self-locking to ensure secure operation.  Ideal for 90\u00b0 Rotating Valves: Suitable for the electric control of butterfly valves, ball valves, plug valves, and other valves requiring 90\u00b0 rotation.\" \/>\n<meta property=\"og:url\" content=\"https:\/\/sne-gears.com\/de\/produkt\/m00-double-stages-electric-actuator-operation\/\" \/>\n<meta property=\"og:site_name\" content=\"sne-gears.com\" \/>\n<meta property=\"article:modified_time\" content=\"2024-08-14T12:06:46+00:00\" \/>\n<meta property=\"og:image\" content=\"https:\/\/sne-gears.com\/wp-content\/uploads\/2024\/07\/1720530407186.png\" \/>\n\t<meta property=\"og:image:width\" content=\"887\" \/>\n\t<meta property=\"og:image:height\" content=\"742\" \/>\n\t<meta property=\"og:image:type\" content=\"image\/png\" \/>\n<meta name=\"twitter:card\" content=\"summary_large_image\" \/>\n<meta name=\"twitter:label1\" content=\"Gesch\u00e4tzte Lesezeit\" \/>\n\t<meta name=\"twitter:data1\" content=\"2\u00a0Minuten\" \/>\n<script type=\"application\/ld+json\" class=\"yoast-schema-graph\">{\"@context\":\"https:\/\/schema.org\",\"@graph\":[{\"@type\":\"WebPage\",\"@id\":\"https:\/\/sne-gears.com\/product\/m00-double-stages-electric-actuator-operation\/\",\"url\":\"https:\/\/sne-gears.com\/product\/m00-double-stages-electric-actuator-operation\/\",\"name\":\"M00 Double-Stages Electric Actuator Operation - sne-gears.com\",\"isPartOf\":{\"@id\":\"https:\/\/sne-gears.com\/#website\"},\"primaryImageOfPage\":{\"@id\":\"https:\/\/sne-gears.com\/product\/m00-double-stages-electric-actuator-operation\/#primaryimage\"},\"image\":{\"@id\":\"https:\/\/sne-gears.com\/product\/m00-double-stages-electric-actuator-operation\/#primaryimage\"},\"thumbnailUrl\":\"https:\/\/sne-gears.com\/wp-content\/uploads\/2024\/07\/1720530407186.png\",\"datePublished\":\"2024-07-09T13:08:41+00:00\",\"dateModified\":\"2024-08-14T12:06:46+00:00\",\"breadcrumb\":{\"@id\":\"https:\/\/sne-gears.com\/product\/m00-double-stages-electric-actuator-operation\/#breadcrumb\"},\"inLanguage\":\"de\",\"potentialAction\":[{\"@type\":\"ReadAction\",\"target\":[\"https:\/\/sne-gears.com\/product\/m00-double-stages-electric-actuator-operation\/\"]}]},{\"@type\":\"ImageObject\",\"inLanguage\":\"de\",\"@id\":\"https:\/\/sne-gears.com\/product\/m00-double-stages-electric-actuator-operation\/#primaryimage\",\"url\":\"https:\/\/sne-gears.com\/wp-content\/uploads\/2024\/07\/1720530407186.png\",\"contentUrl\":\"https:\/\/sne-gears.com\/wp-content\/uploads\/2024\/07\/1720530407186.png\",\"width\":887,\"height\":742},{\"@type\":\"BreadcrumbList\",\"@id\":\"https:\/\/sne-gears.com\/product\/m00-double-stages-electric-actuator-operation\/#breadcrumb\",\"itemListElement\":[{\"@type\":\"ListItem\",\"position\":1,\"name\":\"Home\",\"item\":\"https:\/\/sne-gears.com\/\"},{\"@type\":\"ListItem\",\"position\":2,\"name\":\"Shop\",\"item\":\"https:\/\/sne-gears.com\/shop\/\"},{\"@type\":\"ListItem\",\"position\":3,\"name\":\"M00 Double-Stages Electric Actuator Operation\"}]},{\"@type\":\"WebSite\",\"@id\":\"https:\/\/sne-gears.com\/#website\",\"url\":\"https:\/\/sne-gears.com\/\",\"name\":\"sne-gears.com\",\"description\":\"\",\"potentialAction\":[{\"@type\":\"SearchAction\",\"target\":{\"@type\":\"EntryPoint\",\"urlTemplate\":\"https:\/\/sne-gears.com\/?s={search_term_string}\"},\"query-input\":{\"@type\":\"PropertyValueSpecification\",\"valueRequired\":true,\"valueName\":\"search_term_string\"}}],\"inLanguage\":\"de\"}]}<\/script>\n<!-- \/ Yoast SEO plugin. -->","yoast_head_json":{"title":"M00 Double-Stages Electric Actuator Operation - sne-gears.com","robots":{"index":"index","follow":"follow","max-snippet":"max-snippet:-1","max-image-preview":"max-image-preview:large","max-video-preview":"max-video-preview:-1"},"canonical":"https:\/\/sne-gears.com\/de\/produkt\/m00-double-stages-electric-actuator-operation\/","og_locale":"de_DE","og_type":"article","og_title":"M00 Double-Stages Electric Actuator Operation - sne-gears.com","og_description":"Electric Device Compatibility: Designed to be equipped with electric devices, reducing the size of electric actuators.  Worm Gear Drive: Utilizes a worm gear drive pair for efficient and smooth operation.  Reasonable Structure: Features a rational structure for enhanced reliability and performance.  Easy Assembly: Convenient to assemble for quick and hassle-free installation.  Reliable Self-Locking: Provides dependable self-locking to ensure secure operation.  Ideal for 90\u00b0 Rotating Valves: Suitable for the electric control of butterfly valves, ball valves, plug valves, and other valves requiring 90\u00b0 rotation.","og_url":"https:\/\/sne-gears.com\/de\/produkt\/m00-double-stages-electric-actuator-operation\/","og_site_name":"sne-gears.com","article_modified_time":"2024-08-14T12:06:46+00:00","og_image":[{"width":887,"height":742,"url":"https:\/\/sne-gears.com\/wp-content\/uploads\/2024\/07\/1720530407186.png","type":"image\/png"}],"twitter_card":"summary_large_image","twitter_misc":{"Gesch\u00e4tzte Lesezeit":"2\u00a0Minuten"},"schema":{"@context":"https:\/\/schema.org","@graph":[{"@type":"WebPage","@id":"https:\/\/sne-gears.com\/product\/m00-double-stages-electric-actuator-operation\/","url":"https:\/\/sne-gears.com\/product\/m00-double-stages-electric-actuator-operation\/","name":"M00 Double-Stages Electric Actuator Operation - sne-gears.com","isPartOf":{"@id":"https:\/\/sne-gears.com\/#website"},"primaryImageOfPage":{"@id":"https:\/\/sne-gears.com\/product\/m00-double-stages-electric-actuator-operation\/#primaryimage"},"image":{"@id":"https:\/\/sne-gears.com\/product\/m00-double-stages-electric-actuator-operation\/#primaryimage"},"thumbnailUrl":"https:\/\/sne-gears.com\/wp-content\/uploads\/2024\/07\/1720530407186.png","datePublished":"2024-07-09T13:08:41+00:00","dateModified":"2024-08-14T12:06:46+00:00","breadcrumb":{"@id":"https:\/\/sne-gears.com\/product\/m00-double-stages-electric-actuator-operation\/#breadcrumb"},"inLanguage":"de","potentialAction":[{"@type":"ReadAction","target":["https:\/\/sne-gears.com\/product\/m00-double-stages-electric-actuator-operation\/"]}]},{"@type":"ImageObject","inLanguage":"de","@id":"https:\/\/sne-gears.com\/product\/m00-double-stages-electric-actuator-operation\/#primaryimage","url":"https:\/\/sne-gears.com\/wp-content\/uploads\/2024\/07\/1720530407186.png","contentUrl":"https:\/\/sne-gears.com\/wp-content\/uploads\/2024\/07\/1720530407186.png","width":887,"height":742},{"@type":"BreadcrumbList","@id":"https:\/\/sne-gears.com\/product\/m00-double-stages-electric-actuator-operation\/#breadcrumb","itemListElement":[{"@type":"ListItem","position":1,"name":"Home","item":"https:\/\/sne-gears.com\/"},{"@type":"ListItem","position":2,"name":"Shop","item":"https:\/\/sne-gears.com\/shop\/"},{"@type":"ListItem","position":3,"name":"M00 Double-Stages Electric Actuator Operation"}]},{"@type":"WebSite","@id":"https:\/\/sne-gears.com\/#website","url":"https:\/\/sne-gears.com\/","name":"sne-gears.com","description":"","potentialAction":[{"@type":"SearchAction","target":{"@type":"EntryPoint","urlTemplate":"https:\/\/sne-gears.com\/?s={search_term_string}"},"query-input":{"@type":"PropertyValueSpecification","valueRequired":true,"valueName":"search_term_string"}}],"inLanguage":"de"}]}},"_links":{"self":[{"href":"https:\/\/sne-gears.com\/de\/wp-json\/wp\/v2\/product\/16207","targetHints":{"allow":["GET"]}}],"collection":[{"href":"https:\/\/sne-gears.com\/de\/wp-json\/wp\/v2\/product"}],"about":[{"href":"https:\/\/sne-gears.com\/de\/wp-json\/wp\/v2\/types\/product"}],"replies":[{"embeddable":true,"href":"https:\/\/sne-gears.com\/de\/wp-json\/wp\/v2\/comments?post=16207"}],"version-history":[{"count":39,"href":"https:\/\/sne-gears.com\/de\/wp-json\/wp\/v2\/product\/16207\/revisions"}],"predecessor-version":[{"id":17966,"href":"https:\/\/sne-gears.com\/de\/wp-json\/wp\/v2\/product\/16207\/revisions\/17966"}],"wp:featuredmedia":[{"embeddable":true,"href":"https:\/\/sne-gears.com\/de\/wp-json\/wp\/v2\/media\/16208"}],"wp:attachment":[{"href":"https:\/\/sne-gears.com\/de\/wp-json\/wp\/v2\/media?parent=16207"}],"wp:term":[{"taxonomy":"product_brand","embeddable":true,"href":"https:\/\/sne-gears.com\/de\/wp-json\/wp\/v2\/product_brand?post=16207"},{"taxonomy":"product_cat","embeddable":true,"href":"https:\/\/sne-gears.com\/de\/wp-json\/wp\/v2\/product_cat?post=16207"},{"taxonomy":"product_tag","embeddable":true,"href":"https:\/\/sne-gears.com\/de\/wp-json\/wp\/v2\/product_tag?post=16207"}],"curies":[{"name":"wp","href":"https:\/\/api.w.org\/{rel}","templated":true}]}}