{"id":16211,"date":"2024-07-09T13:13:48","date_gmt":"2024-07-09T13:13:48","guid":{"rendered":"https:\/\/peachpuff-mongoose-868793.hostingersite.com\/?post_type=product&#038;p=16211"},"modified":"2024-08-15T02:26:18","modified_gmt":"2024-08-15T02:26:18","slug":"travelling-nut-drive-device","status":"publish","type":"product","link":"https:\/\/sne-gears.com\/de\/produkt\/travelling-nut-drive-device\/","title":{"rendered":"Laufmutter-Antriebsvorrichtung"},"content":{"rendered":"<div data-elementor-type=\"wp-post\" data-elementor-id=\"16211\" class=\"elementor elementor-16211\">\n\t\t\t\t<div class=\"elementor-element elementor-element-13cb662 e-flex e-con-boxed e-con e-parent\" data-id=\"13cb662\" data-element_type=\"container\" data-e-type=\"container\">\n\t\t\t\t\t<div class=\"e-con-inner\">\n\t\t\t\t<div class=\"elementor-element elementor-element-2a389ae color-scheme-inherit text-left elementor-widget elementor-widget-text-editor\" data-id=\"2a389ae\" data-element_type=\"widget\" data-e-type=\"widget\" data-widget_type=\"text-editor.default\">\n\t\t\t\t<div class=\"elementor-widget-container\">\n\t\t\t\t\t\t\t\t\t<p>Dieses Produkt nimmt eine Schraubenmutter und Schaltgabel \u00dcbertragungsmethode, mit einer angemessenen Struktur, hohe Ausgangsdrehmoment, und zuverl\u00e4ssige Selbsthemmung. Es ist anwendbar auf die Steuerung von Drosselklappe, Kugelhahn, Hahn Ventil und andere Ventile mit 90 \u00b0 Drehung.<\/p>\t\t\t\t\t\t\t\t<\/div>\n\t\t\t\t<\/div>\n\t\t\t\t\t<\/div>\n\t\t\t\t<\/div>\n\t\t<div class=\"elementor-element elementor-element-7734e23 e-flex e-con-boxed e-con e-parent\" data-id=\"7734e23\" data-element_type=\"container\" data-e-type=\"container\">\n\t\t\t\t\t<div class=\"e-con-inner\">\n\t\t\t\t<div class=\"elementor-element elementor-element-bde954d elementor-widget elementor-widget-image\" data-id=\"bde954d\" data-element_type=\"widget\" data-e-type=\"widget\" data-widget_type=\"image.default\">\n\t\t\t\t<div class=\"elementor-widget-container\">\n\t\t\t\t\t\t\t\t\t\t\t\t\t\t\t<img fetchpriority=\"high\" decoding=\"async\" width=\"927\" height=\"398\" src=\"data:image\/gif;base64,R0lGODlhAQABAIAAAAAAAP\/\/\/yH5BAEAAAAALAAAAAABAAEAAAIBRAA7\" data-src=\"https:\/\/sne-gears.com\/wp-content\/uploads\/2024\/07\/1723299919274.png\" class=\"attachment-1536x1536 size-1536x1536 wp-image-17545 lazyload\" alt=\"\" data-srcset=\"https:\/\/sne-gears.com\/wp-content\/uploads\/2024\/07\/1723299919274.png 927w, https:\/\/sne-gears.com\/wp-content\/uploads\/2024\/07\/1723299919274-400x172.png 400w, https:\/\/sne-gears.com\/wp-content\/uploads\/2024\/07\/1723299919274-768x330.png 768w, https:\/\/sne-gears.com\/wp-content\/uploads\/2024\/07\/1723299919274-18x8.png 18w, https:\/\/sne-gears.com\/wp-content\/uploads\/2024\/07\/1723299919274-430x185.png 430w, https:\/\/sne-gears.com\/wp-content\/uploads\/2024\/07\/1723299919274-700x301.png 700w, https:\/\/sne-gears.com\/wp-content\/uploads\/2024\/07\/1723299919274-150x64.png 150w\" sizes=\"(max-width: 927px) 100vw, 927px\" \/><noscript><img decoding=\"async\" width=\"927\" height=\"398\" src=\"https:\/\/sne-gears.com\/wp-content\/uploads\/2024\/07\/1723299919274.png\" class=\"attachment-1536x1536 size-1536x1536 wp-image-17545 lazyload\" alt=\"\" srcset=\"https:\/\/sne-gears.com\/wp-content\/uploads\/2024\/07\/1723299919274.png 927w, https:\/\/sne-gears.com\/wp-content\/uploads\/2024\/07\/1723299919274-400x172.png 400w, https:\/\/sne-gears.com\/wp-content\/uploads\/2024\/07\/1723299919274-768x330.png 768w, https:\/\/sne-gears.com\/wp-content\/uploads\/2024\/07\/1723299919274-18x8.png 18w, https:\/\/sne-gears.com\/wp-content\/uploads\/2024\/07\/1723299919274-430x185.png 430w, https:\/\/sne-gears.com\/wp-content\/uploads\/2024\/07\/1723299919274-700x301.png 700w, https:\/\/sne-gears.com\/wp-content\/uploads\/2024\/07\/1723299919274-150x64.png 150w\" sizes=\"(max-width: 927px) 100vw, 927px\" \/><\/noscript>\t\t\t\t\t\t\t\t\t\t\t\t\t\t\t<\/div>\n\t\t\t\t<\/div>\n\t\t\t\t\t<\/div>\n\t\t\t\t<\/div>\n\t\t<div class=\"elementor-element elementor-element-c785e4e e-flex e-con-boxed e-con e-parent\" data-id=\"c785e4e\" data-element_type=\"container\" data-e-type=\"container\">\n\t\t\t\t\t<div class=\"e-con-inner\">\n\t\t\t\t<div class=\"elementor-element elementor-element-f3ad8ef elementor-widget elementor-widget-heading\" data-id=\"f3ad8ef\" data-element_type=\"widget\" data-e-type=\"widget\" data-widget_type=\"heading.default\">\n\t\t\t\t<div class=\"elementor-widget-container\">\n\t\t\t\t\t<h2 class=\"elementor-heading-title elementor-size-default\">\nTabelle der Umrissabmessungen<\/h2>\t\t\t\t<\/div>\n\t\t\t\t<\/div>\n\t\t\t\t\t<\/div>\n\t\t\t\t<\/div>\n\t\t<div class=\"elementor-element elementor-element-3af49e1 e-flex e-con-boxed e-con e-parent\" data-id=\"3af49e1\" data-element_type=\"container\" data-e-type=\"container\">\n\t\t\t\t\t<div class=\"e-con-inner\">\n\t\t\t\t<div class=\"elementor-element elementor-element-4d10b39 color-scheme-inherit text-left elementor-widget elementor-widget-text-editor\" data-id=\"4d10b39\" data-element_type=\"widget\" data-e-type=\"widget\" data-widget_type=\"text-editor.default\">\n\t\t\t\t<div class=\"elementor-widget-container\">\n\t\t\t\t\t\t\t\t\t<table dir=\"ltr\" cellspacing=\"0\" cellpadding=\"0\" data-sheets-root=\"1\" data-sheets-baot=\"1\"><colgroup> <col width=\"46\" \/> <col width=\"61\" \/> <col width=\"305\" \/> <col width=\"305\" \/> <col width=\"305\" \/> <col width=\"305\" \/> <col width=\"305\" \/> <col width=\"305\" \/> <col width=\"305\" \/> <col width=\"305\" \/> <col width=\"305\" \/> <col width=\"305\" \/> <col width=\"305\" \/> <col width=\"305\" \/> <col width=\"305\" \/> <col width=\"305\" \/> <col width=\"305\" \/> <col width=\"305\" \/> <col width=\"305\" \/> <col width=\"305\" \/><\/colgroup><tbody><tr><td>Modell<\/td><td>d (mm)<\/td><td>b (mm)<\/td><td>t (mm)<\/td><td>D1 (mm)<\/td><td>4-M<\/td><td>A (mm)<\/td><td>B (mm)<\/td><td>C (mm)<\/td><td>D (mm)<\/td><td>E (mm)<\/td><td>H (mm)<\/td><td>h (mm)<\/td><td>\u00a0<\/td><td>\u00a0<\/td><td>\u00a0<\/td><td>\u00a0<\/td><td>\u00a0<\/td><td>\u00a0<\/td><td>\u00a0<\/td><\/tr><tr><td>MS60<\/td><td>35<\/td><td>8<\/td><td>42.4<\/td><td>125<\/td><td>4-M12<\/td><td>216<\/td><td>168<\/td><td>318<\/td><td>153<\/td><td>37.5<\/td><td>109.5<\/td><td>60<\/td><td>\u00a0<\/td><td>\u00a0<\/td><td>\u00a0<\/td><td>\u00a0<\/td><td>\u00a0<\/td><td>\u00a0<\/td><td>\u00a0<\/td><\/tr><tr><td>MS80<\/td><td>35<\/td><td>8<\/td><td>42.4<\/td><td>125<\/td><td>4-M12<\/td><td>241<\/td><td>186<\/td><td>362<\/td><td>153<\/td><td>51<\/td><td>128.5<\/td><td>71.5<\/td><td>\u00a0<\/td><td>\u00a0<\/td><td>\u00a0<\/td><td>\u00a0<\/td><td>\u00a0<\/td><td>\u00a0<\/td><td>\u00a0<\/td><\/tr><tr><td>MS140<\/td><td>47.7<\/td><td>12.7<\/td><td>58.9<\/td><td>165<\/td><td>4-M20<\/td><td>341<\/td><td>288<\/td><td>536<\/td><td>210<\/td><td>88<\/td><td>184<\/td><td>100.5<\/td><td>\u00a0<\/td><td>\u00a0<\/td><td>\u00a0<\/td><td>\u00a0<\/td><td>\u00a0<\/td><td>\u00a0<\/td><td>\u00a0<\/td><\/tr><tr><td>MS200<\/td><td>57.2<\/td><td>12.7<\/td><td>68.8<\/td><td>165<\/td><td>4-M20<\/td><td>383<\/td><td>391<\/td><td>624<\/td><td>300<\/td><td>125<\/td><td>188<\/td><td>101<\/td><td>\u00a0<\/td><td>\u00a0<\/td><td>\u00a0<\/td><td>\u00a0<\/td><td>\u00a0<\/td><td>\u00a0<\/td><td>\u00a0<\/td><\/tr><\/tbody><\/table>\t\t\t\t\t\t\t\t<\/div>\n\t\t\t\t<\/div>\n\t\t\t\t\t<\/div>\n\t\t\t\t<\/div>\n\t\t<div class=\"elementor-element elementor-element-598ad53 e-flex e-con-boxed e-con e-parent\" data-id=\"598ad53\" data-element_type=\"container\" data-e-type=\"container\">\n\t\t\t\t\t<div class=\"e-con-inner\">\n\t\t\t\t<div class=\"elementor-element elementor-element-b5f8716 elementor-widget elementor-widget-heading\" data-id=\"b5f8716\" data-element_type=\"widget\" data-e-type=\"widget\" data-widget_type=\"heading.default\">\n\t\t\t\t<div class=\"elementor-widget-container\">\n\t\t\t\t\t<h2 class=\"elementor-heading-title elementor-size-default\">Technische Parameter<\/h2>\t\t\t\t<\/div>\n\t\t\t\t<\/div>\n\t\t\t\t\t<\/div>\n\t\t\t\t<\/div>\n\t\t<div class=\"elementor-element elementor-element-e9384e8 e-flex e-con-boxed e-con e-parent\" data-id=\"e9384e8\" data-element_type=\"container\" data-e-type=\"container\">\n\t\t\t\t\t<div class=\"e-con-inner\">\n\t\t\t\t<div class=\"elementor-element elementor-element-f49f7c6 color-scheme-inherit text-left elementor-widget elementor-widget-text-editor\" data-id=\"f49f7c6\" data-element_type=\"widget\" data-e-type=\"widget\" data-widget_type=\"text-editor.default\">\n\t\t\t\t<div class=\"elementor-widget-container\">\n\t\t\t\t\t\t\t\t\t<table><thead><tr><th>Modell<\/th><th>Drehmoment (Nm)<\/th><th>Ratio<\/th><th>Eingang (Nm)<\/th><th>Bohrung max (mm)<\/th><th>Flansch (min\/max)<\/th><\/tr><\/thead><tbody><tr><td>MS60<\/td><td>600<\/td><td>60:1<\/td><td>60<\/td><td>35<\/td><td>F07, F10, F12<\/td><\/tr><tr><td>MS80<\/td><td>1500<\/td><td>80:1<\/td><td>120<\/td><td>40<\/td><td>F10, F12<\/td><\/tr><tr><td>MS140<\/td><td>3600<\/td><td>140:1<\/td><td>160<\/td><td>60<\/td><td>F14, F16<\/td><\/tr><tr><td>MS200<\/td><td>6800<\/td><td>200:1<\/td><td>180<\/td><td>80<\/td><td>F16, F25<\/td><\/tr><\/tbody><\/table>\t\t\t\t\t\t\t\t<\/div>\n\t\t\t\t<\/div>\n\t\t\t\t\t<\/div>\n\t\t\t\t<\/div>\n\t\t\t\t<\/div>","protected":false},"excerpt":{"rendered":"<ul>\n<li><strong>Schraubenmutter &amp; Schaltgabel Getriebe<\/strong>: Nimmt eine Schraubenmutter und Schaltgabel \u00dcbertragungsmethode f\u00fcr effiziente Leistung.<\/li>\n<li><strong>Vern\u00fcnftige Struktur<\/strong>: Rationale Struktur f\u00fcr erh\u00f6hte Zuverl\u00e4ssigkeit.<\/li>\n<li><strong>Hohes Ausgangsdrehmoment<\/strong>: Gro\u00dfes Ausgangsdrehmoment f\u00fcr robusten Betrieb.<\/li>\n<li><strong>Zuverl\u00e4ssige Selbstverriegelung<\/strong>: Gew\u00e4hrleistet eine sichere und zuverl\u00e4ssige Selbstverriegelung.<\/li>\n<li><strong>Ideal f\u00fcr 90\u00b0 drehbare Ventile<\/strong>: Geeignet f\u00fcr die Steuerung von Absperrklappen, Kugelh\u00e4hnen, K\u00fckenh\u00e4hnen und anderen Ventilen mit 90\u00b0-Drehung.<\/li>\n<\/ul>","protected":false},"featured_media":16212,"comment_status":"open","ping_status":"closed","template":"","meta":[],"product_brand":[],"product_cat":[100,107],"product_tag":[],"class_list":{"0":"post-16211","1":"product","2":"type-product","3":"status-publish","4":"has-post-thumbnail","6":"product_cat-gearbox","7":"product_cat-travelling-nut-actuator","9":"first","10":"instock","11":"shipping-taxable","12":"product-type-simple"},"yoast_head":"<!-- This site is optimized with the Yoast SEO plugin v27.4 - https:\/\/yoast.com\/product\/yoast-seo-wordpress\/ -->\n<title>Travelling Nut Drive Device - sne-gears.com<\/title>\n<meta name=\"robots\" content=\"index, follow, max-snippet:-1, max-image-preview:large, max-video-preview:-1\" \/>\n<link rel=\"canonical\" href=\"https:\/\/sne-gears.com\/de\/produkt\/travelling-nut-drive-device\/\" \/>\n<meta property=\"og:locale\" content=\"de_DE\" \/>\n<meta property=\"og:type\" content=\"article\" \/>\n<meta property=\"og:title\" content=\"Travelling Nut Drive Device - sne-gears.com\" \/>\n<meta property=\"og:description\" content=\"Screw Nut &amp; Shifting Fork Transmission: Adopts a screw nut and shifting fork transmission method for efficient performance.  Reasonable Structure: Engineered with a rational structure for enhanced reliability.  High Output Torque: Delivers large output torque for robust operation.  Reliable Self-Locking: Ensures secure and dependable self-locking.  Ideal for 90\u00b0 Rotation Valves: Suitable for the control of butterfly valves, ball valves, plug valves, and other valves with 90\u00b0 rotation.\" \/>\n<meta property=\"og:url\" content=\"https:\/\/sne-gears.com\/de\/produkt\/travelling-nut-drive-device\/\" \/>\n<meta property=\"og:site_name\" content=\"sne-gears.com\" \/>\n<meta property=\"article:modified_time\" content=\"2024-08-15T02:26:18+00:00\" \/>\n<meta property=\"og:image\" content=\"https:\/\/sne-gears.com\/wp-content\/uploads\/2024\/07\/1720530657554-1067x800.png\" \/>\n\t<meta property=\"og:image:width\" content=\"1067\" \/>\n\t<meta property=\"og:image:height\" content=\"800\" \/>\n\t<meta property=\"og:image:type\" content=\"image\/png\" \/>\n<meta name=\"twitter:card\" content=\"summary_large_image\" \/>\n<meta name=\"twitter:label1\" content=\"Gesch\u00e4tzte Lesezeit\" \/>\n\t<meta name=\"twitter:data1\" content=\"1\u00a0Minute\" \/>\n<script type=\"application\/ld+json\" class=\"yoast-schema-graph\">{\"@context\":\"https:\\\/\\\/schema.org\",\"@graph\":[{\"@type\":\"WebPage\",\"@id\":\"https:\\\/\\\/sne-gears.com\\\/de\\\/produkt\\\/travelling-nut-drive-device\\\/\",\"url\":\"https:\\\/\\\/sne-gears.com\\\/de\\\/produkt\\\/travelling-nut-drive-device\\\/\",\"name\":\"Travelling Nut Drive Device - sne-gears.com\",\"isPartOf\":{\"@id\":\"https:\\\/\\\/sne-gears.com\\\/de\\\/#website\"},\"primaryImageOfPage\":{\"@id\":\"https:\\\/\\\/sne-gears.com\\\/de\\\/produkt\\\/travelling-nut-drive-device\\\/#primaryimage\"},\"image\":{\"@id\":\"https:\\\/\\\/sne-gears.com\\\/de\\\/produkt\\\/travelling-nut-drive-device\\\/#primaryimage\"},\"thumbnailUrl\":\"https:\\\/\\\/sne-gears.com\\\/wp-content\\\/uploads\\\/2024\\\/07\\\/1720530657554.png\",\"datePublished\":\"2024-07-09T13:13:48+00:00\",\"dateModified\":\"2024-08-15T02:26:18+00:00\",\"breadcrumb\":{\"@id\":\"https:\\\/\\\/sne-gears.com\\\/de\\\/produkt\\\/travelling-nut-drive-device\\\/#breadcrumb\"},\"inLanguage\":\"de\",\"potentialAction\":[{\"@type\":\"ReadAction\",\"target\":[\"https:\\\/\\\/sne-gears.com\\\/de\\\/produkt\\\/travelling-nut-drive-device\\\/\"]}]},{\"@type\":\"ImageObject\",\"inLanguage\":\"de\",\"@id\":\"https:\\\/\\\/sne-gears.com\\\/de\\\/produkt\\\/travelling-nut-drive-device\\\/#primaryimage\",\"url\":\"https:\\\/\\\/sne-gears.com\\\/wp-content\\\/uploads\\\/2024\\\/07\\\/1720530657554.png\",\"contentUrl\":\"https:\\\/\\\/sne-gears.com\\\/wp-content\\\/uploads\\\/2024\\\/07\\\/1720530657554.png\",\"width\":4032,\"height\":3024},{\"@type\":\"BreadcrumbList\",\"@id\":\"https:\\\/\\\/sne-gears.com\\\/de\\\/produkt\\\/travelling-nut-drive-device\\\/#breadcrumb\",\"itemListElement\":[{\"@type\":\"ListItem\",\"position\":1,\"name\":\"Home\",\"item\":\"https:\\\/\\\/sne-gears.com\\\/ru\\\/\"},{\"@type\":\"ListItem\",\"position\":2,\"name\":\"Shop\",\"item\":\"https:\\\/\\\/sne-gears.com\\\/fr\\\/shop\\\/\"},{\"@type\":\"ListItem\",\"position\":3,\"name\":\"Travelling Nut Drive Device\"}]},{\"@type\":\"WebSite\",\"@id\":\"https:\\\/\\\/sne-gears.com\\\/de\\\/#website\",\"url\":\"https:\\\/\\\/sne-gears.com\\\/de\\\/\",\"name\":\"sne-gears.com\",\"description\":\"\",\"potentialAction\":[{\"@type\":\"SearchAction\",\"target\":{\"@type\":\"EntryPoint\",\"urlTemplate\":\"https:\\\/\\\/sne-gears.com\\\/de\\\/?s={search_term_string}\"},\"query-input\":{\"@type\":\"PropertyValueSpecification\",\"valueRequired\":true,\"valueName\":\"search_term_string\"}}],\"inLanguage\":\"de\"}]}<\/script>\n<!-- \/ Yoast SEO plugin. -->","yoast_head_json":{"title":"Travelling Nut Drive Device - sne-gears.com","robots":{"index":"index","follow":"follow","max-snippet":"max-snippet:-1","max-image-preview":"max-image-preview:large","max-video-preview":"max-video-preview:-1"},"canonical":"https:\/\/sne-gears.com\/de\/produkt\/travelling-nut-drive-device\/","og_locale":"de_DE","og_type":"article","og_title":"Travelling Nut Drive Device - sne-gears.com","og_description":"Screw Nut &amp; Shifting Fork Transmission: Adopts a screw nut and shifting fork transmission method for efficient performance.  Reasonable Structure: Engineered with a rational structure for enhanced reliability.  High Output Torque: Delivers large output torque for robust operation.  Reliable Self-Locking: Ensures secure and dependable self-locking.  Ideal for 90\u00b0 Rotation Valves: Suitable for the control of butterfly valves, ball valves, plug valves, and other valves with 90\u00b0 rotation.","og_url":"https:\/\/sne-gears.com\/de\/produkt\/travelling-nut-drive-device\/","og_site_name":"sne-gears.com","article_modified_time":"2024-08-15T02:26:18+00:00","og_image":[{"width":1067,"height":800,"url":"https:\/\/sne-gears.com\/wp-content\/uploads\/2024\/07\/1720530657554-1067x800.png","type":"image\/png"}],"twitter_card":"summary_large_image","twitter_misc":{"Gesch\u00e4tzte Lesezeit":"1\u00a0Minute"},"schema":{"@context":"https:\/\/schema.org","@graph":[{"@type":"WebPage","@id":"https:\/\/sne-gears.com\/de\/produkt\/travelling-nut-drive-device\/","url":"https:\/\/sne-gears.com\/de\/produkt\/travelling-nut-drive-device\/","name":"Travelling Nut Drive Device - sne-gears.com","isPartOf":{"@id":"https:\/\/sne-gears.com\/de\/#website"},"primaryImageOfPage":{"@id":"https:\/\/sne-gears.com\/de\/produkt\/travelling-nut-drive-device\/#primaryimage"},"image":{"@id":"https:\/\/sne-gears.com\/de\/produkt\/travelling-nut-drive-device\/#primaryimage"},"thumbnailUrl":"https:\/\/sne-gears.com\/wp-content\/uploads\/2024\/07\/1720530657554.png","datePublished":"2024-07-09T13:13:48+00:00","dateModified":"2024-08-15T02:26:18+00:00","breadcrumb":{"@id":"https:\/\/sne-gears.com\/de\/produkt\/travelling-nut-drive-device\/#breadcrumb"},"inLanguage":"de","potentialAction":[{"@type":"ReadAction","target":["https:\/\/sne-gears.com\/de\/produkt\/travelling-nut-drive-device\/"]}]},{"@type":"ImageObject","inLanguage":"de","@id":"https:\/\/sne-gears.com\/de\/produkt\/travelling-nut-drive-device\/#primaryimage","url":"https:\/\/sne-gears.com\/wp-content\/uploads\/2024\/07\/1720530657554.png","contentUrl":"https:\/\/sne-gears.com\/wp-content\/uploads\/2024\/07\/1720530657554.png","width":4032,"height":3024},{"@type":"BreadcrumbList","@id":"https:\/\/sne-gears.com\/de\/produkt\/travelling-nut-drive-device\/#breadcrumb","itemListElement":[{"@type":"ListItem","position":1,"name":"Home","item":"https:\/\/sne-gears.com\/ru\/"},{"@type":"ListItem","position":2,"name":"Shop","item":"https:\/\/sne-gears.com\/fr\/shop\/"},{"@type":"ListItem","position":3,"name":"Travelling Nut Drive Device"}]},{"@type":"WebSite","@id":"https:\/\/sne-gears.com\/de\/#website","url":"https:\/\/sne-gears.com\/de\/","name":"sne-gears.com","description":"","potentialAction":[{"@type":"SearchAction","target":{"@type":"EntryPoint","urlTemplate":"https:\/\/sne-gears.com\/de\/?s={search_term_string}"},"query-input":{"@type":"PropertyValueSpecification","valueRequired":true,"valueName":"search_term_string"}}],"inLanguage":"de"}]}},"_links":{"self":[{"href":"https:\/\/sne-gears.com\/de\/wp-json\/wp\/v2\/product\/16211","targetHints":{"allow":["GET"]}}],"collection":[{"href":"https:\/\/sne-gears.com\/de\/wp-json\/wp\/v2\/product"}],"about":[{"href":"https:\/\/sne-gears.com\/de\/wp-json\/wp\/v2\/types\/product"}],"replies":[{"embeddable":true,"href":"https:\/\/sne-gears.com\/de\/wp-json\/wp\/v2\/comments?post=16211"}],"version-history":[{"count":47,"href":"https:\/\/sne-gears.com\/de\/wp-json\/wp\/v2\/product\/16211\/revisions"}],"predecessor-version":[{"id":18040,"href":"https:\/\/sne-gears.com\/de\/wp-json\/wp\/v2\/product\/16211\/revisions\/18040"}],"wp:featuredmedia":[{"embeddable":true,"href":"https:\/\/sne-gears.com\/de\/wp-json\/wp\/v2\/media\/16212"}],"wp:attachment":[{"href":"https:\/\/sne-gears.com\/de\/wp-json\/wp\/v2\/media?parent=16211"}],"wp:term":[{"taxonomy":"product_brand","embeddable":true,"href":"https:\/\/sne-gears.com\/de\/wp-json\/wp\/v2\/product_brand?post=16211"},{"taxonomy":"product_cat","embeddable":true,"href":"https:\/\/sne-gears.com\/de\/wp-json\/wp\/v2\/product_cat?post=16211"},{"taxonomy":"product_tag","embeddable":true,"href":"https:\/\/sne-gears.com\/de\/wp-json\/wp\/v2\/product_tag?post=16211"}],"curies":[{"name":"wp","href":"https:\/\/api.w.org\/{rel}","templated":true}]}}