{"id":16220,"date":"2024-07-09T13:26:09","date_gmt":"2024-07-09T13:26:09","guid":{"rendered":"https:\/\/sne-gears.com\/?post_type=product&#038;p=16220"},"modified":"2024-08-14T12:03:54","modified_gmt":"2024-08-14T12:03:54","slug":"basic-double-stages-drive-gearbox","status":"publish","type":"product","link":"https:\/\/sne-gears.com\/de\/produkt\/basic-double-stages-drive-gearbox\/","title":{"rendered":"Zweistufiges Basis-Getriebe"},"content":{"rendered":"<div data-elementor-type=\"wp-post\" data-elementor-id=\"16220\" class=\"elementor elementor-16220\">\n\t\t\t\t<div class=\"elementor-element elementor-element-85ed53f e-flex e-con-boxed e-con e-parent\" data-id=\"85ed53f\" data-element_type=\"container\">\n\t\t\t\t\t<div class=\"e-con-inner\">\n\t\t\t\t<div class=\"elementor-element elementor-element-382edce elementor-widget elementor-widget-image\" data-id=\"382edce\" data-element_type=\"widget\" data-widget_type=\"image.default\">\n\t\t\t\t<div class=\"elementor-widget-container\">\n\t\t\t\t\t\t\t\t\t\t\t\t\t\t\t<img fetchpriority=\"high\" decoding=\"async\" width=\"1200\" height=\"600\" src=\"data:image\/gif;base64,R0lGODlhAQABAIAAAAAAAP\/\/\/yH5BAEAAAAALAAAAAABAAEAAAIBRAA7\" data-src=\"https:\/\/sne-gears.com\/wp-content\/uploads\/2024\/07\/259.jpg\" class=\"attachment-1536x1536 size-1536x1536 wp-image-17141 lazyload\" alt=\"\" data-srcset=\"https:\/\/sne-gears.com\/wp-content\/uploads\/2024\/07\/259.jpg 1200w, https:\/\/sne-gears.com\/wp-content\/uploads\/2024\/07\/259-400x200.jpg 400w, https:\/\/sne-gears.com\/wp-content\/uploads\/2024\/07\/259-768x384.jpg 768w, https:\/\/sne-gears.com\/wp-content\/uploads\/2024\/07\/259-18x9.jpg 18w, https:\/\/sne-gears.com\/wp-content\/uploads\/2024\/07\/259-430x215.jpg 430w, https:\/\/sne-gears.com\/wp-content\/uploads\/2024\/07\/259-700x350.jpg 700w, https:\/\/sne-gears.com\/wp-content\/uploads\/2024\/07\/259-150x75.jpg 150w\" sizes=\"(max-width: 1200px) 100vw, 1200px\" \/><noscript><img decoding=\"async\" width=\"1200\" height=\"600\" src=\"https:\/\/sne-gears.com\/wp-content\/uploads\/2024\/07\/259.jpg\" class=\"attachment-1536x1536 size-1536x1536 wp-image-17141 lazyload\" alt=\"\" srcset=\"https:\/\/sne-gears.com\/wp-content\/uploads\/2024\/07\/259.jpg 1200w, https:\/\/sne-gears.com\/wp-content\/uploads\/2024\/07\/259-400x200.jpg 400w, https:\/\/sne-gears.com\/wp-content\/uploads\/2024\/07\/259-768x384.jpg 768w, https:\/\/sne-gears.com\/wp-content\/uploads\/2024\/07\/259-18x9.jpg 18w, https:\/\/sne-gears.com\/wp-content\/uploads\/2024\/07\/259-430x215.jpg 430w, https:\/\/sne-gears.com\/wp-content\/uploads\/2024\/07\/259-700x350.jpg 700w, https:\/\/sne-gears.com\/wp-content\/uploads\/2024\/07\/259-150x75.jpg 150w\" sizes=\"(max-width: 1200px) 100vw, 1200px\" \/><\/noscript>\t\t\t\t\t\t\t\t\t\t\t\t\t\t\t<\/div>\n\t\t\t\t<\/div>\n\t\t\t\t\t<\/div>\n\t\t\t\t<\/div>\n\t\t<div class=\"elementor-element elementor-element-9b45242 e-flex e-con-boxed e-con e-parent\" data-id=\"9b45242\" data-element_type=\"container\">\n\t\t\t\t\t<div class=\"e-con-inner\">\n\t\t\t\t<div class=\"elementor-element elementor-element-3effea0 elementor-widget elementor-widget-heading\" data-id=\"3effea0\" data-element_type=\"widget\" data-widget_type=\"heading.default\">\n\t\t\t\t<div class=\"elementor-widget-container\">\n\t\t\t\t\t<h2 class=\"elementor-heading-title elementor-size-default\">Tabelle der Umrissabmessungen\n<\/h2>\t\t\t\t<\/div>\n\t\t\t\t<\/div>\n\t\t\t\t\t<\/div>\n\t\t\t\t<\/div>\n\t\t<div class=\"elementor-element elementor-element-459c749 e-flex e-con-boxed e-con e-parent\" data-id=\"459c749\" data-element_type=\"container\">\n\t\t\t\t\t<div class=\"e-con-inner\">\n\t\t\t\t<div class=\"elementor-element elementor-element-1b072bd color-scheme-inherit text-left elementor-widget elementor-widget-text-editor\" data-id=\"1b072bd\" data-element_type=\"widget\" data-widget_type=\"text-editor.default\">\n\t\t\t\t<div class=\"elementor-widget-container\">\n\t\t\t\t\t\t\t\t\t<table><thead><tr><th>Modell<\/th><th>A (mm)<\/th><th>B (mm)<\/th><th>C (mm)<\/th><th>D (mm)<\/th><th>E (mm)<\/th><th>H (mm)<\/th><th>\u03a6 (mm)<\/th><th>K (mm)<\/th><th>Q (mm)<\/th><th>M (mm)<\/th><th>K1 (mm)<\/th><\/tr><\/thead><tbody><tr><td>3D-15\/17<\/td><td>50<\/td><td>111<\/td><td>96<\/td><td>300<\/td><td>60<\/td><td>86<\/td><td>200<\/td><td>47<\/td><td>130<\/td><td>162<\/td><td>38<\/td><\/tr><tr><td>3D-15\/75<\/td><td>50<\/td><td>121<\/td><td>106<\/td><td>330<\/td><td>70.5<\/td><td>88<\/td><td>200<\/td><td>47<\/td><td>150<\/td><td>162<\/td><td>38<\/td><\/tr><tr><td>3D-15\/120<\/td><td>50<\/td><td>121<\/td><td>106<\/td><td>348<\/td><td>78<\/td><td>88<\/td><td>200<\/td><td>47<\/td><td>170<\/td><td>162<\/td><td>40<\/td><\/tr><tr><td>3D-30\/250<\/td><td>65<\/td><td>160<\/td><td>135<\/td><td>421<\/td><td>90<\/td><td>105<\/td><td>300<\/td><td>63<\/td><td>200<\/td><td>208<\/td><td>50<\/td><\/tr><tr><td>3D-30\/300<\/td><td>65<\/td><td>160<\/td><td>160<\/td><td>423<\/td><td>90<\/td><td>123<\/td><td>380<\/td><td>63<\/td><td>250<\/td><td>215<\/td><td>57<\/td><\/tr><tr><td>3D-30\/400<\/td><td>65<\/td><td>185<\/td><td>160<\/td><td>500<\/td><td>125<\/td><td>129<\/td><td>380<\/td><td>63<\/td><td>278<\/td><td>215<\/td><td>63<\/td><\/tr><tr><td>3D-60\/800<\/td><td>69<\/td><td>218<\/td><td>160<\/td><td>543<\/td><td>160<\/td><td>132<\/td><td>380<\/td><td>78<\/td><td>330<\/td><td>213<\/td><td>66<\/td><\/tr><\/tbody><\/table>\t\t\t\t\t\t\t\t<\/div>\n\t\t\t\t<\/div>\n\t\t\t\t\t<\/div>\n\t\t\t\t<\/div>\n\t\t<div class=\"elementor-element elementor-element-450b4e2 e-flex e-con-boxed e-con e-parent\" data-id=\"450b4e2\" data-element_type=\"container\">\n\t\t\t\t\t<div class=\"e-con-inner\">\n\t\t\t\t<div class=\"elementor-element elementor-element-b7a6023 elementor-widget elementor-widget-heading\" data-id=\"b7a6023\" data-element_type=\"widget\" data-widget_type=\"heading.default\">\n\t\t\t\t<div class=\"elementor-widget-container\">\n\t\t\t\t\t<h2 class=\"elementor-heading-title elementor-size-default\">Tabelle der Anschlussma\u00dfe<\/h2>\t\t\t\t<\/div>\n\t\t\t\t<\/div>\n\t\t\t\t\t<\/div>\n\t\t\t\t<\/div>\n\t\t<div class=\"elementor-element elementor-element-0e43822 e-flex e-con-boxed e-con e-parent\" data-id=\"0e43822\" data-element_type=\"container\">\n\t\t\t\t\t<div class=\"e-con-inner\">\n\t\t\t\t<div class=\"elementor-element elementor-element-f485d96 color-scheme-inherit text-left elementor-widget elementor-widget-text-editor\" data-id=\"f485d96\" data-element_type=\"widget\" data-widget_type=\"text-editor.default\">\n\t\t\t\t<div class=\"elementor-widget-container\">\n\t\t\t\t\t\t\t\t\t<table style=\"color: #333333; font-size: 16px;\"><tbody><tr><td><p><strong><b>Modell<\/b><\/strong><\/p><\/td><td><p><strong><b>Verf\u00fcgbare \u00d6ffnung der Absperrklappe (mm\/Zoll)<\/b><\/strong><\/p><\/td><td><p><strong><b>d (mm)<\/b><\/strong><\/p><\/td><td><p><strong><b>b (mm)<\/b><\/strong><\/p><\/td><td><p><strong><b>t (mm)<\/b><\/strong><\/p><\/td><td><p><strong><b>D3 (mm)<\/b><\/strong><\/p><\/td><td><p><strong><b>h (mm)<\/b><\/strong><\/p><\/td><td><p><strong><b>D2 (mm)<\/b><\/strong><\/p><\/td><td><p><strong><b>D1 (mm)<\/b><\/strong><\/p><\/td><td><p><strong><b>n-d1<\/b><\/strong><\/p><\/td><\/tr><tr><td><p>3D-15\/17<\/p><\/td><td><p>Metrisch: 50-80 \/ Britisch: 2\u2033-3\u2033.<\/p><\/td><td><p>12.7<\/p><\/td><td><p>3<\/p><\/td><td><p>15.5<\/p><\/td><td><p>&#8211;<\/p><\/td><td><p>&#8211;<\/p><\/td><td><p>57.15<\/p><\/td><td><p>92<\/p><\/td><td><p>4-M6<\/p><\/td><\/tr><tr><td>\u00a0<\/td><td><p>Metrisch: 100 \/ Britisch: 4\u2033.<\/p><\/td><td><p>15.9<\/p><\/td><td><p>5<\/p><\/td><td><p>20.5<\/p><\/td><td><p>&#8211;<\/p><\/td><td><p>&#8211;<\/p><\/td><td><p>69.85<\/p><\/td><td><p>92<\/p><\/td><td><p>4-M8<\/p><\/td><\/tr><tr><td>\u00a0<\/td><td><p>Metrisch: 125-150 \/ Britisch: 5\u2033-6\u2033<\/p><\/td><td><p>19.05<\/p><\/td><td><p>5<\/p><\/td><td><p>23.65<\/p><\/td><td><p>&#8211;<\/p><\/td><td><p>&#8211;<\/p><\/td><td><p>69.85<\/p><\/td><td><p>92<\/p><\/td><td><p>4-M8<\/p><\/td><\/tr><tr><td><p>3D-15\/75<\/p><\/td><td><p>Metrisch: 200 \/ Britisch: 8\u2033.<\/p><\/td><td><p>22.2<\/p><\/td><td><p>5<\/p><\/td><td><p>26.8<\/p><\/td><td><p>&#8211;<\/p><\/td><td><p>&#8211;<\/p><\/td><td><p>88.9<\/p><\/td><td><p>125<\/p><\/td><td><p>4-M12<\/p><\/td><\/tr><tr><td>\u00a0<\/td><td><p>Metrisch: 250 \/ Britisch: 10\u2033.<\/p><\/td><td><p>28.6<\/p><\/td><td><p>8<\/p><\/td><td><p>35.2<\/p><\/td><td><p>&#8211;<\/p><\/td><td><p>&#8211;<\/p><\/td><td><p>&#8211;<\/p><\/td><td><p>125<\/p><\/td><td><p>4-M12<\/p><\/td><\/tr><tr><td><p>3D-15\/120<\/p><\/td><td><p>Metrisch: 300 \/ Britisch: 12\u2033.<\/p><\/td><td><p>31.8<\/p><\/td><td><p>8<\/p><\/td><td><p>38.4<\/p><\/td><td><p>&#8211;<\/p><\/td><td><p>&#8211;<\/p><\/td><td><p>108<\/p><\/td><td><p>140<\/p><\/td><td><p>4-M12<\/p><\/td><\/tr><tr><td>\u00a0<\/td><td><p>Metrisch: 350 \/ Britisch: 14\u2033.<\/p><\/td><td><p>31.8<\/p><\/td><td><p>8<\/p><\/td><td><p>38.4<\/p><\/td><td><p>&#8211;<\/p><\/td><td><p>&#8211;<\/p><\/td><td><p>&#8211;<\/p><\/td><td><p>140<\/p><\/td><td><p>4-M12<\/p><\/td><\/tr><tr><td><p>3D-30\/250<\/p><\/td><td><p>Metrisch: 400 \/ Britisch: 16\u2033.<\/p><\/td><td><p>33.3<\/p><\/td><td><p>10<\/p><\/td><td><p>39.9<\/p><\/td><td><p>&#8211;<\/p><\/td><td><p>&#8211;<\/p><\/td><td><p>158.75<\/p><\/td><td><p>200<\/p><\/td><td><p>4-M18<\/p><\/td><\/tr><tr><td><p>3D-30\/300<\/p><\/td><td><p>Metrisch: 450 \/ Britisch: 18\u2033.<\/p><\/td><td><p>38.1<\/p><\/td><td><p>10<\/p><\/td><td><p>44.7<\/p><\/td><td><p>&#8211;<\/p><\/td><td><p>&#8211;<\/p><\/td><td><p>158.75<\/p><\/td><td><p>200<\/p><\/td><td><p>4-M18<\/p><\/td><\/tr><tr><td>\u00a0<\/td><td><p>Metrisch: 500 \/ Britisch: 20\u2033.<\/p><\/td><td><p>50.8<\/p><\/td><td><p>16<\/p><\/td><td><p>59.4<\/p><\/td><td><p>&#8211;<\/p><\/td><td><p>&#8211;<\/p><\/td><td><p>215.9<\/p><\/td><td><p>278<\/p><\/td><td><p>4-M18<\/p><\/td><\/tr><tr><td><p>3D-30\/400<\/p><\/td><td><p>Metrisch: 600 \/ Britisch: 24\u2033.<\/p><\/td><td><p>55<\/p><\/td><td><p>16<\/p><\/td><td><p>63.6<\/p><\/td><td><p>&#8211;<\/p><\/td><td><p>&#8211;<\/p><\/td><td><p>254<\/p><\/td><td><p>300<\/p><\/td><td><p>8-M16<\/p><\/td><\/tr><tr><td><p>3D-60\/800<\/p><\/td><td><p>Metrisch: 700 \/ Britisch: 28\u2033.<\/p><\/td><td><p>55<\/p><\/td><td><p>16<\/p><\/td><td><p>63.6<\/p><\/td><td><p>&#8211;<\/p><\/td><td><p>&#8211;<\/p><\/td><td><p>&#8211;<\/p><\/td><td><p>300<\/p><\/td><td><p>8-M16<\/p><\/td><\/tr><tr><td>\u00a0<\/td><td><p>Metrisch: 800 \/ Britisch: 32\u2033.<\/p><\/td><td><p>55<\/p><\/td><td><p>16<\/p><\/td><td><p>63.6<\/p><\/td><td><p>&#8211;<\/p><\/td><td><p>&#8211;<\/p><\/td><td><p>&#8211;<\/p><\/td><td><p>300<\/p><\/td><td><p>8-M16<\/p><\/td><\/tr><\/tbody><\/table>\t\t\t\t\t\t\t\t<\/div>\n\t\t\t\t<\/div>\n\t\t\t\t\t<\/div>\n\t\t\t\t<\/div>\n\t\t<div class=\"elementor-element elementor-element-a2e4073 e-flex e-con-boxed e-con e-parent\" data-id=\"a2e4073\" data-element_type=\"container\">\n\t\t\t\t\t<div class=\"e-con-inner\">\n\t\t\t\t<div class=\"elementor-element elementor-element-db89edd elementor-widget elementor-widget-heading\" data-id=\"db89edd\" data-element_type=\"widget\" data-widget_type=\"heading.default\">\n\t\t\t\t<div class=\"elementor-widget-container\">\n\t\t\t\t\t<h2 class=\"elementor-heading-title elementor-size-default\">Technische Parameter<\/h2>\t\t\t\t<\/div>\n\t\t\t\t<\/div>\n\t\t\t\t\t<\/div>\n\t\t\t\t<\/div>\n\t\t<div class=\"elementor-element elementor-element-1df1aba8 e-flex e-con-boxed e-con e-parent\" data-id=\"1df1aba8\" data-element_type=\"container\">\n\t\t\t\t\t<div class=\"e-con-inner\">\n\t\t\t\t<div class=\"elementor-element elementor-element-7a478080 color-scheme-inherit text-left elementor-widget elementor-widget-text-editor\" data-id=\"7a478080\" data-element_type=\"widget\" data-widget_type=\"text-editor.default\">\n\t\t\t\t<div class=\"elementor-widget-container\">\n\t\t\t\t\t\t\t\t\t<table style=\"color: #333333; font-size: 16px;\"><thead><tr><th>Modell<\/th><th>Drehmoment (N-m)<\/th><th>Ratio<\/th><th>Eingang (N-m)<\/th><th>Gewicht (kg)<\/th><th>Bemerkungen<\/th><\/tr><\/thead><tbody><tr><td>3D-15\/17<\/td><td>170<\/td><td>203:1<\/td><td>9<\/td><td>17<\/td><td>\u00a0<\/td><\/tr><tr><td>3D-15\/75<\/td><td>750<\/td><td>245:1<\/td><td>30<\/td><td>21<\/td><td>\u00a0<\/td><\/tr><tr><td>3D-15\/120<\/td><td>1200<\/td><td>280:1<\/td><td>42<\/td><td>23<\/td><td>\u00a0<\/td><\/tr><tr><td>3D-30\/250<\/td><td>2500<\/td><td>384:1<\/td><td>43<\/td><td>41<\/td><td>\u00a0<\/td><\/tr><tr><td>3D-30\/300<\/td><td>3000<\/td><td>352:1<\/td><td>57<\/td><td>55<\/td><td>\u00a0<\/td><\/tr><tr><td>3D-30\/400<\/td><td>4000<\/td><td>416:1<\/td><td>64<\/td><td>65<\/td><td>\u00a0<\/td><\/tr><tr><td>3D-60\/800<\/td><td>8000<\/td><td>754:1<\/td><td>71<\/td><td>88<\/td><\/tr><\/tbody><\/table>\t\t\t\t\t\t\t\t<\/div>\n\t\t\t\t<\/div>\n\t\t\t\t\t<\/div>\n\t\t\t\t<\/div>\n\t\t\t\t<\/div>","protected":false},"excerpt":{"rendered":"<ul>\n<li><strong>Schneckengetriebe-Schneckenantriebsset<\/strong>: Ein Schneckengetriebe sorgt f\u00fcr effiziente Leistung.<\/li>\n<li><strong>Kompakt und leicht<\/strong>: Geringe Gr\u00f6\u00dfe und geringes Gewicht f\u00fcr einfache Handhabung und Installation.<\/li>\n<li><strong>Hohes Ausgangsdrehmoment<\/strong>: Gro\u00dfes Ausgangsdrehmoment f\u00fcr robusten Betrieb.<\/li>\n<li><strong>Rationale Struktur<\/strong>: Die rationelle Struktur sorgt f\u00fcr erh\u00f6hte Zuverl\u00e4ssigkeit.<\/li>\n<li><strong>Einfach zu bedienen<\/strong>: Benutzerfreundliche Bedienung f\u00fcr mehr Komfort.<\/li>\n<li><strong>Zuverl\u00e4ssige Selbsthaltekraft<\/strong>: Bietet eine zuverl\u00e4ssige Selbsthaltefunktion, die einen sicheren Betrieb gew\u00e4hrleistet.<\/li>\n<li><strong>Ideal f\u00fcr 90\u00b0 drehbare Ventile<\/strong>: Geeignet f\u00fcr die Steuerung von Absperrklappen, Kugelh\u00e4hnen, K\u00fckenh\u00e4hnen und anderen Ventilen mit 90\u00b0-Drehung.<\/li>\n<\/ul>","protected":false},"featured_media":16221,"comment_status":"open","ping_status":"closed","template":"","meta":[],"product_brand":[],"product_cat":[100,105],"product_tag":[],"class_list":{"0":"post-16220","1":"product","2":"type-product","3":"status-publish","4":"has-post-thumbnail","6":"product_cat-gearbox","7":"product_cat-quarter-turn-gearboxes","9":"first","10":"instock","11":"shipping-taxable","12":"product-type-simple"},"yoast_head":"<!-- This site is optimized with the Yoast SEO plugin v25.0 - https:\/\/yoast.com\/wordpress\/plugins\/seo\/ -->\n<title>Basic Double-Stages Drive Gearbox - sne-gears.com<\/title>\n<meta name=\"robots\" content=\"index, follow, max-snippet:-1, max-image-preview:large, max-video-preview:-1\" \/>\n<link rel=\"canonical\" href=\"https:\/\/sne-gears.com\/de\/produkt\/basic-double-stages-drive-gearbox\/\" \/>\n<meta property=\"og:locale\" content=\"de_DE\" \/>\n<meta property=\"og:type\" content=\"article\" \/>\n<meta property=\"og:title\" content=\"Basic Double-Stages Drive Gearbox - sne-gears.com\" \/>\n<meta property=\"og:description\" content=\"Worm Gear-Worm Drive Set: Utilizes a worm gear-worm drive set for efficient performance.  Compact &amp; Lightweight: Features a small size and light weight for easy handling and installation.  High Output Torque: Delivers large output torque for robust operation.  Rational Structure: Designed with a rational structure for enhanced reliability.  Easy to Operate: User-friendly operation for convenience.  Reliable Self-Holding Capacity: Provides dependable self-holding capability to ensure secure operation.  Ideal for 90\u00b0 Rotation Valves: Suitable for controlling butterfly valves, ball valves, plug valves, and other valves with 90\u00b0 rotation.\" \/>\n<meta property=\"og:url\" content=\"https:\/\/sne-gears.com\/de\/produkt\/basic-double-stages-drive-gearbox\/\" \/>\n<meta property=\"og:site_name\" content=\"sne-gears.com\" \/>\n<meta property=\"article:modified_time\" content=\"2024-08-14T12:03:54+00:00\" \/>\n<meta property=\"og:image\" content=\"https:\/\/sne-gears.com\/wp-content\/uploads\/2024\/07\/1720531551690.png\" \/>\n\t<meta property=\"og:image:width\" content=\"711\" \/>\n\t<meta property=\"og:image:height\" content=\"424\" \/>\n\t<meta property=\"og:image:type\" content=\"image\/png\" \/>\n<meta name=\"twitter:card\" content=\"summary_large_image\" \/>\n<meta name=\"twitter:label1\" content=\"Gesch\u00e4tzte Lesezeit\" \/>\n\t<meta name=\"twitter:data1\" content=\"2\u00a0Minuten\" \/>\n<script type=\"application\/ld+json\" class=\"yoast-schema-graph\">{\"@context\":\"https:\/\/schema.org\",\"@graph\":[{\"@type\":\"WebPage\",\"@id\":\"https:\/\/sne-gears.com\/product\/basic-double-stages-drive-gearbox\/\",\"url\":\"https:\/\/sne-gears.com\/product\/basic-double-stages-drive-gearbox\/\",\"name\":\"Basic Double-Stages Drive Gearbox - sne-gears.com\",\"isPartOf\":{\"@id\":\"https:\/\/sne-gears.com\/#website\"},\"primaryImageOfPage\":{\"@id\":\"https:\/\/sne-gears.com\/product\/basic-double-stages-drive-gearbox\/#primaryimage\"},\"image\":{\"@id\":\"https:\/\/sne-gears.com\/product\/basic-double-stages-drive-gearbox\/#primaryimage\"},\"thumbnailUrl\":\"https:\/\/sne-gears.com\/wp-content\/uploads\/2024\/07\/1720531551690.png\",\"datePublished\":\"2024-07-09T13:26:09+00:00\",\"dateModified\":\"2024-08-14T12:03:54+00:00\",\"breadcrumb\":{\"@id\":\"https:\/\/sne-gears.com\/product\/basic-double-stages-drive-gearbox\/#breadcrumb\"},\"inLanguage\":\"de\",\"potentialAction\":[{\"@type\":\"ReadAction\",\"target\":[\"https:\/\/sne-gears.com\/product\/basic-double-stages-drive-gearbox\/\"]}]},{\"@type\":\"ImageObject\",\"inLanguage\":\"de\",\"@id\":\"https:\/\/sne-gears.com\/product\/basic-double-stages-drive-gearbox\/#primaryimage\",\"url\":\"https:\/\/sne-gears.com\/wp-content\/uploads\/2024\/07\/1720531551690.png\",\"contentUrl\":\"https:\/\/sne-gears.com\/wp-content\/uploads\/2024\/07\/1720531551690.png\",\"width\":711,\"height\":424},{\"@type\":\"BreadcrumbList\",\"@id\":\"https:\/\/sne-gears.com\/product\/basic-double-stages-drive-gearbox\/#breadcrumb\",\"itemListElement\":[{\"@type\":\"ListItem\",\"position\":1,\"name\":\"Home\",\"item\":\"https:\/\/sne-gears.com\/\"},{\"@type\":\"ListItem\",\"position\":2,\"name\":\"Shop\",\"item\":\"https:\/\/sne-gears.com\/shop\/\"},{\"@type\":\"ListItem\",\"position\":3,\"name\":\"Basic Double-Stages Drive Gearbox\"}]},{\"@type\":\"WebSite\",\"@id\":\"https:\/\/sne-gears.com\/#website\",\"url\":\"https:\/\/sne-gears.com\/\",\"name\":\"sne-gears.com\",\"description\":\"\",\"potentialAction\":[{\"@type\":\"SearchAction\",\"target\":{\"@type\":\"EntryPoint\",\"urlTemplate\":\"https:\/\/sne-gears.com\/?s={search_term_string}\"},\"query-input\":{\"@type\":\"PropertyValueSpecification\",\"valueRequired\":true,\"valueName\":\"search_term_string\"}}],\"inLanguage\":\"de\"}]}<\/script>\n<!-- \/ Yoast SEO plugin. -->","yoast_head_json":{"title":"Basic Double-Stages Drive Gearbox - sne-gears.com","robots":{"index":"index","follow":"follow","max-snippet":"max-snippet:-1","max-image-preview":"max-image-preview:large","max-video-preview":"max-video-preview:-1"},"canonical":"https:\/\/sne-gears.com\/de\/produkt\/basic-double-stages-drive-gearbox\/","og_locale":"de_DE","og_type":"article","og_title":"Basic Double-Stages Drive Gearbox - sne-gears.com","og_description":"Worm Gear-Worm Drive Set: Utilizes a worm gear-worm drive set for efficient performance.  Compact &amp; Lightweight: Features a small size and light weight for easy handling and installation.  High Output Torque: Delivers large output torque for robust operation.  Rational Structure: Designed with a rational structure for enhanced reliability.  Easy to Operate: User-friendly operation for convenience.  Reliable Self-Holding Capacity: Provides dependable self-holding capability to ensure secure operation.  Ideal for 90\u00b0 Rotation Valves: Suitable for controlling butterfly valves, ball valves, plug valves, and other valves with 90\u00b0 rotation.","og_url":"https:\/\/sne-gears.com\/de\/produkt\/basic-double-stages-drive-gearbox\/","og_site_name":"sne-gears.com","article_modified_time":"2024-08-14T12:03:54+00:00","og_image":[{"width":711,"height":424,"url":"https:\/\/sne-gears.com\/wp-content\/uploads\/2024\/07\/1720531551690.png","type":"image\/png"}],"twitter_card":"summary_large_image","twitter_misc":{"Gesch\u00e4tzte Lesezeit":"2\u00a0Minuten"},"schema":{"@context":"https:\/\/schema.org","@graph":[{"@type":"WebPage","@id":"https:\/\/sne-gears.com\/product\/basic-double-stages-drive-gearbox\/","url":"https:\/\/sne-gears.com\/product\/basic-double-stages-drive-gearbox\/","name":"Basic Double-Stages Drive Gearbox - sne-gears.com","isPartOf":{"@id":"https:\/\/sne-gears.com\/#website"},"primaryImageOfPage":{"@id":"https:\/\/sne-gears.com\/product\/basic-double-stages-drive-gearbox\/#primaryimage"},"image":{"@id":"https:\/\/sne-gears.com\/product\/basic-double-stages-drive-gearbox\/#primaryimage"},"thumbnailUrl":"https:\/\/sne-gears.com\/wp-content\/uploads\/2024\/07\/1720531551690.png","datePublished":"2024-07-09T13:26:09+00:00","dateModified":"2024-08-14T12:03:54+00:00","breadcrumb":{"@id":"https:\/\/sne-gears.com\/product\/basic-double-stages-drive-gearbox\/#breadcrumb"},"inLanguage":"de","potentialAction":[{"@type":"ReadAction","target":["https:\/\/sne-gears.com\/product\/basic-double-stages-drive-gearbox\/"]}]},{"@type":"ImageObject","inLanguage":"de","@id":"https:\/\/sne-gears.com\/product\/basic-double-stages-drive-gearbox\/#primaryimage","url":"https:\/\/sne-gears.com\/wp-content\/uploads\/2024\/07\/1720531551690.png","contentUrl":"https:\/\/sne-gears.com\/wp-content\/uploads\/2024\/07\/1720531551690.png","width":711,"height":424},{"@type":"BreadcrumbList","@id":"https:\/\/sne-gears.com\/product\/basic-double-stages-drive-gearbox\/#breadcrumb","itemListElement":[{"@type":"ListItem","position":1,"name":"Home","item":"https:\/\/sne-gears.com\/"},{"@type":"ListItem","position":2,"name":"Shop","item":"https:\/\/sne-gears.com\/shop\/"},{"@type":"ListItem","position":3,"name":"Basic Double-Stages Drive Gearbox"}]},{"@type":"WebSite","@id":"https:\/\/sne-gears.com\/#website","url":"https:\/\/sne-gears.com\/","name":"sne-gears.com","description":"","potentialAction":[{"@type":"SearchAction","target":{"@type":"EntryPoint","urlTemplate":"https:\/\/sne-gears.com\/?s={search_term_string}"},"query-input":{"@type":"PropertyValueSpecification","valueRequired":true,"valueName":"search_term_string"}}],"inLanguage":"de"}]}},"_links":{"self":[{"href":"https:\/\/sne-gears.com\/de\/wp-json\/wp\/v2\/product\/16220","targetHints":{"allow":["GET"]}}],"collection":[{"href":"https:\/\/sne-gears.com\/de\/wp-json\/wp\/v2\/product"}],"about":[{"href":"https:\/\/sne-gears.com\/de\/wp-json\/wp\/v2\/types\/product"}],"replies":[{"embeddable":true,"href":"https:\/\/sne-gears.com\/de\/wp-json\/wp\/v2\/comments?post=16220"}],"version-history":[{"count":23,"href":"https:\/\/sne-gears.com\/de\/wp-json\/wp\/v2\/product\/16220\/revisions"}],"predecessor-version":[{"id":17948,"href":"https:\/\/sne-gears.com\/de\/wp-json\/wp\/v2\/product\/16220\/revisions\/17948"}],"wp:featuredmedia":[{"embeddable":true,"href":"https:\/\/sne-gears.com\/de\/wp-json\/wp\/v2\/media\/16221"}],"wp:attachment":[{"href":"https:\/\/sne-gears.com\/de\/wp-json\/wp\/v2\/media?parent=16220"}],"wp:term":[{"taxonomy":"product_brand","embeddable":true,"href":"https:\/\/sne-gears.com\/de\/wp-json\/wp\/v2\/product_brand?post=16220"},{"taxonomy":"product_cat","embeddable":true,"href":"https:\/\/sne-gears.com\/de\/wp-json\/wp\/v2\/product_cat?post=16220"},{"taxonomy":"product_tag","embeddable":true,"href":"https:\/\/sne-gears.com\/de\/wp-json\/wp\/v2\/product_tag?post=16220"}],"curies":[{"name":"wp","href":"https:\/\/api.w.org\/{rel}","templated":true}]}}