{"id":16223,"date":"2024-07-09T13:29:03","date_gmt":"2024-07-09T13:29:03","guid":{"rendered":"https:\/\/sne-gears.com\/?post_type=product&#038;p=16223"},"modified":"2024-08-19T06:49:49","modified_gmt":"2024-08-19T06:49:49","slug":"mlh-clutch-gearbox","status":"publish","type":"product","link":"https:\/\/sne-gears.com\/de\/produkt\/mlh-clutch-gearbox\/","title":{"rendered":"MLH-Kupplungsgetriebe"},"content":{"rendered":"<div data-elementor-type=\"wp-post\" data-elementor-id=\"16223\" class=\"elementor elementor-16223\">\n\t\t\t\t<div class=\"elementor-element elementor-element-db4d95a e-flex e-con-boxed e-con e-parent\" data-id=\"db4d95a\" data-element_type=\"container\" data-e-type=\"container\">\n\t\t\t\t\t<div class=\"e-con-inner\">\n\t\t\t\t<div class=\"elementor-element elementor-element-ca45820 elementor-widget elementor-widget-image\" data-id=\"ca45820\" data-element_type=\"widget\" data-e-type=\"widget\" data-widget_type=\"image.default\">\n\t\t\t\t<div class=\"elementor-widget-container\">\n\t\t\t\t\t\t\t\t\t\t\t\t\t\t\t<img fetchpriority=\"high\" decoding=\"async\" width=\"1200\" height=\"600\" src=\"data:image\/gif;base64,R0lGODlhAQABAIAAAAAAAP\/\/\/yH5BAEAAAAALAAAAAABAAEAAAIBRAA7\" data-src=\"https:\/\/sne-gears.com\/wp-content\/uploads\/2024\/07\/44.jpg\" class=\"attachment-2048x2048 size-2048x2048 wp-image-17353 lazyload\" alt=\"\" data-srcset=\"https:\/\/sne-gears.com\/wp-content\/uploads\/2024\/07\/44.jpg 1200w, https:\/\/sne-gears.com\/wp-content\/uploads\/2024\/07\/44-400x200.jpg 400w, https:\/\/sne-gears.com\/wp-content\/uploads\/2024\/07\/44-768x384.jpg 768w, https:\/\/sne-gears.com\/wp-content\/uploads\/2024\/07\/44-18x9.jpg 18w, https:\/\/sne-gears.com\/wp-content\/uploads\/2024\/07\/44-430x215.jpg 430w, https:\/\/sne-gears.com\/wp-content\/uploads\/2024\/07\/44-700x350.jpg 700w, https:\/\/sne-gears.com\/wp-content\/uploads\/2024\/07\/44-150x75.jpg 150w\" sizes=\"(max-width: 1200px) 100vw, 1200px\" \/><noscript><img decoding=\"async\" width=\"1200\" height=\"600\" src=\"https:\/\/sne-gears.com\/wp-content\/uploads\/2024\/07\/44.jpg\" class=\"attachment-2048x2048 size-2048x2048 wp-image-17353 lazyload\" alt=\"\" srcset=\"https:\/\/sne-gears.com\/wp-content\/uploads\/2024\/07\/44.jpg 1200w, https:\/\/sne-gears.com\/wp-content\/uploads\/2024\/07\/44-400x200.jpg 400w, https:\/\/sne-gears.com\/wp-content\/uploads\/2024\/07\/44-768x384.jpg 768w, https:\/\/sne-gears.com\/wp-content\/uploads\/2024\/07\/44-18x9.jpg 18w, https:\/\/sne-gears.com\/wp-content\/uploads\/2024\/07\/44-430x215.jpg 430w, https:\/\/sne-gears.com\/wp-content\/uploads\/2024\/07\/44-700x350.jpg 700w, https:\/\/sne-gears.com\/wp-content\/uploads\/2024\/07\/44-150x75.jpg 150w\" sizes=\"(max-width: 1200px) 100vw, 1200px\" \/><\/noscript>\t\t\t\t\t\t\t\t\t\t\t\t\t\t\t<\/div>\n\t\t\t\t<\/div>\n\t\t\t\t\t<\/div>\n\t\t\t\t<\/div>\n\t\t<div class=\"elementor-element elementor-element-dfab695 e-flex e-con-boxed e-con e-parent\" data-id=\"dfab695\" data-element_type=\"container\" data-e-type=\"container\">\n\t\t\t\t\t<div class=\"e-con-inner\">\n\t\t\t\t<div class=\"elementor-element elementor-element-7c1aa03 color-scheme-inherit text-left elementor-widget elementor-widget-text-editor\" data-id=\"7c1aa03\" data-element_type=\"widget\" data-e-type=\"widget\" data-widget_type=\"text-editor.default\">\n\t\t\t\t<div class=\"elementor-widget-container\">\n\t\t\t\t\t\t\t\t\t<h3>Ma\u00dftabelle<\/h3>\t\t\t\t\t\t\t\t<\/div>\n\t\t\t\t<\/div>\n\t\t\t\t\t<\/div>\n\t\t\t\t<\/div>\n\t\t<div class=\"elementor-element elementor-element-e2176f1 e-flex e-con-boxed e-con e-parent\" data-id=\"e2176f1\" data-element_type=\"container\" data-e-type=\"container\">\n\t\t\t\t\t<div class=\"e-con-inner\">\n\t\t\t\t<div class=\"elementor-element elementor-element-990df73 color-scheme-inherit text-left elementor-widget elementor-widget-text-editor\" data-id=\"990df73\" data-element_type=\"widget\" data-e-type=\"widget\" data-widget_type=\"text-editor.default\">\n\t\t\t\t<div class=\"elementor-widget-container\">\n\t\t\t\t\t\t\t\t\t<table style=\"border-collapse: collapse; width: 780.02pt;\" border=\"0\" width=\"1040\" cellspacing=\"0\" cellpadding=\"0\"><tbody><tr style=\"height: 13.50pt;\"><td class=\"et2\" style=\"height: 13.50pt; width: 39.00pt;\" width=\"52\" height=\"18\">Modell<\/td><td class=\"et2\" style=\"width: 39.00pt;\" width=\"52\">d<\/td><td class=\"et2\" style=\"width: 39.00pt;\" width=\"52\">b<\/td><td class=\"et2\" style=\"width: 39.00pt;\" width=\"52\">t<\/td><td class=\"et2\" style=\"width: 39.00pt;\" width=\"52\">D1<\/td><td class=\"et2\" style=\"width: 39.00pt;\" width=\"52\">n-M1\u00a0 \u00a0<\/td><td class=\"et2\" style=\"width: 39.00pt;\" width=\"52\">D2<\/td><td class=\"et2\" style=\"width: 39.00pt;\" width=\"52\">n-M2<\/td><td class=\"et2\" style=\"width: 39.00pt;\" width=\"52\">D3<\/td><td class=\"et2\" style=\"width: 39.00pt;\" width=\"52\">n-d3<\/td><td class=\"et2\" style=\"width: 39.00pt;\" width=\"52\">D4<\/td><td class=\"et2\" style=\"width: 39.00pt;\" width=\"52\">n-d4<\/td><td class=\"et2\" style=\"width: 39.00pt;\" width=\"52\">A<\/td><td class=\"et2\" style=\"width: 39.00pt;\" width=\"52\">B<\/td><td class=\"et2\" style=\"width: 39.00pt;\" width=\"52\">C<\/td><td class=\"et2\" style=\"width: 39.00pt;\" width=\"52\">E<\/td><td class=\"et2\" style=\"width: 39.00pt;\" width=\"52\">L<\/td><td class=\"et2\" style=\"width: 39.00pt;\" width=\"52\">\u03a6<\/td><td class=\"et2\" style=\"width: 39.00pt;\" width=\"52\">H<\/td><td class=\"et2\" style=\"width: 39.00pt;\" width=\"52\">h<\/td><\/tr><tr style=\"height: 13.50pt;\"><td class=\"et2\" style=\"height: 13.50pt;\" height=\"18\">MLH350<\/td><td class=\"et2\">32<\/td><td class=\"et2\">10<\/td><td class=\"et2\">35.3<\/td><td class=\"et2\">70<\/td><td class=\"et2\">4-M8<\/td><td class=\"et2\">102<\/td><td class=\"et2\">4-M9<\/td><td class=\"et2\">102<\/td><td class=\"et2\">4-\u03a69<\/td><td class=\"et2\">70<\/td><td class=\"et2\">4-\u03a69<\/td><td class=\"et2\">5<\/td><td class=\"et2\">182<\/td><td class=\"et2\">114<\/td><td class=\"et2\">52<\/td><td class=\"et2\">180<\/td><td class=\"et2\">200<\/td><td class=\"et2\">122<\/td><td class=\"et2\">34<\/td><\/tr><tr style=\"height: 13.50pt;\"><td class=\"et2\" style=\"height: 13.50pt;\" height=\"18\">MLH700<\/td><td class=\"et2\">45<\/td><td class=\"et2\">14<\/td><td class=\"et2\">48.8<\/td><td class=\"et2\">102<\/td><td class=\"et2\">4-M10<\/td><td class=\"et2\">125<\/td><td class=\"et2\">4-M12<\/td><td class=\"et2\">125<\/td><td class=\"et2\">4-\u03a611<\/td><td class=\"et2\">102<\/td><td class=\"et2\">4-\u03a611<\/td><td class=\"et2\">6<\/td><td class=\"et2\">217<\/td><td class=\"et2\">137<\/td><td class=\"et2\">69<\/td><td class=\"et2\">208<\/td><td class=\"et2\">300<\/td><td class=\"et2\">131<\/td><td class=\"et2\">41<\/td><\/tr><tr style=\"height: 13.50pt;\"><td class=\"et2\" style=\"height: 13.50pt;\" height=\"18\">MLH1600<\/td><td class=\"et2\">65<\/td><td class=\"et2\">18<\/td><td class=\"et2\">125<\/td><td class=\"et2\">140<\/td><td class=\"et2\">4-M16<\/td><td class=\"et2\">140<\/td><td class=\"et2\">4-M18<\/td><td class=\"et2\">140<\/td><td class=\"et2\">4-\u03a618<\/td><td class=\"et2\">140<\/td><td class=\"et2\">4-\u03a618<\/td><td class=\"et2\">9<\/td><td class=\"et2\">270<\/td><td class=\"et2\">180<\/td><td class=\"et2\">84<\/td><td class=\"et2\">295<\/td><td class=\"et2\">400<\/td><td class=\"et2\">157<\/td><td class=\"et2\">48<\/td><\/tr><tr style=\"height: 13.50pt;\"><td class=\"et2\" style=\"height: 13.50pt;\" height=\"18\">MLH3000<\/td><td class=\"et2\">100<\/td><td class=\"et2\">28<\/td><td class=\"et2\">106.4<\/td><td class=\"et2\">165<\/td><td class=\"et2\">4-M20<\/td><td class=\"et2\">254<\/td><td class=\"et2\">4-M16<\/td><td class=\"et2\">254<\/td><td class=\"et2\">4-\u03a622<\/td><td class=\"et2\">165<\/td><td class=\"et2\">4-\u03a622<\/td><td class=\"et2\">10<\/td><td class=\"et2\">381<\/td><td class=\"et2\">290<\/td><td class=\"et2\">133<\/td><td class=\"et2\">383<\/td><td class=\"et2\">600<\/td><td class=\"et2\">205<\/td><td class=\"et2\">60<\/td><\/tr><tr style=\"height: 13.50pt;\"><td class=\"et2\" style=\"height: 13.50pt;\" height=\"18\">MLH5000<\/td><td class=\"et2\">100<\/td><td class=\"et2\">28<\/td><td class=\"et2\">106.4<\/td><td class=\"et2\">165<\/td><td class=\"et2\">4-M20<\/td><td class=\"et2\">254<\/td><td class=\"et2\">4-M16<\/td><td class=\"et2\">254<\/td><td class=\"et2\">4-\u03a622<\/td><td class=\"et2\">165<\/td><td class=\"et2\">4-\u03a618<\/td><td class=\"et2\">10<\/td><td class=\"et2\">381<\/td><td class=\"et2\">290<\/td><td class=\"et2\">133<\/td><td class=\"et2\">427<\/td><td class=\"et2\">400<\/td><td class=\"et2\">205<\/td><td class=\"et2\">60<\/td><\/tr><\/tbody><\/table>\t\t\t\t\t\t\t\t<\/div>\n\t\t\t\t<\/div>\n\t\t\t\t\t<\/div>\n\t\t\t\t<\/div>\n\t\t<div class=\"elementor-element elementor-element-edcb143 e-flex e-con-boxed e-con e-parent\" data-id=\"edcb143\" data-element_type=\"container\" data-e-type=\"container\">\n\t\t\t\t\t<div class=\"e-con-inner\">\n\t\t\t\t<div class=\"elementor-element elementor-element-d2ff15b elementor-widget elementor-widget-heading\" data-id=\"d2ff15b\" data-element_type=\"widget\" data-e-type=\"widget\" data-widget_type=\"heading.default\">\n\t\t\t\t<div class=\"elementor-widget-container\">\n\t\t\t\t\t<h2 class=\"elementor-heading-title elementor-size-default\">Technische Daten<\/h2>\t\t\t\t<\/div>\n\t\t\t\t<\/div>\n\t\t\t\t\t<\/div>\n\t\t\t\t<\/div>\n\t\t<div class=\"elementor-element elementor-element-ed5a5a0 e-flex e-con-boxed e-con e-parent\" data-id=\"ed5a5a0\" data-element_type=\"container\" data-e-type=\"container\">\n\t\t\t\t\t<div class=\"e-con-inner\">\n\t\t\t\t<div class=\"elementor-element elementor-element-388e433 color-scheme-inherit text-left elementor-widget elementor-widget-text-editor\" data-id=\"388e433\" data-element_type=\"widget\" data-e-type=\"widget\" data-widget_type=\"text-editor.default\">\n\t\t\t\t<div class=\"elementor-widget-container\">\n\t\t\t\t\t\t\t\t\t<table style=\"color: #333333; font-size: 16px;\"><thead><tr><th>Modell<\/th><th>Ratio<\/th><th>Abtriebsdrehmoment (Nm)<\/th><th>Eingangsdrehmoment<\/th><th>Handrad-Durchmesser<\/th><th>Gewicht (kg)<\/th><\/tr><\/thead><tbody><tr><td>MLH350<\/td><td>44:1<\/td><td>350<\/td><td>32<\/td><td>200<\/td><td>6.8<\/td><\/tr><tr><td>MLH700<\/td><td>52:1<\/td><td>700<\/td><td>50<\/td><td>300<\/td><td>11.7<\/td><\/tr><tr><td>MLH1600<\/td><td>42:1<\/td><td>1600<\/td><td>155<\/td><td>400<\/td><td>21.1<\/td><\/tr><tr><td>MLH3000<\/td><td>72:1<\/td><td>3000<\/td><td>155<\/td><td>600<\/td><td>53.2<\/td><\/tr><tr><td>MLH5000<\/td><td>270:1<\/td><td>5000<\/td><td>95<\/td><td>400<\/td><td>59.7<\/td><\/tr><\/tbody><\/table>\t\t\t\t\t\t\t\t<\/div>\n\t\t\t\t<\/div>\n\t\t\t\t\t<\/div>\n\t\t\t\t<\/div>\n\t\t<div class=\"elementor-element elementor-element-7b223d1 e-flex e-con-boxed e-con e-parent\" data-id=\"7b223d1\" data-element_type=\"container\" data-e-type=\"container\">\n\t\t\t\t\t<div class=\"e-con-inner\">\n\t\t\t\t<div class=\"elementor-element elementor-element-9f21c3b color-scheme-inherit text-left elementor-widget elementor-widget-text-editor\" data-id=\"9f21c3b\" data-element_type=\"widget\" data-e-type=\"widget\" data-widget_type=\"text-editor.default\">\n\t\t\t\t<div class=\"elementor-widget-container\">\n\t\t\t\t\t\t\t\t\t<p>\u00a0<\/p><p>Das Produkt wird in Verbindung mit einer pneumatischen Vorrichtung f\u00fcr Ventile wie Absperrklappen und Kugelh\u00e4hne verwendet, die sich bei 90 \u00b0 \u00f6ffnen. Das Design ist angemessen, der Stil ist neu, und die wasserdichte Leistung wird verbessert. Ziehen Sie den Grenzwert Stift, drehen Sie die exzentrische Vorrichtung 90 \u00b0, der Grenzwert Stift automatisch Grenzen zu erreichen pneumatisch; andernfalls realisiert es manuell. Produktserie, Ausgangsdrehmoment ist mit pneumatischen Ger\u00e4ten und verschiedenen Ventilen abgestimmt.<\/p>\t\t\t\t\t\t\t\t<\/div>\n\t\t\t\t<\/div>\n\t\t\t\t\t<\/div>\n\t\t\t\t<\/div>\n\t\t\t\t<\/div>","protected":false},"excerpt":{"rendered":"<ul>\n<li><strong>Kompatibilit\u00e4t pneumatischer Ger\u00e4te<\/strong>: Konzipiert f\u00fcr den Einsatz mit pneumatischen Vorrichtungen f\u00fcr Ventile wie Klappen und Kugelh\u00e4hne, die sich um 90\u00b0 \u00f6ffnen.<\/li>\n<li><strong>Vern\u00fcnftiges Design und neuartiger Stil<\/strong>: Ein rationales Design und ein moderner Stil sorgen f\u00fcr mehr Leistung und \u00c4sthetik.<\/li>\n<li><strong>Verbesserte wasserdichte Leistung<\/strong>: Verbesserte Wasserdichtigkeit f\u00fcr zuverl\u00e4ssigen Betrieb in verschiedenen Umgebungen.<\/li>\n<li><strong>Zwei Betriebsmodi<\/strong>: Ziehen Sie den Endstift und drehen Sie den Exzenter um 90\u00b0, um auf pneumatischen Betrieb umzuschalten; andernfalls wird er manuell bet\u00e4tigt.<\/li>\n<li><strong>Vielseitige Anwendung<\/strong>: Geeignet f\u00fcr eine Reihe von Produkten mit einem auf pneumatische Ger\u00e4te und verschiedene Ventile abgestimmten Ausgangsdrehmoment.<\/li>\n<\/ul>","protected":false},"featured_media":16224,"comment_status":"open","ping_status":"closed","template":"","meta":[],"product_brand":[],"product_cat":[100,103],"product_tag":[],"class_list":{"0":"post-16223","1":"product","2":"type-product","3":"status-publish","4":"has-post-thumbnail","6":"product_cat-gearbox","7":"product_cat-gearbox-for-pneumatic-actuator-or-manual-operation","9":"first","10":"instock","11":"shipping-taxable","12":"product-type-simple"},"yoast_head":"<!-- This site is optimized with the Yoast SEO plugin v27.4 - https:\/\/yoast.com\/product\/yoast-seo-wordpress\/ -->\n<title>MLH Clutch Gearbox - sne-gears.com<\/title>\n<meta name=\"robots\" content=\"index, follow, max-snippet:-1, max-image-preview:large, max-video-preview:-1\" \/>\n<link rel=\"canonical\" href=\"https:\/\/sne-gears.com\/de\/produkt\/mlh-clutch-gearbox\/\" \/>\n<meta property=\"og:locale\" content=\"de_DE\" \/>\n<meta property=\"og:type\" content=\"article\" \/>\n<meta property=\"og:title\" content=\"MLH Clutch Gearbox - sne-gears.com\" \/>\n<meta property=\"og:description\" content=\"Pneumatic Device Compatibility: Designed for use with pneumatic devices for valves such as butterfly valves and ball valves that open at 90\u00b0.  Reasonable Design &amp; Novel Style: Features a rational design and a modern style for enhanced performance and aesthetics.  Improved Waterproof Performance: Enhanced waterproof capabilities for reliable operation in various environments.  Dual Operation Modes: Pull the limit pin and rotate the eccentric device 90\u00b0 to switch to pneumatic operation; otherwise, it operates manually.  Versatile Application: Suitable for a series of products with output torque matched to pneumatic devices and various valves.\" \/>\n<meta property=\"og:url\" content=\"https:\/\/sne-gears.com\/de\/produkt\/mlh-clutch-gearbox\/\" \/>\n<meta property=\"og:site_name\" content=\"sne-gears.com\" \/>\n<meta property=\"article:modified_time\" content=\"2024-08-19T06:49:49+00:00\" \/>\n<meta property=\"og:image\" content=\"https:\/\/sne-gears.com\/wp-content\/uploads\/2024\/07\/1720531613974.png\" \/>\n\t<meta property=\"og:image:width\" content=\"711\" \/>\n\t<meta property=\"og:image:height\" content=\"424\" \/>\n\t<meta property=\"og:image:type\" content=\"image\/png\" \/>\n<meta name=\"twitter:card\" content=\"summary_large_image\" \/>\n<meta name=\"twitter:label1\" content=\"Gesch\u00e4tzte Lesezeit\" \/>\n\t<meta name=\"twitter:data1\" content=\"2\u00a0Minuten\" \/>\n<script type=\"application\/ld+json\" class=\"yoast-schema-graph\">{\"@context\":\"https:\\\/\\\/schema.org\",\"@graph\":[{\"@type\":\"WebPage\",\"@id\":\"https:\\\/\\\/sne-gears.com\\\/product\\\/mlh-clutch-gearbox\\\/\",\"url\":\"https:\\\/\\\/sne-gears.com\\\/product\\\/mlh-clutch-gearbox\\\/\",\"name\":\"MLH Clutch Gearbox - sne-gears.com\",\"isPartOf\":{\"@id\":\"https:\\\/\\\/sne-gears.com\\\/#website\"},\"primaryImageOfPage\":{\"@id\":\"https:\\\/\\\/sne-gears.com\\\/product\\\/mlh-clutch-gearbox\\\/#primaryimage\"},\"image\":{\"@id\":\"https:\\\/\\\/sne-gears.com\\\/product\\\/mlh-clutch-gearbox\\\/#primaryimage\"},\"thumbnailUrl\":\"https:\\\/\\\/sne-gears.com\\\/wp-content\\\/uploads\\\/2024\\\/07\\\/1720531613974.png\",\"datePublished\":\"2024-07-09T13:29:03+00:00\",\"dateModified\":\"2024-08-19T06:49:49+00:00\",\"breadcrumb\":{\"@id\":\"https:\\\/\\\/sne-gears.com\\\/product\\\/mlh-clutch-gearbox\\\/#breadcrumb\"},\"inLanguage\":\"de\",\"potentialAction\":[{\"@type\":\"ReadAction\",\"target\":[\"https:\\\/\\\/sne-gears.com\\\/product\\\/mlh-clutch-gearbox\\\/\"]}]},{\"@type\":\"ImageObject\",\"inLanguage\":\"de\",\"@id\":\"https:\\\/\\\/sne-gears.com\\\/product\\\/mlh-clutch-gearbox\\\/#primaryimage\",\"url\":\"https:\\\/\\\/sne-gears.com\\\/wp-content\\\/uploads\\\/2024\\\/07\\\/1720531613974.png\",\"contentUrl\":\"https:\\\/\\\/sne-gears.com\\\/wp-content\\\/uploads\\\/2024\\\/07\\\/1720531613974.png\",\"width\":711,\"height\":424},{\"@type\":\"BreadcrumbList\",\"@id\":\"https:\\\/\\\/sne-gears.com\\\/product\\\/mlh-clutch-gearbox\\\/#breadcrumb\",\"itemListElement\":[{\"@type\":\"ListItem\",\"position\":1,\"name\":\"Home\",\"item\":\"https:\\\/\\\/sne-gears.com\\\/\"},{\"@type\":\"ListItem\",\"position\":2,\"name\":\"Shop\",\"item\":\"https:\\\/\\\/sne-gears.com\\\/shop\\\/\"},{\"@type\":\"ListItem\",\"position\":3,\"name\":\"MLH Clutch Gearbox\"}]},{\"@type\":\"WebSite\",\"@id\":\"https:\\\/\\\/sne-gears.com\\\/#website\",\"url\":\"https:\\\/\\\/sne-gears.com\\\/\",\"name\":\"sne-gears.com\",\"description\":\"\",\"potentialAction\":[{\"@type\":\"SearchAction\",\"target\":{\"@type\":\"EntryPoint\",\"urlTemplate\":\"https:\\\/\\\/sne-gears.com\\\/?s={search_term_string}\"},\"query-input\":{\"@type\":\"PropertyValueSpecification\",\"valueRequired\":true,\"valueName\":\"search_term_string\"}}],\"inLanguage\":\"de\"}]}<\/script>\n<!-- \/ Yoast SEO plugin. -->","yoast_head_json":{"title":"MLH Clutch Gearbox - sne-gears.com","robots":{"index":"index","follow":"follow","max-snippet":"max-snippet:-1","max-image-preview":"max-image-preview:large","max-video-preview":"max-video-preview:-1"},"canonical":"https:\/\/sne-gears.com\/de\/produkt\/mlh-clutch-gearbox\/","og_locale":"de_DE","og_type":"article","og_title":"MLH Clutch Gearbox - sne-gears.com","og_description":"Pneumatic Device Compatibility: Designed for use with pneumatic devices for valves such as butterfly valves and ball valves that open at 90\u00b0.  Reasonable Design &amp; Novel Style: Features a rational design and a modern style for enhanced performance and aesthetics.  Improved Waterproof Performance: Enhanced waterproof capabilities for reliable operation in various environments.  Dual Operation Modes: Pull the limit pin and rotate the eccentric device 90\u00b0 to switch to pneumatic operation; otherwise, it operates manually.  Versatile Application: Suitable for a series of products with output torque matched to pneumatic devices and various valves.","og_url":"https:\/\/sne-gears.com\/de\/produkt\/mlh-clutch-gearbox\/","og_site_name":"sne-gears.com","article_modified_time":"2024-08-19T06:49:49+00:00","og_image":[{"width":711,"height":424,"url":"https:\/\/sne-gears.com\/wp-content\/uploads\/2024\/07\/1720531613974.png","type":"image\/png"}],"twitter_card":"summary_large_image","twitter_misc":{"Gesch\u00e4tzte Lesezeit":"2\u00a0Minuten"},"schema":{"@context":"https:\/\/schema.org","@graph":[{"@type":"WebPage","@id":"https:\/\/sne-gears.com\/product\/mlh-clutch-gearbox\/","url":"https:\/\/sne-gears.com\/product\/mlh-clutch-gearbox\/","name":"MLH Clutch Gearbox - sne-gears.com","isPartOf":{"@id":"https:\/\/sne-gears.com\/#website"},"primaryImageOfPage":{"@id":"https:\/\/sne-gears.com\/product\/mlh-clutch-gearbox\/#primaryimage"},"image":{"@id":"https:\/\/sne-gears.com\/product\/mlh-clutch-gearbox\/#primaryimage"},"thumbnailUrl":"https:\/\/sne-gears.com\/wp-content\/uploads\/2024\/07\/1720531613974.png","datePublished":"2024-07-09T13:29:03+00:00","dateModified":"2024-08-19T06:49:49+00:00","breadcrumb":{"@id":"https:\/\/sne-gears.com\/product\/mlh-clutch-gearbox\/#breadcrumb"},"inLanguage":"de","potentialAction":[{"@type":"ReadAction","target":["https:\/\/sne-gears.com\/product\/mlh-clutch-gearbox\/"]}]},{"@type":"ImageObject","inLanguage":"de","@id":"https:\/\/sne-gears.com\/product\/mlh-clutch-gearbox\/#primaryimage","url":"https:\/\/sne-gears.com\/wp-content\/uploads\/2024\/07\/1720531613974.png","contentUrl":"https:\/\/sne-gears.com\/wp-content\/uploads\/2024\/07\/1720531613974.png","width":711,"height":424},{"@type":"BreadcrumbList","@id":"https:\/\/sne-gears.com\/product\/mlh-clutch-gearbox\/#breadcrumb","itemListElement":[{"@type":"ListItem","position":1,"name":"Home","item":"https:\/\/sne-gears.com\/"},{"@type":"ListItem","position":2,"name":"Shop","item":"https:\/\/sne-gears.com\/shop\/"},{"@type":"ListItem","position":3,"name":"MLH Clutch Gearbox"}]},{"@type":"WebSite","@id":"https:\/\/sne-gears.com\/#website","url":"https:\/\/sne-gears.com\/","name":"sne-gears.com","description":"","potentialAction":[{"@type":"SearchAction","target":{"@type":"EntryPoint","urlTemplate":"https:\/\/sne-gears.com\/?s={search_term_string}"},"query-input":{"@type":"PropertyValueSpecification","valueRequired":true,"valueName":"search_term_string"}}],"inLanguage":"de"}]}},"_links":{"self":[{"href":"https:\/\/sne-gears.com\/de\/wp-json\/wp\/v2\/product\/16223","targetHints":{"allow":["GET"]}}],"collection":[{"href":"https:\/\/sne-gears.com\/de\/wp-json\/wp\/v2\/product"}],"about":[{"href":"https:\/\/sne-gears.com\/de\/wp-json\/wp\/v2\/types\/product"}],"replies":[{"embeddable":true,"href":"https:\/\/sne-gears.com\/de\/wp-json\/wp\/v2\/comments?post=16223"}],"version-history":[{"count":82,"href":"https:\/\/sne-gears.com\/de\/wp-json\/wp\/v2\/product\/16223\/revisions"}],"predecessor-version":[{"id":17945,"href":"https:\/\/sne-gears.com\/de\/wp-json\/wp\/v2\/product\/16223\/revisions\/17945"}],"wp:featuredmedia":[{"embeddable":true,"href":"https:\/\/sne-gears.com\/de\/wp-json\/wp\/v2\/media\/16224"}],"wp:attachment":[{"href":"https:\/\/sne-gears.com\/de\/wp-json\/wp\/v2\/media?parent=16223"}],"wp:term":[{"taxonomy":"product_brand","embeddable":true,"href":"https:\/\/sne-gears.com\/de\/wp-json\/wp\/v2\/product_brand?post=16223"},{"taxonomy":"product_cat","embeddable":true,"href":"https:\/\/sne-gears.com\/de\/wp-json\/wp\/v2\/product_cat?post=16223"},{"taxonomy":"product_tag","embeddable":true,"href":"https:\/\/sne-gears.com\/de\/wp-json\/wp\/v2\/product_tag?post=16223"}],"curies":[{"name":"wp","href":"https:\/\/api.w.org\/{rel}","templated":true}]}}