{"id":16232,"date":"2024-07-09T13:41:45","date_gmt":"2024-07-09T13:41:45","guid":{"rendered":"https:\/\/sne-gears.com\/?post_type=product&#038;p=16232"},"modified":"2024-08-14T11:59:48","modified_gmt":"2024-08-14T11:59:48","slug":"gearbox-for-underground-valve-operation","status":"publish","type":"product","link":"https:\/\/sne-gears.com\/de\/produkt\/gearbox-for-underground-valve-operation\/","title":{"rendered":"Getriebe f\u00fcr unterirdischen Ventilbetrieb"},"content":{"rendered":"<div data-elementor-type=\"wp-post\" data-elementor-id=\"16232\" class=\"elementor elementor-16232\">\n\t\t\t\t<div class=\"elementor-element elementor-element-d9aefe2 e-flex e-con-boxed e-con e-parent\" data-id=\"d9aefe2\" data-element_type=\"container\" data-e-type=\"container\">\n\t\t\t\t\t<div class=\"e-con-inner\">\n\t\t\t\t<div class=\"elementor-element elementor-element-f082b5d elementor-widget elementor-widget-image\" data-id=\"f082b5d\" data-element_type=\"widget\" data-e-type=\"widget\" data-widget_type=\"image.default\">\n\t\t\t\t<div class=\"elementor-widget-container\">\n\t\t\t\t\t\t\t\t\t\t\t\t\t\t\t<img fetchpriority=\"high\" decoding=\"async\" width=\"1476\" height=\"632\" src=\"data:image\/gif;base64,R0lGODlhAQABAIAAAAAAAP\/\/\/yH5BAEAAAAALAAAAAABAAEAAAIBRAA7\" data-src=\"https:\/\/sne-gears.com\/wp-content\/uploads\/2024\/07\/\u5730\u4e0b\u9600\u95e8\u9a71\u52a8\u88c5\u7f6e\u5c3a\u5bf8\u56fe.jpeg\" class=\"attachment-1536x1536 size-1536x1536 wp-image-17056 lazyload\" alt=\"\" data-srcset=\"https:\/\/sne-gears.com\/wp-content\/uploads\/2024\/07\/\u5730\u4e0b\u9600\u95e8\u9a71\u52a8\u88c5\u7f6e\u5c3a\u5bf8\u56fe.jpeg 1476w, https:\/\/sne-gears.com\/wp-content\/uploads\/2024\/07\/\u5730\u4e0b\u9600\u95e8\u9a71\u52a8\u88c5\u7f6e\u5c3a\u5bf8\u56fe-400x171.jpeg 400w, https:\/\/sne-gears.com\/wp-content\/uploads\/2024\/07\/\u5730\u4e0b\u9600\u95e8\u9a71\u52a8\u88c5\u7f6e\u5c3a\u5bf8\u56fe-1300x557.jpeg 1300w, https:\/\/sne-gears.com\/wp-content\/uploads\/2024\/07\/\u5730\u4e0b\u9600\u95e8\u9a71\u52a8\u88c5\u7f6e\u5c3a\u5bf8\u56fe-768x329.jpeg 768w, https:\/\/sne-gears.com\/wp-content\/uploads\/2024\/07\/\u5730\u4e0b\u9600\u95e8\u9a71\u52a8\u88c5\u7f6e\u5c3a\u5bf8\u56fe-18x8.jpeg 18w, https:\/\/sne-gears.com\/wp-content\/uploads\/2024\/07\/\u5730\u4e0b\u9600\u95e8\u9a71\u52a8\u88c5\u7f6e\u5c3a\u5bf8\u56fe-430x184.jpeg 430w, https:\/\/sne-gears.com\/wp-content\/uploads\/2024\/07\/\u5730\u4e0b\u9600\u95e8\u9a71\u52a8\u88c5\u7f6e\u5c3a\u5bf8\u56fe-700x300.jpeg 700w, https:\/\/sne-gears.com\/wp-content\/uploads\/2024\/07\/\u5730\u4e0b\u9600\u95e8\u9a71\u52a8\u88c5\u7f6e\u5c3a\u5bf8\u56fe-150x64.jpeg 150w\" sizes=\"(max-width: 1476px) 100vw, 1476px\" \/><noscript><img decoding=\"async\" width=\"1476\" height=\"632\" src=\"https:\/\/sne-gears.com\/wp-content\/uploads\/2024\/07\/\u5730\u4e0b\u9600\u95e8\u9a71\u52a8\u88c5\u7f6e\u5c3a\u5bf8\u56fe.jpeg\" class=\"attachment-1536x1536 size-1536x1536 wp-image-17056 lazyload\" alt=\"\" srcset=\"https:\/\/sne-gears.com\/wp-content\/uploads\/2024\/07\/\u5730\u4e0b\u9600\u95e8\u9a71\u52a8\u88c5\u7f6e\u5c3a\u5bf8\u56fe.jpeg 1476w, https:\/\/sne-gears.com\/wp-content\/uploads\/2024\/07\/\u5730\u4e0b\u9600\u95e8\u9a71\u52a8\u88c5\u7f6e\u5c3a\u5bf8\u56fe-400x171.jpeg 400w, https:\/\/sne-gears.com\/wp-content\/uploads\/2024\/07\/\u5730\u4e0b\u9600\u95e8\u9a71\u52a8\u88c5\u7f6e\u5c3a\u5bf8\u56fe-1300x557.jpeg 1300w, https:\/\/sne-gears.com\/wp-content\/uploads\/2024\/07\/\u5730\u4e0b\u9600\u95e8\u9a71\u52a8\u88c5\u7f6e\u5c3a\u5bf8\u56fe-768x329.jpeg 768w, https:\/\/sne-gears.com\/wp-content\/uploads\/2024\/07\/\u5730\u4e0b\u9600\u95e8\u9a71\u52a8\u88c5\u7f6e\u5c3a\u5bf8\u56fe-18x8.jpeg 18w, https:\/\/sne-gears.com\/wp-content\/uploads\/2024\/07\/\u5730\u4e0b\u9600\u95e8\u9a71\u52a8\u88c5\u7f6e\u5c3a\u5bf8\u56fe-430x184.jpeg 430w, https:\/\/sne-gears.com\/wp-content\/uploads\/2024\/07\/\u5730\u4e0b\u9600\u95e8\u9a71\u52a8\u88c5\u7f6e\u5c3a\u5bf8\u56fe-700x300.jpeg 700w, https:\/\/sne-gears.com\/wp-content\/uploads\/2024\/07\/\u5730\u4e0b\u9600\u95e8\u9a71\u52a8\u88c5\u7f6e\u5c3a\u5bf8\u56fe-150x64.jpeg 150w\" sizes=\"(max-width: 1476px) 100vw, 1476px\" \/><\/noscript>\t\t\t\t\t\t\t\t\t\t\t\t\t\t\t<\/div>\n\t\t\t\t<\/div>\n\t\t\t\t\t<\/div>\n\t\t\t\t<\/div>\n\t\t<div class=\"elementor-element elementor-element-1899cf0 e-flex e-con-boxed e-con e-parent\" data-id=\"1899cf0\" data-element_type=\"container\" data-e-type=\"container\">\n\t\t\t\t\t<div class=\"e-con-inner\">\n\t\t\t\t<div class=\"elementor-element elementor-element-ea90f68 elementor-widget elementor-widget-heading\" data-id=\"ea90f68\" data-element_type=\"widget\" data-e-type=\"widget\" data-widget_type=\"heading.default\">\n\t\t\t\t<div class=\"elementor-widget-container\">\n\t\t\t\t\t<h2 class=\"elementor-heading-title elementor-size-default\">Tabelle der Umrissabmessungen<\/h2>\t\t\t\t<\/div>\n\t\t\t\t<\/div>\n\t\t\t\t\t<\/div>\n\t\t\t\t<\/div>\n\t\t<div class=\"elementor-element elementor-element-78c695a e-flex e-con-boxed e-con e-parent\" data-id=\"78c695a\" data-element_type=\"container\" data-e-type=\"container\">\n\t\t\t\t\t<div class=\"e-con-inner\">\n\t\t\t\t<div class=\"elementor-element elementor-element-eee9d73 color-scheme-inherit text-left elementor-widget elementor-widget-text-editor\" data-id=\"eee9d73\" data-element_type=\"widget\" data-e-type=\"widget\" data-widget_type=\"text-editor.default\">\n\t\t\t\t<div class=\"elementor-widget-container\">\n\t\t\t\t\t\t\t\t\t<table><thead><tr><th>Modell<\/th><th>A (mm)<\/th><th>B (mm)<\/th><th>C (mm)<\/th><th>D (mm)<\/th><th>E (mm)<\/th><th>K (mm)<\/th><th>H (mm)<\/th><th>F (mm)<\/th><th>F1 (mm)<\/th><th>E1 (mm)<\/th><th>Q (mm)<\/th><\/tr><\/thead><tbody><tr><td>3DD-15\/17<\/td><td>50<\/td><td>111<\/td><td>96<\/td><td>193<\/td><td>60<\/td><td>47<\/td><td>86<\/td><td>210<\/td><td>38<\/td><td>78<\/td><td>130<\/td><\/tr><tr><td>3DD-15\/75<\/td><td>50<\/td><td>121<\/td><td>106<\/td><td>224<\/td><td>70.5<\/td><td>47<\/td><td>86<\/td><td>210<\/td><td>38<\/td><td>98<\/td><td>150<\/td><\/tr><tr><td>3DD-15\/120<\/td><td>50<\/td><td>136<\/td><td>106<\/td><td>241<\/td><td>78<\/td><td>47<\/td><td>86<\/td><td>210<\/td><td>40<\/td><td>108<\/td><td>170<\/td><\/tr><tr><td>3DD-30\/250<\/td><td>65<\/td><td>160<\/td><td>135<\/td><td>283<\/td><td>90<\/td><td>63<\/td><td>105<\/td><td>279<\/td><td>50<\/td><td>123<\/td><td>200<\/td><\/tr><tr><td>3DD-30\/300<\/td><td>65<\/td><td>185<\/td><td>160<\/td><td>320<\/td><td>110<\/td><td>63<\/td><td>123<\/td><td>279<\/td><td>57<\/td><td>140<\/td><td>250<\/td><\/tr><tr><td>3DD-30\/400<\/td><td>65<\/td><td>185<\/td><td>160<\/td><td>355<\/td><td>125<\/td><td>63<\/td><td>129<\/td><td>279<\/td><td>63<\/td><td>160<\/td><td>278<\/td><\/tr><tr><td>3DD-60\/800<\/td><td>69<\/td><td>218<\/td><td>160<\/td><td>420<\/td><td>160<\/td><td>78<\/td><td>132<\/td><td>277<\/td><td>66<\/td><td>170<\/td><td>330<\/td><\/tr><\/tbody><\/table>\t\t\t\t\t\t\t\t<\/div>\n\t\t\t\t<\/div>\n\t\t\t\t\t<\/div>\n\t\t\t\t<\/div>\n\t\t<div class=\"elementor-element elementor-element-6aad809f e-flex e-con-boxed e-con e-parent\" data-id=\"6aad809f\" data-element_type=\"container\" data-e-type=\"container\">\n\t\t\t\t\t<div class=\"e-con-inner\">\n\t\t\t\t<div class=\"elementor-element elementor-element-651f7952 color-scheme-inherit text-left elementor-widget elementor-widget-text-editor\" data-id=\"651f7952\" data-element_type=\"widget\" data-e-type=\"widget\" data-widget_type=\"text-editor.default\">\n\t\t\t\t<div class=\"elementor-widget-container\">\n\t\t\t\t\t\t\t\t\t<table><tbody><tr><td width=\"82\"><p><strong><b>Modell<\/b><\/strong><\/p><\/td><td width=\"74\"><p><strong><b>Verf\u00fcgbare \u00d6ffnung der Absperrklappe (metrisches System)<\/b><\/strong><\/p><\/td><td width=\"74\"><p><strong><b>Verf\u00fcgbare \u00d6ffnung der Absperrklappe (britisches System)<\/b><\/strong><\/p><\/td><td width=\"42\"><p><strong><b>d (mm)<\/b><\/strong><\/p><\/td><td width=\"35\"><p><strong><b>b (mm)<\/b><\/strong><\/p><\/td><td width=\"42\"><p><strong><b>t (mm)<\/b><\/strong><\/p><\/td><td width=\"35\"><p><strong><b>D3 (mm)<\/b><\/strong><\/p><\/td><td width=\"35\"><p><strong><b>h (mm)<\/b><\/strong><\/p><\/td><td width=\"50\"><p><strong><b>D2 (mm)<\/b><\/strong><\/p><\/td><td width=\"35\"><p><strong><b>D1 (mm)<\/b><\/strong><\/p><\/td><td width=\"51\"><p><strong><b>n-\u03a6d1<\/b><\/strong><\/p><\/td><\/tr><tr><td width=\"82\"><p>3DD-15\/17<\/p><\/td><td width=\"74\"><p>50~80<\/p><\/td><td width=\"74\"><p>2&#8243;~3&#8243;<\/p><\/td><td width=\"42\"><p>12.7<\/p><\/td><td width=\"35\"><p>3<\/p><\/td><td width=\"42\"><p>15.5<\/p><\/td><td width=\"35\"><p>&#8211;<\/p><\/td><td width=\"35\"><p>&#8211;<\/p><\/td><td width=\"50\"><p>57.15<\/p><\/td><td width=\"35\"><p>92<\/p><\/td><td width=\"51\"><p>4-M6<\/p><\/td><\/tr><tr><td width=\"82\"><p>\u00a0<\/p><\/td><td width=\"74\"><p>100<\/p><\/td><td width=\"74\"><p>4&#8243;<\/p><\/td><td width=\"42\"><p>15.9<\/p><\/td><td width=\"35\"><p>5<\/p><\/td><td width=\"42\"><p>20.5<\/p><\/td><td width=\"35\"><p>&#8211;<\/p><\/td><td width=\"35\"><p>&#8211;<\/p><\/td><td width=\"50\"><p>69.85<\/p><\/td><td width=\"35\"><p>92<\/p><\/td><td width=\"51\"><p>4-M8<\/p><\/td><\/tr><tr><td width=\"82\"><p>\u00a0<\/p><\/td><td width=\"74\"><p>125~150<\/p><\/td><td width=\"74\"><p>5&#8243;~6&#8243;<\/p><\/td><td width=\"42\"><p>19.05<\/p><\/td><td width=\"35\"><p>5<\/p><\/td><td width=\"42\"><p>23.65<\/p><\/td><td width=\"35\"><p>&#8211;<\/p><\/td><td width=\"35\"><p>&#8211;<\/p><\/td><td width=\"50\"><p>69.85<\/p><\/td><td width=\"35\"><p>92<\/p><\/td><td width=\"51\"><p>4-M8<\/p><\/td><\/tr><tr><td width=\"82\"><p>3DD-15\/75<\/p><\/td><td width=\"74\"><p>200<\/p><\/td><td width=\"74\"><p>8&#8243;<\/p><\/td><td width=\"42\"><p>22.2<\/p><\/td><td width=\"35\"><p>8<\/p><\/td><td width=\"42\"><p>25.4<\/p><\/td><td width=\"35\"><p>&#8211;<\/p><\/td><td width=\"35\"><p>&#8211;<\/p><\/td><td width=\"50\"><p>88.9<\/p><\/td><td width=\"35\"><p>125<\/p><\/td><td width=\"51\"><p>4-M12<\/p><\/td><\/tr><tr><td width=\"82\"><p>\u00a0<\/p><\/td><td width=\"74\"><p>250<\/p><\/td><td width=\"74\"><p>10&#8243;<\/p><\/td><td width=\"42\"><p>28.6<\/p><\/td><td width=\"35\"><p>8<\/p><\/td><td width=\"42\"><p>35.2<\/p><\/td><td width=\"35\"><p>&#8211;<\/p><\/td><td width=\"35\"><p>&#8211;<\/p><\/td><td width=\"50\"><p>88.9<\/p><\/td><td width=\"35\"><p>125<\/p><\/td><td width=\"51\"><p>4-M12<\/p><\/td><\/tr><tr><td width=\"82\"><p>\u00a0<\/p><\/td><td width=\"74\"><p>300<\/p><\/td><td width=\"74\"><p>12&#8243;<\/p><\/td><td width=\"42\"><p>31.8<\/p><\/td><td width=\"35\"><p>8<\/p><\/td><td width=\"42\"><p>39.7<\/p><\/td><td width=\"35\"><p>&#8211;<\/p><\/td><td width=\"35\"><p>&#8211;<\/p><\/td><td width=\"50\"><p>108<\/p><\/td><td width=\"35\"><p>140<\/p><\/td><td width=\"51\"><p>4-M12<\/p><\/td><\/tr><tr><td width=\"82\"><p>\u00a0<\/p><\/td><td width=\"74\"><p>350<\/p><\/td><td width=\"74\"><p>14&#8243;<\/p><\/td><td width=\"42\"><p>31.8<\/p><\/td><td width=\"35\"><p>8<\/p><\/td><td width=\"42\"><p>39.7<\/p><\/td><td width=\"35\"><p>&#8211;<\/p><\/td><td width=\"35\"><p>&#8211;<\/p><\/td><td width=\"50\"><p>108<\/p><\/td><td width=\"35\"><p>140<\/p><\/td><td width=\"51\"><p>4-M12<\/p><\/td><\/tr><tr><td width=\"82\"><p>3DD-30\/250<\/p><\/td><td width=\"74\"><p>400<\/p><\/td><td width=\"74\"><p>16&#8243;<\/p><\/td><td width=\"42\"><p>33.1<\/p><\/td><td width=\"35\"><p>10<\/p><\/td><td width=\"42\"><p>39.9<\/p><\/td><td width=\"35\"><p>&#8211;<\/p><\/td><td width=\"35\"><p>&#8211;<\/p><\/td><td width=\"50\"><p>158.75<\/p><\/td><td width=\"35\"><p>200<\/p><\/td><td width=\"51\"><p>4-M18<\/p><\/td><\/tr><tr><td width=\"82\"><p>3DD-30\/300<\/p><\/td><td width=\"74\"><p>450<\/p><\/td><td width=\"74\"><p>18&#8243;<\/p><\/td><td width=\"42\"><p>38.1<\/p><\/td><td width=\"35\"><p>10<\/p><\/td><td width=\"42\"><p>47.9<\/p><\/td><td width=\"35\"><p>&#8211;<\/p><\/td><td width=\"35\"><p>&#8211;<\/p><\/td><td width=\"50\"><p>158.75<\/p><\/td><td width=\"35\"><p>200<\/p><\/td><td width=\"51\"><p>4-M18<\/p><\/td><\/tr><tr><td width=\"82\"><p>3DD-30\/400<\/p><\/td><td width=\"74\"><p>600<\/p><\/td><td width=\"74\"><p>24&#8243;<\/p><\/td><td width=\"42\"><p>50.8<\/p><\/td><td width=\"35\"><p>16<\/p><\/td><td width=\"42\"><p>54.5<\/p><\/td><td width=\"35\"><p>&#8211;<\/p><\/td><td width=\"35\"><p>&#8211;<\/p><\/td><td width=\"50\"><p>215.9<\/p><\/td><td width=\"35\"><p>278<\/p><\/td><td width=\"51\"><p>4-M18<\/p><\/td><\/tr><tr><td width=\"82\"><p>3DD-60\/800<\/p><\/td><td width=\"74\"><p>700<\/p><\/td><td width=\"74\"><p>28&#8243;<\/p><\/td><td width=\"42\"><p>55<\/p><\/td><td width=\"35\"><p>16<\/p><\/td><td width=\"42\"><p>63.6<\/p><\/td><td width=\"35\"><p>&#8211;<\/p><\/td><td width=\"35\"><p>&#8211;<\/p><\/td><td width=\"50\"><p>254<\/p><\/td><td width=\"35\"><p>300<\/p><\/td><td width=\"51\"><p>8-M16<\/p><\/td><\/tr><tr><td width=\"82\"><p>\u00a0<\/p><\/td><td width=\"74\"><p>800<\/p><\/td><td width=\"74\"><p>32&#8243;<\/p><\/td><td width=\"42\"><p>55<\/p><\/td><td width=\"35\"><p>16<\/p><\/td><td width=\"42\"><p>63.6<\/p><\/td><td width=\"35\"><p>&#8211;<\/p><\/td><td width=\"35\"><p>&#8211;<\/p><\/td><td width=\"50\"><p>254<\/p><\/td><td width=\"35\"><p>300<\/p><\/td><td width=\"51\"><p>8-M16<\/p><\/td><\/tr><\/tbody><\/table>\t\t\t\t\t\t\t\t<\/div>\n\t\t\t\t<\/div>\n\t\t\t\t\t<\/div>\n\t\t\t\t<\/div>\n\t\t<div class=\"elementor-element elementor-element-b518ccf e-flex e-con-boxed e-con e-parent\" data-id=\"b518ccf\" data-element_type=\"container\" data-e-type=\"container\">\n\t\t\t\t\t<div class=\"e-con-inner\">\n\t\t\t\t<div class=\"elementor-element elementor-element-c3ebc84 elementor-widget elementor-widget-heading\" data-id=\"c3ebc84\" data-element_type=\"widget\" data-e-type=\"widget\" data-widget_type=\"heading.default\">\n\t\t\t\t<div class=\"elementor-widget-container\">\n\t\t\t\t\t<h2 class=\"elementor-heading-title elementor-size-default\">Technische Parameter<\/h2>\t\t\t\t<\/div>\n\t\t\t\t<\/div>\n\t\t\t\t\t<\/div>\n\t\t\t\t<\/div>\n\t\t<div class=\"elementor-element elementor-element-f988d41 e-flex e-con-boxed e-con e-parent\" data-id=\"f988d41\" data-element_type=\"container\" data-e-type=\"container\">\n\t\t\t\t\t<div class=\"e-con-inner\">\n\t\t\t\t<div class=\"elementor-element elementor-element-ae657c2 color-scheme-inherit text-left elementor-widget elementor-widget-text-editor\" data-id=\"ae657c2\" data-element_type=\"widget\" data-e-type=\"widget\" data-widget_type=\"text-editor.default\">\n\t\t\t\t<div class=\"elementor-widget-container\">\n\t\t\t\t\t\t\t\t\t<table><tbody><tr><th>Modell<\/th><th>Drehmoment (N-m)<\/th><th>Ratio<\/th><th>Eingangsdrehmoment (N-m)<\/th><th>Gewicht (kg)<\/th><th>Bemerkungen<\/th><\/tr><tr><td>3DD-15\/17<\/td><td>170<\/td><td>203:1<\/td><td>9<\/td><td>17<\/td><td>\u00a0<\/td><\/tr><tr><td>3DD-15\/75<\/td><td>750<\/td><td>245:1<\/td><td>30<\/td><td>21<\/td><td>\u00a0<\/td><\/tr><tr><td>3DD-15\/120<\/td><td>1200<\/td><td>280:1<\/td><td>42<\/td><td>23<\/td><td>\u00a0<\/td><\/tr><tr><td>3DD-30\/250<\/td><td>2500<\/td><td>384:1<\/td><td>43<\/td><td>41<\/td><td>\u00a0<\/td><\/tr><tr><td>3DD-30\/300<\/td><td>3000<\/td><td>352:1<\/td><td>57<\/td><td>57<\/td><td>\u00a0<\/td><\/tr><tr><td>3DD-30\/400<\/td><td>4000<\/td><td>416:1<\/td><td>64<\/td><td>65<\/td><td>\u00a0<\/td><\/tr><tr><td>3DD-60\/800<\/td><td>8000<\/td><td>754:1<\/td><td>71<\/td><td>88<\/td><\/tr><\/tbody><\/table>\t\t\t\t\t\t\t\t<\/div>\n\t\t\t\t<\/div>\n\t\t\t\t\t<\/div>\n\t\t\t\t<\/div>\n\t\t\t\t<\/div>","protected":false},"excerpt":{"rendered":"<ul>\n<li><strong>Schneckengetriebe-Schneckenantriebsset<\/strong>: Ein Schneckengetriebe sorgt f\u00fcr effiziente Leistung.<\/li>\n<li><strong>Kompakt und leicht<\/strong>: Geringe Gr\u00f6\u00dfe und geringes Gewicht f\u00fcr einfache Handhabung und Installation.<\/li>\n<li><strong>Hohes Ausgangsdrehmoment<\/strong>: Gro\u00dfes Ausgangsdrehmoment f\u00fcr robusten Betrieb.<\/li>\n<li><strong>Rationale Struktur<\/strong>: Rationale Struktur f\u00fcr erh\u00f6hte Zuverl\u00e4ssigkeit.<\/li>\n<li><strong>Einfach zu bedienen<\/strong>: Benutzerfreundliche Bedienung f\u00fcr mehr Komfort.<\/li>\n<li><strong>Zuverl\u00e4ssige Selbsthaltekraft<\/strong>: Bietet eine zuverl\u00e4ssige Selbsthaltefunktion, die einen sicheren Betrieb gew\u00e4hrleistet.<\/li>\n<li><strong>Ideal f\u00fcr unterirdische Kabelkan\u00e4le<\/strong>: Geeignet f\u00fcr die Steuerung von 90\u00b0-Drehklappen, Kugelh\u00e4hnen, K\u00fckenh\u00e4hnen und anderen Armaturen bei der Verlegung in unterirdischen Leitungen.<\/li>\n<\/ul>","protected":false},"featured_media":16233,"comment_status":"open","ping_status":"closed","template":"","meta":[],"product_brand":[],"product_cat":[100,105],"product_tag":[],"class_list":{"0":"post-16232","1":"product","2":"type-product","3":"status-publish","4":"has-post-thumbnail","6":"product_cat-gearbox","7":"product_cat-quarter-turn-gearboxes","9":"first","10":"instock","11":"shipping-taxable","12":"product-type-simple"},"yoast_head":"<!-- This site is optimized with the Yoast SEO plugin v27.4 - https:\/\/yoast.com\/product\/yoast-seo-wordpress\/ -->\n<title>Gearbox for Underground Valve Operation - sne-gears.com<\/title>\n<meta name=\"robots\" content=\"index, follow, max-snippet:-1, max-image-preview:large, max-video-preview:-1\" \/>\n<link rel=\"canonical\" href=\"https:\/\/sne-gears.com\/de\/produkt\/gearbox-for-underground-valve-operation\/\" \/>\n<meta property=\"og:locale\" content=\"de_DE\" \/>\n<meta property=\"og:type\" content=\"article\" \/>\n<meta property=\"og:title\" content=\"Gearbox for Underground Valve Operation - sne-gears.com\" \/>\n<meta property=\"og:description\" content=\"Worm Gear-Worm Drive Set: Utilizes a worm gear-worm drive set for efficient performance.  Compact &amp; Lightweight: Features a small size and light weight for easy handling and installation.  High Output Torque: Delivers large output torque for robust operation.  Rational Structure: Engineered with a rational structure for enhanced reliability.  Easy to Operate: User-friendly operation for convenience.  Reliable Self-Holding Capacity: Provides dependable self-holding capability to ensure secure operation.  Ideal for Underground Conduit: Suitable for controlling 90\u00b0 rotary butterfly valves, ball valves, plug valves, and other valves when laying in underground conduits.\" \/>\n<meta property=\"og:url\" content=\"https:\/\/sne-gears.com\/de\/produkt\/gearbox-for-underground-valve-operation\/\" \/>\n<meta property=\"og:site_name\" content=\"sne-gears.com\" \/>\n<meta property=\"article:modified_time\" content=\"2024-08-14T11:59:48+00:00\" \/>\n<meta property=\"og:image\" content=\"https:\/\/sne-gears.com\/wp-content\/uploads\/2024\/07\/1720532295258.png\" \/>\n\t<meta property=\"og:image:width\" content=\"711\" \/>\n\t<meta property=\"og:image:height\" content=\"424\" \/>\n\t<meta property=\"og:image:type\" content=\"image\/png\" \/>\n<meta name=\"twitter:card\" content=\"summary_large_image\" \/>\n<meta name=\"twitter:label1\" content=\"Gesch\u00e4tzte Lesezeit\" \/>\n\t<meta name=\"twitter:data1\" content=\"2\u00a0Minuten\" \/>\n<script type=\"application\/ld+json\" class=\"yoast-schema-graph\">{\"@context\":\"https:\\\/\\\/schema.org\",\"@graph\":[{\"@type\":\"WebPage\",\"@id\":\"https:\\\/\\\/sne-gears.com\\\/product\\\/gearbox-for-underground-valve-operation\\\/\",\"url\":\"https:\\\/\\\/sne-gears.com\\\/product\\\/gearbox-for-underground-valve-operation\\\/\",\"name\":\"Gearbox for Underground Valve Operation - sne-gears.com\",\"isPartOf\":{\"@id\":\"https:\\\/\\\/sne-gears.com\\\/#website\"},\"primaryImageOfPage\":{\"@id\":\"https:\\\/\\\/sne-gears.com\\\/product\\\/gearbox-for-underground-valve-operation\\\/#primaryimage\"},\"image\":{\"@id\":\"https:\\\/\\\/sne-gears.com\\\/product\\\/gearbox-for-underground-valve-operation\\\/#primaryimage\"},\"thumbnailUrl\":\"https:\\\/\\\/sne-gears.com\\\/wp-content\\\/uploads\\\/2024\\\/07\\\/1720532295258.png\",\"datePublished\":\"2024-07-09T13:41:45+00:00\",\"dateModified\":\"2024-08-14T11:59:48+00:00\",\"breadcrumb\":{\"@id\":\"https:\\\/\\\/sne-gears.com\\\/product\\\/gearbox-for-underground-valve-operation\\\/#breadcrumb\"},\"inLanguage\":\"de\",\"potentialAction\":[{\"@type\":\"ReadAction\",\"target\":[\"https:\\\/\\\/sne-gears.com\\\/product\\\/gearbox-for-underground-valve-operation\\\/\"]}]},{\"@type\":\"ImageObject\",\"inLanguage\":\"de\",\"@id\":\"https:\\\/\\\/sne-gears.com\\\/product\\\/gearbox-for-underground-valve-operation\\\/#primaryimage\",\"url\":\"https:\\\/\\\/sne-gears.com\\\/wp-content\\\/uploads\\\/2024\\\/07\\\/1720532295258.png\",\"contentUrl\":\"https:\\\/\\\/sne-gears.com\\\/wp-content\\\/uploads\\\/2024\\\/07\\\/1720532295258.png\",\"width\":711,\"height\":424},{\"@type\":\"BreadcrumbList\",\"@id\":\"https:\\\/\\\/sne-gears.com\\\/product\\\/gearbox-for-underground-valve-operation\\\/#breadcrumb\",\"itemListElement\":[{\"@type\":\"ListItem\",\"position\":1,\"name\":\"Home\",\"item\":\"https:\\\/\\\/sne-gears.com\\\/\"},{\"@type\":\"ListItem\",\"position\":2,\"name\":\"Shop\",\"item\":\"https:\\\/\\\/sne-gears.com\\\/shop\\\/\"},{\"@type\":\"ListItem\",\"position\":3,\"name\":\"Gearbox for Underground Valve Operation\"}]},{\"@type\":\"WebSite\",\"@id\":\"https:\\\/\\\/sne-gears.com\\\/#website\",\"url\":\"https:\\\/\\\/sne-gears.com\\\/\",\"name\":\"sne-gears.com\",\"description\":\"\",\"potentialAction\":[{\"@type\":\"SearchAction\",\"target\":{\"@type\":\"EntryPoint\",\"urlTemplate\":\"https:\\\/\\\/sne-gears.com\\\/?s={search_term_string}\"},\"query-input\":{\"@type\":\"PropertyValueSpecification\",\"valueRequired\":true,\"valueName\":\"search_term_string\"}}],\"inLanguage\":\"de\"}]}<\/script>\n<!-- \/ Yoast SEO plugin. -->","yoast_head_json":{"title":"Gearbox for Underground Valve Operation - sne-gears.com","robots":{"index":"index","follow":"follow","max-snippet":"max-snippet:-1","max-image-preview":"max-image-preview:large","max-video-preview":"max-video-preview:-1"},"canonical":"https:\/\/sne-gears.com\/de\/produkt\/gearbox-for-underground-valve-operation\/","og_locale":"de_DE","og_type":"article","og_title":"Gearbox for Underground Valve Operation - sne-gears.com","og_description":"Worm Gear-Worm Drive Set: Utilizes a worm gear-worm drive set for efficient performance.  Compact &amp; Lightweight: Features a small size and light weight for easy handling and installation.  High Output Torque: Delivers large output torque for robust operation.  Rational Structure: Engineered with a rational structure for enhanced reliability.  Easy to Operate: User-friendly operation for convenience.  Reliable Self-Holding Capacity: Provides dependable self-holding capability to ensure secure operation.  Ideal for Underground Conduit: Suitable for controlling 90\u00b0 rotary butterfly valves, ball valves, plug valves, and other valves when laying in underground conduits.","og_url":"https:\/\/sne-gears.com\/de\/produkt\/gearbox-for-underground-valve-operation\/","og_site_name":"sne-gears.com","article_modified_time":"2024-08-14T11:59:48+00:00","og_image":[{"width":711,"height":424,"url":"https:\/\/sne-gears.com\/wp-content\/uploads\/2024\/07\/1720532295258.png","type":"image\/png"}],"twitter_card":"summary_large_image","twitter_misc":{"Gesch\u00e4tzte Lesezeit":"2\u00a0Minuten"},"schema":{"@context":"https:\/\/schema.org","@graph":[{"@type":"WebPage","@id":"https:\/\/sne-gears.com\/product\/gearbox-for-underground-valve-operation\/","url":"https:\/\/sne-gears.com\/product\/gearbox-for-underground-valve-operation\/","name":"Gearbox for Underground Valve Operation - sne-gears.com","isPartOf":{"@id":"https:\/\/sne-gears.com\/#website"},"primaryImageOfPage":{"@id":"https:\/\/sne-gears.com\/product\/gearbox-for-underground-valve-operation\/#primaryimage"},"image":{"@id":"https:\/\/sne-gears.com\/product\/gearbox-for-underground-valve-operation\/#primaryimage"},"thumbnailUrl":"https:\/\/sne-gears.com\/wp-content\/uploads\/2024\/07\/1720532295258.png","datePublished":"2024-07-09T13:41:45+00:00","dateModified":"2024-08-14T11:59:48+00:00","breadcrumb":{"@id":"https:\/\/sne-gears.com\/product\/gearbox-for-underground-valve-operation\/#breadcrumb"},"inLanguage":"de","potentialAction":[{"@type":"ReadAction","target":["https:\/\/sne-gears.com\/product\/gearbox-for-underground-valve-operation\/"]}]},{"@type":"ImageObject","inLanguage":"de","@id":"https:\/\/sne-gears.com\/product\/gearbox-for-underground-valve-operation\/#primaryimage","url":"https:\/\/sne-gears.com\/wp-content\/uploads\/2024\/07\/1720532295258.png","contentUrl":"https:\/\/sne-gears.com\/wp-content\/uploads\/2024\/07\/1720532295258.png","width":711,"height":424},{"@type":"BreadcrumbList","@id":"https:\/\/sne-gears.com\/product\/gearbox-for-underground-valve-operation\/#breadcrumb","itemListElement":[{"@type":"ListItem","position":1,"name":"Home","item":"https:\/\/sne-gears.com\/"},{"@type":"ListItem","position":2,"name":"Shop","item":"https:\/\/sne-gears.com\/shop\/"},{"@type":"ListItem","position":3,"name":"Gearbox for Underground Valve Operation"}]},{"@type":"WebSite","@id":"https:\/\/sne-gears.com\/#website","url":"https:\/\/sne-gears.com\/","name":"sne-gears.com","description":"","potentialAction":[{"@type":"SearchAction","target":{"@type":"EntryPoint","urlTemplate":"https:\/\/sne-gears.com\/?s={search_term_string}"},"query-input":{"@type":"PropertyValueSpecification","valueRequired":true,"valueName":"search_term_string"}}],"inLanguage":"de"}]}},"_links":{"self":[{"href":"https:\/\/sne-gears.com\/de\/wp-json\/wp\/v2\/product\/16232","targetHints":{"allow":["GET"]}}],"collection":[{"href":"https:\/\/sne-gears.com\/de\/wp-json\/wp\/v2\/product"}],"about":[{"href":"https:\/\/sne-gears.com\/de\/wp-json\/wp\/v2\/types\/product"}],"replies":[{"embeddable":true,"href":"https:\/\/sne-gears.com\/de\/wp-json\/wp\/v2\/comments?post=16232"}],"version-history":[{"count":23,"href":"https:\/\/sne-gears.com\/de\/wp-json\/wp\/v2\/product\/16232\/revisions"}],"predecessor-version":[{"id":17933,"href":"https:\/\/sne-gears.com\/de\/wp-json\/wp\/v2\/product\/16232\/revisions\/17933"}],"wp:featuredmedia":[{"embeddable":true,"href":"https:\/\/sne-gears.com\/de\/wp-json\/wp\/v2\/media\/16233"}],"wp:attachment":[{"href":"https:\/\/sne-gears.com\/de\/wp-json\/wp\/v2\/media?parent=16232"}],"wp:term":[{"taxonomy":"product_brand","embeddable":true,"href":"https:\/\/sne-gears.com\/de\/wp-json\/wp\/v2\/product_brand?post=16232"},{"taxonomy":"product_cat","embeddable":true,"href":"https:\/\/sne-gears.com\/de\/wp-json\/wp\/v2\/product_cat?post=16232"},{"taxonomy":"product_tag","embeddable":true,"href":"https:\/\/sne-gears.com\/de\/wp-json\/wp\/v2\/product_tag?post=16232"}],"curies":[{"name":"wp","href":"https:\/\/api.w.org\/{rel}","templated":true}]}}