{"id":16235,"date":"2024-07-09T13:46:05","date_gmt":"2024-07-09T13:46:05","guid":{"rendered":"https:\/\/sne-gears.com\/?post_type=product&#038;p=16235"},"modified":"2024-08-15T01:56:11","modified_gmt":"2024-08-15T01:56:11","slug":"mgj-series-gearbox-with-bearings","status":"publish","type":"product","link":"https:\/\/sne-gears.com\/de\/produkt\/mgj-series-gearbox-with-bearings\/","title":{"rendered":"Getriebe der Serie MGJ mit Lagern"},"content":{"rendered":"<div data-elementor-type=\"wp-post\" data-elementor-id=\"16235\" class=\"elementor elementor-16235\">\n\t\t\t\t<div class=\"elementor-element elementor-element-0014223 e-flex e-con-boxed e-con e-parent\" data-id=\"0014223\" data-element_type=\"container\" data-e-type=\"container\">\n\t\t\t\t\t<div class=\"e-con-inner\">\n\t\t\t\t<div class=\"elementor-element elementor-element-3e2aaed color-scheme-inherit text-left elementor-widget elementor-widget-text-editor\" data-id=\"3e2aaed\" data-element_type=\"widget\" data-e-type=\"widget\" data-widget_type=\"text-editor.default\">\n\t\t\t\t<div class=\"elementor-widget-container\">\n\t\t\t\t\t\t\t\t\t<p>Der Schneckengetriebe-Schneckenantriebssatz wird in diesem Produkt verwendet. Starke Leistung bei der Installation von Lagern an beiden Enden der Schnecke. Das Produkt zeichnet sich durch kleine Gr\u00f6\u00dfe, gro\u00dfes Ausgangsdrehmoment, rationelle Struktur, einfach zu bedienen und mit zuverl\u00e4ssig selbst halten Kapazit\u00e4t, geeignet f\u00fcr die Steuerung der 90\u00b0 rotay Buttefly Ventil, Hahn Ventil, etc.<\/p>\t\t\t\t\t\t\t\t<\/div>\n\t\t\t\t<\/div>\n\t\t\t\t\t<\/div>\n\t\t\t\t<\/div>\n\t\t<div class=\"elementor-element elementor-element-b87debc e-flex e-con-boxed e-con e-parent\" data-id=\"b87debc\" data-element_type=\"container\" data-e-type=\"container\">\n\t\t\t\t\t<div class=\"e-con-inner\">\n\t\t\t\t<div class=\"elementor-element elementor-element-f5a5462 elementor-widget elementor-widget-image\" data-id=\"f5a5462\" data-element_type=\"widget\" data-e-type=\"widget\" data-widget_type=\"image.default\">\n\t\t\t\t<div class=\"elementor-widget-container\">\n\t\t\t\t\t\t\t\t\t\t\t\t\t\t\t<img fetchpriority=\"high\" decoding=\"async\" width=\"1004\" height=\"589\" src=\"data:image\/gif;base64,R0lGODlhAQABAIAAAAAAAP\/\/\/yH5BAEAAAAALAAAAAABAAEAAAIBRAA7\" data-src=\"https:\/\/sne-gears.com\/wp-content\/uploads\/2024\/07\/1723302785693.png\" class=\"attachment-2048x2048 size-2048x2048 wp-image-17613 lazyload\" alt=\"\" data-srcset=\"https:\/\/sne-gears.com\/wp-content\/uploads\/2024\/07\/1723302785693.png 1004w, https:\/\/sne-gears.com\/wp-content\/uploads\/2024\/07\/1723302785693-400x235.png 400w, https:\/\/sne-gears.com\/wp-content\/uploads\/2024\/07\/1723302785693-768x451.png 768w, https:\/\/sne-gears.com\/wp-content\/uploads\/2024\/07\/1723302785693-18x12.png 18w, https:\/\/sne-gears.com\/wp-content\/uploads\/2024\/07\/1723302785693-430x252.png 430w, https:\/\/sne-gears.com\/wp-content\/uploads\/2024\/07\/1723302785693-700x411.png 700w, https:\/\/sne-gears.com\/wp-content\/uploads\/2024\/07\/1723302785693-150x88.png 150w\" sizes=\"(max-width: 1004px) 100vw, 1004px\" \/><noscript><img decoding=\"async\" width=\"1004\" height=\"589\" src=\"https:\/\/sne-gears.com\/wp-content\/uploads\/2024\/07\/1723302785693.png\" class=\"attachment-2048x2048 size-2048x2048 wp-image-17613 lazyload\" alt=\"\" srcset=\"https:\/\/sne-gears.com\/wp-content\/uploads\/2024\/07\/1723302785693.png 1004w, https:\/\/sne-gears.com\/wp-content\/uploads\/2024\/07\/1723302785693-400x235.png 400w, https:\/\/sne-gears.com\/wp-content\/uploads\/2024\/07\/1723302785693-768x451.png 768w, https:\/\/sne-gears.com\/wp-content\/uploads\/2024\/07\/1723302785693-18x12.png 18w, https:\/\/sne-gears.com\/wp-content\/uploads\/2024\/07\/1723302785693-430x252.png 430w, https:\/\/sne-gears.com\/wp-content\/uploads\/2024\/07\/1723302785693-700x411.png 700w, https:\/\/sne-gears.com\/wp-content\/uploads\/2024\/07\/1723302785693-150x88.png 150w\" sizes=\"(max-width: 1004px) 100vw, 1004px\" \/><\/noscript>\t\t\t\t\t\t\t\t\t\t\t\t\t\t\t<\/div>\n\t\t\t\t<\/div>\n\t\t\t\t\t<\/div>\n\t\t\t\t<\/div>\n\t\t<div class=\"elementor-element elementor-element-c57d658 e-flex e-con-boxed e-con e-parent\" data-id=\"c57d658\" data-element_type=\"container\" data-e-type=\"container\">\n\t\t\t\t\t<div class=\"e-con-inner\">\n\t\t\t\t<div class=\"elementor-element elementor-element-55c0520 elementor-widget elementor-widget-image\" data-id=\"55c0520\" data-element_type=\"widget\" data-e-type=\"widget\" data-widget_type=\"image.default\">\n\t\t\t\t<div class=\"elementor-widget-container\">\n\t\t\t\t\t\t\t\t\t\t\t\t\t\t\t<img decoding=\"async\" width=\"954\" height=\"437\" src=\"data:image\/gif;base64,R0lGODlhAQABAIAAAAAAAP\/\/\/yH5BAEAAAAALAAAAAABAAEAAAIBRAA7\" data-src=\"https:\/\/sne-gears.com\/wp-content\/uploads\/2024\/07\/1723302818872.png\" class=\"attachment-large size-large wp-image-17614 lazyload\" alt=\"\" data-srcset=\"https:\/\/sne-gears.com\/wp-content\/uploads\/2024\/07\/1723302818872.png 954w, https:\/\/sne-gears.com\/wp-content\/uploads\/2024\/07\/1723302818872-400x183.png 400w, https:\/\/sne-gears.com\/wp-content\/uploads\/2024\/07\/1723302818872-768x352.png 768w, https:\/\/sne-gears.com\/wp-content\/uploads\/2024\/07\/1723302818872-18x8.png 18w, https:\/\/sne-gears.com\/wp-content\/uploads\/2024\/07\/1723302818872-430x197.png 430w, https:\/\/sne-gears.com\/wp-content\/uploads\/2024\/07\/1723302818872-700x321.png 700w, https:\/\/sne-gears.com\/wp-content\/uploads\/2024\/07\/1723302818872-150x69.png 150w\" sizes=\"(max-width: 954px) 100vw, 954px\" \/><noscript><img loading=\"lazy\" decoding=\"async\" width=\"954\" height=\"437\" src=\"https:\/\/sne-gears.com\/wp-content\/uploads\/2024\/07\/1723302818872.png\" class=\"attachment-large size-large wp-image-17614 lazyload\" alt=\"\" srcset=\"https:\/\/sne-gears.com\/wp-content\/uploads\/2024\/07\/1723302818872.png 954w, https:\/\/sne-gears.com\/wp-content\/uploads\/2024\/07\/1723302818872-400x183.png 400w, https:\/\/sne-gears.com\/wp-content\/uploads\/2024\/07\/1723302818872-768x352.png 768w, https:\/\/sne-gears.com\/wp-content\/uploads\/2024\/07\/1723302818872-18x8.png 18w, https:\/\/sne-gears.com\/wp-content\/uploads\/2024\/07\/1723302818872-430x197.png 430w, https:\/\/sne-gears.com\/wp-content\/uploads\/2024\/07\/1723302818872-700x321.png 700w, https:\/\/sne-gears.com\/wp-content\/uploads\/2024\/07\/1723302818872-150x69.png 150w\" sizes=\"(max-width: 954px) 100vw, 954px\" \/><\/noscript>\t\t\t\t\t\t\t\t\t\t\t\t\t\t\t<\/div>\n\t\t\t\t<\/div>\n\t\t\t\t\t<\/div>\n\t\t\t\t<\/div>\n\t\t<div class=\"elementor-element elementor-element-73f80bd e-flex e-con-boxed e-con e-parent\" data-id=\"73f80bd\" data-element_type=\"container\" data-e-type=\"container\">\n\t\t\t\t\t<div class=\"e-con-inner\">\n\t\t\t\t<div class=\"elementor-element elementor-element-783404a color-scheme-inherit text-left elementor-widget elementor-widget-text-editor\" data-id=\"783404a\" data-element_type=\"widget\" data-e-type=\"widget\" data-widget_type=\"text-editor.default\">\n\t\t\t\t<div class=\"elementor-widget-container\">\n\t\t\t\t\t\t\t\t\t<h2>Tabelle der Au\u00dfenabmessungen<\/h2>\t\t\t\t\t\t\t\t<\/div>\n\t\t\t\t<\/div>\n\t\t\t\t\t<\/div>\n\t\t\t\t<\/div>\n\t\t<div class=\"elementor-element elementor-element-3dc2ecb e-flex e-con-boxed e-con e-parent\" data-id=\"3dc2ecb\" data-element_type=\"container\" data-e-type=\"container\">\n\t\t\t\t\t<div class=\"e-con-inner\">\n\t\t\t\t<div class=\"elementor-element elementor-element-66d26cf7 color-scheme-inherit text-left elementor-widget elementor-widget-text-editor\" data-id=\"66d26cf7\" data-element_type=\"widget\" data-e-type=\"widget\" data-widget_type=\"text-editor.default\">\n\t\t\t\t<div class=\"elementor-widget-container\">\n\t\t\t\t\t\t\t\t\t<table dir=\"ltr\" style=\"color: #333333; font-size: 16px;\" cellspacing=\"0\" cellpadding=\"0\" data-sheets-root=\"1\" data-sheets-baot=\"1\"><colgroup><col width=\"46\" \/><col width=\"61\" \/><col width=\"305\" \/><col width=\"305\" \/><col width=\"305\" \/><col width=\"305\" \/><col width=\"305\" \/><col width=\"305\" \/><col width=\"305\" \/><col width=\"305\" \/><col width=\"305\" \/><col width=\"305\" \/><col width=\"305\" \/><col width=\"305\" \/><col width=\"305\" \/><col width=\"305\" \/><col width=\"305\" \/><col width=\"305\" \/><col width=\"305\" \/><col width=\"305\" \/><\/colgroup><tbody><tr><td>Modell<\/td><td>d (mm)<\/td><td>d_max (mm)<\/td><td>b (mm)<\/td><td>t (mm)<\/td><td>D (mm)<\/td><td>D1 (mm)<\/td><td>n-\u03a6d \u00d7 L (mm)<\/td><td>A (mm)<\/td><td>B (mm)<\/td><td>E (mm)<\/td><td>F (mm)<\/td><td>H (mm)<\/td><td>h (mm)<\/td><td>\u03a6 (mm)<\/td><td>Gewicht (kg)<\/td><td>\u00a0<\/td><td>\u00a0<\/td><td>\u00a0<\/td><td>\u00a0<\/td><\/tr><tr><td>MGJ22<\/td><td>15.9<\/td><td>20<\/td><td>5<\/td><td>18.2<\/td><td>100<\/td><td>70<\/td><td>4-M8 \u00d7 12<\/td><td>225<\/td><td>164<\/td><td>42.5<\/td><td>143<\/td><td>83<\/td><td>39<\/td><td>200<\/td><td>7.1<\/td><td>\u00a0<\/td><td>\u00a0<\/td><td>\u00a0<\/td><td>\u00a0<\/td><\/tr><tr><td>\u00a0<\/td><td>19.05<\/td><td>20<\/td><td>5<\/td><td>21.35<\/td><td>100<\/td><td>70<\/td><td>4-M8 \u00d7 12<\/td><td>225<\/td><td>164<\/td><td>42.5<\/td><td>143<\/td><td>83<\/td><td>39<\/td><td>200<\/td><td>7.1<\/td><td>\u00a0<\/td><td>\u00a0<\/td><td>\u00a0<\/td><td>\u00a0<\/td><\/tr><tr><td>MGJ30<\/td><td>22.2<\/td><td>30<\/td><td>5<\/td><td>24.5<\/td><td>160<\/td><td>102<\/td><td>4-M10 \u00d7 15<\/td><td>345<\/td><td>254<\/td><td>63<\/td><td>195<\/td><td>90<\/td><td>37.5<\/td><td>300<\/td><td>13.1<\/td><td>\u00a0<\/td><td>\u00a0<\/td><td>\u00a0<\/td><td>\u00a0<\/td><\/tr><tr><td>\u00a0<\/td><td>28.6<\/td><td>30<\/td><td>8<\/td><td>31.9<\/td><td>160<\/td><td>102<\/td><td>4-M10 \u00d7 15<\/td><td>345<\/td><td>254<\/td><td>63<\/td><td>195<\/td><td>90<\/td><td>37.5<\/td><td>300<\/td><td>13.1<\/td><td>\u00a0<\/td><td>\u00a0<\/td><td>\u00a0<\/td><td>\u00a0<\/td><\/tr><tr><td>MGJ50<\/td><td>31.8<\/td><td>45<\/td><td>8<\/td><td>35.1<\/td><td>180<\/td><td>125<\/td><td>4-M12 \u00d7 18<\/td><td>346<\/td><td>254<\/td><td>80<\/td><td>220<\/td><td>101<\/td><td>39<\/td><td>300<\/td><td>17.7<\/td><td>\u00a0<\/td><td>\u00a0<\/td><td>\u00a0<\/td><td>\u00a0<\/td><\/tr><tr><td>\u00a0<\/td><td>\u00a0<\/td><td>\u00a0<\/td><td>\u00a0<\/td><td>\u00a0<\/td><td>\u00a0<\/td><td>\u00a0<\/td><td>\u00a0<\/td><td>\u00a0<\/td><td>\u00a0<\/td><td>\u00a0<\/td><td>\u00a0<\/td><td>\u00a0<\/td><td>\u00a0<\/td><td>\u00a0<\/td><td>\u00a0<\/td><td>\u00a0<\/td><td>\u00a0<\/td><td>\u00a0<\/td><td>\u00a0<\/td><\/tr><tr><td>MGJ80<\/td><td>33.3<\/td><td>54<\/td><td>10<\/td><td>36.6<\/td><td>255<\/td><td>140<\/td><td>4-M16 \u00d7 25<\/td><td>467<\/td><td>342<\/td><td>120<\/td><td>288<\/td><td>116<\/td><td>54<\/td><td>400<\/td><td>38.3<\/td><td>\u00a0<\/td><td>\u00a0<\/td><td>\u00a0<\/td><td>\u00a0<\/td><\/tr><tr><td>\u00a0<\/td><td>38.1<\/td><td>54<\/td><td>10<\/td><td>41.5<\/td><td>255<\/td><td>165<\/td><td>4-M20 \u00d7 25<\/td><td>467<\/td><td>342<\/td><td>120<\/td><td>288<\/td><td>116<\/td><td>54<\/td><td>400<\/td><td>38.3<\/td><td>\u00a0<\/td><td>\u00a0<\/td><td>\u00a0<\/td><td>\u00a0<\/td><\/tr><tr><td>MGJ70<\/td><td>41.3<\/td><td>84<\/td><td>10<\/td><td>44.6<\/td><td>260<\/td><td>165<\/td><td>4-M20 \u00d7 25<\/td><td>558<\/td><td>428<\/td><td>126<\/td><td>304<\/td><td>120<\/td><td>52<\/td><td>700<\/td><td>45<\/td><td>\u00a0<\/td><td>\u00a0<\/td><td>\u00a0<\/td><td>\u00a0<\/td><\/tr><tr><td>\u00a0<\/td><td>50.8<\/td><td>16<\/td><td>16<\/td><td>55.1<\/td><td>260<\/td><td>165<\/td><td>4-M20 \u00d7 25<\/td><td>558<\/td><td>428<\/td><td>126<\/td><td>304<\/td><td>120<\/td><td>52<\/td><td>700<\/td><td>45<\/td><td>\u00a0<\/td><td>\u00a0<\/td><td>\u00a0<\/td><td>\u00a0<\/td><\/tr><\/tbody><\/table>\t\t\t\t\t\t\t\t<\/div>\n\t\t\t\t<\/div>\n\t\t\t\t\t<\/div>\n\t\t\t\t<\/div>\n\t\t<div class=\"elementor-element elementor-element-3e5083f e-flex e-con-boxed e-con e-parent\" data-id=\"3e5083f\" data-element_type=\"container\" data-e-type=\"container\">\n\t\t\t\t\t<div class=\"e-con-inner\">\n\t\t\t\t<div class=\"elementor-element elementor-element-049134f color-scheme-inherit text-left elementor-widget elementor-widget-text-editor\" data-id=\"049134f\" data-element_type=\"widget\" data-e-type=\"widget\" data-widget_type=\"text-editor.default\">\n\t\t\t\t<div class=\"elementor-widget-container\">\n\t\t\t\t\t\t\t\t\t<h2>Tabelle der Anschlussma\u00dfe<\/h2>\t\t\t\t\t\t\t\t<\/div>\n\t\t\t\t<\/div>\n\t\t\t\t\t<\/div>\n\t\t\t\t<\/div>\n\t\t<div class=\"elementor-element elementor-element-c3bf7ce e-flex e-con-boxed e-con e-parent\" data-id=\"c3bf7ce\" data-element_type=\"container\" data-e-type=\"container\">\n\t\t\t\t\t<div class=\"e-con-inner\">\n\t\t\t\t<div class=\"elementor-element elementor-element-0a94253 color-scheme-inherit text-left elementor-widget elementor-widget-text-editor\" data-id=\"0a94253\" data-element_type=\"widget\" data-e-type=\"widget\" data-widget_type=\"text-editor.default\">\n\t\t\t\t<div class=\"elementor-widget-container\">\n\t\t\t\t\t\t\t\t\t<table dir=\"ltr\" cellspacing=\"0\" cellpadding=\"0\" data-sheets-root=\"1\" data-sheets-baot=\"1\"><colgroup> <col width=\"46\" \/> <col width=\"61\" \/> <col width=\"305\" \/> <col width=\"305\" \/> <col width=\"305\" \/> <col width=\"305\" \/> <col width=\"305\" \/> <col width=\"305\" \/> <col width=\"305\" \/> <col width=\"305\" \/> <col width=\"305\" \/> <col width=\"305\" \/> <col width=\"305\" \/> <col width=\"305\" \/> <col width=\"305\" \/> <col width=\"305\" \/> <col width=\"305\" \/> <col width=\"305\" \/> <col width=\"305\" \/> <col width=\"305\" \/><\/colgroup><tbody><tr><td>Modell<\/td><td>d<\/td><td>d max<\/td><td>b<\/td><td>t<\/td><td>D1<\/td><td>n-M\u00d7L<\/td><td>A<\/td><td>B<\/td><td>E<\/td><td>F<\/td><td>H<\/td><td>h<\/td><td>\u03a6<\/td><td>Gewicht (kg)<\/td><td>\u00a0<\/td><td>\u00a0<\/td><td>\u00a0<\/td><td>\u00a0<\/td><td>\u00a0<\/td><\/tr><tr><td>MGJ22<\/td><td>15.9<\/td><td>20<\/td><td>5<\/td><td>18.2<\/td><td>100<\/td><td>4-M8\u00d712<\/td><td>225<\/td><td>164<\/td><td>42.5<\/td><td>143<\/td><td>83<\/td><td>39<\/td><td>200<\/td><td>7.1<\/td><td>\u00a0<\/td><td>\u00a0<\/td><td>\u00a0<\/td><td>\u00a0<\/td><td>\u00a0<\/td><\/tr><tr><td>\u00a0<\/td><td>19.05<\/td><td>25<\/td><td>5<\/td><td>21.35<\/td><td>100<\/td><td>4-M10\u00d715<\/td><td>345<\/td><td>254<\/td><td>63<\/td><td>195<\/td><td>90<\/td><td>37.5<\/td><td>300<\/td><td>13.1<\/td><td>\u00a0<\/td><td>\u00a0<\/td><td>\u00a0<\/td><td>\u00a0<\/td><td>\u00a0<\/td><\/tr><tr><td>MGJ30<\/td><td>22.2<\/td><td>30<\/td><td>8<\/td><td>24.5<\/td><td>160<\/td><td>4-M10\u00d715<\/td><td>345<\/td><td>254<\/td><td>63<\/td><td>195<\/td><td>90<\/td><td>37.5<\/td><td>300<\/td><td>13.1<\/td><td>\u00a0<\/td><td>\u00a0<\/td><td>\u00a0<\/td><td>\u00a0<\/td><td>\u00a0<\/td><\/tr><tr><td>\u00a0<\/td><td>28.6<\/td><td>38<\/td><td>8<\/td><td>31.8<\/td><td>160<\/td><td>4-M12\u00d718<\/td><td>346<\/td><td>254<\/td><td>80<\/td><td>220<\/td><td>101<\/td><td>39<\/td><td>300<\/td><td>17.7<\/td><td>\u00a0<\/td><td>\u00a0<\/td><td>\u00a0<\/td><td>\u00a0<\/td><td>\u00a0<\/td><\/tr><tr><td>MGJ50<\/td><td>31.8<\/td><td>45<\/td><td>8<\/td><td>35.1<\/td><td>255<\/td><td>4-M16\u00d725<\/td><td>467<\/td><td>342<\/td><td>120<\/td><td>288<\/td><td>116<\/td><td>54<\/td><td>400<\/td><td>38.3<\/td><td>\u00a0<\/td><td>\u00a0<\/td><td>\u00a0<\/td><td>\u00a0<\/td><td>\u00a0<\/td><\/tr><tr><td>MGJ80<\/td><td>38.1<\/td><td>54<\/td><td>10<\/td><td>41.5<\/td><td>255<\/td><td>4-M20\u00d725<\/td><td>467<\/td><td>342<\/td><td>120<\/td><td>288<\/td><td>116<\/td><td>54<\/td><td>400<\/td><td>38.3<\/td><td>\u00a0<\/td><td>\u00a0<\/td><td>\u00a0<\/td><td>\u00a0<\/td><td>\u00a0<\/td><\/tr><tr><td>MGJ70<\/td><td>41.3<\/td><td>64<\/td><td>10<\/td><td>44.5<\/td><td>260<\/td><td>4-M20\u00d725<\/td><td>558<\/td><td>428<\/td><td>128<\/td><td>304<\/td><td>120<\/td><td>52<\/td><td>700<\/td><td>45<\/td><td>\u00a0<\/td><td>\u00a0<\/td><td>\u00a0<\/td><td>\u00a0<\/td><td>\u00a0<\/td><\/tr><tr><td>\u00a0<\/td><td>50.8<\/td><td>84<\/td><td>16<\/td><td>55.1<\/td><td>260<\/td><td>4-M20\u00d725<\/td><td>558<\/td><td>428<\/td><td>128<\/td><td>304<\/td><td>120<\/td><td>52<\/td><td>700<\/td><td>45<\/td><td>\u00a0<\/td><td>\u00a0<\/td><td>\u00a0<\/td><td>\u00a0<\/td><td>\u00a0<\/td><\/tr><\/tbody><\/table>\t\t\t\t\t\t\t\t<\/div>\n\t\t\t\t<\/div>\n\t\t\t\t\t<\/div>\n\t\t\t\t<\/div>\n\t\t\t\t<\/div>","protected":false},"excerpt":{"rendered":"<ul>\n<li><strong>Schneckengetriebe-Schneckenantriebsset<\/strong>: Ein Schneckengetriebe sorgt f\u00fcr effiziente Leistung.<\/li>\n<li><strong>Starke Leistung<\/strong>: Starker Abtrieb durch den Einbau von Lagern an beiden Enden der Schnecke.<\/li>\n<li><strong>Kompakte Gr\u00f6\u00dfe<\/strong>: Geringe Gr\u00f6\u00dfe f\u00fcr einfache Handhabung und Installation.<\/li>\n<li><strong>Hohes Ausgangsdrehmoment<\/strong>: Gro\u00dfes Ausgangsdrehmoment f\u00fcr robusten Betrieb.<\/li>\n<li><strong>Rationale Struktur<\/strong>: Rationale Struktur f\u00fcr erh\u00f6hte Zuverl\u00e4ssigkeit.<\/li>\n<li><strong>Einfach zu bedienen<\/strong>: Benutzerfreundliche Bedienung f\u00fcr mehr Komfort.<\/li>\n<li><strong>Zuverl\u00e4ssige Selbsthaltekraft<\/strong>: Bietet eine zuverl\u00e4ssige Selbsthaltefunktion, die einen sicheren Betrieb gew\u00e4hrleistet.<\/li>\n<li><strong>Ideal f\u00fcr 90\u00b0 drehbare Ventile<\/strong>: Geeignet f\u00fcr die Steuerung von Absperrklappen, K\u00fckenh\u00e4hnen und anderen Ventilen mit 90\u00b0-Drehung.<\/li>\n<\/ul>","protected":false},"featured_media":16236,"comment_status":"open","ping_status":"closed","template":"","meta":[],"product_brand":[],"product_cat":[100,105],"product_tag":[],"class_list":{"0":"post-16235","1":"product","2":"type-product","3":"status-publish","4":"has-post-thumbnail","6":"product_cat-gearbox","7":"product_cat-quarter-turn-gearboxes","9":"first","10":"instock","11":"shipping-taxable","12":"product-type-simple"},"yoast_head":"<!-- This site is optimized with the Yoast SEO plugin v27.4 - https:\/\/yoast.com\/product\/yoast-seo-wordpress\/ -->\n<title>MGJ Series Gearbox With Bearings - sne-gears.com<\/title>\n<meta name=\"robots\" content=\"index, follow, max-snippet:-1, max-image-preview:large, max-video-preview:-1\" \/>\n<link rel=\"canonical\" href=\"https:\/\/sne-gears.com\/de\/produkt\/mgj-series-gearbox-with-bearings\/\" \/>\n<meta property=\"og:locale\" content=\"de_DE\" \/>\n<meta property=\"og:type\" content=\"article\" \/>\n<meta property=\"og:title\" content=\"MGJ Series Gearbox With Bearings - sne-gears.com\" \/>\n<meta property=\"og:description\" content=\"Worm Gear-Worm Drive Set: Utilizes a worm gear-worm drive set for efficient performance.  Strong Output: Features strong output due to the installation of bearings at both ends of the worm.  Compact Size: Designed with a small size for easy handling and installation.  High Output Torque: Delivers large output torque for robust operation.  Rational Structure: Engineered with a rational structure for enhanced reliability.  Easy to Operate: User-friendly operation for convenience.  Reliable Self-Holding Capacity: Provides dependable self-holding capability to ensure secure operation.  Ideal for 90\u00b0 Rotation Valves: Suitable for controlling butterfly valves, plug valves, and other valves with 90\u00b0 rotation.\" \/>\n<meta property=\"og:url\" content=\"https:\/\/sne-gears.com\/de\/produkt\/mgj-series-gearbox-with-bearings\/\" \/>\n<meta property=\"og:site_name\" content=\"sne-gears.com\" \/>\n<meta property=\"article:modified_time\" content=\"2024-08-15T01:56:11+00:00\" \/>\n<meta property=\"og:image\" content=\"https:\/\/sne-gears.com\/wp-content\/uploads\/2024\/07\/1720532566129.png\" \/>\n\t<meta property=\"og:image:width\" content=\"711\" \/>\n\t<meta property=\"og:image:height\" content=\"424\" \/>\n\t<meta property=\"og:image:type\" content=\"image\/png\" \/>\n<meta name=\"twitter:card\" content=\"summary_large_image\" \/>\n<meta name=\"twitter:label1\" content=\"Gesch\u00e4tzte Lesezeit\" \/>\n\t<meta name=\"twitter:data1\" content=\"3\u00a0Minuten\" \/>\n<script type=\"application\/ld+json\" class=\"yoast-schema-graph\">{\"@context\":\"https:\\\/\\\/schema.org\",\"@graph\":[{\"@type\":\"WebPage\",\"@id\":\"https:\\\/\\\/sne-gears.com\\\/product\\\/mgj-series-gearbox-with-bearings\\\/\",\"url\":\"https:\\\/\\\/sne-gears.com\\\/product\\\/mgj-series-gearbox-with-bearings\\\/\",\"name\":\"MGJ Series Gearbox With Bearings - sne-gears.com\",\"isPartOf\":{\"@id\":\"https:\\\/\\\/sne-gears.com\\\/#website\"},\"primaryImageOfPage\":{\"@id\":\"https:\\\/\\\/sne-gears.com\\\/product\\\/mgj-series-gearbox-with-bearings\\\/#primaryimage\"},\"image\":{\"@id\":\"https:\\\/\\\/sne-gears.com\\\/product\\\/mgj-series-gearbox-with-bearings\\\/#primaryimage\"},\"thumbnailUrl\":\"https:\\\/\\\/sne-gears.com\\\/wp-content\\\/uploads\\\/2024\\\/07\\\/1720532566129.png\",\"datePublished\":\"2024-07-09T13:46:05+00:00\",\"dateModified\":\"2024-08-15T01:56:11+00:00\",\"breadcrumb\":{\"@id\":\"https:\\\/\\\/sne-gears.com\\\/product\\\/mgj-series-gearbox-with-bearings\\\/#breadcrumb\"},\"inLanguage\":\"de\",\"potentialAction\":[{\"@type\":\"ReadAction\",\"target\":[\"https:\\\/\\\/sne-gears.com\\\/product\\\/mgj-series-gearbox-with-bearings\\\/\"]}]},{\"@type\":\"ImageObject\",\"inLanguage\":\"de\",\"@id\":\"https:\\\/\\\/sne-gears.com\\\/product\\\/mgj-series-gearbox-with-bearings\\\/#primaryimage\",\"url\":\"https:\\\/\\\/sne-gears.com\\\/wp-content\\\/uploads\\\/2024\\\/07\\\/1720532566129.png\",\"contentUrl\":\"https:\\\/\\\/sne-gears.com\\\/wp-content\\\/uploads\\\/2024\\\/07\\\/1720532566129.png\",\"width\":711,\"height\":424},{\"@type\":\"BreadcrumbList\",\"@id\":\"https:\\\/\\\/sne-gears.com\\\/product\\\/mgj-series-gearbox-with-bearings\\\/#breadcrumb\",\"itemListElement\":[{\"@type\":\"ListItem\",\"position\":1,\"name\":\"Home\",\"item\":\"https:\\\/\\\/sne-gears.com\\\/\"},{\"@type\":\"ListItem\",\"position\":2,\"name\":\"Shop\",\"item\":\"https:\\\/\\\/sne-gears.com\\\/shop\\\/\"},{\"@type\":\"ListItem\",\"position\":3,\"name\":\"MGJ Series Gearbox With Bearings\"}]},{\"@type\":\"WebSite\",\"@id\":\"https:\\\/\\\/sne-gears.com\\\/#website\",\"url\":\"https:\\\/\\\/sne-gears.com\\\/\",\"name\":\"sne-gears.com\",\"description\":\"\",\"potentialAction\":[{\"@type\":\"SearchAction\",\"target\":{\"@type\":\"EntryPoint\",\"urlTemplate\":\"https:\\\/\\\/sne-gears.com\\\/?s={search_term_string}\"},\"query-input\":{\"@type\":\"PropertyValueSpecification\",\"valueRequired\":true,\"valueName\":\"search_term_string\"}}],\"inLanguage\":\"de\"}]}<\/script>\n<!-- \/ Yoast SEO plugin. -->","yoast_head_json":{"title":"MGJ Series Gearbox With Bearings - sne-gears.com","robots":{"index":"index","follow":"follow","max-snippet":"max-snippet:-1","max-image-preview":"max-image-preview:large","max-video-preview":"max-video-preview:-1"},"canonical":"https:\/\/sne-gears.com\/de\/produkt\/mgj-series-gearbox-with-bearings\/","og_locale":"de_DE","og_type":"article","og_title":"MGJ Series Gearbox With Bearings - sne-gears.com","og_description":"Worm Gear-Worm Drive Set: Utilizes a worm gear-worm drive set for efficient performance.  Strong Output: Features strong output due to the installation of bearings at both ends of the worm.  Compact Size: Designed with a small size for easy handling and installation.  High Output Torque: Delivers large output torque for robust operation.  Rational Structure: Engineered with a rational structure for enhanced reliability.  Easy to Operate: User-friendly operation for convenience.  Reliable Self-Holding Capacity: Provides dependable self-holding capability to ensure secure operation.  Ideal for 90\u00b0 Rotation Valves: Suitable for controlling butterfly valves, plug valves, and other valves with 90\u00b0 rotation.","og_url":"https:\/\/sne-gears.com\/de\/produkt\/mgj-series-gearbox-with-bearings\/","og_site_name":"sne-gears.com","article_modified_time":"2024-08-15T01:56:11+00:00","og_image":[{"width":711,"height":424,"url":"https:\/\/sne-gears.com\/wp-content\/uploads\/2024\/07\/1720532566129.png","type":"image\/png"}],"twitter_card":"summary_large_image","twitter_misc":{"Gesch\u00e4tzte Lesezeit":"3\u00a0Minuten"},"schema":{"@context":"https:\/\/schema.org","@graph":[{"@type":"WebPage","@id":"https:\/\/sne-gears.com\/product\/mgj-series-gearbox-with-bearings\/","url":"https:\/\/sne-gears.com\/product\/mgj-series-gearbox-with-bearings\/","name":"MGJ Series Gearbox With Bearings - sne-gears.com","isPartOf":{"@id":"https:\/\/sne-gears.com\/#website"},"primaryImageOfPage":{"@id":"https:\/\/sne-gears.com\/product\/mgj-series-gearbox-with-bearings\/#primaryimage"},"image":{"@id":"https:\/\/sne-gears.com\/product\/mgj-series-gearbox-with-bearings\/#primaryimage"},"thumbnailUrl":"https:\/\/sne-gears.com\/wp-content\/uploads\/2024\/07\/1720532566129.png","datePublished":"2024-07-09T13:46:05+00:00","dateModified":"2024-08-15T01:56:11+00:00","breadcrumb":{"@id":"https:\/\/sne-gears.com\/product\/mgj-series-gearbox-with-bearings\/#breadcrumb"},"inLanguage":"de","potentialAction":[{"@type":"ReadAction","target":["https:\/\/sne-gears.com\/product\/mgj-series-gearbox-with-bearings\/"]}]},{"@type":"ImageObject","inLanguage":"de","@id":"https:\/\/sne-gears.com\/product\/mgj-series-gearbox-with-bearings\/#primaryimage","url":"https:\/\/sne-gears.com\/wp-content\/uploads\/2024\/07\/1720532566129.png","contentUrl":"https:\/\/sne-gears.com\/wp-content\/uploads\/2024\/07\/1720532566129.png","width":711,"height":424},{"@type":"BreadcrumbList","@id":"https:\/\/sne-gears.com\/product\/mgj-series-gearbox-with-bearings\/#breadcrumb","itemListElement":[{"@type":"ListItem","position":1,"name":"Home","item":"https:\/\/sne-gears.com\/"},{"@type":"ListItem","position":2,"name":"Shop","item":"https:\/\/sne-gears.com\/shop\/"},{"@type":"ListItem","position":3,"name":"MGJ Series Gearbox With Bearings"}]},{"@type":"WebSite","@id":"https:\/\/sne-gears.com\/#website","url":"https:\/\/sne-gears.com\/","name":"sne-gears.com","description":"","potentialAction":[{"@type":"SearchAction","target":{"@type":"EntryPoint","urlTemplate":"https:\/\/sne-gears.com\/?s={search_term_string}"},"query-input":{"@type":"PropertyValueSpecification","valueRequired":true,"valueName":"search_term_string"}}],"inLanguage":"de"}]}},"_links":{"self":[{"href":"https:\/\/sne-gears.com\/de\/wp-json\/wp\/v2\/product\/16235","targetHints":{"allow":["GET"]}}],"collection":[{"href":"https:\/\/sne-gears.com\/de\/wp-json\/wp\/v2\/product"}],"about":[{"href":"https:\/\/sne-gears.com\/de\/wp-json\/wp\/v2\/types\/product"}],"replies":[{"embeddable":true,"href":"https:\/\/sne-gears.com\/de\/wp-json\/wp\/v2\/comments?post=16235"}],"version-history":[{"count":37,"href":"https:\/\/sne-gears.com\/de\/wp-json\/wp\/v2\/product\/16235\/revisions"}],"predecessor-version":[{"id":18000,"href":"https:\/\/sne-gears.com\/de\/wp-json\/wp\/v2\/product\/16235\/revisions\/18000"}],"wp:featuredmedia":[{"embeddable":true,"href":"https:\/\/sne-gears.com\/de\/wp-json\/wp\/v2\/media\/16236"}],"wp:attachment":[{"href":"https:\/\/sne-gears.com\/de\/wp-json\/wp\/v2\/media?parent=16235"}],"wp:term":[{"taxonomy":"product_brand","embeddable":true,"href":"https:\/\/sne-gears.com\/de\/wp-json\/wp\/v2\/product_brand?post=16235"},{"taxonomy":"product_cat","embeddable":true,"href":"https:\/\/sne-gears.com\/de\/wp-json\/wp\/v2\/product_cat?post=16235"},{"taxonomy":"product_tag","embeddable":true,"href":"https:\/\/sne-gears.com\/de\/wp-json\/wp\/v2\/product_tag?post=16235"}],"curies":[{"name":"wp","href":"https:\/\/api.w.org\/{rel}","templated":true}]}}