{"id":16320,"date":"2024-07-18T12:40:04","date_gmt":"2024-07-18T12:40:04","guid":{"rendered":"https:\/\/sne-gears.com\/?post_type=product&#038;p=16320"},"modified":"2024-07-30T11:02:10","modified_gmt":"2024-07-30T11:02:10","slug":"apl210n-apl310n-actuator-switch-boxes","status":"publish","type":"product","link":"https:\/\/sne-gears.com\/de\/produkt\/apl210n-apl310n-actuator-switch-boxes\/","title":{"rendered":"APL210N, APL310N Aktuator-Schaltk\u00e4sten"},"content":{"rendered":"<p>Beschreibung<\/p>\n<p>Die Ventilendschalterboxen LF-210N und LF-310N sind Feldger\u00e4te zur Erfassung des Ventilstatus im automatischen Steuerungssystem. Die offene oder geschlossene Position des Ventils wird mit dem Schaltsignal ausgegeben, und die Probe wird von der Programmsteuerung oder dem Computer gesammelt, und dann wird der n\u00e4chste Schritt nach Best\u00e4tigung durchgef\u00fchrt. Dieses Produkt kann auch als wichtiger Ventilverriegelungsschutz und Fernalarmanzeige in automatischen Steuerungssystemen verwendet werden.<\/p>\n<p>Eigenschaften<br \/>\nDie 3D-Positionsanzeige kann die Position des Ventils deutlich anzeigen.<br \/>\nDruckguss-Aluminiumlegierung Geh\u00e4use, Pulverbeschichtung, kompaktes Design Aussehen, reduzieren Ventil Verpackungsvolumen, zuverl\u00e4ssige Qualit\u00e4t.<br \/>\nDoppelte Kabelschnittstelle: Doppelte 1\/2 NPT-Rohrschnittstelle.<br \/>\nVorrichtung zur Signalr\u00fcckmeldung.<br \/>\nDie Schalterstellung ist an der Anzeige deutlich zu erkennen.<br \/>\nDie 8-16 Kontaktplatinen im Inneren der Platine entsprechen den Standards von Mikroschaltern, DPDT-Schaltern, N\u00e4herungsschaltern, Magnetschaltern oder optional und k\u00f6nnen f\u00fcr den Anschluss von Magnetventilen verwendet werden.<br \/>\n\"Quick Position\" CAM, verstellbare CAM durch Keil und Feder montiert, Schalter CAM Position kann schnell ohne Werkzeug eingestellt werden.<br \/>\nPCB-Platine anstelle einer Verdrahtung, um Kurzschl\u00fcsse zu vermeiden.<br \/>\nUmgebungstemperatur: -20\u00b0C ~ +80\u00b0C, Schutzart: IP67, optional IP68. Explosionssichere Klasse: ExdII BT6, Exed IICT6, in \u00dcbereinstimmung mit der Norm EN50014\/50018.<br \/>\nDoppelter Anschluss, Standardkontakt, der Anschluss ist sicher und bequem.<br \/>\nEinfach zu montierende Konsole nach NAMUR-Norm, Konsole nach ISO5211-Norm, jeder Antrieb kann einfach montiert werden.<br \/>\nAnti-Stripping-Bolzen, der Bolzen, der an der oberen Abdeckung befestigt ist, f\u00e4llt bei der Demontage nicht ab.<br \/>\nEinfacher Einbau, Spindelanschluss und Montageb\u00fcgel aus Edelstahl entsprechen der NAMUR-Norm.<br \/>\nAnti-Korrosion.<br \/>\nAu\u00dfenbeschichtung: schwarze Polyesterbeschichtung. (Optional)<br \/>\nAls Tr\u00e4germaterial kann SS304 gew\u00e4hlt werden. (Optional)<br \/>\nEs gibt zwei Arten von Standard- und explosionsgesch\u00fctzten Ger\u00e4ten.<\/p>","protected":false},"excerpt":{"rendered":"<p>Description The LF-210N and LF-310N valve limit switch boxes are field instruments for detecting valve status in the automatic control<\/p>","protected":false},"featured_media":16321,"comment_status":"open","ping_status":"closed","template":"","meta":[],"product_brand":[],"product_cat":[109,100],"product_tag":[],"class_list":{"0":"post-16320","1":"product","2":"type-product","3":"status-publish","4":"has-post-thumbnail","6":"product_cat-apl210n-apl310n-actuator-switch-boxes","7":"product_cat-gearbox","9":"first","10":"instock","11":"shipping-taxable","12":"product-type-simple"},"yoast_head":"<!-- This site is optimized with the Yoast SEO plugin v27.4 - https:\/\/yoast.com\/product\/yoast-seo-wordpress\/ -->\n<title>APL210N, APL310N Actuator Switch Boxes - sne-gears.com<\/title>\n<meta name=\"robots\" content=\"index, follow, max-snippet:-1, max-image-preview:large, max-video-preview:-1\" \/>\n<link rel=\"canonical\" href=\"https:\/\/sne-gears.com\/de\/produkt\/apl210n-apl310n-actuator-switch-boxes\/\" \/>\n<meta property=\"og:locale\" content=\"de_DE\" \/>\n<meta property=\"og:type\" content=\"article\" \/>\n<meta property=\"og:title\" content=\"APL210N, APL310N Actuator Switch Boxes - sne-gears.com\" \/>\n<meta property=\"og:description\" content=\"Description The LF-210N and LF-310N valve limit switch boxes are field instruments for detecting valve status in the automatic control\" \/>\n<meta property=\"og:url\" content=\"https:\/\/sne-gears.com\/de\/produkt\/apl210n-apl310n-actuator-switch-boxes\/\" \/>\n<meta property=\"og:site_name\" content=\"sne-gears.com\" \/>\n<meta property=\"article:modified_time\" content=\"2024-07-30T11:02:10+00:00\" \/>\n<meta property=\"og:image\" content=\"https:\/\/sne-gears.com\/wp-content\/uploads\/2024\/07\/45676.jpg\" \/>\n\t<meta property=\"og:image:width\" content=\"1000\" \/>\n\t<meta property=\"og:image:height\" content=\"1000\" \/>\n\t<meta property=\"og:image:type\" content=\"image\/jpeg\" \/>\n<meta name=\"twitter:card\" content=\"summary_large_image\" \/>\n<meta name=\"twitter:label1\" content=\"Gesch\u00e4tzte Lesezeit\" \/>\n\t<meta name=\"twitter:data1\" content=\"2\u00a0Minuten\" \/>\n<script type=\"application\/ld+json\" class=\"yoast-schema-graph\">{\"@context\":\"https:\\\/\\\/schema.org\",\"@graph\":[{\"@type\":\"WebPage\",\"@id\":\"https:\\\/\\\/sne-gears.com\\\/product\\\/apl210n-apl310n-actuator-switch-boxes\\\/\",\"url\":\"https:\\\/\\\/sne-gears.com\\\/product\\\/apl210n-apl310n-actuator-switch-boxes\\\/\",\"name\":\"APL210N, APL310N Actuator Switch Boxes - sne-gears.com\",\"isPartOf\":{\"@id\":\"https:\\\/\\\/sne-gears.com\\\/#website\"},\"primaryImageOfPage\":{\"@id\":\"https:\\\/\\\/sne-gears.com\\\/product\\\/apl210n-apl310n-actuator-switch-boxes\\\/#primaryimage\"},\"image\":{\"@id\":\"https:\\\/\\\/sne-gears.com\\\/product\\\/apl210n-apl310n-actuator-switch-boxes\\\/#primaryimage\"},\"thumbnailUrl\":\"https:\\\/\\\/sne-gears.com\\\/wp-content\\\/uploads\\\/2024\\\/07\\\/45676.jpg\",\"datePublished\":\"2024-07-18T12:40:04+00:00\",\"dateModified\":\"2024-07-30T11:02:10+00:00\",\"breadcrumb\":{\"@id\":\"https:\\\/\\\/sne-gears.com\\\/product\\\/apl210n-apl310n-actuator-switch-boxes\\\/#breadcrumb\"},\"inLanguage\":\"de\",\"potentialAction\":[{\"@type\":\"ReadAction\",\"target\":[\"https:\\\/\\\/sne-gears.com\\\/product\\\/apl210n-apl310n-actuator-switch-boxes\\\/\"]}]},{\"@type\":\"ImageObject\",\"inLanguage\":\"de\",\"@id\":\"https:\\\/\\\/sne-gears.com\\\/product\\\/apl210n-apl310n-actuator-switch-boxes\\\/#primaryimage\",\"url\":\"https:\\\/\\\/sne-gears.com\\\/wp-content\\\/uploads\\\/2024\\\/07\\\/45676.jpg\",\"contentUrl\":\"https:\\\/\\\/sne-gears.com\\\/wp-content\\\/uploads\\\/2024\\\/07\\\/45676.jpg\",\"width\":1000,\"height\":1000},{\"@type\":\"BreadcrumbList\",\"@id\":\"https:\\\/\\\/sne-gears.com\\\/product\\\/apl210n-apl310n-actuator-switch-boxes\\\/#breadcrumb\",\"itemListElement\":[{\"@type\":\"ListItem\",\"position\":1,\"name\":\"Home\",\"item\":\"https:\\\/\\\/sne-gears.com\\\/\"},{\"@type\":\"ListItem\",\"position\":2,\"name\":\"Shop\",\"item\":\"https:\\\/\\\/sne-gears.com\\\/shop\\\/\"},{\"@type\":\"ListItem\",\"position\":3,\"name\":\"APL210N, APL310N Actuator Switch Boxes\"}]},{\"@type\":\"WebSite\",\"@id\":\"https:\\\/\\\/sne-gears.com\\\/#website\",\"url\":\"https:\\\/\\\/sne-gears.com\\\/\",\"name\":\"sne-gears.com\",\"description\":\"\",\"potentialAction\":[{\"@type\":\"SearchAction\",\"target\":{\"@type\":\"EntryPoint\",\"urlTemplate\":\"https:\\\/\\\/sne-gears.com\\\/?s={search_term_string}\"},\"query-input\":{\"@type\":\"PropertyValueSpecification\",\"valueRequired\":true,\"valueName\":\"search_term_string\"}}],\"inLanguage\":\"de\"}]}<\/script>\n<!-- \/ Yoast SEO plugin. -->","yoast_head_json":{"title":"APL210N, APL310N Actuator Switch Boxes - sne-gears.com","robots":{"index":"index","follow":"follow","max-snippet":"max-snippet:-1","max-image-preview":"max-image-preview:large","max-video-preview":"max-video-preview:-1"},"canonical":"https:\/\/sne-gears.com\/de\/produkt\/apl210n-apl310n-actuator-switch-boxes\/","og_locale":"de_DE","og_type":"article","og_title":"APL210N, APL310N Actuator Switch Boxes - sne-gears.com","og_description":"Description The LF-210N and LF-310N valve limit switch boxes are field instruments for detecting valve status in the automatic control","og_url":"https:\/\/sne-gears.com\/de\/produkt\/apl210n-apl310n-actuator-switch-boxes\/","og_site_name":"sne-gears.com","article_modified_time":"2024-07-30T11:02:10+00:00","og_image":[{"width":1000,"height":1000,"url":"https:\/\/sne-gears.com\/wp-content\/uploads\/2024\/07\/45676.jpg","type":"image\/jpeg"}],"twitter_card":"summary_large_image","twitter_misc":{"Gesch\u00e4tzte Lesezeit":"2\u00a0Minuten"},"schema":{"@context":"https:\/\/schema.org","@graph":[{"@type":"WebPage","@id":"https:\/\/sne-gears.com\/product\/apl210n-apl310n-actuator-switch-boxes\/","url":"https:\/\/sne-gears.com\/product\/apl210n-apl310n-actuator-switch-boxes\/","name":"APL210N, APL310N Actuator Switch Boxes - sne-gears.com","isPartOf":{"@id":"https:\/\/sne-gears.com\/#website"},"primaryImageOfPage":{"@id":"https:\/\/sne-gears.com\/product\/apl210n-apl310n-actuator-switch-boxes\/#primaryimage"},"image":{"@id":"https:\/\/sne-gears.com\/product\/apl210n-apl310n-actuator-switch-boxes\/#primaryimage"},"thumbnailUrl":"https:\/\/sne-gears.com\/wp-content\/uploads\/2024\/07\/45676.jpg","datePublished":"2024-07-18T12:40:04+00:00","dateModified":"2024-07-30T11:02:10+00:00","breadcrumb":{"@id":"https:\/\/sne-gears.com\/product\/apl210n-apl310n-actuator-switch-boxes\/#breadcrumb"},"inLanguage":"de","potentialAction":[{"@type":"ReadAction","target":["https:\/\/sne-gears.com\/product\/apl210n-apl310n-actuator-switch-boxes\/"]}]},{"@type":"ImageObject","inLanguage":"de","@id":"https:\/\/sne-gears.com\/product\/apl210n-apl310n-actuator-switch-boxes\/#primaryimage","url":"https:\/\/sne-gears.com\/wp-content\/uploads\/2024\/07\/45676.jpg","contentUrl":"https:\/\/sne-gears.com\/wp-content\/uploads\/2024\/07\/45676.jpg","width":1000,"height":1000},{"@type":"BreadcrumbList","@id":"https:\/\/sne-gears.com\/product\/apl210n-apl310n-actuator-switch-boxes\/#breadcrumb","itemListElement":[{"@type":"ListItem","position":1,"name":"Home","item":"https:\/\/sne-gears.com\/"},{"@type":"ListItem","position":2,"name":"Shop","item":"https:\/\/sne-gears.com\/shop\/"},{"@type":"ListItem","position":3,"name":"APL210N, APL310N Actuator Switch Boxes"}]},{"@type":"WebSite","@id":"https:\/\/sne-gears.com\/#website","url":"https:\/\/sne-gears.com\/","name":"sne-gears.com","description":"","potentialAction":[{"@type":"SearchAction","target":{"@type":"EntryPoint","urlTemplate":"https:\/\/sne-gears.com\/?s={search_term_string}"},"query-input":{"@type":"PropertyValueSpecification","valueRequired":true,"valueName":"search_term_string"}}],"inLanguage":"de"}]}},"_links":{"self":[{"href":"https:\/\/sne-gears.com\/de\/wp-json\/wp\/v2\/product\/16320","targetHints":{"allow":["GET"]}}],"collection":[{"href":"https:\/\/sne-gears.com\/de\/wp-json\/wp\/v2\/product"}],"about":[{"href":"https:\/\/sne-gears.com\/de\/wp-json\/wp\/v2\/types\/product"}],"replies":[{"embeddable":true,"href":"https:\/\/sne-gears.com\/de\/wp-json\/wp\/v2\/comments?post=16320"}],"version-history":[{"count":3,"href":"https:\/\/sne-gears.com\/de\/wp-json\/wp\/v2\/product\/16320\/revisions"}],"predecessor-version":[{"id":16876,"href":"https:\/\/sne-gears.com\/de\/wp-json\/wp\/v2\/product\/16320\/revisions\/16876"}],"wp:featuredmedia":[{"embeddable":true,"href":"https:\/\/sne-gears.com\/de\/wp-json\/wp\/v2\/media\/16321"}],"wp:attachment":[{"href":"https:\/\/sne-gears.com\/de\/wp-json\/wp\/v2\/media?parent=16320"}],"wp:term":[{"taxonomy":"product_brand","embeddable":true,"href":"https:\/\/sne-gears.com\/de\/wp-json\/wp\/v2\/product_brand?post=16320"},{"taxonomy":"product_cat","embeddable":true,"href":"https:\/\/sne-gears.com\/de\/wp-json\/wp\/v2\/product_cat?post=16320"},{"taxonomy":"product_tag","embeddable":true,"href":"https:\/\/sne-gears.com\/de\/wp-json\/wp\/v2\/product_tag?post=16320"}],"curies":[{"name":"wp","href":"https:\/\/api.w.org\/{rel}","templated":true}]}}