{"id":16369,"date":"2024-07-18T13:57:25","date_gmt":"2024-07-18T13:57:25","guid":{"rendered":"https:\/\/sne-gears.com\/?post_type=product&#038;p=16369"},"modified":"2024-07-30T06:24:11","modified_gmt":"2024-07-30T06:24:11","slug":"mounting-kits","status":"publish","type":"product","link":"https:\/\/sne-gears.com\/de\/produkt\/mounting-kits\/","title":{"rendered":"Montage-Kits"},"content":{"rendered":"<p>Robuste Montages\u00e4tze zur Herstellung stabiler Verbindungen zwischen Ventilen, Stellantrieben und Schaltk\u00e4sten oder jeder anderen Anwendung. Wir liefern ein komplettes Sortiment an CNC-gefertigten Montages\u00e4tzen aus Edelstahl oder Kohlenstoffstahl in offener oder geschlossener Bauweise.<\/p>","protected":false},"excerpt":{"rendered":"<p>Robust mounting kits to make stable connections between valves, actuators and switch boxes or any other application. We are supplying<\/p>","protected":false},"featured_media":16370,"comment_status":"open","ping_status":"closed","template":"","meta":[],"product_brand":[],"product_cat":[112,101],"product_tag":[],"class_list":{"0":"post-16369","1":"product","2":"type-product","3":"status-publish","4":"has-post-thumbnail","6":"product_cat-mounting-kits","7":"product_cat-valve-accessories-kits","9":"first","10":"instock","11":"shipping-taxable","12":"product-type-simple"},"yoast_head":"<!-- This site is optimized with the Yoast SEO plugin v27.4 - https:\/\/yoast.com\/product\/yoast-seo-wordpress\/ -->\n<title>Mounting Kits - sne-gears.com<\/title>\n<meta name=\"robots\" content=\"index, follow, max-snippet:-1, max-image-preview:large, max-video-preview:-1\" \/>\n<link rel=\"canonical\" href=\"https:\/\/sne-gears.com\/de\/produkt\/mounting-kits\/\" \/>\n<meta property=\"og:locale\" content=\"de_DE\" \/>\n<meta property=\"og:type\" content=\"article\" \/>\n<meta property=\"og:title\" content=\"Mounting Kits - sne-gears.com\" \/>\n<meta property=\"og:description\" content=\"Robust mounting kits to make stable connections between valves, actuators and switch boxes or any other application. We are supplying\" \/>\n<meta property=\"og:url\" content=\"https:\/\/sne-gears.com\/de\/produkt\/mounting-kits\/\" \/>\n<meta property=\"og:site_name\" content=\"sne-gears.com\" \/>\n<meta property=\"article:modified_time\" content=\"2024-07-30T06:24:11+00:00\" \/>\n<meta property=\"og:image\" content=\"https:\/\/sne-gears.com\/wp-content\/uploads\/2024\/07\/3567.jpg\" \/>\n\t<meta property=\"og:image:width\" content=\"1280\" \/>\n\t<meta property=\"og:image:height\" content=\"1280\" \/>\n\t<meta property=\"og:image:type\" content=\"image\/jpeg\" \/>\n<meta name=\"twitter:card\" content=\"summary_large_image\" \/>\n<meta name=\"twitter:label1\" content=\"Gesch\u00e4tzte Lesezeit\" \/>\n\t<meta name=\"twitter:data1\" content=\"1\u00a0Minute\" \/>\n<script type=\"application\/ld+json\" class=\"yoast-schema-graph\">{\"@context\":\"https:\\\/\\\/schema.org\",\"@graph\":[{\"@type\":\"WebPage\",\"@id\":\"https:\\\/\\\/sne-gears.com\\\/product\\\/mounting-kits\\\/\",\"url\":\"https:\\\/\\\/sne-gears.com\\\/product\\\/mounting-kits\\\/\",\"name\":\"Mounting Kits - sne-gears.com\",\"isPartOf\":{\"@id\":\"https:\\\/\\\/sne-gears.com\\\/#website\"},\"primaryImageOfPage\":{\"@id\":\"https:\\\/\\\/sne-gears.com\\\/product\\\/mounting-kits\\\/#primaryimage\"},\"image\":{\"@id\":\"https:\\\/\\\/sne-gears.com\\\/product\\\/mounting-kits\\\/#primaryimage\"},\"thumbnailUrl\":\"https:\\\/\\\/sne-gears.com\\\/wp-content\\\/uploads\\\/2024\\\/07\\\/3567.jpg\",\"datePublished\":\"2024-07-18T13:57:25+00:00\",\"dateModified\":\"2024-07-30T06:24:11+00:00\",\"breadcrumb\":{\"@id\":\"https:\\\/\\\/sne-gears.com\\\/product\\\/mounting-kits\\\/#breadcrumb\"},\"inLanguage\":\"de\",\"potentialAction\":[{\"@type\":\"ReadAction\",\"target\":[\"https:\\\/\\\/sne-gears.com\\\/product\\\/mounting-kits\\\/\"]}]},{\"@type\":\"ImageObject\",\"inLanguage\":\"de\",\"@id\":\"https:\\\/\\\/sne-gears.com\\\/product\\\/mounting-kits\\\/#primaryimage\",\"url\":\"https:\\\/\\\/sne-gears.com\\\/wp-content\\\/uploads\\\/2024\\\/07\\\/3567.jpg\",\"contentUrl\":\"https:\\\/\\\/sne-gears.com\\\/wp-content\\\/uploads\\\/2024\\\/07\\\/3567.jpg\",\"width\":1280,\"height\":1280},{\"@type\":\"BreadcrumbList\",\"@id\":\"https:\\\/\\\/sne-gears.com\\\/product\\\/mounting-kits\\\/#breadcrumb\",\"itemListElement\":[{\"@type\":\"ListItem\",\"position\":1,\"name\":\"Home\",\"item\":\"https:\\\/\\\/sne-gears.com\\\/\"},{\"@type\":\"ListItem\",\"position\":2,\"name\":\"Shop\",\"item\":\"https:\\\/\\\/sne-gears.com\\\/shop\\\/\"},{\"@type\":\"ListItem\",\"position\":3,\"name\":\"Mounting Kits\"}]},{\"@type\":\"WebSite\",\"@id\":\"https:\\\/\\\/sne-gears.com\\\/#website\",\"url\":\"https:\\\/\\\/sne-gears.com\\\/\",\"name\":\"sne-gears.com\",\"description\":\"\",\"potentialAction\":[{\"@type\":\"SearchAction\",\"target\":{\"@type\":\"EntryPoint\",\"urlTemplate\":\"https:\\\/\\\/sne-gears.com\\\/?s={search_term_string}\"},\"query-input\":{\"@type\":\"PropertyValueSpecification\",\"valueRequired\":true,\"valueName\":\"search_term_string\"}}],\"inLanguage\":\"de\"}]}<\/script>\n<!-- \/ Yoast SEO plugin. -->","yoast_head_json":{"title":"Mounting Kits - sne-gears.com","robots":{"index":"index","follow":"follow","max-snippet":"max-snippet:-1","max-image-preview":"max-image-preview:large","max-video-preview":"max-video-preview:-1"},"canonical":"https:\/\/sne-gears.com\/de\/produkt\/mounting-kits\/","og_locale":"de_DE","og_type":"article","og_title":"Mounting Kits - sne-gears.com","og_description":"Robust mounting kits to make stable connections between valves, actuators and switch boxes or any other application. We are supplying","og_url":"https:\/\/sne-gears.com\/de\/produkt\/mounting-kits\/","og_site_name":"sne-gears.com","article_modified_time":"2024-07-30T06:24:11+00:00","og_image":[{"width":1280,"height":1280,"url":"https:\/\/sne-gears.com\/wp-content\/uploads\/2024\/07\/3567.jpg","type":"image\/jpeg"}],"twitter_card":"summary_large_image","twitter_misc":{"Gesch\u00e4tzte Lesezeit":"1\u00a0Minute"},"schema":{"@context":"https:\/\/schema.org","@graph":[{"@type":"WebPage","@id":"https:\/\/sne-gears.com\/product\/mounting-kits\/","url":"https:\/\/sne-gears.com\/product\/mounting-kits\/","name":"Mounting Kits - sne-gears.com","isPartOf":{"@id":"https:\/\/sne-gears.com\/#website"},"primaryImageOfPage":{"@id":"https:\/\/sne-gears.com\/product\/mounting-kits\/#primaryimage"},"image":{"@id":"https:\/\/sne-gears.com\/product\/mounting-kits\/#primaryimage"},"thumbnailUrl":"https:\/\/sne-gears.com\/wp-content\/uploads\/2024\/07\/3567.jpg","datePublished":"2024-07-18T13:57:25+00:00","dateModified":"2024-07-30T06:24:11+00:00","breadcrumb":{"@id":"https:\/\/sne-gears.com\/product\/mounting-kits\/#breadcrumb"},"inLanguage":"de","potentialAction":[{"@type":"ReadAction","target":["https:\/\/sne-gears.com\/product\/mounting-kits\/"]}]},{"@type":"ImageObject","inLanguage":"de","@id":"https:\/\/sne-gears.com\/product\/mounting-kits\/#primaryimage","url":"https:\/\/sne-gears.com\/wp-content\/uploads\/2024\/07\/3567.jpg","contentUrl":"https:\/\/sne-gears.com\/wp-content\/uploads\/2024\/07\/3567.jpg","width":1280,"height":1280},{"@type":"BreadcrumbList","@id":"https:\/\/sne-gears.com\/product\/mounting-kits\/#breadcrumb","itemListElement":[{"@type":"ListItem","position":1,"name":"Home","item":"https:\/\/sne-gears.com\/"},{"@type":"ListItem","position":2,"name":"Shop","item":"https:\/\/sne-gears.com\/shop\/"},{"@type":"ListItem","position":3,"name":"Mounting Kits"}]},{"@type":"WebSite","@id":"https:\/\/sne-gears.com\/#website","url":"https:\/\/sne-gears.com\/","name":"sne-gears.com","description":"","potentialAction":[{"@type":"SearchAction","target":{"@type":"EntryPoint","urlTemplate":"https:\/\/sne-gears.com\/?s={search_term_string}"},"query-input":{"@type":"PropertyValueSpecification","valueRequired":true,"valueName":"search_term_string"}}],"inLanguage":"de"}]}},"_links":{"self":[{"href":"https:\/\/sne-gears.com\/de\/wp-json\/wp\/v2\/product\/16369","targetHints":{"allow":["GET"]}}],"collection":[{"href":"https:\/\/sne-gears.com\/de\/wp-json\/wp\/v2\/product"}],"about":[{"href":"https:\/\/sne-gears.com\/de\/wp-json\/wp\/v2\/types\/product"}],"replies":[{"embeddable":true,"href":"https:\/\/sne-gears.com\/de\/wp-json\/wp\/v2\/comments?post=16369"}],"version-history":[{"count":6,"href":"https:\/\/sne-gears.com\/de\/wp-json\/wp\/v2\/product\/16369\/revisions"}],"predecessor-version":[{"id":16873,"href":"https:\/\/sne-gears.com\/de\/wp-json\/wp\/v2\/product\/16369\/revisions\/16873"}],"wp:featuredmedia":[{"embeddable":true,"href":"https:\/\/sne-gears.com\/de\/wp-json\/wp\/v2\/media\/16370"}],"wp:attachment":[{"href":"https:\/\/sne-gears.com\/de\/wp-json\/wp\/v2\/media?parent=16369"}],"wp:term":[{"taxonomy":"product_brand","embeddable":true,"href":"https:\/\/sne-gears.com\/de\/wp-json\/wp\/v2\/product_brand?post=16369"},{"taxonomy":"product_cat","embeddable":true,"href":"https:\/\/sne-gears.com\/de\/wp-json\/wp\/v2\/product_cat?post=16369"},{"taxonomy":"product_tag","embeddable":true,"href":"https:\/\/sne-gears.com\/de\/wp-json\/wp\/v2\/product_tag?post=16369"}],"curies":[{"name":"wp","href":"https:\/\/api.w.org\/{rel}","templated":true}]}}