{"id":16379,"date":"2024-07-18T14:08:52","date_gmt":"2024-07-18T14:08:52","guid":{"rendered":"https:\/\/peachpuff-mongoose-868793.hostingersite.com\/?post_type=product&#038;p=16379"},"modified":"2024-08-10T06:47:24","modified_gmt":"2024-08-10T06:47:24","slug":"chainwheel-for-manual-valve-operation","status":"publish","type":"product","link":"https:\/\/sne-gears.com\/de\/produkt\/chainwheel-for-manual-valve-operation\/","title":{"rendered":"Kettenrad f\u00fcr manuelle Ventilbet\u00e4tigung"},"content":{"rendered":"<div data-elementor-type=\"wp-post\" data-elementor-id=\"16379\" class=\"elementor elementor-16379\">\n\t\t\t\t<div class=\"elementor-element elementor-element-7f7f4e9 e-flex e-con-boxed e-con e-parent\" data-id=\"7f7f4e9\" data-element_type=\"container\" data-e-type=\"container\">\n\t\t\t\t\t<div class=\"e-con-inner\">\n\t\t\t\t<div class=\"elementor-element elementor-element-383377e elementor-widget elementor-widget-image\" data-id=\"383377e\" data-element_type=\"widget\" data-e-type=\"widget\" data-widget_type=\"image.default\">\n\t\t\t\t<div class=\"elementor-widget-container\">\n\t\t\t\t\t\t\t\t\t\t\t\t\t\t\t<img fetchpriority=\"high\" decoding=\"async\" width=\"1200\" height=\"600\" src=\"data:image\/gif;base64,R0lGODlhAQABAIAAAAAAAP\/\/\/yH5BAEAAAAALAAAAAABAAEAAAIBRAA7\" data-src=\"https:\/\/sne-gears.com\/wp-content\/uploads\/2024\/07\/0341.jpg\" class=\"attachment-2048x2048 size-2048x2048 wp-image-17148 lazyload\" alt=\"\" data-srcset=\"https:\/\/sne-gears.com\/wp-content\/uploads\/2024\/07\/0341.jpg 1200w, https:\/\/sne-gears.com\/wp-content\/uploads\/2024\/07\/0341-400x200.jpg 400w, https:\/\/sne-gears.com\/wp-content\/uploads\/2024\/07\/0341-768x384.jpg 768w, https:\/\/sne-gears.com\/wp-content\/uploads\/2024\/07\/0341-18x9.jpg 18w, https:\/\/sne-gears.com\/wp-content\/uploads\/2024\/07\/0341-430x215.jpg 430w, https:\/\/sne-gears.com\/wp-content\/uploads\/2024\/07\/0341-700x350.jpg 700w, https:\/\/sne-gears.com\/wp-content\/uploads\/2024\/07\/0341-150x75.jpg 150w\" sizes=\"(max-width: 1200px) 100vw, 1200px\" \/><noscript><img decoding=\"async\" width=\"1200\" height=\"600\" src=\"https:\/\/sne-gears.com\/wp-content\/uploads\/2024\/07\/0341.jpg\" class=\"attachment-2048x2048 size-2048x2048 wp-image-17148 lazyload\" alt=\"\" srcset=\"https:\/\/sne-gears.com\/wp-content\/uploads\/2024\/07\/0341.jpg 1200w, https:\/\/sne-gears.com\/wp-content\/uploads\/2024\/07\/0341-400x200.jpg 400w, https:\/\/sne-gears.com\/wp-content\/uploads\/2024\/07\/0341-768x384.jpg 768w, https:\/\/sne-gears.com\/wp-content\/uploads\/2024\/07\/0341-18x9.jpg 18w, https:\/\/sne-gears.com\/wp-content\/uploads\/2024\/07\/0341-430x215.jpg 430w, https:\/\/sne-gears.com\/wp-content\/uploads\/2024\/07\/0341-700x350.jpg 700w, https:\/\/sne-gears.com\/wp-content\/uploads\/2024\/07\/0341-150x75.jpg 150w\" sizes=\"(max-width: 1200px) 100vw, 1200px\" \/><\/noscript>\t\t\t\t\t\t\t\t\t\t\t\t\t\t\t<\/div>\n\t\t\t\t<\/div>\n\t\t\t\t\t<\/div>\n\t\t\t\t<\/div>\n\t\t<div class=\"elementor-element elementor-element-5d1fae2 e-flex e-con-boxed e-con e-parent\" data-id=\"5d1fae2\" data-element_type=\"container\" data-e-type=\"container\">\n\t\t\t\t\t<div class=\"e-con-inner\">\n\t\t\t\t<div class=\"elementor-element elementor-element-0f22ba1 elementor-widget elementor-widget-heading\" data-id=\"0f22ba1\" data-element_type=\"widget\" data-e-type=\"widget\" data-widget_type=\"heading.default\">\n\t\t\t\t<div class=\"elementor-widget-container\">\n\t\t\t\t\t<h2 class=\"elementor-heading-title elementor-size-default\">Modell-Spezifikationen<\/h2>\t\t\t\t<\/div>\n\t\t\t\t<\/div>\n\t\t\t\t\t<\/div>\n\t\t\t\t<\/div>\n\t\t<div class=\"elementor-element elementor-element-7b0a8df e-flex e-con-boxed e-con e-parent\" data-id=\"7b0a8df\" data-element_type=\"container\" data-e-type=\"container\">\n\t\t\t\t\t<div class=\"e-con-inner\">\n\t\t\t\t<div class=\"elementor-element elementor-element-854bb4c color-scheme-inherit text-left elementor-widget elementor-widget-text-editor\" data-id=\"854bb4c\" data-element_type=\"widget\" data-e-type=\"widget\" data-widget_type=\"text-editor.default\">\n\t\t\t\t<div class=\"elementor-widget-container\">\n\t\t\t\t\t\t\t\t\t<table style=\"border-collapse: collapse; width: 648.02pt;\" border=\"0\" width=\"864\" cellspacing=\"0\" cellpadding=\"0\"><tbody><tr style=\"height: 21.75pt;\"><td class=\"et2\" style=\"height: 21.75pt; width: 54.00pt;\" width=\"72\" height=\"29\">Modell<\/td><td class=\"et2\" style=\"width: 54.00pt;\" width=\"72\">d<\/td><td class=\"et2\" style=\"width: 54.00pt;\" width=\"72\">D<\/td><td class=\"et2\" style=\"width: 54.00pt;\" width=\"72\">D1<\/td><td class=\"et2\" style=\"width: 54.00pt;\" width=\"72\">L<\/td><td class=\"et2\" style=\"width: 54.00pt;\" width=\"72\">L1<\/td><td class=\"et2\" style=\"width: 54.00pt;\" width=\"72\">A<\/td><td class=\"et2\" style=\"width: 54.00pt;\" width=\"72\">B<\/td><td class=\"et2\" style=\"width: 54.00pt;\" width=\"72\">F<\/td><td class=\"et2\" style=\"width: 54.00pt;\" width=\"72\">d1<\/td><td class=\"et2\" style=\"width: 54.00pt;\" width=\"72\">Stift<\/td><td class=\"et2\" style=\"width: 54.00pt;\" width=\"72\">F1<\/td><\/tr><tr style=\"height: 21.75pt;\"><td class=\"et3\" style=\"height: 21.75pt; width: 54.00pt;\" align=\"right\" width=\"72\" height=\"29\">135<\/td><td class=\"et3\" style=\"width: 54.00pt;\" align=\"right\" width=\"72\">16<\/td><td class=\"et3\" style=\"width: 54.00pt;\" align=\"right\" width=\"72\">135<\/td><td class=\"et3\" style=\"width: 54.00pt;\" align=\"right\" width=\"72\">45<\/td><td class=\"et3\" style=\"width: 54.00pt;\" align=\"right\" width=\"72\">29<\/td><td class=\"et3\" style=\"width: 54.00pt;\" align=\"right\" width=\"72\">66<\/td><td class=\"et3\" style=\"width: 54.00pt;\" align=\"right\" width=\"72\">72<\/td><td class=\"et3\" style=\"width: 54.00pt;\" align=\"right\" width=\"72\">145<\/td><td class=\"et3\" style=\"width: 54.00pt;\" align=\"right\" width=\"72\">11<\/td><td class=\"et3\" style=\"width: 54.00pt;\" align=\"right\" width=\"72\">6<\/td><td class=\"et3\" style=\"width: 54.00pt;\" width=\"72\">6\u00d740<\/td><td class=\"et3\" style=\"width: 54.00pt;\" align=\"right\" width=\"72\">39<\/td><\/tr><tr style=\"height: 21.75pt;\"><td class=\"et3\" style=\"height: 21.75pt; width: 54.00pt;\" align=\"right\" width=\"72\" height=\"29\">200<\/td><td class=\"et3\" style=\"width: 54.00pt;\" align=\"right\" width=\"72\">16<\/td><td class=\"et3\" style=\"width: 54.00pt;\" align=\"right\" width=\"72\">200<\/td><td class=\"et3\" style=\"width: 54.00pt;\" align=\"right\" width=\"72\">45<\/td><td class=\"et3\" style=\"width: 54.00pt;\" align=\"right\" width=\"72\">34<\/td><td class=\"et3\" style=\"width: 54.00pt;\" align=\"right\" width=\"72\">68<\/td><td class=\"et3\" style=\"width: 54.00pt;\" align=\"right\" width=\"72\">105<\/td><td class=\"et3\" style=\"width: 54.00pt;\" align=\"right\" width=\"72\">210<\/td><td class=\"et3\" style=\"width: 54.00pt;\" align=\"right\" width=\"72\">11<\/td><td class=\"et3\" style=\"width: 54.00pt;\" align=\"right\" width=\"72\">6<\/td><td class=\"et3\" style=\"width: 54.00pt;\" width=\"72\">6\u00d740<\/td><td class=\"et3\" style=\"width: 54.00pt;\" align=\"right\" width=\"72\">39<\/td><\/tr><tr style=\"height: 21.75pt;\"><td class=\"et3\" style=\"height: 21.75pt; width: 54.00pt;\" align=\"right\" width=\"72\" height=\"29\">290<\/td><td class=\"et3\" style=\"width: 54.00pt;\" align=\"right\" width=\"72\">19<\/td><td class=\"et3\" style=\"width: 54.00pt;\" align=\"right\" width=\"72\">290<\/td><td class=\"et3\" style=\"width: 54.00pt;\" align=\"right\" width=\"72\">45<\/td><td class=\"et3\" style=\"width: 54.00pt;\" align=\"right\" width=\"72\">34<\/td><td class=\"et3\" style=\"width: 54.00pt;\" align=\"right\" width=\"72\">68<\/td><td class=\"et3\" style=\"width: 54.00pt;\" align=\"right\" width=\"72\">147<\/td><td class=\"et3\" style=\"width: 54.00pt;\" align=\"right\" width=\"72\">300<\/td><td class=\"et3\" style=\"width: 54.00pt;\" align=\"right\" width=\"72\">12<\/td><td class=\"et3\" style=\"width: 54.00pt;\" align=\"right\" width=\"72\">8<\/td><td class=\"et3\" style=\"width: 54.00pt;\" width=\"72\">6\u00d740<\/td><td class=\"et3\" style=\"width: 54.00pt;\" align=\"right\" width=\"72\">41<\/td><\/tr><tr style=\"height: 21.75pt;\"><td class=\"et3\" style=\"height: 21.75pt; width: 54.00pt;\" align=\"right\" width=\"72\" height=\"29\">410<\/td><td class=\"et3\" style=\"width: 54.00pt;\" align=\"right\" width=\"72\">25<\/td><td class=\"et3\" style=\"width: 54.00pt;\" align=\"right\" width=\"72\">410<\/td><td class=\"et3\" style=\"width: 54.00pt;\" align=\"right\" width=\"72\">55<\/td><td class=\"et3\" style=\"width: 54.00pt;\" align=\"right\" width=\"72\">38<\/td><td class=\"et3\" style=\"width: 54.00pt;\" align=\"right\" width=\"72\">73<\/td><td class=\"et3\" style=\"width: 54.00pt;\" align=\"right\" width=\"72\">197<\/td><td class=\"et3\" style=\"width: 54.00pt;\" align=\"right\" width=\"72\">410<\/td><td class=\"et3\" style=\"width: 54.00pt;\" align=\"right\" width=\"72\">12<\/td><td class=\"et3\" style=\"width: 54.00pt;\" align=\"right\" width=\"72\">8<\/td><td class=\"et3\" style=\"width: 54.00pt;\" width=\"72\">8\u00d750<\/td><td class=\"et3\" style=\"width: 54.00pt;\" align=\"right\" width=\"72\">42<\/td><\/tr><tr style=\"height: 21.75pt;\"><td class=\"et3\" style=\"height: 21.75pt; width: 54.00pt;\" align=\"right\" width=\"72\" height=\"29\">574<\/td><td class=\"et3\" style=\"width: 54.00pt;\" align=\"right\" width=\"72\">25<\/td><td class=\"et3\" style=\"width: 54.00pt;\" align=\"right\" width=\"72\">576<\/td><td class=\"et3\" style=\"width: 54.00pt;\" align=\"right\" width=\"72\">60<\/td><td class=\"et3\" style=\"width: 54.00pt;\" align=\"right\" width=\"72\">42<\/td><td class=\"et3\" style=\"width: 54.00pt;\" align=\"right\" width=\"72\">76<\/td><td class=\"et3\" style=\"width: 54.00pt;\" align=\"right\" width=\"72\">266<\/td><td class=\"et3\" style=\"width: 54.00pt;\" align=\"right\" width=\"72\">570<\/td><td class=\"et3\" style=\"width: 54.00pt;\" align=\"right\" width=\"72\">12<\/td><td class=\"et3\" style=\"width: 54.00pt;\" align=\"right\" width=\"72\">8<\/td><td class=\"et3\" style=\"width: 54.00pt;\" width=\"72\">8\u00d750<\/td><td class=\"et3\" style=\"width: 54.00pt;\" align=\"right\" width=\"72\">42<\/td><\/tr><\/tbody><\/table>\t\t\t\t\t\t\t\t<\/div>\n\t\t\t\t<\/div>\n\t\t\t\t\t<\/div>\n\t\t\t\t<\/div>\n\t\t<div class=\"elementor-element elementor-element-5c5e475 e-flex e-con-boxed e-con e-parent\" data-id=\"5c5e475\" data-element_type=\"container\" data-e-type=\"container\">\n\t\t\t\t\t<div class=\"e-con-inner\">\n\t\t\t\t<div class=\"elementor-element elementor-element-f369931 elementor-widget elementor-widget-spacer\" data-id=\"f369931\" data-element_type=\"widget\" data-e-type=\"widget\" data-widget_type=\"spacer.default\">\n\t\t\t\t<div class=\"elementor-widget-container\">\n\t\t\t\t\t\t\t<div class=\"elementor-spacer\">\n\t\t\t<div class=\"elementor-spacer-inner\"><\/div>\n\t\t<\/div>\n\t\t\t\t\t\t<\/div>\n\t\t\t\t<\/div>\n\t\t\t\t\t<\/div>\n\t\t\t\t<\/div>\n\t\t<div class=\"elementor-element elementor-element-f8d1d37 e-flex e-con-boxed e-con e-parent\" data-id=\"f8d1d37\" data-element_type=\"container\" data-e-type=\"container\">\n\t\t\t\t\t<div class=\"e-con-inner\">\n\t\t\t\t<div class=\"elementor-element elementor-element-35fc3fc elementor-widget elementor-widget-heading\" data-id=\"35fc3fc\" data-element_type=\"widget\" data-e-type=\"widget\" data-widget_type=\"heading.default\">\n\t\t\t\t<div class=\"elementor-widget-container\">\n\t\t\t\t\t<h2 class=\"elementor-heading-title elementor-size-default\">Teile und Materialien<\/h2>\t\t\t\t<\/div>\n\t\t\t\t<\/div>\n\t\t\t\t\t<\/div>\n\t\t\t\t<\/div>\n\t\t<div class=\"elementor-element elementor-element-9e577d8 e-flex e-con-boxed e-con e-parent\" data-id=\"9e577d8\" data-element_type=\"container\" data-e-type=\"container\">\n\t\t\t\t\t<div class=\"e-con-inner\">\n\t\t\t\t<div class=\"elementor-element elementor-element-6de0781 color-scheme-inherit text-left elementor-widget elementor-widget-text-editor\" data-id=\"6de0781\" data-element_type=\"widget\" data-e-type=\"widget\" data-widget_type=\"text-editor.default\">\n\t\t\t\t<div class=\"elementor-widget-container\">\n\t\t\t\t\t\t\t\t\t<table><thead><tr><th>Laufende Nr.<\/th><th>Teile<\/th><th>Material<\/th><th>Fakultatives Material 1<\/th><th>Fakultatives Material 2<\/th><\/tr><\/thead><tbody><tr><td>1<\/td><td>Kettenrad<\/td><td>Sph\u00e4roguss 450-10<\/td><td>CF8<\/td><td>CF8M<\/td><\/tr><tr><td>2<\/td><td>Halterung<\/td><td>Kohlenstoffstahl<\/td><td>SS304<\/td><td>SS316<\/td><\/tr><tr><td>3<\/td><td>Kette<\/td><td>Kohlenstoffstahl<\/td><td>SS304<\/td><td>SS316<\/td><\/tr><\/tbody><\/table>\t\t\t\t\t\t\t\t<\/div>\n\t\t\t\t<\/div>\n\t\t\t\t\t<\/div>\n\t\t\t\t<\/div>\n\t\t<div class=\"elementor-element elementor-element-6124ac57 e-flex e-con-boxed e-con e-parent\" data-id=\"6124ac57\" data-element_type=\"container\" data-e-type=\"container\">\n\t\t\t\t\t<div class=\"e-con-inner\">\n\t\t\t\t<div class=\"elementor-element elementor-element-123af840 color-scheme-inherit text-left elementor-widget elementor-widget-text-editor\" data-id=\"123af840\" data-element_type=\"widget\" data-e-type=\"widget\" data-widget_type=\"text-editor.default\">\n\t\t\t\t<div class=\"elementor-widget-container\">\n\t\t\t\t\t\t\t\t\t<p>\u00a0<\/p><p>Kettenrad f\u00fcr manuelle Ventilbet\u00e4tigung<\/p><p>Wir liefern Kettenr\u00e4der aus Edelstahl, Kohlenstoffstahl, verzinktem Stahl, Sph\u00e4roguss und kundenspezifische Kettenr\u00e4der nach unserem hohen Qualit\u00e4tsstandard.<\/p><p>Verzinktes Kettenrad<br \/>Manchmal erfordern besonders raue Betriebsbedingungen einen zus\u00e4tzlichen Schutz f\u00fcr Kettenr\u00e4der. Viele Kettenr\u00e4der werden in der petrochemischen Industrie eingesetzt, wo sie Chemikalien, extremen Temperaturen oder Feuchtigkeit ausgesetzt sind. In solchen F\u00e4llen liefern wir verzinkte Kettenr\u00e4der, um die Lebensdauer des Produkts in korrosiven Umgebungen zu verl\u00e4ngern. Die Verzinkung ist auch ideal f\u00fcr Umgebungen mit hoher Feuchtigkeit (z. B. Offshore oder Marine), wo Korrosionsbest\u00e4ndigkeit wichtig ist.<\/p><p>Kettenr\u00e4der aus rostfreiem Stahl<br \/>Besonders raue Betriebsumgebungen machen manchmal einen zus\u00e4tzlichen Schutz f\u00fcr Kettenr\u00e4der erforderlich. Viele Kettenr\u00e4der werden in der petrochemischen Industrie eingesetzt, wo sie Chemikalien, extremen Temperaturen oder Feuchtigkeit ausgesetzt sind. In solchen F\u00e4llen bieten wir Kettenr\u00e4der aus rostfreiem Stahl an, um die Lebensdauer des Produkts in korrosiven Umgebungen zu verl\u00e4ngern.<br \/>Edelstahl ist auch ideal f\u00fcr Umgebungen mit hoher Feuchtigkeit (z. B. im Offshore- oder Marinebereich), wo Korrosionsbest\u00e4ndigkeit wichtig ist.<\/p><p>Kundenspezifische Gr\u00f6\u00dfe oder\/und Farbe Kettenrad Kundenspezifische Gr\u00f6\u00dfe oder\/und Farbe Kettenrad sind f\u00fcr Ihr Kettenrad verf\u00fcgbar, um Ihre Einrichtungen anzupassen.<\/p>\t\t\t\t\t\t\t\t<\/div>\n\t\t\t\t<\/div>\n\t\t\t\t\t<\/div>\n\t\t\t\t<\/div>\n\t\t\t\t<\/div>","protected":false},"excerpt":{"rendered":"<p>Model Specifications Model d D D1 L L1 A B F d1 Pin F1 135 16 135 45 29 66<\/p>","protected":false},"featured_media":16380,"comment_status":"open","ping_status":"closed","template":"","meta":[],"product_brand":[],"product_cat":[114,101],"product_tag":[],"class_list":{"0":"post-16379","1":"product","2":"type-product","3":"status-publish","4":"has-post-thumbnail","6":"product_cat-chainwheel-for-manual-valve-operation","7":"product_cat-valve-accessories-kits","9":"first","10":"instock","11":"shipping-taxable","12":"product-type-simple"},"yoast_head":"<!-- This site is optimized with the Yoast SEO plugin v27.4 - https:\/\/yoast.com\/product\/yoast-seo-wordpress\/ -->\n<title>Chainwheel for Manual Valve Operation - sne-gears.com<\/title>\n<meta name=\"robots\" content=\"index, follow, max-snippet:-1, max-image-preview:large, max-video-preview:-1\" \/>\n<link rel=\"canonical\" href=\"https:\/\/sne-gears.com\/de\/produkt\/chainwheel-for-manual-valve-operation\/\" \/>\n<meta property=\"og:locale\" content=\"de_DE\" \/>\n<meta property=\"og:type\" content=\"article\" \/>\n<meta property=\"og:title\" content=\"Chainwheel for Manual Valve Operation - sne-gears.com\" \/>\n<meta property=\"og:description\" content=\"Model Specifications Model d D D1 L L1 A B F d1 Pin F1 135 16 135 45 29 66\" \/>\n<meta property=\"og:url\" content=\"https:\/\/sne-gears.com\/de\/produkt\/chainwheel-for-manual-valve-operation\/\" \/>\n<meta property=\"og:site_name\" content=\"sne-gears.com\" \/>\n<meta property=\"article:modified_time\" content=\"2024-08-10T06:47:24+00:00\" \/>\n<meta property=\"og:image\" content=\"https:\/\/sne-gears.com\/wp-content\/uploads\/2024\/07\/78.jpg\" \/>\n\t<meta property=\"og:image:width\" content=\"1280\" \/>\n\t<meta property=\"og:image:height\" content=\"1280\" \/>\n\t<meta property=\"og:image:type\" content=\"image\/jpeg\" \/>\n<meta name=\"twitter:card\" content=\"summary_large_image\" \/>\n<meta name=\"twitter:label1\" content=\"Gesch\u00e4tzte Lesezeit\" \/>\n\t<meta name=\"twitter:data1\" content=\"2\u00a0Minuten\" \/>\n<script type=\"application\/ld+json\" class=\"yoast-schema-graph\">{\"@context\":\"https:\\\/\\\/schema.org\",\"@graph\":[{\"@type\":\"WebPage\",\"@id\":\"https:\\\/\\\/sne-gears.com\\\/de\\\/produkt\\\/chainwheel-for-manual-valve-operation\\\/\",\"url\":\"https:\\\/\\\/sne-gears.com\\\/de\\\/produkt\\\/chainwheel-for-manual-valve-operation\\\/\",\"name\":\"Chainwheel for Manual Valve Operation - sne-gears.com\",\"isPartOf\":{\"@id\":\"https:\\\/\\\/sne-gears.com\\\/de\\\/#website\"},\"primaryImageOfPage\":{\"@id\":\"https:\\\/\\\/sne-gears.com\\\/de\\\/produkt\\\/chainwheel-for-manual-valve-operation\\\/#primaryimage\"},\"image\":{\"@id\":\"https:\\\/\\\/sne-gears.com\\\/de\\\/produkt\\\/chainwheel-for-manual-valve-operation\\\/#primaryimage\"},\"thumbnailUrl\":\"https:\\\/\\\/sne-gears.com\\\/wp-content\\\/uploads\\\/2024\\\/07\\\/78.jpg\",\"datePublished\":\"2024-07-18T14:08:52+00:00\",\"dateModified\":\"2024-08-10T06:47:24+00:00\",\"breadcrumb\":{\"@id\":\"https:\\\/\\\/sne-gears.com\\\/de\\\/produkt\\\/chainwheel-for-manual-valve-operation\\\/#breadcrumb\"},\"inLanguage\":\"de\",\"potentialAction\":[{\"@type\":\"ReadAction\",\"target\":[\"https:\\\/\\\/sne-gears.com\\\/de\\\/produkt\\\/chainwheel-for-manual-valve-operation\\\/\"]}]},{\"@type\":\"ImageObject\",\"inLanguage\":\"de\",\"@id\":\"https:\\\/\\\/sne-gears.com\\\/de\\\/produkt\\\/chainwheel-for-manual-valve-operation\\\/#primaryimage\",\"url\":\"https:\\\/\\\/sne-gears.com\\\/wp-content\\\/uploads\\\/2024\\\/07\\\/78.jpg\",\"contentUrl\":\"https:\\\/\\\/sne-gears.com\\\/wp-content\\\/uploads\\\/2024\\\/07\\\/78.jpg\",\"width\":1280,\"height\":1280},{\"@type\":\"BreadcrumbList\",\"@id\":\"https:\\\/\\\/sne-gears.com\\\/de\\\/produkt\\\/chainwheel-for-manual-valve-operation\\\/#breadcrumb\",\"itemListElement\":[{\"@type\":\"ListItem\",\"position\":1,\"name\":\"Home\",\"item\":\"https:\\\/\\\/sne-gears.com\\\/ru\\\/\"},{\"@type\":\"ListItem\",\"position\":2,\"name\":\"Shop\",\"item\":\"https:\\\/\\\/sne-gears.com\\\/fr\\\/shop\\\/\"},{\"@type\":\"ListItem\",\"position\":3,\"name\":\"Chainwheel for Manual Valve Operation\"}]},{\"@type\":\"WebSite\",\"@id\":\"https:\\\/\\\/sne-gears.com\\\/de\\\/#website\",\"url\":\"https:\\\/\\\/sne-gears.com\\\/de\\\/\",\"name\":\"sne-gears.com\",\"description\":\"\",\"potentialAction\":[{\"@type\":\"SearchAction\",\"target\":{\"@type\":\"EntryPoint\",\"urlTemplate\":\"https:\\\/\\\/sne-gears.com\\\/de\\\/?s={search_term_string}\"},\"query-input\":{\"@type\":\"PropertyValueSpecification\",\"valueRequired\":true,\"valueName\":\"search_term_string\"}}],\"inLanguage\":\"de\"}]}<\/script>\n<!-- \/ Yoast SEO plugin. -->","yoast_head_json":{"title":"Chainwheel for Manual Valve Operation - sne-gears.com","robots":{"index":"index","follow":"follow","max-snippet":"max-snippet:-1","max-image-preview":"max-image-preview:large","max-video-preview":"max-video-preview:-1"},"canonical":"https:\/\/sne-gears.com\/de\/produkt\/chainwheel-for-manual-valve-operation\/","og_locale":"de_DE","og_type":"article","og_title":"Chainwheel for Manual Valve Operation - sne-gears.com","og_description":"Model Specifications Model d D D1 L L1 A B F d1 Pin F1 135 16 135 45 29 66","og_url":"https:\/\/sne-gears.com\/de\/produkt\/chainwheel-for-manual-valve-operation\/","og_site_name":"sne-gears.com","article_modified_time":"2024-08-10T06:47:24+00:00","og_image":[{"width":1280,"height":1280,"url":"https:\/\/sne-gears.com\/wp-content\/uploads\/2024\/07\/78.jpg","type":"image\/jpeg"}],"twitter_card":"summary_large_image","twitter_misc":{"Gesch\u00e4tzte Lesezeit":"2\u00a0Minuten"},"schema":{"@context":"https:\/\/schema.org","@graph":[{"@type":"WebPage","@id":"https:\/\/sne-gears.com\/de\/produkt\/chainwheel-for-manual-valve-operation\/","url":"https:\/\/sne-gears.com\/de\/produkt\/chainwheel-for-manual-valve-operation\/","name":"Chainwheel for Manual Valve Operation - sne-gears.com","isPartOf":{"@id":"https:\/\/sne-gears.com\/de\/#website"},"primaryImageOfPage":{"@id":"https:\/\/sne-gears.com\/de\/produkt\/chainwheel-for-manual-valve-operation\/#primaryimage"},"image":{"@id":"https:\/\/sne-gears.com\/de\/produkt\/chainwheel-for-manual-valve-operation\/#primaryimage"},"thumbnailUrl":"https:\/\/sne-gears.com\/wp-content\/uploads\/2024\/07\/78.jpg","datePublished":"2024-07-18T14:08:52+00:00","dateModified":"2024-08-10T06:47:24+00:00","breadcrumb":{"@id":"https:\/\/sne-gears.com\/de\/produkt\/chainwheel-for-manual-valve-operation\/#breadcrumb"},"inLanguage":"de","potentialAction":[{"@type":"ReadAction","target":["https:\/\/sne-gears.com\/de\/produkt\/chainwheel-for-manual-valve-operation\/"]}]},{"@type":"ImageObject","inLanguage":"de","@id":"https:\/\/sne-gears.com\/de\/produkt\/chainwheel-for-manual-valve-operation\/#primaryimage","url":"https:\/\/sne-gears.com\/wp-content\/uploads\/2024\/07\/78.jpg","contentUrl":"https:\/\/sne-gears.com\/wp-content\/uploads\/2024\/07\/78.jpg","width":1280,"height":1280},{"@type":"BreadcrumbList","@id":"https:\/\/sne-gears.com\/de\/produkt\/chainwheel-for-manual-valve-operation\/#breadcrumb","itemListElement":[{"@type":"ListItem","position":1,"name":"Home","item":"https:\/\/sne-gears.com\/ru\/"},{"@type":"ListItem","position":2,"name":"Shop","item":"https:\/\/sne-gears.com\/fr\/shop\/"},{"@type":"ListItem","position":3,"name":"Chainwheel for Manual Valve Operation"}]},{"@type":"WebSite","@id":"https:\/\/sne-gears.com\/de\/#website","url":"https:\/\/sne-gears.com\/de\/","name":"sne-gears.com","description":"","potentialAction":[{"@type":"SearchAction","target":{"@type":"EntryPoint","urlTemplate":"https:\/\/sne-gears.com\/de\/?s={search_term_string}"},"query-input":{"@type":"PropertyValueSpecification","valueRequired":true,"valueName":"search_term_string"}}],"inLanguage":"de"}]}},"_links":{"self":[{"href":"https:\/\/sne-gears.com\/de\/wp-json\/wp\/v2\/product\/16379","targetHints":{"allow":["GET"]}}],"collection":[{"href":"https:\/\/sne-gears.com\/de\/wp-json\/wp\/v2\/product"}],"about":[{"href":"https:\/\/sne-gears.com\/de\/wp-json\/wp\/v2\/types\/product"}],"replies":[{"embeddable":true,"href":"https:\/\/sne-gears.com\/de\/wp-json\/wp\/v2\/comments?post=16379"}],"version-history":[{"count":54,"href":"https:\/\/sne-gears.com\/de\/wp-json\/wp\/v2\/product\/16379\/revisions"}],"predecessor-version":[{"id":17203,"href":"https:\/\/sne-gears.com\/de\/wp-json\/wp\/v2\/product\/16379\/revisions\/17203"}],"wp:featuredmedia":[{"embeddable":true,"href":"https:\/\/sne-gears.com\/de\/wp-json\/wp\/v2\/media\/16380"}],"wp:attachment":[{"href":"https:\/\/sne-gears.com\/de\/wp-json\/wp\/v2\/media?parent=16379"}],"wp:term":[{"taxonomy":"product_brand","embeddable":true,"href":"https:\/\/sne-gears.com\/de\/wp-json\/wp\/v2\/product_brand?post=16379"},{"taxonomy":"product_cat","embeddable":true,"href":"https:\/\/sne-gears.com\/de\/wp-json\/wp\/v2\/product_cat?post=16379"},{"taxonomy":"product_tag","embeddable":true,"href":"https:\/\/sne-gears.com\/de\/wp-json\/wp\/v2\/product_tag?post=16379"}],"curies":[{"name":"wp","href":"https:\/\/api.w.org\/{rel}","templated":true}]}}