{"id":16664,"date":"2024-07-25T03:59:44","date_gmt":"2024-07-25T03:59:44","guid":{"rendered":"https:\/\/peachpuff-mongoose-868793.hostingersite.com\/?post_type=product&#038;p=16664"},"modified":"2024-08-10T15:07:37","modified_gmt":"2024-08-10T15:07:37","slug":"ba-1-bevel-gear-muti-turn-gearbox-graduatedba-1","status":"publish","type":"product","link":"https:\/\/sne-gears.com\/de\/produkt\/ba-1-bevel-gear-muti-turn-gearbox-graduatedba-1\/","title":{"rendered":"BA-1 Kegelrad-Mehrganggetriebe abgestuft"},"content":{"rendered":"<div data-elementor-type=\"wp-post\" data-elementor-id=\"16664\" class=\"elementor elementor-16664\">\n\t\t\t\t<div class=\"elementor-element elementor-element-de33e87 e-flex e-con-boxed e-con e-parent\" data-id=\"de33e87\" data-element_type=\"container\" data-e-type=\"container\">\n\t\t\t\t\t<div class=\"e-con-inner\">\n\t\t\t\t<div class=\"elementor-element elementor-element-3f94ad4 color-scheme-inherit text-left elementor-widget elementor-widget-text-editor\" data-id=\"3f94ad4\" data-element_type=\"widget\" data-e-type=\"widget\" data-widget_type=\"text-editor.default\">\n\t\t\t\t<div class=\"elementor-widget-container\">\n\t\t\t\t\t\t\t\t\t<p>Wir stellen eine breite Palette von Kegelrad-\/Stirnradgetrieben her, die f\u00fcr Kugelh\u00e4hne, Schieber usw. verwendet werden k\u00f6nnen. Das Ausgangsdrehmoment reicht bis zu 66.100 Nm und die Schubkraft bis zu 6.350 kN. Verschiedene Gr\u00f6\u00dfen und \u00dcbersetzungen von 1:1 bis 560:1 sind verf\u00fcgbar, wie z.B. IP68, nukleare, flexible Verl\u00e4ngerungen und Handr\u00e4der mit Vorh\u00e4ngeschloss sind ebenfalls erh\u00e4ltlich.<\/p><p>Das Bogenkegelradgetriebe des Typs BA zeichnet sich durch reduzierte Reibung, geringe Ger\u00e4uschentwicklung, hohe Drehmomentkraft, hohe Effizienz und verbesserte Produktlebensdauer aus. Zus\u00e4tzlich zu den Merkmalen des komfortablen Gef\u00fchls, der einfachen \u00d6ffnung, der vern\u00fcnftigen Struktur und der sensiblen Leistung ist dieses Produkt mit Ventilkupfermuttern und D2-Hochnickelmuttern ausgestattet, was Ventilschrauben und Lager f\u00fcr jedes Ventilprodukt spart und einfach zu installieren ist. Es ist haupts\u00e4chlich mit Schiebern, Ventilen, Plattenschiebern und Auslassventilen ausgestattet.<\/p>\t\t\t\t\t\t\t\t<\/div>\n\t\t\t\t<\/div>\n\t\t\t\t\t<\/div>\n\t\t\t\t<\/div>\n\t\t<div class=\"elementor-element elementor-element-45986e1 e-flex e-con-boxed e-con e-parent\" data-id=\"45986e1\" data-element_type=\"container\" data-e-type=\"container\">\n\t\t\t\t\t<div class=\"e-con-inner\">\n\t\t\t\t<div class=\"elementor-element elementor-element-cd85d9a elementor-widget elementor-widget-image\" data-id=\"cd85d9a\" data-element_type=\"widget\" data-e-type=\"widget\" data-widget_type=\"image.default\">\n\t\t\t\t<div class=\"elementor-widget-container\">\n\t\t\t\t\t\t\t\t\t\t\t\t\t\t\t<img fetchpriority=\"high\" decoding=\"async\" width=\"1284\" height=\"496\" src=\"data:image\/gif;base64,R0lGODlhAQABAIAAAAAAAP\/\/\/yH5BAEAAAAALAAAAAABAAEAAAIBRAA7\" data-src=\"https:\/\/sne-gears.com\/wp-content\/uploads\/2024\/07\/ac.jpg\" class=\"attachment-large size-large wp-image-17581 lazyload\" alt=\"\" data-srcset=\"https:\/\/sne-gears.com\/wp-content\/uploads\/2024\/07\/ac.jpg 1284w, https:\/\/sne-gears.com\/wp-content\/uploads\/2024\/07\/ac-400x155.jpg 400w, https:\/\/sne-gears.com\/wp-content\/uploads\/2024\/07\/ac-768x297.jpg 768w, https:\/\/sne-gears.com\/wp-content\/uploads\/2024\/07\/ac-18x7.jpg 18w, https:\/\/sne-gears.com\/wp-content\/uploads\/2024\/07\/ac-430x166.jpg 430w, https:\/\/sne-gears.com\/wp-content\/uploads\/2024\/07\/ac-700x270.jpg 700w, https:\/\/sne-gears.com\/wp-content\/uploads\/2024\/07\/ac-150x58.jpg 150w\" sizes=\"(max-width: 1284px) 100vw, 1284px\" \/><noscript><img decoding=\"async\" width=\"1284\" height=\"496\" src=\"https:\/\/sne-gears.com\/wp-content\/uploads\/2024\/07\/ac.jpg\" class=\"attachment-large size-large wp-image-17581 lazyload\" alt=\"\" srcset=\"https:\/\/sne-gears.com\/wp-content\/uploads\/2024\/07\/ac.jpg 1284w, https:\/\/sne-gears.com\/wp-content\/uploads\/2024\/07\/ac-400x155.jpg 400w, https:\/\/sne-gears.com\/wp-content\/uploads\/2024\/07\/ac-768x297.jpg 768w, https:\/\/sne-gears.com\/wp-content\/uploads\/2024\/07\/ac-18x7.jpg 18w, https:\/\/sne-gears.com\/wp-content\/uploads\/2024\/07\/ac-430x166.jpg 430w, https:\/\/sne-gears.com\/wp-content\/uploads\/2024\/07\/ac-700x270.jpg 700w, https:\/\/sne-gears.com\/wp-content\/uploads\/2024\/07\/ac-150x58.jpg 150w\" sizes=\"(max-width: 1284px) 100vw, 1284px\" \/><\/noscript>\t\t\t\t\t\t\t\t\t\t\t\t\t\t\t<\/div>\n\t\t\t\t<\/div>\n\t\t\t\t\t<\/div>\n\t\t\t\t<\/div>\n\t\t<div class=\"elementor-element elementor-element-4193f151 e-flex e-con-boxed e-con e-parent\" data-id=\"4193f151\" data-element_type=\"container\" data-e-type=\"container\">\n\t\t\t\t\t<div class=\"e-con-inner\">\n\t\t\t\t<div class=\"elementor-element elementor-element-51fe58c1 color-scheme-inherit text-left elementor-widget elementor-widget-text-editor\" data-id=\"51fe58c1\" data-element_type=\"widget\" data-e-type=\"widget\" data-widget_type=\"text-editor.default\">\n\t\t\t\t<div class=\"elementor-widget-container\">\n\t\t\t\t\t\t\t\t\t<table width=\"764\"><tbody><tr><td width=\"157\">Modell<\/td><td width=\"86\">BA-000<\/td><td width=\"86\">BA-00<\/td><td width=\"86\">BA-0<\/td><td width=\"86\">BA-1<\/td><td width=\"86\">BA-2<\/td><td width=\"86\">BA-3<\/td><td width=\"86\">BAA-3<\/td><\/tr><tr><td colspan=\"8\">Technische Parameter<\/td><\/tr><tr><td>Ratio<\/td><td>2.35:1<\/td><td>2.6:1<\/td><td>3:1<\/td><td>4.1:1<\/td><td>5.2:1<\/td><td>6.3:1<\/td><td>18:1<\/td><\/tr><tr><td>Max-Drehmoment Nm<\/td><td>360<\/td><td>480<\/td><td>735<\/td><td>1470<\/td><td>2940<\/td><td>4000<\/td><td>6000<\/td><\/tr><tr><td>Max-Schubkraft N<\/td><td>43000<\/td><td>64000<\/td><td>98000<\/td><td>196000<\/td><td>340000<\/td><td>490000<\/td><td>630000<\/td><\/tr><tr><td>Max. Schaftdurchmesser mm<\/td><td rowspan=\"2\">28<\/td><td rowspan=\"2\">32<\/td><td rowspan=\"2\">38<\/td><td rowspan=\"2\">52<\/td><td rowspan=\"2\">70<\/td><td rowspan=\"2\">90<\/td><td rowspan=\"2\">115<\/td><\/tr><tr><td>Kupfernuss<\/td><\/tr><tr><td>Absperrschieber DN<\/td><td>50<\/td><td>80-100<\/td><td>150-200<\/td><td>250-400<\/td><td>450-700<\/td><td>800-1000<\/td><td>1200<\/td><\/tr><tr><td>R\u00fcckschlagventil DN<\/td><td>50<\/td><td>80<\/td><td>100-150<\/td><td>200-250<\/td><td>300-350<\/td><td>400-500<\/td><td>550-650<\/td><\/tr><tr><td colspan=\"8\">Anschluss Gr\u00f6\u00dfe<\/td><\/tr><tr><td>Flansch Au\u00dfenseite D<\/td><td>155<\/td><td>180<\/td><td>210<\/td><td>285<\/td><td>340<\/td><td>410<\/td><td>420<\/td><\/tr><tr><td>\u00a0PCD D0<\/td><td>125<\/td><td>140<\/td><td>165<\/td><td>254<\/td><td>298<\/td><td>356<\/td><td>356<\/td><\/tr><tr><td>Konve D1xh<\/td><td>85&#215;4<\/td><td>100&#215;5<\/td><td>130&#215;5<\/td><td>200&#215;5<\/td><td>230&#215;5<\/td><td>260&#215;5<\/td><td>260&#215;5<\/td><\/tr><tr><td>Schraube N-M<\/td><td>4-M12<\/td><td>4-M16<\/td><td>4-M20<\/td><td>8-M16<\/td><td>8-M20<\/td><td>8-M30<\/td><td>8-M30<\/td><\/tr><tr><td>H<\/td><td>55<\/td><td>60<\/td><td>75<\/td><td>85<\/td><td>110<\/td><td>145<\/td><td>175<\/td><\/tr><tr><td>H1<\/td><td>0<\/td><td>0<\/td><td>0<\/td><td>0<\/td><td>0<\/td><td>15<\/td><td>20<\/td><\/tr><tr><td>Handrad-Durchmesser<\/td><td>250<\/td><td>310<\/td><td>310<\/td><td>460<\/td><td>530<\/td><td>600<\/td><td>600<\/td><\/tr><tr><td colspan=\"8\">Erscheinungsbild Gr\u00f6\u00dfe<\/td><\/tr><tr><td>B<\/td><td>150<\/td><td>150<\/td><td>170<\/td><td>233<\/td><td>306<\/td><td>370<\/td><td>395<\/td><\/tr><tr><td>H2<\/td><td>80<\/td><td>80<\/td><td>85<\/td><td>97<\/td><td>142<\/td><td>160<\/td><td>178<\/td><\/tr><tr><td>H3<\/td><td>125<\/td><td>125<\/td><td>155<\/td><td>175<\/td><td>210<\/td><td>280<\/td><td>290<\/td><\/tr><tr><td>L<\/td><td>40<\/td><td>75<\/td><td>92<\/td><td>107<\/td><td>107<\/td><td>118<\/td><td>118<\/td><\/tr><tr><td>L1<\/td><td>25<\/td><td>40<\/td><td>55<\/td><td>55<\/td><td>55<\/td><td>60<\/td><td>60<\/td><\/tr><tr><td>d2<\/td><td>26<\/td><td>28<\/td><td>28<\/td><td>32<\/td><td>32<\/td><td>38<\/td><td>38<\/td><\/tr><tr><td>b<\/td><td>8<\/td><td>8<\/td><td>8<\/td><td>10<\/td><td>10<\/td><td>10<\/td><td>10<\/td><\/tr><tr><td>k<\/td><td>155<\/td><td>180<\/td><td>210<\/td><td>285<\/td><td>390<\/td><td>410<\/td><td>510<\/td><\/tr><tr><td>Gewicht Kg<\/td><td>15<\/td><td>19<\/td><td>28<\/td><td>54<\/td><td>110<\/td><td>198<\/td><td>320<\/td><\/tr><\/tbody><\/table><h3>\u00a0<\/h3>\t\t\t\t\t\t\t\t<\/div>\n\t\t\t\t<\/div>\n\t\t\t\t\t<\/div>\n\t\t\t\t<\/div>\n\t\t\t\t<\/div>","protected":false},"excerpt":{"rendered":"<p>Wir stellen eine breite Palette von Kegelrad-\/Stirnradgetrieben her, die f\u00fcr Kugelh\u00e4hne, Schieber usw. verwendet werden k\u00f6nnen.<\/p>","protected":false},"featured_media":16793,"comment_status":"open","ping_status":"closed","template":"","meta":[],"product_brand":[],"product_cat":[100],"product_tag":[],"class_list":{"0":"post-16664","1":"product","2":"type-product","3":"status-publish","4":"has-post-thumbnail","6":"product_cat-gearbox","8":"first","9":"instock","10":"shipping-taxable","11":"product-type-simple"},"yoast_head":"<!-- This site is optimized with the Yoast SEO plugin v27.4 - https:\/\/yoast.com\/product\/yoast-seo-wordpress\/ -->\n<title>BA-1 Bevel Gear Muti-Turn Gearbox Graduated - sne-gears.com<\/title>\n<meta name=\"robots\" content=\"index, follow, max-snippet:-1, max-image-preview:large, max-video-preview:-1\" \/>\n<link rel=\"canonical\" href=\"https:\/\/sne-gears.com\/de\/produkt\/ba-1-bevel-gear-muti-turn-gearbox-graduatedba-1\/\" \/>\n<meta property=\"og:locale\" content=\"de_DE\" \/>\n<meta property=\"og:type\" content=\"article\" \/>\n<meta property=\"og:title\" content=\"BA-1 Bevel Gear Muti-Turn Gearbox Graduated - sne-gears.com\" \/>\n<meta property=\"og:description\" content=\"We are manufacturing a wide range of multi-turn bevel\/spur gearboxes which can be used for ball valves, gate valves etc.\" \/>\n<meta property=\"og:url\" content=\"https:\/\/sne-gears.com\/de\/produkt\/ba-1-bevel-gear-muti-turn-gearbox-graduatedba-1\/\" \/>\n<meta property=\"og:site_name\" content=\"sne-gears.com\" \/>\n<meta property=\"article:modified_time\" content=\"2024-08-10T15:07:37+00:00\" \/>\n<meta property=\"og:image\" content=\"https:\/\/sne-gears.com\/wp-content\/uploads\/2024\/07\/998.jpg\" \/>\n\t<meta property=\"og:image:width\" content=\"1280\" \/>\n\t<meta property=\"og:image:height\" content=\"1280\" \/>\n\t<meta property=\"og:image:type\" content=\"image\/jpeg\" \/>\n<meta name=\"twitter:card\" content=\"summary_large_image\" \/>\n<meta name=\"twitter:label1\" content=\"Gesch\u00e4tzte Lesezeit\" \/>\n\t<meta name=\"twitter:data1\" content=\"2\u00a0Minuten\" \/>\n<script type=\"application\/ld+json\" class=\"yoast-schema-graph\">{\"@context\":\"https:\\\/\\\/schema.org\",\"@graph\":[{\"@type\":\"WebPage\",\"@id\":\"https:\\\/\\\/sne-gears.com\\\/zh\\\/product\\\/ba-1-bevel-gear-muti-turn-gearbox-graduatedba-1\\\/\",\"url\":\"https:\\\/\\\/sne-gears.com\\\/zh\\\/product\\\/ba-1-bevel-gear-muti-turn-gearbox-graduatedba-1\\\/\",\"name\":\"BA-1 Bevel Gear Muti-Turn Gearbox Graduated - sne-gears.com\",\"isPartOf\":{\"@id\":\"https:\\\/\\\/sne-gears.com\\\/de\\\/#website\"},\"primaryImageOfPage\":{\"@id\":\"https:\\\/\\\/sne-gears.com\\\/zh\\\/product\\\/ba-1-bevel-gear-muti-turn-gearbox-graduatedba-1\\\/#primaryimage\"},\"image\":{\"@id\":\"https:\\\/\\\/sne-gears.com\\\/zh\\\/product\\\/ba-1-bevel-gear-muti-turn-gearbox-graduatedba-1\\\/#primaryimage\"},\"thumbnailUrl\":\"https:\\\/\\\/sne-gears.com\\\/wp-content\\\/uploads\\\/2024\\\/07\\\/998.jpg\",\"datePublished\":\"2024-07-25T03:59:44+00:00\",\"dateModified\":\"2024-08-10T15:07:37+00:00\",\"breadcrumb\":{\"@id\":\"https:\\\/\\\/sne-gears.com\\\/zh\\\/product\\\/ba-1-bevel-gear-muti-turn-gearbox-graduatedba-1\\\/#breadcrumb\"},\"inLanguage\":\"de\",\"potentialAction\":[{\"@type\":\"ReadAction\",\"target\":[\"https:\\\/\\\/sne-gears.com\\\/zh\\\/product\\\/ba-1-bevel-gear-muti-turn-gearbox-graduatedba-1\\\/\"]}]},{\"@type\":\"ImageObject\",\"inLanguage\":\"de\",\"@id\":\"https:\\\/\\\/sne-gears.com\\\/zh\\\/product\\\/ba-1-bevel-gear-muti-turn-gearbox-graduatedba-1\\\/#primaryimage\",\"url\":\"https:\\\/\\\/sne-gears.com\\\/wp-content\\\/uploads\\\/2024\\\/07\\\/998.jpg\",\"contentUrl\":\"https:\\\/\\\/sne-gears.com\\\/wp-content\\\/uploads\\\/2024\\\/07\\\/998.jpg\",\"width\":1280,\"height\":1280},{\"@type\":\"BreadcrumbList\",\"@id\":\"https:\\\/\\\/sne-gears.com\\\/zh\\\/product\\\/ba-1-bevel-gear-muti-turn-gearbox-graduatedba-1\\\/#breadcrumb\",\"itemListElement\":[{\"@type\":\"ListItem\",\"position\":1,\"name\":\"Home\",\"item\":\"https:\\\/\\\/sne-gears.com\\\/ru\\\/\"},{\"@type\":\"ListItem\",\"position\":2,\"name\":\"Shop\",\"item\":\"https:\\\/\\\/sne-gears.com\\\/fr\\\/shop\\\/\"},{\"@type\":\"ListItem\",\"position\":3,\"name\":\"BA-1 Bevel Gear Muti-Turn Gearbox Graduated\"}]},{\"@type\":\"WebSite\",\"@id\":\"https:\\\/\\\/sne-gears.com\\\/de\\\/#website\",\"url\":\"https:\\\/\\\/sne-gears.com\\\/de\\\/\",\"name\":\"sne-gears.com\",\"description\":\"\",\"potentialAction\":[{\"@type\":\"SearchAction\",\"target\":{\"@type\":\"EntryPoint\",\"urlTemplate\":\"https:\\\/\\\/sne-gears.com\\\/de\\\/?s={search_term_string}\"},\"query-input\":{\"@type\":\"PropertyValueSpecification\",\"valueRequired\":true,\"valueName\":\"search_term_string\"}}],\"inLanguage\":\"de\"}]}<\/script>\n<!-- \/ Yoast SEO plugin. -->","yoast_head_json":{"title":"BA-1 Bevel Gear Muti-Turn Gearbox Graduated - sne-gears.com","robots":{"index":"index","follow":"follow","max-snippet":"max-snippet:-1","max-image-preview":"max-image-preview:large","max-video-preview":"max-video-preview:-1"},"canonical":"https:\/\/sne-gears.com\/de\/produkt\/ba-1-bevel-gear-muti-turn-gearbox-graduatedba-1\/","og_locale":"de_DE","og_type":"article","og_title":"BA-1 Bevel Gear Muti-Turn Gearbox Graduated - sne-gears.com","og_description":"We are manufacturing a wide range of multi-turn bevel\/spur gearboxes which can be used for ball valves, gate valves etc.","og_url":"https:\/\/sne-gears.com\/de\/produkt\/ba-1-bevel-gear-muti-turn-gearbox-graduatedba-1\/","og_site_name":"sne-gears.com","article_modified_time":"2024-08-10T15:07:37+00:00","og_image":[{"width":1280,"height":1280,"url":"https:\/\/sne-gears.com\/wp-content\/uploads\/2024\/07\/998.jpg","type":"image\/jpeg"}],"twitter_card":"summary_large_image","twitter_misc":{"Gesch\u00e4tzte Lesezeit":"2\u00a0Minuten"},"schema":{"@context":"https:\/\/schema.org","@graph":[{"@type":"WebPage","@id":"https:\/\/sne-gears.com\/zh\/product\/ba-1-bevel-gear-muti-turn-gearbox-graduatedba-1\/","url":"https:\/\/sne-gears.com\/zh\/product\/ba-1-bevel-gear-muti-turn-gearbox-graduatedba-1\/","name":"BA-1 Bevel Gear Muti-Turn Gearbox Graduated - sne-gears.com","isPartOf":{"@id":"https:\/\/sne-gears.com\/de\/#website"},"primaryImageOfPage":{"@id":"https:\/\/sne-gears.com\/zh\/product\/ba-1-bevel-gear-muti-turn-gearbox-graduatedba-1\/#primaryimage"},"image":{"@id":"https:\/\/sne-gears.com\/zh\/product\/ba-1-bevel-gear-muti-turn-gearbox-graduatedba-1\/#primaryimage"},"thumbnailUrl":"https:\/\/sne-gears.com\/wp-content\/uploads\/2024\/07\/998.jpg","datePublished":"2024-07-25T03:59:44+00:00","dateModified":"2024-08-10T15:07:37+00:00","breadcrumb":{"@id":"https:\/\/sne-gears.com\/zh\/product\/ba-1-bevel-gear-muti-turn-gearbox-graduatedba-1\/#breadcrumb"},"inLanguage":"de","potentialAction":[{"@type":"ReadAction","target":["https:\/\/sne-gears.com\/zh\/product\/ba-1-bevel-gear-muti-turn-gearbox-graduatedba-1\/"]}]},{"@type":"ImageObject","inLanguage":"de","@id":"https:\/\/sne-gears.com\/zh\/product\/ba-1-bevel-gear-muti-turn-gearbox-graduatedba-1\/#primaryimage","url":"https:\/\/sne-gears.com\/wp-content\/uploads\/2024\/07\/998.jpg","contentUrl":"https:\/\/sne-gears.com\/wp-content\/uploads\/2024\/07\/998.jpg","width":1280,"height":1280},{"@type":"BreadcrumbList","@id":"https:\/\/sne-gears.com\/zh\/product\/ba-1-bevel-gear-muti-turn-gearbox-graduatedba-1\/#breadcrumb","itemListElement":[{"@type":"ListItem","position":1,"name":"Home","item":"https:\/\/sne-gears.com\/ru\/"},{"@type":"ListItem","position":2,"name":"Shop","item":"https:\/\/sne-gears.com\/fr\/shop\/"},{"@type":"ListItem","position":3,"name":"BA-1 Bevel Gear Muti-Turn Gearbox Graduated"}]},{"@type":"WebSite","@id":"https:\/\/sne-gears.com\/de\/#website","url":"https:\/\/sne-gears.com\/de\/","name":"sne-gears.com","description":"","potentialAction":[{"@type":"SearchAction","target":{"@type":"EntryPoint","urlTemplate":"https:\/\/sne-gears.com\/de\/?s={search_term_string}"},"query-input":{"@type":"PropertyValueSpecification","valueRequired":true,"valueName":"search_term_string"}}],"inLanguage":"de"}]}},"_links":{"self":[{"href":"https:\/\/sne-gears.com\/de\/wp-json\/wp\/v2\/product\/16664","targetHints":{"allow":["GET"]}}],"collection":[{"href":"https:\/\/sne-gears.com\/de\/wp-json\/wp\/v2\/product"}],"about":[{"href":"https:\/\/sne-gears.com\/de\/wp-json\/wp\/v2\/types\/product"}],"replies":[{"embeddable":true,"href":"https:\/\/sne-gears.com\/de\/wp-json\/wp\/v2\/comments?post=16664"}],"version-history":[{"count":19,"href":"https:\/\/sne-gears.com\/de\/wp-json\/wp\/v2\/product\/16664\/revisions"}],"predecessor-version":[{"id":17596,"href":"https:\/\/sne-gears.com\/de\/wp-json\/wp\/v2\/product\/16664\/revisions\/17596"}],"wp:featuredmedia":[{"embeddable":true,"href":"https:\/\/sne-gears.com\/de\/wp-json\/wp\/v2\/media\/16793"}],"wp:attachment":[{"href":"https:\/\/sne-gears.com\/de\/wp-json\/wp\/v2\/media?parent=16664"}],"wp:term":[{"taxonomy":"product_brand","embeddable":true,"href":"https:\/\/sne-gears.com\/de\/wp-json\/wp\/v2\/product_brand?post=16664"},{"taxonomy":"product_cat","embeddable":true,"href":"https:\/\/sne-gears.com\/de\/wp-json\/wp\/v2\/product_cat?post=16664"},{"taxonomy":"product_tag","embeddable":true,"href":"https:\/\/sne-gears.com\/de\/wp-json\/wp\/v2\/product_tag?post=16664"}],"curies":[{"name":"wp","href":"https:\/\/api.w.org\/{rel}","templated":true}]}}