{"id":16677,"date":"2024-07-25T04:11:45","date_gmt":"2024-07-25T04:11:45","guid":{"rendered":"https:\/\/sne-gears.com\/?post_type=product&#038;p=16677"},"modified":"2024-08-15T02:35:53","modified_gmt":"2024-08-15T02:35:53","slug":"sgt-series-bevel-gear-muti-turn-gearbox","status":"publish","type":"product","link":"https:\/\/sne-gears.com\/de\/produkt\/sgt-series-bevel-gear-muti-turn-gearbox\/","title":{"rendered":"SGT-Serie Kegelrad-Drehgetriebe"},"content":{"rendered":"<div data-elementor-type=\"wp-post\" data-elementor-id=\"16677\" class=\"elementor elementor-16677\">\n\t\t\t\t<div class=\"elementor-element elementor-element-c9522ae e-flex e-con-boxed e-con e-parent\" data-id=\"c9522ae\" data-element_type=\"container\" data-e-type=\"container\">\n\t\t\t\t\t<div class=\"e-con-inner\">\n\t\t\t\t<div class=\"elementor-element elementor-element-763fe3e elementor-widget elementor-widget-image\" data-id=\"763fe3e\" data-element_type=\"widget\" data-e-type=\"widget\" data-widget_type=\"image.default\">\n\t\t\t\t<div class=\"elementor-widget-container\">\n\t\t\t\t\t\t\t\t\t\t\t\t\t\t\t<img fetchpriority=\"high\" decoding=\"async\" width=\"1200\" height=\"417\" src=\"data:image\/gif;base64,R0lGODlhAQABAIAAAAAAAP\/\/\/yH5BAEAAAAALAAAAAABAAEAAAIBRAA7\" data-src=\"https:\/\/sne-gears.com\/wp-content\/uploads\/2024\/07\/564.jpg\" class=\"attachment-2048x2048 size-2048x2048 wp-image-17736 lazyload\" alt=\"\" data-srcset=\"https:\/\/sne-gears.com\/wp-content\/uploads\/2024\/07\/564.jpg 1200w, https:\/\/sne-gears.com\/wp-content\/uploads\/2024\/07\/564-400x139.jpg 400w, https:\/\/sne-gears.com\/wp-content\/uploads\/2024\/07\/564-768x267.jpg 768w, https:\/\/sne-gears.com\/wp-content\/uploads\/2024\/07\/564-18x6.jpg 18w, https:\/\/sne-gears.com\/wp-content\/uploads\/2024\/07\/564-430x149.jpg 430w, https:\/\/sne-gears.com\/wp-content\/uploads\/2024\/07\/564-700x243.jpg 700w, https:\/\/sne-gears.com\/wp-content\/uploads\/2024\/07\/564-150x52.jpg 150w\" sizes=\"(max-width: 1200px) 100vw, 1200px\" \/><noscript><img decoding=\"async\" width=\"1200\" height=\"417\" src=\"https:\/\/sne-gears.com\/wp-content\/uploads\/2024\/07\/564.jpg\" class=\"attachment-2048x2048 size-2048x2048 wp-image-17736 lazyload\" alt=\"\" srcset=\"https:\/\/sne-gears.com\/wp-content\/uploads\/2024\/07\/564.jpg 1200w, https:\/\/sne-gears.com\/wp-content\/uploads\/2024\/07\/564-400x139.jpg 400w, https:\/\/sne-gears.com\/wp-content\/uploads\/2024\/07\/564-768x267.jpg 768w, https:\/\/sne-gears.com\/wp-content\/uploads\/2024\/07\/564-18x6.jpg 18w, https:\/\/sne-gears.com\/wp-content\/uploads\/2024\/07\/564-430x149.jpg 430w, https:\/\/sne-gears.com\/wp-content\/uploads\/2024\/07\/564-700x243.jpg 700w, https:\/\/sne-gears.com\/wp-content\/uploads\/2024\/07\/564-150x52.jpg 150w\" sizes=\"(max-width: 1200px) 100vw, 1200px\" \/><\/noscript>\t\t\t\t\t\t\t\t\t\t\t\t\t\t\t<\/div>\n\t\t\t\t<\/div>\n\t\t\t\t\t<\/div>\n\t\t\t\t<\/div>\n\t\t<div class=\"elementor-element elementor-element-197152a4 e-flex e-con-boxed e-con e-parent\" data-id=\"197152a4\" data-element_type=\"container\" data-e-type=\"container\">\n\t\t\t\t\t<div class=\"e-con-inner\">\n\t\t\t\t<div class=\"elementor-element elementor-element-39d2ab3b color-scheme-inherit text-left elementor-widget elementor-widget-text-editor\" data-id=\"39d2ab3b\" data-element_type=\"widget\" data-e-type=\"widget\" data-widget_type=\"text-editor.default\">\n\t\t\t\t<div class=\"elementor-widget-container\">\n\t\t\t\t\t\t\t\t\t<div class=\"ChatMessage_chatMessage__xkgHx\" data-complete=\"true\"><div class=\"ChatMessage_messageRow__DHlnq\"><div class=\"ChatMessage_messageWrapper__4Ugd6\"><div class=\"Message_rowWithFooter__FShU6\"><div class=\"Message_row__ug_UU\"><div class=\"Message_leftSideMessageBubble__VPdk6\"><div class=\"Markdown_markdownContainer__Tz3HQ\"><div class=\"Message_rowWithFooter__FShU6\"><div class=\"Message_row__ug_UU\"><div class=\"Message_leftSideMessageBubble__VPdk6\"><div class=\"Markdown_markdownContainer__Tz3HQ\"><p><strong>Der Stirnradantrieb der Serie SGT hat ein mehrstufiges Stirnradgetriebe und wird haupts\u00e4chlich als elektrischer Bet\u00e4tigungsmechanismus mit einem elektrischen Drehantrieb verwendet. Er eignet sich f\u00fcr Dreh- oder Lineararmaturen wie Schieber, Ventile und andere Steuereinheiten.<\/strong><\/p><p><strong>Das professionelle Design und die exquisite Verarbeitung garantieren die hohe Zuverl\u00e4ssigkeit und den hohen Wirkungsgrad der Getriebe der SGT-Serie, so dass sie unter verschiedenen Arbeitsbedingungen zuverl\u00e4ssig arbeiten. Der entworfene Schutzgrad ist Ip67.<\/strong><\/p><h3>Anweisungen f\u00fcr Installation und Betrieb<\/h3><p><strong>Verbinden Sie den unteren Flansch des Getriebeantriebs mit dem oberen Flansch der Armatur und schieben Sie die Armaturenwelle in die Antriebsmutter. Ziehen Sie die Flanschschraube an. Durch Drehen des Handrads im Uhrzeigersinn kann das Ventil geschlossen und durch Drehen des Handrads gegen den Uhrzeigersinn ge\u00f6ffnet werden.<\/strong><\/p><\/div><h3>Liste der Hauptkomponenten<\/h3><table><thead><tr><th>Teil Name\u00a0 \u00a0\u00a0<\/th><th>Material<\/th><\/tr><\/thead><tbody><tr><td>Abdeckung<\/td><td>WCB GB\/T12229-2005<\/td><\/tr><tr><td>Antriebsmutter<\/td><td>ZCuSn10Zn2\/GB\/T 1176-1987<\/td><\/tr><tr><td>Antriebsmuffe<\/td><td>45GB\/T699-1999<\/td><\/tr><tr><td>Zahnrad<\/td><td>45GB\/T699-1999<\/td><\/tr><tr><td>Geh\u00e4use<\/td><td>WCB GB\/T12229-2005<\/td><\/tr><tr><td>Druckscheibe<\/td><td>45GB\/T699-1999<\/td><\/tr><tr><td>Getriebewelle<\/td><td>45GB\/T699-1999<\/td><\/tr><tr><td>Verriegelungsh\u00fclse<\/td><td>45GB\/T699-1999<\/td><\/tr><tr><td>Distanzh\u00fclse<\/td><td>Q235A\/T700-2006<\/td><\/tr><\/tbody><\/table><\/div><\/div><\/div><div class=\"Message_leftSideOptimisticFooter__3sP0D\"><h3>Produktmerkmale und Anpassung<\/h3><table><thead><tr><th>Produktmerkmale<\/th><th>Personalisierung<\/th><\/tr><\/thead><tbody><tr><td>1. WCB-Geh\u00e4use<\/td><td>1. LCB-Geh\u00e4use<\/td><\/tr><tr><td>2. Geschwei\u00dftes Handrad<\/td><td>2. Schutzklasse IP68<\/td><\/tr><tr><td>3. Schutzart IP67<\/td><td>3. Eingangswelle aus rostfreiem Stahl<\/td><\/tr><tr><td>4. Vernickelte Eingangswelle, mit mehr Widerstand gegen Korrosion<\/td><td>4. Entworfen mit einem Schlossmechanismus<\/td><\/tr><tr><td>5. NBR-Dichtungsmaterialien<\/td><td>\u00a0<\/td><\/tr><tr><td>6. Geeignet f\u00fcr Arbeitsbedingungen von -20\u00b0C ~ 120\u00b0C<\/td><\/tr><\/tbody><\/table><\/div><\/div><\/div><\/div><\/div><\/div><\/div><\/div>\t\t\t\t\t\t\t\t<\/div>\n\t\t\t\t<\/div>\n\t\t\t\t\t<\/div>\n\t\t\t\t<\/div>\n\t\t<div class=\"elementor-element elementor-element-7ef09f0 e-flex e-con-boxed e-con e-parent\" data-id=\"7ef09f0\" data-element_type=\"container\" data-e-type=\"container\">\n\t\t\t\t\t<div class=\"e-con-inner\">\n\t\t\t\t<div class=\"elementor-element elementor-element-2396cdb elementor-widget elementor-widget-heading\" data-id=\"2396cdb\" data-element_type=\"widget\" data-e-type=\"widget\" data-widget_type=\"heading.default\">\n\t\t\t\t<div class=\"elementor-widget-container\">\n\t\t\t\t\t<h2 class=\"elementor-heading-title elementor-size-default\">SGT Serie Stirnradgetriebe Mehrschwingenantrieb Parametertabelle<\/h2>\t\t\t\t<\/div>\n\t\t\t\t<\/div>\n\t\t\t\t\t<\/div>\n\t\t\t\t<\/div>\n\t\t<div class=\"elementor-element elementor-element-dc3be7c e-flex e-con-boxed e-con e-parent\" data-id=\"dc3be7c\" data-element_type=\"container\" data-e-type=\"container\">\n\t\t\t\t\t<div class=\"e-con-inner\">\n\t\t\t\t<div class=\"elementor-element elementor-element-a0cf9aa color-scheme-inherit text-left elementor-widget elementor-widget-text-editor\" data-id=\"a0cf9aa\" data-element_type=\"widget\" data-e-type=\"widget\" data-widget_type=\"text-editor.default\">\n\t\t\t\t<div class=\"elementor-widget-container\">\n\t\t\t\t\t\t\t\t\t<table><thead><tr><th>Modell<\/th><th>Ratio<\/th><th>Eingangsdrehmoment<\/th><th>Abtriebsdrehmoment<\/th><th>Wirkungsgrad (%)<\/th><\/tr><\/thead><tbody><tr><td>SGT16.8<\/td><td>8:1<\/td><td>170<\/td><td>1300<\/td><td>95<\/td><\/tr><tr><td>\u00a0<\/td><td>8:1<\/td><td>380<\/td><td>2800<\/td><td>95<\/td><\/tr><tr><td>SGT16.12<\/td><td>12:1<\/td><td>120<\/td><td>1200<\/td><td>95<\/td><\/tr><tr><td>SGT30.8<\/td><td>12:1<\/td><td>250<\/td><td>2800<\/td><td>95<\/td><\/tr><tr><td>SGT30.12<\/td><td>8:1<\/td><td>600<\/td><td>4500<\/td><td>92<\/td><\/tr><tr><td>\u00a0<\/td><td>12:1<\/td><td>600<\/td><td>6000<\/td><td>92<\/td><\/tr><\/tbody><\/table>\t\t\t\t\t\t\t\t<\/div>\n\t\t\t\t<\/div>\n\t\t\t\t\t<\/div>\n\t\t\t\t<\/div>\n\t\t<div class=\"elementor-element elementor-element-fff94dd e-flex e-con-boxed e-con e-parent\" data-id=\"fff94dd\" data-element_type=\"container\" data-e-type=\"container\">\n\t\t\t\t\t<div class=\"e-con-inner\">\n\t\t\t\t<div class=\"elementor-element elementor-element-df8e7ba elementor-widget elementor-widget-heading\" data-id=\"df8e7ba\" data-element_type=\"widget\" data-e-type=\"widget\" data-widget_type=\"heading.default\">\n\t\t\t\t<div class=\"elementor-widget-container\">\n\t\t\t\t\t<h2 class=\"elementor-heading-title elementor-size-default\">Wichtigste technische Parameter<\/h2>\t\t\t\t<\/div>\n\t\t\t\t<\/div>\n\t\t\t\t\t<\/div>\n\t\t\t\t<\/div>\n\t\t<div class=\"elementor-element elementor-element-d7f62b7 e-flex e-con-boxed e-con e-parent\" data-id=\"d7f62b7\" data-element_type=\"container\" data-e-type=\"container\">\n\t\t\t\t\t<div class=\"e-con-inner\">\n\t\t\t\t<div class=\"elementor-element elementor-element-cad77f8 color-scheme-inherit text-left elementor-widget elementor-widget-text-editor\" data-id=\"cad77f8\" data-element_type=\"widget\" data-e-type=\"widget\" data-widget_type=\"text-editor.default\">\n\t\t\t\t<div class=\"elementor-widget-container\">\n\t\t\t\t\t\t\t\t\t<table style=\"color: #333333; font-size: 16px;\"><thead><tr><th>Modell<\/th><th>A<\/th><th>D1max<\/th><th>D2<\/th><th>D3<\/th><th>n-MxL<\/th><th>\u03b1<\/th><th>D5<\/th><th>D6<\/th><th>D8<\/th><th>n-\u03a6<\/th><th>\u03b1a<\/th><th>H1<\/th><th>H2<\/th><th>H3<\/th><th>H4<\/th><th>H5<\/th><\/tr><\/thead><tbody><tr><td>SGT16.8<\/td><td>220<\/td><td>46<\/td><td>130<\/td><td>165<\/td><td>4-M20x22<\/td><td>45\u00b0<\/td><td>30<\/td><td>100<\/td><td>140<\/td><td>4-\u03a618<\/td><td>45\u00b0<\/td><td>3<\/td><td>63<\/td><td>227<\/td><td>52<\/td><td>15<\/td><\/tr><tr><td>SGT16.12<\/td><td>270<\/td><td>48<\/td><td>130<\/td><td>165<\/td><td>4-M20x22<\/td><td>45\u00b0<\/td><td>30<\/td><td>100<\/td><td>140<\/td><td>4-\u03a618<\/td><td>45\u00b0<\/td><td>3<\/td><td>63<\/td><td>227<\/td><td>52<\/td><td>15<\/td><\/tr><tr><td>SGT30.8<\/td><td>294<\/td><td>\u03a680<\/td><td>200<\/td><td>254<\/td><td>8-M16x25<\/td><td>22.5\u00b0<\/td><td>40<\/td><td>130<\/td><td>165<\/td><td>4-\u03a622<\/td><td>45\u00b0<\/td><td>5<\/td><td>103<\/td><td>288<\/td><td>60<\/td><td>15<\/td><\/tr><tr><td>SGT30.12<\/td><td>360<\/td><td>\u03a680<\/td><td>230<\/td><td>298<\/td><td>8-M20x30<\/td><td>22.5\u00b0<\/td><td>40<\/td><td>130<\/td><td>165<\/td><td>4-\u03a622<\/td><td>45\u00b0<\/td><td>5<\/td><td>103<\/td><td>288<\/td><td>60<\/td><td>15<\/td><\/tr><\/tbody><\/table>\t\t\t\t\t\t\t\t<\/div>\n\t\t\t\t<\/div>\n\t\t\t\t\t<\/div>\n\t\t\t\t<\/div>\n\t\t\t\t<\/div>","protected":false},"excerpt":{"rendered":"<p>SGT series spur gear operator has a multi-stage spur gear pair and is mainly used as an electric actuating mechanism<\/p>","protected":false},"featured_media":16843,"comment_status":"open","ping_status":"closed","template":"","meta":[],"product_brand":[],"product_cat":[100,106],"product_tag":[],"class_list":{"0":"post-16677","1":"product","2":"type-product","3":"status-publish","4":"has-post-thumbnail","6":"product_cat-gearbox","7":"product_cat-multi-turn-rotory-gearboxes","9":"first","10":"instock","11":"shipping-taxable","12":"product-type-simple"},"yoast_head":"<!-- This site is optimized with the Yoast SEO plugin v27.4 - https:\/\/yoast.com\/product\/yoast-seo-wordpress\/ -->\n<title>SGT Series Bevel Gear Muti-Turn Gearbox - sne-gears.com<\/title>\n<meta name=\"robots\" content=\"index, follow, max-snippet:-1, max-image-preview:large, max-video-preview:-1\" \/>\n<link rel=\"canonical\" href=\"https:\/\/sne-gears.com\/de\/produkt\/sgt-series-bevel-gear-muti-turn-gearbox\/\" \/>\n<meta property=\"og:locale\" content=\"de_DE\" \/>\n<meta property=\"og:type\" content=\"article\" \/>\n<meta property=\"og:title\" content=\"SGT Series Bevel Gear Muti-Turn Gearbox - sne-gears.com\" \/>\n<meta property=\"og:description\" content=\"SGT series spur gear operator has a multi-stage spur gear pair and is mainly used as an electric actuating mechanism\" \/>\n<meta property=\"og:url\" content=\"https:\/\/sne-gears.com\/de\/produkt\/sgt-series-bevel-gear-muti-turn-gearbox\/\" \/>\n<meta property=\"og:site_name\" content=\"sne-gears.com\" \/>\n<meta property=\"article:modified_time\" content=\"2024-08-15T02:35:53+00:00\" \/>\n<meta property=\"og:image\" content=\"https:\/\/sne-gears.com\/wp-content\/uploads\/2024\/07\/698.jpg\" \/>\n\t<meta property=\"og:image:width\" content=\"1280\" \/>\n\t<meta property=\"og:image:height\" content=\"1280\" \/>\n\t<meta property=\"og:image:type\" content=\"image\/jpeg\" \/>\n<meta name=\"twitter:card\" content=\"summary_large_image\" \/>\n<meta name=\"twitter:label1\" content=\"Gesch\u00e4tzte Lesezeit\" \/>\n\t<meta name=\"twitter:data1\" content=\"2\u00a0Minuten\" \/>\n<script type=\"application\/ld+json\" class=\"yoast-schema-graph\">{\"@context\":\"https:\\\/\\\/schema.org\",\"@graph\":[{\"@type\":\"WebPage\",\"@id\":\"https:\\\/\\\/sne-gears.com\\\/product\\\/sgt-series-bevel-gear-muti-turn-gearbox\\\/\",\"url\":\"https:\\\/\\\/sne-gears.com\\\/product\\\/sgt-series-bevel-gear-muti-turn-gearbox\\\/\",\"name\":\"SGT Series Bevel Gear Muti-Turn Gearbox - sne-gears.com\",\"isPartOf\":{\"@id\":\"https:\\\/\\\/sne-gears.com\\\/#website\"},\"primaryImageOfPage\":{\"@id\":\"https:\\\/\\\/sne-gears.com\\\/product\\\/sgt-series-bevel-gear-muti-turn-gearbox\\\/#primaryimage\"},\"image\":{\"@id\":\"https:\\\/\\\/sne-gears.com\\\/product\\\/sgt-series-bevel-gear-muti-turn-gearbox\\\/#primaryimage\"},\"thumbnailUrl\":\"https:\\\/\\\/sne-gears.com\\\/wp-content\\\/uploads\\\/2024\\\/07\\\/698.jpg\",\"datePublished\":\"2024-07-25T04:11:45+00:00\",\"dateModified\":\"2024-08-15T02:35:53+00:00\",\"breadcrumb\":{\"@id\":\"https:\\\/\\\/sne-gears.com\\\/product\\\/sgt-series-bevel-gear-muti-turn-gearbox\\\/#breadcrumb\"},\"inLanguage\":\"de\",\"potentialAction\":[{\"@type\":\"ReadAction\",\"target\":[\"https:\\\/\\\/sne-gears.com\\\/product\\\/sgt-series-bevel-gear-muti-turn-gearbox\\\/\"]}]},{\"@type\":\"ImageObject\",\"inLanguage\":\"de\",\"@id\":\"https:\\\/\\\/sne-gears.com\\\/product\\\/sgt-series-bevel-gear-muti-turn-gearbox\\\/#primaryimage\",\"url\":\"https:\\\/\\\/sne-gears.com\\\/wp-content\\\/uploads\\\/2024\\\/07\\\/698.jpg\",\"contentUrl\":\"https:\\\/\\\/sne-gears.com\\\/wp-content\\\/uploads\\\/2024\\\/07\\\/698.jpg\",\"width\":1280,\"height\":1280},{\"@type\":\"BreadcrumbList\",\"@id\":\"https:\\\/\\\/sne-gears.com\\\/product\\\/sgt-series-bevel-gear-muti-turn-gearbox\\\/#breadcrumb\",\"itemListElement\":[{\"@type\":\"ListItem\",\"position\":1,\"name\":\"Home\",\"item\":\"https:\\\/\\\/sne-gears.com\\\/\"},{\"@type\":\"ListItem\",\"position\":2,\"name\":\"Shop\",\"item\":\"https:\\\/\\\/sne-gears.com\\\/shop\\\/\"},{\"@type\":\"ListItem\",\"position\":3,\"name\":\"SGT Series Bevel Gear Muti-Turn Gearbox\"}]},{\"@type\":\"WebSite\",\"@id\":\"https:\\\/\\\/sne-gears.com\\\/#website\",\"url\":\"https:\\\/\\\/sne-gears.com\\\/\",\"name\":\"sne-gears.com\",\"description\":\"\",\"potentialAction\":[{\"@type\":\"SearchAction\",\"target\":{\"@type\":\"EntryPoint\",\"urlTemplate\":\"https:\\\/\\\/sne-gears.com\\\/?s={search_term_string}\"},\"query-input\":{\"@type\":\"PropertyValueSpecification\",\"valueRequired\":true,\"valueName\":\"search_term_string\"}}],\"inLanguage\":\"de\"}]}<\/script>\n<!-- \/ Yoast SEO plugin. -->","yoast_head_json":{"title":"SGT Series Bevel Gear Muti-Turn Gearbox - sne-gears.com","robots":{"index":"index","follow":"follow","max-snippet":"max-snippet:-1","max-image-preview":"max-image-preview:large","max-video-preview":"max-video-preview:-1"},"canonical":"https:\/\/sne-gears.com\/de\/produkt\/sgt-series-bevel-gear-muti-turn-gearbox\/","og_locale":"de_DE","og_type":"article","og_title":"SGT Series Bevel Gear Muti-Turn Gearbox - sne-gears.com","og_description":"SGT series spur gear operator has a multi-stage spur gear pair and is mainly used as an electric actuating mechanism","og_url":"https:\/\/sne-gears.com\/de\/produkt\/sgt-series-bevel-gear-muti-turn-gearbox\/","og_site_name":"sne-gears.com","article_modified_time":"2024-08-15T02:35:53+00:00","og_image":[{"width":1280,"height":1280,"url":"https:\/\/sne-gears.com\/wp-content\/uploads\/2024\/07\/698.jpg","type":"image\/jpeg"}],"twitter_card":"summary_large_image","twitter_misc":{"Gesch\u00e4tzte Lesezeit":"2\u00a0Minuten"},"schema":{"@context":"https:\/\/schema.org","@graph":[{"@type":"WebPage","@id":"https:\/\/sne-gears.com\/product\/sgt-series-bevel-gear-muti-turn-gearbox\/","url":"https:\/\/sne-gears.com\/product\/sgt-series-bevel-gear-muti-turn-gearbox\/","name":"SGT Series Bevel Gear Muti-Turn Gearbox - sne-gears.com","isPartOf":{"@id":"https:\/\/sne-gears.com\/#website"},"primaryImageOfPage":{"@id":"https:\/\/sne-gears.com\/product\/sgt-series-bevel-gear-muti-turn-gearbox\/#primaryimage"},"image":{"@id":"https:\/\/sne-gears.com\/product\/sgt-series-bevel-gear-muti-turn-gearbox\/#primaryimage"},"thumbnailUrl":"https:\/\/sne-gears.com\/wp-content\/uploads\/2024\/07\/698.jpg","datePublished":"2024-07-25T04:11:45+00:00","dateModified":"2024-08-15T02:35:53+00:00","breadcrumb":{"@id":"https:\/\/sne-gears.com\/product\/sgt-series-bevel-gear-muti-turn-gearbox\/#breadcrumb"},"inLanguage":"de","potentialAction":[{"@type":"ReadAction","target":["https:\/\/sne-gears.com\/product\/sgt-series-bevel-gear-muti-turn-gearbox\/"]}]},{"@type":"ImageObject","inLanguage":"de","@id":"https:\/\/sne-gears.com\/product\/sgt-series-bevel-gear-muti-turn-gearbox\/#primaryimage","url":"https:\/\/sne-gears.com\/wp-content\/uploads\/2024\/07\/698.jpg","contentUrl":"https:\/\/sne-gears.com\/wp-content\/uploads\/2024\/07\/698.jpg","width":1280,"height":1280},{"@type":"BreadcrumbList","@id":"https:\/\/sne-gears.com\/product\/sgt-series-bevel-gear-muti-turn-gearbox\/#breadcrumb","itemListElement":[{"@type":"ListItem","position":1,"name":"Home","item":"https:\/\/sne-gears.com\/"},{"@type":"ListItem","position":2,"name":"Shop","item":"https:\/\/sne-gears.com\/shop\/"},{"@type":"ListItem","position":3,"name":"SGT Series Bevel Gear Muti-Turn Gearbox"}]},{"@type":"WebSite","@id":"https:\/\/sne-gears.com\/#website","url":"https:\/\/sne-gears.com\/","name":"sne-gears.com","description":"","potentialAction":[{"@type":"SearchAction","target":{"@type":"EntryPoint","urlTemplate":"https:\/\/sne-gears.com\/?s={search_term_string}"},"query-input":{"@type":"PropertyValueSpecification","valueRequired":true,"valueName":"search_term_string"}}],"inLanguage":"de"}]}},"_links":{"self":[{"href":"https:\/\/sne-gears.com\/de\/wp-json\/wp\/v2\/product\/16677","targetHints":{"allow":["GET"]}}],"collection":[{"href":"https:\/\/sne-gears.com\/de\/wp-json\/wp\/v2\/product"}],"about":[{"href":"https:\/\/sne-gears.com\/de\/wp-json\/wp\/v2\/types\/product"}],"replies":[{"embeddable":true,"href":"https:\/\/sne-gears.com\/de\/wp-json\/wp\/v2\/comments?post=16677"}],"version-history":[{"count":35,"href":"https:\/\/sne-gears.com\/de\/wp-json\/wp\/v2\/product\/16677\/revisions"}],"predecessor-version":[{"id":18049,"href":"https:\/\/sne-gears.com\/de\/wp-json\/wp\/v2\/product\/16677\/revisions\/18049"}],"wp:featuredmedia":[{"embeddable":true,"href":"https:\/\/sne-gears.com\/de\/wp-json\/wp\/v2\/media\/16843"}],"wp:attachment":[{"href":"https:\/\/sne-gears.com\/de\/wp-json\/wp\/v2\/media?parent=16677"}],"wp:term":[{"taxonomy":"product_brand","embeddable":true,"href":"https:\/\/sne-gears.com\/de\/wp-json\/wp\/v2\/product_brand?post=16677"},{"taxonomy":"product_cat","embeddable":true,"href":"https:\/\/sne-gears.com\/de\/wp-json\/wp\/v2\/product_cat?post=16677"},{"taxonomy":"product_tag","embeddable":true,"href":"https:\/\/sne-gears.com\/de\/wp-json\/wp\/v2\/product_tag?post=16677"}],"curies":[{"name":"wp","href":"https:\/\/api.w.org\/{rel}","templated":true}]}}