{"id":16685,"date":"2024-07-25T04:16:38","date_gmt":"2024-07-25T04:16:38","guid":{"rendered":"https:\/\/peachpuff-mongoose-868793.hostingersite.com\/?post_type=product&#038;p=16685"},"modified":"2024-07-30T02:56:55","modified_gmt":"2024-07-30T02:56:55","slug":"bevel-gear-muti-turn-gearbox-with-chain-wheel","status":"publish","type":"product","link":"https:\/\/sne-gears.com\/de\/produkt\/bevel-gear-muti-turn-gearbox-with-chain-wheel\/","title":{"rendered":"Kegelrad-Drehgetriebe mit Kettenrad"},"content":{"rendered":"<p>Wir stellen eine breite Palette von Kegelrad-\/Stirnradgetrieben her, die f\u00fcr Kugelh\u00e4hne, Schieber usw. verwendet werden k\u00f6nnen. Das Ausgangsdrehmoment reicht bis zu 66.100 Nm und die Schubkraft bis zu 6.350 kN. Verschiedene Gr\u00f6\u00dfen und \u00dcbersetzungen von 1:1 bis 560:1 sind verf\u00fcgbar, wie z.B. IP68, nukleare, flexible Verl\u00e4ngerungen und Handr\u00e4der mit Vorh\u00e4ngeschloss sind ebenfalls erh\u00e4ltlich.<\/p>\n<p>Das Bogenkegelradgetriebe des Typs BA zeichnet sich durch reduzierte Reibung, geringe Ger\u00e4uschentwicklung, hohe Drehmomentkraft, hohe Effizienz und verbesserte Produktlebensdauer aus. Zus\u00e4tzlich zu den Merkmalen des komfortablen Gef\u00fchls, der einfachen \u00d6ffnung, der vern\u00fcnftigen Struktur und der sensiblen Leistung ist dieses Produkt mit Ventilkupfermuttern und D2-Hochnickelmuttern ausgestattet, was Ventilschrauben und Lager f\u00fcr jedes Ventilprodukt spart und einfach zu installieren ist. Es ist haupts\u00e4chlich mit Schiebern, Ventilen, Plattenschiebern und Auslassventilen ausgestattet.<\/p>","protected":false},"excerpt":{"rendered":"<p>Wir stellen eine breite Palette von Kegelrad-\/Stirnradgetrieben her, die f\u00fcr Kugelh\u00e4hne, Schieber usw. verwendet werden k\u00f6nnen.<\/p>","protected":false},"featured_media":16686,"comment_status":"open","ping_status":"closed","template":"","meta":[],"product_brand":[],"product_cat":[100,106],"product_tag":[],"class_list":{"0":"post-16685","1":"product","2":"type-product","3":"status-publish","4":"has-post-thumbnail","6":"product_cat-gearbox","7":"product_cat-multi-turn-rotory-gearboxes","9":"first","10":"instock","11":"shipping-taxable","12":"product-type-simple"},"yoast_head":"<!-- This site is optimized with the Yoast SEO plugin v27.4 - https:\/\/yoast.com\/product\/yoast-seo-wordpress\/ -->\n<title>Bevel Gear Muti-Turn Gearbox with Chain Wheel - sne-gears.com<\/title>\n<meta name=\"robots\" content=\"index, follow, max-snippet:-1, max-image-preview:large, max-video-preview:-1\" \/>\n<link rel=\"canonical\" href=\"https:\/\/sne-gears.com\/de\/produit\/bevel-gear-muti-turn-gearbox-with-chain-wheel\/\" \/>\n<meta property=\"og:locale\" content=\"de_DE\" \/>\n<meta property=\"og:type\" content=\"article\" \/>\n<meta property=\"og:title\" content=\"Bevel Gear Muti-Turn Gearbox with Chain Wheel - sne-gears.com\" \/>\n<meta property=\"og:description\" content=\"We are manufacturing a wide range of multi-turn bevel\/spur gearboxes which can be used for ball valves, gate valves etc.\" \/>\n<meta property=\"og:url\" content=\"https:\/\/sne-gears.com\/de\/produit\/bevel-gear-muti-turn-gearbox-with-chain-wheel\/\" \/>\n<meta property=\"og:site_name\" content=\"sne-gears.com\" \/>\n<meta property=\"article:modified_time\" content=\"2024-07-30T02:56:55+00:00\" \/>\n<meta property=\"og:image\" content=\"https:\/\/sne-gears.com\/wp-content\/uploads\/2024\/07\/\u5e26\u94fe\u8f6e\u4f1e\u9f7f\u8f6e\u56fe\u7247.png\" \/>\n\t<meta property=\"og:image:width\" content=\"550\" \/>\n\t<meta property=\"og:image:height\" content=\"457\" \/>\n\t<meta property=\"og:image:type\" content=\"image\/png\" \/>\n<meta name=\"twitter:card\" content=\"summary_large_image\" \/>\n<meta name=\"twitter:label1\" content=\"Gesch\u00e4tzte Lesezeit\" \/>\n\t<meta name=\"twitter:data1\" content=\"1\u00a0Minute\" \/>\n<script type=\"application\/ld+json\" class=\"yoast-schema-graph\">{\"@context\":\"https:\\\/\\\/schema.org\",\"@graph\":[{\"@type\":\"WebPage\",\"@id\":\"https:\\\/\\\/sne-gears.com\\\/fr\\\/produit\\\/bevel-gear-muti-turn-gearbox-with-chain-wheel\\\/\",\"url\":\"https:\\\/\\\/sne-gears.com\\\/fr\\\/produit\\\/bevel-gear-muti-turn-gearbox-with-chain-wheel\\\/\",\"name\":\"Bevel Gear Muti-Turn Gearbox with Chain Wheel - sne-gears.com\",\"isPartOf\":{\"@id\":\"https:\\\/\\\/sne-gears.com\\\/de\\\/#website\"},\"primaryImageOfPage\":{\"@id\":\"https:\\\/\\\/sne-gears.com\\\/fr\\\/produit\\\/bevel-gear-muti-turn-gearbox-with-chain-wheel\\\/#primaryimage\"},\"image\":{\"@id\":\"https:\\\/\\\/sne-gears.com\\\/fr\\\/produit\\\/bevel-gear-muti-turn-gearbox-with-chain-wheel\\\/#primaryimage\"},\"thumbnailUrl\":\"https:\\\/\\\/sne-gears.com\\\/wp-content\\\/uploads\\\/2024\\\/07\\\/\u5e26\u94fe\u8f6e\u4f1e\u9f7f\u8f6e\u56fe\u7247.png\",\"datePublished\":\"2024-07-25T04:16:38+00:00\",\"dateModified\":\"2024-07-30T02:56:55+00:00\",\"breadcrumb\":{\"@id\":\"https:\\\/\\\/sne-gears.com\\\/fr\\\/produit\\\/bevel-gear-muti-turn-gearbox-with-chain-wheel\\\/#breadcrumb\"},\"inLanguage\":\"de\",\"potentialAction\":[{\"@type\":\"ReadAction\",\"target\":[\"https:\\\/\\\/sne-gears.com\\\/fr\\\/produit\\\/bevel-gear-muti-turn-gearbox-with-chain-wheel\\\/\"]}]},{\"@type\":\"ImageObject\",\"inLanguage\":\"de\",\"@id\":\"https:\\\/\\\/sne-gears.com\\\/fr\\\/produit\\\/bevel-gear-muti-turn-gearbox-with-chain-wheel\\\/#primaryimage\",\"url\":\"https:\\\/\\\/sne-gears.com\\\/wp-content\\\/uploads\\\/2024\\\/07\\\/\u5e26\u94fe\u8f6e\u4f1e\u9f7f\u8f6e\u56fe\u7247.png\",\"contentUrl\":\"https:\\\/\\\/sne-gears.com\\\/wp-content\\\/uploads\\\/2024\\\/07\\\/\u5e26\u94fe\u8f6e\u4f1e\u9f7f\u8f6e\u56fe\u7247.png\",\"width\":550,\"height\":457},{\"@type\":\"BreadcrumbList\",\"@id\":\"https:\\\/\\\/sne-gears.com\\\/fr\\\/produit\\\/bevel-gear-muti-turn-gearbox-with-chain-wheel\\\/#breadcrumb\",\"itemListElement\":[{\"@type\":\"ListItem\",\"position\":1,\"name\":\"Home\",\"item\":\"https:\\\/\\\/sne-gears.com\\\/ru\\\/\"},{\"@type\":\"ListItem\",\"position\":2,\"name\":\"Shop\",\"item\":\"https:\\\/\\\/sne-gears.com\\\/fr\\\/shop\\\/\"},{\"@type\":\"ListItem\",\"position\":3,\"name\":\"Bevel Gear Muti-Turn Gearbox with Chain Wheel\"}]},{\"@type\":\"WebSite\",\"@id\":\"https:\\\/\\\/sne-gears.com\\\/de\\\/#website\",\"url\":\"https:\\\/\\\/sne-gears.com\\\/de\\\/\",\"name\":\"sne-gears.com\",\"description\":\"\",\"potentialAction\":[{\"@type\":\"SearchAction\",\"target\":{\"@type\":\"EntryPoint\",\"urlTemplate\":\"https:\\\/\\\/sne-gears.com\\\/de\\\/?s={search_term_string}\"},\"query-input\":{\"@type\":\"PropertyValueSpecification\",\"valueRequired\":true,\"valueName\":\"search_term_string\"}}],\"inLanguage\":\"de\"}]}<\/script>\n<!-- \/ Yoast SEO plugin. -->","yoast_head_json":{"title":"Bevel Gear Muti-Turn Gearbox with Chain Wheel - sne-gears.com","robots":{"index":"index","follow":"follow","max-snippet":"max-snippet:-1","max-image-preview":"max-image-preview:large","max-video-preview":"max-video-preview:-1"},"canonical":"https:\/\/sne-gears.com\/de\/produit\/bevel-gear-muti-turn-gearbox-with-chain-wheel\/","og_locale":"de_DE","og_type":"article","og_title":"Bevel Gear Muti-Turn Gearbox with Chain Wheel - sne-gears.com","og_description":"We are manufacturing a wide range of multi-turn bevel\/spur gearboxes which can be used for ball valves, gate valves etc.","og_url":"https:\/\/sne-gears.com\/de\/produit\/bevel-gear-muti-turn-gearbox-with-chain-wheel\/","og_site_name":"sne-gears.com","article_modified_time":"2024-07-30T02:56:55+00:00","og_image":[{"width":550,"height":457,"url":"https:\/\/sne-gears.com\/wp-content\/uploads\/2024\/07\/\u5e26\u94fe\u8f6e\u4f1e\u9f7f\u8f6e\u56fe\u7247.png","type":"image\/png"}],"twitter_card":"summary_large_image","twitter_misc":{"Gesch\u00e4tzte Lesezeit":"1\u00a0Minute"},"schema":{"@context":"https:\/\/schema.org","@graph":[{"@type":"WebPage","@id":"https:\/\/sne-gears.com\/fr\/produit\/bevel-gear-muti-turn-gearbox-with-chain-wheel\/","url":"https:\/\/sne-gears.com\/fr\/produit\/bevel-gear-muti-turn-gearbox-with-chain-wheel\/","name":"Bevel Gear Muti-Turn Gearbox with Chain Wheel - sne-gears.com","isPartOf":{"@id":"https:\/\/sne-gears.com\/de\/#website"},"primaryImageOfPage":{"@id":"https:\/\/sne-gears.com\/fr\/produit\/bevel-gear-muti-turn-gearbox-with-chain-wheel\/#primaryimage"},"image":{"@id":"https:\/\/sne-gears.com\/fr\/produit\/bevel-gear-muti-turn-gearbox-with-chain-wheel\/#primaryimage"},"thumbnailUrl":"https:\/\/sne-gears.com\/wp-content\/uploads\/2024\/07\/\u5e26\u94fe\u8f6e\u4f1e\u9f7f\u8f6e\u56fe\u7247.png","datePublished":"2024-07-25T04:16:38+00:00","dateModified":"2024-07-30T02:56:55+00:00","breadcrumb":{"@id":"https:\/\/sne-gears.com\/fr\/produit\/bevel-gear-muti-turn-gearbox-with-chain-wheel\/#breadcrumb"},"inLanguage":"de","potentialAction":[{"@type":"ReadAction","target":["https:\/\/sne-gears.com\/fr\/produit\/bevel-gear-muti-turn-gearbox-with-chain-wheel\/"]}]},{"@type":"ImageObject","inLanguage":"de","@id":"https:\/\/sne-gears.com\/fr\/produit\/bevel-gear-muti-turn-gearbox-with-chain-wheel\/#primaryimage","url":"https:\/\/sne-gears.com\/wp-content\/uploads\/2024\/07\/\u5e26\u94fe\u8f6e\u4f1e\u9f7f\u8f6e\u56fe\u7247.png","contentUrl":"https:\/\/sne-gears.com\/wp-content\/uploads\/2024\/07\/\u5e26\u94fe\u8f6e\u4f1e\u9f7f\u8f6e\u56fe\u7247.png","width":550,"height":457},{"@type":"BreadcrumbList","@id":"https:\/\/sne-gears.com\/fr\/produit\/bevel-gear-muti-turn-gearbox-with-chain-wheel\/#breadcrumb","itemListElement":[{"@type":"ListItem","position":1,"name":"Home","item":"https:\/\/sne-gears.com\/ru\/"},{"@type":"ListItem","position":2,"name":"Shop","item":"https:\/\/sne-gears.com\/fr\/shop\/"},{"@type":"ListItem","position":3,"name":"Bevel Gear Muti-Turn Gearbox with Chain Wheel"}]},{"@type":"WebSite","@id":"https:\/\/sne-gears.com\/de\/#website","url":"https:\/\/sne-gears.com\/de\/","name":"sne-gears.com","description":"","potentialAction":[{"@type":"SearchAction","target":{"@type":"EntryPoint","urlTemplate":"https:\/\/sne-gears.com\/de\/?s={search_term_string}"},"query-input":{"@type":"PropertyValueSpecification","valueRequired":true,"valueName":"search_term_string"}}],"inLanguage":"de"}]}},"_links":{"self":[{"href":"https:\/\/sne-gears.com\/de\/wp-json\/wp\/v2\/product\/16685","targetHints":{"allow":["GET"]}}],"collection":[{"href":"https:\/\/sne-gears.com\/de\/wp-json\/wp\/v2\/product"}],"about":[{"href":"https:\/\/sne-gears.com\/de\/wp-json\/wp\/v2\/types\/product"}],"replies":[{"embeddable":true,"href":"https:\/\/sne-gears.com\/de\/wp-json\/wp\/v2\/comments?post=16685"}],"version-history":[{"count":1,"href":"https:\/\/sne-gears.com\/de\/wp-json\/wp\/v2\/product\/16685\/revisions"}],"predecessor-version":[{"id":16687,"href":"https:\/\/sne-gears.com\/de\/wp-json\/wp\/v2\/product\/16685\/revisions\/16687"}],"wp:featuredmedia":[{"embeddable":true,"href":"https:\/\/sne-gears.com\/de\/wp-json\/wp\/v2\/media\/16686"}],"wp:attachment":[{"href":"https:\/\/sne-gears.com\/de\/wp-json\/wp\/v2\/media?parent=16685"}],"wp:term":[{"taxonomy":"product_brand","embeddable":true,"href":"https:\/\/sne-gears.com\/de\/wp-json\/wp\/v2\/product_brand?post=16685"},{"taxonomy":"product_cat","embeddable":true,"href":"https:\/\/sne-gears.com\/de\/wp-json\/wp\/v2\/product_cat?post=16685"},{"taxonomy":"product_tag","embeddable":true,"href":"https:\/\/sne-gears.com\/de\/wp-json\/wp\/v2\/product_tag?post=16685"}],"curies":[{"name":"wp","href":"https:\/\/api.w.org\/{rel}","templated":true}]}}