{"id":3,"date":"2024-06-26T13:34:55","date_gmt":"2024-06-26T13:34:55","guid":{"rendered":"https:\/\/sne-gears.com\/?page_id=3"},"modified":"2024-07-26T02:26:36","modified_gmt":"2024-07-26T02:26:36","slug":"privacy-policy","status":"publish","type":"page","link":"https:\/\/sne-gears.com\/es\/privacy-policy\/","title":{"rendered":"Pol\u00edtica de privacidad"},"content":{"rendered":"<p>Bienvenido a SNE-Gears. Valoramos su privacidad y nos comprometemos a proteger su informaci\u00f3n personal. Esta pol\u00edtica de privacidad explica c\u00f3mo recopilamos, utilizamos, revelamos y protegemos su informaci\u00f3n cuando visita nuestro sitio web https:\/\/sne-gears.com\/ (el \"Sitio\"). Lea atentamente esta pol\u00edtica de privacidad. Si no est\u00e1 de acuerdo con los t\u00e9rminos de esta pol\u00edtica de privacidad, le rogamos que no acceda al Sitio.<\/p>\n\n\n\n<p>Informaci\u00f3n que recopilamos<br>Podemos recopilar informaci\u00f3n sobre usted de diversas maneras. La informaci\u00f3n que podemos recopilar en el Sitio incluye:<\/p>\n\n\n\n<p>Datos personales<br>Informaci\u00f3n personal identificable, como su nombre, direcci\u00f3n de env\u00edo, direcci\u00f3n de correo electr\u00f3nico y n\u00famero de tel\u00e9fono, e informaci\u00f3n demogr\u00e1fica, como su edad, sexo, ciudad de origen e intereses, que usted nos facilita voluntariamente cuando se registra en el Sitio, realiza una compra o decide participar en diversas actividades relacionadas con el Sitio.<\/p>\n\n\n\n<p>Datos derivados<br>Informaci\u00f3n que nuestros servidores recogen autom\u00e1ticamente cuando usted accede al Sitio, como su direcci\u00f3n IP, su tipo de navegador, su sistema operativo, sus horas de acceso y las p\u00e1ginas que ha visto directamente antes y despu\u00e9s de acceder al Sitio.<\/p>\n\n\n\n<p>Datos financieros<br>Informaci\u00f3n financiera, como datos relacionados con su m\u00e9todo de pago (por ejemplo, un n\u00famero de tarjeta de cr\u00e9dito v\u00e1lido, la marca de la tarjeta y la fecha de caducidad) que podamos recopilar cuando compre, pida, devuelva, cambie o solicite informaci\u00f3n sobre nuestros servicios en el Sitio.<\/p>\n\n\n\n<p>Datos de las redes sociales<br>Informaci\u00f3n del usuario procedente de redes sociales, como Facebook, Twitter, Instagram, incluido su nombre, su nombre de usuario en la red social, ubicaci\u00f3n, sexo, fecha de nacimiento, direcci\u00f3n de correo electr\u00f3nico, foto de perfil y datos p\u00fablicos de contactos, si conecta su cuenta a dichas redes sociales.<\/p>\n\n\n\n<p>Uso de su informaci\u00f3n<br>Disponer de informaci\u00f3n precisa sobre usted nos permite ofrecerle una experiencia fluida, eficiente y personalizada. En concreto, podemos utilizar la informaci\u00f3n recopilada sobre usted a trav\u00e9s del Sitio para:<\/p>\n\n\n\n<p>Cree y gestione su cuenta.<br>Procese y realice el seguimiento de sus pedidos.<br>Enviarle correos electr\u00f3nicos sobre su cuenta o pedido.<br>Ofrezca publicidad dirigida, cupones, boletines y promociones.<br>Mejorar nuestro sitio web y nuestro servicio de atenci\u00f3n al cliente.<br>Divulgaci\u00f3n de su informaci\u00f3n<br>Podemos compartir la informaci\u00f3n que hemos recopilado sobre usted en determinadas situaciones. Su informaci\u00f3n puede ser divulgada de la siguiente manera:<\/p>\n\n\n\n<p>Por ley o para proteger derechos<br>Si creemos que la divulgaci\u00f3n de informaci\u00f3n sobre usted es necesaria para responder a un proceso legal, para investigar o remediar posibles violaciones de nuestras pol\u00edticas, o para proteger los derechos, la propiedad y la seguridad de otros, podemos compartir su informaci\u00f3n seg\u00fan lo permita o exija cualquier ley, norma o reglamento aplicable.<\/p>\n\n\n\n<p>Terceros proveedores de servicios<br>Podemos compartir su informaci\u00f3n con terceros que presten servicios para nosotros o en nuestro nombre, como procesamiento de pagos, an\u00e1lisis de datos, env\u00edo de correo electr\u00f3nico, servicios de alojamiento, atenci\u00f3n al cliente y asistencia en marketing.<\/p>\n\n\n\n<p>Seguridad de su informaci\u00f3n<br>Utilizamos medidas de seguridad administrativas, t\u00e9cnicas y f\u00edsicas para ayudar a proteger su informaci\u00f3n personal. Aunque hemos tomado medidas razonables para asegurar la informaci\u00f3n personal que nos facilita, tenga en cuenta que, a pesar de nuestros esfuerzos, ninguna medida de seguridad es perfecta o impenetrable, y ning\u00fan m\u00e9todo de transmisi\u00f3n de datos puede garantizarse contra cualquier interceptaci\u00f3n u otro tipo de uso indebido.<\/p>\n\n\n\n<p>Pol\u00edtica de infancia<br>No solicitamos conscientemente informaci\u00f3n a ni\u00f1os menores de 13 a\u00f1os ni comercializamos con ellos. Si descubrimos que hemos recopilado informaci\u00f3n personal de un ni\u00f1o menor de 13 a\u00f1os sin verificar el consentimiento paterno, eliminaremos esa informaci\u00f3n lo antes posible. Si cree que podemos tener informaci\u00f3n de o sobre un ni\u00f1o menor de 13 a\u00f1os, p\u00f3ngase en contacto con nosotros en Joshua.Ryan@sne-gears.com.<\/p>\n\n\n\n<p>Cambios en esta pol\u00edtica de privacidad<br>Podemos actualizar esta Pol\u00edtica de Privacidad de vez en cuando para reflejar, por ejemplo, cambios en nuestras pr\u00e1cticas o por otras razones operativas, legales o reglamentarias. Le notificaremos cualquier cambio publicando la nueva Pol\u00edtica de Privacidad en el Sitio. Le aconsejamos que revise peri\u00f3dicamente esta Pol\u00edtica de Privacidad para comprobar si se han producido cambios.<\/p>\n\n\n\n<p>P\u00f3ngase en contacto con nosotros<br>Si tiene preguntas o comentarios sobre esta Pol\u00edtica de privacidad, p\u00f3ngase en contacto con nosotros en:<\/p>\n\n\n\n<p>Correo electr\u00f3nico: Joshua.Ryan@sne-gears.com<br>Tel: +86 180 1974 1066<br>Direcci\u00f3n: RM 1207, Tower A#, Global International Trade Bldg, NO8 ChangXiang Road, JiaDing District, Shanghai (Zip:201802), PRC China<\/p>\n\n\n\n<p><\/p>","protected":false},"excerpt":{"rendered":"<p>Welcome to SNE-Gears. We value your privacy and are committed to protecting your personal information. This Privacy Policy explains how<\/p>","protected":false},"author":1,"featured_media":0,"parent":0,"menu_order":0,"comment_status":"closed","ping_status":"open","template":"","meta":{"footnotes":""},"class_list":["post-3","page","type-page","status-publish","hentry"],"yoast_head":"<!-- This site is optimized with the Yoast SEO plugin v27.4 - https:\/\/yoast.com\/product\/yoast-seo-wordpress\/ -->\n<title>Privacy Policy - sne-gears.com<\/title>\n<meta name=\"robots\" content=\"index, follow, max-snippet:-1, max-image-preview:large, max-video-preview:-1\" \/>\n<link rel=\"canonical\" href=\"https:\/\/sne-gears.com\/es\/privacy-policy\/\" \/>\n<meta property=\"og:locale\" content=\"es_ES\" \/>\n<meta property=\"og:type\" content=\"article\" \/>\n<meta property=\"og:title\" content=\"Privacy Policy - sne-gears.com\" \/>\n<meta property=\"og:description\" content=\"Welcome to SNE-Gears. We value your privacy and are committed to protecting your personal information. This Privacy Policy explains how\" \/>\n<meta property=\"og:url\" content=\"https:\/\/sne-gears.com\/es\/privacy-policy\/\" \/>\n<meta property=\"og:site_name\" content=\"sne-gears.com\" \/>\n<meta property=\"article:modified_time\" content=\"2024-07-26T02:26:36+00:00\" \/>\n<meta name=\"twitter:card\" content=\"summary_large_image\" \/>\n<meta name=\"twitter:label1\" content=\"Tiempo de lectura\" \/>\n\t<meta name=\"twitter:data1\" content=\"3 minutos\" \/>\n<script type=\"application\/ld+json\" class=\"yoast-schema-graph\">{\"@context\":\"https:\\\/\\\/schema.org\",\"@graph\":[{\"@type\":\"WebPage\",\"@id\":\"https:\\\/\\\/sne-gears.com\\\/privacy-policy\\\/\",\"url\":\"https:\\\/\\\/sne-gears.com\\\/privacy-policy\\\/\",\"name\":\"Privacy Policy - sne-gears.com\",\"isPartOf\":{\"@id\":\"https:\\\/\\\/sne-gears.com\\\/#website\"},\"datePublished\":\"2024-06-26T13:34:55+00:00\",\"dateModified\":\"2024-07-26T02:26:36+00:00\",\"breadcrumb\":{\"@id\":\"https:\\\/\\\/sne-gears.com\\\/privacy-policy\\\/#breadcrumb\"},\"inLanguage\":\"es\",\"potentialAction\":[{\"@type\":\"ReadAction\",\"target\":[\"https:\\\/\\\/sne-gears.com\\\/privacy-policy\\\/\"]}]},{\"@type\":\"BreadcrumbList\",\"@id\":\"https:\\\/\\\/sne-gears.com\\\/privacy-policy\\\/#breadcrumb\",\"itemListElement\":[{\"@type\":\"ListItem\",\"position\":1,\"name\":\"Home\",\"item\":\"https:\\\/\\\/sne-gears.com\\\/\"},{\"@type\":\"ListItem\",\"position\":2,\"name\":\"Privacy Policy\"}]},{\"@type\":\"WebSite\",\"@id\":\"https:\\\/\\\/sne-gears.com\\\/#website\",\"url\":\"https:\\\/\\\/sne-gears.com\\\/\",\"name\":\"sne-gears.com\",\"description\":\"\",\"potentialAction\":[{\"@type\":\"SearchAction\",\"target\":{\"@type\":\"EntryPoint\",\"urlTemplate\":\"https:\\\/\\\/sne-gears.com\\\/?s={search_term_string}\"},\"query-input\":{\"@type\":\"PropertyValueSpecification\",\"valueRequired\":true,\"valueName\":\"search_term_string\"}}],\"inLanguage\":\"es\"}]}<\/script>\n<!-- \/ Yoast SEO plugin. -->","yoast_head_json":{"title":"Privacy Policy - sne-gears.com","robots":{"index":"index","follow":"follow","max-snippet":"max-snippet:-1","max-image-preview":"max-image-preview:large","max-video-preview":"max-video-preview:-1"},"canonical":"https:\/\/sne-gears.com\/es\/privacy-policy\/","og_locale":"es_ES","og_type":"article","og_title":"Privacy Policy - sne-gears.com","og_description":"Welcome to SNE-Gears. We value your privacy and are committed to protecting your personal information. This Privacy Policy explains how","og_url":"https:\/\/sne-gears.com\/es\/privacy-policy\/","og_site_name":"sne-gears.com","article_modified_time":"2024-07-26T02:26:36+00:00","twitter_card":"summary_large_image","twitter_misc":{"Tiempo de lectura":"3 minutos"},"schema":{"@context":"https:\/\/schema.org","@graph":[{"@type":"WebPage","@id":"https:\/\/sne-gears.com\/privacy-policy\/","url":"https:\/\/sne-gears.com\/privacy-policy\/","name":"Privacy Policy - sne-gears.com","isPartOf":{"@id":"https:\/\/sne-gears.com\/#website"},"datePublished":"2024-06-26T13:34:55+00:00","dateModified":"2024-07-26T02:26:36+00:00","breadcrumb":{"@id":"https:\/\/sne-gears.com\/privacy-policy\/#breadcrumb"},"inLanguage":"es","potentialAction":[{"@type":"ReadAction","target":["https:\/\/sne-gears.com\/privacy-policy\/"]}]},{"@type":"BreadcrumbList","@id":"https:\/\/sne-gears.com\/privacy-policy\/#breadcrumb","itemListElement":[{"@type":"ListItem","position":1,"name":"Home","item":"https:\/\/sne-gears.com\/"},{"@type":"ListItem","position":2,"name":"Privacy Policy"}]},{"@type":"WebSite","@id":"https:\/\/sne-gears.com\/#website","url":"https:\/\/sne-gears.com\/","name":"sne-gears.com","description":"","potentialAction":[{"@type":"SearchAction","target":{"@type":"EntryPoint","urlTemplate":"https:\/\/sne-gears.com\/?s={search_term_string}"},"query-input":{"@type":"PropertyValueSpecification","valueRequired":true,"valueName":"search_term_string"}}],"inLanguage":"es"}]}},"_links":{"self":[{"href":"https:\/\/sne-gears.com\/es\/wp-json\/wp\/v2\/pages\/3","targetHints":{"allow":["GET"]}}],"collection":[{"href":"https:\/\/sne-gears.com\/es\/wp-json\/wp\/v2\/pages"}],"about":[{"href":"https:\/\/sne-gears.com\/es\/wp-json\/wp\/v2\/types\/page"}],"author":[{"embeddable":true,"href":"https:\/\/sne-gears.com\/es\/wp-json\/wp\/v2\/users\/1"}],"replies":[{"embeddable":true,"href":"https:\/\/sne-gears.com\/es\/wp-json\/wp\/v2\/comments?post=3"}],"version-history":[{"count":2,"href":"https:\/\/sne-gears.com\/es\/wp-json\/wp\/v2\/pages\/3\/revisions"}],"predecessor-version":[{"id":16711,"href":"https:\/\/sne-gears.com\/es\/wp-json\/wp\/v2\/pages\/3\/revisions\/16711"}],"wp:attachment":[{"href":"https:\/\/sne-gears.com\/es\/wp-json\/wp\/v2\/media?parent=3"}],"curies":[{"name":"wp","href":"https:\/\/api.w.org\/{rel}","templated":true}]}}