{"id":16190,"date":"2024-07-09T12:51:04","date_gmt":"2024-07-09T12:51:04","guid":{"rendered":"https:\/\/sne-gears.com\/?post_type=product&#038;p=16190"},"modified":"2024-08-15T02:12:08","modified_gmt":"2024-08-15T02:12:08","slug":"ul-approval-actuator-with-switching-signal","status":"publish","type":"product","link":"https:\/\/sne-gears.com\/es\/producto\/ul-approval-actuator-with-switching-signal\/","title":{"rendered":"Aprobaci\u00f3n UL Actuador con se\u00f1al de conmutaci\u00f3n"},"content":{"rendered":"<div data-elementor-type=\"wp-post\" data-elementor-id=\"16190\" class=\"elementor elementor-16190\">\n\t\t\t\t<div class=\"elementor-element elementor-element-c22e080 e-flex e-con-boxed e-con e-parent\" data-id=\"c22e080\" data-element_type=\"container\" data-e-type=\"container\">\n\t\t\t\t\t<div class=\"e-con-inner\">\n\t\t\t\t<div class=\"elementor-element elementor-element-adf076b color-scheme-inherit text-left elementor-widget elementor-widget-text-editor\" data-id=\"adf076b\" data-element_type=\"widget\" data-e-type=\"widget\" data-widget_type=\"text-editor.default\">\n\t\t\t\t<div class=\"elementor-widget-container\">\n\t\t\t\t\t\t\t\t\t<p>Este producto est\u00e1 de acuerdo con los requisitos de certificaci\u00f3n UL\/FM, se basa en actuador ordinario, aumentar el interruptor micro, puede proporcionar a la se\u00f1al del interruptor remoto, indicando el estado del interruptor de la v\u00e1lvula, la se\u00f1al de salida de los interruptores cuando la v\u00e1lvula se abrir\u00e1 completamente.<\/p>\t\t\t\t\t\t\t\t<\/div>\n\t\t\t\t<\/div>\n\t\t\t\t\t<\/div>\n\t\t\t\t<\/div>\n\t\t<div class=\"elementor-element elementor-element-dbc882b e-flex e-con-boxed e-con e-parent\" data-id=\"dbc882b\" data-element_type=\"container\" data-e-type=\"container\">\n\t\t\t\t\t<div class=\"e-con-inner\">\n\t\t\t\t<div class=\"elementor-element elementor-element-1e5a127 elementor-widget elementor-widget-image\" data-id=\"1e5a127\" data-element_type=\"widget\" data-e-type=\"widget\" data-widget_type=\"image.default\">\n\t\t\t\t<div class=\"elementor-widget-container\">\n\t\t\t\t\t\t\t\t\t\t\t\t\t\t\t<img fetchpriority=\"high\" decoding=\"async\" width=\"912\" height=\"613\" src=\"data:image\/gif;base64,R0lGODlhAQABAIAAAAAAAP\/\/\/yH5BAEAAAAALAAAAAABAAEAAAIBRAA7\" data-src=\"https:\/\/sne-gears.com\/wp-content\/uploads\/2024\/07\/1723301154476.png\" class=\"attachment-large size-large wp-image-17576 lazyload\" alt=\"\" data-srcset=\"https:\/\/sne-gears.com\/wp-content\/uploads\/2024\/07\/1723301154476.png 912w, https:\/\/sne-gears.com\/wp-content\/uploads\/2024\/07\/1723301154476-400x269.png 400w, https:\/\/sne-gears.com\/wp-content\/uploads\/2024\/07\/1723301154476-768x516.png 768w, https:\/\/sne-gears.com\/wp-content\/uploads\/2024\/07\/1723301154476-18x12.png 18w, https:\/\/sne-gears.com\/wp-content\/uploads\/2024\/07\/1723301154476-430x289.png 430w, https:\/\/sne-gears.com\/wp-content\/uploads\/2024\/07\/1723301154476-700x471.png 700w, https:\/\/sne-gears.com\/wp-content\/uploads\/2024\/07\/1723301154476-150x101.png 150w\" sizes=\"(max-width: 912px) 100vw, 912px\" \/><noscript><img decoding=\"async\" width=\"912\" height=\"613\" src=\"https:\/\/sne-gears.com\/wp-content\/uploads\/2024\/07\/1723301154476.png\" class=\"attachment-large size-large wp-image-17576 lazyload\" alt=\"\" srcset=\"https:\/\/sne-gears.com\/wp-content\/uploads\/2024\/07\/1723301154476.png 912w, https:\/\/sne-gears.com\/wp-content\/uploads\/2024\/07\/1723301154476-400x269.png 400w, https:\/\/sne-gears.com\/wp-content\/uploads\/2024\/07\/1723301154476-768x516.png 768w, https:\/\/sne-gears.com\/wp-content\/uploads\/2024\/07\/1723301154476-18x12.png 18w, https:\/\/sne-gears.com\/wp-content\/uploads\/2024\/07\/1723301154476-430x289.png 430w, https:\/\/sne-gears.com\/wp-content\/uploads\/2024\/07\/1723301154476-700x471.png 700w, https:\/\/sne-gears.com\/wp-content\/uploads\/2024\/07\/1723301154476-150x101.png 150w\" sizes=\"(max-width: 912px) 100vw, 912px\" \/><\/noscript>\t\t\t\t\t\t\t\t\t\t\t\t\t\t\t<\/div>\n\t\t\t\t<\/div>\n\t\t\t\t\t<\/div>\n\t\t\t\t<\/div>\n\t\t<div class=\"elementor-element elementor-element-d979357 e-flex e-con-boxed e-con e-parent\" data-id=\"d979357\" data-element_type=\"container\" data-e-type=\"container\">\n\t\t\t\t\t<div class=\"e-con-inner\">\n\t\t\t\t<div class=\"elementor-element elementor-element-400060b elementor-widget elementor-widget-heading\" data-id=\"400060b\" data-element_type=\"widget\" data-e-type=\"widget\" data-widget_type=\"heading.default\">\n\t\t\t\t<div class=\"elementor-widget-container\">\n\t\t\t\t\t<h2 class=\"elementor-heading-title elementor-size-default\">Par\u00e1metros t\u00e9cnicos<\/h2>\t\t\t\t<\/div>\n\t\t\t\t<\/div>\n\t\t\t\t\t<\/div>\n\t\t\t\t<\/div>\n\t\t<div class=\"elementor-element elementor-element-7acb57a e-flex e-con-boxed e-con e-parent\" data-id=\"7acb57a\" data-element_type=\"container\" data-e-type=\"container\">\n\t\t\t\t\t<div class=\"e-con-inner\">\n\t\t\t\t<div class=\"elementor-element elementor-element-afb545b color-scheme-inherit text-left elementor-widget elementor-widget-text-editor\" data-id=\"afb545b\" data-element_type=\"widget\" data-e-type=\"widget\" data-widget_type=\"text-editor.default\">\n\t\t\t\t<div class=\"elementor-widget-container\">\n\t\t\t\t\t\t\t\t\t<table><thead><tr><th>Modelo<\/th><th>Par (N-m)<\/th><th>Ratio<\/th><th>Sistema m\u00e9trico<\/th><th>Sistema brit\u00e1nico<\/th><th>d<\/th><th>b<\/th><th>t<\/th><th>D1<\/th><th>4-M<\/th><th>A<\/th><th>B<\/th><th>D<\/th><th>E<\/th><th>\u03a6<\/th><th>H<\/th><th>h<\/th><th>F<\/th><th>d1<\/th><\/tr><\/thead><tbody><tr><td>YC24<\/td><td>270<\/td><td>24:1<\/td><td>50-65<\/td><td>2&#8243;-2.5&#8243;<\/td><td>16<\/td><td>3<\/td><td>17.4<\/td><td>70<\/td><td>4-M8<\/td><td>157<\/td><td>164<\/td><td>108<\/td><td>45<\/td><td>150<\/td><td>65<\/td><td>38<\/td><td>38<\/td><td>5<\/td><\/tr><tr><td>\u00a0<\/td><td>\u00a0<\/td><td>\u00a0<\/td><td>80-100<\/td><td>3&#8243;-4&#8243;<\/td><td>16<\/td><td>5<\/td><td>18.3<\/td><td>70<\/td><td>4-M8<\/td><td>157<\/td><td>164<\/td><td>108<\/td><td>45<\/td><td>150<\/td><td>65<\/td><td>38<\/td><td>38<\/td><td>5<\/td><\/tr><tr><td>\u00a0<\/td><td>\u00a0<\/td><td>\u00a0<\/td><td>150<\/td><td>6&#8243;<\/td><td>22<\/td><td>6<\/td><td>24.8<\/td><td>102<\/td><td>4-M10<\/td><td>242<\/td><td>200<\/td><td>155<\/td><td>63<\/td><td>300<\/td><td>77<\/td><td>44<\/td><td>52.3<\/td><td>5<\/td><\/tr><tr><td>YC30<\/td><td>750<\/td><td>30:1<\/td><td>200<\/td><td>8&#8243;<\/td><td>26<\/td><td>8<\/td><td>29.3<\/td><td>102<\/td><td>4-M10<\/td><td>242<\/td><td>200<\/td><td>155<\/td><td>63<\/td><td>300<\/td><td>77<\/td><td>44<\/td><td>52.3<\/td><td>5<\/td><\/tr><tr><td>\u00a0<\/td><td>\u00a0<\/td><td>\u00a0<\/td><td>250-300<\/td><td>10&#8243;-12&#8243;<\/td><td>3<\/td><td>8<\/td><td>33.3<\/td><td>102<\/td><td>4-M10<\/td><td>242<\/td><td>200<\/td><td>155<\/td><td>63<\/td><td>300<\/td><td>77<\/td><td>44<\/td><td>52.3<\/td><td>5<\/td><\/tr><\/tbody><\/table>\t\t\t\t\t\t\t\t<\/div>\n\t\t\t\t<\/div>\n\t\t\t\t\t<\/div>\n\t\t\t\t<\/div>\n\t\t\t\t<\/div>","protected":false},"excerpt":{"rendered":"<ul>\n<li><strong>Cumplimiento de la certificaci\u00f3n UL\/FM<\/strong>: Dise\u00f1ado para cumplir los requisitos de certificaci\u00f3n UL\/FM de calidad y seguridad.<\/li>\n<li><strong>Actuador mejorado<\/strong>: Basado en un actuador est\u00e1ndar con un microinterruptor a\u00f1adido.<\/li>\n<li><strong>Se\u00f1al del interruptor remoto<\/strong>: Capaz de proporcionar se\u00f1ales de interruptor remoto para indicar el estado del interruptor de la v\u00e1lvula.<\/li>\n<li><strong>Indicaci\u00f3n de la posici\u00f3n de la v\u00e1lvula<\/strong>: Emite una se\u00f1al cuando la v\u00e1lvula est\u00e1 completamente abierta.<\/li>\n<\/ul>","protected":false},"featured_media":16191,"comment_status":"open","ping_status":"closed","template":"","meta":[],"product_brand":[],"product_cat":[100,105],"product_tag":[],"class_list":{"0":"post-16190","1":"product","2":"type-product","3":"status-publish","4":"has-post-thumbnail","6":"product_cat-gearbox","7":"product_cat-quarter-turn-gearboxes","9":"first","10":"instock","11":"shipping-taxable","12":"product-type-simple"},"yoast_head":"<!-- This site is optimized with the Yoast SEO plugin v27.4 - https:\/\/yoast.com\/product\/yoast-seo-wordpress\/ -->\n<title>UL Approval Actuator With Switching Signal - sne-gears.com<\/title>\n<meta name=\"robots\" content=\"index, follow, max-snippet:-1, max-image-preview:large, max-video-preview:-1\" \/>\n<link rel=\"canonical\" href=\"https:\/\/sne-gears.com\/es\/producto\/ul-approval-actuator-with-switching-signal\/\" \/>\n<meta property=\"og:locale\" content=\"es_ES\" \/>\n<meta property=\"og:type\" content=\"article\" \/>\n<meta property=\"og:title\" content=\"UL Approval Actuator With Switching Signal - sne-gears.com\" \/>\n<meta property=\"og:description\" content=\"UL\/FM Certification Compliance: Designed to meet UL\/FM certification requirements for quality and safety.  Enhanced Actuator: Based on a standard Actuator with an added micro switch.  Remote Switch Signal: Capable of providing remote switch signals to indicate valve switch status.  Valve Position Indication: Outputs a signal when the valve is fully open.\" \/>\n<meta property=\"og:url\" content=\"https:\/\/sne-gears.com\/es\/producto\/ul-approval-actuator-with-switching-signal\/\" \/>\n<meta property=\"og:site_name\" content=\"sne-gears.com\" \/>\n<meta property=\"article:modified_time\" content=\"2024-08-15T02:12:08+00:00\" \/>\n<meta property=\"og:image\" content=\"https:\/\/sne-gears.com\/wp-content\/uploads\/2024\/07\/1720529368735.png\" \/>\n\t<meta property=\"og:image:width\" content=\"711\" \/>\n\t<meta property=\"og:image:height\" content=\"424\" \/>\n\t<meta property=\"og:image:type\" content=\"image\/png\" \/>\n<meta name=\"twitter:card\" content=\"summary_large_image\" \/>\n<meta name=\"twitter:label1\" content=\"Tiempo de lectura\" \/>\n\t<meta name=\"twitter:data1\" content=\"1 minuto\" \/>\n<script type=\"application\/ld+json\" class=\"yoast-schema-graph\">{\"@context\":\"https:\\\/\\\/schema.org\",\"@graph\":[{\"@type\":\"WebPage\",\"@id\":\"https:\\\/\\\/sne-gears.com\\\/product\\\/ul-approval-actuator-with-switching-signal\\\/\",\"url\":\"https:\\\/\\\/sne-gears.com\\\/product\\\/ul-approval-actuator-with-switching-signal\\\/\",\"name\":\"UL Approval Actuator With Switching Signal - sne-gears.com\",\"isPartOf\":{\"@id\":\"https:\\\/\\\/sne-gears.com\\\/#website\"},\"primaryImageOfPage\":{\"@id\":\"https:\\\/\\\/sne-gears.com\\\/product\\\/ul-approval-actuator-with-switching-signal\\\/#primaryimage\"},\"image\":{\"@id\":\"https:\\\/\\\/sne-gears.com\\\/product\\\/ul-approval-actuator-with-switching-signal\\\/#primaryimage\"},\"thumbnailUrl\":\"https:\\\/\\\/sne-gears.com\\\/wp-content\\\/uploads\\\/2024\\\/07\\\/1720529368735.png\",\"datePublished\":\"2024-07-09T12:51:04+00:00\",\"dateModified\":\"2024-08-15T02:12:08+00:00\",\"breadcrumb\":{\"@id\":\"https:\\\/\\\/sne-gears.com\\\/product\\\/ul-approval-actuator-with-switching-signal\\\/#breadcrumb\"},\"inLanguage\":\"es\",\"potentialAction\":[{\"@type\":\"ReadAction\",\"target\":[\"https:\\\/\\\/sne-gears.com\\\/product\\\/ul-approval-actuator-with-switching-signal\\\/\"]}]},{\"@type\":\"ImageObject\",\"inLanguage\":\"es\",\"@id\":\"https:\\\/\\\/sne-gears.com\\\/product\\\/ul-approval-actuator-with-switching-signal\\\/#primaryimage\",\"url\":\"https:\\\/\\\/sne-gears.com\\\/wp-content\\\/uploads\\\/2024\\\/07\\\/1720529368735.png\",\"contentUrl\":\"https:\\\/\\\/sne-gears.com\\\/wp-content\\\/uploads\\\/2024\\\/07\\\/1720529368735.png\",\"width\":711,\"height\":424},{\"@type\":\"BreadcrumbList\",\"@id\":\"https:\\\/\\\/sne-gears.com\\\/product\\\/ul-approval-actuator-with-switching-signal\\\/#breadcrumb\",\"itemListElement\":[{\"@type\":\"ListItem\",\"position\":1,\"name\":\"Home\",\"item\":\"https:\\\/\\\/sne-gears.com\\\/\"},{\"@type\":\"ListItem\",\"position\":2,\"name\":\"Shop\",\"item\":\"https:\\\/\\\/sne-gears.com\\\/shop\\\/\"},{\"@type\":\"ListItem\",\"position\":3,\"name\":\"UL Approval Actuator With Switching Signal\"}]},{\"@type\":\"WebSite\",\"@id\":\"https:\\\/\\\/sne-gears.com\\\/#website\",\"url\":\"https:\\\/\\\/sne-gears.com\\\/\",\"name\":\"sne-gears.com\",\"description\":\"\",\"potentialAction\":[{\"@type\":\"SearchAction\",\"target\":{\"@type\":\"EntryPoint\",\"urlTemplate\":\"https:\\\/\\\/sne-gears.com\\\/?s={search_term_string}\"},\"query-input\":{\"@type\":\"PropertyValueSpecification\",\"valueRequired\":true,\"valueName\":\"search_term_string\"}}],\"inLanguage\":\"es\"}]}<\/script>\n<!-- \/ Yoast SEO plugin. -->","yoast_head_json":{"title":"UL Approval Actuator With Switching Signal - sne-gears.com","robots":{"index":"index","follow":"follow","max-snippet":"max-snippet:-1","max-image-preview":"max-image-preview:large","max-video-preview":"max-video-preview:-1"},"canonical":"https:\/\/sne-gears.com\/es\/producto\/ul-approval-actuator-with-switching-signal\/","og_locale":"es_ES","og_type":"article","og_title":"UL Approval Actuator With Switching Signal - sne-gears.com","og_description":"UL\/FM Certification Compliance: Designed to meet UL\/FM certification requirements for quality and safety.  Enhanced Actuator: Based on a standard Actuator with an added micro switch.  Remote Switch Signal: Capable of providing remote switch signals to indicate valve switch status.  Valve Position Indication: Outputs a signal when the valve is fully open.","og_url":"https:\/\/sne-gears.com\/es\/producto\/ul-approval-actuator-with-switching-signal\/","og_site_name":"sne-gears.com","article_modified_time":"2024-08-15T02:12:08+00:00","og_image":[{"width":711,"height":424,"url":"https:\/\/sne-gears.com\/wp-content\/uploads\/2024\/07\/1720529368735.png","type":"image\/png"}],"twitter_card":"summary_large_image","twitter_misc":{"Tiempo de lectura":"1 minuto"},"schema":{"@context":"https:\/\/schema.org","@graph":[{"@type":"WebPage","@id":"https:\/\/sne-gears.com\/product\/ul-approval-actuator-with-switching-signal\/","url":"https:\/\/sne-gears.com\/product\/ul-approval-actuator-with-switching-signal\/","name":"UL Approval Actuator With Switching Signal - sne-gears.com","isPartOf":{"@id":"https:\/\/sne-gears.com\/#website"},"primaryImageOfPage":{"@id":"https:\/\/sne-gears.com\/product\/ul-approval-actuator-with-switching-signal\/#primaryimage"},"image":{"@id":"https:\/\/sne-gears.com\/product\/ul-approval-actuator-with-switching-signal\/#primaryimage"},"thumbnailUrl":"https:\/\/sne-gears.com\/wp-content\/uploads\/2024\/07\/1720529368735.png","datePublished":"2024-07-09T12:51:04+00:00","dateModified":"2024-08-15T02:12:08+00:00","breadcrumb":{"@id":"https:\/\/sne-gears.com\/product\/ul-approval-actuator-with-switching-signal\/#breadcrumb"},"inLanguage":"es","potentialAction":[{"@type":"ReadAction","target":["https:\/\/sne-gears.com\/product\/ul-approval-actuator-with-switching-signal\/"]}]},{"@type":"ImageObject","inLanguage":"es","@id":"https:\/\/sne-gears.com\/product\/ul-approval-actuator-with-switching-signal\/#primaryimage","url":"https:\/\/sne-gears.com\/wp-content\/uploads\/2024\/07\/1720529368735.png","contentUrl":"https:\/\/sne-gears.com\/wp-content\/uploads\/2024\/07\/1720529368735.png","width":711,"height":424},{"@type":"BreadcrumbList","@id":"https:\/\/sne-gears.com\/product\/ul-approval-actuator-with-switching-signal\/#breadcrumb","itemListElement":[{"@type":"ListItem","position":1,"name":"Home","item":"https:\/\/sne-gears.com\/"},{"@type":"ListItem","position":2,"name":"Shop","item":"https:\/\/sne-gears.com\/shop\/"},{"@type":"ListItem","position":3,"name":"UL Approval Actuator With Switching Signal"}]},{"@type":"WebSite","@id":"https:\/\/sne-gears.com\/#website","url":"https:\/\/sne-gears.com\/","name":"sne-gears.com","description":"","potentialAction":[{"@type":"SearchAction","target":{"@type":"EntryPoint","urlTemplate":"https:\/\/sne-gears.com\/?s={search_term_string}"},"query-input":{"@type":"PropertyValueSpecification","valueRequired":true,"valueName":"search_term_string"}}],"inLanguage":"es"}]}},"_links":{"self":[{"href":"https:\/\/sne-gears.com\/es\/wp-json\/wp\/v2\/product\/16190","targetHints":{"allow":["GET"]}}],"collection":[{"href":"https:\/\/sne-gears.com\/es\/wp-json\/wp\/v2\/product"}],"about":[{"href":"https:\/\/sne-gears.com\/es\/wp-json\/wp\/v2\/types\/product"}],"replies":[{"embeddable":true,"href":"https:\/\/sne-gears.com\/es\/wp-json\/wp\/v2\/comments?post=16190"}],"version-history":[{"count":18,"href":"https:\/\/sne-gears.com\/es\/wp-json\/wp\/v2\/product\/16190\/revisions"}],"predecessor-version":[{"id":18022,"href":"https:\/\/sne-gears.com\/es\/wp-json\/wp\/v2\/product\/16190\/revisions\/18022"}],"wp:featuredmedia":[{"embeddable":true,"href":"https:\/\/sne-gears.com\/es\/wp-json\/wp\/v2\/media\/16191"}],"wp:attachment":[{"href":"https:\/\/sne-gears.com\/es\/wp-json\/wp\/v2\/media?parent=16190"}],"wp:term":[{"taxonomy":"product_brand","embeddable":true,"href":"https:\/\/sne-gears.com\/es\/wp-json\/wp\/v2\/product_brand?post=16190"},{"taxonomy":"product_cat","embeddable":true,"href":"https:\/\/sne-gears.com\/es\/wp-json\/wp\/v2\/product_cat?post=16190"},{"taxonomy":"product_tag","embeddable":true,"href":"https:\/\/sne-gears.com\/es\/wp-json\/wp\/v2\/product_tag?post=16190"}],"curies":[{"name":"wp","href":"https:\/\/api.w.org\/{rel}","templated":true}]}}