{"id":16204,"date":"2024-07-09T13:05:48","date_gmt":"2024-07-09T13:05:48","guid":{"rendered":"https:\/\/sne-gears.com\/?post_type=product&#038;p=16204"},"modified":"2024-08-15T01:58:13","modified_gmt":"2024-08-15T01:58:13","slug":"mx-single-stage-gearbox","status":"publish","type":"product","link":"https:\/\/sne-gears.com\/es\/producto\/mx-single-stage-gearbox\/","title":{"rendered":"Caja de cambios MX de una etapa"},"content":{"rendered":"<div data-elementor-type=\"wp-post\" data-elementor-id=\"16204\" class=\"elementor elementor-16204\">\n\t\t\t\t<div class=\"elementor-element elementor-element-1544530 e-flex e-con-boxed e-con e-parent\" data-id=\"1544530\" data-element_type=\"container\" data-e-type=\"container\">\n\t\t\t\t\t<div class=\"e-con-inner\">\n\t\t\t\t<div class=\"elementor-element elementor-element-0c8c33f color-scheme-inherit text-left elementor-widget elementor-widget-text-editor\" data-id=\"0c8c33f\" data-element_type=\"widget\" data-e-type=\"widget\" data-widget_type=\"text-editor.default\">\n\t\t\t\t<div class=\"elementor-widget-container\">\n\t\t\t\t\t\t\t\t\t<p>El producto tiene un volumen peque\u00f1o, peso ligero, estructura razonable, gran par de salida y autobloqueo fiable. Es aplicable al control de la v\u00e1lvula de mariposa, v\u00e1lvula de bola, v\u00e1lvula de grifo y otras v\u00e1lvulas con 90 \u00b0 de rotaci\u00f3n.<\/p>\t\t\t\t\t\t\t\t<\/div>\n\t\t\t\t<\/div>\n\t\t\t\t\t<\/div>\n\t\t\t\t<\/div>\n\t\t<div class=\"elementor-element elementor-element-21e1e0a e-flex e-con-boxed e-con e-parent\" data-id=\"21e1e0a\" data-element_type=\"container\" data-e-type=\"container\">\n\t\t\t\t\t<div class=\"e-con-inner\">\n\t\t\t\t<div class=\"elementor-element elementor-element-a497bbc elementor-widget elementor-widget-image\" data-id=\"a497bbc\" data-element_type=\"widget\" data-e-type=\"widget\" data-widget_type=\"image.default\">\n\t\t\t\t<div class=\"elementor-widget-container\">\n\t\t\t\t\t\t\t\t\t\t\t\t\t\t\t<img fetchpriority=\"high\" decoding=\"async\" width=\"1080\" height=\"540\" src=\"data:image\/gif;base64,R0lGODlhAQABAIAAAAAAAP\/\/\/yH5BAEAAAAALAAAAAABAAEAAAIBRAA7\" data-src=\"https:\/\/sne-gears.com\/wp-content\/uploads\/2024\/07\/557.jpg\" class=\"attachment-2048x2048 size-2048x2048 wp-image-17465 lazyload\" alt=\"\" data-srcset=\"https:\/\/sne-gears.com\/wp-content\/uploads\/2024\/07\/557.jpg 1080w, https:\/\/sne-gears.com\/wp-content\/uploads\/2024\/07\/557-400x200.jpg 400w, https:\/\/sne-gears.com\/wp-content\/uploads\/2024\/07\/557-768x384.jpg 768w, https:\/\/sne-gears.com\/wp-content\/uploads\/2024\/07\/557-18x9.jpg 18w, https:\/\/sne-gears.com\/wp-content\/uploads\/2024\/07\/557-430x215.jpg 430w, https:\/\/sne-gears.com\/wp-content\/uploads\/2024\/07\/557-700x350.jpg 700w, https:\/\/sne-gears.com\/wp-content\/uploads\/2024\/07\/557-150x75.jpg 150w\" sizes=\"(max-width: 1080px) 100vw, 1080px\" \/><noscript><img decoding=\"async\" width=\"1080\" height=\"540\" src=\"https:\/\/sne-gears.com\/wp-content\/uploads\/2024\/07\/557.jpg\" class=\"attachment-2048x2048 size-2048x2048 wp-image-17465 lazyload\" alt=\"\" srcset=\"https:\/\/sne-gears.com\/wp-content\/uploads\/2024\/07\/557.jpg 1080w, https:\/\/sne-gears.com\/wp-content\/uploads\/2024\/07\/557-400x200.jpg 400w, https:\/\/sne-gears.com\/wp-content\/uploads\/2024\/07\/557-768x384.jpg 768w, https:\/\/sne-gears.com\/wp-content\/uploads\/2024\/07\/557-18x9.jpg 18w, https:\/\/sne-gears.com\/wp-content\/uploads\/2024\/07\/557-430x215.jpg 430w, https:\/\/sne-gears.com\/wp-content\/uploads\/2024\/07\/557-700x350.jpg 700w, https:\/\/sne-gears.com\/wp-content\/uploads\/2024\/07\/557-150x75.jpg 150w\" sizes=\"(max-width: 1080px) 100vw, 1080px\" \/><\/noscript>\t\t\t\t\t\t\t\t\t\t\t\t\t\t\t<\/div>\n\t\t\t\t<\/div>\n\t\t\t\t\t<\/div>\n\t\t\t\t<\/div>\n\t\t<div class=\"elementor-element elementor-element-99f82ef e-flex e-con-boxed e-con e-parent\" data-id=\"99f82ef\" data-element_type=\"container\" data-e-type=\"container\">\n\t\t\t\t\t<div class=\"e-con-inner\">\n\t\t\t\t<div class=\"elementor-element elementor-element-0caea16 color-scheme-inherit text-left elementor-widget elementor-widget-text-editor\" data-id=\"0caea16\" data-element_type=\"widget\" data-e-type=\"widget\" data-widget_type=\"text-editor.default\">\n\t\t\t\t<div class=\"elementor-widget-container\">\n\t\t\t\t\t\t\t\t\t<table><thead><tr><th>Modelo<\/th><th>Par de salida Nm<\/th><th>Ratio<\/th><th>Par de entrada Nm<\/th><th>Di\u00e1metro m\u00e1ximo<\/th><th>Brida disponible<\/th><th>Di\u00e1metro del volante<\/th><th>Peso Kg<\/th><\/tr><\/thead><tbody><tr><td>MX07<\/td><td>160<\/td><td>32:1<\/td><td>23<\/td><td>20<\/td><td>F05, F07<\/td><td>140<\/td><td>2<\/td><\/tr><tr><td>MX08<\/td><td>300<\/td><td>40:1<\/td><td>34<\/td><td>25<\/td><td>F07, F10<\/td><td>200<\/td><td>3<\/td><\/tr><tr><td>MX10<\/td><td>650<\/td><td>42:1<\/td><td>70<\/td><td>30<\/td><td>F07, F10, F12<\/td><td>260<\/td><td>5.5<\/td><\/tr><tr><td>MX12<\/td><td>1200<\/td><td>42:1<\/td><td>125<\/td><td>40<\/td><td>F10, F12, F14<\/td><td>300<\/td><td>9.5<\/td><\/tr><tr><td>MX14<\/td><td>2000<\/td><td>60:1<\/td><td>150<\/td><td>60<\/td><td>F12, F14, F16<\/td><td>400<\/td><td>14<\/td><\/tr><tr><td>MX15<\/td><td>2800<\/td><td>70:1<\/td><td>185<\/td><td>65<\/td><td>F12, F14, F16<\/td><td>500<\/td><td>22<\/td><\/tr><tr><td>MX16<\/td><td>4000<\/td><td>88:1<\/td><td>200<\/td><td>80<\/td><td>F16, F25<\/td><td>500<\/td><td>38<\/td><\/tr><\/tbody><\/table>\t\t\t\t\t\t\t\t<\/div>\n\t\t\t\t<\/div>\n\t\t\t\t\t<\/div>\n\t\t\t\t<\/div>\n\t\t<div class=\"elementor-element elementor-element-963b623 e-flex e-con-boxed e-con e-parent\" data-id=\"963b623\" data-element_type=\"container\" data-e-type=\"container\">\n\t\t\t\t\t<div class=\"e-con-inner\">\n\t\t\t\t<div class=\"elementor-element elementor-element-d019cd2 elementor-widget elementor-widget-heading\" data-id=\"d019cd2\" data-element_type=\"widget\" data-e-type=\"widget\" data-widget_type=\"heading.default\">\n\t\t\t\t<div class=\"elementor-widget-container\">\n\t\t\t\t\t<h2 class=\"elementor-heading-title elementor-size-default\">Tabla de dimensiones<\/h2>\t\t\t\t<\/div>\n\t\t\t\t<\/div>\n\t\t\t\t\t<\/div>\n\t\t\t\t<\/div>\n\t\t<div class=\"elementor-element elementor-element-3037b82 e-flex e-con-boxed e-con e-parent\" data-id=\"3037b82\" data-element_type=\"container\" data-e-type=\"container\">\n\t\t\t\t\t<div class=\"e-con-inner\">\n\t\t\t\t<div class=\"elementor-element elementor-element-2ee3f0d color-scheme-inherit text-left elementor-widget elementor-widget-text-editor\" data-id=\"2ee3f0d\" data-element_type=\"widget\" data-e-type=\"widget\" data-widget_type=\"text-editor.default\">\n\t\t\t\t<div class=\"elementor-widget-container\">\n\t\t\t\t\t\t\t\t\t<table dir=\"ltr\" cellspacing=\"0\" cellpadding=\"0\" data-sheets-root=\"1\" data-sheets-baot=\"1\"><colgroup> <col width=\"46\" \/> <col width=\"61\" \/> <col width=\"305\" \/> <col width=\"305\" \/> <col width=\"305\" \/> <col width=\"305\" \/> <col width=\"305\" \/> <col width=\"305\" \/> <col width=\"305\" \/> <col width=\"305\" \/> <col width=\"305\" \/> <col width=\"305\" \/> <col width=\"305\" \/> <col width=\"305\" \/> <col width=\"305\" \/> <col width=\"305\" \/> <col width=\"305\" \/> <col width=\"305\" \/> <col width=\"305\" \/> <col width=\"305\" \/><\/colgroup><tbody><tr><td><strong>Modelo<\/strong><\/td><td><strong>d<\/strong><\/td><td><strong>b<\/strong><\/td><td><strong>t<\/strong><\/td><td><strong>D1<\/strong><\/td><td><strong>n-M<\/strong><\/td><td><strong>A<\/strong><\/td><td><strong>B<\/strong><\/td><td><strong>D<\/strong><\/td><td><strong>E<\/strong><\/td><td><strong>\u03a6<\/strong><\/td><td><strong>H<\/strong><\/td><td><strong>h<\/strong><\/td><td><strong>H<\/strong><\/td><td><strong>h<\/strong><\/td><td>\u00a0<\/td><td>\u00a0<\/td><td>\u00a0<\/td><td>\u00a0<\/td><td>\u00a0<\/td><\/tr><tr><td>MX07<\/td><td>15.9<\/td><td>5<\/td><td>18.2<\/td><td>50<\/td><td>4-M6<\/td><td>109<\/td><td>97<\/td><td>67<\/td><td>35<\/td><td>140<\/td><td>43.5<\/td><td>22.5<\/td><td>145<\/td><td>89<\/td><td>\u00a0<\/td><td>\u00a0<\/td><td>\u00a0<\/td><td>\u00a0<\/td><td>\u00a0<\/td><\/tr><tr><td>MX08<\/td><td>20<\/td><td>5<\/td><td>22.3<\/td><td>70<\/td><td>4-M8<\/td><td>140<\/td><td>115<\/td><td>80<\/td><td>41<\/td><td>200<\/td><td>52.5<\/td><td>30<\/td><td>151<\/td><td>92<\/td><td>\u00a0<\/td><td>\u00a0<\/td><td>\u00a0<\/td><td>\u00a0<\/td><td>\u00a0<\/td><\/tr><tr><td>MX10<\/td><td>25<\/td><td>8<\/td><td>28.3<\/td><td>102<\/td><td>4-M10<\/td><td>212<\/td><td>151<\/td><td>105<\/td><td>56<\/td><td>260<\/td><td>59.5<\/td><td>34<\/td><td>166<\/td><td>100<\/td><td>\u00a0<\/td><td>\u00a0<\/td><td>\u00a0<\/td><td>\u00a0<\/td><td>\u00a0<\/td><\/tr><tr><td>MX12<\/td><td>30<\/td><td>8<\/td><td>33.3<\/td><td>125<\/td><td>4-M12<\/td><td>242<\/td><td>184<\/td><td>134<\/td><td>70<\/td><td>300<\/td><td>68.5<\/td><td>38<\/td><td>166<\/td><td>100<\/td><td>\u00a0<\/td><td>\u00a0<\/td><td>\u00a0<\/td><td>\u00a0<\/td><td>\u00a0<\/td><\/tr><tr><td>MX14<\/td><td>35<\/td><td>10<\/td><td>38.3<\/td><td>140<\/td><td>4-M16<\/td><td>287<\/td><td>221<\/td><td>182<\/td><td>92.5<\/td><td>400<\/td><td>77<\/td><td>45<\/td><td>220<\/td><td>118<\/td><td>\u00a0<\/td><td>\u00a0<\/td><td>\u00a0<\/td><td>\u00a0<\/td><td>\u00a0<\/td><\/tr><tr><td>MX15<\/td><td>40<\/td><td>12<\/td><td>43.3<\/td><td>165<\/td><td>4-M20<\/td><td>302<\/td><td>252<\/td><td>210<\/td><td>105<\/td><td>500<\/td><td>98.5<\/td><td>66<\/td><td>240<\/td><td>130<\/td><td>\u00a0<\/td><td>\u00a0<\/td><td>\u00a0<\/td><td>\u00a0<\/td><td>\u00a0<\/td><\/tr><tr><td>MX16<\/td><td>55<\/td><td>16<\/td><td>59.3<\/td><td>254<\/td><td>8-M16<\/td><td>325<\/td><td>330<\/td><td>300<\/td><td>130<\/td><td>500<\/td><td>98.5<\/td><td>56<\/td><td>273<\/td><td>147<\/td><td>\u00a0<\/td><td>\u00a0<\/td><td>\u00a0<\/td><td>\u00a0<\/td><td>\u00a0<\/td><\/tr><\/tbody><\/table>\t\t\t\t\t\t\t\t<\/div>\n\t\t\t\t<\/div>\n\t\t\t\t\t<\/div>\n\t\t\t\t<\/div>\n\t\t\t\t<\/div>","protected":false},"excerpt":{"rendered":"<ul>\n<li><strong>Compacto y ligero<\/strong>: Presenta un volumen reducido y un peso ligero para facilitar su manejo e instalaci\u00f3n.<\/li>\n<li><strong>Estructura razonable<\/strong>: Dise\u00f1ado con una estructura racional para un rendimiento fiable.<\/li>\n<li><strong>Alto par de salida<\/strong>: Proporciona un gran par de salida para un funcionamiento potente.<\/li>\n<li><strong>Autocierre fiable<\/strong>: Garantiza un cierre autom\u00e1tico seguro y fiable.<\/li>\n<li><strong>Ideal para v\u00e1lvulas con rotaci\u00f3n de 90<\/strong>: Adecuado para el control de v\u00e1lvulas de mariposa, v\u00e1lvulas de bola, v\u00e1lvulas de macho y otras v\u00e1lvulas con rotaci\u00f3n de 90\u00b0.<\/li>\n<\/ul>","protected":false},"featured_media":16205,"comment_status":"open","ping_status":"closed","template":"","meta":[],"product_brand":[],"product_cat":[105],"product_tag":[],"class_list":{"0":"post-16204","1":"product","2":"type-product","3":"status-publish","4":"has-post-thumbnail","6":"product_cat-quarter-turn-gearboxes","8":"first","9":"instock","10":"shipping-taxable","11":"product-type-simple"},"yoast_head":"<!-- This site is optimized with the Yoast SEO plugin v27.4 - https:\/\/yoast.com\/product\/yoast-seo-wordpress\/ -->\n<title>MX Single-Stage Gearbox - sne-gears.com<\/title>\n<meta name=\"robots\" content=\"index, follow, max-snippet:-1, max-image-preview:large, max-video-preview:-1\" \/>\n<link rel=\"canonical\" href=\"https:\/\/sne-gears.com\/es\/producto\/mx-single-stage-gearbox\/\" \/>\n<meta property=\"og:locale\" content=\"es_ES\" \/>\n<meta property=\"og:type\" content=\"article\" \/>\n<meta property=\"og:title\" content=\"MX Single-Stage Gearbox - sne-gears.com\" \/>\n<meta property=\"og:description\" content=\"Compact &amp; Lightweight: Features a small volume and light weight for easy handling and installation.  Reasonable Structure: Engineered with a rational structure for reliable performance.  High Output Torque: Delivers large output torque for powerful operation.  Reliable Self-Locking: Ensures secure and dependable self-locking.  Ideal for 90\u00b0 Rotation Valves: Suitable for the control of butterfly valves, ball valves, plug valves, and other valves with 90\u00b0 rotation.\" \/>\n<meta property=\"og:url\" content=\"https:\/\/sne-gears.com\/es\/producto\/mx-single-stage-gearbox\/\" \/>\n<meta property=\"og:site_name\" content=\"sne-gears.com\" \/>\n<meta property=\"article:modified_time\" content=\"2024-08-15T01:58:13+00:00\" \/>\n<meta property=\"og:image\" content=\"https:\/\/sne-gears.com\/wp-content\/uploads\/2024\/07\/1720530201064-1200x800.png\" \/>\n\t<meta property=\"og:image:width\" content=\"1200\" \/>\n\t<meta property=\"og:image:height\" content=\"800\" \/>\n\t<meta property=\"og:image:type\" content=\"image\/png\" \/>\n<meta name=\"twitter:card\" content=\"summary_large_image\" \/>\n<meta name=\"twitter:label1\" content=\"Tiempo de lectura\" \/>\n\t<meta name=\"twitter:data1\" content=\"2 minutos\" \/>\n<script type=\"application\/ld+json\" class=\"yoast-schema-graph\">{\"@context\":\"https:\\\/\\\/schema.org\",\"@graph\":[{\"@type\":\"WebPage\",\"@id\":\"https:\\\/\\\/sne-gears.com\\\/product\\\/mx-single-stage-gearbox\\\/\",\"url\":\"https:\\\/\\\/sne-gears.com\\\/product\\\/mx-single-stage-gearbox\\\/\",\"name\":\"MX Single-Stage Gearbox - sne-gears.com\",\"isPartOf\":{\"@id\":\"https:\\\/\\\/sne-gears.com\\\/#website\"},\"primaryImageOfPage\":{\"@id\":\"https:\\\/\\\/sne-gears.com\\\/product\\\/mx-single-stage-gearbox\\\/#primaryimage\"},\"image\":{\"@id\":\"https:\\\/\\\/sne-gears.com\\\/product\\\/mx-single-stage-gearbox\\\/#primaryimage\"},\"thumbnailUrl\":\"https:\\\/\\\/sne-gears.com\\\/wp-content\\\/uploads\\\/2024\\\/07\\\/1720530201064.png\",\"datePublished\":\"2024-07-09T13:05:48+00:00\",\"dateModified\":\"2024-08-15T01:58:13+00:00\",\"breadcrumb\":{\"@id\":\"https:\\\/\\\/sne-gears.com\\\/product\\\/mx-single-stage-gearbox\\\/#breadcrumb\"},\"inLanguage\":\"es\",\"potentialAction\":[{\"@type\":\"ReadAction\",\"target\":[\"https:\\\/\\\/sne-gears.com\\\/product\\\/mx-single-stage-gearbox\\\/\"]}]},{\"@type\":\"ImageObject\",\"inLanguage\":\"es\",\"@id\":\"https:\\\/\\\/sne-gears.com\\\/product\\\/mx-single-stage-gearbox\\\/#primaryimage\",\"url\":\"https:\\\/\\\/sne-gears.com\\\/wp-content\\\/uploads\\\/2024\\\/07\\\/1720530201064.png\",\"contentUrl\":\"https:\\\/\\\/sne-gears.com\\\/wp-content\\\/uploads\\\/2024\\\/07\\\/1720530201064.png\",\"width\":5471,\"height\":3647},{\"@type\":\"BreadcrumbList\",\"@id\":\"https:\\\/\\\/sne-gears.com\\\/product\\\/mx-single-stage-gearbox\\\/#breadcrumb\",\"itemListElement\":[{\"@type\":\"ListItem\",\"position\":1,\"name\":\"Home\",\"item\":\"https:\\\/\\\/sne-gears.com\\\/\"},{\"@type\":\"ListItem\",\"position\":2,\"name\":\"Shop\",\"item\":\"https:\\\/\\\/sne-gears.com\\\/shop\\\/\"},{\"@type\":\"ListItem\",\"position\":3,\"name\":\"MX Single-Stage Gearbox\"}]},{\"@type\":\"WebSite\",\"@id\":\"https:\\\/\\\/sne-gears.com\\\/#website\",\"url\":\"https:\\\/\\\/sne-gears.com\\\/\",\"name\":\"sne-gears.com\",\"description\":\"\",\"potentialAction\":[{\"@type\":\"SearchAction\",\"target\":{\"@type\":\"EntryPoint\",\"urlTemplate\":\"https:\\\/\\\/sne-gears.com\\\/?s={search_term_string}\"},\"query-input\":{\"@type\":\"PropertyValueSpecification\",\"valueRequired\":true,\"valueName\":\"search_term_string\"}}],\"inLanguage\":\"es\"}]}<\/script>\n<!-- \/ Yoast SEO plugin. -->","yoast_head_json":{"title":"MX Single-Stage Gearbox - sne-gears.com","robots":{"index":"index","follow":"follow","max-snippet":"max-snippet:-1","max-image-preview":"max-image-preview:large","max-video-preview":"max-video-preview:-1"},"canonical":"https:\/\/sne-gears.com\/es\/producto\/mx-single-stage-gearbox\/","og_locale":"es_ES","og_type":"article","og_title":"MX Single-Stage Gearbox - sne-gears.com","og_description":"Compact &amp; Lightweight: Features a small volume and light weight for easy handling and installation.  Reasonable Structure: Engineered with a rational structure for reliable performance.  High Output Torque: Delivers large output torque for powerful operation.  Reliable Self-Locking: Ensures secure and dependable self-locking.  Ideal for 90\u00b0 Rotation Valves: Suitable for the control of butterfly valves, ball valves, plug valves, and other valves with 90\u00b0 rotation.","og_url":"https:\/\/sne-gears.com\/es\/producto\/mx-single-stage-gearbox\/","og_site_name":"sne-gears.com","article_modified_time":"2024-08-15T01:58:13+00:00","og_image":[{"width":1200,"height":800,"url":"https:\/\/sne-gears.com\/wp-content\/uploads\/2024\/07\/1720530201064-1200x800.png","type":"image\/png"}],"twitter_card":"summary_large_image","twitter_misc":{"Tiempo de lectura":"2 minutos"},"schema":{"@context":"https:\/\/schema.org","@graph":[{"@type":"WebPage","@id":"https:\/\/sne-gears.com\/product\/mx-single-stage-gearbox\/","url":"https:\/\/sne-gears.com\/product\/mx-single-stage-gearbox\/","name":"MX Single-Stage Gearbox - sne-gears.com","isPartOf":{"@id":"https:\/\/sne-gears.com\/#website"},"primaryImageOfPage":{"@id":"https:\/\/sne-gears.com\/product\/mx-single-stage-gearbox\/#primaryimage"},"image":{"@id":"https:\/\/sne-gears.com\/product\/mx-single-stage-gearbox\/#primaryimage"},"thumbnailUrl":"https:\/\/sne-gears.com\/wp-content\/uploads\/2024\/07\/1720530201064.png","datePublished":"2024-07-09T13:05:48+00:00","dateModified":"2024-08-15T01:58:13+00:00","breadcrumb":{"@id":"https:\/\/sne-gears.com\/product\/mx-single-stage-gearbox\/#breadcrumb"},"inLanguage":"es","potentialAction":[{"@type":"ReadAction","target":["https:\/\/sne-gears.com\/product\/mx-single-stage-gearbox\/"]}]},{"@type":"ImageObject","inLanguage":"es","@id":"https:\/\/sne-gears.com\/product\/mx-single-stage-gearbox\/#primaryimage","url":"https:\/\/sne-gears.com\/wp-content\/uploads\/2024\/07\/1720530201064.png","contentUrl":"https:\/\/sne-gears.com\/wp-content\/uploads\/2024\/07\/1720530201064.png","width":5471,"height":3647},{"@type":"BreadcrumbList","@id":"https:\/\/sne-gears.com\/product\/mx-single-stage-gearbox\/#breadcrumb","itemListElement":[{"@type":"ListItem","position":1,"name":"Home","item":"https:\/\/sne-gears.com\/"},{"@type":"ListItem","position":2,"name":"Shop","item":"https:\/\/sne-gears.com\/shop\/"},{"@type":"ListItem","position":3,"name":"MX Single-Stage Gearbox"}]},{"@type":"WebSite","@id":"https:\/\/sne-gears.com\/#website","url":"https:\/\/sne-gears.com\/","name":"sne-gears.com","description":"","potentialAction":[{"@type":"SearchAction","target":{"@type":"EntryPoint","urlTemplate":"https:\/\/sne-gears.com\/?s={search_term_string}"},"query-input":{"@type":"PropertyValueSpecification","valueRequired":true,"valueName":"search_term_string"}}],"inLanguage":"es"}]}},"_links":{"self":[{"href":"https:\/\/sne-gears.com\/es\/wp-json\/wp\/v2\/product\/16204","targetHints":{"allow":["GET"]}}],"collection":[{"href":"https:\/\/sne-gears.com\/es\/wp-json\/wp\/v2\/product"}],"about":[{"href":"https:\/\/sne-gears.com\/es\/wp-json\/wp\/v2\/types\/product"}],"replies":[{"embeddable":true,"href":"https:\/\/sne-gears.com\/es\/wp-json\/wp\/v2\/comments?post=16204"}],"version-history":[{"count":30,"href":"https:\/\/sne-gears.com\/es\/wp-json\/wp\/v2\/product\/16204\/revisions"}],"predecessor-version":[{"id":18003,"href":"https:\/\/sne-gears.com\/es\/wp-json\/wp\/v2\/product\/16204\/revisions\/18003"}],"wp:featuredmedia":[{"embeddable":true,"href":"https:\/\/sne-gears.com\/es\/wp-json\/wp\/v2\/media\/16205"}],"wp:attachment":[{"href":"https:\/\/sne-gears.com\/es\/wp-json\/wp\/v2\/media?parent=16204"}],"wp:term":[{"taxonomy":"product_brand","embeddable":true,"href":"https:\/\/sne-gears.com\/es\/wp-json\/wp\/v2\/product_brand?post=16204"},{"taxonomy":"product_cat","embeddable":true,"href":"https:\/\/sne-gears.com\/es\/wp-json\/wp\/v2\/product_cat?post=16204"},{"taxonomy":"product_tag","embeddable":true,"href":"https:\/\/sne-gears.com\/es\/wp-json\/wp\/v2\/product_tag?post=16204"}],"curies":[{"name":"wp","href":"https:\/\/api.w.org\/{rel}","templated":true}]}}