{"id":16217,"date":"2024-07-09T13:20:10","date_gmt":"2024-07-09T13:20:10","guid":{"rendered":"https:\/\/sne-gears.com\/?post_type=product&#038;p=16217"},"modified":"2024-08-15T02:09:28","modified_gmt":"2024-08-15T02:09:28","slug":"single-stage-drive-gearbox","status":"publish","type":"product","link":"https:\/\/sne-gears.com\/es\/producto\/single-stage-drive-gearbox\/","title":{"rendered":"Caja de cambios de una etapa"},"content":{"rendered":"<div data-elementor-type=\"wp-post\" data-elementor-id=\"16217\" class=\"elementor elementor-16217\">\n\t\t\t\t<div class=\"elementor-element elementor-element-03b699a e-flex e-con-boxed e-con e-parent\" data-id=\"03b699a\" data-element_type=\"container\" data-e-type=\"container\">\n\t\t\t\t\t<div class=\"e-con-inner\">\n\t\t\t\t<div class=\"elementor-element elementor-element-beac9f7 elementor-widget elementor-widget-image\" data-id=\"beac9f7\" data-element_type=\"widget\" data-e-type=\"widget\" data-widget_type=\"image.default\">\n\t\t\t\t<div class=\"elementor-widget-container\">\n\t\t\t\t\t\t\t\t\t\t\t\t\t\t\t<img fetchpriority=\"high\" decoding=\"async\" width=\"1536\" height=\"698\" src=\"data:image\/gif;base64,R0lGODlhAQABAIAAAAAAAP\/\/\/yH5BAEAAAAALAAAAAABAAEAAAIBRAA7\" data-src=\"https:\/\/sne-gears.com\/wp-content\/uploads\/2024\/07\/\u4e00\u7ea7\u4f20\u52a8\u88c5\u7f6e\u5c3a\u5bf8\u56fe-1536x698.jpeg\" class=\"attachment-1536x1536 size-1536x1536 wp-image-16936 lazyload\" alt=\"\" data-srcset=\"https:\/\/sne-gears.com\/wp-content\/uploads\/2024\/07\/\u4e00\u7ea7\u4f20\u52a8\u88c5\u7f6e\u5c3a\u5bf8\u56fe-1536x698.jpeg 1536w, https:\/\/sne-gears.com\/wp-content\/uploads\/2024\/07\/\u4e00\u7ea7\u4f20\u52a8\u88c5\u7f6e\u5c3a\u5bf8\u56fe-400x182.jpeg 400w, https:\/\/sne-gears.com\/wp-content\/uploads\/2024\/07\/\u4e00\u7ea7\u4f20\u52a8\u88c5\u7f6e\u5c3a\u5bf8\u56fe-1300x591.jpeg 1300w, https:\/\/sne-gears.com\/wp-content\/uploads\/2024\/07\/\u4e00\u7ea7\u4f20\u52a8\u88c5\u7f6e\u5c3a\u5bf8\u56fe-768x349.jpeg 768w, https:\/\/sne-gears.com\/wp-content\/uploads\/2024\/07\/\u4e00\u7ea7\u4f20\u52a8\u88c5\u7f6e\u5c3a\u5bf8\u56fe-18x8.jpeg 18w, https:\/\/sne-gears.com\/wp-content\/uploads\/2024\/07\/\u4e00\u7ea7\u4f20\u52a8\u88c5\u7f6e\u5c3a\u5bf8\u56fe-430x195.jpeg 430w, https:\/\/sne-gears.com\/wp-content\/uploads\/2024\/07\/\u4e00\u7ea7\u4f20\u52a8\u88c5\u7f6e\u5c3a\u5bf8\u56fe-700x318.jpeg 700w, https:\/\/sne-gears.com\/wp-content\/uploads\/2024\/07\/\u4e00\u7ea7\u4f20\u52a8\u88c5\u7f6e\u5c3a\u5bf8\u56fe-150x68.jpeg 150w, https:\/\/sne-gears.com\/wp-content\/uploads\/2024\/07\/\u4e00\u7ea7\u4f20\u52a8\u88c5\u7f6e\u5c3a\u5bf8\u56fe.jpeg 1575w\" sizes=\"(max-width: 1536px) 100vw, 1536px\" \/><noscript><img decoding=\"async\" width=\"1536\" height=\"698\" src=\"https:\/\/sne-gears.com\/wp-content\/uploads\/2024\/07\/\u4e00\u7ea7\u4f20\u52a8\u88c5\u7f6e\u5c3a\u5bf8\u56fe-1536x698.jpeg\" class=\"attachment-1536x1536 size-1536x1536 wp-image-16936 lazyload\" alt=\"\" srcset=\"https:\/\/sne-gears.com\/wp-content\/uploads\/2024\/07\/\u4e00\u7ea7\u4f20\u52a8\u88c5\u7f6e\u5c3a\u5bf8\u56fe-1536x698.jpeg 1536w, https:\/\/sne-gears.com\/wp-content\/uploads\/2024\/07\/\u4e00\u7ea7\u4f20\u52a8\u88c5\u7f6e\u5c3a\u5bf8\u56fe-400x182.jpeg 400w, https:\/\/sne-gears.com\/wp-content\/uploads\/2024\/07\/\u4e00\u7ea7\u4f20\u52a8\u88c5\u7f6e\u5c3a\u5bf8\u56fe-1300x591.jpeg 1300w, https:\/\/sne-gears.com\/wp-content\/uploads\/2024\/07\/\u4e00\u7ea7\u4f20\u52a8\u88c5\u7f6e\u5c3a\u5bf8\u56fe-768x349.jpeg 768w, https:\/\/sne-gears.com\/wp-content\/uploads\/2024\/07\/\u4e00\u7ea7\u4f20\u52a8\u88c5\u7f6e\u5c3a\u5bf8\u56fe-18x8.jpeg 18w, https:\/\/sne-gears.com\/wp-content\/uploads\/2024\/07\/\u4e00\u7ea7\u4f20\u52a8\u88c5\u7f6e\u5c3a\u5bf8\u56fe-430x195.jpeg 430w, https:\/\/sne-gears.com\/wp-content\/uploads\/2024\/07\/\u4e00\u7ea7\u4f20\u52a8\u88c5\u7f6e\u5c3a\u5bf8\u56fe-700x318.jpeg 700w, https:\/\/sne-gears.com\/wp-content\/uploads\/2024\/07\/\u4e00\u7ea7\u4f20\u52a8\u88c5\u7f6e\u5c3a\u5bf8\u56fe-150x68.jpeg 150w, https:\/\/sne-gears.com\/wp-content\/uploads\/2024\/07\/\u4e00\u7ea7\u4f20\u52a8\u88c5\u7f6e\u5c3a\u5bf8\u56fe.jpeg 1575w\" sizes=\"(max-width: 1536px) 100vw, 1536px\" \/><\/noscript>\t\t\t\t\t\t\t\t\t\t\t\t\t\t\t<\/div>\n\t\t\t\t<\/div>\n\t\t\t\t\t<\/div>\n\t\t\t\t<\/div>\n\t\t<div class=\"elementor-element elementor-element-bdf6d18 e-flex e-con-boxed e-con e-parent\" data-id=\"bdf6d18\" data-element_type=\"container\" data-e-type=\"container\">\n\t\t\t\t\t<div class=\"e-con-inner\">\n\t\t\t\t<div class=\"elementor-element elementor-element-80026cb elementor-widget elementor-widget-heading\" data-id=\"80026cb\" data-element_type=\"widget\" data-e-type=\"widget\" data-widget_type=\"heading.default\">\n\t\t\t\t<div class=\"elementor-widget-container\">\n\t\t\t\t\t<h2 class=\"elementor-heading-title elementor-size-default\">Tabla de dimensiones<\/h2>\t\t\t\t<\/div>\n\t\t\t\t<\/div>\n\t\t\t\t\t<\/div>\n\t\t\t\t<\/div>\n\t\t<div class=\"elementor-element elementor-element-99a6d0f e-flex e-con-boxed e-con e-parent\" data-id=\"99a6d0f\" data-element_type=\"container\" data-e-type=\"container\">\n\t\t\t\t\t<div class=\"e-con-inner\">\n\t\t\t\t<div class=\"elementor-element elementor-element-1ed0d00 color-scheme-inherit text-left elementor-widget elementor-widget-text-editor\" data-id=\"1ed0d00\" data-element_type=\"widget\" data-e-type=\"widget\" data-widget_type=\"text-editor.default\">\n\t\t\t\t<div class=\"elementor-widget-container\">\n\t\t\t\t\t\t\t\t\t<table dir=\"ltr\" cellspacing=\"0\" cellpadding=\"0\" data-sheets-root=\"1\" data-sheets-baot=\"1\"><colgroup> <col width=\"46\" \/> <col width=\"61\" \/> <col width=\"305\" \/> <col width=\"305\" \/> <col width=\"305\" \/> <col width=\"305\" \/> <col width=\"305\" \/> <col width=\"305\" \/> <col width=\"305\" \/> <col width=\"305\" \/> <col width=\"305\" \/> <col width=\"305\" \/> <col width=\"305\" \/> <col width=\"305\" \/> <col width=\"305\" \/> <col width=\"305\" \/> <col width=\"305\" \/> <col width=\"305\" \/> <col width=\"305\" \/> <col width=\"305\" \/><\/colgroup><tbody><tr><td>Modelo<\/td><td>A<\/td><td>B<\/td><td>C<\/td><td>D<\/td><td>E<\/td><td>H<\/td><td>\u03a6<\/td><td>h<\/td><td>E1<\/td><td>E1<\/td><td>\u00a0<\/td><td>\u00a0<\/td><td>\u00a0<\/td><td>\u00a0<\/td><td>\u00a0<\/td><td>\u00a0<\/td><td>\u00a0<\/td><td>\u00a0<\/td><td>\u00a0<\/td><\/tr><tr><td>3D-15<\/td><td>206<\/td><td>158<\/td><td>114<\/td><td>96<\/td><td>43.5<\/td><td>58<\/td><td>150<\/td><td>29<\/td><td>48<\/td><td>48<\/td><td>\u00a0<\/td><td>\u00a0<\/td><td>\u00a0<\/td><td>\u00a0<\/td><td>\u00a0<\/td><td>\u00a0<\/td><td>\u00a0<\/td><td>\u00a0<\/td><td>\u00a0<\/td><\/tr><tr><td>3D-50<\/td><td>311<\/td><td>240<\/td><td>167<\/td><td>142<\/td><td>63<\/td><td>70<\/td><td>300<\/td><td>35<\/td><td>71<\/td><td>71<\/td><td>\u00a0<\/td><td>\u00a0<\/td><td>\u00a0<\/td><td>\u00a0<\/td><td>\u00a0<\/td><td>\u00a0<\/td><td>\u00a0<\/td><td>\u00a0<\/td><td>\u00a0<\/td><\/tr><tr><td>3D-120<\/td><td>307<\/td><td>229<\/td><td>190<\/td><td>156<\/td><td>78<\/td><td>73<\/td><td>300<\/td><td>38<\/td><td>78<\/td><td>78<\/td><td>\u00a0<\/td><td>\u00a0<\/td><td>\u00a0<\/td><td>\u00a0<\/td><td>\u00a0<\/td><td>\u00a0<\/td><td>\u00a0<\/td><td>\u00a0<\/td><td>\u00a0<\/td><\/tr><tr><td>3D-250<\/td><td>418<\/td><td>288<\/td><td>290<\/td><td>260<\/td><td>120<\/td><td>110<\/td><td>380<\/td><td>58.5<\/td><td>130<\/td><td>130<\/td><td>\u00a0<\/td><td>\u00a0<\/td><td>\u00a0<\/td><td>\u00a0<\/td><td>\u00a0<\/td><td>\u00a0<\/td><td>\u00a0<\/td><td>\u00a0<\/td><td>\u00a0<\/td><\/tr><tr><td>3D-300<\/td><td>409<\/td><td>271<\/td><td>309<\/td><td>275<\/td><td>130<\/td><td>114<\/td><td>380<\/td><td>60.5<\/td><td>138<\/td><td>138<\/td><td>\u00a0<\/td><td>\u00a0<\/td><td>\u00a0<\/td><td>\u00a0<\/td><td>\u00a0<\/td><td>\u00a0<\/td><td>\u00a0<\/td><td>\u00a0<\/td><td>\u00a0<\/td><\/tr><\/tbody><\/table>\t\t\t\t\t\t\t\t<\/div>\n\t\t\t\t<\/div>\n\t\t\t\t\t<\/div>\n\t\t\t\t<\/div>\n\t\t<div class=\"elementor-element elementor-element-00e2b3f e-flex e-con-boxed e-con e-parent\" data-id=\"00e2b3f\" data-element_type=\"container\" data-e-type=\"container\">\n\t\t\t\t\t<div class=\"e-con-inner\">\n\t\t\t\t<div class=\"elementor-element elementor-element-11d5cb1 elementor-widget elementor-widget-heading\" data-id=\"11d5cb1\" data-element_type=\"widget\" data-e-type=\"widget\" data-widget_type=\"heading.default\">\n\t\t\t\t<div class=\"elementor-widget-container\">\n\t\t\t\t\t<h2 class=\"elementor-heading-title elementor-size-default\">Par\u00e1metros t\u00e9cnicos<\/h2>\t\t\t\t<\/div>\n\t\t\t\t<\/div>\n\t\t\t\t\t<\/div>\n\t\t\t\t<\/div>\n\t\t<div class=\"elementor-element elementor-element-6fb2531 e-flex e-con-boxed e-con e-parent\" data-id=\"6fb2531\" data-element_type=\"container\" data-e-type=\"container\">\n\t\t\t\t\t<div class=\"e-con-inner\">\n\t\t\t\t<div class=\"elementor-element elementor-element-8fb4287 color-scheme-inherit text-left elementor-widget elementor-widget-text-editor\" data-id=\"8fb4287\" data-element_type=\"widget\" data-e-type=\"widget\" data-widget_type=\"text-editor.default\">\n\t\t\t\t<div class=\"elementor-widget-container\">\n\t\t\t\t\t\t\t\t\t<table style=\"color: #333333; font-size: 16px;\"><tbody><tr><th>Modelo<\/th><th>Par (N-m)<\/th><th>Ratio<\/th><th>Entrada (N-m)<\/th><th>Peso (kg)<\/th><th>Observaciones<\/th><\/tr><tr><td>3D-15<\/td><td>170<\/td><td>24:1<\/td><td>30<\/td><td>3.2<\/td><td>\u00a0<\/td><\/tr><tr><td>3D-50<\/td><td>750<\/td><td>38:1<\/td><td>80<\/td><td>9.5<\/td><td>\u00a0<\/td><\/tr><tr><td>3D-120<\/td><td>1200<\/td><td>50:1<\/td><td>100<\/td><td>12<\/td><td>\u00a0<\/td><\/tr><tr><td>3D-250<\/td><td>2500<\/td><td>80:1<\/td><td>170<\/td><td>32<\/td><td>\u00a0<\/td><\/tr><tr><td>3D-300<\/td><td>3000<\/td><td>86:1<\/td><td>180<\/td><td>37<\/td><\/tr><\/tbody><\/table>\t\t\t\t\t\t\t\t<\/div>\n\t\t\t\t<\/div>\n\t\t\t\t\t<\/div>\n\t\t\t\t<\/div>\n\t\t<div class=\"elementor-element elementor-element-4da940f e-flex e-con-boxed e-con e-parent\" data-id=\"4da940f\" data-element_type=\"container\" data-e-type=\"container\">\n\t\t\t\t\t<div class=\"e-con-inner\">\n\t\t\t\t<div class=\"elementor-element elementor-element-b0ce21b elementor-widget elementor-widget-heading\" data-id=\"b0ce21b\" data-element_type=\"widget\" data-e-type=\"widget\" data-widget_type=\"heading.default\">\n\t\t\t\t<div class=\"elementor-widget-container\">\n\t\t\t\t\t<h2 class=\"elementor-heading-title elementor-size-default\">Tabla de dimensiones de conexi\u00f3n<\/h2>\t\t\t\t<\/div>\n\t\t\t\t<\/div>\n\t\t\t\t\t<\/div>\n\t\t\t\t<\/div>\n\t\t<div class=\"elementor-element elementor-element-7d4effdc e-flex e-con-boxed e-con e-parent\" data-id=\"7d4effdc\" data-element_type=\"container\" data-e-type=\"container\">\n\t\t\t\t\t<div class=\"e-con-inner\">\n\t\t\t\t<div class=\"elementor-element elementor-element-7781e9e7 color-scheme-inherit text-left elementor-widget elementor-widget-text-editor\" data-id=\"7781e9e7\" data-element_type=\"widget\" data-e-type=\"widget\" data-widget_type=\"text-editor.default\">\n\t\t\t\t<div class=\"elementor-widget-container\">\n\t\t\t\t\t\t\t\t\t<table dir=\"ltr\" border=\"1\" cellspacing=\"0\" cellpadding=\"0\" data-sheets-root=\"1\" data-sheets-baot=\"1\"><colgroup><col width=\"100\" \/><col width=\"100\" \/><col width=\"100\" \/><col width=\"100\" \/><col width=\"100\" \/><col width=\"100\" \/><col width=\"100\" \/><col width=\"100\" \/><\/colgroup><tbody><tr><td>Modelo<\/td><td>Abertura disponible de la v\u00e1lvula de mariposa (mm\/pulg.)<\/td><td>d (mm)<\/td><td>b (mm)<\/td><td>t (mm)<\/td><td>D1 (mm)<\/td><td>D2 (mm)<\/td><td>n-M<\/td><\/tr><tr><td>3D-15<\/td><td>M\u00e9trico: 50-80 \/ Brit\u00e1nico: 2\u2033-3\u2033.<\/td><td>12.7<\/td><td>3<\/td><td>14.1<\/td><td>92<\/td><td>57.15<\/td><td>4-M6<\/td><\/tr><tr><td>\u00a0<\/td><td>Sistema m\u00e9trico: 100 \/ Sistema brit\u00e1nico: 4\u2033.<\/td><td>15.9<\/td><td>5<\/td><td>18.2<\/td><td>92<\/td><td>70<\/td><td>4-M8<\/td><\/tr><tr><td>\u00a0<\/td><td>M\u00e9trico: 125-150 \/ Brit\u00e1nico: 5\u2033-6\u2033.<\/td><td>19.05<\/td><td>6<\/td><td>21.35<\/td><td>125<\/td><td>70<\/td><td>4-M8<\/td><\/tr><tr><td>3D-50<\/td><td>M\u00e9trico: 200 \/ Brit\u00e1nico: 8<\/td><td>22.2<\/td><td>8<\/td><td>24.5<\/td><td>125<\/td><td>88.9<\/td><td>4-M12<\/td><\/tr><tr><td>\u00a0<\/td><td>M\u00e9trico: 250 \/ Brit\u00e1nico: 10\u2033<\/td><td>28.6<\/td><td>8<\/td><td>31.8<\/td><td>200<\/td><td>125<\/td><td>4-M12<\/td><\/tr><tr><td>3D-120<\/td><td>M\u00e9trico: 300-350 \/ Brit\u00e1nico: 12\u2033-14\u2033.<\/td><td>31.8<\/td><td>9<\/td><td>35.1<\/td><td>140<\/td><td>108<\/td><td>4-M12<\/td><\/tr><tr><td>3D-250<\/td><td>M\u00e9trico: 400 \/ Brit\u00e1nico: 16\u2033<\/td><td>33.3<\/td><td>10<\/td><td>36.6<\/td><td>200<\/td><td>158.75<\/td><td>4-M18<\/td><\/tr><tr><td>\u00a0<\/td><td>M\u00e9trico: 450 \/ Brit\u00e1nico: 18\u2033<\/td><td>38.1<\/td><td>10<\/td><td>41.4<\/td><td>200<\/td><td>158.75<\/td><td>4-M18<\/td><\/tr><\/tbody><\/table>\t\t\t\t\t\t\t\t<\/div>\n\t\t\t\t<\/div>\n\t\t\t\t\t<\/div>\n\t\t\t\t<\/div>\n\t\t\t\t<\/div>","protected":false},"excerpt":{"rendered":"<ul>\n<li><strong>Engranaje de tornillo sin fin<\/strong>: Utiliza un conjunto de transmisi\u00f3n de engranaje y tornillo sin fin para un rendimiento eficiente.<\/li>\n<li><strong>Compacto y ligero<\/strong>: Sus reducidas dimensiones y peso ligero facilitan su manejo e instalaci\u00f3n.<\/li>\n<li><strong>Alto par de salida<\/strong>: Proporciona un gran par de salida para un funcionamiento robusto.<\/li>\n<li><strong>Estructura racional<\/strong>: Dise\u00f1ado con una estructura racional para mejorar la fiabilidad.<\/li>\n<li><strong>Capacidad de autosujeci\u00f3n fiable<\/strong>: Proporciona una capacidad de autosujeci\u00f3n fiable para garantizar un funcionamiento seguro.<\/li>\n<li><strong>Ideal para v\u00e1lvulas con rotaci\u00f3n de 90<\/strong>: Adecuado para controlar v\u00e1lvulas de mariposa, v\u00e1lvulas de bola, v\u00e1lvulas de macho, v\u00e1lvulas reguladoras y otras v\u00e1lvulas con giro de 90\u00b0.<\/li>\n<\/ul>","protected":false},"featured_media":16219,"comment_status":"open","ping_status":"closed","template":"","meta":[],"product_brand":[],"product_cat":[100,105],"product_tag":[],"class_list":{"0":"post-16217","1":"product","2":"type-product","3":"status-publish","4":"has-post-thumbnail","6":"product_cat-gearbox","7":"product_cat-quarter-turn-gearboxes","9":"first","10":"instock","11":"shipping-taxable","12":"product-type-simple"},"yoast_head":"<!-- This site is optimized with the Yoast SEO plugin v27.4 - https:\/\/yoast.com\/product\/yoast-seo-wordpress\/ -->\n<title>Single-Stage Drive Gearbox - sne-gears.com<\/title>\n<meta name=\"robots\" content=\"index, follow, max-snippet:-1, max-image-preview:large, max-video-preview:-1\" \/>\n<link rel=\"canonical\" href=\"https:\/\/sne-gears.com\/es\/producto\/single-stage-drive-gearbox\/\" \/>\n<meta property=\"og:locale\" content=\"es_ES\" \/>\n<meta property=\"og:type\" content=\"article\" \/>\n<meta property=\"og:title\" content=\"Single-Stage Drive Gearbox - sne-gears.com\" \/>\n<meta property=\"og:description\" content=\"Gear-Worm Drive Set: Utilizes a gear-worm drive set for efficient performance.  Compact &amp; Lightweight: Features a small size and light weight for easy handling and installation.  High Output Torque: Delivers large output torque for robust operation.  Rational Structure: Designed with a rational structure for enhanced reliability.  Reliable Self-Holding Capacity: Provides dependable self-holding capability to ensure secure operation.  Ideal for 90\u00b0 Rotation Valves: Suitable for controlling butterfly valves, ball valves, plug valves, regulating valves, and other valves with 90\u00b0 rotation.\" \/>\n<meta property=\"og:url\" content=\"https:\/\/sne-gears.com\/es\/producto\/single-stage-drive-gearbox\/\" \/>\n<meta property=\"og:site_name\" content=\"sne-gears.com\" \/>\n<meta property=\"article:modified_time\" content=\"2024-08-15T02:09:28+00:00\" \/>\n<meta property=\"og:image\" content=\"https:\/\/sne-gears.com\/wp-content\/uploads\/2024\/07\/1720531232821.png\" \/>\n\t<meta property=\"og:image:width\" content=\"711\" \/>\n\t<meta property=\"og:image:height\" content=\"424\" \/>\n\t<meta property=\"og:image:type\" content=\"image\/png\" \/>\n<meta name=\"twitter:card\" content=\"summary_large_image\" \/>\n<meta name=\"twitter:label1\" content=\"Tiempo de lectura\" \/>\n\t<meta name=\"twitter:data1\" content=\"2 minutos\" \/>\n<script type=\"application\/ld+json\" class=\"yoast-schema-graph\">{\"@context\":\"https:\\\/\\\/schema.org\",\"@graph\":[{\"@type\":\"WebPage\",\"@id\":\"https:\\\/\\\/sne-gears.com\\\/product\\\/single-stage-drive-gearbox\\\/\",\"url\":\"https:\\\/\\\/sne-gears.com\\\/product\\\/single-stage-drive-gearbox\\\/\",\"name\":\"Single-Stage Drive Gearbox - sne-gears.com\",\"isPartOf\":{\"@id\":\"https:\\\/\\\/sne-gears.com\\\/#website\"},\"primaryImageOfPage\":{\"@id\":\"https:\\\/\\\/sne-gears.com\\\/product\\\/single-stage-drive-gearbox\\\/#primaryimage\"},\"image\":{\"@id\":\"https:\\\/\\\/sne-gears.com\\\/product\\\/single-stage-drive-gearbox\\\/#primaryimage\"},\"thumbnailUrl\":\"https:\\\/\\\/sne-gears.com\\\/wp-content\\\/uploads\\\/2024\\\/07\\\/1720531232821.png\",\"datePublished\":\"2024-07-09T13:20:10+00:00\",\"dateModified\":\"2024-08-15T02:09:28+00:00\",\"breadcrumb\":{\"@id\":\"https:\\\/\\\/sne-gears.com\\\/product\\\/single-stage-drive-gearbox\\\/#breadcrumb\"},\"inLanguage\":\"es\",\"potentialAction\":[{\"@type\":\"ReadAction\",\"target\":[\"https:\\\/\\\/sne-gears.com\\\/product\\\/single-stage-drive-gearbox\\\/\"]}]},{\"@type\":\"ImageObject\",\"inLanguage\":\"es\",\"@id\":\"https:\\\/\\\/sne-gears.com\\\/product\\\/single-stage-drive-gearbox\\\/#primaryimage\",\"url\":\"https:\\\/\\\/sne-gears.com\\\/wp-content\\\/uploads\\\/2024\\\/07\\\/1720531232821.png\",\"contentUrl\":\"https:\\\/\\\/sne-gears.com\\\/wp-content\\\/uploads\\\/2024\\\/07\\\/1720531232821.png\",\"width\":711,\"height\":424},{\"@type\":\"BreadcrumbList\",\"@id\":\"https:\\\/\\\/sne-gears.com\\\/product\\\/single-stage-drive-gearbox\\\/#breadcrumb\",\"itemListElement\":[{\"@type\":\"ListItem\",\"position\":1,\"name\":\"Home\",\"item\":\"https:\\\/\\\/sne-gears.com\\\/\"},{\"@type\":\"ListItem\",\"position\":2,\"name\":\"Shop\",\"item\":\"https:\\\/\\\/sne-gears.com\\\/shop\\\/\"},{\"@type\":\"ListItem\",\"position\":3,\"name\":\"Single-Stage Drive Gearbox\"}]},{\"@type\":\"WebSite\",\"@id\":\"https:\\\/\\\/sne-gears.com\\\/#website\",\"url\":\"https:\\\/\\\/sne-gears.com\\\/\",\"name\":\"sne-gears.com\",\"description\":\"\",\"potentialAction\":[{\"@type\":\"SearchAction\",\"target\":{\"@type\":\"EntryPoint\",\"urlTemplate\":\"https:\\\/\\\/sne-gears.com\\\/?s={search_term_string}\"},\"query-input\":{\"@type\":\"PropertyValueSpecification\",\"valueRequired\":true,\"valueName\":\"search_term_string\"}}],\"inLanguage\":\"es\"}]}<\/script>\n<!-- \/ Yoast SEO plugin. -->","yoast_head_json":{"title":"Single-Stage Drive Gearbox - sne-gears.com","robots":{"index":"index","follow":"follow","max-snippet":"max-snippet:-1","max-image-preview":"max-image-preview:large","max-video-preview":"max-video-preview:-1"},"canonical":"https:\/\/sne-gears.com\/es\/producto\/single-stage-drive-gearbox\/","og_locale":"es_ES","og_type":"article","og_title":"Single-Stage Drive Gearbox - sne-gears.com","og_description":"Gear-Worm Drive Set: Utilizes a gear-worm drive set for efficient performance.  Compact &amp; Lightweight: Features a small size and light weight for easy handling and installation.  High Output Torque: Delivers large output torque for robust operation.  Rational Structure: Designed with a rational structure for enhanced reliability.  Reliable Self-Holding Capacity: Provides dependable self-holding capability to ensure secure operation.  Ideal for 90\u00b0 Rotation Valves: Suitable for controlling butterfly valves, ball valves, plug valves, regulating valves, and other valves with 90\u00b0 rotation.","og_url":"https:\/\/sne-gears.com\/es\/producto\/single-stage-drive-gearbox\/","og_site_name":"sne-gears.com","article_modified_time":"2024-08-15T02:09:28+00:00","og_image":[{"width":711,"height":424,"url":"https:\/\/sne-gears.com\/wp-content\/uploads\/2024\/07\/1720531232821.png","type":"image\/png"}],"twitter_card":"summary_large_image","twitter_misc":{"Tiempo de lectura":"2 minutos"},"schema":{"@context":"https:\/\/schema.org","@graph":[{"@type":"WebPage","@id":"https:\/\/sne-gears.com\/product\/single-stage-drive-gearbox\/","url":"https:\/\/sne-gears.com\/product\/single-stage-drive-gearbox\/","name":"Single-Stage Drive Gearbox - sne-gears.com","isPartOf":{"@id":"https:\/\/sne-gears.com\/#website"},"primaryImageOfPage":{"@id":"https:\/\/sne-gears.com\/product\/single-stage-drive-gearbox\/#primaryimage"},"image":{"@id":"https:\/\/sne-gears.com\/product\/single-stage-drive-gearbox\/#primaryimage"},"thumbnailUrl":"https:\/\/sne-gears.com\/wp-content\/uploads\/2024\/07\/1720531232821.png","datePublished":"2024-07-09T13:20:10+00:00","dateModified":"2024-08-15T02:09:28+00:00","breadcrumb":{"@id":"https:\/\/sne-gears.com\/product\/single-stage-drive-gearbox\/#breadcrumb"},"inLanguage":"es","potentialAction":[{"@type":"ReadAction","target":["https:\/\/sne-gears.com\/product\/single-stage-drive-gearbox\/"]}]},{"@type":"ImageObject","inLanguage":"es","@id":"https:\/\/sne-gears.com\/product\/single-stage-drive-gearbox\/#primaryimage","url":"https:\/\/sne-gears.com\/wp-content\/uploads\/2024\/07\/1720531232821.png","contentUrl":"https:\/\/sne-gears.com\/wp-content\/uploads\/2024\/07\/1720531232821.png","width":711,"height":424},{"@type":"BreadcrumbList","@id":"https:\/\/sne-gears.com\/product\/single-stage-drive-gearbox\/#breadcrumb","itemListElement":[{"@type":"ListItem","position":1,"name":"Home","item":"https:\/\/sne-gears.com\/"},{"@type":"ListItem","position":2,"name":"Shop","item":"https:\/\/sne-gears.com\/shop\/"},{"@type":"ListItem","position":3,"name":"Single-Stage Drive Gearbox"}]},{"@type":"WebSite","@id":"https:\/\/sne-gears.com\/#website","url":"https:\/\/sne-gears.com\/","name":"sne-gears.com","description":"","potentialAction":[{"@type":"SearchAction","target":{"@type":"EntryPoint","urlTemplate":"https:\/\/sne-gears.com\/?s={search_term_string}"},"query-input":{"@type":"PropertyValueSpecification","valueRequired":true,"valueName":"search_term_string"}}],"inLanguage":"es"}]}},"_links":{"self":[{"href":"https:\/\/sne-gears.com\/es\/wp-json\/wp\/v2\/product\/16217","targetHints":{"allow":["GET"]}}],"collection":[{"href":"https:\/\/sne-gears.com\/es\/wp-json\/wp\/v2\/product"}],"about":[{"href":"https:\/\/sne-gears.com\/es\/wp-json\/wp\/v2\/types\/product"}],"replies":[{"embeddable":true,"href":"https:\/\/sne-gears.com\/es\/wp-json\/wp\/v2\/comments?post=16217"}],"version-history":[{"count":65,"href":"https:\/\/sne-gears.com\/es\/wp-json\/wp\/v2\/product\/16217\/revisions"}],"predecessor-version":[{"id":18016,"href":"https:\/\/sne-gears.com\/es\/wp-json\/wp\/v2\/product\/16217\/revisions\/18016"}],"wp:featuredmedia":[{"embeddable":true,"href":"https:\/\/sne-gears.com\/es\/wp-json\/wp\/v2\/media\/16219"}],"wp:attachment":[{"href":"https:\/\/sne-gears.com\/es\/wp-json\/wp\/v2\/media?parent=16217"}],"wp:term":[{"taxonomy":"product_brand","embeddable":true,"href":"https:\/\/sne-gears.com\/es\/wp-json\/wp\/v2\/product_brand?post=16217"},{"taxonomy":"product_cat","embeddable":true,"href":"https:\/\/sne-gears.com\/es\/wp-json\/wp\/v2\/product_cat?post=16217"},{"taxonomy":"product_tag","embeddable":true,"href":"https:\/\/sne-gears.com\/es\/wp-json\/wp\/v2\/product_tag?post=16217"}],"curies":[{"name":"wp","href":"https:\/\/api.w.org\/{rel}","templated":true}]}}