{"id":16235,"date":"2024-07-09T13:46:05","date_gmt":"2024-07-09T13:46:05","guid":{"rendered":"https:\/\/sne-gears.com\/?post_type=product&#038;p=16235"},"modified":"2024-08-15T01:56:11","modified_gmt":"2024-08-15T01:56:11","slug":"mgj-series-gearbox-with-bearings","status":"publish","type":"product","link":"https:\/\/sne-gears.com\/es\/producto\/mgj-series-gearbox-with-bearings\/","title":{"rendered":"Caja de cambios de la serie MGJ con rodamientos"},"content":{"rendered":"<div data-elementor-type=\"wp-post\" data-elementor-id=\"16235\" class=\"elementor elementor-16235\">\n\t\t\t\t<div class=\"elementor-element elementor-element-0014223 e-flex e-con-boxed e-con e-parent\" data-id=\"0014223\" data-element_type=\"container\" data-e-type=\"container\">\n\t\t\t\t\t<div class=\"e-con-inner\">\n\t\t\t\t<div class=\"elementor-element elementor-element-3e2aaed color-scheme-inherit text-left elementor-widget elementor-widget-text-editor\" data-id=\"3e2aaed\" data-element_type=\"widget\" data-e-type=\"widget\" data-widget_type=\"text-editor.default\">\n\t\t\t\t<div class=\"elementor-widget-container\">\n\t\t\t\t\t\t\t\t\t<p>En el producto se utiliza el juego de tornillo sin fin. Fuerte en la salida para instalar el cojinete en ambos extremos del gusano. El producto es caracterizado por tama\u00f1o peque\u00f1o, esfuerzo de torsi\u00f3n grande de la salida, estructura racional, f\u00e1cil actuar y tener confiablemente capacidad del uno mismo-guante, conveniente controlar la v\u00e1lvula de mariposa del rotay 90\u00b0, la v\u00e1lvula del grifo, el etc.<\/p>\t\t\t\t\t\t\t\t<\/div>\n\t\t\t\t<\/div>\n\t\t\t\t\t<\/div>\n\t\t\t\t<\/div>\n\t\t<div class=\"elementor-element elementor-element-b87debc e-flex e-con-boxed e-con e-parent\" data-id=\"b87debc\" data-element_type=\"container\" data-e-type=\"container\">\n\t\t\t\t\t<div class=\"e-con-inner\">\n\t\t\t\t<div class=\"elementor-element elementor-element-f5a5462 elementor-widget elementor-widget-image\" data-id=\"f5a5462\" data-element_type=\"widget\" data-e-type=\"widget\" data-widget_type=\"image.default\">\n\t\t\t\t<div class=\"elementor-widget-container\">\n\t\t\t\t\t\t\t\t\t\t\t\t\t\t\t<img fetchpriority=\"high\" decoding=\"async\" width=\"1004\" height=\"589\" src=\"data:image\/gif;base64,R0lGODlhAQABAIAAAAAAAP\/\/\/yH5BAEAAAAALAAAAAABAAEAAAIBRAA7\" data-src=\"https:\/\/sne-gears.com\/wp-content\/uploads\/2024\/07\/1723302785693.png\" class=\"attachment-2048x2048 size-2048x2048 wp-image-17613 lazyload\" alt=\"\" data-srcset=\"https:\/\/sne-gears.com\/wp-content\/uploads\/2024\/07\/1723302785693.png 1004w, https:\/\/sne-gears.com\/wp-content\/uploads\/2024\/07\/1723302785693-400x235.png 400w, https:\/\/sne-gears.com\/wp-content\/uploads\/2024\/07\/1723302785693-768x451.png 768w, https:\/\/sne-gears.com\/wp-content\/uploads\/2024\/07\/1723302785693-18x12.png 18w, https:\/\/sne-gears.com\/wp-content\/uploads\/2024\/07\/1723302785693-430x252.png 430w, https:\/\/sne-gears.com\/wp-content\/uploads\/2024\/07\/1723302785693-700x411.png 700w, https:\/\/sne-gears.com\/wp-content\/uploads\/2024\/07\/1723302785693-150x88.png 150w\" sizes=\"(max-width: 1004px) 100vw, 1004px\" \/><noscript><img decoding=\"async\" width=\"1004\" height=\"589\" src=\"https:\/\/sne-gears.com\/wp-content\/uploads\/2024\/07\/1723302785693.png\" class=\"attachment-2048x2048 size-2048x2048 wp-image-17613 lazyload\" alt=\"\" srcset=\"https:\/\/sne-gears.com\/wp-content\/uploads\/2024\/07\/1723302785693.png 1004w, https:\/\/sne-gears.com\/wp-content\/uploads\/2024\/07\/1723302785693-400x235.png 400w, https:\/\/sne-gears.com\/wp-content\/uploads\/2024\/07\/1723302785693-768x451.png 768w, https:\/\/sne-gears.com\/wp-content\/uploads\/2024\/07\/1723302785693-18x12.png 18w, https:\/\/sne-gears.com\/wp-content\/uploads\/2024\/07\/1723302785693-430x252.png 430w, https:\/\/sne-gears.com\/wp-content\/uploads\/2024\/07\/1723302785693-700x411.png 700w, https:\/\/sne-gears.com\/wp-content\/uploads\/2024\/07\/1723302785693-150x88.png 150w\" sizes=\"(max-width: 1004px) 100vw, 1004px\" \/><\/noscript>\t\t\t\t\t\t\t\t\t\t\t\t\t\t\t<\/div>\n\t\t\t\t<\/div>\n\t\t\t\t\t<\/div>\n\t\t\t\t<\/div>\n\t\t<div class=\"elementor-element elementor-element-c57d658 e-flex e-con-boxed e-con e-parent\" data-id=\"c57d658\" data-element_type=\"container\" data-e-type=\"container\">\n\t\t\t\t\t<div class=\"e-con-inner\">\n\t\t\t\t<div class=\"elementor-element elementor-element-55c0520 elementor-widget elementor-widget-image\" data-id=\"55c0520\" data-element_type=\"widget\" data-e-type=\"widget\" data-widget_type=\"image.default\">\n\t\t\t\t<div class=\"elementor-widget-container\">\n\t\t\t\t\t\t\t\t\t\t\t\t\t\t\t<img decoding=\"async\" width=\"954\" height=\"437\" src=\"data:image\/gif;base64,R0lGODlhAQABAIAAAAAAAP\/\/\/yH5BAEAAAAALAAAAAABAAEAAAIBRAA7\" data-src=\"https:\/\/sne-gears.com\/wp-content\/uploads\/2024\/07\/1723302818872.png\" class=\"attachment-large size-large wp-image-17614 lazyload\" alt=\"\" data-srcset=\"https:\/\/sne-gears.com\/wp-content\/uploads\/2024\/07\/1723302818872.png 954w, https:\/\/sne-gears.com\/wp-content\/uploads\/2024\/07\/1723302818872-400x183.png 400w, https:\/\/sne-gears.com\/wp-content\/uploads\/2024\/07\/1723302818872-768x352.png 768w, https:\/\/sne-gears.com\/wp-content\/uploads\/2024\/07\/1723302818872-18x8.png 18w, https:\/\/sne-gears.com\/wp-content\/uploads\/2024\/07\/1723302818872-430x197.png 430w, https:\/\/sne-gears.com\/wp-content\/uploads\/2024\/07\/1723302818872-700x321.png 700w, https:\/\/sne-gears.com\/wp-content\/uploads\/2024\/07\/1723302818872-150x69.png 150w\" sizes=\"(max-width: 954px) 100vw, 954px\" \/><noscript><img loading=\"lazy\" decoding=\"async\" width=\"954\" height=\"437\" src=\"https:\/\/sne-gears.com\/wp-content\/uploads\/2024\/07\/1723302818872.png\" class=\"attachment-large size-large wp-image-17614 lazyload\" alt=\"\" srcset=\"https:\/\/sne-gears.com\/wp-content\/uploads\/2024\/07\/1723302818872.png 954w, https:\/\/sne-gears.com\/wp-content\/uploads\/2024\/07\/1723302818872-400x183.png 400w, https:\/\/sne-gears.com\/wp-content\/uploads\/2024\/07\/1723302818872-768x352.png 768w, https:\/\/sne-gears.com\/wp-content\/uploads\/2024\/07\/1723302818872-18x8.png 18w, https:\/\/sne-gears.com\/wp-content\/uploads\/2024\/07\/1723302818872-430x197.png 430w, https:\/\/sne-gears.com\/wp-content\/uploads\/2024\/07\/1723302818872-700x321.png 700w, https:\/\/sne-gears.com\/wp-content\/uploads\/2024\/07\/1723302818872-150x69.png 150w\" sizes=\"(max-width: 954px) 100vw, 954px\" \/><\/noscript>\t\t\t\t\t\t\t\t\t\t\t\t\t\t\t<\/div>\n\t\t\t\t<\/div>\n\t\t\t\t\t<\/div>\n\t\t\t\t<\/div>\n\t\t<div class=\"elementor-element elementor-element-73f80bd e-flex e-con-boxed e-con e-parent\" data-id=\"73f80bd\" data-element_type=\"container\" data-e-type=\"container\">\n\t\t\t\t\t<div class=\"e-con-inner\">\n\t\t\t\t<div class=\"elementor-element elementor-element-783404a color-scheme-inherit text-left elementor-widget elementor-widget-text-editor\" data-id=\"783404a\" data-element_type=\"widget\" data-e-type=\"widget\" data-widget_type=\"text-editor.default\">\n\t\t\t\t<div class=\"elementor-widget-container\">\n\t\t\t\t\t\t\t\t\t<h2>Tabla de dimensiones exteriores<\/h2>\t\t\t\t\t\t\t\t<\/div>\n\t\t\t\t<\/div>\n\t\t\t\t\t<\/div>\n\t\t\t\t<\/div>\n\t\t<div class=\"elementor-element elementor-element-3dc2ecb e-flex e-con-boxed e-con e-parent\" data-id=\"3dc2ecb\" data-element_type=\"container\" data-e-type=\"container\">\n\t\t\t\t\t<div class=\"e-con-inner\">\n\t\t\t\t<div class=\"elementor-element elementor-element-66d26cf7 color-scheme-inherit text-left elementor-widget elementor-widget-text-editor\" data-id=\"66d26cf7\" data-element_type=\"widget\" data-e-type=\"widget\" data-widget_type=\"text-editor.default\">\n\t\t\t\t<div class=\"elementor-widget-container\">\n\t\t\t\t\t\t\t\t\t<table dir=\"ltr\" style=\"color: #333333; font-size: 16px;\" cellspacing=\"0\" cellpadding=\"0\" data-sheets-root=\"1\" data-sheets-baot=\"1\"><colgroup><col width=\"46\" \/><col width=\"61\" \/><col width=\"305\" \/><col width=\"305\" \/><col width=\"305\" \/><col width=\"305\" \/><col width=\"305\" \/><col width=\"305\" \/><col width=\"305\" \/><col width=\"305\" \/><col width=\"305\" \/><col width=\"305\" \/><col width=\"305\" \/><col width=\"305\" \/><col width=\"305\" \/><col width=\"305\" \/><col width=\"305\" \/><col width=\"305\" \/><col width=\"305\" \/><col width=\"305\" \/><\/colgroup><tbody><tr><td>Modelo<\/td><td>d (mm)<\/td><td>d_max (mm)<\/td><td>b (mm)<\/td><td>t (mm)<\/td><td>D (mm)<\/td><td>D1 (mm)<\/td><td>n-\u03a6d \u00d7 L (mm)<\/td><td>A (mm)<\/td><td>B (mm)<\/td><td>E (mm)<\/td><td>F (mm)<\/td><td>H (mm)<\/td><td>h (mm)<\/td><td>\u03a6 (mm)<\/td><td>Peso (kg)<\/td><td>\u00a0<\/td><td>\u00a0<\/td><td>\u00a0<\/td><td>\u00a0<\/td><\/tr><tr><td>MGJ22<\/td><td>15.9<\/td><td>20<\/td><td>5<\/td><td>18.2<\/td><td>100<\/td><td>70<\/td><td>4-M8 \u00d7 12<\/td><td>225<\/td><td>164<\/td><td>42.5<\/td><td>143<\/td><td>83<\/td><td>39<\/td><td>200<\/td><td>7.1<\/td><td>\u00a0<\/td><td>\u00a0<\/td><td>\u00a0<\/td><td>\u00a0<\/td><\/tr><tr><td>\u00a0<\/td><td>19.05<\/td><td>20<\/td><td>5<\/td><td>21.35<\/td><td>100<\/td><td>70<\/td><td>4-M8 \u00d7 12<\/td><td>225<\/td><td>164<\/td><td>42.5<\/td><td>143<\/td><td>83<\/td><td>39<\/td><td>200<\/td><td>7.1<\/td><td>\u00a0<\/td><td>\u00a0<\/td><td>\u00a0<\/td><td>\u00a0<\/td><\/tr><tr><td>MGJ30<\/td><td>22.2<\/td><td>30<\/td><td>5<\/td><td>24.5<\/td><td>160<\/td><td>102<\/td><td>4-M10 \u00d7 15<\/td><td>345<\/td><td>254<\/td><td>63<\/td><td>195<\/td><td>90<\/td><td>37.5<\/td><td>300<\/td><td>13.1<\/td><td>\u00a0<\/td><td>\u00a0<\/td><td>\u00a0<\/td><td>\u00a0<\/td><\/tr><tr><td>\u00a0<\/td><td>28.6<\/td><td>30<\/td><td>8<\/td><td>31.9<\/td><td>160<\/td><td>102<\/td><td>4-M10 \u00d7 15<\/td><td>345<\/td><td>254<\/td><td>63<\/td><td>195<\/td><td>90<\/td><td>37.5<\/td><td>300<\/td><td>13.1<\/td><td>\u00a0<\/td><td>\u00a0<\/td><td>\u00a0<\/td><td>\u00a0<\/td><\/tr><tr><td>MGJ50<\/td><td>31.8<\/td><td>45<\/td><td>8<\/td><td>35.1<\/td><td>180<\/td><td>125<\/td><td>4-M12 \u00d7 18<\/td><td>346<\/td><td>254<\/td><td>80<\/td><td>220<\/td><td>101<\/td><td>39<\/td><td>300<\/td><td>17.7<\/td><td>\u00a0<\/td><td>\u00a0<\/td><td>\u00a0<\/td><td>\u00a0<\/td><\/tr><tr><td>\u00a0<\/td><td>\u00a0<\/td><td>\u00a0<\/td><td>\u00a0<\/td><td>\u00a0<\/td><td>\u00a0<\/td><td>\u00a0<\/td><td>\u00a0<\/td><td>\u00a0<\/td><td>\u00a0<\/td><td>\u00a0<\/td><td>\u00a0<\/td><td>\u00a0<\/td><td>\u00a0<\/td><td>\u00a0<\/td><td>\u00a0<\/td><td>\u00a0<\/td><td>\u00a0<\/td><td>\u00a0<\/td><td>\u00a0<\/td><\/tr><tr><td>MGJ80<\/td><td>33.3<\/td><td>54<\/td><td>10<\/td><td>36.6<\/td><td>255<\/td><td>140<\/td><td>4-M16 \u00d7 25<\/td><td>467<\/td><td>342<\/td><td>120<\/td><td>288<\/td><td>116<\/td><td>54<\/td><td>400<\/td><td>38.3<\/td><td>\u00a0<\/td><td>\u00a0<\/td><td>\u00a0<\/td><td>\u00a0<\/td><\/tr><tr><td>\u00a0<\/td><td>38.1<\/td><td>54<\/td><td>10<\/td><td>41.5<\/td><td>255<\/td><td>165<\/td><td>4-M20 \u00d7 25<\/td><td>467<\/td><td>342<\/td><td>120<\/td><td>288<\/td><td>116<\/td><td>54<\/td><td>400<\/td><td>38.3<\/td><td>\u00a0<\/td><td>\u00a0<\/td><td>\u00a0<\/td><td>\u00a0<\/td><\/tr><tr><td>MGJ70<\/td><td>41.3<\/td><td>84<\/td><td>10<\/td><td>44.6<\/td><td>260<\/td><td>165<\/td><td>4-M20 \u00d7 25<\/td><td>558<\/td><td>428<\/td><td>126<\/td><td>304<\/td><td>120<\/td><td>52<\/td><td>700<\/td><td>45<\/td><td>\u00a0<\/td><td>\u00a0<\/td><td>\u00a0<\/td><td>\u00a0<\/td><\/tr><tr><td>\u00a0<\/td><td>50.8<\/td><td>16<\/td><td>16<\/td><td>55.1<\/td><td>260<\/td><td>165<\/td><td>4-M20 \u00d7 25<\/td><td>558<\/td><td>428<\/td><td>126<\/td><td>304<\/td><td>120<\/td><td>52<\/td><td>700<\/td><td>45<\/td><td>\u00a0<\/td><td>\u00a0<\/td><td>\u00a0<\/td><td>\u00a0<\/td><\/tr><\/tbody><\/table>\t\t\t\t\t\t\t\t<\/div>\n\t\t\t\t<\/div>\n\t\t\t\t\t<\/div>\n\t\t\t\t<\/div>\n\t\t<div class=\"elementor-element elementor-element-3e5083f e-flex e-con-boxed e-con e-parent\" data-id=\"3e5083f\" data-element_type=\"container\" data-e-type=\"container\">\n\t\t\t\t\t<div class=\"e-con-inner\">\n\t\t\t\t<div class=\"elementor-element elementor-element-049134f color-scheme-inherit text-left elementor-widget elementor-widget-text-editor\" data-id=\"049134f\" data-element_type=\"widget\" data-e-type=\"widget\" data-widget_type=\"text-editor.default\">\n\t\t\t\t<div class=\"elementor-widget-container\">\n\t\t\t\t\t\t\t\t\t<h2>Tabla de dimensiones de conexi\u00f3n<\/h2>\t\t\t\t\t\t\t\t<\/div>\n\t\t\t\t<\/div>\n\t\t\t\t\t<\/div>\n\t\t\t\t<\/div>\n\t\t<div class=\"elementor-element elementor-element-c3bf7ce e-flex e-con-boxed e-con e-parent\" data-id=\"c3bf7ce\" data-element_type=\"container\" data-e-type=\"container\">\n\t\t\t\t\t<div class=\"e-con-inner\">\n\t\t\t\t<div class=\"elementor-element elementor-element-0a94253 color-scheme-inherit text-left elementor-widget elementor-widget-text-editor\" data-id=\"0a94253\" data-element_type=\"widget\" data-e-type=\"widget\" data-widget_type=\"text-editor.default\">\n\t\t\t\t<div class=\"elementor-widget-container\">\n\t\t\t\t\t\t\t\t\t<table dir=\"ltr\" cellspacing=\"0\" cellpadding=\"0\" data-sheets-root=\"1\" data-sheets-baot=\"1\"><colgroup> <col width=\"46\" \/> <col width=\"61\" \/> <col width=\"305\" \/> <col width=\"305\" \/> <col width=\"305\" \/> <col width=\"305\" \/> <col width=\"305\" \/> <col width=\"305\" \/> <col width=\"305\" \/> <col width=\"305\" \/> <col width=\"305\" \/> <col width=\"305\" \/> <col width=\"305\" \/> <col width=\"305\" \/> <col width=\"305\" \/> <col width=\"305\" \/> <col width=\"305\" \/> <col width=\"305\" \/> <col width=\"305\" \/> <col width=\"305\" \/><\/colgroup><tbody><tr><td>Modelo<\/td><td>d<\/td><td>d m\u00e1ximo<\/td><td>b<\/td><td>t<\/td><td>D1<\/td><td>n-M\u00d7L<\/td><td>A<\/td><td>B<\/td><td>E<\/td><td>F<\/td><td>H<\/td><td>h<\/td><td>\u03a6<\/td><td>Peso (kg)<\/td><td>\u00a0<\/td><td>\u00a0<\/td><td>\u00a0<\/td><td>\u00a0<\/td><td>\u00a0<\/td><\/tr><tr><td>MGJ22<\/td><td>15.9<\/td><td>20<\/td><td>5<\/td><td>18.2<\/td><td>100<\/td><td>4-M8\u00d712<\/td><td>225<\/td><td>164<\/td><td>42.5<\/td><td>143<\/td><td>83<\/td><td>39<\/td><td>200<\/td><td>7.1<\/td><td>\u00a0<\/td><td>\u00a0<\/td><td>\u00a0<\/td><td>\u00a0<\/td><td>\u00a0<\/td><\/tr><tr><td>\u00a0<\/td><td>19.05<\/td><td>25<\/td><td>5<\/td><td>21.35<\/td><td>100<\/td><td>4-M10\u00d715<\/td><td>345<\/td><td>254<\/td><td>63<\/td><td>195<\/td><td>90<\/td><td>37.5<\/td><td>300<\/td><td>13.1<\/td><td>\u00a0<\/td><td>\u00a0<\/td><td>\u00a0<\/td><td>\u00a0<\/td><td>\u00a0<\/td><\/tr><tr><td>MGJ30<\/td><td>22.2<\/td><td>30<\/td><td>8<\/td><td>24.5<\/td><td>160<\/td><td>4-M10\u00d715<\/td><td>345<\/td><td>254<\/td><td>63<\/td><td>195<\/td><td>90<\/td><td>37.5<\/td><td>300<\/td><td>13.1<\/td><td>\u00a0<\/td><td>\u00a0<\/td><td>\u00a0<\/td><td>\u00a0<\/td><td>\u00a0<\/td><\/tr><tr><td>\u00a0<\/td><td>28.6<\/td><td>38<\/td><td>8<\/td><td>31.8<\/td><td>160<\/td><td>4-M12\u00d718<\/td><td>346<\/td><td>254<\/td><td>80<\/td><td>220<\/td><td>101<\/td><td>39<\/td><td>300<\/td><td>17.7<\/td><td>\u00a0<\/td><td>\u00a0<\/td><td>\u00a0<\/td><td>\u00a0<\/td><td>\u00a0<\/td><\/tr><tr><td>MGJ50<\/td><td>31.8<\/td><td>45<\/td><td>8<\/td><td>35.1<\/td><td>255<\/td><td>4-M16\u00d725<\/td><td>467<\/td><td>342<\/td><td>120<\/td><td>288<\/td><td>116<\/td><td>54<\/td><td>400<\/td><td>38.3<\/td><td>\u00a0<\/td><td>\u00a0<\/td><td>\u00a0<\/td><td>\u00a0<\/td><td>\u00a0<\/td><\/tr><tr><td>MGJ80<\/td><td>38.1<\/td><td>54<\/td><td>10<\/td><td>41.5<\/td><td>255<\/td><td>4-M20\u00d725<\/td><td>467<\/td><td>342<\/td><td>120<\/td><td>288<\/td><td>116<\/td><td>54<\/td><td>400<\/td><td>38.3<\/td><td>\u00a0<\/td><td>\u00a0<\/td><td>\u00a0<\/td><td>\u00a0<\/td><td>\u00a0<\/td><\/tr><tr><td>MGJ70<\/td><td>41.3<\/td><td>64<\/td><td>10<\/td><td>44.5<\/td><td>260<\/td><td>4-M20\u00d725<\/td><td>558<\/td><td>428<\/td><td>128<\/td><td>304<\/td><td>120<\/td><td>52<\/td><td>700<\/td><td>45<\/td><td>\u00a0<\/td><td>\u00a0<\/td><td>\u00a0<\/td><td>\u00a0<\/td><td>\u00a0<\/td><\/tr><tr><td>\u00a0<\/td><td>50.8<\/td><td>84<\/td><td>16<\/td><td>55.1<\/td><td>260<\/td><td>4-M20\u00d725<\/td><td>558<\/td><td>428<\/td><td>128<\/td><td>304<\/td><td>120<\/td><td>52<\/td><td>700<\/td><td>45<\/td><td>\u00a0<\/td><td>\u00a0<\/td><td>\u00a0<\/td><td>\u00a0<\/td><td>\u00a0<\/td><\/tr><\/tbody><\/table>\t\t\t\t\t\t\t\t<\/div>\n\t\t\t\t<\/div>\n\t\t\t\t\t<\/div>\n\t\t\t\t<\/div>\n\t\t\t\t<\/div>","protected":false},"excerpt":{"rendered":"<ul>\n<li><strong>Juego de tornillo sin fin<\/strong>: Utiliza un conjunto de transmisi\u00f3n de tornillo sin fin para un rendimiento eficiente.<\/li>\n<li><strong>Fuerte producci\u00f3n<\/strong>: Presenta un fuerte rendimiento gracias a la instalaci\u00f3n de cojinetes en ambos extremos del tornillo sinf\u00edn.<\/li>\n<li><strong>Tama\u00f1o compacto<\/strong>: Dise\u00f1ado con un tama\u00f1o reducido para facilitar su manejo e instalaci\u00f3n.<\/li>\n<li><strong>Alto par de salida<\/strong>: Proporciona un gran par de salida para un funcionamiento robusto.<\/li>\n<li><strong>Estructura racional<\/strong>: Dise\u00f1ado con una estructura racional para mejorar la fiabilidad.<\/li>\n<li><strong>F\u00e1cil de manejar<\/strong>: Manejo sencillo para mayor comodidad.<\/li>\n<li><strong>Capacidad de autosujeci\u00f3n fiable<\/strong>: Proporciona una capacidad de autosujeci\u00f3n fiable para garantizar un funcionamiento seguro.<\/li>\n<li><strong>Ideal para v\u00e1lvulas con rotaci\u00f3n de 90<\/strong>: Adecuado para controlar v\u00e1lvulas de mariposa, v\u00e1lvulas de macho y otras v\u00e1lvulas con rotaci\u00f3n de 90\u00b0.<\/li>\n<\/ul>","protected":false},"featured_media":16236,"comment_status":"open","ping_status":"closed","template":"","meta":[],"product_brand":[],"product_cat":[100,105],"product_tag":[],"class_list":{"0":"post-16235","1":"product","2":"type-product","3":"status-publish","4":"has-post-thumbnail","6":"product_cat-gearbox","7":"product_cat-quarter-turn-gearboxes","9":"first","10":"instock","11":"shipping-taxable","12":"product-type-simple"},"yoast_head":"<!-- This site is optimized with the Yoast SEO plugin v27.4 - https:\/\/yoast.com\/product\/yoast-seo-wordpress\/ -->\n<title>MGJ Series Gearbox With Bearings - sne-gears.com<\/title>\n<meta name=\"robots\" content=\"index, follow, max-snippet:-1, max-image-preview:large, max-video-preview:-1\" \/>\n<link rel=\"canonical\" href=\"https:\/\/sne-gears.com\/es\/producto\/mgj-series-gearbox-with-bearings\/\" \/>\n<meta property=\"og:locale\" content=\"es_ES\" \/>\n<meta property=\"og:type\" content=\"article\" \/>\n<meta property=\"og:title\" content=\"MGJ Series Gearbox With Bearings - sne-gears.com\" \/>\n<meta property=\"og:description\" content=\"Worm Gear-Worm Drive Set: Utilizes a worm gear-worm drive set for efficient performance.  Strong Output: Features strong output due to the installation of bearings at both ends of the worm.  Compact Size: Designed with a small size for easy handling and installation.  High Output Torque: Delivers large output torque for robust operation.  Rational Structure: Engineered with a rational structure for enhanced reliability.  Easy to Operate: User-friendly operation for convenience.  Reliable Self-Holding Capacity: Provides dependable self-holding capability to ensure secure operation.  Ideal for 90\u00b0 Rotation Valves: Suitable for controlling butterfly valves, plug valves, and other valves with 90\u00b0 rotation.\" \/>\n<meta property=\"og:url\" content=\"https:\/\/sne-gears.com\/es\/producto\/mgj-series-gearbox-with-bearings\/\" \/>\n<meta property=\"og:site_name\" content=\"sne-gears.com\" \/>\n<meta property=\"article:modified_time\" content=\"2024-08-15T01:56:11+00:00\" \/>\n<meta property=\"og:image\" content=\"https:\/\/sne-gears.com\/wp-content\/uploads\/2024\/07\/1720532566129.png\" \/>\n\t<meta property=\"og:image:width\" content=\"711\" \/>\n\t<meta property=\"og:image:height\" content=\"424\" \/>\n\t<meta property=\"og:image:type\" content=\"image\/png\" \/>\n<meta name=\"twitter:card\" content=\"summary_large_image\" \/>\n<meta name=\"twitter:label1\" content=\"Tiempo de lectura\" \/>\n\t<meta name=\"twitter:data1\" content=\"3 minutos\" \/>\n<script type=\"application\/ld+json\" class=\"yoast-schema-graph\">{\"@context\":\"https:\\\/\\\/schema.org\",\"@graph\":[{\"@type\":\"WebPage\",\"@id\":\"https:\\\/\\\/sne-gears.com\\\/product\\\/mgj-series-gearbox-with-bearings\\\/\",\"url\":\"https:\\\/\\\/sne-gears.com\\\/product\\\/mgj-series-gearbox-with-bearings\\\/\",\"name\":\"MGJ Series Gearbox With Bearings - sne-gears.com\",\"isPartOf\":{\"@id\":\"https:\\\/\\\/sne-gears.com\\\/#website\"},\"primaryImageOfPage\":{\"@id\":\"https:\\\/\\\/sne-gears.com\\\/product\\\/mgj-series-gearbox-with-bearings\\\/#primaryimage\"},\"image\":{\"@id\":\"https:\\\/\\\/sne-gears.com\\\/product\\\/mgj-series-gearbox-with-bearings\\\/#primaryimage\"},\"thumbnailUrl\":\"https:\\\/\\\/sne-gears.com\\\/wp-content\\\/uploads\\\/2024\\\/07\\\/1720532566129.png\",\"datePublished\":\"2024-07-09T13:46:05+00:00\",\"dateModified\":\"2024-08-15T01:56:11+00:00\",\"breadcrumb\":{\"@id\":\"https:\\\/\\\/sne-gears.com\\\/product\\\/mgj-series-gearbox-with-bearings\\\/#breadcrumb\"},\"inLanguage\":\"es\",\"potentialAction\":[{\"@type\":\"ReadAction\",\"target\":[\"https:\\\/\\\/sne-gears.com\\\/product\\\/mgj-series-gearbox-with-bearings\\\/\"]}]},{\"@type\":\"ImageObject\",\"inLanguage\":\"es\",\"@id\":\"https:\\\/\\\/sne-gears.com\\\/product\\\/mgj-series-gearbox-with-bearings\\\/#primaryimage\",\"url\":\"https:\\\/\\\/sne-gears.com\\\/wp-content\\\/uploads\\\/2024\\\/07\\\/1720532566129.png\",\"contentUrl\":\"https:\\\/\\\/sne-gears.com\\\/wp-content\\\/uploads\\\/2024\\\/07\\\/1720532566129.png\",\"width\":711,\"height\":424},{\"@type\":\"BreadcrumbList\",\"@id\":\"https:\\\/\\\/sne-gears.com\\\/product\\\/mgj-series-gearbox-with-bearings\\\/#breadcrumb\",\"itemListElement\":[{\"@type\":\"ListItem\",\"position\":1,\"name\":\"Home\",\"item\":\"https:\\\/\\\/sne-gears.com\\\/\"},{\"@type\":\"ListItem\",\"position\":2,\"name\":\"Shop\",\"item\":\"https:\\\/\\\/sne-gears.com\\\/shop\\\/\"},{\"@type\":\"ListItem\",\"position\":3,\"name\":\"MGJ Series Gearbox With Bearings\"}]},{\"@type\":\"WebSite\",\"@id\":\"https:\\\/\\\/sne-gears.com\\\/#website\",\"url\":\"https:\\\/\\\/sne-gears.com\\\/\",\"name\":\"sne-gears.com\",\"description\":\"\",\"potentialAction\":[{\"@type\":\"SearchAction\",\"target\":{\"@type\":\"EntryPoint\",\"urlTemplate\":\"https:\\\/\\\/sne-gears.com\\\/?s={search_term_string}\"},\"query-input\":{\"@type\":\"PropertyValueSpecification\",\"valueRequired\":true,\"valueName\":\"search_term_string\"}}],\"inLanguage\":\"es\"}]}<\/script>\n<!-- \/ Yoast SEO plugin. -->","yoast_head_json":{"title":"MGJ Series Gearbox With Bearings - sne-gears.com","robots":{"index":"index","follow":"follow","max-snippet":"max-snippet:-1","max-image-preview":"max-image-preview:large","max-video-preview":"max-video-preview:-1"},"canonical":"https:\/\/sne-gears.com\/es\/producto\/mgj-series-gearbox-with-bearings\/","og_locale":"es_ES","og_type":"article","og_title":"MGJ Series Gearbox With Bearings - sne-gears.com","og_description":"Worm Gear-Worm Drive Set: Utilizes a worm gear-worm drive set for efficient performance.  Strong Output: Features strong output due to the installation of bearings at both ends of the worm.  Compact Size: Designed with a small size for easy handling and installation.  High Output Torque: Delivers large output torque for robust operation.  Rational Structure: Engineered with a rational structure for enhanced reliability.  Easy to Operate: User-friendly operation for convenience.  Reliable Self-Holding Capacity: Provides dependable self-holding capability to ensure secure operation.  Ideal for 90\u00b0 Rotation Valves: Suitable for controlling butterfly valves, plug valves, and other valves with 90\u00b0 rotation.","og_url":"https:\/\/sne-gears.com\/es\/producto\/mgj-series-gearbox-with-bearings\/","og_site_name":"sne-gears.com","article_modified_time":"2024-08-15T01:56:11+00:00","og_image":[{"width":711,"height":424,"url":"https:\/\/sne-gears.com\/wp-content\/uploads\/2024\/07\/1720532566129.png","type":"image\/png"}],"twitter_card":"summary_large_image","twitter_misc":{"Tiempo de lectura":"3 minutos"},"schema":{"@context":"https:\/\/schema.org","@graph":[{"@type":"WebPage","@id":"https:\/\/sne-gears.com\/product\/mgj-series-gearbox-with-bearings\/","url":"https:\/\/sne-gears.com\/product\/mgj-series-gearbox-with-bearings\/","name":"MGJ Series Gearbox With Bearings - sne-gears.com","isPartOf":{"@id":"https:\/\/sne-gears.com\/#website"},"primaryImageOfPage":{"@id":"https:\/\/sne-gears.com\/product\/mgj-series-gearbox-with-bearings\/#primaryimage"},"image":{"@id":"https:\/\/sne-gears.com\/product\/mgj-series-gearbox-with-bearings\/#primaryimage"},"thumbnailUrl":"https:\/\/sne-gears.com\/wp-content\/uploads\/2024\/07\/1720532566129.png","datePublished":"2024-07-09T13:46:05+00:00","dateModified":"2024-08-15T01:56:11+00:00","breadcrumb":{"@id":"https:\/\/sne-gears.com\/product\/mgj-series-gearbox-with-bearings\/#breadcrumb"},"inLanguage":"es","potentialAction":[{"@type":"ReadAction","target":["https:\/\/sne-gears.com\/product\/mgj-series-gearbox-with-bearings\/"]}]},{"@type":"ImageObject","inLanguage":"es","@id":"https:\/\/sne-gears.com\/product\/mgj-series-gearbox-with-bearings\/#primaryimage","url":"https:\/\/sne-gears.com\/wp-content\/uploads\/2024\/07\/1720532566129.png","contentUrl":"https:\/\/sne-gears.com\/wp-content\/uploads\/2024\/07\/1720532566129.png","width":711,"height":424},{"@type":"BreadcrumbList","@id":"https:\/\/sne-gears.com\/product\/mgj-series-gearbox-with-bearings\/#breadcrumb","itemListElement":[{"@type":"ListItem","position":1,"name":"Home","item":"https:\/\/sne-gears.com\/"},{"@type":"ListItem","position":2,"name":"Shop","item":"https:\/\/sne-gears.com\/shop\/"},{"@type":"ListItem","position":3,"name":"MGJ Series Gearbox With Bearings"}]},{"@type":"WebSite","@id":"https:\/\/sne-gears.com\/#website","url":"https:\/\/sne-gears.com\/","name":"sne-gears.com","description":"","potentialAction":[{"@type":"SearchAction","target":{"@type":"EntryPoint","urlTemplate":"https:\/\/sne-gears.com\/?s={search_term_string}"},"query-input":{"@type":"PropertyValueSpecification","valueRequired":true,"valueName":"search_term_string"}}],"inLanguage":"es"}]}},"_links":{"self":[{"href":"https:\/\/sne-gears.com\/es\/wp-json\/wp\/v2\/product\/16235","targetHints":{"allow":["GET"]}}],"collection":[{"href":"https:\/\/sne-gears.com\/es\/wp-json\/wp\/v2\/product"}],"about":[{"href":"https:\/\/sne-gears.com\/es\/wp-json\/wp\/v2\/types\/product"}],"replies":[{"embeddable":true,"href":"https:\/\/sne-gears.com\/es\/wp-json\/wp\/v2\/comments?post=16235"}],"version-history":[{"count":37,"href":"https:\/\/sne-gears.com\/es\/wp-json\/wp\/v2\/product\/16235\/revisions"}],"predecessor-version":[{"id":18000,"href":"https:\/\/sne-gears.com\/es\/wp-json\/wp\/v2\/product\/16235\/revisions\/18000"}],"wp:featuredmedia":[{"embeddable":true,"href":"https:\/\/sne-gears.com\/es\/wp-json\/wp\/v2\/media\/16236"}],"wp:attachment":[{"href":"https:\/\/sne-gears.com\/es\/wp-json\/wp\/v2\/media?parent=16235"}],"wp:term":[{"taxonomy":"product_brand","embeddable":true,"href":"https:\/\/sne-gears.com\/es\/wp-json\/wp\/v2\/product_brand?post=16235"},{"taxonomy":"product_cat","embeddable":true,"href":"https:\/\/sne-gears.com\/es\/wp-json\/wp\/v2\/product_cat?post=16235"},{"taxonomy":"product_tag","embeddable":true,"href":"https:\/\/sne-gears.com\/es\/wp-json\/wp\/v2\/product_tag?post=16235"}],"curies":[{"name":"wp","href":"https:\/\/api.w.org\/{rel}","templated":true}]}}