{"id":16314,"date":"2024-07-18T12:37:39","date_gmt":"2024-07-18T12:37:39","guid":{"rendered":"https:\/\/peachpuff-mongoose-868793.hostingersite.com\/?post_type=product&#038;p=16314"},"modified":"2024-07-31T02:26:35","modified_gmt":"2024-07-31T02:26:35","slug":"stainless-stell-pneumatic-angle-seat-valve","status":"publish","type":"product","link":"https:\/\/sne-gears.com\/es\/producto\/stainless-stell-pneumatic-angle-seat-valve\/","title":{"rendered":"V\u00e1lvula de asiento inclinado neum\u00e1tica de acero inoxidable"},"content":{"rendered":"<p>1, Cierre normal con retorno por muelle (tipo normal) (apto para vapor y gas)<br \/>\n2, Doble acci\u00f3n (Sin muelle, tambi\u00e9n soporta baja presi\u00f3n bajo el asiento cuando la v\u00e1lvula est\u00e1 cerrada)<\/p>\n<h2>Datos t\u00e9cnicos<\/h2>\n<p>Tama\u00f1o de la junta: DN10-DN65<br \/>\nRosca: BSP. BSPT. NPT. NPTF<br \/>\nCuerpo de v\u00e1lvula: CF8\/CF8M<br \/>\nActuador: CF8<br \/>\nJuntas de asiento: PTFE\/RTFE<br \/>\nJuntas de v\u00e1stago: PTFE\/FKM<br \/>\nJuntas de pist\u00f3n: FKM\/NBR<br \/>\nMedio aplicable: Agua, l\u00edquido, gas neutro, vapor de agua, gas y l\u00edquido ligeramente corrosivos<br \/>\nRango de temperatura: de -10'C a +180*C<br \/>\nTemperatura ambiente: -10 'C a + 60*C<br \/>\nViscosidad: m\u00e1x. 600 mm*\/s<br \/>\nInstalaci\u00f3n: Cualquier posici\u00f3n<br \/>\nMedio de control: Aire o gas neutro<br \/>\nRango de presi\u00f3n de control: 0,3-1MPa<\/p>\n<p><img fetchpriority=\"high\" decoding=\"async\" class=\"alignnone wp-image-16885 lazyload\" src=\"data:image\/gif;base64,R0lGODlhAQABAIAAAAAAAP\/\/\/yH5BAEAAAAALAAAAAABAAEAAAIBRAA7\" data-src=\"https:\/\/sne-gears.com\/wp-content\/uploads\/2024\/07\/345-1-400x121.jpg\" alt=\"\" width=\"665\" height=\"201\" \/><noscript><img decoding=\"async\" class=\"alignnone wp-image-16885 lazyload\" src=\"https:\/\/sne-gears.com\/wp-content\/uploads\/2024\/07\/345-1-400x121.jpg\" alt=\"\" width=\"665\" height=\"201\" srcset=\"https:\/\/sne-gears.com\/wp-content\/uploads\/2024\/07\/345-1-400x121.jpg 400w, https:\/\/sne-gears.com\/wp-content\/uploads\/2024\/07\/345-1-1300x392.jpg 1300w, https:\/\/sne-gears.com\/wp-content\/uploads\/2024\/07\/345-1-768x232.jpg 768w, https:\/\/sne-gears.com\/wp-content\/uploads\/2024\/07\/345-1-1536x464.jpg 1536w, https:\/\/sne-gears.com\/wp-content\/uploads\/2024\/07\/345-1-2048x618.jpg 2048w, https:\/\/sne-gears.com\/wp-content\/uploads\/2024\/07\/345-1-18x5.jpg 18w, https:\/\/sne-gears.com\/wp-content\/uploads\/2024\/07\/345-1-430x130.jpg 430w, https:\/\/sne-gears.com\/wp-content\/uploads\/2024\/07\/345-1-700x211.jpg 700w, https:\/\/sne-gears.com\/wp-content\/uploads\/2024\/07\/345-1-150x45.jpg 150w\" sizes=\"(max-width: 665px) 100vw, 665px\" \/><\/noscript><\/p>\n<h3>Tama\u00f1o de instalaci\u00f3n (mm)<\/h3>\n<table>\n<thead>\n<tr>\n<th>Tipo<\/th>\n<th>Actuador<\/th>\n<th>D<\/th>\n<th>R<\/th>\n<th>G1<\/th>\n<th>H\/LA<\/th>\n<th>L1<\/th>\n<th>LB<\/th>\n<th>SW<\/th>\n<th>G<\/th>\n<th>T<\/th>\n<\/tr>\n<\/thead>\n<tbody>\n<tr>\n<td>DN10<\/td>\n<td>40<\/td>\n<td>50.5<\/td>\n<td>27<\/td>\n<td>G1\/8<\/td>\n<td>108<\/td>\n<td>74<\/td>\n<td>25.5<\/td>\n<td>22<\/td>\n<td>3\/8&#8243;<\/td>\n<td>10.5<\/td>\n<\/tr>\n<tr>\n<td>DN15<\/td>\n<td>40<\/td>\n<td>50.5<\/td>\n<td>27<\/td>\n<td>G1\/8<\/td>\n<td>108<\/td>\n<td>74<\/td>\n<td>25<\/td>\n<td>25<\/td>\n<td>1\/2&#8243;<\/td>\n<td>13.5<\/td>\n<\/tr>\n<tr>\n<td>DN20<\/td>\n<td>40<\/td>\n<td>50.5<\/td>\n<td>27<\/td>\n<td>G1\/8<\/td>\n<td>120<\/td>\n<td>84<\/td>\n<td>29<\/td>\n<td>31<\/td>\n<td>3\/4&#8243;<\/td>\n<td>14.5<\/td>\n<\/tr>\n<\/tbody>\n<\/table>\n<h3>V\u00e1lvula de asiento inclinado de acero inoxidable tipo F32<br \/>\nDatos t\u00e9cnicos<\/h3>\n<table>\n<thead>\n<tr>\n<th>Talla<\/th>\n<th>Fin<\/th>\n<th>Orificio (mm)<\/th>\n<th>Actuador (mm)<\/th>\n<th>Kv (m\u00b3\/h)<\/th>\n<th>Presi\u00f3n m\u00e1xima de trabajo (Mpa)<\/th>\n<th>Rango de presi\u00f3n (Mpa)<\/th>\n<th>Presi\u00f3n m\u00ednima de control (Mpa)<\/th>\n<\/tr>\n<\/thead>\n<tbody>\n<tr>\n<td>DN10<\/td>\n<td>3\/8&#8243;<\/td>\n<td>13<\/td>\n<td>40<\/td>\n<td>4.7<\/td>\n<td>1.6<\/td>\n<td>0-1.6<\/td>\n<td>\u22650.4<\/td>\n<\/tr>\n<tr>\n<td>DN15<\/td>\n<td>1\/2&#8243;<\/td>\n<td>13<\/td>\n<td>40<\/td>\n<td>4.7<\/td>\n<td>1.6<\/td>\n<td>0-1.6<\/td>\n<td>\u22650.4<\/td>\n<\/tr>\n<tr>\n<td>DN20<\/td>\n<td>3\/4&#8243;<\/td>\n<td>18<\/td>\n<td>40<\/td>\n<td>9.5<\/td>\n<td>1.6<\/td>\n<td>0-1.6<\/td>\n<td>\u22650.3-0.4<\/td>\n<\/tr>\n<\/tbody>\n<\/table>\n<h3>V\u00e1lvula de asiento inclinado de acero inoxidable tipo F32<br \/>\nTipo de conexi\u00f3n: Rosca<\/h3>\n<table>\n<thead>\n<tr>\n<th>Talla<\/th>\n<th>Actuador<\/th>\n<th>H1<\/th>\n<th>F32-H<\/th>\n<th>F32-L<\/th>\n<th>A1<\/th>\n<th>F32-H<\/th>\n<th>F32-L<\/th>\n<th>L1<\/th>\n<th>t<\/th>\n<th>G<\/th>\n<th>G1<\/th>\n<th>SW<\/th>\n<th>\u03a6B<\/th>\n<th>R<\/th>\n<\/tr>\n<\/thead>\n<tbody>\n<tr>\n<td>DN10<\/td>\n<td>32<\/td>\n<td>105<\/td>\n<td>94<\/td>\n<td>115<\/td>\n<td>105<\/td>\n<td>68<\/td>\n<td>10<\/td>\n<td>3\/8&#8243;<\/td>\n<td>G1\/8<\/td>\n<td>23<\/td>\n<td>40<\/td>\n<td>27<\/td>\n<td><\/td>\n<td><\/td>\n<\/tr>\n<tr>\n<td>DN15<\/td>\n<td>32<\/td>\n<td>105<\/td>\n<td>94<\/td>\n<td>117<\/td>\n<td>107<\/td>\n<td>68<\/td>\n<td>11.5<\/td>\n<td>1\/2&#8243;<\/td>\n<td>G1\/8<\/td>\n<td>27<\/td>\n<td>40<\/td>\n<td>27<\/td>\n<td><\/td>\n<td><\/td>\n<\/tr>\n<tr>\n<td>DN20<\/td>\n<td>32<\/td>\n<td>108<\/td>\n<td>97<\/td>\n<td>119<\/td>\n<td>110<\/td>\n<td>75<\/td>\n<td>14<\/td>\n<td>3\/4&#8243;<\/td>\n<td>G1\/8<\/td>\n<td>32<\/td>\n<td>40<\/td>\n<td>27<\/td>\n<td><\/td>\n<td><\/td>\n<\/tr>\n<\/tbody>\n<\/table>\n<table>\n<thead>\n<tr>\n<th><strong>Par\u00e1metro<\/strong><\/th>\n<th><strong>Especificaci\u00f3n<\/strong><\/th>\n<\/tr>\n<\/thead>\n<tbody>\n<tr>\n<td><strong>Temperatura media<\/strong><\/td>\n<td>-10~180\u2103<\/td>\n<\/tr>\n<tr>\n<td><strong>Temperatura ambiente<\/strong><\/td>\n<td>-10~60\u2103<\/td>\n<\/tr>\n<tr>\n<td><strong>Viscosidad m\u00e1xima<\/strong><\/td>\n<td>600 mm\u00b2\/s<\/td>\n<\/tr>\n<tr>\n<td><strong>Posici\u00f3n de montaje<\/strong><\/td>\n<td>Cualquier<\/td>\n<\/tr>\n<tr>\n<td><strong>Medio aplicable<\/strong><\/td>\n<td>Agua, gas neutro, l\u00edquido, aceite, gas y l\u00edquido ligeramente corrosivos, chorro de agua<\/td>\n<\/tr>\n<\/tbody>\n<\/table>","protected":false},"excerpt":{"rendered":"<p>1, Spring return normal close (Normal type) (Suitable for steam and gas) 2, Double action (Without spring, also support low<\/p>","protected":false},"featured_media":16315,"comment_status":"open","ping_status":"closed","template":"","meta":[],"product_brand":[],"product_cat":[111],"product_tag":[],"class_list":{"0":"post-16314","1":"product","2":"type-product","3":"status-publish","4":"has-post-thumbnail","6":"product_cat-stainless-stell-pneumatic-angle-seat-valve","8":"first","9":"instock","10":"shipping-taxable","11":"product-type-simple"},"yoast_head":"<!-- This site is optimized with the Yoast SEO plugin v27.4 - https:\/\/yoast.com\/product\/yoast-seo-wordpress\/ -->\n<title>Stainless Stell Pneumatic Angle Seat Valve - sne-gears.com<\/title>\n<meta name=\"robots\" content=\"index, follow, max-snippet:-1, max-image-preview:large, max-video-preview:-1\" \/>\n<link rel=\"canonical\" href=\"https:\/\/peachpuff-mongoose-868793.hostingersite.com\/product\/stainless-stell-pneumatic-angle-seat-valve\/\" \/>\n<meta property=\"og:locale\" content=\"es_ES\" \/>\n<meta property=\"og:type\" content=\"article\" \/>\n<meta property=\"og:title\" content=\"Stainless Stell Pneumatic Angle Seat Valve - sne-gears.com\" \/>\n<meta property=\"og:description\" content=\"1, Spring return normal close (Normal type) (Suitable for steam and gas) 2, Double action (Without spring, also support low\" \/>\n<meta property=\"og:url\" content=\"https:\/\/peachpuff-mongoose-868793.hostingersite.com\/product\/stainless-stell-pneumatic-angle-seat-valve\/\" \/>\n<meta property=\"og:site_name\" content=\"sne-gears.com\" \/>\n<meta property=\"article:modified_time\" content=\"2024-07-31T02:26:35+00:00\" \/>\n<meta property=\"og:image\" content=\"https:\/\/peachpuff-mongoose-868793.hostingersite.com\/wp-content\/uploads\/2024\/07\/345566.jpg\" \/>\n\t<meta property=\"og:image:width\" content=\"1000\" \/>\n\t<meta property=\"og:image:height\" content=\"1000\" \/>\n\t<meta property=\"og:image:type\" content=\"image\/jpeg\" \/>\n<meta name=\"twitter:card\" content=\"summary_large_image\" \/>\n<meta name=\"twitter:label1\" content=\"Tiempo de lectura\" \/>\n\t<meta name=\"twitter:data1\" content=\"2 minutos\" \/>\n<script type=\"application\/ld+json\" class=\"yoast-schema-graph\">{\"@context\":\"https:\\\/\\\/schema.org\",\"@graph\":[{\"@type\":\"WebPage\",\"@id\":\"https:\\\/\\\/peachpuff-mongoose-868793.hostingersite.com\\\/product\\\/stainless-stell-pneumatic-angle-seat-valve\\\/\",\"url\":\"https:\\\/\\\/peachpuff-mongoose-868793.hostingersite.com\\\/product\\\/stainless-stell-pneumatic-angle-seat-valve\\\/\",\"name\":\"Stainless Stell Pneumatic Angle Seat Valve - sne-gears.com\",\"isPartOf\":{\"@id\":\"https:\\\/\\\/sne-gears.com\\\/de\\\/#website\"},\"primaryImageOfPage\":{\"@id\":\"https:\\\/\\\/peachpuff-mongoose-868793.hostingersite.com\\\/product\\\/stainless-stell-pneumatic-angle-seat-valve\\\/#primaryimage\"},\"image\":{\"@id\":\"https:\\\/\\\/peachpuff-mongoose-868793.hostingersite.com\\\/product\\\/stainless-stell-pneumatic-angle-seat-valve\\\/#primaryimage\"},\"thumbnailUrl\":\"https:\\\/\\\/sne-gears.com\\\/wp-content\\\/uploads\\\/2024\\\/07\\\/345566.jpg\",\"datePublished\":\"2024-07-18T12:37:39+00:00\",\"dateModified\":\"2024-07-31T02:26:35+00:00\",\"breadcrumb\":{\"@id\":\"https:\\\/\\\/peachpuff-mongoose-868793.hostingersite.com\\\/product\\\/stainless-stell-pneumatic-angle-seat-valve\\\/#breadcrumb\"},\"inLanguage\":\"es\",\"potentialAction\":[{\"@type\":\"ReadAction\",\"target\":[\"https:\\\/\\\/peachpuff-mongoose-868793.hostingersite.com\\\/product\\\/stainless-stell-pneumatic-angle-seat-valve\\\/\"]}]},{\"@type\":\"ImageObject\",\"inLanguage\":\"es\",\"@id\":\"https:\\\/\\\/peachpuff-mongoose-868793.hostingersite.com\\\/product\\\/stainless-stell-pneumatic-angle-seat-valve\\\/#primaryimage\",\"url\":\"https:\\\/\\\/sne-gears.com\\\/wp-content\\\/uploads\\\/2024\\\/07\\\/345566.jpg\",\"contentUrl\":\"https:\\\/\\\/sne-gears.com\\\/wp-content\\\/uploads\\\/2024\\\/07\\\/345566.jpg\",\"width\":1000,\"height\":1000},{\"@type\":\"BreadcrumbList\",\"@id\":\"https:\\\/\\\/peachpuff-mongoose-868793.hostingersite.com\\\/product\\\/stainless-stell-pneumatic-angle-seat-valve\\\/#breadcrumb\",\"itemListElement\":[{\"@type\":\"ListItem\",\"position\":1,\"name\":\"Home\",\"item\":\"https:\\\/\\\/sne-gears.com\\\/ru\\\/\"},{\"@type\":\"ListItem\",\"position\":2,\"name\":\"Shop\",\"item\":\"https:\\\/\\\/sne-gears.com\\\/fr\\\/shop\\\/\"},{\"@type\":\"ListItem\",\"position\":3,\"name\":\"Stainless Stell Pneumatic Angle Seat Valve\"}]},{\"@type\":\"WebSite\",\"@id\":\"https:\\\/\\\/sne-gears.com\\\/de\\\/#website\",\"url\":\"https:\\\/\\\/sne-gears.com\\\/de\\\/\",\"name\":\"sne-gears.com\",\"description\":\"\",\"potentialAction\":[{\"@type\":\"SearchAction\",\"target\":{\"@type\":\"EntryPoint\",\"urlTemplate\":\"https:\\\/\\\/sne-gears.com\\\/de\\\/?s={search_term_string}\"},\"query-input\":{\"@type\":\"PropertyValueSpecification\",\"valueRequired\":true,\"valueName\":\"search_term_string\"}}],\"inLanguage\":\"es\"}]}<\/script>\n<!-- \/ Yoast SEO plugin. -->","yoast_head_json":{"title":"Stainless Stell Pneumatic Angle Seat Valve - sne-gears.com","robots":{"index":"index","follow":"follow","max-snippet":"max-snippet:-1","max-image-preview":"max-image-preview:large","max-video-preview":"max-video-preview:-1"},"canonical":"https:\/\/peachpuff-mongoose-868793.hostingersite.com\/product\/stainless-stell-pneumatic-angle-seat-valve\/","og_locale":"es_ES","og_type":"article","og_title":"Stainless Stell Pneumatic Angle Seat Valve - sne-gears.com","og_description":"1, Spring return normal close (Normal type) (Suitable for steam and gas) 2, Double action (Without spring, also support low","og_url":"https:\/\/peachpuff-mongoose-868793.hostingersite.com\/product\/stainless-stell-pneumatic-angle-seat-valve\/","og_site_name":"sne-gears.com","article_modified_time":"2024-07-31T02:26:35+00:00","og_image":[{"width":1000,"height":1000,"url":"https:\/\/peachpuff-mongoose-868793.hostingersite.com\/wp-content\/uploads\/2024\/07\/345566.jpg","type":"image\/jpeg"}],"twitter_card":"summary_large_image","twitter_misc":{"Tiempo de lectura":"2 minutos"},"schema":{"@context":"https:\/\/schema.org","@graph":[{"@type":"WebPage","@id":"https:\/\/peachpuff-mongoose-868793.hostingersite.com\/product\/stainless-stell-pneumatic-angle-seat-valve\/","url":"https:\/\/peachpuff-mongoose-868793.hostingersite.com\/product\/stainless-stell-pneumatic-angle-seat-valve\/","name":"Stainless Stell Pneumatic Angle Seat Valve - sne-gears.com","isPartOf":{"@id":"https:\/\/sne-gears.com\/de\/#website"},"primaryImageOfPage":{"@id":"https:\/\/peachpuff-mongoose-868793.hostingersite.com\/product\/stainless-stell-pneumatic-angle-seat-valve\/#primaryimage"},"image":{"@id":"https:\/\/peachpuff-mongoose-868793.hostingersite.com\/product\/stainless-stell-pneumatic-angle-seat-valve\/#primaryimage"},"thumbnailUrl":"https:\/\/sne-gears.com\/wp-content\/uploads\/2024\/07\/345566.jpg","datePublished":"2024-07-18T12:37:39+00:00","dateModified":"2024-07-31T02:26:35+00:00","breadcrumb":{"@id":"https:\/\/peachpuff-mongoose-868793.hostingersite.com\/product\/stainless-stell-pneumatic-angle-seat-valve\/#breadcrumb"},"inLanguage":"es","potentialAction":[{"@type":"ReadAction","target":["https:\/\/peachpuff-mongoose-868793.hostingersite.com\/product\/stainless-stell-pneumatic-angle-seat-valve\/"]}]},{"@type":"ImageObject","inLanguage":"es","@id":"https:\/\/peachpuff-mongoose-868793.hostingersite.com\/product\/stainless-stell-pneumatic-angle-seat-valve\/#primaryimage","url":"https:\/\/sne-gears.com\/wp-content\/uploads\/2024\/07\/345566.jpg","contentUrl":"https:\/\/sne-gears.com\/wp-content\/uploads\/2024\/07\/345566.jpg","width":1000,"height":1000},{"@type":"BreadcrumbList","@id":"https:\/\/peachpuff-mongoose-868793.hostingersite.com\/product\/stainless-stell-pneumatic-angle-seat-valve\/#breadcrumb","itemListElement":[{"@type":"ListItem","position":1,"name":"Home","item":"https:\/\/sne-gears.com\/ru\/"},{"@type":"ListItem","position":2,"name":"Shop","item":"https:\/\/sne-gears.com\/fr\/shop\/"},{"@type":"ListItem","position":3,"name":"Stainless Stell Pneumatic Angle Seat Valve"}]},{"@type":"WebSite","@id":"https:\/\/sne-gears.com\/de\/#website","url":"https:\/\/sne-gears.com\/de\/","name":"sne-gears.com","description":"","potentialAction":[{"@type":"SearchAction","target":{"@type":"EntryPoint","urlTemplate":"https:\/\/sne-gears.com\/de\/?s={search_term_string}"},"query-input":{"@type":"PropertyValueSpecification","valueRequired":true,"valueName":"search_term_string"}}],"inLanguage":"es"}]}},"_links":{"self":[{"href":"https:\/\/sne-gears.com\/es\/wp-json\/wp\/v2\/product\/16314","targetHints":{"allow":["GET"]}}],"collection":[{"href":"https:\/\/sne-gears.com\/es\/wp-json\/wp\/v2\/product"}],"about":[{"href":"https:\/\/sne-gears.com\/es\/wp-json\/wp\/v2\/types\/product"}],"replies":[{"embeddable":true,"href":"https:\/\/sne-gears.com\/es\/wp-json\/wp\/v2\/comments?post=16314"}],"version-history":[{"count":13,"href":"https:\/\/sne-gears.com\/es\/wp-json\/wp\/v2\/product\/16314\/revisions"}],"predecessor-version":[{"id":16892,"href":"https:\/\/sne-gears.com\/es\/wp-json\/wp\/v2\/product\/16314\/revisions\/16892"}],"wp:featuredmedia":[{"embeddable":true,"href":"https:\/\/sne-gears.com\/es\/wp-json\/wp\/v2\/media\/16315"}],"wp:attachment":[{"href":"https:\/\/sne-gears.com\/es\/wp-json\/wp\/v2\/media?parent=16314"}],"wp:term":[{"taxonomy":"product_brand","embeddable":true,"href":"https:\/\/sne-gears.com\/es\/wp-json\/wp\/v2\/product_brand?post=16314"},{"taxonomy":"product_cat","embeddable":true,"href":"https:\/\/sne-gears.com\/es\/wp-json\/wp\/v2\/product_cat?post=16314"},{"taxonomy":"product_tag","embeddable":true,"href":"https:\/\/sne-gears.com\/es\/wp-json\/wp\/v2\/product_tag?post=16314"}],"curies":[{"name":"wp","href":"https:\/\/api.w.org\/{rel}","templated":true}]}}