{"id":16320,"date":"2024-07-18T12:40:04","date_gmt":"2024-07-18T12:40:04","guid":{"rendered":"https:\/\/peachpuff-mongoose-868793.hostingersite.com\/?post_type=product&#038;p=16320"},"modified":"2024-07-30T11:02:10","modified_gmt":"2024-07-30T11:02:10","slug":"apl210n-apl310n-actuator-switch-boxes","status":"publish","type":"product","link":"https:\/\/sne-gears.com\/es\/producto\/apl210n-apl310n-actuator-switch-boxes\/","title":{"rendered":"APL210N, APL310N Cajas de interruptores de actuador"},"content":{"rendered":"<p>Descripci\u00f3n<\/p>\n<p>Las cajas de finales de carrera de v\u00e1lvulas LF-210N y LF-310N son instrumentos de campo para detectar el estado de las v\u00e1lvulas en el sistema de control autom\u00e1tico. La posici\u00f3n abierta o cerrada de la v\u00e1lvula se emite con la se\u00f1al del interruptor, y la muestra es recogida por el controlador del programa o el ordenador, y luego se realiza el siguiente paso despu\u00e9s de la confirmaci\u00f3n. Este producto tambi\u00e9n puede utilizarse como importante protecci\u00f3n de enclavamiento de v\u00e1lvulas e indicaci\u00f3n de alarma remota en sistemas de control autom\u00e1tico.<\/p>\n<p>Rasgos<br \/>\nEl indicador de posici\u00f3n 3D puede mostrar claramente la posici\u00f3n de la v\u00e1lvula.<br \/>\nCarcasa de aleaci\u00f3n de aluminio fundido a presi\u00f3n, revestimiento en polvo, aspecto de dise\u00f1o compacto, reduce el volumen de embalaje de la v\u00e1lvula, calidad fiable.<br \/>\nInterfaz de cable doble: interfaz de tubo doble 1\/2 NPT.<br \/>\nDispositivo de retroalimentaci\u00f3n de se\u00f1ales.<br \/>\nLa posici\u00f3n del interruptor puede identificarse claramente mediante el indicador.<br \/>\nLas tarjetas de cableado de 8-16 contactos dentro de la placa de circuito cumplen con los est\u00e1ndares de microinterruptores, interruptores DPDT, interruptores de proximidad, interruptores magn\u00e9ticos u opcional y se puede utilizar para la conexi\u00f3n de la v\u00e1lvula de solenoide.<br \/>\nCAM de \"posici\u00f3n r\u00e1pida\", CAM ajustable montada por estriado y muelle, la posici\u00f3n de la CAM del interruptor se puede ajustar r\u00e1pidamente sin herramientas.<br \/>\nPlaca de circuito impreso en lugar de cableado para evitar cortocircuitos.<br \/>\nTemperatura ambiente: -20\u00b0C ~ +80\u00b0C, grado de protecci\u00f3n: IP67, opcional IP68. Clase de protecci\u00f3n contra explosiones: ExdII BT6, Exed IICT6, conforme a la norma EN50014\/50018.<br \/>\nDoble puerto de conexi\u00f3n, contacto est\u00e1ndar, la conexi\u00f3n es segura y c\u00f3moda.<br \/>\nSoporte f\u00e1cil de instalar, conforme a la norma NAMUR, soporte conforme a la norma ISO5211, cualquier actuador puede instalarse f\u00e1cilmente.<br \/>\nPerno antidesprendimiento, el perno fijado a la cubierta superior no se caer\u00e1 al desmontarla.<br \/>\nF\u00e1cil de instalar, la conexi\u00f3n del husillo de acero inoxidable y el soporte de montaje cumplen la norma NAMUR.<br \/>\nAnticorrosi\u00f3n.<br \/>\nRevestimiento exterior: revestimiento de poli\u00e9ster negro. (Opcional)<br \/>\nMaterial de soporte seleccionable SS304. (Opcional)<br \/>\nHay dos tipos: est\u00e1ndar y a prueba de explosiones.<\/p>","protected":false},"excerpt":{"rendered":"<p>Description The LF-210N and LF-310N valve limit switch boxes are field instruments for detecting valve status in the automatic control<\/p>","protected":false},"featured_media":16321,"comment_status":"open","ping_status":"closed","template":"","meta":[],"product_brand":[],"product_cat":[109,100],"product_tag":[],"class_list":{"0":"post-16320","1":"product","2":"type-product","3":"status-publish","4":"has-post-thumbnail","6":"product_cat-apl210n-apl310n-actuator-switch-boxes","7":"product_cat-gearbox","9":"first","10":"instock","11":"shipping-taxable","12":"product-type-simple"},"yoast_head":"<!-- This site is optimized with the Yoast SEO plugin v27.4 - https:\/\/yoast.com\/product\/yoast-seo-wordpress\/ -->\n<title>APL210N, APL310N Actuator Switch Boxes - sne-gears.com<\/title>\n<meta name=\"robots\" content=\"index, follow, max-snippet:-1, max-image-preview:large, max-video-preview:-1\" \/>\n<link rel=\"canonical\" href=\"https:\/\/sne-gears.com\/es\/producto\/apl210n-apl310n-actuator-switch-boxes\/\" \/>\n<meta property=\"og:locale\" content=\"es_ES\" \/>\n<meta property=\"og:type\" content=\"article\" \/>\n<meta property=\"og:title\" content=\"APL210N, APL310N Actuator Switch Boxes - sne-gears.com\" \/>\n<meta property=\"og:description\" content=\"Description The LF-210N and LF-310N valve limit switch boxes are field instruments for detecting valve status in the automatic control\" \/>\n<meta property=\"og:url\" content=\"https:\/\/sne-gears.com\/es\/producto\/apl210n-apl310n-actuator-switch-boxes\/\" \/>\n<meta property=\"og:site_name\" content=\"sne-gears.com\" \/>\n<meta property=\"article:modified_time\" content=\"2024-07-30T11:02:10+00:00\" \/>\n<meta property=\"og:image\" content=\"https:\/\/sne-gears.com\/wp-content\/uploads\/2024\/07\/45676.jpg\" \/>\n\t<meta property=\"og:image:width\" content=\"1000\" \/>\n\t<meta property=\"og:image:height\" content=\"1000\" \/>\n\t<meta property=\"og:image:type\" content=\"image\/jpeg\" \/>\n<meta name=\"twitter:card\" content=\"summary_large_image\" \/>\n<meta name=\"twitter:label1\" content=\"Tiempo de lectura\" \/>\n\t<meta name=\"twitter:data1\" content=\"2 minutos\" \/>\n<script type=\"application\/ld+json\" class=\"yoast-schema-graph\">{\"@context\":\"https:\\\/\\\/schema.org\",\"@graph\":[{\"@type\":\"WebPage\",\"@id\":\"https:\\\/\\\/sne-gears.com\\\/es\\\/producto\\\/apl210n-apl310n-actuator-switch-boxes\\\/\",\"url\":\"https:\\\/\\\/sne-gears.com\\\/es\\\/producto\\\/apl210n-apl310n-actuator-switch-boxes\\\/\",\"name\":\"APL210N, APL310N Actuator Switch Boxes - sne-gears.com\",\"isPartOf\":{\"@id\":\"https:\\\/\\\/sne-gears.com\\\/de\\\/#website\"},\"primaryImageOfPage\":{\"@id\":\"https:\\\/\\\/sne-gears.com\\\/es\\\/producto\\\/apl210n-apl310n-actuator-switch-boxes\\\/#primaryimage\"},\"image\":{\"@id\":\"https:\\\/\\\/sne-gears.com\\\/es\\\/producto\\\/apl210n-apl310n-actuator-switch-boxes\\\/#primaryimage\"},\"thumbnailUrl\":\"https:\\\/\\\/sne-gears.com\\\/wp-content\\\/uploads\\\/2024\\\/07\\\/45676.jpg\",\"datePublished\":\"2024-07-18T12:40:04+00:00\",\"dateModified\":\"2024-07-30T11:02:10+00:00\",\"breadcrumb\":{\"@id\":\"https:\\\/\\\/sne-gears.com\\\/es\\\/producto\\\/apl210n-apl310n-actuator-switch-boxes\\\/#breadcrumb\"},\"inLanguage\":\"es\",\"potentialAction\":[{\"@type\":\"ReadAction\",\"target\":[\"https:\\\/\\\/sne-gears.com\\\/es\\\/producto\\\/apl210n-apl310n-actuator-switch-boxes\\\/\"]}]},{\"@type\":\"ImageObject\",\"inLanguage\":\"es\",\"@id\":\"https:\\\/\\\/sne-gears.com\\\/es\\\/producto\\\/apl210n-apl310n-actuator-switch-boxes\\\/#primaryimage\",\"url\":\"https:\\\/\\\/sne-gears.com\\\/wp-content\\\/uploads\\\/2024\\\/07\\\/45676.jpg\",\"contentUrl\":\"https:\\\/\\\/sne-gears.com\\\/wp-content\\\/uploads\\\/2024\\\/07\\\/45676.jpg\",\"width\":1000,\"height\":1000},{\"@type\":\"BreadcrumbList\",\"@id\":\"https:\\\/\\\/sne-gears.com\\\/es\\\/producto\\\/apl210n-apl310n-actuator-switch-boxes\\\/#breadcrumb\",\"itemListElement\":[{\"@type\":\"ListItem\",\"position\":1,\"name\":\"Home\",\"item\":\"https:\\\/\\\/sne-gears.com\\\/ru\\\/\"},{\"@type\":\"ListItem\",\"position\":2,\"name\":\"Shop\",\"item\":\"https:\\\/\\\/sne-gears.com\\\/fr\\\/shop\\\/\"},{\"@type\":\"ListItem\",\"position\":3,\"name\":\"APL210N, APL310N Actuator Switch Boxes\"}]},{\"@type\":\"WebSite\",\"@id\":\"https:\\\/\\\/sne-gears.com\\\/de\\\/#website\",\"url\":\"https:\\\/\\\/sne-gears.com\\\/de\\\/\",\"name\":\"sne-gears.com\",\"description\":\"\",\"potentialAction\":[{\"@type\":\"SearchAction\",\"target\":{\"@type\":\"EntryPoint\",\"urlTemplate\":\"https:\\\/\\\/sne-gears.com\\\/de\\\/?s={search_term_string}\"},\"query-input\":{\"@type\":\"PropertyValueSpecification\",\"valueRequired\":true,\"valueName\":\"search_term_string\"}}],\"inLanguage\":\"es\"}]}<\/script>\n<!-- \/ Yoast SEO plugin. -->","yoast_head_json":{"title":"APL210N, APL310N Actuator Switch Boxes - sne-gears.com","robots":{"index":"index","follow":"follow","max-snippet":"max-snippet:-1","max-image-preview":"max-image-preview:large","max-video-preview":"max-video-preview:-1"},"canonical":"https:\/\/sne-gears.com\/es\/producto\/apl210n-apl310n-actuator-switch-boxes\/","og_locale":"es_ES","og_type":"article","og_title":"APL210N, APL310N Actuator Switch Boxes - sne-gears.com","og_description":"Description The LF-210N and LF-310N valve limit switch boxes are field instruments for detecting valve status in the automatic control","og_url":"https:\/\/sne-gears.com\/es\/producto\/apl210n-apl310n-actuator-switch-boxes\/","og_site_name":"sne-gears.com","article_modified_time":"2024-07-30T11:02:10+00:00","og_image":[{"width":1000,"height":1000,"url":"https:\/\/sne-gears.com\/wp-content\/uploads\/2024\/07\/45676.jpg","type":"image\/jpeg"}],"twitter_card":"summary_large_image","twitter_misc":{"Tiempo de lectura":"2 minutos"},"schema":{"@context":"https:\/\/schema.org","@graph":[{"@type":"WebPage","@id":"https:\/\/sne-gears.com\/es\/producto\/apl210n-apl310n-actuator-switch-boxes\/","url":"https:\/\/sne-gears.com\/es\/producto\/apl210n-apl310n-actuator-switch-boxes\/","name":"APL210N, APL310N Actuator Switch Boxes - sne-gears.com","isPartOf":{"@id":"https:\/\/sne-gears.com\/de\/#website"},"primaryImageOfPage":{"@id":"https:\/\/sne-gears.com\/es\/producto\/apl210n-apl310n-actuator-switch-boxes\/#primaryimage"},"image":{"@id":"https:\/\/sne-gears.com\/es\/producto\/apl210n-apl310n-actuator-switch-boxes\/#primaryimage"},"thumbnailUrl":"https:\/\/sne-gears.com\/wp-content\/uploads\/2024\/07\/45676.jpg","datePublished":"2024-07-18T12:40:04+00:00","dateModified":"2024-07-30T11:02:10+00:00","breadcrumb":{"@id":"https:\/\/sne-gears.com\/es\/producto\/apl210n-apl310n-actuator-switch-boxes\/#breadcrumb"},"inLanguage":"es","potentialAction":[{"@type":"ReadAction","target":["https:\/\/sne-gears.com\/es\/producto\/apl210n-apl310n-actuator-switch-boxes\/"]}]},{"@type":"ImageObject","inLanguage":"es","@id":"https:\/\/sne-gears.com\/es\/producto\/apl210n-apl310n-actuator-switch-boxes\/#primaryimage","url":"https:\/\/sne-gears.com\/wp-content\/uploads\/2024\/07\/45676.jpg","contentUrl":"https:\/\/sne-gears.com\/wp-content\/uploads\/2024\/07\/45676.jpg","width":1000,"height":1000},{"@type":"BreadcrumbList","@id":"https:\/\/sne-gears.com\/es\/producto\/apl210n-apl310n-actuator-switch-boxes\/#breadcrumb","itemListElement":[{"@type":"ListItem","position":1,"name":"Home","item":"https:\/\/sne-gears.com\/ru\/"},{"@type":"ListItem","position":2,"name":"Shop","item":"https:\/\/sne-gears.com\/fr\/shop\/"},{"@type":"ListItem","position":3,"name":"APL210N, APL310N Actuator Switch Boxes"}]},{"@type":"WebSite","@id":"https:\/\/sne-gears.com\/de\/#website","url":"https:\/\/sne-gears.com\/de\/","name":"sne-gears.com","description":"","potentialAction":[{"@type":"SearchAction","target":{"@type":"EntryPoint","urlTemplate":"https:\/\/sne-gears.com\/de\/?s={search_term_string}"},"query-input":{"@type":"PropertyValueSpecification","valueRequired":true,"valueName":"search_term_string"}}],"inLanguage":"es"}]}},"_links":{"self":[{"href":"https:\/\/sne-gears.com\/es\/wp-json\/wp\/v2\/product\/16320","targetHints":{"allow":["GET"]}}],"collection":[{"href":"https:\/\/sne-gears.com\/es\/wp-json\/wp\/v2\/product"}],"about":[{"href":"https:\/\/sne-gears.com\/es\/wp-json\/wp\/v2\/types\/product"}],"replies":[{"embeddable":true,"href":"https:\/\/sne-gears.com\/es\/wp-json\/wp\/v2\/comments?post=16320"}],"version-history":[{"count":3,"href":"https:\/\/sne-gears.com\/es\/wp-json\/wp\/v2\/product\/16320\/revisions"}],"predecessor-version":[{"id":16876,"href":"https:\/\/sne-gears.com\/es\/wp-json\/wp\/v2\/product\/16320\/revisions\/16876"}],"wp:featuredmedia":[{"embeddable":true,"href":"https:\/\/sne-gears.com\/es\/wp-json\/wp\/v2\/media\/16321"}],"wp:attachment":[{"href":"https:\/\/sne-gears.com\/es\/wp-json\/wp\/v2\/media?parent=16320"}],"wp:term":[{"taxonomy":"product_brand","embeddable":true,"href":"https:\/\/sne-gears.com\/es\/wp-json\/wp\/v2\/product_brand?post=16320"},{"taxonomy":"product_cat","embeddable":true,"href":"https:\/\/sne-gears.com\/es\/wp-json\/wp\/v2\/product_cat?post=16320"},{"taxonomy":"product_tag","embeddable":true,"href":"https:\/\/sne-gears.com\/es\/wp-json\/wp\/v2\/product_tag?post=16320"}],"curies":[{"name":"wp","href":"https:\/\/api.w.org\/{rel}","templated":true}]}}