{"id":16679,"date":"2024-07-25T04:13:06","date_gmt":"2024-07-25T04:13:06","guid":{"rendered":"https:\/\/sne-gears.com\/?post_type=product&#038;p=16679"},"modified":"2024-07-25T04:13:06","modified_gmt":"2024-07-25T04:13:06","slug":"double-stage-bevel-gear-muti-turn-gearbox","status":"publish","type":"product","link":"https:\/\/sne-gears.com\/es\/producto\/double-stage-bevel-gear-muti-turn-gearbox\/","title":{"rendered":"Reductor multivueltas de engranajes c\u00f3nicos de dos etapas"},"content":{"rendered":"<p>Engranaje c\u00f3nico de doble etapa<\/p>\n<p>La transmisi\u00f3n por engranajes de arco de dos etapas de norma americana tipo BA se caracteriza por una fricci\u00f3n reducida, baja voz, alta fuerza de par, alta eficiencia y una vida \u00fatil mejorada del producto.<\/p>\n<p>Adem\u00e1s de las caracter\u00edsticas de sensaci\u00f3n c\u00f3moda, f\u00e1cil apertura, estructura razonable y rendimiento sensible, este producto est\u00e1 equipado con tuercas de cobre de v\u00e1lvula y tuercas de alto n\u00edquel D2, lo que ahorra tornillos de v\u00e1lvula y cojinetes para cada producto de v\u00e1lvula, y es f\u00e1cil de instalar.<\/p>\n<p>Est\u00e1 equipada principalmente con v\u00e1lvulas de compuerta, v\u00e1lvulas de globo, v\u00e1lvulas de guillotina y v\u00e1lvulas de descarga.<\/p>","protected":false},"excerpt":{"rendered":"<p>Double-Stage Bevel Gear Device BA type American standard two-stage arc gear transmission is characterized by reduced friction, low voice, high<\/p>","protected":false},"featured_media":16680,"comment_status":"open","ping_status":"closed","template":"","meta":[],"product_brand":[],"product_cat":[100],"product_tag":[],"class_list":{"0":"post-16679","1":"product","2":"type-product","3":"status-publish","4":"has-post-thumbnail","6":"product_cat-gearbox","8":"first","9":"instock","10":"shipping-taxable","11":"product-type-simple"},"yoast_head":"<!-- This site is optimized with the Yoast SEO plugin v27.4 - https:\/\/yoast.com\/product\/yoast-seo-wordpress\/ -->\n<title>Double-Stage Bevel Gear Muti-Turn Gearbox - sne-gears.com<\/title>\n<meta name=\"robots\" content=\"index, follow, max-snippet:-1, max-image-preview:large, max-video-preview:-1\" \/>\n<link rel=\"canonical\" href=\"https:\/\/sne-gears.com\/es\/producto\/double-stage-bevel-gear-muti-turn-gearbox\/\" \/>\n<meta property=\"og:locale\" content=\"es_ES\" \/>\n<meta property=\"og:type\" content=\"article\" \/>\n<meta property=\"og:title\" content=\"Double-Stage Bevel Gear Muti-Turn Gearbox - sne-gears.com\" \/>\n<meta property=\"og:description\" content=\"Double-Stage Bevel Gear Device BA type American standard two-stage arc gear transmission is characterized by reduced friction, low voice, high\" \/>\n<meta property=\"og:url\" content=\"https:\/\/sne-gears.com\/es\/producto\/double-stage-bevel-gear-muti-turn-gearbox\/\" \/>\n<meta property=\"og:site_name\" content=\"sne-gears.com\" \/>\n<meta property=\"og:image\" content=\"https:\/\/sne-gears.com\/wp-content\/uploads\/2024\/07\/\u53cc\u7ea7\u4f1e\u9f7f\u8f6e\u88c5\u7f6e-Double-Stage-Bevel-Gearbox\u56fe\u7247-1.jpeg\" \/>\n\t<meta property=\"og:image:width\" content=\"500\" \/>\n\t<meta property=\"og:image:height\" content=\"699\" \/>\n\t<meta property=\"og:image:type\" content=\"image\/jpeg\" \/>\n<meta name=\"twitter:card\" content=\"summary_large_image\" \/>\n<meta name=\"twitter:label1\" content=\"Tiempo de lectura\" \/>\n\t<meta name=\"twitter:data1\" content=\"1 minuto\" \/>\n<script type=\"application\/ld+json\" class=\"yoast-schema-graph\">{\"@context\":\"https:\\\/\\\/schema.org\",\"@graph\":[{\"@type\":\"WebPage\",\"@id\":\"https:\\\/\\\/sne-gears.com\\\/product\\\/double-stage-bevel-gear-muti-turn-gearbox\\\/\",\"url\":\"https:\\\/\\\/sne-gears.com\\\/product\\\/double-stage-bevel-gear-muti-turn-gearbox\\\/\",\"name\":\"Double-Stage Bevel Gear Muti-Turn Gearbox - sne-gears.com\",\"isPartOf\":{\"@id\":\"https:\\\/\\\/sne-gears.com\\\/#website\"},\"primaryImageOfPage\":{\"@id\":\"https:\\\/\\\/sne-gears.com\\\/product\\\/double-stage-bevel-gear-muti-turn-gearbox\\\/#primaryimage\"},\"image\":{\"@id\":\"https:\\\/\\\/sne-gears.com\\\/product\\\/double-stage-bevel-gear-muti-turn-gearbox\\\/#primaryimage\"},\"thumbnailUrl\":\"https:\\\/\\\/sne-gears.com\\\/wp-content\\\/uploads\\\/2024\\\/07\\\/\u53cc\u7ea7\u4f1e\u9f7f\u8f6e\u88c5\u7f6e-Double-Stage-Bevel-Gearbox\u56fe\u7247-1.jpeg\",\"datePublished\":\"2024-07-25T04:13:06+00:00\",\"breadcrumb\":{\"@id\":\"https:\\\/\\\/sne-gears.com\\\/product\\\/double-stage-bevel-gear-muti-turn-gearbox\\\/#breadcrumb\"},\"inLanguage\":\"es\",\"potentialAction\":[{\"@type\":\"ReadAction\",\"target\":[\"https:\\\/\\\/sne-gears.com\\\/product\\\/double-stage-bevel-gear-muti-turn-gearbox\\\/\"]}]},{\"@type\":\"ImageObject\",\"inLanguage\":\"es\",\"@id\":\"https:\\\/\\\/sne-gears.com\\\/product\\\/double-stage-bevel-gear-muti-turn-gearbox\\\/#primaryimage\",\"url\":\"https:\\\/\\\/sne-gears.com\\\/wp-content\\\/uploads\\\/2024\\\/07\\\/\u53cc\u7ea7\u4f1e\u9f7f\u8f6e\u88c5\u7f6e-Double-Stage-Bevel-Gearbox\u56fe\u7247-1.jpeg\",\"contentUrl\":\"https:\\\/\\\/sne-gears.com\\\/wp-content\\\/uploads\\\/2024\\\/07\\\/\u53cc\u7ea7\u4f1e\u9f7f\u8f6e\u88c5\u7f6e-Double-Stage-Bevel-Gearbox\u56fe\u7247-1.jpeg\",\"width\":500,\"height\":699},{\"@type\":\"BreadcrumbList\",\"@id\":\"https:\\\/\\\/sne-gears.com\\\/product\\\/double-stage-bevel-gear-muti-turn-gearbox\\\/#breadcrumb\",\"itemListElement\":[{\"@type\":\"ListItem\",\"position\":1,\"name\":\"Home\",\"item\":\"https:\\\/\\\/sne-gears.com\\\/\"},{\"@type\":\"ListItem\",\"position\":2,\"name\":\"Shop\",\"item\":\"https:\\\/\\\/sne-gears.com\\\/shop\\\/\"},{\"@type\":\"ListItem\",\"position\":3,\"name\":\"Double-Stage Bevel Gear Muti-Turn Gearbox\"}]},{\"@type\":\"WebSite\",\"@id\":\"https:\\\/\\\/sne-gears.com\\\/#website\",\"url\":\"https:\\\/\\\/sne-gears.com\\\/\",\"name\":\"sne-gears.com\",\"description\":\"\",\"potentialAction\":[{\"@type\":\"SearchAction\",\"target\":{\"@type\":\"EntryPoint\",\"urlTemplate\":\"https:\\\/\\\/sne-gears.com\\\/?s={search_term_string}\"},\"query-input\":{\"@type\":\"PropertyValueSpecification\",\"valueRequired\":true,\"valueName\":\"search_term_string\"}}],\"inLanguage\":\"es\"}]}<\/script>\n<!-- \/ Yoast SEO plugin. -->","yoast_head_json":{"title":"Double-Stage Bevel Gear Muti-Turn Gearbox - sne-gears.com","robots":{"index":"index","follow":"follow","max-snippet":"max-snippet:-1","max-image-preview":"max-image-preview:large","max-video-preview":"max-video-preview:-1"},"canonical":"https:\/\/sne-gears.com\/es\/producto\/double-stage-bevel-gear-muti-turn-gearbox\/","og_locale":"es_ES","og_type":"article","og_title":"Double-Stage Bevel Gear Muti-Turn Gearbox - sne-gears.com","og_description":"Double-Stage Bevel Gear Device BA type American standard two-stage arc gear transmission is characterized by reduced friction, low voice, high","og_url":"https:\/\/sne-gears.com\/es\/producto\/double-stage-bevel-gear-muti-turn-gearbox\/","og_site_name":"sne-gears.com","og_image":[{"width":500,"height":699,"url":"https:\/\/sne-gears.com\/wp-content\/uploads\/2024\/07\/\u53cc\u7ea7\u4f1e\u9f7f\u8f6e\u88c5\u7f6e-Double-Stage-Bevel-Gearbox\u56fe\u7247-1.jpeg","type":"image\/jpeg"}],"twitter_card":"summary_large_image","twitter_misc":{"Tiempo de lectura":"1 minuto"},"schema":{"@context":"https:\/\/schema.org","@graph":[{"@type":"WebPage","@id":"https:\/\/sne-gears.com\/product\/double-stage-bevel-gear-muti-turn-gearbox\/","url":"https:\/\/sne-gears.com\/product\/double-stage-bevel-gear-muti-turn-gearbox\/","name":"Double-Stage Bevel Gear Muti-Turn Gearbox - sne-gears.com","isPartOf":{"@id":"https:\/\/sne-gears.com\/#website"},"primaryImageOfPage":{"@id":"https:\/\/sne-gears.com\/product\/double-stage-bevel-gear-muti-turn-gearbox\/#primaryimage"},"image":{"@id":"https:\/\/sne-gears.com\/product\/double-stage-bevel-gear-muti-turn-gearbox\/#primaryimage"},"thumbnailUrl":"https:\/\/sne-gears.com\/wp-content\/uploads\/2024\/07\/\u53cc\u7ea7\u4f1e\u9f7f\u8f6e\u88c5\u7f6e-Double-Stage-Bevel-Gearbox\u56fe\u7247-1.jpeg","datePublished":"2024-07-25T04:13:06+00:00","breadcrumb":{"@id":"https:\/\/sne-gears.com\/product\/double-stage-bevel-gear-muti-turn-gearbox\/#breadcrumb"},"inLanguage":"es","potentialAction":[{"@type":"ReadAction","target":["https:\/\/sne-gears.com\/product\/double-stage-bevel-gear-muti-turn-gearbox\/"]}]},{"@type":"ImageObject","inLanguage":"es","@id":"https:\/\/sne-gears.com\/product\/double-stage-bevel-gear-muti-turn-gearbox\/#primaryimage","url":"https:\/\/sne-gears.com\/wp-content\/uploads\/2024\/07\/\u53cc\u7ea7\u4f1e\u9f7f\u8f6e\u88c5\u7f6e-Double-Stage-Bevel-Gearbox\u56fe\u7247-1.jpeg","contentUrl":"https:\/\/sne-gears.com\/wp-content\/uploads\/2024\/07\/\u53cc\u7ea7\u4f1e\u9f7f\u8f6e\u88c5\u7f6e-Double-Stage-Bevel-Gearbox\u56fe\u7247-1.jpeg","width":500,"height":699},{"@type":"BreadcrumbList","@id":"https:\/\/sne-gears.com\/product\/double-stage-bevel-gear-muti-turn-gearbox\/#breadcrumb","itemListElement":[{"@type":"ListItem","position":1,"name":"Home","item":"https:\/\/sne-gears.com\/"},{"@type":"ListItem","position":2,"name":"Shop","item":"https:\/\/sne-gears.com\/shop\/"},{"@type":"ListItem","position":3,"name":"Double-Stage Bevel Gear Muti-Turn Gearbox"}]},{"@type":"WebSite","@id":"https:\/\/sne-gears.com\/#website","url":"https:\/\/sne-gears.com\/","name":"sne-gears.com","description":"","potentialAction":[{"@type":"SearchAction","target":{"@type":"EntryPoint","urlTemplate":"https:\/\/sne-gears.com\/?s={search_term_string}"},"query-input":{"@type":"PropertyValueSpecification","valueRequired":true,"valueName":"search_term_string"}}],"inLanguage":"es"}]}},"_links":{"self":[{"href":"https:\/\/sne-gears.com\/es\/wp-json\/wp\/v2\/product\/16679","targetHints":{"allow":["GET"]}}],"collection":[{"href":"https:\/\/sne-gears.com\/es\/wp-json\/wp\/v2\/product"}],"about":[{"href":"https:\/\/sne-gears.com\/es\/wp-json\/wp\/v2\/types\/product"}],"replies":[{"embeddable":true,"href":"https:\/\/sne-gears.com\/es\/wp-json\/wp\/v2\/comments?post=16679"}],"version-history":[{"count":1,"href":"https:\/\/sne-gears.com\/es\/wp-json\/wp\/v2\/product\/16679\/revisions"}],"predecessor-version":[{"id":16681,"href":"https:\/\/sne-gears.com\/es\/wp-json\/wp\/v2\/product\/16679\/revisions\/16681"}],"wp:featuredmedia":[{"embeddable":true,"href":"https:\/\/sne-gears.com\/es\/wp-json\/wp\/v2\/media\/16680"}],"wp:attachment":[{"href":"https:\/\/sne-gears.com\/es\/wp-json\/wp\/v2\/media?parent=16679"}],"wp:term":[{"taxonomy":"product_brand","embeddable":true,"href":"https:\/\/sne-gears.com\/es\/wp-json\/wp\/v2\/product_brand?post=16679"},{"taxonomy":"product_cat","embeddable":true,"href":"https:\/\/sne-gears.com\/es\/wp-json\/wp\/v2\/product_cat?post=16679"},{"taxonomy":"product_tag","embeddable":true,"href":"https:\/\/sne-gears.com\/es\/wp-json\/wp\/v2\/product_tag?post=16679"}],"curies":[{"name":"wp","href":"https:\/\/api.w.org\/{rel}","templated":true}]}}