{"id":3,"date":"2024-06-26T13:34:55","date_gmt":"2024-06-26T13:34:55","guid":{"rendered":"https:\/\/sne-gears.com\/?page_id=3"},"modified":"2024-07-26T02:26:36","modified_gmt":"2024-07-26T02:26:36","slug":"privacy-policy","status":"publish","type":"page","link":"https:\/\/sne-gears.com\/fr\/privacy-policy\/","title":{"rendered":"Politique de confidentialit\u00e9"},"content":{"rendered":"<p>Bienvenue \u00e0 SNE-Gears. Nous accordons une grande importance \u00e0 votre vie priv\u00e9e et nous nous engageons \u00e0 prot\u00e9ger vos informations personnelles. La pr\u00e9sente politique de confidentialit\u00e9 explique comment nous recueillons, utilisons, divulguons et prot\u00e9geons vos informations lorsque vous visitez notre site web https:\/\/sne-gears.com\/ (le \"Site\"). Veuillez lire attentivement cette politique de confidentialit\u00e9. Si vous n'\u00eates pas d'accord avec les termes de cette politique de confidentialit\u00e9, veuillez ne pas acc\u00e9der au site.<\/p>\n\n\n\n<p>Informations collect\u00e9es<br>Nous pouvons collecter des informations vous concernant de diff\u00e9rentes mani\u00e8res. Les informations que nous pouvons recueillir sur le site sont les suivantes :<\/p>\n\n\n\n<p>Donn\u00e9es personnelles<br>Des informations personnelles identifiables, telles que votre nom, votre adresse de livraison, votre adresse \u00e9lectronique et votre num\u00e9ro de t\u00e9l\u00e9phone, ainsi que des informations d\u00e9mographiques, telles que votre \u00e2ge, votre sexe, votre ville natale et vos centres d'int\u00e9r\u00eat, que vous nous communiquez volontairement lorsque vous vous inscrivez sur le site, que vous effectuez un achat ou que vous choisissez de participer \u00e0 diverses activit\u00e9s li\u00e9es au site.<\/p>\n\n\n\n<p>Donn\u00e9es sur les produits d\u00e9riv\u00e9s<br>Les informations que nos serveurs recueillent automatiquement lorsque vous acc\u00e9dez au site, telles que votre adresse IP, votre type de navigateur, votre syst\u00e8me d'exploitation, vos temps d'acc\u00e8s et les pages que vous avez consult\u00e9es directement avant et apr\u00e8s avoir acc\u00e9d\u00e9 au site.<\/p>\n\n\n\n<p>Donn\u00e9es financi\u00e8res<br>Les informations financi\u00e8res, telles que les donn\u00e9es relatives \u00e0 votre m\u00e9thode de paiement (par exemple, un num\u00e9ro de carte de cr\u00e9dit valide, la marque de la carte et la date d'expiration) que nous pouvons collecter lorsque vous achetez, commandez, retournez, \u00e9changez ou demandez des informations sur nos services \u00e0 partir du site.<\/p>\n\n\n\n<p>Donn\u00e9es issues des r\u00e9seaux sociaux<br>Des informations d'utilisateur provenant de sites de r\u00e9seaux sociaux, tels que Facebook, Twitter, Instagram, y compris votre nom, votre nom d'utilisateur de r\u00e9seau social, votre localisation, votre sexe, votre date de naissance, votre adresse \u00e9lectronique, votre photo de profil et les donn\u00e9es publiques pour les contacts, si vous connectez votre compte \u00e0 ces r\u00e9seaux sociaux.<\/p>\n\n\n\n<p>Utilisation de vos informations<br>Le fait de disposer d'informations pr\u00e9cises vous concernant nous permet de vous offrir une exp\u00e9rience fluide, efficace et personnalis\u00e9e. Plus pr\u00e9cis\u00e9ment, nous pouvons utiliser les informations recueillies sur vous via le site pour :<\/p>\n\n\n\n<p>Cr\u00e9ez et g\u00e9rez votre compte.<br>Traiter et suivre vos commandes.<br>vous envoyer un courrier \u00e9lectronique concernant votre compte ou votre commande.<br>Diffuser de la publicit\u00e9 cibl\u00e9e, des coupons, des bulletins d'information et des promotions.<br>Am\u00e9liorer notre site web et notre service \u00e0 la client\u00e8le.<br>Divulgation de vos informations<br>Nous pouvons partager les informations que nous avons recueillies \u00e0 votre sujet dans certaines situations. Vos informations peuvent \u00eatre divulgu\u00e9es comme suit :<\/p>\n\n\n\n<p>En vertu de la loi ou pour prot\u00e9ger des droits<br>Si nous estimons que la divulgation d'informations vous concernant est n\u00e9cessaire pour r\u00e9pondre \u00e0 une proc\u00e9dure judiciaire, pour enqu\u00eater sur des violations potentielles de nos politiques ou pour y rem\u00e9dier, ou pour prot\u00e9ger les droits, la propri\u00e9t\u00e9 et la s\u00e9curit\u00e9 d'autrui, nous pouvons partager vos informations comme l'autorise ou l'exige toute loi, r\u00e8gle ou r\u00e9glementation applicable.<\/p>\n\n\n\n<p>Prestataires de services tiers<br>Nous pouvons partager vos informations avec des tiers qui fournissent des services pour nous ou en notre nom, y compris le traitement des paiements, l'analyse des donn\u00e9es, l'envoi de courriels, les services d'h\u00e9bergement, le service \u00e0 la client\u00e8le et l'assistance marketing.<\/p>\n\n\n\n<p>S\u00e9curit\u00e9 de vos informations<br>Nous utilisons des mesures de s\u00e9curit\u00e9 administratives, techniques et physiques pour prot\u00e9ger vos informations personnelles. Bien que nous ayons pris des mesures raisonnables pour s\u00e9curiser les informations personnelles que vous nous fournissez, sachez qu'en d\u00e9pit de nos efforts, aucune mesure de s\u00e9curit\u00e9 n'est parfaite ou imp\u00e9n\u00e9trable, et qu'aucune m\u00e9thode de transmission de donn\u00e9es ne peut \u00eatre garantie contre toute interception ou autre type d'abus.<\/p>\n\n\n\n<p>Politique de l'enfance<br>Si nous apprenons que nous avons recueilli des informations personnelles aupr\u00e8s d'un enfant de moins de 13 ans sans avoir v\u00e9rifi\u00e9 le consentement de ses parents, nous supprimerons ces informations le plus rapidement possible. Si vous pensez que nous d\u00e9tenons des informations sur un enfant de moins de 13 ans, veuillez nous contacter \u00e0 l'adresse suivante : Joshua.Ryan@sne-gears.com.<\/p>\n\n\n\n<p>Modifications de la pr\u00e9sente politique de confidentialit\u00e9<br>Nous pouvons mettre \u00e0 jour la pr\u00e9sente politique de confidentialit\u00e9 de temps \u00e0 autre afin de refl\u00e9ter, par exemple, les changements apport\u00e9s \u00e0 nos pratiques ou pour d'autres raisons op\u00e9rationnelles, juridiques ou r\u00e9glementaires. Nous vous informerons de toute modification en publiant la nouvelle politique de confidentialit\u00e9 sur le site. Nous vous conseillons de consulter r\u00e9guli\u00e8rement la pr\u00e9sente politique de confidentialit\u00e9 pour prendre connaissance des \u00e9ventuelles modifications.<\/p>\n\n\n\n<p>Nous contacter<br>Si vous avez des questions ou des commentaires sur la pr\u00e9sente politique de confidentialit\u00e9, veuillez nous contacter \u00e0 l'adresse suivante<\/p>\n\n\n\n<p>Courriel : Joshua.Ryan@sne-gears.com<br>T\u00e9l\u00e9phone : +86 180 1974 1066 +86 180 1974 1066<br>Adresse : RM 1207, Tower A#, Global International Trade Bldg, NO8 ChangXiang Road, JiaDing District, Shanghai (Zip:201802), PRC China<\/p>\n\n\n\n<p><\/p>","protected":false},"excerpt":{"rendered":"<p>Bienvenue \u00e0 SNE-Gears. Nous accordons de l'importance \u00e0 votre vie priv\u00e9e et nous nous engageons \u00e0 prot\u00e9ger vos informations personnelles. Cette politique de confidentialit\u00e9 explique comment<\/p>","protected":false},"author":1,"featured_media":0,"parent":0,"menu_order":0,"comment_status":"closed","ping_status":"open","template":"","meta":{"footnotes":""},"class_list":["post-3","page","type-page","status-publish","hentry"],"yoast_head":"<!-- This site is optimized with the Yoast SEO plugin v27.4 - https:\/\/yoast.com\/product\/yoast-seo-wordpress\/ -->\n<title>Privacy Policy - sne-gears.com<\/title>\n<meta name=\"robots\" content=\"index, follow, max-snippet:-1, max-image-preview:large, max-video-preview:-1\" \/>\n<link rel=\"canonical\" href=\"https:\/\/sne-gears.com\/fr\/privacy-policy\/\" \/>\n<meta property=\"og:locale\" content=\"fr_FR\" \/>\n<meta property=\"og:type\" content=\"article\" \/>\n<meta property=\"og:title\" content=\"Privacy Policy - sne-gears.com\" \/>\n<meta property=\"og:description\" content=\"Welcome to SNE-Gears. We value your privacy and are committed to protecting your personal information. This Privacy Policy explains how\" \/>\n<meta property=\"og:url\" content=\"https:\/\/sne-gears.com\/fr\/privacy-policy\/\" \/>\n<meta property=\"og:site_name\" content=\"sne-gears.com\" \/>\n<meta property=\"article:modified_time\" content=\"2024-07-26T02:26:36+00:00\" \/>\n<meta name=\"twitter:card\" content=\"summary_large_image\" \/>\n<meta name=\"twitter:label1\" content=\"Dur\u00e9e de lecture estim\u00e9e\" \/>\n\t<meta name=\"twitter:data1\" content=\"3 minutes\" \/>\n<script type=\"application\/ld+json\" class=\"yoast-schema-graph\">{\"@context\":\"https:\\\/\\\/schema.org\",\"@graph\":[{\"@type\":\"WebPage\",\"@id\":\"https:\\\/\\\/sne-gears.com\\\/privacy-policy\\\/\",\"url\":\"https:\\\/\\\/sne-gears.com\\\/privacy-policy\\\/\",\"name\":\"Privacy Policy - sne-gears.com\",\"isPartOf\":{\"@id\":\"https:\\\/\\\/sne-gears.com\\\/#website\"},\"datePublished\":\"2024-06-26T13:34:55+00:00\",\"dateModified\":\"2024-07-26T02:26:36+00:00\",\"breadcrumb\":{\"@id\":\"https:\\\/\\\/sne-gears.com\\\/privacy-policy\\\/#breadcrumb\"},\"inLanguage\":\"fr-FR\",\"potentialAction\":[{\"@type\":\"ReadAction\",\"target\":[\"https:\\\/\\\/sne-gears.com\\\/privacy-policy\\\/\"]}]},{\"@type\":\"BreadcrumbList\",\"@id\":\"https:\\\/\\\/sne-gears.com\\\/privacy-policy\\\/#breadcrumb\",\"itemListElement\":[{\"@type\":\"ListItem\",\"position\":1,\"name\":\"Home\",\"item\":\"https:\\\/\\\/sne-gears.com\\\/\"},{\"@type\":\"ListItem\",\"position\":2,\"name\":\"Privacy Policy\"}]},{\"@type\":\"WebSite\",\"@id\":\"https:\\\/\\\/sne-gears.com\\\/#website\",\"url\":\"https:\\\/\\\/sne-gears.com\\\/\",\"name\":\"sne-gears.com\",\"description\":\"\",\"potentialAction\":[{\"@type\":\"SearchAction\",\"target\":{\"@type\":\"EntryPoint\",\"urlTemplate\":\"https:\\\/\\\/sne-gears.com\\\/?s={search_term_string}\"},\"query-input\":{\"@type\":\"PropertyValueSpecification\",\"valueRequired\":true,\"valueName\":\"search_term_string\"}}],\"inLanguage\":\"fr-FR\"}]}<\/script>\n<!-- \/ Yoast SEO plugin. -->","yoast_head_json":{"title":"Privacy Policy - sne-gears.com","robots":{"index":"index","follow":"follow","max-snippet":"max-snippet:-1","max-image-preview":"max-image-preview:large","max-video-preview":"max-video-preview:-1"},"canonical":"https:\/\/sne-gears.com\/fr\/privacy-policy\/","og_locale":"fr_FR","og_type":"article","og_title":"Privacy Policy - sne-gears.com","og_description":"Welcome to SNE-Gears. We value your privacy and are committed to protecting your personal information. This Privacy Policy explains how","og_url":"https:\/\/sne-gears.com\/fr\/privacy-policy\/","og_site_name":"sne-gears.com","article_modified_time":"2024-07-26T02:26:36+00:00","twitter_card":"summary_large_image","twitter_misc":{"Dur\u00e9e de lecture estim\u00e9e":"3 minutes"},"schema":{"@context":"https:\/\/schema.org","@graph":[{"@type":"WebPage","@id":"https:\/\/sne-gears.com\/privacy-policy\/","url":"https:\/\/sne-gears.com\/privacy-policy\/","name":"Privacy Policy - sne-gears.com","isPartOf":{"@id":"https:\/\/sne-gears.com\/#website"},"datePublished":"2024-06-26T13:34:55+00:00","dateModified":"2024-07-26T02:26:36+00:00","breadcrumb":{"@id":"https:\/\/sne-gears.com\/privacy-policy\/#breadcrumb"},"inLanguage":"fr-FR","potentialAction":[{"@type":"ReadAction","target":["https:\/\/sne-gears.com\/privacy-policy\/"]}]},{"@type":"BreadcrumbList","@id":"https:\/\/sne-gears.com\/privacy-policy\/#breadcrumb","itemListElement":[{"@type":"ListItem","position":1,"name":"Home","item":"https:\/\/sne-gears.com\/"},{"@type":"ListItem","position":2,"name":"Privacy Policy"}]},{"@type":"WebSite","@id":"https:\/\/sne-gears.com\/#website","url":"https:\/\/sne-gears.com\/","name":"sne-gears.com","description":"","potentialAction":[{"@type":"SearchAction","target":{"@type":"EntryPoint","urlTemplate":"https:\/\/sne-gears.com\/?s={search_term_string}"},"query-input":{"@type":"PropertyValueSpecification","valueRequired":true,"valueName":"search_term_string"}}],"inLanguage":"fr-FR"}]}},"_links":{"self":[{"href":"https:\/\/sne-gears.com\/fr\/wp-json\/wp\/v2\/pages\/3","targetHints":{"allow":["GET"]}}],"collection":[{"href":"https:\/\/sne-gears.com\/fr\/wp-json\/wp\/v2\/pages"}],"about":[{"href":"https:\/\/sne-gears.com\/fr\/wp-json\/wp\/v2\/types\/page"}],"author":[{"embeddable":true,"href":"https:\/\/sne-gears.com\/fr\/wp-json\/wp\/v2\/users\/1"}],"replies":[{"embeddable":true,"href":"https:\/\/sne-gears.com\/fr\/wp-json\/wp\/v2\/comments?post=3"}],"version-history":[{"count":2,"href":"https:\/\/sne-gears.com\/fr\/wp-json\/wp\/v2\/pages\/3\/revisions"}],"predecessor-version":[{"id":16711,"href":"https:\/\/sne-gears.com\/fr\/wp-json\/wp\/v2\/pages\/3\/revisions\/16711"}],"wp:attachment":[{"href":"https:\/\/sne-gears.com\/fr\/wp-json\/wp\/v2\/media?parent=3"}],"curies":[{"name":"wp","href":"https:\/\/api.w.org\/{rel}","templated":true}]}}