{"id":16172,"date":"2024-07-09T07:38:14","date_gmt":"2024-07-09T07:38:14","guid":{"rendered":"https:\/\/sne-gears.com\/?post_type=product&#038;p=16172"},"modified":"2024-08-14T01:50:41","modified_gmt":"2024-08-14T01:50:41","slug":"mx-double-stage-gearbox","status":"publish","type":"product","link":"https:\/\/sne-gears.com\/fr\/produit\/mx-double-stage-gearbox\/","title":{"rendered":"Bo\u00eete de vitesses \u00e0 double \u00e9tage MX"},"content":{"rendered":"<div data-elementor-type=\"wp-post\" data-elementor-id=\"16172\" class=\"elementor elementor-16172\">\n\t\t\t\t<div class=\"elementor-element elementor-element-381447c e-flex e-con-boxed e-con e-parent\" data-id=\"381447c\" data-element_type=\"container\" data-e-type=\"container\">\n\t\t\t\t\t<div class=\"e-con-inner\">\n\t\t\t\t<div class=\"elementor-element elementor-element-eecc6bc color-scheme-inherit text-left elementor-widget elementor-widget-text-editor\" data-id=\"eecc6bc\" data-element_type=\"widget\" data-e-type=\"widget\" data-widget_type=\"text-editor.default\">\n\t\t\t\t<div class=\"elementor-widget-container\">\n\t\t\t\t\t\t\t\t\t<p>Le produit a un petit volume, un poids l\u00e9ger, une structure raisonnable, un couple de sortie important et un verrouillage automatique fiable. Sur la base du M00, il est possible d'apporter des am\u00e9liorations raisonnables et d'augmenter le rapport de mani\u00e8re appropri\u00e9e pour rendre l'op\u00e9ration plus pratique. Il est applicable au contr\u00f4le de la vanne papillon, de la vanne \u00e0 bille, de la vanne \u00e0 robinet et d'autres vannes avec une rotation de 90\u00b0.<\/p>\t\t\t\t\t\t\t\t<\/div>\n\t\t\t\t<\/div>\n\t\t\t\t\t<\/div>\n\t\t\t\t<\/div>\n\t\t<div class=\"elementor-element elementor-element-41337e1 e-flex e-con-boxed e-con e-parent\" data-id=\"41337e1\" data-element_type=\"container\" data-e-type=\"container\">\n\t\t\t\t\t<div class=\"e-con-inner\">\n\t\t\t\t<div class=\"elementor-element elementor-element-6531341 elementor-widget elementor-widget-image\" data-id=\"6531341\" data-element_type=\"widget\" data-e-type=\"widget\" data-widget_type=\"image.default\">\n\t\t\t\t<div class=\"elementor-widget-container\">\n\t\t\t\t\t\t\t\t\t\t\t\t\t\t\t<img fetchpriority=\"high\" decoding=\"async\" width=\"1200\" height=\"424\" src=\"data:image\/gif;base64,R0lGODlhAQABAIAAAAAAAP\/\/\/yH5BAEAAAAALAAAAAABAAEAAAIBRAA7\" data-src=\"https:\/\/sne-gears.com\/wp-content\/uploads\/2024\/07\/678.jpg\" class=\"attachment-1536x1536 size-1536x1536 wp-image-17440 lazyload\" alt=\"\" data-srcset=\"https:\/\/sne-gears.com\/wp-content\/uploads\/2024\/07\/678.jpg 1200w, https:\/\/sne-gears.com\/wp-content\/uploads\/2024\/07\/678-400x141.jpg 400w, https:\/\/sne-gears.com\/wp-content\/uploads\/2024\/07\/678-768x271.jpg 768w, https:\/\/sne-gears.com\/wp-content\/uploads\/2024\/07\/678-18x6.jpg 18w, https:\/\/sne-gears.com\/wp-content\/uploads\/2024\/07\/678-430x152.jpg 430w, https:\/\/sne-gears.com\/wp-content\/uploads\/2024\/07\/678-700x247.jpg 700w, https:\/\/sne-gears.com\/wp-content\/uploads\/2024\/07\/678-150x53.jpg 150w\" sizes=\"(max-width: 1200px) 100vw, 1200px\" \/><noscript><img decoding=\"async\" width=\"1200\" height=\"424\" src=\"https:\/\/sne-gears.com\/wp-content\/uploads\/2024\/07\/678.jpg\" class=\"attachment-1536x1536 size-1536x1536 wp-image-17440 lazyload\" alt=\"\" srcset=\"https:\/\/sne-gears.com\/wp-content\/uploads\/2024\/07\/678.jpg 1200w, https:\/\/sne-gears.com\/wp-content\/uploads\/2024\/07\/678-400x141.jpg 400w, https:\/\/sne-gears.com\/wp-content\/uploads\/2024\/07\/678-768x271.jpg 768w, https:\/\/sne-gears.com\/wp-content\/uploads\/2024\/07\/678-18x6.jpg 18w, https:\/\/sne-gears.com\/wp-content\/uploads\/2024\/07\/678-430x152.jpg 430w, https:\/\/sne-gears.com\/wp-content\/uploads\/2024\/07\/678-700x247.jpg 700w, https:\/\/sne-gears.com\/wp-content\/uploads\/2024\/07\/678-150x53.jpg 150w\" sizes=\"(max-width: 1200px) 100vw, 1200px\" \/><\/noscript>\t\t\t\t\t\t\t\t\t\t\t\t\t\t\t<\/div>\n\t\t\t\t<\/div>\n\t\t\t\t\t<\/div>\n\t\t\t\t<\/div>\n\t\t<div class=\"elementor-element elementor-element-efeabb2 e-flex e-con-boxed e-con e-parent\" data-id=\"efeabb2\" data-element_type=\"container\" data-e-type=\"container\">\n\t\t\t\t\t<div class=\"e-con-inner\">\n\t\t\t\t<div class=\"elementor-element elementor-element-5691823 color-scheme-inherit text-left elementor-widget elementor-widget-text-editor\" data-id=\"5691823\" data-element_type=\"widget\" data-e-type=\"widget\" data-widget_type=\"text-editor.default\">\n\t\t\t\t<div class=\"elementor-widget-container\">\n\t\t\t\t\t\t\t\t\t<table><thead><tr><th>Mod\u00e8le<\/th><th>Couple Nm<\/th><th>Ratio<\/th><th>Couple d'entr\u00e9e Nm<\/th><th>Al\u00e9sage max.<\/th><th>Bride disponible<\/th><th>Roue \u00e0 main<\/th><th>Poids Kg<\/th><\/tr><\/thead><tbody><tr><td>MX16\/S3<\/td><td>4400<\/td><td>169:1<\/td><td>110<\/td><td>75<\/td><td>F14, F16<\/td><td>500<\/td><td>36<\/td><\/tr><tr><td>MX36\/S3<\/td><td>5200<\/td><td>176:1<\/td><td>135<\/td><td>80<\/td><td>F14, F16, F25<\/td><td>500<\/td><td>50<\/td><\/tr><tr><td>MX36\/S4<\/td><td>6500<\/td><td>224:1<\/td><td>135<\/td><td>80<\/td><td>F14, F16, F25<\/td><td>500<\/td><td>55<\/td><\/tr><tr><td>MX40\/S4<\/td><td>9500<\/td><td>290:1<\/td><td>155<\/td><td>110<\/td><td>F25, F30<\/td><td>600<\/td><td>86<\/td><\/tr><\/tbody><\/table><p>\u00a0<\/p>\t\t\t\t\t\t\t\t<\/div>\n\t\t\t\t<\/div>\n\t\t\t\t\t<\/div>\n\t\t\t\t<\/div>\n\t\t<div class=\"elementor-element elementor-element-33b9d4a e-flex e-con-boxed e-con e-parent\" data-id=\"33b9d4a\" data-element_type=\"container\" data-e-type=\"container\">\n\t\t\t\t\t<div class=\"e-con-inner\">\n\t\t\t\t<div class=\"elementor-element elementor-element-a9b9fce color-scheme-inherit text-left elementor-widget elementor-widget-text-editor\" data-id=\"a9b9fce\" data-element_type=\"widget\" data-e-type=\"widget\" data-widget_type=\"text-editor.default\">\n\t\t\t\t<div class=\"elementor-widget-container\">\n\t\t\t\t\t\t\t\t\t<table dir=\"ltr\" cellspacing=\"0\" cellpadding=\"0\" data-sheets-root=\"1\" data-sheets-baot=\"1\"><colgroup> <col width=\"46\" \/> <col width=\"61\" \/> <col width=\"305\" \/> <col width=\"305\" \/> <col width=\"305\" \/> <col width=\"305\" \/> <col width=\"305\" \/> <col width=\"305\" \/> <col width=\"305\" \/> <col width=\"305\" \/> <col width=\"305\" \/> <col width=\"305\" \/> <col width=\"305\" \/> <col width=\"305\" \/> <col width=\"305\" \/> <col width=\"305\" \/> <col width=\"305\" \/> <col width=\"305\" \/> <col width=\"305\" \/> <col width=\"305\" \/><\/colgroup><tbody><tr><td><strong>Mod\u00e8le<\/strong><\/td><td><strong>d<\/strong><\/td><td><strong>b<\/strong><\/td><td><strong>t<\/strong><\/td><td><strong>D1<\/strong><\/td><td><strong>n-M<\/strong><\/td><td><strong>A<\/strong><\/td><td><strong>B<\/strong><\/td><td><strong>C<\/strong><\/td><td><strong>D<\/strong><\/td><td><strong>E<\/strong><\/td><td><strong>F<\/strong><\/td><td><strong>\u03a6<\/strong><\/td><td><strong>H<\/strong><\/td><td><strong>h<\/strong><\/td><td>\u00a0<\/td><td>\u00a0<\/td><td>\u00a0<\/td><td>\u00a0<\/td><td>\u00a0<\/td><\/tr><tr><td>MX16\/S3<\/td><td>55<\/td><td>16<\/td><td>63.6<\/td><td>165<\/td><td>4-M20<\/td><td>388<\/td><td>300<\/td><td>242<\/td><td>210<\/td><td>112<\/td><td>65<\/td><td>500<\/td><td>107<\/td><td>63<\/td><td>\u00a0<\/td><td>\u00a0<\/td><td>\u00a0<\/td><td>\u00a0<\/td><td>\u00a0<\/td><\/tr><tr><td>MX36\/S3<\/td><td>65<\/td><td>16<\/td><td>73.6<\/td><td>254<\/td><td>8-M16<\/td><td>411<\/td><td>348<\/td><td>300<\/td><td>300<\/td><td>132<\/td><td>65<\/td><td>500<\/td><td>121<\/td><td>74<\/td><td>\u00a0<\/td><td>\u00a0<\/td><td>\u00a0<\/td><td>\u00a0<\/td><td>\u00a0<\/td><\/tr><tr><td>MX36\/S4<\/td><td>80<\/td><td>22<\/td><td>90.8<\/td><td>254<\/td><td>8-M16<\/td><td>419<\/td><td>372<\/td><td>300<\/td><td>300<\/td><td>132<\/td><td>91<\/td><td>500<\/td><td>121<\/td><td>74<\/td><td>\u00a0<\/td><td>\u00a0<\/td><td>\u00a0<\/td><td>\u00a0<\/td><td>\u00a0<\/td><\/tr><tr><td>MX40\/S4<\/td><td>80<\/td><td>22<\/td><td>90.8<\/td><td>254<\/td><td>8-M16<\/td><td>466<\/td><td>434<\/td><td>360<\/td><td>350<\/td><td>164<\/td><td>91<\/td><td>600<\/td><td>145<\/td><td>89<\/td><td>\u00a0<\/td><td>\u00a0<\/td><td>\u00a0<\/td><td>\u00a0<\/td><td>\u00a0<\/td><\/tr><\/tbody><\/table>\t\t\t\t\t\t\t\t<\/div>\n\t\t\t\t<\/div>\n\t\t\t\t\t<\/div>\n\t\t\t\t<\/div>\n\t\t<div class=\"elementor-element elementor-element-c042f53 e-flex e-con-boxed e-con e-parent\" data-id=\"c042f53\" data-element_type=\"container\" data-e-type=\"container\">\n\t\t\t\t\t<div class=\"e-con-inner\">\n\t\t\t\t<div class=\"elementor-element elementor-element-f07e6e7 elementor-widget elementor-widget-image\" data-id=\"f07e6e7\" data-element_type=\"widget\" data-e-type=\"widget\" data-widget_type=\"image.default\">\n\t\t\t\t<div class=\"elementor-widget-container\">\n\t\t\t\t\t\t\t\t\t\t\t\t\t\t\t<img decoding=\"async\" width=\"1200\" height=\"488\" src=\"data:image\/gif;base64,R0lGODlhAQABAIAAAAAAAP\/\/\/yH5BAEAAAAALAAAAAABAAEAAAIBRAA7\" data-src=\"https:\/\/sne-gears.com\/wp-content\/uploads\/2024\/07\/009.jpg\" class=\"attachment-large size-large wp-image-17433 lazyload\" alt=\"\" data-srcset=\"https:\/\/sne-gears.com\/wp-content\/uploads\/2024\/07\/009.jpg 1200w, https:\/\/sne-gears.com\/wp-content\/uploads\/2024\/07\/009-400x163.jpg 400w, https:\/\/sne-gears.com\/wp-content\/uploads\/2024\/07\/009-768x312.jpg 768w, https:\/\/sne-gears.com\/wp-content\/uploads\/2024\/07\/009-18x7.jpg 18w, https:\/\/sne-gears.com\/wp-content\/uploads\/2024\/07\/009-430x175.jpg 430w, https:\/\/sne-gears.com\/wp-content\/uploads\/2024\/07\/009-700x285.jpg 700w, https:\/\/sne-gears.com\/wp-content\/uploads\/2024\/07\/009-150x61.jpg 150w\" sizes=\"(max-width: 1200px) 100vw, 1200px\" \/><noscript><img loading=\"lazy\" decoding=\"async\" width=\"1200\" height=\"488\" src=\"https:\/\/sne-gears.com\/wp-content\/uploads\/2024\/07\/009.jpg\" class=\"attachment-large size-large wp-image-17433 lazyload\" alt=\"\" srcset=\"https:\/\/sne-gears.com\/wp-content\/uploads\/2024\/07\/009.jpg 1200w, https:\/\/sne-gears.com\/wp-content\/uploads\/2024\/07\/009-400x163.jpg 400w, https:\/\/sne-gears.com\/wp-content\/uploads\/2024\/07\/009-768x312.jpg 768w, https:\/\/sne-gears.com\/wp-content\/uploads\/2024\/07\/009-18x7.jpg 18w, https:\/\/sne-gears.com\/wp-content\/uploads\/2024\/07\/009-430x175.jpg 430w, https:\/\/sne-gears.com\/wp-content\/uploads\/2024\/07\/009-700x285.jpg 700w, https:\/\/sne-gears.com\/wp-content\/uploads\/2024\/07\/009-150x61.jpg 150w\" sizes=\"(max-width: 1200px) 100vw, 1200px\" \/><\/noscript>\t\t\t\t\t\t\t\t\t\t\t\t\t\t\t<\/div>\n\t\t\t\t<\/div>\n\t\t\t\t\t<\/div>\n\t\t\t\t<\/div>\n\t\t<div class=\"elementor-element elementor-element-dbbb898 e-flex e-con-boxed e-con e-parent\" data-id=\"dbbb898\" data-element_type=\"container\" data-e-type=\"container\">\n\t\t\t\t\t<div class=\"e-con-inner\">\n\t\t\t\t<div class=\"elementor-element elementor-element-a1ba14b color-scheme-inherit text-left elementor-widget elementor-widget-text-editor\" data-id=\"a1ba14b\" data-element_type=\"widget\" data-e-type=\"widget\" data-widget_type=\"text-editor.default\">\n\t\t\t\t<div class=\"elementor-widget-container\">\n\t\t\t\t\t\t\t\t\t<table><thead><tr><th>Mod\u00e8le<\/th><th>Couple Nm<\/th><th>Ratio<\/th><th>Couple d'entr\u00e9e Nm<\/th><th>Al\u00e9sage max.<\/th><th>Bride disponible<\/th><th>Roue \u00e0 main<\/th><th>Poids Kg<\/th><\/tr><\/thead><tbody><tr><td>MX40\/D10<\/td><td>11000<\/td><td>444:1<\/td><td>125<\/td><td>110<\/td><td>F25, F30<\/td><td>600<\/td><td>90<\/td><\/tr><tr><td>MX50\/D10<\/td><td>16000<\/td><td>495:1<\/td><td>160<\/td><td>110<\/td><td>F25, F30<\/td><td>600<\/td><td>105<\/td><\/tr><tr><td>MX60\/D15<\/td><td>24000<\/td><td>845:1<\/td><td>150<\/td><td>160<\/td><td>F25, F30, F35<\/td><td>700<\/td><td>190<\/td><\/tr><tr><td>MX65\/D15<\/td><td>32000<\/td><td>986:1<\/td><td>160<\/td><td>160<\/td><td>F25, F30, F35<\/td><td>700<\/td><td>220<\/td><\/tr><tr><td>MX65\/D20<\/td><td>40000<\/td><td>1273:1<\/td><td>175<\/td><td>160<\/td><td>F30, F35, F40<\/td><td>700<\/td><td>260<\/td><\/tr><tr><td>MX70\/D20<\/td><td>51000<\/td><td>1490:1<\/td><td>175<\/td><td>160<\/td><td>F30, F35, F40<\/td><td>700<\/td><td>290<\/td><\/tr><tr><td>MX85\/D30<\/td><td>130000<\/td><td>2666:1<\/td><td>210<\/td><td>240<\/td><td>F40, F48, F60<\/td><td>800<\/td><td>800<\/td><\/tr><\/tbody><\/table><p>\u00a0<\/p>\t\t\t\t\t\t\t\t<\/div>\n\t\t\t\t<\/div>\n\t\t\t\t\t<\/div>\n\t\t\t\t<\/div>\n\t\t<div class=\"elementor-element elementor-element-8eb2b9e e-flex e-con-boxed e-con e-parent\" data-id=\"8eb2b9e\" data-element_type=\"container\" data-e-type=\"container\">\n\t\t\t\t\t<div class=\"e-con-inner\">\n\t\t\t\t<div class=\"elementor-element elementor-element-4b40753 elementor-widget elementor-widget-spacer\" data-id=\"4b40753\" data-element_type=\"widget\" data-e-type=\"widget\" data-widget_type=\"spacer.default\">\n\t\t\t\t<div class=\"elementor-widget-container\">\n\t\t\t\t\t\t\t<div class=\"elementor-spacer\">\n\t\t\t<div class=\"elementor-spacer-inner\"><\/div>\n\t\t<\/div>\n\t\t\t\t\t\t<\/div>\n\t\t\t\t<\/div>\n\t\t\t\t\t<\/div>\n\t\t\t\t<\/div>\n\t\t<div class=\"elementor-element elementor-element-5acaf17 e-flex e-con-boxed e-con e-parent\" data-id=\"5acaf17\" data-element_type=\"container\" data-e-type=\"container\">\n\t\t\t\t\t<div class=\"e-con-inner\">\n\t\t\t\t<div class=\"elementor-element elementor-element-237bb36 color-scheme-inherit text-left elementor-widget elementor-widget-text-editor\" data-id=\"237bb36\" data-element_type=\"widget\" data-e-type=\"widget\" data-widget_type=\"text-editor.default\">\n\t\t\t\t<div class=\"elementor-widget-container\">\n\t\t\t\t\t\t\t\t\t<table dir=\"ltr\" cellspacing=\"0\" cellpadding=\"0\" data-sheets-root=\"1\" data-sheets-baot=\"1\"><colgroup> <col width=\"46\" \/> <col width=\"61\" \/> <col width=\"305\" \/> <col width=\"305\" \/> <col width=\"305\" \/> <col width=\"305\" \/> <col width=\"305\" \/> <col width=\"305\" \/> <col width=\"305\" \/> <col width=\"305\" \/> <col width=\"305\" \/> <col width=\"305\" \/> <col width=\"305\" \/> <col width=\"305\" \/> <col width=\"305\" \/> <col width=\"305\" \/> <col width=\"305\" \/> <col width=\"305\" \/> <col width=\"305\" \/> <col width=\"305\" \/><\/colgroup><tbody><tr><td><strong>Mod\u00e8le<\/strong><\/td><td><strong>d<\/strong><\/td><td><strong>b<\/strong><\/td><td><strong>t<\/strong><\/td><td><strong>D1<\/strong><\/td><td><strong>n-M<\/strong><\/td><td><strong>A<\/strong><\/td><td><strong>B<\/strong><\/td><td><strong>C<\/strong><\/td><td><strong>D<\/strong><\/td><td><strong>E<\/strong><\/td><td><strong>F<\/strong><\/td><td><strong>\u03a6<\/strong><\/td><td><strong>H<\/strong><\/td><td><strong>h<\/strong><\/td><td>\u00a0<\/td><td>\u00a0<\/td><td>\u00a0<\/td><td>\u00a0<\/td><td>\u00a0<\/td><\/tr><tr><td>MX40\/D10<\/td><td>80<\/td><td>22<\/td><td>90.8<\/td><td>254<\/td><td>8-M16<\/td><td>517<\/td><td>439<\/td><td>360<\/td><td>350<\/td><td>164<\/td><td>89<\/td><td>600<\/td><td>145<\/td><td>89<\/td><td>\u00a0<\/td><td>\u00a0<\/td><td>\u00a0<\/td><td>\u00a0<\/td><td>\u00a0<\/td><\/tr><tr><td>MX50\/D10<\/td><td>80<\/td><td>22<\/td><td>90.8<\/td><td>254<\/td><td>8-M16<\/td><td>517<\/td><td>464<\/td><td>375<\/td><td>350<\/td><td>164<\/td><td>89<\/td><td>600<\/td><td>151<\/td><td>92<\/td><td>\u00a0<\/td><td>\u00a0<\/td><td>\u00a0<\/td><td>\u00a0<\/td><td>\u00a0<\/td><\/tr><tr><td>MX60\/D15<\/td><td>100<\/td><td>32<\/td><td>124.8<\/td><td>298<\/td><td>8-M20<\/td><td>567<\/td><td>560<\/td><td>415<\/td><td>410<\/td><td>215<\/td><td>114<\/td><td>700<\/td><td>166<\/td><td>100<\/td><td>\u00a0<\/td><td>\u00a0<\/td><td>\u00a0<\/td><td>\u00a0<\/td><td>\u00a0<\/td><\/tr><tr><td>MX65\/D15<\/td><td>100<\/td><td>32<\/td><td>124.8<\/td><td>298<\/td><td>8-M20<\/td><td>567<\/td><td>560<\/td><td>415<\/td><td>410<\/td><td>215<\/td><td>114<\/td><td>700<\/td><td>166<\/td><td>100<\/td><td>\u00a0<\/td><td>\u00a0<\/td><td>\u00a0<\/td><td>\u00a0<\/td><td>\u00a0<\/td><\/tr><tr><td>MX65\/D20<\/td><td>130<\/td><td>36<\/td><td>166.8<\/td><td>406<\/td><td>8-M30<\/td><td>630<\/td><td>650<\/td><td>510<\/td><td>475<\/td><td>258<\/td><td>164<\/td><td>700<\/td><td>220<\/td><td>118<\/td><td>\u00a0<\/td><td>\u00a0<\/td><td>\u00a0<\/td><td>\u00a0<\/td><td>\u00a0<\/td><\/tr><tr><td>MX70\/D20<\/td><td>130<\/td><td>36<\/td><td>166.8<\/td><td>406<\/td><td>8-M30<\/td><td>662<\/td><td>715<\/td><td>590<\/td><td>475<\/td><td>258<\/td><td>164<\/td><td>700<\/td><td>240<\/td><td>130<\/td><td>\u00a0<\/td><td>\u00a0<\/td><td>\u00a0<\/td><td>\u00a0<\/td><td>\u00a0<\/td><\/tr><tr><td>MX80\/D30<\/td><td>180<\/td><td>45<\/td><td>200.8<\/td><td>483<\/td><td>12-M36<\/td><td>796<\/td><td>1090<\/td><td>830<\/td><td>686<\/td><td>402<\/td><td>181<\/td><td>800<\/td><td>273<\/td><td>147<\/td><td>\u00a0<\/td><td>\u00a0<\/td><td>\u00a0<\/td><td>\u00a0<\/td><td>\u00a0<\/td><\/tr><\/tbody><\/table>\t\t\t\t\t\t\t\t<\/div>\n\t\t\t\t<\/div>\n\t\t\t\t\t<\/div>\n\t\t\t\t<\/div>\n\t\t\t\t<\/div>","protected":false},"excerpt":{"rendered":"<ul>\n<li><strong>Compact et l\u00e9ger<\/strong>: Con\u00e7u pour un faible volume et un poids l\u00e9ger pour une manipulation ais\u00e9e.<\/li>\n<li><strong>Couple \u00e9lev\u00e9<\/strong>: D\u00e9livre un couple de sortie important pour des performances robustes.<\/li>\n<li><strong>Auto-verrouillage fiable<\/strong>: Garantit un verrouillage automatique fiable pour la s\u00e9curit\u00e9 et la stabilit\u00e9.<\/li>\n<li><strong>Mod\u00e8le M00 am\u00e9lior\u00e9<\/strong>: Am\u00e9lior\u00e9 avec un ratio plus \u00e9lev\u00e9 pour un fonctionnement plus pratique.<\/li>\n<li><strong>Application polyvalente<\/strong>: Convient pour contr\u00f4ler les vannes papillon, les vannes \u00e0 bille, les vannes \u00e0 clapet et d'autres vannes avec une rotation de 90\u00b0.<\/li>\n<\/ul>","protected":false},"featured_media":16173,"comment_status":"open","ping_status":"closed","template":"","meta":[],"product_brand":[],"product_cat":[100,105],"product_tag":[],"class_list":{"0":"post-16172","1":"product","2":"type-product","3":"status-publish","4":"has-post-thumbnail","6":"product_cat-gearbox","7":"product_cat-quarter-turn-gearboxes","9":"first","10":"instock","11":"shipping-taxable","12":"product-type-simple"},"yoast_head":"<!-- This site is optimized with the Yoast SEO plugin v27.4 - https:\/\/yoast.com\/product\/yoast-seo-wordpress\/ -->\n<title>MX Double-Stage Gearbox - sne-gears.com<\/title>\n<meta name=\"robots\" content=\"index, follow, max-snippet:-1, max-image-preview:large, max-video-preview:-1\" \/>\n<link rel=\"canonical\" href=\"https:\/\/sne-gears.com\/fr\/produit\/mx-double-stage-gearbox\/\" \/>\n<meta property=\"og:locale\" content=\"fr_FR\" \/>\n<meta property=\"og:type\" content=\"article\" \/>\n<meta property=\"og:title\" content=\"MX Double-Stage Gearbox - sne-gears.com\" \/>\n<meta property=\"og:description\" content=\"Compact &amp; Lightweight: Designed for small volume and light weight for easy handling.  High Torque Output: Delivers large output torque for robust performance.  Reliable Self-Locking: Ensures dependable self-locking for safety and stability.  Enhanced M00 Model: Improved with a higher ratio for more convenient operation.  Versatile Application: Suitable for controlling butterfly valves, ball valves, plug valves, and other valves with 90\u00b0 rotation.\" \/>\n<meta property=\"og:url\" content=\"https:\/\/sne-gears.com\/fr\/produit\/mx-double-stage-gearbox\/\" \/>\n<meta property=\"og:site_name\" content=\"sne-gears.com\" \/>\n<meta property=\"article:modified_time\" content=\"2024-08-14T01:50:41+00:00\" \/>\n<meta property=\"og:image\" content=\"https:\/\/sne-gears.com\/wp-content\/uploads\/2024\/07\/1720510278160-1200x800.png\" \/>\n\t<meta property=\"og:image:width\" content=\"1200\" \/>\n\t<meta property=\"og:image:height\" content=\"800\" \/>\n\t<meta property=\"og:image:type\" content=\"image\/png\" \/>\n<meta name=\"twitter:card\" content=\"summary_large_image\" \/>\n<meta name=\"twitter:label1\" content=\"Dur\u00e9e de lecture estim\u00e9e\" \/>\n\t<meta name=\"twitter:data1\" content=\"3 minutes\" \/>\n<script type=\"application\/ld+json\" class=\"yoast-schema-graph\">{\"@context\":\"https:\\\/\\\/schema.org\",\"@graph\":[{\"@type\":\"WebPage\",\"@id\":\"https:\\\/\\\/sne-gears.com\\\/product\\\/mx-double-stage-gearbox\\\/\",\"url\":\"https:\\\/\\\/sne-gears.com\\\/product\\\/mx-double-stage-gearbox\\\/\",\"name\":\"MX Double-Stage Gearbox - sne-gears.com\",\"isPartOf\":{\"@id\":\"https:\\\/\\\/sne-gears.com\\\/#website\"},\"primaryImageOfPage\":{\"@id\":\"https:\\\/\\\/sne-gears.com\\\/product\\\/mx-double-stage-gearbox\\\/#primaryimage\"},\"image\":{\"@id\":\"https:\\\/\\\/sne-gears.com\\\/product\\\/mx-double-stage-gearbox\\\/#primaryimage\"},\"thumbnailUrl\":\"https:\\\/\\\/sne-gears.com\\\/wp-content\\\/uploads\\\/2024\\\/07\\\/1720510278160.png\",\"datePublished\":\"2024-07-09T07:38:14+00:00\",\"dateModified\":\"2024-08-14T01:50:41+00:00\",\"breadcrumb\":{\"@id\":\"https:\\\/\\\/sne-gears.com\\\/product\\\/mx-double-stage-gearbox\\\/#breadcrumb\"},\"inLanguage\":\"fr-FR\",\"potentialAction\":[{\"@type\":\"ReadAction\",\"target\":[\"https:\\\/\\\/sne-gears.com\\\/product\\\/mx-double-stage-gearbox\\\/\"]}]},{\"@type\":\"ImageObject\",\"inLanguage\":\"fr-FR\",\"@id\":\"https:\\\/\\\/sne-gears.com\\\/product\\\/mx-double-stage-gearbox\\\/#primaryimage\",\"url\":\"https:\\\/\\\/sne-gears.com\\\/wp-content\\\/uploads\\\/2024\\\/07\\\/1720510278160.png\",\"contentUrl\":\"https:\\\/\\\/sne-gears.com\\\/wp-content\\\/uploads\\\/2024\\\/07\\\/1720510278160.png\",\"width\":5471,\"height\":3647},{\"@type\":\"BreadcrumbList\",\"@id\":\"https:\\\/\\\/sne-gears.com\\\/product\\\/mx-double-stage-gearbox\\\/#breadcrumb\",\"itemListElement\":[{\"@type\":\"ListItem\",\"position\":1,\"name\":\"Home\",\"item\":\"https:\\\/\\\/sne-gears.com\\\/\"},{\"@type\":\"ListItem\",\"position\":2,\"name\":\"Shop\",\"item\":\"https:\\\/\\\/sne-gears.com\\\/shop\\\/\"},{\"@type\":\"ListItem\",\"position\":3,\"name\":\"MX Double-Stage Gearbox\"}]},{\"@type\":\"WebSite\",\"@id\":\"https:\\\/\\\/sne-gears.com\\\/#website\",\"url\":\"https:\\\/\\\/sne-gears.com\\\/\",\"name\":\"sne-gears.com\",\"description\":\"\",\"potentialAction\":[{\"@type\":\"SearchAction\",\"target\":{\"@type\":\"EntryPoint\",\"urlTemplate\":\"https:\\\/\\\/sne-gears.com\\\/?s={search_term_string}\"},\"query-input\":{\"@type\":\"PropertyValueSpecification\",\"valueRequired\":true,\"valueName\":\"search_term_string\"}}],\"inLanguage\":\"fr-FR\"}]}<\/script>\n<!-- \/ Yoast SEO plugin. -->","yoast_head_json":{"title":"MX Double-Stage Gearbox - sne-gears.com","robots":{"index":"index","follow":"follow","max-snippet":"max-snippet:-1","max-image-preview":"max-image-preview:large","max-video-preview":"max-video-preview:-1"},"canonical":"https:\/\/sne-gears.com\/fr\/produit\/mx-double-stage-gearbox\/","og_locale":"fr_FR","og_type":"article","og_title":"MX Double-Stage Gearbox - sne-gears.com","og_description":"Compact &amp; Lightweight: Designed for small volume and light weight for easy handling.  High Torque Output: Delivers large output torque for robust performance.  Reliable Self-Locking: Ensures dependable self-locking for safety and stability.  Enhanced M00 Model: Improved with a higher ratio for more convenient operation.  Versatile Application: Suitable for controlling butterfly valves, ball valves, plug valves, and other valves with 90\u00b0 rotation.","og_url":"https:\/\/sne-gears.com\/fr\/produit\/mx-double-stage-gearbox\/","og_site_name":"sne-gears.com","article_modified_time":"2024-08-14T01:50:41+00:00","og_image":[{"width":1200,"height":800,"url":"https:\/\/sne-gears.com\/wp-content\/uploads\/2024\/07\/1720510278160-1200x800.png","type":"image\/png"}],"twitter_card":"summary_large_image","twitter_misc":{"Dur\u00e9e de lecture estim\u00e9e":"3 minutes"},"schema":{"@context":"https:\/\/schema.org","@graph":[{"@type":"WebPage","@id":"https:\/\/sne-gears.com\/product\/mx-double-stage-gearbox\/","url":"https:\/\/sne-gears.com\/product\/mx-double-stage-gearbox\/","name":"MX Double-Stage Gearbox - sne-gears.com","isPartOf":{"@id":"https:\/\/sne-gears.com\/#website"},"primaryImageOfPage":{"@id":"https:\/\/sne-gears.com\/product\/mx-double-stage-gearbox\/#primaryimage"},"image":{"@id":"https:\/\/sne-gears.com\/product\/mx-double-stage-gearbox\/#primaryimage"},"thumbnailUrl":"https:\/\/sne-gears.com\/wp-content\/uploads\/2024\/07\/1720510278160.png","datePublished":"2024-07-09T07:38:14+00:00","dateModified":"2024-08-14T01:50:41+00:00","breadcrumb":{"@id":"https:\/\/sne-gears.com\/product\/mx-double-stage-gearbox\/#breadcrumb"},"inLanguage":"fr-FR","potentialAction":[{"@type":"ReadAction","target":["https:\/\/sne-gears.com\/product\/mx-double-stage-gearbox\/"]}]},{"@type":"ImageObject","inLanguage":"fr-FR","@id":"https:\/\/sne-gears.com\/product\/mx-double-stage-gearbox\/#primaryimage","url":"https:\/\/sne-gears.com\/wp-content\/uploads\/2024\/07\/1720510278160.png","contentUrl":"https:\/\/sne-gears.com\/wp-content\/uploads\/2024\/07\/1720510278160.png","width":5471,"height":3647},{"@type":"BreadcrumbList","@id":"https:\/\/sne-gears.com\/product\/mx-double-stage-gearbox\/#breadcrumb","itemListElement":[{"@type":"ListItem","position":1,"name":"Home","item":"https:\/\/sne-gears.com\/"},{"@type":"ListItem","position":2,"name":"Shop","item":"https:\/\/sne-gears.com\/shop\/"},{"@type":"ListItem","position":3,"name":"MX Double-Stage Gearbox"}]},{"@type":"WebSite","@id":"https:\/\/sne-gears.com\/#website","url":"https:\/\/sne-gears.com\/","name":"sne-gears.com","description":"","potentialAction":[{"@type":"SearchAction","target":{"@type":"EntryPoint","urlTemplate":"https:\/\/sne-gears.com\/?s={search_term_string}"},"query-input":{"@type":"PropertyValueSpecification","valueRequired":true,"valueName":"search_term_string"}}],"inLanguage":"fr-FR"}]}},"_links":{"self":[{"href":"https:\/\/sne-gears.com\/fr\/wp-json\/wp\/v2\/product\/16172","targetHints":{"allow":["GET"]}}],"collection":[{"href":"https:\/\/sne-gears.com\/fr\/wp-json\/wp\/v2\/product"}],"about":[{"href":"https:\/\/sne-gears.com\/fr\/wp-json\/wp\/v2\/types\/product"}],"replies":[{"embeddable":true,"href":"https:\/\/sne-gears.com\/fr\/wp-json\/wp\/v2\/comments?post=16172"}],"version-history":[{"count":50,"href":"https:\/\/sne-gears.com\/fr\/wp-json\/wp\/v2\/product\/16172\/revisions"}],"predecessor-version":[{"id":17769,"href":"https:\/\/sne-gears.com\/fr\/wp-json\/wp\/v2\/product\/16172\/revisions\/17769"}],"wp:featuredmedia":[{"embeddable":true,"href":"https:\/\/sne-gears.com\/fr\/wp-json\/wp\/v2\/media\/16173"}],"wp:attachment":[{"href":"https:\/\/sne-gears.com\/fr\/wp-json\/wp\/v2\/media?parent=16172"}],"wp:term":[{"taxonomy":"product_brand","embeddable":true,"href":"https:\/\/sne-gears.com\/fr\/wp-json\/wp\/v2\/product_brand?post=16172"},{"taxonomy":"product_cat","embeddable":true,"href":"https:\/\/sne-gears.com\/fr\/wp-json\/wp\/v2\/product_cat?post=16172"},{"taxonomy":"product_tag","embeddable":true,"href":"https:\/\/sne-gears.com\/fr\/wp-json\/wp\/v2\/product_tag?post=16172"}],"curies":[{"name":"wp","href":"https:\/\/api.w.org\/{rel}","templated":true}]}}