{"id":16184,"date":"2024-07-09T12:45:11","date_gmt":"2024-07-09T12:45:11","guid":{"rendered":"https:\/\/sne-gears.com\/?post_type=product&#038;p=16184"},"modified":"2024-08-14T12:09:50","modified_gmt":"2024-08-14T12:09:50","slug":"drive-device-with-helix","status":"publish","type":"product","link":"https:\/\/sne-gears.com\/fr\/produit\/drive-device-with-helix\/","title":{"rendered":"Dispositif d'entra\u00eenement avec Helix"},"content":{"rendered":"<div data-elementor-type=\"wp-post\" data-elementor-id=\"16184\" class=\"elementor elementor-16184\">\n\t\t\t\t<div class=\"elementor-element elementor-element-761e124 e-flex e-con-boxed e-con e-parent\" data-id=\"761e124\" data-element_type=\"container\" data-e-type=\"container\">\n\t\t\t\t\t<div class=\"e-con-inner\">\n\t\t\t\t<div class=\"elementor-element elementor-element-6270b43 elementor-widget elementor-widget-image\" data-id=\"6270b43\" data-element_type=\"widget\" data-e-type=\"widget\" data-widget_type=\"image.default\">\n\t\t\t\t<div class=\"elementor-widget-container\">\n\t\t\t\t\t\t\t\t\t\t\t\t\t\t\t<img fetchpriority=\"high\" decoding=\"async\" width=\"1476\" height=\"632\" src=\"data:image\/gif;base64,R0lGODlhAQABAIAAAAAAAP\/\/\/yH5BAEAAAAALAAAAAABAAEAAAIBRAA7\" data-src=\"https:\/\/sne-gears.com\/wp-content\/uploads\/2024\/07\/\u87ba\u65cb\u624b\u52a8\u5934\u5c3a\u5bf8\u56fe.jpeg\" class=\"attachment-1536x1536 size-1536x1536 wp-image-17062 lazyload\" alt=\"\" data-srcset=\"https:\/\/sne-gears.com\/wp-content\/uploads\/2024\/07\/\u87ba\u65cb\u624b\u52a8\u5934\u5c3a\u5bf8\u56fe.jpeg 1476w, https:\/\/sne-gears.com\/wp-content\/uploads\/2024\/07\/\u87ba\u65cb\u624b\u52a8\u5934\u5c3a\u5bf8\u56fe-400x171.jpeg 400w, https:\/\/sne-gears.com\/wp-content\/uploads\/2024\/07\/\u87ba\u65cb\u624b\u52a8\u5934\u5c3a\u5bf8\u56fe-1300x557.jpeg 1300w, https:\/\/sne-gears.com\/wp-content\/uploads\/2024\/07\/\u87ba\u65cb\u624b\u52a8\u5934\u5c3a\u5bf8\u56fe-768x329.jpeg 768w, https:\/\/sne-gears.com\/wp-content\/uploads\/2024\/07\/\u87ba\u65cb\u624b\u52a8\u5934\u5c3a\u5bf8\u56fe-18x8.jpeg 18w, https:\/\/sne-gears.com\/wp-content\/uploads\/2024\/07\/\u87ba\u65cb\u624b\u52a8\u5934\u5c3a\u5bf8\u56fe-430x184.jpeg 430w, https:\/\/sne-gears.com\/wp-content\/uploads\/2024\/07\/\u87ba\u65cb\u624b\u52a8\u5934\u5c3a\u5bf8\u56fe-700x300.jpeg 700w, https:\/\/sne-gears.com\/wp-content\/uploads\/2024\/07\/\u87ba\u65cb\u624b\u52a8\u5934\u5c3a\u5bf8\u56fe-150x64.jpeg 150w\" sizes=\"(max-width: 1476px) 100vw, 1476px\" \/><noscript><img decoding=\"async\" width=\"1476\" height=\"632\" src=\"https:\/\/sne-gears.com\/wp-content\/uploads\/2024\/07\/\u87ba\u65cb\u624b\u52a8\u5934\u5c3a\u5bf8\u56fe.jpeg\" class=\"attachment-1536x1536 size-1536x1536 wp-image-17062 lazyload\" alt=\"\" srcset=\"https:\/\/sne-gears.com\/wp-content\/uploads\/2024\/07\/\u87ba\u65cb\u624b\u52a8\u5934\u5c3a\u5bf8\u56fe.jpeg 1476w, https:\/\/sne-gears.com\/wp-content\/uploads\/2024\/07\/\u87ba\u65cb\u624b\u52a8\u5934\u5c3a\u5bf8\u56fe-400x171.jpeg 400w, https:\/\/sne-gears.com\/wp-content\/uploads\/2024\/07\/\u87ba\u65cb\u624b\u52a8\u5934\u5c3a\u5bf8\u56fe-1300x557.jpeg 1300w, https:\/\/sne-gears.com\/wp-content\/uploads\/2024\/07\/\u87ba\u65cb\u624b\u52a8\u5934\u5c3a\u5bf8\u56fe-768x329.jpeg 768w, https:\/\/sne-gears.com\/wp-content\/uploads\/2024\/07\/\u87ba\u65cb\u624b\u52a8\u5934\u5c3a\u5bf8\u56fe-18x8.jpeg 18w, https:\/\/sne-gears.com\/wp-content\/uploads\/2024\/07\/\u87ba\u65cb\u624b\u52a8\u5934\u5c3a\u5bf8\u56fe-430x184.jpeg 430w, https:\/\/sne-gears.com\/wp-content\/uploads\/2024\/07\/\u87ba\u65cb\u624b\u52a8\u5934\u5c3a\u5bf8\u56fe-700x300.jpeg 700w, https:\/\/sne-gears.com\/wp-content\/uploads\/2024\/07\/\u87ba\u65cb\u624b\u52a8\u5934\u5c3a\u5bf8\u56fe-150x64.jpeg 150w\" sizes=\"(max-width: 1476px) 100vw, 1476px\" \/><\/noscript>\t\t\t\t\t\t\t\t\t\t\t\t\t\t\t<\/div>\n\t\t\t\t<\/div>\n\t\t\t\t\t<\/div>\n\t\t\t\t<\/div>\n\t\t<div class=\"elementor-element elementor-element-6978d17 e-flex e-con-boxed e-con e-parent\" data-id=\"6978d17\" data-element_type=\"container\" data-e-type=\"container\">\n\t\t\t\t\t<div class=\"e-con-inner\">\n\t\t\t\t<div class=\"elementor-element elementor-element-b2e9265 elementor-widget elementor-widget-heading\" data-id=\"b2e9265\" data-element_type=\"widget\" data-e-type=\"widget\" data-widget_type=\"heading.default\">\n\t\t\t\t<div class=\"elementor-widget-container\">\n\t\t\t\t\t<h2 class=\"elementor-heading-title elementor-size-default\">Tableau des dimensions<\/h2>\t\t\t\t<\/div>\n\t\t\t\t<\/div>\n\t\t\t\t\t<\/div>\n\t\t\t\t<\/div>\n\t\t<div class=\"elementor-element elementor-element-38d0ba3 e-flex e-con-boxed e-con e-parent\" data-id=\"38d0ba3\" data-element_type=\"container\" data-e-type=\"container\">\n\t\t\t\t\t<div class=\"e-con-inner\">\n\t\t\t\t<div class=\"elementor-element elementor-element-504a52e color-scheme-inherit text-left elementor-widget elementor-widget-text-editor\" data-id=\"504a52e\" data-element_type=\"widget\" data-e-type=\"widget\" data-widget_type=\"text-editor.default\">\n\t\t\t\t<div class=\"elementor-widget-container\">\n\t\t\t\t\t\t\t\t\t<table style=\"border-collapse: collapse; width: 702.02pt;\" border=\"0\" width=\"936\" cellspacing=\"0\" cellpadding=\"0\"><tbody><tr style=\"height: 54.00pt;\"><td class=\"et2\" style=\"height: 54.00pt; width: 54.00pt;\" width=\"72\" height=\"72\">Mod\u00e8le<\/td><td class=\"et2\" style=\"width: 54.00pt;\" width=\"72\">Diam\u00e8tre de la vanne (taille)<\/td><td class=\"et2\" style=\"width: 54.00pt;\" width=\"72\">Couple maximal (Nm)<\/td><td class=\"et2\" style=\"width: 54.00pt;\" width=\"72\">d (mm)<\/td><td class=\"et2\" style=\"width: 54.00pt;\" width=\"72\">b (mm)<\/td><td class=\"et2\" style=\"width: 54.00pt;\" width=\"72\">t (mm)<\/td><td class=\"et2\" style=\"width: 54.00pt;\" width=\"72\">D (mm)<\/td><td class=\"et2\" style=\"width: 54.00pt;\" width=\"72\">D1 (mm)<\/td><td class=\"et2\" style=\"width: 54.00pt;\" width=\"72\">Boulons (4-M)<\/td><td class=\"et2\" style=\"width: 54.00pt;\" width=\"72\">H (mm)<\/td><td class=\"et2\" style=\"width: 54.00pt;\" width=\"72\">H1 (mm)<\/td><td class=\"et2\" style=\"width: 54.00pt;\" width=\"72\">\u03a6 (mm)<\/td><td class=\"et2\" style=\"width: 54.00pt;\" width=\"72\">h (mm)<\/td><\/tr><tr style=\"height: 13.50pt;\"><td class=\"et3\" style=\"height: 13.50pt; width: 54.00pt;\" width=\"72\" height=\"18\">LX10<\/td><td class=\"et3\" style=\"width: 54.00pt;\" width=\"72\">2\u2033-3\u2033<\/td><td class=\"et3\" style=\"width: 54.00pt;\" align=\"right\" width=\"72\">100<\/td><td class=\"et3\" style=\"width: 54.00pt;\" align=\"right\" width=\"72\">12.7<\/td><td class=\"et3\" style=\"width: 54.00pt;\" align=\"right\" width=\"72\">3.6<\/td><td class=\"et3\" style=\"width: 54.00pt;\" align=\"right\" width=\"72\">14.1<\/td><td class=\"et3\" style=\"width: 54.00pt;\" align=\"right\" width=\"72\">77<\/td><td class=\"et3\" style=\"width: 54.00pt;\" align=\"right\" width=\"72\">50<\/td><td class=\"et3\" style=\"width: 54.00pt;\" width=\"72\">4-M6<\/td><td class=\"et3\" style=\"width: 54.00pt;\" align=\"right\" width=\"72\">200<\/td><td class=\"et3\" style=\"width: 54.00pt;\" align=\"right\" width=\"72\">145<\/td><td class=\"et3\" style=\"width: 54.00pt;\" align=\"right\" width=\"72\">150<\/td><td class=\"et3\" style=\"width: 54.00pt;\" align=\"right\" width=\"72\">32<\/td><\/tr><tr style=\"height: 13.50pt;\"><td class=\"et3\" style=\"height: 13.50pt; width: 54.00pt;\" width=\"72\" height=\"18\">LX20<\/td><td class=\"et3\" style=\"width: 54.00pt;\" width=\"72\">4&#8243;<\/td><td class=\"et3\" style=\"width: 54.00pt;\" align=\"right\" width=\"72\">200<\/td><td class=\"et3\" style=\"width: 54.00pt;\" align=\"right\" width=\"72\">15.9<\/td><td class=\"et3\" style=\"width: 54.00pt;\" align=\"right\" width=\"72\">5.5<\/td><td class=\"et3\" style=\"width: 54.00pt;\" align=\"right\" width=\"72\">18.2<\/td><td class=\"et3\" style=\"width: 54.00pt;\" align=\"right\" width=\"72\">90<\/td><td class=\"et3\" style=\"width: 54.00pt;\" align=\"right\" width=\"72\">70<\/td><td class=\"et3\" style=\"width: 54.00pt;\" width=\"72\">4-M8<\/td><td class=\"et3\" style=\"width: 54.00pt;\" align=\"right\" width=\"72\">230<\/td><td class=\"et3\" style=\"width: 54.00pt;\" align=\"right\" width=\"72\">168<\/td><td class=\"et3\" style=\"width: 54.00pt;\" align=\"right\" width=\"72\">200<\/td><td class=\"et3\" style=\"width: 54.00pt;\" align=\"right\" width=\"72\">35<\/td><\/tr><tr style=\"height: 13.50pt;\"><td class=\"et3\" style=\"height: 13.50pt; width: 54.00pt;\" width=\"72\" height=\"18\">LX20<\/td><td class=\"et3\" style=\"width: 54.00pt;\" width=\"72\">5\u2033-6\u2033<\/td><td class=\"et3\" style=\"width: 54.00pt;\" align=\"right\" width=\"72\">200<\/td><td class=\"et3\" style=\"width: 54.00pt;\" align=\"right\" width=\"72\">19.05<\/td><td class=\"et3\" style=\"width: 54.00pt;\" align=\"right\" width=\"72\">5.5<\/td><td class=\"et3\" style=\"width: 54.00pt;\" align=\"right\" width=\"72\">21.35<\/td><td class=\"et3\" style=\"width: 54.00pt;\" align=\"right\" width=\"72\">90<\/td><td class=\"et3\" style=\"width: 54.00pt;\" align=\"right\" width=\"72\">70<\/td><td class=\"et3\" style=\"width: 54.00pt;\" width=\"72\">4-M8<\/td><td class=\"et3\" style=\"width: 54.00pt;\" align=\"right\" width=\"72\">230<\/td><td class=\"et3\" style=\"width: 54.00pt;\" align=\"right\" width=\"72\">168<\/td><td class=\"et3\" style=\"width: 54.00pt;\" align=\"right\" width=\"72\">200<\/td><td class=\"et3\" style=\"width: 54.00pt;\" align=\"right\" width=\"72\">35<\/td><\/tr><tr style=\"height: 13.50pt;\"><td class=\"et3\" style=\"height: 13.50pt; width: 54.00pt;\" width=\"72\" height=\"18\">LX50<\/td><td class=\"et3\" style=\"width: 54.00pt;\" width=\"72\">8&#8243;<\/td><td class=\"et3\" style=\"width: 54.00pt;\" align=\"right\" width=\"72\">500<\/td><td class=\"et3\" style=\"width: 54.00pt;\" align=\"right\" width=\"72\">22.2<\/td><td class=\"et3\" style=\"width: 54.00pt;\" align=\"right\" width=\"72\">6.4<\/td><td class=\"et3\" style=\"width: 54.00pt;\" align=\"right\" width=\"72\">25.4<\/td><td class=\"et3\" style=\"width: 54.00pt;\" align=\"right\" width=\"72\">125<\/td><td class=\"et3\" style=\"width: 54.00pt;\" align=\"right\" width=\"72\">102<\/td><td class=\"et3\" style=\"width: 54.00pt;\" width=\"72\">4-M10<\/td><td class=\"et3\" style=\"width: 54.00pt;\" align=\"right\" width=\"72\">259<\/td><td class=\"et3\" style=\"width: 54.00pt;\" align=\"right\" width=\"72\">200<\/td><td class=\"et3\" style=\"width: 54.00pt;\" align=\"right\" width=\"72\">250<\/td><td class=\"et3\" style=\"width: 54.00pt;\" align=\"right\" width=\"72\">44<\/td><\/tr><tr style=\"height: 13.50pt;\"><td class=\"et3\" style=\"height: 13.50pt; width: 54.00pt;\" width=\"72\" height=\"18\">LX50<\/td><td class=\"et3\" style=\"width: 54.00pt;\" width=\"72\">10&#8243;<\/td><td class=\"et3\" style=\"width: 54.00pt;\" align=\"right\" width=\"72\">500<\/td><td class=\"et3\" style=\"width: 54.00pt;\" align=\"right\" width=\"72\">28.6<\/td><td class=\"et3\" style=\"width: 54.00pt;\" align=\"right\" width=\"72\">8.1<\/td><td class=\"et3\" style=\"width: 54.00pt;\" align=\"right\" width=\"72\">31.9<\/td><td class=\"et3\" style=\"width: 54.00pt;\" align=\"right\" width=\"72\">125<\/td><td class=\"et3\" style=\"width: 54.00pt;\" align=\"right\" width=\"72\">102<\/td><td class=\"et3\" style=\"width: 54.00pt;\" width=\"72\">4-M10<\/td><td class=\"et3\" style=\"width: 54.00pt;\" align=\"right\" width=\"72\">259<\/td><td class=\"et3\" style=\"width: 54.00pt;\" align=\"right\" width=\"72\">200<\/td><td class=\"et3\" style=\"width: 54.00pt;\" align=\"right\" width=\"72\">250<\/td><td class=\"et3\" style=\"width: 54.00pt;\" align=\"right\" width=\"72\">44<\/td><\/tr><tr style=\"height: 13.50pt;\"><td class=\"et3\" style=\"height: 13.50pt; width: 54.00pt;\" width=\"72\" height=\"18\">LX60<\/td><td class=\"et3\" style=\"width: 54.00pt;\" width=\"72\">12&#8243;<\/td><td class=\"et3\" style=\"width: 54.00pt;\" align=\"right\" width=\"72\">750<\/td><td class=\"et3\" style=\"width: 54.00pt;\" align=\"right\" width=\"72\">31.8<\/td><td class=\"et3\" style=\"width: 54.00pt;\" align=\"right\" width=\"72\">8.1<\/td><td class=\"et3\" style=\"width: 54.00pt;\" align=\"right\" width=\"72\">35.1<\/td><td class=\"et3\" style=\"width: 54.00pt;\" align=\"right\" width=\"72\">125<\/td><td class=\"et3\" style=\"width: 54.00pt;\" align=\"right\" width=\"72\">102<\/td><td class=\"et3\" style=\"width: 54.00pt;\" width=\"72\">4-M10<\/td><td class=\"et3\" style=\"width: 54.00pt;\" align=\"right\" width=\"72\">293<\/td><td class=\"et3\" style=\"width: 54.00pt;\" align=\"right\" width=\"72\">230<\/td><td class=\"et3\" style=\"width: 54.00pt;\" align=\"right\" width=\"72\">300<\/td><td class=\"et3\" style=\"width: 54.00pt;\" align=\"right\" width=\"72\">46<\/td><\/tr><tr style=\"height: 13.50pt;\"><td class=\"et3\" style=\"height: 13.50pt; width: 54.00pt;\" width=\"72\" height=\"18\">LX120<\/td><td class=\"et3\" style=\"width: 54.00pt;\" width=\"72\">14&#8243;<\/td><td class=\"et3\" style=\"width: 54.00pt;\" align=\"right\" width=\"72\">1200<\/td><td class=\"et3\" style=\"width: 54.00pt;\" align=\"right\" width=\"72\">31.8<\/td><td class=\"et3\" style=\"width: 54.00pt;\" align=\"right\" width=\"72\">8.1<\/td><td class=\"et3\" style=\"width: 54.00pt;\" align=\"right\" width=\"72\">35.1<\/td><td class=\"et3\" style=\"width: 54.00pt;\" align=\"right\" width=\"72\">170<\/td><td class=\"et3\" style=\"width: 54.00pt;\" align=\"right\" width=\"72\">140<\/td><td class=\"et3\" style=\"width: 54.00pt;\" width=\"72\">4-M16<\/td><td class=\"et3\" style=\"width: 54.00pt;\" align=\"right\" width=\"72\">350<\/td><td class=\"et3\" style=\"width: 54.00pt;\" align=\"right\" width=\"72\">271<\/td><td class=\"et3\" style=\"width: 54.00pt;\" align=\"right\" width=\"72\">380<\/td><td class=\"et3\" style=\"width: 54.00pt;\" align=\"right\" width=\"72\">50<\/td><\/tr><\/tbody><\/table>\t\t\t\t\t\t\t\t<\/div>\n\t\t\t\t<\/div>\n\t\t\t\t\t<\/div>\n\t\t\t\t<\/div>\n\t\t<div class=\"elementor-element elementor-element-d085c10 e-flex e-con-boxed e-con e-parent\" data-id=\"d085c10\" data-element_type=\"container\" data-e-type=\"container\">\n\t\t\t\t\t<div class=\"e-con-inner\">\n\t\t\t\t<div class=\"elementor-element elementor-element-41a13ea elementor-widget elementor-widget-heading\" data-id=\"41a13ea\" data-element_type=\"widget\" data-e-type=\"widget\" data-widget_type=\"heading.default\">\n\t\t\t\t<div class=\"elementor-widget-container\">\n\t\t\t\t\t<h2 class=\"elementor-heading-title elementor-size-default\">Mat\u00e9riaux<\/h2>\t\t\t\t<\/div>\n\t\t\t\t<\/div>\n\t\t\t\t\t<\/div>\n\t\t\t\t<\/div>\n\t\t<div class=\"elementor-element elementor-element-5939f0a e-flex e-con-boxed e-con e-parent\" data-id=\"5939f0a\" data-element_type=\"container\" data-e-type=\"container\">\n\t\t\t\t\t<div class=\"e-con-inner\">\n\t\t\t\t<div class=\"elementor-element elementor-element-3cf717c color-scheme-inherit text-left elementor-widget elementor-widget-text-editor\" data-id=\"3cf717c\" data-element_type=\"widget\" data-e-type=\"widget\" data-widget_type=\"text-editor.default\">\n\t\t\t\t<div class=\"elementor-widget-container\">\n\t\t\t\t\t\t\t\t\t<table style=\"color: #333333; font-size: 16px;\"><thead><tr><th><span style=\"font-weight: 400;\">Composant<\/span><\/th><th><span style=\"font-weight: 400;\">Mat\u00e9riau<\/span><\/th><\/tr><\/thead><tbody><tr><td>Corps<\/td><td>Fonte<\/td><\/tr><tr><td>Couvercle de l'h\u00e9lix<\/td><td>45#<\/td><\/tr><tr><td>Vis<\/td><td>45#<\/td><\/tr><tr><td>Ecrou \u00e0 vis<\/td><td>Bronze<\/td><\/tr><\/tbody><\/table>\t\t\t\t\t\t\t\t<\/div>\n\t\t\t\t<\/div>\n\t\t\t\t\t<\/div>\n\t\t\t\t<\/div>\n\t\t\t\t<\/div>","protected":false},"excerpt":{"rendered":"<ul>\n<li><strong>Compact et l\u00e9ger<\/strong>: Caract\u00e9ris\u00e9 par une petite taille et un poids l\u00e9ger pour une manipulation et une installation faciles.<\/li>\n<li><strong>Couple de sortie \u00e9lev\u00e9<\/strong>: D\u00e9livre un couple de sortie important pour des performances puissantes.<\/li>\n<li><strong>Structure rationnelle<\/strong>: Con\u00e7u avec une structure rationnelle pour une fiabilit\u00e9 et une facilit\u00e9 d'utilisation accrues.<\/li>\n<li><strong>Facile \u00e0 utiliser<\/strong>: Utilisation simple et conviviale.<\/li>\n<li><strong>Capacit\u00e9 d'auto-soutien fiable<\/strong>: Permet une capacit\u00e9 d'auto-maintien fiable afin de garantir un fonctionnement s\u00fbr.<\/li>\n<li><strong>Id\u00e9al pour les conduits souterrains<\/strong>: Convient pour contr\u00f4ler les vannes papillon rotatives \u00e0 90\u00b0, les vannes \u00e0 bille et les vannes \u00e0 clapet dans les syst\u00e8mes de conduits souterrains.<\/li>\n<\/ul>","protected":false},"featured_media":16185,"comment_status":"open","ping_status":"closed","template":"","meta":[],"product_brand":[],"product_cat":[121],"product_tag":[],"class_list":{"0":"post-16184","1":"product","2":"type-product","3":"status-publish","4":"has-post-thumbnail","6":"product_cat-helix-drive-device","8":"first","9":"instock","10":"shipping-taxable","11":"product-type-simple"},"yoast_head":"<!-- This site is optimized with the Yoast SEO plugin v27.4 - https:\/\/yoast.com\/product\/yoast-seo-wordpress\/ -->\n<title>Drive Device With Helix - sne-gears.com<\/title>\n<meta name=\"robots\" content=\"index, follow, max-snippet:-1, max-image-preview:large, max-video-preview:-1\" \/>\n<link rel=\"canonical\" href=\"https:\/\/sne-gears.com\/fr\/produit\/drive-device-with-helix\/\" \/>\n<meta property=\"og:locale\" content=\"fr_FR\" \/>\n<meta property=\"og:type\" content=\"article\" \/>\n<meta property=\"og:title\" content=\"Drive Device With Helix - sne-gears.com\" \/>\n<meta property=\"og:description\" content=\"Compact &amp; Lightweight: Characterized by a small size and light weight for easy handling and installation.  High Output Torque: Delivers large output torque for powerful performance.  Rational Structure: Designed with a rational structure for enhanced reliability and ease of use.  Easy to Operate: Simple and user-friendly operation.  Reliable Self-Holding Capacity: Provides dependable self-holding capability to ensure secure operation.  Ideal for Underground Conduit: Suitable for controlling 90\u00b0 rotary butterfly valves, ball valves, and plug valves in underground conduit systems.\" \/>\n<meta property=\"og:url\" content=\"https:\/\/sne-gears.com\/fr\/produit\/drive-device-with-helix\/\" \/>\n<meta property=\"og:site_name\" content=\"sne-gears.com\" \/>\n<meta property=\"article:modified_time\" content=\"2024-08-14T12:09:50+00:00\" \/>\n<meta property=\"og:image\" content=\"https:\/\/sne-gears.com\/wp-content\/uploads\/2024\/07\/1720528957892.png\" \/>\n\t<meta property=\"og:image:width\" content=\"711\" \/>\n\t<meta property=\"og:image:height\" content=\"424\" \/>\n\t<meta property=\"og:image:type\" content=\"image\/png\" \/>\n<meta name=\"twitter:card\" content=\"summary_large_image\" \/>\n<meta name=\"twitter:label1\" content=\"Dur\u00e9e de lecture estim\u00e9e\" \/>\n\t<meta name=\"twitter:data1\" content=\"1 minute\" \/>\n<script type=\"application\/ld+json\" class=\"yoast-schema-graph\">{\"@context\":\"https:\\\/\\\/schema.org\",\"@graph\":[{\"@type\":\"WebPage\",\"@id\":\"https:\\\/\\\/sne-gears.com\\\/product\\\/drive-device-with-helix\\\/\",\"url\":\"https:\\\/\\\/sne-gears.com\\\/product\\\/drive-device-with-helix\\\/\",\"name\":\"Drive Device With Helix - sne-gears.com\",\"isPartOf\":{\"@id\":\"https:\\\/\\\/sne-gears.com\\\/#website\"},\"primaryImageOfPage\":{\"@id\":\"https:\\\/\\\/sne-gears.com\\\/product\\\/drive-device-with-helix\\\/#primaryimage\"},\"image\":{\"@id\":\"https:\\\/\\\/sne-gears.com\\\/product\\\/drive-device-with-helix\\\/#primaryimage\"},\"thumbnailUrl\":\"https:\\\/\\\/sne-gears.com\\\/wp-content\\\/uploads\\\/2024\\\/07\\\/1720528957892.png\",\"datePublished\":\"2024-07-09T12:45:11+00:00\",\"dateModified\":\"2024-08-14T12:09:50+00:00\",\"breadcrumb\":{\"@id\":\"https:\\\/\\\/sne-gears.com\\\/product\\\/drive-device-with-helix\\\/#breadcrumb\"},\"inLanguage\":\"fr-FR\",\"potentialAction\":[{\"@type\":\"ReadAction\",\"target\":[\"https:\\\/\\\/sne-gears.com\\\/product\\\/drive-device-with-helix\\\/\"]}]},{\"@type\":\"ImageObject\",\"inLanguage\":\"fr-FR\",\"@id\":\"https:\\\/\\\/sne-gears.com\\\/product\\\/drive-device-with-helix\\\/#primaryimage\",\"url\":\"https:\\\/\\\/sne-gears.com\\\/wp-content\\\/uploads\\\/2024\\\/07\\\/1720528957892.png\",\"contentUrl\":\"https:\\\/\\\/sne-gears.com\\\/wp-content\\\/uploads\\\/2024\\\/07\\\/1720528957892.png\",\"width\":711,\"height\":424},{\"@type\":\"BreadcrumbList\",\"@id\":\"https:\\\/\\\/sne-gears.com\\\/product\\\/drive-device-with-helix\\\/#breadcrumb\",\"itemListElement\":[{\"@type\":\"ListItem\",\"position\":1,\"name\":\"Home\",\"item\":\"https:\\\/\\\/sne-gears.com\\\/\"},{\"@type\":\"ListItem\",\"position\":2,\"name\":\"Shop\",\"item\":\"https:\\\/\\\/sne-gears.com\\\/shop\\\/\"},{\"@type\":\"ListItem\",\"position\":3,\"name\":\"Drive Device With Helix\"}]},{\"@type\":\"WebSite\",\"@id\":\"https:\\\/\\\/sne-gears.com\\\/#website\",\"url\":\"https:\\\/\\\/sne-gears.com\\\/\",\"name\":\"sne-gears.com\",\"description\":\"\",\"potentialAction\":[{\"@type\":\"SearchAction\",\"target\":{\"@type\":\"EntryPoint\",\"urlTemplate\":\"https:\\\/\\\/sne-gears.com\\\/?s={search_term_string}\"},\"query-input\":{\"@type\":\"PropertyValueSpecification\",\"valueRequired\":true,\"valueName\":\"search_term_string\"}}],\"inLanguage\":\"fr-FR\"}]}<\/script>\n<!-- \/ Yoast SEO plugin. -->","yoast_head_json":{"title":"Drive Device With Helix - sne-gears.com","robots":{"index":"index","follow":"follow","max-snippet":"max-snippet:-1","max-image-preview":"max-image-preview:large","max-video-preview":"max-video-preview:-1"},"canonical":"https:\/\/sne-gears.com\/fr\/produit\/drive-device-with-helix\/","og_locale":"fr_FR","og_type":"article","og_title":"Drive Device With Helix - sne-gears.com","og_description":"Compact &amp; Lightweight: Characterized by a small size and light weight for easy handling and installation.  High Output Torque: Delivers large output torque for powerful performance.  Rational Structure: Designed with a rational structure for enhanced reliability and ease of use.  Easy to Operate: Simple and user-friendly operation.  Reliable Self-Holding Capacity: Provides dependable self-holding capability to ensure secure operation.  Ideal for Underground Conduit: Suitable for controlling 90\u00b0 rotary butterfly valves, ball valves, and plug valves in underground conduit systems.","og_url":"https:\/\/sne-gears.com\/fr\/produit\/drive-device-with-helix\/","og_site_name":"sne-gears.com","article_modified_time":"2024-08-14T12:09:50+00:00","og_image":[{"width":711,"height":424,"url":"https:\/\/sne-gears.com\/wp-content\/uploads\/2024\/07\/1720528957892.png","type":"image\/png"}],"twitter_card":"summary_large_image","twitter_misc":{"Dur\u00e9e de lecture estim\u00e9e":"1 minute"},"schema":{"@context":"https:\/\/schema.org","@graph":[{"@type":"WebPage","@id":"https:\/\/sne-gears.com\/product\/drive-device-with-helix\/","url":"https:\/\/sne-gears.com\/product\/drive-device-with-helix\/","name":"Drive Device With Helix - sne-gears.com","isPartOf":{"@id":"https:\/\/sne-gears.com\/#website"},"primaryImageOfPage":{"@id":"https:\/\/sne-gears.com\/product\/drive-device-with-helix\/#primaryimage"},"image":{"@id":"https:\/\/sne-gears.com\/product\/drive-device-with-helix\/#primaryimage"},"thumbnailUrl":"https:\/\/sne-gears.com\/wp-content\/uploads\/2024\/07\/1720528957892.png","datePublished":"2024-07-09T12:45:11+00:00","dateModified":"2024-08-14T12:09:50+00:00","breadcrumb":{"@id":"https:\/\/sne-gears.com\/product\/drive-device-with-helix\/#breadcrumb"},"inLanguage":"fr-FR","potentialAction":[{"@type":"ReadAction","target":["https:\/\/sne-gears.com\/product\/drive-device-with-helix\/"]}]},{"@type":"ImageObject","inLanguage":"fr-FR","@id":"https:\/\/sne-gears.com\/product\/drive-device-with-helix\/#primaryimage","url":"https:\/\/sne-gears.com\/wp-content\/uploads\/2024\/07\/1720528957892.png","contentUrl":"https:\/\/sne-gears.com\/wp-content\/uploads\/2024\/07\/1720528957892.png","width":711,"height":424},{"@type":"BreadcrumbList","@id":"https:\/\/sne-gears.com\/product\/drive-device-with-helix\/#breadcrumb","itemListElement":[{"@type":"ListItem","position":1,"name":"Home","item":"https:\/\/sne-gears.com\/"},{"@type":"ListItem","position":2,"name":"Shop","item":"https:\/\/sne-gears.com\/shop\/"},{"@type":"ListItem","position":3,"name":"Drive Device With Helix"}]},{"@type":"WebSite","@id":"https:\/\/sne-gears.com\/#website","url":"https:\/\/sne-gears.com\/","name":"sne-gears.com","description":"","potentialAction":[{"@type":"SearchAction","target":{"@type":"EntryPoint","urlTemplate":"https:\/\/sne-gears.com\/?s={search_term_string}"},"query-input":{"@type":"PropertyValueSpecification","valueRequired":true,"valueName":"search_term_string"}}],"inLanguage":"fr-FR"}]}},"_links":{"self":[{"href":"https:\/\/sne-gears.com\/fr\/wp-json\/wp\/v2\/product\/16184","targetHints":{"allow":["GET"]}}],"collection":[{"href":"https:\/\/sne-gears.com\/fr\/wp-json\/wp\/v2\/product"}],"about":[{"href":"https:\/\/sne-gears.com\/fr\/wp-json\/wp\/v2\/types\/product"}],"replies":[{"embeddable":true,"href":"https:\/\/sne-gears.com\/fr\/wp-json\/wp\/v2\/comments?post=16184"}],"version-history":[{"count":39,"href":"https:\/\/sne-gears.com\/fr\/wp-json\/wp\/v2\/product\/16184\/revisions"}],"predecessor-version":[{"id":17984,"href":"https:\/\/sne-gears.com\/fr\/wp-json\/wp\/v2\/product\/16184\/revisions\/17984"}],"wp:featuredmedia":[{"embeddable":true,"href":"https:\/\/sne-gears.com\/fr\/wp-json\/wp\/v2\/media\/16185"}],"wp:attachment":[{"href":"https:\/\/sne-gears.com\/fr\/wp-json\/wp\/v2\/media?parent=16184"}],"wp:term":[{"taxonomy":"product_brand","embeddable":true,"href":"https:\/\/sne-gears.com\/fr\/wp-json\/wp\/v2\/product_brand?post=16184"},{"taxonomy":"product_cat","embeddable":true,"href":"https:\/\/sne-gears.com\/fr\/wp-json\/wp\/v2\/product_cat?post=16184"},{"taxonomy":"product_tag","embeddable":true,"href":"https:\/\/sne-gears.com\/fr\/wp-json\/wp\/v2\/product_tag?post=16184"}],"curies":[{"name":"wp","href":"https:\/\/api.w.org\/{rel}","templated":true}]}}