{"id":16187,"date":"2024-07-09T12:48:25","date_gmt":"2024-07-09T12:48:25","guid":{"rendered":"https:\/\/sne-gears.com\/?post_type=product&#038;p=16187"},"modified":"2024-08-14T02:06:48","modified_gmt":"2024-08-14T02:06:48","slug":"3c-approval-gearbox-with-switching-signal","status":"publish","type":"product","link":"https:\/\/sne-gears.com\/fr\/produit\/3c-approval-gearbox-with-switching-signal\/","title":{"rendered":"R\u00e9ducteur d'approbation 3C avec signal de commutation"},"content":{"rendered":"<div data-elementor-type=\"wp-post\" data-elementor-id=\"16187\" class=\"elementor elementor-16187\">\n\t\t\t\t<div class=\"elementor-element elementor-element-d5554bd e-flex e-con-boxed e-con e-parent\" data-id=\"d5554bd\" data-element_type=\"container\" data-e-type=\"container\">\n\t\t\t\t\t<div class=\"e-con-inner\">\n\t\t\t\t<div class=\"elementor-element elementor-element-68ee4d0 elementor-widget elementor-widget-image\" data-id=\"68ee4d0\" data-element_type=\"widget\" data-e-type=\"widget\" data-widget_type=\"image.default\">\n\t\t\t\t<div class=\"elementor-widget-container\">\n\t\t\t\t\t\t\t\t\t\t\t\t\t\t\t<img fetchpriority=\"high\" decoding=\"async\" width=\"1200\" height=\"600\" src=\"data:image\/gif;base64,R0lGODlhAQABAIAAAAAAAP\/\/\/yH5BAEAAAAALAAAAAABAAEAAAIBRAA7\" data-src=\"https:\/\/sne-gears.com\/wp-content\/uploads\/2024\/07\/26.jpg\" class=\"attachment-2048x2048 size-2048x2048 wp-image-17115 lazyload\" alt=\"\" data-srcset=\"https:\/\/sne-gears.com\/wp-content\/uploads\/2024\/07\/26.jpg 1200w, https:\/\/sne-gears.com\/wp-content\/uploads\/2024\/07\/26-400x200.jpg 400w, https:\/\/sne-gears.com\/wp-content\/uploads\/2024\/07\/26-768x384.jpg 768w, https:\/\/sne-gears.com\/wp-content\/uploads\/2024\/07\/26-18x9.jpg 18w, https:\/\/sne-gears.com\/wp-content\/uploads\/2024\/07\/26-430x215.jpg 430w, https:\/\/sne-gears.com\/wp-content\/uploads\/2024\/07\/26-700x350.jpg 700w, https:\/\/sne-gears.com\/wp-content\/uploads\/2024\/07\/26-150x75.jpg 150w\" sizes=\"(max-width: 1200px) 100vw, 1200px\" \/><noscript><img decoding=\"async\" width=\"1200\" height=\"600\" src=\"https:\/\/sne-gears.com\/wp-content\/uploads\/2024\/07\/26.jpg\" class=\"attachment-2048x2048 size-2048x2048 wp-image-17115 lazyload\" alt=\"\" srcset=\"https:\/\/sne-gears.com\/wp-content\/uploads\/2024\/07\/26.jpg 1200w, https:\/\/sne-gears.com\/wp-content\/uploads\/2024\/07\/26-400x200.jpg 400w, https:\/\/sne-gears.com\/wp-content\/uploads\/2024\/07\/26-768x384.jpg 768w, https:\/\/sne-gears.com\/wp-content\/uploads\/2024\/07\/26-18x9.jpg 18w, https:\/\/sne-gears.com\/wp-content\/uploads\/2024\/07\/26-430x215.jpg 430w, https:\/\/sne-gears.com\/wp-content\/uploads\/2024\/07\/26-700x350.jpg 700w, https:\/\/sne-gears.com\/wp-content\/uploads\/2024\/07\/26-150x75.jpg 150w\" sizes=\"(max-width: 1200px) 100vw, 1200px\" \/><\/noscript>\t\t\t\t\t\t\t\t\t\t\t\t\t\t\t<\/div>\n\t\t\t\t<\/div>\n\t\t\t\t\t<\/div>\n\t\t\t\t<\/div>\n\t\t<div class=\"elementor-element elementor-element-437537b e-flex e-con-boxed e-con e-parent\" data-id=\"437537b\" data-element_type=\"container\" data-e-type=\"container\">\n\t\t\t\t\t<div class=\"e-con-inner\">\n\t\t\t\t<div class=\"elementor-element elementor-element-aa75c5b color-scheme-inherit text-left elementor-widget elementor-widget-text-editor\" data-id=\"aa75c5b\" data-element_type=\"widget\" data-e-type=\"widget\" data-widget_type=\"text-editor.default\">\n\t\t\t\t<div class=\"elementor-widget-container\">\n\t\t\t\t\t\t\t\t\t<h2>Param\u00e8tres techniques<\/h2><table dir=\"ltr\" border=\"1\" cellspacing=\"0\" cellpadding=\"0\" data-sheets-root=\"1\" data-sheets-baot=\"1\"><colgroup> <col width=\"115\" \/> <col width=\"117\" \/> <col width=\"100\" \/> <col width=\"100\" \/> <col width=\"100\" \/> <col width=\"100\" \/> <col width=\"100\" \/> <col width=\"100\" \/> <col width=\"100\" \/> <col width=\"100\" \/> <col width=\"100\" \/> <col width=\"100\" \/> <col width=\"100\" \/> <col width=\"100\" \/> <col width=\"100\" \/> <col width=\"100\" \/> <col width=\"100\" \/> <col width=\"100\" \/><\/colgroup><tbody><tr><td>\u00a0 \u00a0Mod\u00e8le\u00a0 \u00a0<\/td><td>Couple maximal (N-m)<\/td><td>Ratio<\/td><td>Ouverture disponible de la vanne papillon (syst\u00e8me m\u00e9trique)<\/td><td>Ouverture disponible de la vanne papillon (syst\u00e8me britannique)<\/td><td>d (mm)<\/td><td>b (mm)<\/td><td>t (mm)<\/td><td>D1 (mm)<\/td><td>Boulons (4-M)<\/td><td>A (mm)<\/td><td>B (mm)<\/td><td>C (mm)<\/td><td>D (mm)<\/td><td>\u03a6 (mm)<\/td><td>H (mm)<\/td><td>h (mm)<\/td><td>L (mm)<\/td><\/tr><tr><td>3D-15<\/td><td>170<\/td><td>24:1<\/td><td>50-80<\/td><td>2\u2033-3\u2033<\/td><td>12.7<\/td><td>3<\/td><td>14.1<\/td><td>50<\/td><td>4-M6<\/td><td>156<\/td><td>125<\/td><td>45<\/td><td>105<\/td><td>150<\/td><td>58<\/td><td>29<\/td><td>46<\/td><\/tr><tr><td>3D-15<\/td><td>100<\/td><td>24:1<\/td><td>100<\/td><td>4&#8243;<\/td><td>15.9<\/td><td>5<\/td><td>18.2<\/td><td>70<\/td><td>4-M8<\/td><td>156<\/td><td>125<\/td><td>45<\/td><td>105<\/td><td>150<\/td><td>58<\/td><td>29<\/td><td>46<\/td><\/tr><tr><td>3D-30<\/td><td>250<\/td><td>30:1<\/td><td>125-150<\/td><td>5\u2033-6\u2033<\/td><td>19.05<\/td><td>5<\/td><td>21.35<\/td><td>70<\/td><td>4-M8<\/td><td>240<\/td><td>167<\/td><td>63<\/td><td>142<\/td><td>300<\/td><td>69<\/td><td>35<\/td><td>46<\/td><\/tr><tr><td>3D-50<\/td><td>750<\/td><td>30:1<\/td><td>200<\/td><td>8&#8243;<\/td><td>22.2<\/td><td>5<\/td><td>24.5<\/td><td>102<\/td><td>4-M10<\/td><td>240<\/td><td>167<\/td><td>63<\/td><td>142<\/td><td>300<\/td><td>69<\/td><td>35<\/td><td>46<\/td><\/tr><tr><td>3D-50<\/td><td>250<\/td><td>30:1<\/td><td>250<\/td><td>10&#8243;<\/td><td>28.6<\/td><td>8<\/td><td>31.9<\/td><td>102<\/td><td>4-M10<\/td><td>240<\/td><td>167<\/td><td>63<\/td><td>142<\/td><td>300<\/td><td>69<\/td><td>35<\/td><td>46<\/td><\/tr><tr><td>3D-120<\/td><td>1200<\/td><td>50:1<\/td><td>300-350<\/td><td>12\u2033-14\u2033<\/td><td>31.8<\/td><td>8<\/td><td>35.1<\/td><td>125<\/td><td>4-M12<\/td><td>229<\/td><td>190<\/td><td>78<\/td><td>156<\/td><td>300<\/td><td>73<\/td><td>38<\/td><td>47<\/td><\/tr><\/tbody><\/table>\t\t\t\t\t\t\t\t<\/div>\n\t\t\t\t<\/div>\n\t\t\t\t\t<\/div>\n\t\t\t\t<\/div>\n\t\t\t\t<\/div>","protected":false},"excerpt":{"rendered":"<ul>\n<li><strong>Conformit\u00e9 \u00e0 la certification 3C<\/strong>: Con\u00e7u pour r\u00e9pondre aux exigences de la certification 3C en mati\u00e8re de qualit\u00e9 et de s\u00e9curit\u00e9.<\/li>\n<li><strong>Actionneur am\u00e9lior\u00e9<\/strong>: Bas\u00e9 sur un actionneur standard auquel est ajout\u00e9 un micro-interrupteur.<\/li>\n<li><strong>Signal de l'interrupteur \u00e0 distance<\/strong>: Capable de fournir des signaux de commutation \u00e0 distance pour indiquer l'\u00e9tat du commutateur de la vanne.<\/li>\n<li><strong>Indication de la position de la vanne<\/strong>: \u00e9met un signal lorsque la vanne est compl\u00e8tement ouverte.<\/li>\n<\/ul>","protected":false},"featured_media":16188,"comment_status":"open","ping_status":"closed","template":"","meta":[],"product_brand":[],"product_cat":[100,105],"product_tag":[],"class_list":{"0":"post-16187","1":"product","2":"type-product","3":"status-publish","4":"has-post-thumbnail","6":"product_cat-gearbox","7":"product_cat-quarter-turn-gearboxes","9":"first","10":"instock","11":"shipping-taxable","12":"product-type-external"},"yoast_head":"<!-- This site is optimized with the Yoast SEO plugin v27.4 - https:\/\/yoast.com\/product\/yoast-seo-wordpress\/ -->\n<title>3C Approval Gearbox With Switching Signal - sne-gears.com<\/title>\n<meta name=\"robots\" content=\"index, follow, max-snippet:-1, max-image-preview:large, max-video-preview:-1\" \/>\n<link rel=\"canonical\" href=\"https:\/\/sne-gears.com\/fr\/produit\/3c-approval-gearbox-with-switching-signal\/\" \/>\n<meta property=\"og:locale\" content=\"fr_FR\" \/>\n<meta property=\"og:type\" content=\"article\" \/>\n<meta property=\"og:title\" content=\"3C Approval Gearbox With Switching Signal - sne-gears.com\" \/>\n<meta property=\"og:description\" content=\"3C Certification Compliance: Designed to meet 3C certification requirements for quality and safety.  Enhanced Actuator: Based on a standard actuator with an added micro switch.  Remote Switch Signal: Capable of providing remote switch signals to indicate valve switch status.  Valve Position Indication: Outputs a signal when the valve is fully open.\" \/>\n<meta property=\"og:url\" content=\"https:\/\/sne-gears.com\/fr\/produit\/3c-approval-gearbox-with-switching-signal\/\" \/>\n<meta property=\"og:site_name\" content=\"sne-gears.com\" \/>\n<meta property=\"article:modified_time\" content=\"2024-08-14T02:06:48+00:00\" \/>\n<meta property=\"og:image\" content=\"https:\/\/sne-gears.com\/wp-content\/uploads\/2024\/07\/1720529203017.png\" \/>\n\t<meta property=\"og:image:width\" content=\"711\" \/>\n\t<meta property=\"og:image:height\" content=\"424\" \/>\n\t<meta property=\"og:image:type\" content=\"image\/png\" \/>\n<meta name=\"twitter:card\" content=\"summary_large_image\" \/>\n<meta name=\"twitter:label1\" content=\"Dur\u00e9e de lecture estim\u00e9e\" \/>\n\t<meta name=\"twitter:data1\" content=\"1 minute\" \/>\n<script type=\"application\/ld+json\" class=\"yoast-schema-graph\">{\"@context\":\"https:\\\/\\\/schema.org\",\"@graph\":[{\"@type\":\"WebPage\",\"@id\":\"https:\\\/\\\/sne-gears.com\\\/product\\\/3c-approval-gearbox-with-switching-signal\\\/\",\"url\":\"https:\\\/\\\/sne-gears.com\\\/product\\\/3c-approval-gearbox-with-switching-signal\\\/\",\"name\":\"3C Approval Gearbox With Switching Signal - sne-gears.com\",\"isPartOf\":{\"@id\":\"https:\\\/\\\/sne-gears.com\\\/#website\"},\"primaryImageOfPage\":{\"@id\":\"https:\\\/\\\/sne-gears.com\\\/product\\\/3c-approval-gearbox-with-switching-signal\\\/#primaryimage\"},\"image\":{\"@id\":\"https:\\\/\\\/sne-gears.com\\\/product\\\/3c-approval-gearbox-with-switching-signal\\\/#primaryimage\"},\"thumbnailUrl\":\"https:\\\/\\\/sne-gears.com\\\/wp-content\\\/uploads\\\/2024\\\/07\\\/1720529203017.png\",\"datePublished\":\"2024-07-09T12:48:25+00:00\",\"dateModified\":\"2024-08-14T02:06:48+00:00\",\"breadcrumb\":{\"@id\":\"https:\\\/\\\/sne-gears.com\\\/product\\\/3c-approval-gearbox-with-switching-signal\\\/#breadcrumb\"},\"inLanguage\":\"fr-FR\",\"potentialAction\":[{\"@type\":\"ReadAction\",\"target\":[\"https:\\\/\\\/sne-gears.com\\\/product\\\/3c-approval-gearbox-with-switching-signal\\\/\"]}]},{\"@type\":\"ImageObject\",\"inLanguage\":\"fr-FR\",\"@id\":\"https:\\\/\\\/sne-gears.com\\\/product\\\/3c-approval-gearbox-with-switching-signal\\\/#primaryimage\",\"url\":\"https:\\\/\\\/sne-gears.com\\\/wp-content\\\/uploads\\\/2024\\\/07\\\/1720529203017.png\",\"contentUrl\":\"https:\\\/\\\/sne-gears.com\\\/wp-content\\\/uploads\\\/2024\\\/07\\\/1720529203017.png\",\"width\":711,\"height\":424},{\"@type\":\"BreadcrumbList\",\"@id\":\"https:\\\/\\\/sne-gears.com\\\/product\\\/3c-approval-gearbox-with-switching-signal\\\/#breadcrumb\",\"itemListElement\":[{\"@type\":\"ListItem\",\"position\":1,\"name\":\"Home\",\"item\":\"https:\\\/\\\/sne-gears.com\\\/\"},{\"@type\":\"ListItem\",\"position\":2,\"name\":\"Shop\",\"item\":\"https:\\\/\\\/sne-gears.com\\\/shop\\\/\"},{\"@type\":\"ListItem\",\"position\":3,\"name\":\"3C Approval Gearbox With Switching Signal\"}]},{\"@type\":\"WebSite\",\"@id\":\"https:\\\/\\\/sne-gears.com\\\/#website\",\"url\":\"https:\\\/\\\/sne-gears.com\\\/\",\"name\":\"sne-gears.com\",\"description\":\"\",\"potentialAction\":[{\"@type\":\"SearchAction\",\"target\":{\"@type\":\"EntryPoint\",\"urlTemplate\":\"https:\\\/\\\/sne-gears.com\\\/?s={search_term_string}\"},\"query-input\":{\"@type\":\"PropertyValueSpecification\",\"valueRequired\":true,\"valueName\":\"search_term_string\"}}],\"inLanguage\":\"fr-FR\"}]}<\/script>\n<!-- \/ Yoast SEO plugin. -->","yoast_head_json":{"title":"3C Approval Gearbox With Switching Signal - sne-gears.com","robots":{"index":"index","follow":"follow","max-snippet":"max-snippet:-1","max-image-preview":"max-image-preview:large","max-video-preview":"max-video-preview:-1"},"canonical":"https:\/\/sne-gears.com\/fr\/produit\/3c-approval-gearbox-with-switching-signal\/","og_locale":"fr_FR","og_type":"article","og_title":"3C Approval Gearbox With Switching Signal - sne-gears.com","og_description":"3C Certification Compliance: Designed to meet 3C certification requirements for quality and safety.  Enhanced Actuator: Based on a standard actuator with an added micro switch.  Remote Switch Signal: Capable of providing remote switch signals to indicate valve switch status.  Valve Position Indication: Outputs a signal when the valve is fully open.","og_url":"https:\/\/sne-gears.com\/fr\/produit\/3c-approval-gearbox-with-switching-signal\/","og_site_name":"sne-gears.com","article_modified_time":"2024-08-14T02:06:48+00:00","og_image":[{"width":711,"height":424,"url":"https:\/\/sne-gears.com\/wp-content\/uploads\/2024\/07\/1720529203017.png","type":"image\/png"}],"twitter_card":"summary_large_image","twitter_misc":{"Dur\u00e9e de lecture estim\u00e9e":"1 minute"},"schema":{"@context":"https:\/\/schema.org","@graph":[{"@type":"WebPage","@id":"https:\/\/sne-gears.com\/product\/3c-approval-gearbox-with-switching-signal\/","url":"https:\/\/sne-gears.com\/product\/3c-approval-gearbox-with-switching-signal\/","name":"3C Approval Gearbox With Switching Signal - sne-gears.com","isPartOf":{"@id":"https:\/\/sne-gears.com\/#website"},"primaryImageOfPage":{"@id":"https:\/\/sne-gears.com\/product\/3c-approval-gearbox-with-switching-signal\/#primaryimage"},"image":{"@id":"https:\/\/sne-gears.com\/product\/3c-approval-gearbox-with-switching-signal\/#primaryimage"},"thumbnailUrl":"https:\/\/sne-gears.com\/wp-content\/uploads\/2024\/07\/1720529203017.png","datePublished":"2024-07-09T12:48:25+00:00","dateModified":"2024-08-14T02:06:48+00:00","breadcrumb":{"@id":"https:\/\/sne-gears.com\/product\/3c-approval-gearbox-with-switching-signal\/#breadcrumb"},"inLanguage":"fr-FR","potentialAction":[{"@type":"ReadAction","target":["https:\/\/sne-gears.com\/product\/3c-approval-gearbox-with-switching-signal\/"]}]},{"@type":"ImageObject","inLanguage":"fr-FR","@id":"https:\/\/sne-gears.com\/product\/3c-approval-gearbox-with-switching-signal\/#primaryimage","url":"https:\/\/sne-gears.com\/wp-content\/uploads\/2024\/07\/1720529203017.png","contentUrl":"https:\/\/sne-gears.com\/wp-content\/uploads\/2024\/07\/1720529203017.png","width":711,"height":424},{"@type":"BreadcrumbList","@id":"https:\/\/sne-gears.com\/product\/3c-approval-gearbox-with-switching-signal\/#breadcrumb","itemListElement":[{"@type":"ListItem","position":1,"name":"Home","item":"https:\/\/sne-gears.com\/"},{"@type":"ListItem","position":2,"name":"Shop","item":"https:\/\/sne-gears.com\/shop\/"},{"@type":"ListItem","position":3,"name":"3C Approval Gearbox With Switching Signal"}]},{"@type":"WebSite","@id":"https:\/\/sne-gears.com\/#website","url":"https:\/\/sne-gears.com\/","name":"sne-gears.com","description":"","potentialAction":[{"@type":"SearchAction","target":{"@type":"EntryPoint","urlTemplate":"https:\/\/sne-gears.com\/?s={search_term_string}"},"query-input":{"@type":"PropertyValueSpecification","valueRequired":true,"valueName":"search_term_string"}}],"inLanguage":"fr-FR"}]}},"_links":{"self":[{"href":"https:\/\/sne-gears.com\/fr\/wp-json\/wp\/v2\/product\/16187","targetHints":{"allow":["GET"]}}],"collection":[{"href":"https:\/\/sne-gears.com\/fr\/wp-json\/wp\/v2\/product"}],"about":[{"href":"https:\/\/sne-gears.com\/fr\/wp-json\/wp\/v2\/types\/product"}],"replies":[{"embeddable":true,"href":"https:\/\/sne-gears.com\/fr\/wp-json\/wp\/v2\/comments?post=16187"}],"version-history":[{"count":33,"href":"https:\/\/sne-gears.com\/fr\/wp-json\/wp\/v2\/product\/16187\/revisions"}],"predecessor-version":[{"id":17786,"href":"https:\/\/sne-gears.com\/fr\/wp-json\/wp\/v2\/product\/16187\/revisions\/17786"}],"wp:featuredmedia":[{"embeddable":true,"href":"https:\/\/sne-gears.com\/fr\/wp-json\/wp\/v2\/media\/16188"}],"wp:attachment":[{"href":"https:\/\/sne-gears.com\/fr\/wp-json\/wp\/v2\/media?parent=16187"}],"wp:term":[{"taxonomy":"product_brand","embeddable":true,"href":"https:\/\/sne-gears.com\/fr\/wp-json\/wp\/v2\/product_brand?post=16187"},{"taxonomy":"product_cat","embeddable":true,"href":"https:\/\/sne-gears.com\/fr\/wp-json\/wp\/v2\/product_cat?post=16187"},{"taxonomy":"product_tag","embeddable":true,"href":"https:\/\/sne-gears.com\/fr\/wp-json\/wp\/v2\/product_tag?post=16187"}],"curies":[{"name":"wp","href":"https:\/\/api.w.org\/{rel}","templated":true}]}}