{"id":16199,"date":"2024-07-09T13:00:22","date_gmt":"2024-07-09T13:00:22","guid":{"rendered":"https:\/\/sne-gears.com\/?post_type=product&#038;p=16199"},"modified":"2024-08-14T12:07:11","modified_gmt":"2024-08-14T12:07:11","slug":"m00-for-electric-actuator-operation","status":"publish","type":"product","link":"https:\/\/sne-gears.com\/fr\/produit\/m00-for-electric-actuator-operation\/","title":{"rendered":"M00 pour le fonctionnement de l'actionneur \u00e9lectrique"},"content":{"rendered":"<div data-elementor-type=\"wp-post\" data-elementor-id=\"16199\" class=\"elementor elementor-16199\">\n\t\t\t\t<div class=\"elementor-element elementor-element-75b3721 e-flex e-con-boxed e-con e-parent\" data-id=\"75b3721\" data-element_type=\"container\" data-e-type=\"container\">\n\t\t\t\t\t<div class=\"e-con-inner\">\n\t\t\t\t<div class=\"elementor-element elementor-element-822f772 elementor-widget elementor-widget-image\" data-id=\"822f772\" data-element_type=\"widget\" data-e-type=\"widget\" data-widget_type=\"image.default\">\n\t\t\t\t<div class=\"elementor-widget-container\">\n\t\t\t\t\t\t\t\t\t\t\t\t\t\t\t<img fetchpriority=\"high\" decoding=\"async\" width=\"1034\" height=\"445\" src=\"data:image\/gif;base64,R0lGODlhAQABAIAAAAAAAP\/\/\/yH5BAEAAAAALAAAAAABAAEAAAIBRAA7\" data-src=\"https:\/\/sne-gears.com\/wp-content\/uploads\/2024\/07\/7d8a965f9d829673795972a746ab9d7.jpg\" class=\"attachment-2048x2048 size-2048x2048 wp-image-17632 lazyload\" alt=\"\" data-srcset=\"https:\/\/sne-gears.com\/wp-content\/uploads\/2024\/07\/7d8a965f9d829673795972a746ab9d7.jpg 1034w, https:\/\/sne-gears.com\/wp-content\/uploads\/2024\/07\/7d8a965f9d829673795972a746ab9d7-400x172.jpg 400w, https:\/\/sne-gears.com\/wp-content\/uploads\/2024\/07\/7d8a965f9d829673795972a746ab9d7-768x331.jpg 768w, https:\/\/sne-gears.com\/wp-content\/uploads\/2024\/07\/7d8a965f9d829673795972a746ab9d7-18x8.jpg 18w, https:\/\/sne-gears.com\/wp-content\/uploads\/2024\/07\/7d8a965f9d829673795972a746ab9d7-430x185.jpg 430w, https:\/\/sne-gears.com\/wp-content\/uploads\/2024\/07\/7d8a965f9d829673795972a746ab9d7-700x301.jpg 700w, https:\/\/sne-gears.com\/wp-content\/uploads\/2024\/07\/7d8a965f9d829673795972a746ab9d7-150x65.jpg 150w\" sizes=\"(max-width: 1034px) 100vw, 1034px\" \/><noscript><img decoding=\"async\" width=\"1034\" height=\"445\" src=\"https:\/\/sne-gears.com\/wp-content\/uploads\/2024\/07\/7d8a965f9d829673795972a746ab9d7.jpg\" class=\"attachment-2048x2048 size-2048x2048 wp-image-17632 lazyload\" alt=\"\" srcset=\"https:\/\/sne-gears.com\/wp-content\/uploads\/2024\/07\/7d8a965f9d829673795972a746ab9d7.jpg 1034w, https:\/\/sne-gears.com\/wp-content\/uploads\/2024\/07\/7d8a965f9d829673795972a746ab9d7-400x172.jpg 400w, https:\/\/sne-gears.com\/wp-content\/uploads\/2024\/07\/7d8a965f9d829673795972a746ab9d7-768x331.jpg 768w, https:\/\/sne-gears.com\/wp-content\/uploads\/2024\/07\/7d8a965f9d829673795972a746ab9d7-18x8.jpg 18w, https:\/\/sne-gears.com\/wp-content\/uploads\/2024\/07\/7d8a965f9d829673795972a746ab9d7-430x185.jpg 430w, https:\/\/sne-gears.com\/wp-content\/uploads\/2024\/07\/7d8a965f9d829673795972a746ab9d7-700x301.jpg 700w, https:\/\/sne-gears.com\/wp-content\/uploads\/2024\/07\/7d8a965f9d829673795972a746ab9d7-150x65.jpg 150w\" sizes=\"(max-width: 1034px) 100vw, 1034px\" \/><\/noscript>\t\t\t\t\t\t\t\t\t\t\t\t\t\t\t<\/div>\n\t\t\t\t<\/div>\n\t\t\t\t\t<\/div>\n\t\t\t\t<\/div>\n\t\t<div class=\"elementor-element elementor-element-cf173a4 e-flex e-con-boxed e-con e-parent\" data-id=\"cf173a4\" data-element_type=\"container\" data-e-type=\"container\">\n\t\t\t\t\t<div class=\"e-con-inner\">\n\t\t\t\t<div class=\"elementor-element elementor-element-43fa9009 color-scheme-inherit text-left elementor-widget elementor-widget-text-editor\" data-id=\"43fa9009\" data-element_type=\"widget\" data-e-type=\"widget\" data-widget_type=\"text-editor.default\">\n\t\t\t\t<div class=\"elementor-widget-container\">\n\t\t\t\t\t\t\t\t\t<h3>Tableau des dimensions de raccordement<\/h3><table dir=\"ltr\" border=\"1\" cellspacing=\"0\" cellpadding=\"0\" data-sheets-root=\"1\" data-sheets-baot=\"1\"><colgroup><col width=\"115\" \/><col width=\"117\" \/><col width=\"100\" \/><col width=\"100\" \/><col width=\"100\" \/><col width=\"100\" \/><col width=\"100\" \/><col width=\"100\" \/><col width=\"100\" \/><\/colgroup><tbody><tr><td>Mod\u00e8le<\/td><td>ZD (mm)<\/td><td>ZD1 (mm)<\/td><td>n-Zd<\/td><td>ZD2 (mm)<\/td><td>Zf (mm)<\/td><td>Zd2 (mm)<\/td><td>Zd1 (mm)<\/td><td>Zh (mm)<\/td><\/tr><tr><td>M12-Z10<\/td><td>145<\/td><td>120<\/td><td>4-\u03c611<\/td><td>90<\/td><td>3<\/td><td>45<\/td><td>30<\/td><td>9<\/td><\/tr><tr><td>M14-Z10<\/td><td>145<\/td><td>120<\/td><td>4-\u03c611<\/td><td>90<\/td><td>3<\/td><td>45<\/td><td>30<\/td><td>9<\/td><\/tr><tr><td>M14A-Z10<\/td><td>145<\/td><td>120<\/td><td>4-\u03c611<\/td><td>90<\/td><td>3<\/td><td>45<\/td><td>30<\/td><td>9<\/td><\/tr><tr><td>M16-Z30<\/td><td>185<\/td><td>160<\/td><td>4-\u03c613<\/td><td>125<\/td><td>3<\/td><td>58<\/td><td>42<\/td><td>11<\/td><\/tr><tr><td>M36-Z45<\/td><td>225<\/td><td>195<\/td><td>4-\u03c618<\/td><td>150<\/td><td>3<\/td><td>72<\/td><td>50<\/td><td>13<\/td><\/tr><tr><td>M50-Z45<\/td><td>225<\/td><td>195<\/td><td>4-\u03c618<\/td><td>150<\/td><td>3<\/td><td>72<\/td><td>50<\/td><td>13<\/td><\/tr><tr><td>M50-Z90<\/td><td>275<\/td><td>235<\/td><td>4-\u03c622<\/td><td>180<\/td><td>3<\/td><td>82<\/td><td>62<\/td><td>15<\/td><\/tr><tr><td>M60-Z120<\/td><td>275<\/td><td>235<\/td><td>4-\u03c622<\/td><td>180<\/td><td>3<\/td><td>82<\/td><td>62<\/td><td>15<\/td><\/tr><tr><td>M65-Z120<\/td><td>275<\/td><td>235<\/td><td>4-\u03c622<\/td><td>180<\/td><td>3<\/td><td>82<\/td><td>62<\/td><td>15<\/td><\/tr><tr><td>M70-Z250<\/td><td>330<\/td><td>285<\/td><td>4-\u03c622<\/td><td>220<\/td><td>4<\/td><td>98<\/td><td>72<\/td><td>17.5<\/td><\/tr><tr><td>M75-Z250<\/td><td>330<\/td><td>285<\/td><td>4-\u03c622<\/td><td>220<\/td><td>4<\/td><td>98<\/td><td>72<\/td><td>17.5<\/td><\/tr><tr><td>M80-Z350<\/td><td>380<\/td><td>340<\/td><td>8-\u03c622<\/td><td>280<\/td><td>4<\/td><td>118<\/td><td>80<\/td><td>21.5<\/td><\/tr><tr><td>M90-Z500<\/td><td>380<\/td><td>340<\/td><td>8-\u03c622<\/td><td>280<\/td><td>4<\/td><td>118<\/td><td>80<\/td><td>21.5<\/td><\/tr><\/tbody><\/table><p>\u00a0<\/p>\t\t\t\t\t\t\t\t<\/div>\n\t\t\t\t<\/div>\n\t\t\t\t\t<\/div>\n\t\t\t\t<\/div>\n\t\t<div class=\"elementor-element elementor-element-d7aa075 e-flex e-con-boxed e-con e-parent\" data-id=\"d7aa075\" data-element_type=\"container\" data-e-type=\"container\">\n\t\t\t\t\t<div class=\"e-con-inner\">\n\t\t\t\t<div class=\"elementor-element elementor-element-1932273 color-scheme-inherit text-left elementor-widget elementor-widget-text-editor\" data-id=\"1932273\" data-element_type=\"widget\" data-e-type=\"widget\" data-widget_type=\"text-editor.default\">\n\t\t\t\t<div class=\"elementor-widget-container\">\n\t\t\t\t\t\t\t\t\t<table dir=\"ltr\" border=\"1\" cellspacing=\"0\" cellpadding=\"0\" data-sheets-root=\"1\" data-sheets-baot=\"1\"><colgroup><col width=\"115\" \/><col width=\"117\" \/><col width=\"100\" \/><col width=\"100\" \/><col width=\"100\" \/><col width=\"100\" \/><col width=\"100\" \/><col width=\"100\" \/><col width=\"100\" \/><col width=\"100\" \/><col width=\"100\" \/><col width=\"100\" \/><\/colgroup><tbody><tr><td>Mod\u00e8le<\/td><td>d<\/td><td>b<\/td><td>t<\/td><td>D<\/td><td>n-M<\/td><td>A<\/td><td>B<\/td><td>C<\/td><td>E<\/td><td>H<\/td><td>h<\/td><\/tr><tr><td>M12-Z10<\/td><td>35<\/td><td>10<\/td><td>41.6<\/td><td>125<\/td><td>4-M12<\/td><td>114.5<\/td><td>150<\/td><td>181<\/td><td>70.5<\/td><td>88<\/td><td>41<\/td><\/tr><tr><td>M14-Z10<\/td><td>40<\/td><td>12<\/td><td>46.6<\/td><td>140<\/td><td>4-M16<\/td><td>121.5<\/td><td>175<\/td><td>208<\/td><td>86<\/td><td>96<\/td><td>47<\/td><\/tr><tr><td>M14A-Z10<\/td><td>50<\/td><td>14<\/td><td>57.4<\/td><td>165<\/td><td>4-M20<\/td><td>138<\/td><td>220<\/td><td>251<\/td><td>108<\/td><td>103<\/td><td>54<\/td><\/tr><tr><td>M16-Z30<\/td><td>65<\/td><td>20<\/td><td>74.8<\/td><td>165<\/td><td>4-M20<\/td><td>172<\/td><td>250<\/td><td>281<\/td><td>124<\/td><td>113<\/td><td>57<\/td><\/tr><tr><td>M36-Z45<\/td><td>80<\/td><td>22<\/td><td>90.8<\/td><td>254<\/td><td>8-M16<\/td><td>188<\/td><td>310<\/td><td>349<\/td><td>138<\/td><td>130<\/td><td>73<\/td><\/tr><tr><td>M50-Z45<\/td><td>100<\/td><td>28<\/td><td>112.8<\/td><td>298<\/td><td>8-M20<\/td><td>235<\/td><td>355<\/td><td>439<\/td><td>181<\/td><td>160<\/td><td>80<\/td><\/tr><tr><td>M50-Z90<\/td><td>100<\/td><td>28<\/td><td>112.8<\/td><td>298<\/td><td>8-M20<\/td><td>235<\/td><td>355<\/td><td>439<\/td><td>181<\/td><td>160<\/td><td>80<\/td><\/tr><tr><td>M60-Z120<\/td><td>110<\/td><td>32<\/td><td>124.8<\/td><td>298<\/td><td>8-M20<\/td><td>268<\/td><td>463<\/td><td>528<\/td><td>237<\/td><td>165<\/td><td>82<\/td><\/tr><tr><td>M65-Z120<\/td><td>110<\/td><td>32<\/td><td>124.8<\/td><td>298<\/td><td>8-M20<\/td><td>300<\/td><td>558<\/td><td>572<\/td><td>282<\/td><td>172<\/td><td>84<\/td><\/tr><tr><td>M70-Z250<\/td><td>120<\/td><td>32<\/td><td>134.8<\/td><td>356<\/td><td>8-M30<\/td><td>344<\/td><td>610<\/td><td>657<\/td><td>309<\/td><td>225<\/td><td>107<\/td><\/tr><tr><td>M75-Z250<\/td><td>150<\/td><td>36<\/td><td>166.8<\/td><td>406<\/td><td>8-M36<\/td><td>364<\/td><td>692<\/td><td>697<\/td><td>349<\/td><td>231<\/td><td>110<\/td><\/tr><\/tbody><\/table>\t\t\t\t\t\t\t\t<\/div>\n\t\t\t\t<\/div>\n\t\t\t\t\t<\/div>\n\t\t\t\t<\/div>\n\t\t<div class=\"elementor-element elementor-element-0a8d7bf e-flex e-con-boxed e-con e-parent\" data-id=\"0a8d7bf\" data-element_type=\"container\" data-e-type=\"container\">\n\t\t\t\t\t<div class=\"e-con-inner\">\n\t\t\t\t<div class=\"elementor-element elementor-element-9626800 elementor-widget elementor-widget-heading\" data-id=\"9626800\" data-element_type=\"widget\" data-e-type=\"widget\" data-widget_type=\"heading.default\">\n\t\t\t\t<div class=\"elementor-widget-container\">\n\t\t\t\t\t<h2 class=\"elementor-heading-title elementor-size-default\">Param\u00e8tres techniques<\/h2>\t\t\t\t<\/div>\n\t\t\t\t<\/div>\n\t\t\t\t\t<\/div>\n\t\t\t\t<\/div>\n\t\t<div class=\"elementor-element elementor-element-3584907 e-flex e-con-boxed e-con e-parent\" data-id=\"3584907\" data-element_type=\"container\" data-e-type=\"container\">\n\t\t\t\t\t<div class=\"e-con-inner\">\n\t\t\t\t<div class=\"elementor-element elementor-element-d6b5e1d color-scheme-inherit text-left elementor-widget elementor-widget-text-editor\" data-id=\"d6b5e1d\" data-element_type=\"widget\" data-e-type=\"widget\" data-widget_type=\"text-editor.default\">\n\t\t\t\t<div class=\"elementor-widget-container\">\n\t\t\t\t\t\t\t\t\t<table style=\"color: #333333; font-size: 16px;\"><thead><tr><th>Mod\u00e8le<\/th><th>Couple (N-m)<\/th><th>Ratio<\/th><th>Entr\u00e9e (N-m)<\/th><th>Al\u00e9sage max.<\/th><th>Bride de montage (min\/max)<\/th><th>Couple recommand\u00e9 (N-m)<\/th><\/tr><\/thead><tbody><tr><td>M12-Z10<\/td><td>1000<\/td><td>35:1<\/td><td>95<\/td><td>40<\/td><td>F10, F12<\/td><td>100<\/td><\/tr><tr><td>M14-Z10<\/td><td>1800<\/td><td>45:1<\/td><td>130<\/td><td>50<\/td><td>F12, F14<\/td><td>150<\/td><\/tr><tr><td>M14A-Z10<\/td><td>2500<\/td><td>60:1<\/td><td>140<\/td><td>60<\/td><td>F14, F16<\/td><td>300<\/td><\/tr><tr><td>M16-Z30<\/td><td>4400<\/td><td>50:1<\/td><td>290<\/td><td>85<\/td><td>F14, F16<\/td><td>300<\/td><\/tr><tr><td>M36-Z45<\/td><td>8000<\/td><td>57:1<\/td><td>460<\/td><td>85<\/td><td>F16, F25<\/td><td>600<\/td><\/tr><tr><td>M50-Z45<\/td><td>11000<\/td><td>68:1<\/td><td>490<\/td><td>110<\/td><td>F25, F30<\/td><td>1000<\/td><\/tr><tr><td>M50-Z90<\/td><td>11000<\/td><td>90:1<\/td><td>790<\/td><td>110<\/td><td>F25, F30<\/td><td>1200<\/td><\/tr><tr><td>M60-Z120<\/td><td>24000<\/td><td>68:1<\/td><td>1100<\/td><td>160<\/td><td>F30, F35<\/td><td>2500<\/td><\/tr><tr><td>M65-Z120<\/td><td>35000<\/td><td>98:1<\/td><td>1500<\/td><td>160<\/td><td>F30, F35<\/td><td>2500<\/td><\/tr><tr><td>M70-Z250<\/td><td>50000<\/td><td>66:1<\/td><td>2500<\/td><td>180<\/td><td>F30, F35, F40<\/td><td>2500<\/td><\/tr><tr><td>M75-Z250<\/td><td>70000<\/td><td>78:1<\/td><td>3000<\/td><td>185<\/td><td>F35, F40, F48<\/td><td>3500<\/td><\/tr><tr><td>M80-Z350<\/td><td>90000<\/td><td>84:1<\/td><td>3900<\/td><td>185<\/td><td>F35, F40, F48<\/td><td>3500<\/td><\/tr><tr><td>M90-Z500<\/td><td>160000<\/td><td>86:1<\/td><td>6000<\/td><td>240<\/td><td>F48, F60<\/td><td>5000<\/td><\/tr><\/tbody><\/table>\t\t\t\t\t\t\t\t<\/div>\n\t\t\t\t<\/div>\n\t\t\t\t\t<\/div>\n\t\t\t\t<\/div>\n\t\t\t\t<\/div>","protected":false},"excerpt":{"rendered":"<ul>\n<li><strong>Con\u00e7u pour les appareils \u00e9lectriques<\/strong>: Permet de r\u00e9duire la taille des actionneurs \u00e9lectriques.<\/li>\n<li><strong>Entra\u00eenement par vis sans fin<\/strong>: Comprend une paire d'engrenages \u00e0 vis sans fin pour une performance efficace.<\/li>\n<li><strong>Structure raisonnable<\/strong>: Structure rationnelle pour une meilleure fiabilit\u00e9.<\/li>\n<li><strong>Assemblage pratique<\/strong>: Facile \u00e0 assembler pour une installation rapide.<\/li>\n<li><strong>Auto-verrouillage fiable<\/strong>: Le syst\u00e8me de verrouillage automatique est fiable et permet un fonctionnement s\u00fbr.<\/li>\n<li><strong>Id\u00e9al pour les vannes \u00e0 rotation de 90<\/strong>: Convient \u00e0 la commande \u00e9lectrique de vannes papillon, de vannes \u00e0 bille, de vannes \u00e0 clapet et d'autres vannes n\u00e9cessitant une rotation de 90\u00b0.<\/li>\n<\/ul>","protected":false},"featured_media":16200,"comment_status":"open","ping_status":"closed","template":"","meta":[],"product_brand":[],"product_cat":[100,104],"product_tag":[],"class_list":{"0":"post-16199","1":"product","2":"type-product","3":"status-publish","4":"has-post-thumbnail","6":"product_cat-gearbox","7":"product_cat-gearbox-for-electric-actuator-operation-1-4-turn-worm-gears","9":"first","10":"instock","11":"shipping-taxable","12":"product-type-simple"},"yoast_head":"<!-- This site is optimized with the Yoast SEO plugin v27.4 - https:\/\/yoast.com\/product\/yoast-seo-wordpress\/ -->\n<title>M00 for Electric Actuator Operation - sne-gears.com<\/title>\n<meta name=\"robots\" content=\"index, follow, max-snippet:-1, max-image-preview:large, max-video-preview:-1\" \/>\n<link rel=\"canonical\" href=\"https:\/\/sne-gears.com\/fr\/produit\/m00-for-electric-actuator-operation\/\" \/>\n<meta property=\"og:locale\" content=\"fr_FR\" \/>\n<meta property=\"og:type\" content=\"article\" \/>\n<meta property=\"og:title\" content=\"M00 for Electric Actuator Operation - sne-gears.com\" \/>\n<meta property=\"og:description\" content=\"Designed for Electric Devices: Allows for a reduction in the size of electric actuators.  Worm Gear Drive: Features a worm gear drive pair for efficient performance.  Reasonable Structure: Engineered with a rational structure for enhanced reliability.  Convenient Assembly: Easy to assemble for quick installation.  Reliable Self-Locking: Provides dependable self-locking for secure operation.  Ideal for 90\u00b0 Rotation Valves: Suitable for the electric control of butterfly valves, ball valves, plug valves, and other valves requiring 90\u00b0 rotation.\" \/>\n<meta property=\"og:url\" content=\"https:\/\/sne-gears.com\/fr\/produit\/m00-for-electric-actuator-operation\/\" \/>\n<meta property=\"og:site_name\" content=\"sne-gears.com\" \/>\n<meta property=\"article:modified_time\" content=\"2024-08-14T12:07:11+00:00\" \/>\n<meta property=\"og:image\" content=\"https:\/\/sne-gears.com\/wp-content\/uploads\/2024\/07\/1720529837397.png\" \/>\n\t<meta property=\"og:image:width\" content=\"798\" \/>\n\t<meta property=\"og:image:height\" content=\"728\" \/>\n\t<meta property=\"og:image:type\" content=\"image\/png\" \/>\n<meta name=\"twitter:card\" content=\"summary_large_image\" \/>\n<meta name=\"twitter:label1\" content=\"Dur\u00e9e de lecture estim\u00e9e\" \/>\n\t<meta name=\"twitter:data1\" content=\"2 minutes\" \/>\n<script type=\"application\/ld+json\" class=\"yoast-schema-graph\">{\"@context\":\"https:\\\/\\\/schema.org\",\"@graph\":[{\"@type\":\"WebPage\",\"@id\":\"https:\\\/\\\/sne-gears.com\\\/product\\\/m00-for-electric-actuator-operation\\\/\",\"url\":\"https:\\\/\\\/sne-gears.com\\\/product\\\/m00-for-electric-actuator-operation\\\/\",\"name\":\"M00 for Electric Actuator Operation - sne-gears.com\",\"isPartOf\":{\"@id\":\"https:\\\/\\\/sne-gears.com\\\/#website\"},\"primaryImageOfPage\":{\"@id\":\"https:\\\/\\\/sne-gears.com\\\/product\\\/m00-for-electric-actuator-operation\\\/#primaryimage\"},\"image\":{\"@id\":\"https:\\\/\\\/sne-gears.com\\\/product\\\/m00-for-electric-actuator-operation\\\/#primaryimage\"},\"thumbnailUrl\":\"https:\\\/\\\/sne-gears.com\\\/wp-content\\\/uploads\\\/2024\\\/07\\\/1720529837397.png\",\"datePublished\":\"2024-07-09T13:00:22+00:00\",\"dateModified\":\"2024-08-14T12:07:11+00:00\",\"breadcrumb\":{\"@id\":\"https:\\\/\\\/sne-gears.com\\\/product\\\/m00-for-electric-actuator-operation\\\/#breadcrumb\"},\"inLanguage\":\"fr-FR\",\"potentialAction\":[{\"@type\":\"ReadAction\",\"target\":[\"https:\\\/\\\/sne-gears.com\\\/product\\\/m00-for-electric-actuator-operation\\\/\"]}]},{\"@type\":\"ImageObject\",\"inLanguage\":\"fr-FR\",\"@id\":\"https:\\\/\\\/sne-gears.com\\\/product\\\/m00-for-electric-actuator-operation\\\/#primaryimage\",\"url\":\"https:\\\/\\\/sne-gears.com\\\/wp-content\\\/uploads\\\/2024\\\/07\\\/1720529837397.png\",\"contentUrl\":\"https:\\\/\\\/sne-gears.com\\\/wp-content\\\/uploads\\\/2024\\\/07\\\/1720529837397.png\",\"width\":798,\"height\":728},{\"@type\":\"BreadcrumbList\",\"@id\":\"https:\\\/\\\/sne-gears.com\\\/product\\\/m00-for-electric-actuator-operation\\\/#breadcrumb\",\"itemListElement\":[{\"@type\":\"ListItem\",\"position\":1,\"name\":\"Home\",\"item\":\"https:\\\/\\\/sne-gears.com\\\/\"},{\"@type\":\"ListItem\",\"position\":2,\"name\":\"Shop\",\"item\":\"https:\\\/\\\/sne-gears.com\\\/shop\\\/\"},{\"@type\":\"ListItem\",\"position\":3,\"name\":\"M00 for Electric Actuator Operation\"}]},{\"@type\":\"WebSite\",\"@id\":\"https:\\\/\\\/sne-gears.com\\\/#website\",\"url\":\"https:\\\/\\\/sne-gears.com\\\/\",\"name\":\"sne-gears.com\",\"description\":\"\",\"potentialAction\":[{\"@type\":\"SearchAction\",\"target\":{\"@type\":\"EntryPoint\",\"urlTemplate\":\"https:\\\/\\\/sne-gears.com\\\/?s={search_term_string}\"},\"query-input\":{\"@type\":\"PropertyValueSpecification\",\"valueRequired\":true,\"valueName\":\"search_term_string\"}}],\"inLanguage\":\"fr-FR\"}]}<\/script>\n<!-- \/ Yoast SEO plugin. -->","yoast_head_json":{"title":"M00 for Electric Actuator Operation - sne-gears.com","robots":{"index":"index","follow":"follow","max-snippet":"max-snippet:-1","max-image-preview":"max-image-preview:large","max-video-preview":"max-video-preview:-1"},"canonical":"https:\/\/sne-gears.com\/fr\/produit\/m00-for-electric-actuator-operation\/","og_locale":"fr_FR","og_type":"article","og_title":"M00 for Electric Actuator Operation - sne-gears.com","og_description":"Designed for Electric Devices: Allows for a reduction in the size of electric actuators.  Worm Gear Drive: Features a worm gear drive pair for efficient performance.  Reasonable Structure: Engineered with a rational structure for enhanced reliability.  Convenient Assembly: Easy to assemble for quick installation.  Reliable Self-Locking: Provides dependable self-locking for secure operation.  Ideal for 90\u00b0 Rotation Valves: Suitable for the electric control of butterfly valves, ball valves, plug valves, and other valves requiring 90\u00b0 rotation.","og_url":"https:\/\/sne-gears.com\/fr\/produit\/m00-for-electric-actuator-operation\/","og_site_name":"sne-gears.com","article_modified_time":"2024-08-14T12:07:11+00:00","og_image":[{"width":798,"height":728,"url":"https:\/\/sne-gears.com\/wp-content\/uploads\/2024\/07\/1720529837397.png","type":"image\/png"}],"twitter_card":"summary_large_image","twitter_misc":{"Dur\u00e9e de lecture estim\u00e9e":"2 minutes"},"schema":{"@context":"https:\/\/schema.org","@graph":[{"@type":"WebPage","@id":"https:\/\/sne-gears.com\/product\/m00-for-electric-actuator-operation\/","url":"https:\/\/sne-gears.com\/product\/m00-for-electric-actuator-operation\/","name":"M00 for Electric Actuator Operation - sne-gears.com","isPartOf":{"@id":"https:\/\/sne-gears.com\/#website"},"primaryImageOfPage":{"@id":"https:\/\/sne-gears.com\/product\/m00-for-electric-actuator-operation\/#primaryimage"},"image":{"@id":"https:\/\/sne-gears.com\/product\/m00-for-electric-actuator-operation\/#primaryimage"},"thumbnailUrl":"https:\/\/sne-gears.com\/wp-content\/uploads\/2024\/07\/1720529837397.png","datePublished":"2024-07-09T13:00:22+00:00","dateModified":"2024-08-14T12:07:11+00:00","breadcrumb":{"@id":"https:\/\/sne-gears.com\/product\/m00-for-electric-actuator-operation\/#breadcrumb"},"inLanguage":"fr-FR","potentialAction":[{"@type":"ReadAction","target":["https:\/\/sne-gears.com\/product\/m00-for-electric-actuator-operation\/"]}]},{"@type":"ImageObject","inLanguage":"fr-FR","@id":"https:\/\/sne-gears.com\/product\/m00-for-electric-actuator-operation\/#primaryimage","url":"https:\/\/sne-gears.com\/wp-content\/uploads\/2024\/07\/1720529837397.png","contentUrl":"https:\/\/sne-gears.com\/wp-content\/uploads\/2024\/07\/1720529837397.png","width":798,"height":728},{"@type":"BreadcrumbList","@id":"https:\/\/sne-gears.com\/product\/m00-for-electric-actuator-operation\/#breadcrumb","itemListElement":[{"@type":"ListItem","position":1,"name":"Home","item":"https:\/\/sne-gears.com\/"},{"@type":"ListItem","position":2,"name":"Shop","item":"https:\/\/sne-gears.com\/shop\/"},{"@type":"ListItem","position":3,"name":"M00 for Electric Actuator Operation"}]},{"@type":"WebSite","@id":"https:\/\/sne-gears.com\/#website","url":"https:\/\/sne-gears.com\/","name":"sne-gears.com","description":"","potentialAction":[{"@type":"SearchAction","target":{"@type":"EntryPoint","urlTemplate":"https:\/\/sne-gears.com\/?s={search_term_string}"},"query-input":{"@type":"PropertyValueSpecification","valueRequired":true,"valueName":"search_term_string"}}],"inLanguage":"fr-FR"}]}},"_links":{"self":[{"href":"https:\/\/sne-gears.com\/fr\/wp-json\/wp\/v2\/product\/16199","targetHints":{"allow":["GET"]}}],"collection":[{"href":"https:\/\/sne-gears.com\/fr\/wp-json\/wp\/v2\/product"}],"about":[{"href":"https:\/\/sne-gears.com\/fr\/wp-json\/wp\/v2\/types\/product"}],"replies":[{"embeddable":true,"href":"https:\/\/sne-gears.com\/fr\/wp-json\/wp\/v2\/comments?post=16199"}],"version-history":[{"count":36,"href":"https:\/\/sne-gears.com\/fr\/wp-json\/wp\/v2\/product\/16199\/revisions"}],"predecessor-version":[{"id":17969,"href":"https:\/\/sne-gears.com\/fr\/wp-json\/wp\/v2\/product\/16199\/revisions\/17969"}],"wp:featuredmedia":[{"embeddable":true,"href":"https:\/\/sne-gears.com\/fr\/wp-json\/wp\/v2\/media\/16200"}],"wp:attachment":[{"href":"https:\/\/sne-gears.com\/fr\/wp-json\/wp\/v2\/media?parent=16199"}],"wp:term":[{"taxonomy":"product_brand","embeddable":true,"href":"https:\/\/sne-gears.com\/fr\/wp-json\/wp\/v2\/product_brand?post=16199"},{"taxonomy":"product_cat","embeddable":true,"href":"https:\/\/sne-gears.com\/fr\/wp-json\/wp\/v2\/product_cat?post=16199"},{"taxonomy":"product_tag","embeddable":true,"href":"https:\/\/sne-gears.com\/fr\/wp-json\/wp\/v2\/product_tag?post=16199"}],"curies":[{"name":"wp","href":"https:\/\/api.w.org\/{rel}","templated":true}]}}