{"id":16226,"date":"2024-07-09T13:33:57","date_gmt":"2024-07-09T13:33:57","guid":{"rendered":"https:\/\/sne-gears.com\/?post_type=product&#038;p=16226"},"modified":"2024-08-12T14:43:16","modified_gmt":"2024-08-12T14:43:16","slug":"mlhj-clutch-gearbox","status":"publish","type":"product","link":"https:\/\/sne-gears.com\/fr\/produit\/mlhj-clutch-gearbox\/","title":{"rendered":"Bo\u00eete de vitesses d'embrayage MLHJ"},"content":{"rendered":"<div data-elementor-type=\"wp-post\" data-elementor-id=\"16226\" class=\"elementor elementor-16226\">\n\t\t\t\t<div class=\"elementor-element elementor-element-fc88a22 e-flex e-con-boxed e-con e-parent\" data-id=\"fc88a22\" data-element_type=\"container\" data-e-type=\"container\">\n\t\t\t\t\t<div class=\"e-con-inner\">\n\t\t\t\t<div class=\"elementor-element elementor-element-fe07ad8 color-scheme-inherit text-left elementor-widget elementor-widget-text-editor\" data-id=\"fe07ad8\" data-element_type=\"widget\" data-e-type=\"widget\" data-widget_type=\"text-editor.default\">\n\t\t\t\t<div class=\"elementor-widget-container\">\n\t\t\t\t\t\t\t\t\t<p>Ce produit est utilis\u00e9 en combinaison avec un dispositif pneumatique, pour les vannes papillon ouvertes \u00e0 90 degr\u00e9s, les vannes \u00e0 clapet, etc. Petit volume, poids l\u00e9ger, conception raisonnable, style nouveau. Tirer la goupille de fin de course, faire tourner le dispositif excentrique de 180 degr\u00e9s, la goupille de fin de course automatique, r\u00e9aliser le pneumatique ; inversement, r\u00e9aliser le manuel. S\u00e9rie de produits, couple de sortie et dispositifs pneumatiques, une vari\u00e9t\u00e9 de vannes adapt\u00e9es.<\/p>\t\t\t\t\t\t\t\t<\/div>\n\t\t\t\t<\/div>\n\t\t\t\t\t<\/div>\n\t\t\t\t<\/div>\n\t\t<div class=\"elementor-element elementor-element-80b19cd e-flex e-con-boxed e-con e-parent\" data-id=\"80b19cd\" data-element_type=\"container\" data-e-type=\"container\">\n\t\t\t\t\t<div class=\"e-con-inner\">\n\t\t\t\t<div class=\"elementor-element elementor-element-baee3e0 elementor-widget elementor-widget-image\" data-id=\"baee3e0\" data-element_type=\"widget\" data-e-type=\"widget\" data-widget_type=\"image.default\">\n\t\t\t\t<div class=\"elementor-widget-container\">\n\t\t\t\t\t\t\t\t\t\t\t\t\t\t\t<img fetchpriority=\"high\" decoding=\"async\" width=\"1476\" height=\"632\" src=\"data:image\/gif;base64,R0lGODlhAQABAIAAAAAAAP\/\/\/yH5BAEAAAAALAAAAAABAAEAAAIBRAA7\" data-src=\"https:\/\/sne-gears.com\/wp-content\/uploads\/2024\/07\/db91ddd4ab953bf0dca21102576a5ce.jpg\" class=\"attachment-2048x2048 size-2048x2048 wp-image-16981 lazyload\" alt=\"\" data-srcset=\"https:\/\/sne-gears.com\/wp-content\/uploads\/2024\/07\/db91ddd4ab953bf0dca21102576a5ce.jpg 1476w, https:\/\/sne-gears.com\/wp-content\/uploads\/2024\/07\/db91ddd4ab953bf0dca21102576a5ce-400x171.jpg 400w, https:\/\/sne-gears.com\/wp-content\/uploads\/2024\/07\/db91ddd4ab953bf0dca21102576a5ce-1300x557.jpg 1300w, https:\/\/sne-gears.com\/wp-content\/uploads\/2024\/07\/db91ddd4ab953bf0dca21102576a5ce-768x329.jpg 768w, https:\/\/sne-gears.com\/wp-content\/uploads\/2024\/07\/db91ddd4ab953bf0dca21102576a5ce-18x8.jpg 18w, https:\/\/sne-gears.com\/wp-content\/uploads\/2024\/07\/db91ddd4ab953bf0dca21102576a5ce-430x184.jpg 430w, https:\/\/sne-gears.com\/wp-content\/uploads\/2024\/07\/db91ddd4ab953bf0dca21102576a5ce-700x300.jpg 700w, https:\/\/sne-gears.com\/wp-content\/uploads\/2024\/07\/db91ddd4ab953bf0dca21102576a5ce-150x64.jpg 150w\" sizes=\"(max-width: 1476px) 100vw, 1476px\" \/><noscript><img decoding=\"async\" width=\"1476\" height=\"632\" src=\"https:\/\/sne-gears.com\/wp-content\/uploads\/2024\/07\/db91ddd4ab953bf0dca21102576a5ce.jpg\" class=\"attachment-2048x2048 size-2048x2048 wp-image-16981 lazyload\" alt=\"\" srcset=\"https:\/\/sne-gears.com\/wp-content\/uploads\/2024\/07\/db91ddd4ab953bf0dca21102576a5ce.jpg 1476w, https:\/\/sne-gears.com\/wp-content\/uploads\/2024\/07\/db91ddd4ab953bf0dca21102576a5ce-400x171.jpg 400w, https:\/\/sne-gears.com\/wp-content\/uploads\/2024\/07\/db91ddd4ab953bf0dca21102576a5ce-1300x557.jpg 1300w, https:\/\/sne-gears.com\/wp-content\/uploads\/2024\/07\/db91ddd4ab953bf0dca21102576a5ce-768x329.jpg 768w, https:\/\/sne-gears.com\/wp-content\/uploads\/2024\/07\/db91ddd4ab953bf0dca21102576a5ce-18x8.jpg 18w, https:\/\/sne-gears.com\/wp-content\/uploads\/2024\/07\/db91ddd4ab953bf0dca21102576a5ce-430x184.jpg 430w, https:\/\/sne-gears.com\/wp-content\/uploads\/2024\/07\/db91ddd4ab953bf0dca21102576a5ce-700x300.jpg 700w, https:\/\/sne-gears.com\/wp-content\/uploads\/2024\/07\/db91ddd4ab953bf0dca21102576a5ce-150x64.jpg 150w\" sizes=\"(max-width: 1476px) 100vw, 1476px\" \/><\/noscript>\t\t\t\t\t\t\t\t\t\t\t\t\t\t\t<\/div>\n\t\t\t\t<\/div>\n\t\t\t\t\t<\/div>\n\t\t\t\t<\/div>\n\t\t<div class=\"elementor-element elementor-element-97f51b6 e-flex e-con-boxed e-con e-parent\" data-id=\"97f51b6\" data-element_type=\"container\" data-e-type=\"container\">\n\t\t\t\t\t<div class=\"e-con-inner\">\n\t\t\t\t<div class=\"elementor-element elementor-element-392b6a6 color-scheme-inherit text-left elementor-widget elementor-widget-text-editor\" data-id=\"392b6a6\" data-element_type=\"widget\" data-e-type=\"widget\" data-widget_type=\"text-editor.default\">\n\t\t\t\t<div class=\"elementor-widget-container\">\n\t\t\t\t\t\t\t\t\t<table><thead><tr><th>Mod\u00e8le<\/th><th>d<\/th><th>b<\/th><th>t<\/th><th>D1<\/th><th>n-M1<\/th><th>D2<\/th><th>n-M2<\/th><th>A\u00d7A1<\/th><th>D3<\/th><th>n-\u03c61<\/th><th>D4<\/th><th>n-\u03c62<\/th><th>H<\/th><th>\u03c6<\/th><th>H\u00d7H<\/th><th>Mod\u00e8le de cylindre<\/th><th>L<\/th><th>B<\/th><th>C<\/th><th>D<\/th><th>E<\/th><\/tr><\/thead><tbody><tr><td>MLHJ26<\/td><td>18<\/td><td>6<\/td><td>20.8<\/td><td>70<\/td><td>4-M8<\/td><td>\u00a0<\/td><td>\u00a0<\/td><td>64\u00d764<\/td><td>70<\/td><td>4-\u03c69<\/td><td>\u00a0<\/td><td>\u00a0<\/td><td>82<\/td><td>200<\/td><td>14\u00d714<\/td><td>GTX.63<\/td><td>182<\/td><td>166<\/td><td>130<\/td><td>104<\/td><td>50.5<\/td><\/tr><tr><td>\u00a0<\/td><td>22.2<\/td><td>8<\/td><td>25.8<\/td><td>70<\/td><td>4-M8<\/td><td>\u00a0<\/td><td>\u00a0<\/td><td>64\u00d764<\/td><td>70<\/td><td>4-\u03c69<\/td><td>\u00a0<\/td><td>\u00a0<\/td><td>82<\/td><td>200<\/td><td>17\u00d717<\/td><td>GTX.83~92<\/td><td>182<\/td><td>166<\/td><td>130<\/td><td>104<\/td><td>50.5<\/td><\/tr><tr><td>\u00a0<\/td><td>22.2<\/td><td>8<\/td><td>25.5<\/td><td>70<\/td><td>4-M8<\/td><td>102<\/td><td>4-M10<\/td><td>100\u00d770<\/td><td>70<\/td><td>4-\u03c69<\/td><td>102<\/td><td>4-\u03c612<\/td><td>79<\/td><td>200<\/td><td>17\u00d717<\/td><td>GTX.83~92<\/td><td>221<\/td><td>191<\/td><td>156<\/td><td>125<\/td><td>65.5<\/td><\/tr><tr><td>\u00a0<\/td><td>32<\/td><td>10<\/td><td>35.3<\/td><td>70<\/td><td>4-M8<\/td><td>102<\/td><td>4-M10<\/td><td>100\u00d7100<\/td><td>70<\/td><td>4-\u03c69<\/td><td>102<\/td><td>4-\u03c612<\/td><td>79<\/td><td>200<\/td><td>22\u00d722<\/td><td>GTX.110~127<\/td><td>221<\/td><td>191<\/td><td>156<\/td><td>125<\/td><td>65.5<\/td><\/tr><tr><td>MLHJ38<\/td><td>38<\/td><td>10<\/td><td>41.3<\/td><td>102<\/td><td>4-M10<\/td><td>110<\/td><td>4-M12<\/td><td>110\u00d7110<\/td><td>102<\/td><td>4-\u03c612<\/td><td>125<\/td><td>4-\u03c614<\/td><td>82<\/td><td>250<\/td><td>27\u00d727<\/td><td>GTX.160<\/td><td>225<\/td><td>191<\/td><td>156<\/td><td>125<\/td><td>65.5<\/td><\/tr><tr><td>\u00a0<\/td><td>45<\/td><td>14<\/td><td>48.8<\/td><td>102<\/td><td>4-M10<\/td><td>130<\/td><td>4-M16<\/td><td>130\u00d7130<\/td><td>140<\/td><td>4-\u03c618<\/td><td>140<\/td><td>4-\u03c618<\/td><td>88<\/td><td>300<\/td><td>36\u00d736<\/td><td>GTX.210<\/td><td>225<\/td><td>191<\/td><td>156<\/td><td>125<\/td><td>65.5<\/td><\/tr><tr><td>MLHJ54<\/td><td>36<\/td><td>10<\/td><td>39.3<\/td><td>102<\/td><td>4-M10<\/td><td>125<\/td><td>4-M12<\/td><td>110\u00d7110<\/td><td>102<\/td><td>4-\u03c612<\/td><td>125<\/td><td>4-\u03c614<\/td><td>82<\/td><td>250<\/td><td>27\u00d727<\/td><td>GTX.160<\/td><td>233<\/td><td>234<\/td><td>200<\/td><td>175<\/td><td>85.5<\/td><\/tr><tr><td>\u00a0<\/td><td>36<\/td><td>10<\/td><td>39.3<\/td><td>102<\/td><td>4-M10<\/td><td>125<\/td><td>4-M12<\/td><td>110\u00d7110<\/td><td>102<\/td><td>4-\u03c612<\/td><td>125<\/td><td>4-\u03c614<\/td><td>86<\/td><td>250<\/td><td>27\u00d727<\/td><td>GTX.160<\/td><td>233<\/td><td>234<\/td><td>200<\/td><td>175<\/td><td>85.5<\/td><\/tr><tr><td>\u00a0<\/td><td>48<\/td><td>14<\/td><td>51.8<\/td><td>102<\/td><td>4-M10<\/td><td>140<\/td><td>4-M16<\/td><td>130\u00d7130<\/td><td>140<\/td><td>4-\u03c618<\/td><td>140<\/td><td>4-\u03c618<\/td><td>95<\/td><td>300<\/td><td>36\u00d736<\/td><td>GTX.210<\/td><td>233<\/td><td>234<\/td><td>200<\/td><td>175<\/td><td>85.5<\/td><\/tr><tr><td>\u00a0<\/td><td>60<\/td><td>18<\/td><td>64.4<\/td><td>140<\/td><td>4-M16<\/td><td>156<\/td><td>4-M20<\/td><td>156\u00d7156<\/td><td>165<\/td><td>4-\u03c622<\/td><td>165<\/td><td>4-\u03c622<\/td><td>103<\/td><td>300<\/td><td>46\u00d746<\/td><td>GTX.254~255<\/td><td>233<\/td><td>234<\/td><td>200<\/td><td>175<\/td><td>85.5<\/td><\/tr><tr><td>MLHJ80<\/td><td>48<\/td><td>14<\/td><td>51.8<\/td><td>140<\/td><td>4-M16<\/td><td>135<\/td><td>4-M18<\/td><td>135\u00d7156<\/td><td>140<\/td><td>4-\u03c618<\/td><td>140<\/td><td>4-\u03c618<\/td><td>114<\/td><td>300<\/td><td>36\u00d736<\/td><td>GTX.210<\/td><td>271<\/td><td>305<\/td><td>279<\/td><td>234<\/td><td>123<\/td><\/tr><tr><td>\u00a0<\/td><td>60<\/td><td>18<\/td><td>64.4<\/td><td>165<\/td><td>4-M20<\/td><td>156<\/td><td>4-M22<\/td><td>156\u00d7156<\/td><td>165<\/td><td>4-\u03c622<\/td><td>165<\/td><td>4-\u03c622<\/td><td>114<\/td><td>400<\/td><td>46\u00d746<\/td><td>GTX.254~255<\/td><td>271<\/td><td>305<\/td><td>279<\/td><td>234<\/td><td>123<\/td><\/tr><tr><td>MLHJ78<\/td><td>48<\/td><td>14<\/td><td>51.8<\/td><td>140<\/td><td>4-M16<\/td><td>\u00a0<\/td><td>\u00a0<\/td><td>135\u00d7156<\/td><td>140<\/td><td>4-\u03c618<\/td><td>\u00a0<\/td><td>\u00a0<\/td><td>120<\/td><td>600<\/td><td>36\u00d736<\/td><td>GTX.210<\/td><td>367<\/td><td>336<\/td><td>322<\/td><td>276<\/td><td>141.5<\/td><\/tr><tr><td>\u00a0<\/td><td>60<\/td><td>18<\/td><td>64.4<\/td><td>165<\/td><td>4-M20<\/td><td>\u00a0<\/td><td>\u00a0<\/td><td>156\u00d7156<\/td><td>165<\/td><td>4-\u03c622<\/td><td>\u00a0<\/td><td>\u00a0<\/td><td>120<\/td><td>600<\/td><td>46\u00d746<\/td><td>GTX.254~255<\/td><td>367<\/td><td>336<\/td><td>322<\/td><td>276<\/td><td>141.5<\/td><\/tr><tr><td>MLHJ320<\/td><td>75<\/td><td>20<\/td><td>79.9<\/td><td>254<\/td><td>8-M16<\/td><td>\u00a0<\/td><td>\u00a0<\/td><td>300<\/td><td>254<\/td><td>8-\u03c618<\/td><td>\u00a0<\/td><td>\u00a0<\/td><td>244<\/td><td>500<\/td><td>300<\/td><td>\u00a0<\/td><td>464<\/td><td>435<\/td><td>386<\/td><td>300<\/td><td>156.5<\/td><\/tr><\/tbody><\/table>\t\t\t\t\t\t\t\t<\/div>\n\t\t\t\t<\/div>\n\t\t\t\t\t<\/div>\n\t\t\t\t<\/div>\n\t\t<div class=\"elementor-element elementor-element-d351c56 e-flex e-con-boxed e-con e-parent\" data-id=\"d351c56\" data-element_type=\"container\" data-e-type=\"container\">\n\t\t\t\t\t<div class=\"e-con-inner\">\n\t\t\t\t<div class=\"elementor-element elementor-element-b8a39b4 color-scheme-inherit text-left elementor-widget elementor-widget-text-editor\" data-id=\"b8a39b4\" data-element_type=\"widget\" data-e-type=\"widget\" data-widget_type=\"text-editor.default\">\n\t\t\t\t<div class=\"elementor-widget-container\">\n\t\t\t\t\t\t\t\t\t<table><thead><tr><th>Mod\u00e8le<\/th><th>Ratio<\/th><th>Entr\u00e9e (N.m)<\/th><th>Couple de sortie (Nm)<\/th><th>Diam\u00e8tre du volant (mm)<\/th><th>Poids (kg)<\/th><\/tr><\/thead><tbody><tr><td>MLHJ26<\/td><td>26:1<\/td><td>60<\/td><td>300<\/td><td>200<\/td><td>6.7<\/td><\/tr><tr><td>MLHJ38<\/td><td>38:1<\/td><td>60<\/td><td>550<\/td><td>200<\/td><td>13<\/td><\/tr><tr><td>\u00a0<\/td><td>\u00a0<\/td><td>75<\/td><td>620<\/td><td>250<\/td><td>\u00a0<\/td><\/tr><tr><td>\u00a0<\/td><td>\u00a0<\/td><td>90<\/td><td>700<\/td><td>300<\/td><td>20<\/td><\/tr><tr><td>MLHJ54<\/td><td>54:1<\/td><td>100<\/td><td>1000<\/td><td>250<\/td><td>\u00a0<\/td><\/tr><tr><td>\u00a0<\/td><td>\u00a0<\/td><td>120<\/td><td>1200<\/td><td>300<\/td><td>\u00a0<\/td><\/tr><tr><td>MLHJ80<\/td><td>80:1<\/td><td>110<\/td><td>1600<\/td><td>300<\/td><td>27<\/td><\/tr><tr><td>\u00a0<\/td><td>\u00a0<\/td><td>140<\/td><td>2000<\/td><td>400<\/td><td>\u00a0<\/td><\/tr><tr><td>MLHJ78<\/td><td>78:1<\/td><td>200<\/td><td>3100<\/td><td>600<\/td><td>37<\/td><\/tr><tr><td>MLHJ320<\/td><td>320:1<\/td><td>120<\/td><td>7000<\/td><td>500<\/td><td>105<\/td><\/tr><\/tbody><\/table>\t\t\t\t\t\t\t\t<\/div>\n\t\t\t\t<\/div>\n\t\t\t\t\t<\/div>\n\t\t\t\t<\/div>\n\t\t\t\t<\/div>","protected":false},"excerpt":{"rendered":"<ul>\n<li><strong>Compatibilit\u00e9 des dispositifs pneumatiques<\/strong>: Con\u00e7u pour \u00eatre utilis\u00e9 en combinaison avec des dispositifs pneumatiques pour les vannes papillon ouvertes \u00e0 90\u00b0, les vannes \u00e0 clapet, etc.<\/li>\n<li><strong>Compact et l\u00e9ger<\/strong>: Le faible volume et le poids l\u00e9ger facilitent la manipulation et l'installation.<\/li>\n<li><strong>Design raisonnable et style novateur<\/strong>: Con\u00e7u avec un design rationnel et un style moderne pour une performance et une esth\u00e9tique accrues.<\/li>\n<li><strong>Deux modes de fonctionnement<\/strong>: Tirer la goupille de fin de course et tourner le dispositif excentrique de 180\u00b0 pour passer en mode pneumatique ; inverser le processus pour passer en mode manuel.<\/li>\n<li><strong>Application polyvalente<\/strong>: Convient \u00e0 une s\u00e9rie de produits dont le couple de sortie est adapt\u00e9 aux dispositifs pneumatiques et \u00e0 diverses vannes.<\/li>\n<\/ul>","protected":false},"featured_media":16227,"comment_status":"open","ping_status":"closed","template":"","meta":[],"product_brand":[],"product_cat":[100,103],"product_tag":[],"class_list":{"0":"post-16226","1":"product","2":"type-product","3":"status-publish","4":"has-post-thumbnail","6":"product_cat-gearbox","7":"product_cat-gearbox-for-pneumatic-actuator-or-manual-operation","9":"first","10":"instock","11":"shipping-taxable","12":"product-type-simple"},"yoast_head":"<!-- This site is optimized with the Yoast SEO plugin v27.4 - https:\/\/yoast.com\/product\/yoast-seo-wordpress\/ -->\n<title>MLHJ Clutch Gearbox - sne-gears.com<\/title>\n<meta name=\"robots\" content=\"index, follow, max-snippet:-1, max-image-preview:large, max-video-preview:-1\" \/>\n<link rel=\"canonical\" href=\"https:\/\/sne-gears.com\/fr\/produit\/mlhj-clutch-gearbox\/\" \/>\n<meta property=\"og:locale\" content=\"fr_FR\" \/>\n<meta property=\"og:type\" content=\"article\" \/>\n<meta property=\"og:title\" content=\"MLHJ Clutch Gearbox - sne-gears.com\" \/>\n<meta property=\"og:description\" content=\"Pneumatic Device Compatibility: Designed for use in combination with pneumatic devices for 90\u00b0 open butterfly valves, plug valves, and more.  Compact &amp; Lightweight: Features small volume and light weight for easy handling and installation.  Reasonable Design &amp; Novel Style: Engineered with a rational design and modern style for enhanced performance and aesthetics.  Dual Operation Modes: Pull the limit pin and rotate the eccentric device 180\u00b0 to switch to pneumatic operation; reverse the process to switch to manual operation.  Versatile Application: Suitable for a series of products with output torque matched to pneumatic devices and various valves.\" \/>\n<meta property=\"og:url\" content=\"https:\/\/sne-gears.com\/fr\/produit\/mlhj-clutch-gearbox\/\" \/>\n<meta property=\"og:site_name\" content=\"sne-gears.com\" \/>\n<meta property=\"article:modified_time\" content=\"2024-08-12T14:43:16+00:00\" \/>\n<meta property=\"og:image\" content=\"https:\/\/sne-gears.com\/wp-content\/uploads\/2024\/07\/1720531809264.png\" \/>\n\t<meta property=\"og:image:width\" content=\"711\" \/>\n\t<meta property=\"og:image:height\" content=\"424\" \/>\n\t<meta property=\"og:image:type\" content=\"image\/png\" \/>\n<meta name=\"twitter:card\" content=\"summary_large_image\" \/>\n<meta name=\"twitter:label1\" content=\"Dur\u00e9e de lecture estim\u00e9e\" \/>\n\t<meta name=\"twitter:data1\" content=\"3 minutes\" \/>\n<script type=\"application\/ld+json\" class=\"yoast-schema-graph\">{\"@context\":\"https:\\\/\\\/schema.org\",\"@graph\":[{\"@type\":\"WebPage\",\"@id\":\"https:\\\/\\\/sne-gears.com\\\/product\\\/mlhj-clutch-gearbox\\\/\",\"url\":\"https:\\\/\\\/sne-gears.com\\\/product\\\/mlhj-clutch-gearbox\\\/\",\"name\":\"MLHJ Clutch Gearbox - sne-gears.com\",\"isPartOf\":{\"@id\":\"https:\\\/\\\/sne-gears.com\\\/#website\"},\"primaryImageOfPage\":{\"@id\":\"https:\\\/\\\/sne-gears.com\\\/product\\\/mlhj-clutch-gearbox\\\/#primaryimage\"},\"image\":{\"@id\":\"https:\\\/\\\/sne-gears.com\\\/product\\\/mlhj-clutch-gearbox\\\/#primaryimage\"},\"thumbnailUrl\":\"https:\\\/\\\/sne-gears.com\\\/wp-content\\\/uploads\\\/2024\\\/07\\\/1720531809264.png\",\"datePublished\":\"2024-07-09T13:33:57+00:00\",\"dateModified\":\"2024-08-12T14:43:16+00:00\",\"breadcrumb\":{\"@id\":\"https:\\\/\\\/sne-gears.com\\\/product\\\/mlhj-clutch-gearbox\\\/#breadcrumb\"},\"inLanguage\":\"fr-FR\",\"potentialAction\":[{\"@type\":\"ReadAction\",\"target\":[\"https:\\\/\\\/sne-gears.com\\\/product\\\/mlhj-clutch-gearbox\\\/\"]}]},{\"@type\":\"ImageObject\",\"inLanguage\":\"fr-FR\",\"@id\":\"https:\\\/\\\/sne-gears.com\\\/product\\\/mlhj-clutch-gearbox\\\/#primaryimage\",\"url\":\"https:\\\/\\\/sne-gears.com\\\/wp-content\\\/uploads\\\/2024\\\/07\\\/1720531809264.png\",\"contentUrl\":\"https:\\\/\\\/sne-gears.com\\\/wp-content\\\/uploads\\\/2024\\\/07\\\/1720531809264.png\",\"width\":711,\"height\":424},{\"@type\":\"BreadcrumbList\",\"@id\":\"https:\\\/\\\/sne-gears.com\\\/product\\\/mlhj-clutch-gearbox\\\/#breadcrumb\",\"itemListElement\":[{\"@type\":\"ListItem\",\"position\":1,\"name\":\"Home\",\"item\":\"https:\\\/\\\/sne-gears.com\\\/\"},{\"@type\":\"ListItem\",\"position\":2,\"name\":\"Shop\",\"item\":\"https:\\\/\\\/sne-gears.com\\\/shop\\\/\"},{\"@type\":\"ListItem\",\"position\":3,\"name\":\"MLHJ Clutch Gearbox\"}]},{\"@type\":\"WebSite\",\"@id\":\"https:\\\/\\\/sne-gears.com\\\/#website\",\"url\":\"https:\\\/\\\/sne-gears.com\\\/\",\"name\":\"sne-gears.com\",\"description\":\"\",\"potentialAction\":[{\"@type\":\"SearchAction\",\"target\":{\"@type\":\"EntryPoint\",\"urlTemplate\":\"https:\\\/\\\/sne-gears.com\\\/?s={search_term_string}\"},\"query-input\":{\"@type\":\"PropertyValueSpecification\",\"valueRequired\":true,\"valueName\":\"search_term_string\"}}],\"inLanguage\":\"fr-FR\"}]}<\/script>\n<!-- \/ Yoast SEO plugin. -->","yoast_head_json":{"title":"MLHJ Clutch Gearbox - sne-gears.com","robots":{"index":"index","follow":"follow","max-snippet":"max-snippet:-1","max-image-preview":"max-image-preview:large","max-video-preview":"max-video-preview:-1"},"canonical":"https:\/\/sne-gears.com\/fr\/produit\/mlhj-clutch-gearbox\/","og_locale":"fr_FR","og_type":"article","og_title":"MLHJ Clutch Gearbox - sne-gears.com","og_description":"Pneumatic Device Compatibility: Designed for use in combination with pneumatic devices for 90\u00b0 open butterfly valves, plug valves, and more.  Compact &amp; Lightweight: Features small volume and light weight for easy handling and installation.  Reasonable Design &amp; Novel Style: Engineered with a rational design and modern style for enhanced performance and aesthetics.  Dual Operation Modes: Pull the limit pin and rotate the eccentric device 180\u00b0 to switch to pneumatic operation; reverse the process to switch to manual operation.  Versatile Application: Suitable for a series of products with output torque matched to pneumatic devices and various valves.","og_url":"https:\/\/sne-gears.com\/fr\/produit\/mlhj-clutch-gearbox\/","og_site_name":"sne-gears.com","article_modified_time":"2024-08-12T14:43:16+00:00","og_image":[{"width":711,"height":424,"url":"https:\/\/sne-gears.com\/wp-content\/uploads\/2024\/07\/1720531809264.png","type":"image\/png"}],"twitter_card":"summary_large_image","twitter_misc":{"Dur\u00e9e de lecture estim\u00e9e":"3 minutes"},"schema":{"@context":"https:\/\/schema.org","@graph":[{"@type":"WebPage","@id":"https:\/\/sne-gears.com\/product\/mlhj-clutch-gearbox\/","url":"https:\/\/sne-gears.com\/product\/mlhj-clutch-gearbox\/","name":"MLHJ Clutch Gearbox - sne-gears.com","isPartOf":{"@id":"https:\/\/sne-gears.com\/#website"},"primaryImageOfPage":{"@id":"https:\/\/sne-gears.com\/product\/mlhj-clutch-gearbox\/#primaryimage"},"image":{"@id":"https:\/\/sne-gears.com\/product\/mlhj-clutch-gearbox\/#primaryimage"},"thumbnailUrl":"https:\/\/sne-gears.com\/wp-content\/uploads\/2024\/07\/1720531809264.png","datePublished":"2024-07-09T13:33:57+00:00","dateModified":"2024-08-12T14:43:16+00:00","breadcrumb":{"@id":"https:\/\/sne-gears.com\/product\/mlhj-clutch-gearbox\/#breadcrumb"},"inLanguage":"fr-FR","potentialAction":[{"@type":"ReadAction","target":["https:\/\/sne-gears.com\/product\/mlhj-clutch-gearbox\/"]}]},{"@type":"ImageObject","inLanguage":"fr-FR","@id":"https:\/\/sne-gears.com\/product\/mlhj-clutch-gearbox\/#primaryimage","url":"https:\/\/sne-gears.com\/wp-content\/uploads\/2024\/07\/1720531809264.png","contentUrl":"https:\/\/sne-gears.com\/wp-content\/uploads\/2024\/07\/1720531809264.png","width":711,"height":424},{"@type":"BreadcrumbList","@id":"https:\/\/sne-gears.com\/product\/mlhj-clutch-gearbox\/#breadcrumb","itemListElement":[{"@type":"ListItem","position":1,"name":"Home","item":"https:\/\/sne-gears.com\/"},{"@type":"ListItem","position":2,"name":"Shop","item":"https:\/\/sne-gears.com\/shop\/"},{"@type":"ListItem","position":3,"name":"MLHJ Clutch Gearbox"}]},{"@type":"WebSite","@id":"https:\/\/sne-gears.com\/#website","url":"https:\/\/sne-gears.com\/","name":"sne-gears.com","description":"","potentialAction":[{"@type":"SearchAction","target":{"@type":"EntryPoint","urlTemplate":"https:\/\/sne-gears.com\/?s={search_term_string}"},"query-input":{"@type":"PropertyValueSpecification","valueRequired":true,"valueName":"search_term_string"}}],"inLanguage":"fr-FR"}]}},"_links":{"self":[{"href":"https:\/\/sne-gears.com\/fr\/wp-json\/wp\/v2\/product\/16226","targetHints":{"allow":["GET"]}}],"collection":[{"href":"https:\/\/sne-gears.com\/fr\/wp-json\/wp\/v2\/product"}],"about":[{"href":"https:\/\/sne-gears.com\/fr\/wp-json\/wp\/v2\/types\/product"}],"replies":[{"embeddable":true,"href":"https:\/\/sne-gears.com\/fr\/wp-json\/wp\/v2\/comments?post=16226"}],"version-history":[{"count":44,"href":"https:\/\/sne-gears.com\/fr\/wp-json\/wp\/v2\/product\/16226\/revisions"}],"predecessor-version":[{"id":17682,"href":"https:\/\/sne-gears.com\/fr\/wp-json\/wp\/v2\/product\/16226\/revisions\/17682"}],"wp:featuredmedia":[{"embeddable":true,"href":"https:\/\/sne-gears.com\/fr\/wp-json\/wp\/v2\/media\/16227"}],"wp:attachment":[{"href":"https:\/\/sne-gears.com\/fr\/wp-json\/wp\/v2\/media?parent=16226"}],"wp:term":[{"taxonomy":"product_brand","embeddable":true,"href":"https:\/\/sne-gears.com\/fr\/wp-json\/wp\/v2\/product_brand?post=16226"},{"taxonomy":"product_cat","embeddable":true,"href":"https:\/\/sne-gears.com\/fr\/wp-json\/wp\/v2\/product_cat?post=16226"},{"taxonomy":"product_tag","embeddable":true,"href":"https:\/\/sne-gears.com\/fr\/wp-json\/wp\/v2\/product_tag?post=16226"}],"curies":[{"name":"wp","href":"https:\/\/api.w.org\/{rel}","templated":true}]}}