{"id":16229,"date":"2024-07-09T13:36:25","date_gmt":"2024-07-09T13:36:25","guid":{"rendered":"https:\/\/sne-gears.com\/?post_type=product&#038;p=16229"},"modified":"2024-08-14T12:01:42","modified_gmt":"2024-08-14T12:01:42","slug":"model-ii-single-stage-drive-gearbox","status":"publish","type":"product","link":"https:\/\/sne-gears.com\/fr\/produit\/model-ii-single-stage-drive-gearbox\/","title":{"rendered":"Bo\u00eete de vitesses \u00e0 un \u00e9tage mod\u00e8le II"},"content":{"rendered":"<div data-elementor-type=\"wp-post\" data-elementor-id=\"16229\" class=\"elementor elementor-16229\">\n\t\t\t\t<div class=\"elementor-element elementor-element-f16dd31 e-flex e-con-boxed e-con e-parent\" data-id=\"f16dd31\" data-element_type=\"container\" data-e-type=\"container\">\n\t\t\t\t\t<div class=\"e-con-inner\">\n\t\t\t\t<div class=\"elementor-element elementor-element-2346b14 color-scheme-inherit text-left elementor-widget elementor-widget-text-editor\" data-id=\"2346b14\" data-element_type=\"widget\" data-e-type=\"widget\" data-widget_type=\"text-editor.default\">\n\t\t\t\t<div class=\"elementor-widget-container\">\n\t\t\t\t\t\t\t\t\t<p>Ce produit utilise un engrenage \u00e0 vis sans fin et un ensemble d'entra\u00eenement \u00e0 vis sans fin. L'installation de roulements aux deux extr\u00e9mit\u00e9s de la vis sans fin, la vis sans fin et la tige sont int\u00e9gr\u00e9es. Le produit se caract\u00e9rise par une structure rationnelle \u00e0 couple de sortie \u00e9lev\u00e9 et une capacit\u00e9 d'auto-maintien fiable. Il peut \u00eatre utilis\u00e9 pour contr\u00f4ler les vannes papillon \u00e0 rotation de 90\u00b0, les vannes \u00e0 bille, les vannes \u00e0 robinet, etc.<\/p>\t\t\t\t\t\t\t\t<\/div>\n\t\t\t\t<\/div>\n\t\t\t\t\t<\/div>\n\t\t\t\t<\/div>\n\t\t<div class=\"elementor-element elementor-element-d7727eb e-flex e-con-boxed e-con e-parent\" data-id=\"d7727eb\" data-element_type=\"container\" data-e-type=\"container\">\n\t\t\t\t\t<div class=\"e-con-inner\">\n\t\t\t\t<div class=\"elementor-element elementor-element-90ae16b elementor-widget elementor-widget-image\" data-id=\"90ae16b\" data-element_type=\"widget\" data-e-type=\"widget\" data-widget_type=\"image.default\">\n\t\t\t\t<div class=\"elementor-widget-container\">\n\t\t\t\t\t\t\t\t\t\t\t\t\t\t\t<img fetchpriority=\"high\" decoding=\"async\" width=\"1200\" height=\"600\" src=\"data:image\/gif;base64,R0lGODlhAQABAIAAAAAAAP\/\/\/yH5BAEAAAAALAAAAAABAAEAAAIBRAA7\" data-src=\"https:\/\/sne-gears.com\/wp-content\/uploads\/2024\/07\/3567-1.jpg\" class=\"attachment-large size-large wp-image-17410 lazyload\" alt=\"\" data-srcset=\"https:\/\/sne-gears.com\/wp-content\/uploads\/2024\/07\/3567-1.jpg 1200w, https:\/\/sne-gears.com\/wp-content\/uploads\/2024\/07\/3567-1-400x200.jpg 400w, https:\/\/sne-gears.com\/wp-content\/uploads\/2024\/07\/3567-1-768x384.jpg 768w, https:\/\/sne-gears.com\/wp-content\/uploads\/2024\/07\/3567-1-18x9.jpg 18w, https:\/\/sne-gears.com\/wp-content\/uploads\/2024\/07\/3567-1-430x215.jpg 430w, https:\/\/sne-gears.com\/wp-content\/uploads\/2024\/07\/3567-1-700x350.jpg 700w, https:\/\/sne-gears.com\/wp-content\/uploads\/2024\/07\/3567-1-150x75.jpg 150w\" sizes=\"(max-width: 1200px) 100vw, 1200px\" \/><noscript><img decoding=\"async\" width=\"1200\" height=\"600\" src=\"https:\/\/sne-gears.com\/wp-content\/uploads\/2024\/07\/3567-1.jpg\" class=\"attachment-large size-large wp-image-17410 lazyload\" alt=\"\" srcset=\"https:\/\/sne-gears.com\/wp-content\/uploads\/2024\/07\/3567-1.jpg 1200w, https:\/\/sne-gears.com\/wp-content\/uploads\/2024\/07\/3567-1-400x200.jpg 400w, https:\/\/sne-gears.com\/wp-content\/uploads\/2024\/07\/3567-1-768x384.jpg 768w, https:\/\/sne-gears.com\/wp-content\/uploads\/2024\/07\/3567-1-18x9.jpg 18w, https:\/\/sne-gears.com\/wp-content\/uploads\/2024\/07\/3567-1-430x215.jpg 430w, https:\/\/sne-gears.com\/wp-content\/uploads\/2024\/07\/3567-1-700x350.jpg 700w, https:\/\/sne-gears.com\/wp-content\/uploads\/2024\/07\/3567-1-150x75.jpg 150w\" sizes=\"(max-width: 1200px) 100vw, 1200px\" \/><\/noscript>\t\t\t\t\t\t\t\t\t\t\t\t\t\t\t<\/div>\n\t\t\t\t<\/div>\n\t\t\t\t\t<\/div>\n\t\t\t\t<\/div>\n\t\t<div class=\"elementor-element elementor-element-2f315c0 e-flex e-con-boxed e-con e-parent\" data-id=\"2f315c0\" data-element_type=\"container\" data-e-type=\"container\">\n\t\t\t\t\t<div class=\"e-con-inner\">\n\t\t\t\t<div class=\"elementor-element elementor-element-dc92f9e color-scheme-inherit text-left elementor-widget elementor-widget-text-editor\" data-id=\"dc92f9e\" data-element_type=\"widget\" data-e-type=\"widget\" data-widget_type=\"text-editor.default\">\n\t\t\t\t<div class=\"elementor-widget-container\">\n\t\t\t\t\t\t\t\t\t<h2>Tableau des dimensions g\u00e9n\u00e9rales<\/h2>\t\t\t\t\t\t\t\t<\/div>\n\t\t\t\t<\/div>\n\t\t\t\t\t<\/div>\n\t\t\t\t<\/div>\n\t\t<div class=\"elementor-element elementor-element-c304fed e-flex e-con-boxed e-con e-parent\" data-id=\"c304fed\" data-element_type=\"container\" data-e-type=\"container\">\n\t\t\t\t\t<div class=\"e-con-inner\">\n\t\t\t\t<div class=\"elementor-element elementor-element-19e3583e color-scheme-inherit text-left elementor-widget elementor-widget-text-editor\" data-id=\"19e3583e\" data-element_type=\"widget\" data-e-type=\"widget\" data-widget_type=\"text-editor.default\">\n\t\t\t\t<div class=\"elementor-widget-container\">\n\t\t\t\t\t\t\t\t\t<table dir=\"ltr\" cellspacing=\"0\" cellpadding=\"0\" data-sheets-root=\"1\" data-sheets-baot=\"1\"><colgroup> <col width=\"46\" \/> <col width=\"61\" \/> <col width=\"305\" \/> <col width=\"305\" \/> <col width=\"305\" \/> <col width=\"305\" \/> <col width=\"305\" \/> <col width=\"305\" \/> <col width=\"305\" \/> <col width=\"305\" \/> <col width=\"305\" \/> <col width=\"305\" \/> <col width=\"305\" \/><\/colgroup><tbody><tr><td>Mod\u00e8le<\/td><td>d<\/td><td>b<\/td><td>t<\/td><td>D1<\/td><td>4-M<\/td><td>A<\/td><td>B<\/td><td>C<\/td><td>L<\/td><td>\u03a6<\/td><td>H<\/td><td>h<\/td><\/tr><tr><td>LX1002<\/td><td>20<\/td><td>6<\/td><td>25.6<\/td><td>102<\/td><td>4-M10<\/td><td>173<\/td><td>61<\/td><td>129<\/td><td>159<\/td><td>220<\/td><td>74<\/td><td>32<\/td><\/tr><tr><td>LX1004<\/td><td>30<\/td><td>8<\/td><td>36.6<\/td><td>102<\/td><td>4-M10<\/td><td>196<\/td><td>65<\/td><td>150<\/td><td>178<\/td><td>300<\/td><td>86<\/td><td>36<\/td><\/tr><tr><td>LX1401<\/td><td>35<\/td><td>12<\/td><td>41.6<\/td><td>140<\/td><td>4-M16<\/td><td>243<\/td><td>87<\/td><td>187<\/td><td>194<\/td><td>300<\/td><td>101<\/td><td>46<\/td><\/tr><\/tbody><\/table>\t\t\t\t\t\t\t\t<\/div>\n\t\t\t\t<\/div>\n\t\t\t\t\t<\/div>\n\t\t\t\t<\/div>\n\t\t<div class=\"elementor-element elementor-element-be23e15 e-flex e-con-boxed e-con e-parent\" data-id=\"be23e15\" data-element_type=\"container\" data-e-type=\"container\">\n\t\t\t\t\t<div class=\"e-con-inner\">\n\t\t\t\t<div class=\"elementor-element elementor-element-bffd831 elementor-widget elementor-widget-heading\" data-id=\"bffd831\" data-element_type=\"widget\" data-e-type=\"widget\" data-widget_type=\"heading.default\">\n\t\t\t\t<div class=\"elementor-widget-container\">\n\t\t\t\t\t<h2 class=\"elementor-heading-title elementor-size-default\">Param\u00e8tres techniques<\/h2>\t\t\t\t<\/div>\n\t\t\t\t<\/div>\n\t\t\t\t\t<\/div>\n\t\t\t\t<\/div>\n\t\t<div class=\"elementor-element elementor-element-6691c9b e-flex e-con-boxed e-con e-parent\" data-id=\"6691c9b\" data-element_type=\"container\" data-e-type=\"container\">\n\t\t\t\t\t<div class=\"e-con-inner\">\n\t\t\t\t<div class=\"elementor-element elementor-element-cd3334f color-scheme-inherit text-left elementor-widget elementor-widget-text-editor\" data-id=\"cd3334f\" data-element_type=\"widget\" data-e-type=\"widget\" data-widget_type=\"text-editor.default\">\n\t\t\t\t<div class=\"elementor-widget-container\">\n\t\t\t\t\t\t\t\t\t<table><tbody><tr><th>Mod\u00e8le<\/th><th>Couple (N-m)<\/th><th>Ratio<\/th><th>Couple d'entr\u00e9e (N-m)<\/th><th>Poids (kg)<\/th><th>Remarques<\/th><\/tr><tr><td>LX1002<\/td><td>400<\/td><td>47:1<\/td><td>30<\/td><td>6.6<\/td><td>\u00a0<\/td><\/tr><tr><td>LX1004<\/td><td>750<\/td><td>40:1<\/td><td>65<\/td><td>11<\/td><td>\u00a0<\/td><\/tr><tr><td>LX1401<\/td><td>1700<\/td><td>47:1<\/td><td>120<\/td><td>18<\/td><\/tr><\/tbody><\/table>\t\t\t\t\t\t\t\t<\/div>\n\t\t\t\t<\/div>\n\t\t\t\t\t<\/div>\n\t\t\t\t<\/div>\n\t\t\t\t<\/div>","protected":false},"excerpt":{"rendered":"<p>This product worm gear and worm drive set is used. Strong in output for installing bearing at the both end<\/p>","protected":false},"featured_media":16231,"comment_status":"open","ping_status":"closed","template":"","meta":[],"product_brand":[],"product_cat":[100,105],"product_tag":[],"class_list":{"0":"post-16229","1":"product","2":"type-product","3":"status-publish","4":"has-post-thumbnail","6":"product_cat-gearbox","7":"product_cat-quarter-turn-gearboxes","9":"first","10":"instock","11":"shipping-taxable","12":"product-type-simple"},"yoast_head":"<!-- This site is optimized with the Yoast SEO plugin v27.4 - https:\/\/yoast.com\/product\/yoast-seo-wordpress\/ -->\n<title>Model II Single-Stage Drive Gearbox - sne-gears.com<\/title>\n<meta name=\"robots\" content=\"index, follow, max-snippet:-1, max-image-preview:large, max-video-preview:-1\" \/>\n<link rel=\"canonical\" href=\"https:\/\/sne-gears.com\/fr\/produit\/model-ii-single-stage-drive-gearbox\/\" \/>\n<meta property=\"og:locale\" content=\"fr_FR\" \/>\n<meta property=\"og:type\" content=\"article\" \/>\n<meta property=\"og:title\" content=\"Model II Single-Stage Drive Gearbox - sne-gears.com\" \/>\n<meta property=\"og:description\" content=\"This product worm gear and worm drive set is used. Strong in output for installing bearing at the both end\" \/>\n<meta property=\"og:url\" content=\"https:\/\/sne-gears.com\/fr\/produit\/model-ii-single-stage-drive-gearbox\/\" \/>\n<meta property=\"og:site_name\" content=\"sne-gears.com\" \/>\n<meta property=\"article:modified_time\" content=\"2024-08-14T12:01:42+00:00\" \/>\n<meta property=\"og:image\" content=\"https:\/\/sne-gears.com\/wp-content\/uploads\/2024\/07\/1720532222425.png\" \/>\n\t<meta property=\"og:image:width\" content=\"711\" \/>\n\t<meta property=\"og:image:height\" content=\"424\" \/>\n\t<meta property=\"og:image:type\" content=\"image\/png\" \/>\n<meta name=\"twitter:card\" content=\"summary_large_image\" \/>\n<meta name=\"twitter:label1\" content=\"Dur\u00e9e de lecture estim\u00e9e\" \/>\n\t<meta name=\"twitter:data1\" content=\"1 minute\" \/>\n<script type=\"application\/ld+json\" class=\"yoast-schema-graph\">{\"@context\":\"https:\\\/\\\/schema.org\",\"@graph\":[{\"@type\":\"WebPage\",\"@id\":\"https:\\\/\\\/sne-gears.com\\\/product\\\/model-ii-single-stage-drive-gearbox\\\/\",\"url\":\"https:\\\/\\\/sne-gears.com\\\/product\\\/model-ii-single-stage-drive-gearbox\\\/\",\"name\":\"Model II Single-Stage Drive Gearbox - sne-gears.com\",\"isPartOf\":{\"@id\":\"https:\\\/\\\/sne-gears.com\\\/#website\"},\"primaryImageOfPage\":{\"@id\":\"https:\\\/\\\/sne-gears.com\\\/product\\\/model-ii-single-stage-drive-gearbox\\\/#primaryimage\"},\"image\":{\"@id\":\"https:\\\/\\\/sne-gears.com\\\/product\\\/model-ii-single-stage-drive-gearbox\\\/#primaryimage\"},\"thumbnailUrl\":\"https:\\\/\\\/sne-gears.com\\\/wp-content\\\/uploads\\\/2024\\\/07\\\/1720532222425.png\",\"datePublished\":\"2024-07-09T13:36:25+00:00\",\"dateModified\":\"2024-08-14T12:01:42+00:00\",\"breadcrumb\":{\"@id\":\"https:\\\/\\\/sne-gears.com\\\/product\\\/model-ii-single-stage-drive-gearbox\\\/#breadcrumb\"},\"inLanguage\":\"fr-FR\",\"potentialAction\":[{\"@type\":\"ReadAction\",\"target\":[\"https:\\\/\\\/sne-gears.com\\\/product\\\/model-ii-single-stage-drive-gearbox\\\/\"]}]},{\"@type\":\"ImageObject\",\"inLanguage\":\"fr-FR\",\"@id\":\"https:\\\/\\\/sne-gears.com\\\/product\\\/model-ii-single-stage-drive-gearbox\\\/#primaryimage\",\"url\":\"https:\\\/\\\/sne-gears.com\\\/wp-content\\\/uploads\\\/2024\\\/07\\\/1720532222425.png\",\"contentUrl\":\"https:\\\/\\\/sne-gears.com\\\/wp-content\\\/uploads\\\/2024\\\/07\\\/1720532222425.png\",\"width\":711,\"height\":424},{\"@type\":\"BreadcrumbList\",\"@id\":\"https:\\\/\\\/sne-gears.com\\\/product\\\/model-ii-single-stage-drive-gearbox\\\/#breadcrumb\",\"itemListElement\":[{\"@type\":\"ListItem\",\"position\":1,\"name\":\"Home\",\"item\":\"https:\\\/\\\/sne-gears.com\\\/\"},{\"@type\":\"ListItem\",\"position\":2,\"name\":\"Shop\",\"item\":\"https:\\\/\\\/sne-gears.com\\\/shop\\\/\"},{\"@type\":\"ListItem\",\"position\":3,\"name\":\"Model II Single-Stage Drive Gearbox\"}]},{\"@type\":\"WebSite\",\"@id\":\"https:\\\/\\\/sne-gears.com\\\/#website\",\"url\":\"https:\\\/\\\/sne-gears.com\\\/\",\"name\":\"sne-gears.com\",\"description\":\"\",\"potentialAction\":[{\"@type\":\"SearchAction\",\"target\":{\"@type\":\"EntryPoint\",\"urlTemplate\":\"https:\\\/\\\/sne-gears.com\\\/?s={search_term_string}\"},\"query-input\":{\"@type\":\"PropertyValueSpecification\",\"valueRequired\":true,\"valueName\":\"search_term_string\"}}],\"inLanguage\":\"fr-FR\"}]}<\/script>\n<!-- \/ Yoast SEO plugin. -->","yoast_head_json":{"title":"Model II Single-Stage Drive Gearbox - sne-gears.com","robots":{"index":"index","follow":"follow","max-snippet":"max-snippet:-1","max-image-preview":"max-image-preview:large","max-video-preview":"max-video-preview:-1"},"canonical":"https:\/\/sne-gears.com\/fr\/produit\/model-ii-single-stage-drive-gearbox\/","og_locale":"fr_FR","og_type":"article","og_title":"Model II Single-Stage Drive Gearbox - sne-gears.com","og_description":"This product worm gear and worm drive set is used. Strong in output for installing bearing at the both end","og_url":"https:\/\/sne-gears.com\/fr\/produit\/model-ii-single-stage-drive-gearbox\/","og_site_name":"sne-gears.com","article_modified_time":"2024-08-14T12:01:42+00:00","og_image":[{"width":711,"height":424,"url":"https:\/\/sne-gears.com\/wp-content\/uploads\/2024\/07\/1720532222425.png","type":"image\/png"}],"twitter_card":"summary_large_image","twitter_misc":{"Dur\u00e9e de lecture estim\u00e9e":"1 minute"},"schema":{"@context":"https:\/\/schema.org","@graph":[{"@type":"WebPage","@id":"https:\/\/sne-gears.com\/product\/model-ii-single-stage-drive-gearbox\/","url":"https:\/\/sne-gears.com\/product\/model-ii-single-stage-drive-gearbox\/","name":"Model II Single-Stage Drive Gearbox - sne-gears.com","isPartOf":{"@id":"https:\/\/sne-gears.com\/#website"},"primaryImageOfPage":{"@id":"https:\/\/sne-gears.com\/product\/model-ii-single-stage-drive-gearbox\/#primaryimage"},"image":{"@id":"https:\/\/sne-gears.com\/product\/model-ii-single-stage-drive-gearbox\/#primaryimage"},"thumbnailUrl":"https:\/\/sne-gears.com\/wp-content\/uploads\/2024\/07\/1720532222425.png","datePublished":"2024-07-09T13:36:25+00:00","dateModified":"2024-08-14T12:01:42+00:00","breadcrumb":{"@id":"https:\/\/sne-gears.com\/product\/model-ii-single-stage-drive-gearbox\/#breadcrumb"},"inLanguage":"fr-FR","potentialAction":[{"@type":"ReadAction","target":["https:\/\/sne-gears.com\/product\/model-ii-single-stage-drive-gearbox\/"]}]},{"@type":"ImageObject","inLanguage":"fr-FR","@id":"https:\/\/sne-gears.com\/product\/model-ii-single-stage-drive-gearbox\/#primaryimage","url":"https:\/\/sne-gears.com\/wp-content\/uploads\/2024\/07\/1720532222425.png","contentUrl":"https:\/\/sne-gears.com\/wp-content\/uploads\/2024\/07\/1720532222425.png","width":711,"height":424},{"@type":"BreadcrumbList","@id":"https:\/\/sne-gears.com\/product\/model-ii-single-stage-drive-gearbox\/#breadcrumb","itemListElement":[{"@type":"ListItem","position":1,"name":"Home","item":"https:\/\/sne-gears.com\/"},{"@type":"ListItem","position":2,"name":"Shop","item":"https:\/\/sne-gears.com\/shop\/"},{"@type":"ListItem","position":3,"name":"Model II Single-Stage Drive Gearbox"}]},{"@type":"WebSite","@id":"https:\/\/sne-gears.com\/#website","url":"https:\/\/sne-gears.com\/","name":"sne-gears.com","description":"","potentialAction":[{"@type":"SearchAction","target":{"@type":"EntryPoint","urlTemplate":"https:\/\/sne-gears.com\/?s={search_term_string}"},"query-input":{"@type":"PropertyValueSpecification","valueRequired":true,"valueName":"search_term_string"}}],"inLanguage":"fr-FR"}]}},"_links":{"self":[{"href":"https:\/\/sne-gears.com\/fr\/wp-json\/wp\/v2\/product\/16229","targetHints":{"allow":["GET"]}}],"collection":[{"href":"https:\/\/sne-gears.com\/fr\/wp-json\/wp\/v2\/product"}],"about":[{"href":"https:\/\/sne-gears.com\/fr\/wp-json\/wp\/v2\/types\/product"}],"replies":[{"embeddable":true,"href":"https:\/\/sne-gears.com\/fr\/wp-json\/wp\/v2\/comments?post=16229"}],"version-history":[{"count":37,"href":"https:\/\/sne-gears.com\/fr\/wp-json\/wp\/v2\/product\/16229\/revisions"}],"predecessor-version":[{"id":17942,"href":"https:\/\/sne-gears.com\/fr\/wp-json\/wp\/v2\/product\/16229\/revisions\/17942"}],"wp:featuredmedia":[{"embeddable":true,"href":"https:\/\/sne-gears.com\/fr\/wp-json\/wp\/v2\/media\/16231"}],"wp:attachment":[{"href":"https:\/\/sne-gears.com\/fr\/wp-json\/wp\/v2\/media?parent=16229"}],"wp:term":[{"taxonomy":"product_brand","embeddable":true,"href":"https:\/\/sne-gears.com\/fr\/wp-json\/wp\/v2\/product_brand?post=16229"},{"taxonomy":"product_cat","embeddable":true,"href":"https:\/\/sne-gears.com\/fr\/wp-json\/wp\/v2\/product_cat?post=16229"},{"taxonomy":"product_tag","embeddable":true,"href":"https:\/\/sne-gears.com\/fr\/wp-json\/wp\/v2\/product_tag?post=16229"}],"curies":[{"name":"wp","href":"https:\/\/api.w.org\/{rel}","templated":true}]}}