{"id":16268,"date":"2024-07-15T14:48:45","date_gmt":"2024-07-15T14:48:45","guid":{"rendered":"https:\/\/sne-gears.com\/?post_type=product&#038;p=16268"},"modified":"2024-07-30T06:10:43","modified_gmt":"2024-07-30T06:10:43","slug":"two-stages-bevel-gearbox","status":"publish","type":"product","link":"https:\/\/sne-gears.com\/fr\/produit\/two-stages-bevel-gearbox\/","title":{"rendered":"R\u00e9ducteur \u00e0 engrenages coniques \u00e0 deux \u00e9tages"},"content":{"rendered":"<p>La transmission par engrenages \u00e0 arc \u00e0 deux \u00e9tages de type BA de la norme am\u00e9ricaine se caract\u00e9rise par un frottement r\u00e9duit, une faible voix, une force de couple \u00e9lev\u00e9e, une grande efficacit\u00e9 et une dur\u00e9e de vie am\u00e9lior\u00e9e du produit.<\/p>\n<p>Outre les caract\u00e9ristiques de confort au toucher, de facilit\u00e9 d'ouverture, de structure raisonnable et de performance sensible, ce produit est \u00e9quip\u00e9 d'\u00e9crous en cuivre et d'\u00e9crous D2 \u00e0 haute teneur en nickel, ce qui permet d'\u00e9conomiser des vis et des roulements pour chaque produit de vanne et facilite l'installation.<\/p>\n<p>Il est principalement \u00e9quip\u00e9 de robinets-vannes, de robinets \u00e0 soupape, de robinets-vannes \u00e0 guillotine et de vannes de d\u00e9charge.<\/p>","protected":false},"excerpt":{"rendered":"<p>BA type American standard two-stage arc gear transmission is characterized by reduced friction, low voice, high torque force, high efficiency,<\/p>","protected":false},"featured_media":16269,"comment_status":"open","ping_status":"closed","template":"","meta":[],"product_brand":[],"product_cat":[100,106],"product_tag":[],"class_list":{"0":"post-16268","1":"product","2":"type-product","3":"status-publish","4":"has-post-thumbnail","6":"product_cat-gearbox","7":"product_cat-multi-turn-rotory-gearboxes","9":"first","10":"instock","11":"shipping-taxable","12":"product-type-simple"},"yoast_head":"<!-- This site is optimized with the Yoast SEO plugin v27.4 - https:\/\/yoast.com\/product\/yoast-seo-wordpress\/ -->\n<title>Two-stages Bevel Gearbox - sne-gears.com<\/title>\n<meta name=\"robots\" content=\"index, follow, max-snippet:-1, max-image-preview:large, max-video-preview:-1\" \/>\n<link rel=\"canonical\" href=\"https:\/\/sne-gears.com\/fr\/produit\/two-stages-bevel-gearbox\/\" \/>\n<meta property=\"og:locale\" content=\"fr_FR\" \/>\n<meta property=\"og:type\" content=\"article\" \/>\n<meta property=\"og:title\" content=\"Two-stages Bevel Gearbox - sne-gears.com\" \/>\n<meta property=\"og:description\" content=\"BA type American standard two-stage arc gear transmission is characterized by reduced friction, low voice, high torque force, high efficiency,\" \/>\n<meta property=\"og:url\" content=\"https:\/\/sne-gears.com\/fr\/produit\/two-stages-bevel-gearbox\/\" \/>\n<meta property=\"og:site_name\" content=\"sne-gears.com\" \/>\n<meta property=\"article:modified_time\" content=\"2024-07-30T06:10:43+00:00\" \/>\n<meta property=\"og:image\" content=\"https:\/\/sne-gears.com\/wp-content\/uploads\/2024\/07\/1721054733206.png\" \/>\n\t<meta property=\"og:image:width\" content=\"500\" \/>\n\t<meta property=\"og:image:height\" content=\"699\" \/>\n\t<meta property=\"og:image:type\" content=\"image\/png\" \/>\n<meta name=\"twitter:card\" content=\"summary_large_image\" \/>\n<meta name=\"twitter:label1\" content=\"Dur\u00e9e de lecture estim\u00e9e\" \/>\n\t<meta name=\"twitter:data1\" content=\"1 minute\" \/>\n<script type=\"application\/ld+json\" class=\"yoast-schema-graph\">{\"@context\":\"https:\\\/\\\/schema.org\",\"@graph\":[{\"@type\":\"WebPage\",\"@id\":\"https:\\\/\\\/sne-gears.com\\\/product\\\/two-stages-bevel-gearbox\\\/\",\"url\":\"https:\\\/\\\/sne-gears.com\\\/product\\\/two-stages-bevel-gearbox\\\/\",\"name\":\"Two-stages Bevel Gearbox - sne-gears.com\",\"isPartOf\":{\"@id\":\"https:\\\/\\\/sne-gears.com\\\/#website\"},\"primaryImageOfPage\":{\"@id\":\"https:\\\/\\\/sne-gears.com\\\/product\\\/two-stages-bevel-gearbox\\\/#primaryimage\"},\"image\":{\"@id\":\"https:\\\/\\\/sne-gears.com\\\/product\\\/two-stages-bevel-gearbox\\\/#primaryimage\"},\"thumbnailUrl\":\"https:\\\/\\\/sne-gears.com\\\/wp-content\\\/uploads\\\/2024\\\/07\\\/1721054733206.png\",\"datePublished\":\"2024-07-15T14:48:45+00:00\",\"dateModified\":\"2024-07-30T06:10:43+00:00\",\"breadcrumb\":{\"@id\":\"https:\\\/\\\/sne-gears.com\\\/product\\\/two-stages-bevel-gearbox\\\/#breadcrumb\"},\"inLanguage\":\"fr-FR\",\"potentialAction\":[{\"@type\":\"ReadAction\",\"target\":[\"https:\\\/\\\/sne-gears.com\\\/product\\\/two-stages-bevel-gearbox\\\/\"]}]},{\"@type\":\"ImageObject\",\"inLanguage\":\"fr-FR\",\"@id\":\"https:\\\/\\\/sne-gears.com\\\/product\\\/two-stages-bevel-gearbox\\\/#primaryimage\",\"url\":\"https:\\\/\\\/sne-gears.com\\\/wp-content\\\/uploads\\\/2024\\\/07\\\/1721054733206.png\",\"contentUrl\":\"https:\\\/\\\/sne-gears.com\\\/wp-content\\\/uploads\\\/2024\\\/07\\\/1721054733206.png\",\"width\":500,\"height\":699},{\"@type\":\"BreadcrumbList\",\"@id\":\"https:\\\/\\\/sne-gears.com\\\/product\\\/two-stages-bevel-gearbox\\\/#breadcrumb\",\"itemListElement\":[{\"@type\":\"ListItem\",\"position\":1,\"name\":\"Home\",\"item\":\"https:\\\/\\\/sne-gears.com\\\/\"},{\"@type\":\"ListItem\",\"position\":2,\"name\":\"Shop\",\"item\":\"https:\\\/\\\/sne-gears.com\\\/shop\\\/\"},{\"@type\":\"ListItem\",\"position\":3,\"name\":\"Two-stages Bevel Gearbox\"}]},{\"@type\":\"WebSite\",\"@id\":\"https:\\\/\\\/sne-gears.com\\\/#website\",\"url\":\"https:\\\/\\\/sne-gears.com\\\/\",\"name\":\"sne-gears.com\",\"description\":\"\",\"potentialAction\":[{\"@type\":\"SearchAction\",\"target\":{\"@type\":\"EntryPoint\",\"urlTemplate\":\"https:\\\/\\\/sne-gears.com\\\/?s={search_term_string}\"},\"query-input\":{\"@type\":\"PropertyValueSpecification\",\"valueRequired\":true,\"valueName\":\"search_term_string\"}}],\"inLanguage\":\"fr-FR\"}]}<\/script>\n<!-- \/ Yoast SEO plugin. -->","yoast_head_json":{"title":"Two-stages Bevel Gearbox - sne-gears.com","robots":{"index":"index","follow":"follow","max-snippet":"max-snippet:-1","max-image-preview":"max-image-preview:large","max-video-preview":"max-video-preview:-1"},"canonical":"https:\/\/sne-gears.com\/fr\/produit\/two-stages-bevel-gearbox\/","og_locale":"fr_FR","og_type":"article","og_title":"Two-stages Bevel Gearbox - sne-gears.com","og_description":"BA type American standard two-stage arc gear transmission is characterized by reduced friction, low voice, high torque force, high efficiency,","og_url":"https:\/\/sne-gears.com\/fr\/produit\/two-stages-bevel-gearbox\/","og_site_name":"sne-gears.com","article_modified_time":"2024-07-30T06:10:43+00:00","og_image":[{"width":500,"height":699,"url":"https:\/\/sne-gears.com\/wp-content\/uploads\/2024\/07\/1721054733206.png","type":"image\/png"}],"twitter_card":"summary_large_image","twitter_misc":{"Dur\u00e9e de lecture estim\u00e9e":"1 minute"},"schema":{"@context":"https:\/\/schema.org","@graph":[{"@type":"WebPage","@id":"https:\/\/sne-gears.com\/product\/two-stages-bevel-gearbox\/","url":"https:\/\/sne-gears.com\/product\/two-stages-bevel-gearbox\/","name":"Two-stages Bevel Gearbox - sne-gears.com","isPartOf":{"@id":"https:\/\/sne-gears.com\/#website"},"primaryImageOfPage":{"@id":"https:\/\/sne-gears.com\/product\/two-stages-bevel-gearbox\/#primaryimage"},"image":{"@id":"https:\/\/sne-gears.com\/product\/two-stages-bevel-gearbox\/#primaryimage"},"thumbnailUrl":"https:\/\/sne-gears.com\/wp-content\/uploads\/2024\/07\/1721054733206.png","datePublished":"2024-07-15T14:48:45+00:00","dateModified":"2024-07-30T06:10:43+00:00","breadcrumb":{"@id":"https:\/\/sne-gears.com\/product\/two-stages-bevel-gearbox\/#breadcrumb"},"inLanguage":"fr-FR","potentialAction":[{"@type":"ReadAction","target":["https:\/\/sne-gears.com\/product\/two-stages-bevel-gearbox\/"]}]},{"@type":"ImageObject","inLanguage":"fr-FR","@id":"https:\/\/sne-gears.com\/product\/two-stages-bevel-gearbox\/#primaryimage","url":"https:\/\/sne-gears.com\/wp-content\/uploads\/2024\/07\/1721054733206.png","contentUrl":"https:\/\/sne-gears.com\/wp-content\/uploads\/2024\/07\/1721054733206.png","width":500,"height":699},{"@type":"BreadcrumbList","@id":"https:\/\/sne-gears.com\/product\/two-stages-bevel-gearbox\/#breadcrumb","itemListElement":[{"@type":"ListItem","position":1,"name":"Home","item":"https:\/\/sne-gears.com\/"},{"@type":"ListItem","position":2,"name":"Shop","item":"https:\/\/sne-gears.com\/shop\/"},{"@type":"ListItem","position":3,"name":"Two-stages Bevel Gearbox"}]},{"@type":"WebSite","@id":"https:\/\/sne-gears.com\/#website","url":"https:\/\/sne-gears.com\/","name":"sne-gears.com","description":"","potentialAction":[{"@type":"SearchAction","target":{"@type":"EntryPoint","urlTemplate":"https:\/\/sne-gears.com\/?s={search_term_string}"},"query-input":{"@type":"PropertyValueSpecification","valueRequired":true,"valueName":"search_term_string"}}],"inLanguage":"fr-FR"}]}},"_links":{"self":[{"href":"https:\/\/sne-gears.com\/fr\/wp-json\/wp\/v2\/product\/16268","targetHints":{"allow":["GET"]}}],"collection":[{"href":"https:\/\/sne-gears.com\/fr\/wp-json\/wp\/v2\/product"}],"about":[{"href":"https:\/\/sne-gears.com\/fr\/wp-json\/wp\/v2\/types\/product"}],"replies":[{"embeddable":true,"href":"https:\/\/sne-gears.com\/fr\/wp-json\/wp\/v2\/comments?post=16268"}],"version-history":[{"count":2,"href":"https:\/\/sne-gears.com\/fr\/wp-json\/wp\/v2\/product\/16268\/revisions"}],"predecessor-version":[{"id":16868,"href":"https:\/\/sne-gears.com\/fr\/wp-json\/wp\/v2\/product\/16268\/revisions\/16868"}],"wp:featuredmedia":[{"embeddable":true,"href":"https:\/\/sne-gears.com\/fr\/wp-json\/wp\/v2\/media\/16269"}],"wp:attachment":[{"href":"https:\/\/sne-gears.com\/fr\/wp-json\/wp\/v2\/media?parent=16268"}],"wp:term":[{"taxonomy":"product_brand","embeddable":true,"href":"https:\/\/sne-gears.com\/fr\/wp-json\/wp\/v2\/product_brand?post=16268"},{"taxonomy":"product_cat","embeddable":true,"href":"https:\/\/sne-gears.com\/fr\/wp-json\/wp\/v2\/product_cat?post=16268"},{"taxonomy":"product_tag","embeddable":true,"href":"https:\/\/sne-gears.com\/fr\/wp-json\/wp\/v2\/product_tag?post=16268"}],"curies":[{"name":"wp","href":"https:\/\/api.w.org\/{rel}","templated":true}]}}