{"id":16314,"date":"2024-07-18T12:37:39","date_gmt":"2024-07-18T12:37:39","guid":{"rendered":"https:\/\/sne-gears.com\/?post_type=product&#038;p=16314"},"modified":"2024-07-31T02:26:35","modified_gmt":"2024-07-31T02:26:35","slug":"stainless-stell-pneumatic-angle-seat-valve","status":"publish","type":"product","link":"https:\/\/sne-gears.com\/fr\/produit\/stainless-stell-pneumatic-angle-seat-valve\/","title":{"rendered":"Vanne \u00e0 si\u00e8ge inclin\u00e9 pneumatique en acier inoxydable"},"content":{"rendered":"<p>1, Fermeture normale \u00e0 ressort (Type normal) (Convient pour la vapeur et le gaz)<br \/>\n2, Double action (sans ressort, supporte \u00e9galement une faible pression sous le si\u00e8ge lorsque la vanne est ferm\u00e9e)<\/p>\n<h2>Donn\u00e9es techniques<\/h2>\n<p>Taille du joint : DN10-DN65<br \/>\nFil : BSP. BSPT. NPT. NPTF<br \/>\nCorps de vanne : CF8\/CF8M<br \/>\nActionneur : CF8<br \/>\nJoints de si\u00e8ge : PTFE\/RTFE<br \/>\nJoints de tige : PTFE\/FKM<br \/>\nJoints de piston : FKM\/NBR<br \/>\nMilieu applicable : Eau, liquide, gaz neutres, vapeur d'eau, gaz et liquides l\u00e9g\u00e8rement corrosifs.<br \/>\nPlage de temp\u00e9rature : -10'C \u00e0 +180*C<br \/>\nTemp\u00e9rature ambiante : -10 'C \u00e0 + 60*C<br \/>\nViscosit\u00e9 : max 600mm*\/s<br \/>\nInstallation : Toute position<br \/>\nMilieu de contr\u00f4le : Air ou gaz neutres<br \/>\nPlage de pression de contr\u00f4le : 0,3-1MPa<\/p>\n<p><img fetchpriority=\"high\" decoding=\"async\" class=\"alignnone wp-image-16885 lazyload\" src=\"data:image\/gif;base64,R0lGODlhAQABAIAAAAAAAP\/\/\/yH5BAEAAAAALAAAAAABAAEAAAIBRAA7\" data-src=\"https:\/\/sne-gears.com\/wp-content\/uploads\/2024\/07\/345-1-400x121.jpg\" alt=\"\" width=\"665\" height=\"201\" \/><noscript><img decoding=\"async\" class=\"alignnone wp-image-16885 lazyload\" src=\"https:\/\/sne-gears.com\/wp-content\/uploads\/2024\/07\/345-1-400x121.jpg\" alt=\"\" width=\"665\" height=\"201\" srcset=\"https:\/\/sne-gears.com\/wp-content\/uploads\/2024\/07\/345-1-400x121.jpg 400w, https:\/\/sne-gears.com\/wp-content\/uploads\/2024\/07\/345-1-1300x392.jpg 1300w, https:\/\/sne-gears.com\/wp-content\/uploads\/2024\/07\/345-1-768x232.jpg 768w, https:\/\/sne-gears.com\/wp-content\/uploads\/2024\/07\/345-1-1536x464.jpg 1536w, https:\/\/sne-gears.com\/wp-content\/uploads\/2024\/07\/345-1-2048x618.jpg 2048w, https:\/\/sne-gears.com\/wp-content\/uploads\/2024\/07\/345-1-18x5.jpg 18w, https:\/\/sne-gears.com\/wp-content\/uploads\/2024\/07\/345-1-430x130.jpg 430w, https:\/\/sne-gears.com\/wp-content\/uploads\/2024\/07\/345-1-700x211.jpg 700w, https:\/\/sne-gears.com\/wp-content\/uploads\/2024\/07\/345-1-150x45.jpg 150w\" sizes=\"(max-width: 665px) 100vw, 665px\" \/><\/noscript><\/p>\n<h3>Taille de l'installation (mm)<\/h3>\n<table>\n<thead>\n<tr>\n<th>Type<\/th>\n<th>Actionneur<\/th>\n<th>D<\/th>\n<th>R<\/th>\n<th>G1<\/th>\n<th>H\/LA<\/th>\n<th>L1<\/th>\n<th>LB<\/th>\n<th>SW<\/th>\n<th>G<\/th>\n<th>T<\/th>\n<\/tr>\n<\/thead>\n<tbody>\n<tr>\n<td>DN10<\/td>\n<td>40<\/td>\n<td>50.5<\/td>\n<td>27<\/td>\n<td>G1\/8<\/td>\n<td>108<\/td>\n<td>74<\/td>\n<td>25.5<\/td>\n<td>22<\/td>\n<td>3\/8&#8243;<\/td>\n<td>10.5<\/td>\n<\/tr>\n<tr>\n<td>DN15<\/td>\n<td>40<\/td>\n<td>50.5<\/td>\n<td>27<\/td>\n<td>G1\/8<\/td>\n<td>108<\/td>\n<td>74<\/td>\n<td>25<\/td>\n<td>25<\/td>\n<td>1\/2&#8243;<\/td>\n<td>13.5<\/td>\n<\/tr>\n<tr>\n<td>DN20<\/td>\n<td>40<\/td>\n<td>50.5<\/td>\n<td>27<\/td>\n<td>G1\/8<\/td>\n<td>120<\/td>\n<td>84<\/td>\n<td>29<\/td>\n<td>31<\/td>\n<td>3\/4&#8243;<\/td>\n<td>14.5<\/td>\n<\/tr>\n<\/tbody>\n<\/table>\n<h3>Vanne \u00e0 si\u00e8ge inclin\u00e9 en acier inoxydable Type F32<br \/>\nDonn\u00e9es techniques<\/h3>\n<table>\n<thead>\n<tr>\n<th>Taille<\/th>\n<th>Fin<\/th>\n<th>Orifice (mm)<\/th>\n<th>Actionneur (mm)<\/th>\n<th>Kv (m\u00b3\/h)<\/th>\n<th>Pression de service maximale (Mpa)<\/th>\n<th>Gamme de pression (Mpa)<\/th>\n<th>Pression de contr\u00f4le minimale (Mpa)<\/th>\n<\/tr>\n<\/thead>\n<tbody>\n<tr>\n<td>DN10<\/td>\n<td>3\/8&#8243;<\/td>\n<td>13<\/td>\n<td>40<\/td>\n<td>4.7<\/td>\n<td>1.6<\/td>\n<td>0-1.6<\/td>\n<td>\u22650.4<\/td>\n<\/tr>\n<tr>\n<td>DN15<\/td>\n<td>1\/2&#8243;<\/td>\n<td>13<\/td>\n<td>40<\/td>\n<td>4.7<\/td>\n<td>1.6<\/td>\n<td>0-1.6<\/td>\n<td>\u22650.4<\/td>\n<\/tr>\n<tr>\n<td>DN20<\/td>\n<td>3\/4&#8243;<\/td>\n<td>18<\/td>\n<td>40<\/td>\n<td>9.5<\/td>\n<td>1.6<\/td>\n<td>0-1.6<\/td>\n<td>\u22650.3-0.4<\/td>\n<\/tr>\n<\/tbody>\n<\/table>\n<h3>Vanne \u00e0 si\u00e8ge inclin\u00e9 en acier inoxydable Type F32<br \/>\nType de connexion : Filetage<\/h3>\n<table>\n<thead>\n<tr>\n<th>Taille<\/th>\n<th>Actionneur<\/th>\n<th>H1<\/th>\n<th>F32-H<\/th>\n<th>F32-L<\/th>\n<th>A1<\/th>\n<th>F32-H<\/th>\n<th>F32-L<\/th>\n<th>L1<\/th>\n<th>t<\/th>\n<th>G<\/th>\n<th>G1<\/th>\n<th>SW<\/th>\n<th>\u03a6B<\/th>\n<th>R<\/th>\n<\/tr>\n<\/thead>\n<tbody>\n<tr>\n<td>DN10<\/td>\n<td>32<\/td>\n<td>105<\/td>\n<td>94<\/td>\n<td>115<\/td>\n<td>105<\/td>\n<td>68<\/td>\n<td>10<\/td>\n<td>3\/8&#8243;<\/td>\n<td>G1\/8<\/td>\n<td>23<\/td>\n<td>40<\/td>\n<td>27<\/td>\n<td><\/td>\n<td><\/td>\n<\/tr>\n<tr>\n<td>DN15<\/td>\n<td>32<\/td>\n<td>105<\/td>\n<td>94<\/td>\n<td>117<\/td>\n<td>107<\/td>\n<td>68<\/td>\n<td>11.5<\/td>\n<td>1\/2&#8243;<\/td>\n<td>G1\/8<\/td>\n<td>27<\/td>\n<td>40<\/td>\n<td>27<\/td>\n<td><\/td>\n<td><\/td>\n<\/tr>\n<tr>\n<td>DN20<\/td>\n<td>32<\/td>\n<td>108<\/td>\n<td>97<\/td>\n<td>119<\/td>\n<td>110<\/td>\n<td>75<\/td>\n<td>14<\/td>\n<td>3\/4&#8243;<\/td>\n<td>G1\/8<\/td>\n<td>32<\/td>\n<td>40<\/td>\n<td>27<\/td>\n<td><\/td>\n<td><\/td>\n<\/tr>\n<\/tbody>\n<\/table>\n<table>\n<thead>\n<tr>\n<th><strong>Param\u00e8tres<\/strong><\/th>\n<th><strong>Sp\u00e9cifications<\/strong><\/th>\n<\/tr>\n<\/thead>\n<tbody>\n<tr>\n<td><strong>Temp\u00e9rature moyenne<\/strong><\/td>\n<td>-10~180\u2103<\/td>\n<\/tr>\n<tr>\n<td><strong>Temp\u00e9rature ambiante<\/strong><\/td>\n<td>-10~60\u2103<\/td>\n<\/tr>\n<tr>\n<td><strong>Viscosit\u00e9 maximale<\/strong><\/td>\n<td>600mm\u00b2\/s<\/td>\n<\/tr>\n<tr>\n<td><strong>Position de montage<\/strong><\/td>\n<td>Tous<\/td>\n<\/tr>\n<tr>\n<td><strong>Milieu concern\u00e9<\/strong><\/td>\n<td>Eau, gaz neutre, liquide, huile, gaz et liquide l\u00e9g\u00e8rement corrosifs, courant d'eau<\/td>\n<\/tr>\n<\/tbody>\n<\/table>","protected":false},"excerpt":{"rendered":"<p>1, Spring return normal close (Normal type) (Suitable for steam and gas) 2, Double action (Without spring, also support low<\/p>","protected":false},"featured_media":16315,"comment_status":"open","ping_status":"closed","template":"","meta":[],"product_brand":[],"product_cat":[111],"product_tag":[],"class_list":{"0":"post-16314","1":"product","2":"type-product","3":"status-publish","4":"has-post-thumbnail","6":"product_cat-stainless-stell-pneumatic-angle-seat-valve","8":"first","9":"instock","10":"shipping-taxable","11":"product-type-simple"},"yoast_head":"<!-- This site is optimized with the Yoast SEO plugin v27.4 - https:\/\/yoast.com\/product\/yoast-seo-wordpress\/ -->\n<title>Stainless Stell Pneumatic Angle Seat Valve - sne-gears.com<\/title>\n<meta name=\"robots\" content=\"index, follow, max-snippet:-1, max-image-preview:large, max-video-preview:-1\" \/>\n<link rel=\"canonical\" href=\"https:\/\/sne-gears.com\/fr\/produit\/stainless-stell-pneumatic-angle-seat-valve\/\" \/>\n<meta property=\"og:locale\" content=\"fr_FR\" \/>\n<meta property=\"og:type\" content=\"article\" \/>\n<meta property=\"og:title\" content=\"Stainless Stell Pneumatic Angle Seat Valve - sne-gears.com\" \/>\n<meta property=\"og:description\" content=\"1, Spring return normal close (Normal type) (Suitable for steam and gas) 2, Double action (Without spring, also support low\" \/>\n<meta property=\"og:url\" content=\"https:\/\/sne-gears.com\/fr\/produit\/stainless-stell-pneumatic-angle-seat-valve\/\" \/>\n<meta property=\"og:site_name\" content=\"sne-gears.com\" \/>\n<meta property=\"article:modified_time\" content=\"2024-07-31T02:26:35+00:00\" \/>\n<meta property=\"og:image\" content=\"https:\/\/sne-gears.com\/wp-content\/uploads\/2024\/07\/345566.jpg\" \/>\n\t<meta property=\"og:image:width\" content=\"1000\" \/>\n\t<meta property=\"og:image:height\" content=\"1000\" \/>\n\t<meta property=\"og:image:type\" content=\"image\/jpeg\" \/>\n<meta name=\"twitter:card\" content=\"summary_large_image\" \/>\n<meta name=\"twitter:label1\" content=\"Dur\u00e9e de lecture estim\u00e9e\" \/>\n\t<meta name=\"twitter:data1\" content=\"2 minutes\" \/>\n<script type=\"application\/ld+json\" class=\"yoast-schema-graph\">{\"@context\":\"https:\\\/\\\/schema.org\",\"@graph\":[{\"@type\":\"WebPage\",\"@id\":\"https:\\\/\\\/sne-gears.com\\\/product\\\/stainless-stell-pneumatic-angle-seat-valve\\\/\",\"url\":\"https:\\\/\\\/sne-gears.com\\\/product\\\/stainless-stell-pneumatic-angle-seat-valve\\\/\",\"name\":\"Stainless Stell Pneumatic Angle Seat Valve - sne-gears.com\",\"isPartOf\":{\"@id\":\"https:\\\/\\\/sne-gears.com\\\/#website\"},\"primaryImageOfPage\":{\"@id\":\"https:\\\/\\\/sne-gears.com\\\/product\\\/stainless-stell-pneumatic-angle-seat-valve\\\/#primaryimage\"},\"image\":{\"@id\":\"https:\\\/\\\/sne-gears.com\\\/product\\\/stainless-stell-pneumatic-angle-seat-valve\\\/#primaryimage\"},\"thumbnailUrl\":\"https:\\\/\\\/sne-gears.com\\\/wp-content\\\/uploads\\\/2024\\\/07\\\/345566.jpg\",\"datePublished\":\"2024-07-18T12:37:39+00:00\",\"dateModified\":\"2024-07-31T02:26:35+00:00\",\"breadcrumb\":{\"@id\":\"https:\\\/\\\/sne-gears.com\\\/product\\\/stainless-stell-pneumatic-angle-seat-valve\\\/#breadcrumb\"},\"inLanguage\":\"fr-FR\",\"potentialAction\":[{\"@type\":\"ReadAction\",\"target\":[\"https:\\\/\\\/sne-gears.com\\\/product\\\/stainless-stell-pneumatic-angle-seat-valve\\\/\"]}]},{\"@type\":\"ImageObject\",\"inLanguage\":\"fr-FR\",\"@id\":\"https:\\\/\\\/sne-gears.com\\\/product\\\/stainless-stell-pneumatic-angle-seat-valve\\\/#primaryimage\",\"url\":\"https:\\\/\\\/sne-gears.com\\\/wp-content\\\/uploads\\\/2024\\\/07\\\/345566.jpg\",\"contentUrl\":\"https:\\\/\\\/sne-gears.com\\\/wp-content\\\/uploads\\\/2024\\\/07\\\/345566.jpg\",\"width\":1000,\"height\":1000},{\"@type\":\"BreadcrumbList\",\"@id\":\"https:\\\/\\\/sne-gears.com\\\/product\\\/stainless-stell-pneumatic-angle-seat-valve\\\/#breadcrumb\",\"itemListElement\":[{\"@type\":\"ListItem\",\"position\":1,\"name\":\"Home\",\"item\":\"https:\\\/\\\/sne-gears.com\\\/\"},{\"@type\":\"ListItem\",\"position\":2,\"name\":\"Shop\",\"item\":\"https:\\\/\\\/sne-gears.com\\\/shop\\\/\"},{\"@type\":\"ListItem\",\"position\":3,\"name\":\"Stainless Stell Pneumatic Angle Seat Valve\"}]},{\"@type\":\"WebSite\",\"@id\":\"https:\\\/\\\/sne-gears.com\\\/#website\",\"url\":\"https:\\\/\\\/sne-gears.com\\\/\",\"name\":\"sne-gears.com\",\"description\":\"\",\"potentialAction\":[{\"@type\":\"SearchAction\",\"target\":{\"@type\":\"EntryPoint\",\"urlTemplate\":\"https:\\\/\\\/sne-gears.com\\\/?s={search_term_string}\"},\"query-input\":{\"@type\":\"PropertyValueSpecification\",\"valueRequired\":true,\"valueName\":\"search_term_string\"}}],\"inLanguage\":\"fr-FR\"}]}<\/script>\n<!-- \/ Yoast SEO plugin. -->","yoast_head_json":{"title":"Stainless Stell Pneumatic Angle Seat Valve - sne-gears.com","robots":{"index":"index","follow":"follow","max-snippet":"max-snippet:-1","max-image-preview":"max-image-preview:large","max-video-preview":"max-video-preview:-1"},"canonical":"https:\/\/sne-gears.com\/fr\/produit\/stainless-stell-pneumatic-angle-seat-valve\/","og_locale":"fr_FR","og_type":"article","og_title":"Stainless Stell Pneumatic Angle Seat Valve - sne-gears.com","og_description":"1, Spring return normal close (Normal type) (Suitable for steam and gas) 2, Double action (Without spring, also support low","og_url":"https:\/\/sne-gears.com\/fr\/produit\/stainless-stell-pneumatic-angle-seat-valve\/","og_site_name":"sne-gears.com","article_modified_time":"2024-07-31T02:26:35+00:00","og_image":[{"width":1000,"height":1000,"url":"https:\/\/sne-gears.com\/wp-content\/uploads\/2024\/07\/345566.jpg","type":"image\/jpeg"}],"twitter_card":"summary_large_image","twitter_misc":{"Dur\u00e9e de lecture estim\u00e9e":"2 minutes"},"schema":{"@context":"https:\/\/schema.org","@graph":[{"@type":"WebPage","@id":"https:\/\/sne-gears.com\/product\/stainless-stell-pneumatic-angle-seat-valve\/","url":"https:\/\/sne-gears.com\/product\/stainless-stell-pneumatic-angle-seat-valve\/","name":"Stainless Stell Pneumatic Angle Seat Valve - sne-gears.com","isPartOf":{"@id":"https:\/\/sne-gears.com\/#website"},"primaryImageOfPage":{"@id":"https:\/\/sne-gears.com\/product\/stainless-stell-pneumatic-angle-seat-valve\/#primaryimage"},"image":{"@id":"https:\/\/sne-gears.com\/product\/stainless-stell-pneumatic-angle-seat-valve\/#primaryimage"},"thumbnailUrl":"https:\/\/sne-gears.com\/wp-content\/uploads\/2024\/07\/345566.jpg","datePublished":"2024-07-18T12:37:39+00:00","dateModified":"2024-07-31T02:26:35+00:00","breadcrumb":{"@id":"https:\/\/sne-gears.com\/product\/stainless-stell-pneumatic-angle-seat-valve\/#breadcrumb"},"inLanguage":"fr-FR","potentialAction":[{"@type":"ReadAction","target":["https:\/\/sne-gears.com\/product\/stainless-stell-pneumatic-angle-seat-valve\/"]}]},{"@type":"ImageObject","inLanguage":"fr-FR","@id":"https:\/\/sne-gears.com\/product\/stainless-stell-pneumatic-angle-seat-valve\/#primaryimage","url":"https:\/\/sne-gears.com\/wp-content\/uploads\/2024\/07\/345566.jpg","contentUrl":"https:\/\/sne-gears.com\/wp-content\/uploads\/2024\/07\/345566.jpg","width":1000,"height":1000},{"@type":"BreadcrumbList","@id":"https:\/\/sne-gears.com\/product\/stainless-stell-pneumatic-angle-seat-valve\/#breadcrumb","itemListElement":[{"@type":"ListItem","position":1,"name":"Home","item":"https:\/\/sne-gears.com\/"},{"@type":"ListItem","position":2,"name":"Shop","item":"https:\/\/sne-gears.com\/shop\/"},{"@type":"ListItem","position":3,"name":"Stainless Stell Pneumatic Angle Seat Valve"}]},{"@type":"WebSite","@id":"https:\/\/sne-gears.com\/#website","url":"https:\/\/sne-gears.com\/","name":"sne-gears.com","description":"","potentialAction":[{"@type":"SearchAction","target":{"@type":"EntryPoint","urlTemplate":"https:\/\/sne-gears.com\/?s={search_term_string}"},"query-input":{"@type":"PropertyValueSpecification","valueRequired":true,"valueName":"search_term_string"}}],"inLanguage":"fr-FR"}]}},"_links":{"self":[{"href":"https:\/\/sne-gears.com\/fr\/wp-json\/wp\/v2\/product\/16314","targetHints":{"allow":["GET"]}}],"collection":[{"href":"https:\/\/sne-gears.com\/fr\/wp-json\/wp\/v2\/product"}],"about":[{"href":"https:\/\/sne-gears.com\/fr\/wp-json\/wp\/v2\/types\/product"}],"replies":[{"embeddable":true,"href":"https:\/\/sne-gears.com\/fr\/wp-json\/wp\/v2\/comments?post=16314"}],"version-history":[{"count":13,"href":"https:\/\/sne-gears.com\/fr\/wp-json\/wp\/v2\/product\/16314\/revisions"}],"predecessor-version":[{"id":16892,"href":"https:\/\/sne-gears.com\/fr\/wp-json\/wp\/v2\/product\/16314\/revisions\/16892"}],"wp:featuredmedia":[{"embeddable":true,"href":"https:\/\/sne-gears.com\/fr\/wp-json\/wp\/v2\/media\/16315"}],"wp:attachment":[{"href":"https:\/\/sne-gears.com\/fr\/wp-json\/wp\/v2\/media?parent=16314"}],"wp:term":[{"taxonomy":"product_brand","embeddable":true,"href":"https:\/\/sne-gears.com\/fr\/wp-json\/wp\/v2\/product_brand?post=16314"},{"taxonomy":"product_cat","embeddable":true,"href":"https:\/\/sne-gears.com\/fr\/wp-json\/wp\/v2\/product_cat?post=16314"},{"taxonomy":"product_tag","embeddable":true,"href":"https:\/\/sne-gears.com\/fr\/wp-json\/wp\/v2\/product_tag?post=16314"}],"curies":[{"name":"wp","href":"https:\/\/api.w.org\/{rel}","templated":true}]}}