{"id":16320,"date":"2024-07-18T12:40:04","date_gmt":"2024-07-18T12:40:04","guid":{"rendered":"https:\/\/sne-gears.com\/?post_type=product&#038;p=16320"},"modified":"2024-07-30T11:02:10","modified_gmt":"2024-07-30T11:02:10","slug":"apl210n-apl310n-actuator-switch-boxes","status":"publish","type":"product","link":"https:\/\/sne-gears.com\/fr\/produit\/apl210n-apl310n-actuator-switch-boxes\/","title":{"rendered":"APL210N, APL310N Bo\u00eetes de commutation pour actionneurs"},"content":{"rendered":"<p>Description<\/p>\n<p>Les bo\u00eetiers de fin de course pour vannes LF-210N et LF-310N sont des instruments de terrain permettant de d\u00e9tecter l'\u00e9tat des vannes dans le syst\u00e8me de contr\u00f4le automatique. La position ouverte ou ferm\u00e9e de la vanne est \u00e9mise par le signal de commutation, et l'\u00e9chantillon est collect\u00e9 par le contr\u00f4leur de programme ou l'ordinateur, puis l'\u00e9tape suivante est ex\u00e9cut\u00e9e apr\u00e8s confirmation. Ce produit peut \u00e9galement \u00eatre utilis\u00e9 pour la protection du verrouillage des vannes et l'indication d'alarme \u00e0 distance dans les syst\u00e8mes de contr\u00f4le automatique.<\/p>\n<p>Traits<br \/>\nL'indicateur de position 3D indique clairement la position de la vanne.<br \/>\nCoque en alliage d'aluminium moul\u00e9 sous pression, rev\u00eatement en poudre, conception compacte, r\u00e9duction du volume d'emballage de la vanne, qualit\u00e9 fiable.<br \/>\nInterface double : double interface de tuyau 1\/2 NPT.<br \/>\nDispositif de retour du signal.<br \/>\nLa position de l'interrupteur est clairement identifi\u00e9e par l'indicateur.<br \/>\nLes cartes de c\u00e2blage \u00e0 8-16 contacts \u00e0 l'int\u00e9rieur du circuit imprim\u00e9 r\u00e9pondent aux normes des micro-interrupteurs, des interrupteurs DPDT, des d\u00e9tecteurs de proximit\u00e9, des interrupteurs magn\u00e9tiques ou en option et peuvent \u00eatre utilis\u00e9es pour la connexion d'une \u00e9lectrovanne.<br \/>\nCAM \"Quick position\", CAM r\u00e9glable mont\u00e9e par cannelure et ressort, la position de la CAM de commutation peut \u00eatre rapidement ajust\u00e9e sans outils.<br \/>\nCarte de circuit imprim\u00e9 au lieu du c\u00e2blage pour \u00e9viter les courts-circuits.<br \/>\nTemp\u00e9rature ambiante : -20\u00b0C ~ +80\u00b0C, degr\u00e9 de protection : IP67, en option IP68. Classe antid\u00e9flagrante : ExdII BT6, Exed IICT6, conform\u00e9ment \u00e0 la norme EN50014\/50018.<br \/>\nDouble port de connexion, contact standard, connexion s\u00fbre et pratique.<br \/>\nSupport facile \u00e0 installer, conforme \u00e0 la norme NAMUR, support conforme \u00e0 la norme ISO5211, tout actionneur peut \u00eatre facilement install\u00e9.<br \/>\nBoulon anti-arrachement, le boulon fix\u00e9 au couvercle sup\u00e9rieur ne tombera pas lors du d\u00e9montage.<br \/>\nFacile \u00e0 installer, la connexion de la broche en acier inoxydable et le support de montage sont conformes \u00e0 la norme NAMUR.<br \/>\nAnti-corrosion.<br \/>\nRev\u00eatement ext\u00e9rieur : rev\u00eatement en polyester noir. (en option)<br \/>\nLe mat\u00e9riau du support peut \u00eatre choisi SS304. (en option)<br \/>\nIl existe deux types de produits : les produits standard et les produits antid\u00e9flagrants.<\/p>","protected":false},"excerpt":{"rendered":"<p>Description The LF-210N and LF-310N valve limit switch boxes are field instruments for detecting valve status in the automatic control<\/p>","protected":false},"featured_media":16321,"comment_status":"open","ping_status":"closed","template":"","meta":[],"product_brand":[],"product_cat":[109,100],"product_tag":[],"class_list":{"0":"post-16320","1":"product","2":"type-product","3":"status-publish","4":"has-post-thumbnail","6":"product_cat-apl210n-apl310n-actuator-switch-boxes","7":"product_cat-gearbox","9":"first","10":"instock","11":"shipping-taxable","12":"product-type-simple"},"yoast_head":"<!-- This site is optimized with the Yoast SEO plugin v27.4 - https:\/\/yoast.com\/product\/yoast-seo-wordpress\/ -->\n<title>APL210N, APL310N Actuator Switch Boxes - sne-gears.com<\/title>\n<meta name=\"robots\" content=\"index, follow, max-snippet:-1, max-image-preview:large, max-video-preview:-1\" \/>\n<link rel=\"canonical\" href=\"https:\/\/sne-gears.com\/fr\/produit\/apl210n-apl310n-actuator-switch-boxes\/\" \/>\n<meta property=\"og:locale\" content=\"fr_FR\" \/>\n<meta property=\"og:type\" content=\"article\" \/>\n<meta property=\"og:title\" content=\"APL210N, APL310N Actuator Switch Boxes - sne-gears.com\" \/>\n<meta property=\"og:description\" content=\"Description The LF-210N and LF-310N valve limit switch boxes are field instruments for detecting valve status in the automatic control\" \/>\n<meta property=\"og:url\" content=\"https:\/\/sne-gears.com\/fr\/produit\/apl210n-apl310n-actuator-switch-boxes\/\" \/>\n<meta property=\"og:site_name\" content=\"sne-gears.com\" \/>\n<meta property=\"article:modified_time\" content=\"2024-07-30T11:02:10+00:00\" \/>\n<meta property=\"og:image\" content=\"https:\/\/sne-gears.com\/wp-content\/uploads\/2024\/07\/45676.jpg\" \/>\n\t<meta property=\"og:image:width\" content=\"1000\" \/>\n\t<meta property=\"og:image:height\" content=\"1000\" \/>\n\t<meta property=\"og:image:type\" content=\"image\/jpeg\" \/>\n<meta name=\"twitter:card\" content=\"summary_large_image\" \/>\n<meta name=\"twitter:label1\" content=\"Dur\u00e9e de lecture estim\u00e9e\" \/>\n\t<meta name=\"twitter:data1\" content=\"2 minutes\" \/>\n<script type=\"application\/ld+json\" class=\"yoast-schema-graph\">{\"@context\":\"https:\\\/\\\/schema.org\",\"@graph\":[{\"@type\":\"WebPage\",\"@id\":\"https:\\\/\\\/sne-gears.com\\\/product\\\/apl210n-apl310n-actuator-switch-boxes\\\/\",\"url\":\"https:\\\/\\\/sne-gears.com\\\/product\\\/apl210n-apl310n-actuator-switch-boxes\\\/\",\"name\":\"APL210N, APL310N Actuator Switch Boxes - sne-gears.com\",\"isPartOf\":{\"@id\":\"https:\\\/\\\/sne-gears.com\\\/#website\"},\"primaryImageOfPage\":{\"@id\":\"https:\\\/\\\/sne-gears.com\\\/product\\\/apl210n-apl310n-actuator-switch-boxes\\\/#primaryimage\"},\"image\":{\"@id\":\"https:\\\/\\\/sne-gears.com\\\/product\\\/apl210n-apl310n-actuator-switch-boxes\\\/#primaryimage\"},\"thumbnailUrl\":\"https:\\\/\\\/sne-gears.com\\\/wp-content\\\/uploads\\\/2024\\\/07\\\/45676.jpg\",\"datePublished\":\"2024-07-18T12:40:04+00:00\",\"dateModified\":\"2024-07-30T11:02:10+00:00\",\"breadcrumb\":{\"@id\":\"https:\\\/\\\/sne-gears.com\\\/product\\\/apl210n-apl310n-actuator-switch-boxes\\\/#breadcrumb\"},\"inLanguage\":\"fr-FR\",\"potentialAction\":[{\"@type\":\"ReadAction\",\"target\":[\"https:\\\/\\\/sne-gears.com\\\/product\\\/apl210n-apl310n-actuator-switch-boxes\\\/\"]}]},{\"@type\":\"ImageObject\",\"inLanguage\":\"fr-FR\",\"@id\":\"https:\\\/\\\/sne-gears.com\\\/product\\\/apl210n-apl310n-actuator-switch-boxes\\\/#primaryimage\",\"url\":\"https:\\\/\\\/sne-gears.com\\\/wp-content\\\/uploads\\\/2024\\\/07\\\/45676.jpg\",\"contentUrl\":\"https:\\\/\\\/sne-gears.com\\\/wp-content\\\/uploads\\\/2024\\\/07\\\/45676.jpg\",\"width\":1000,\"height\":1000},{\"@type\":\"BreadcrumbList\",\"@id\":\"https:\\\/\\\/sne-gears.com\\\/product\\\/apl210n-apl310n-actuator-switch-boxes\\\/#breadcrumb\",\"itemListElement\":[{\"@type\":\"ListItem\",\"position\":1,\"name\":\"Home\",\"item\":\"https:\\\/\\\/sne-gears.com\\\/\"},{\"@type\":\"ListItem\",\"position\":2,\"name\":\"Shop\",\"item\":\"https:\\\/\\\/sne-gears.com\\\/shop\\\/\"},{\"@type\":\"ListItem\",\"position\":3,\"name\":\"APL210N, APL310N Actuator Switch Boxes\"}]},{\"@type\":\"WebSite\",\"@id\":\"https:\\\/\\\/sne-gears.com\\\/#website\",\"url\":\"https:\\\/\\\/sne-gears.com\\\/\",\"name\":\"sne-gears.com\",\"description\":\"\",\"potentialAction\":[{\"@type\":\"SearchAction\",\"target\":{\"@type\":\"EntryPoint\",\"urlTemplate\":\"https:\\\/\\\/sne-gears.com\\\/?s={search_term_string}\"},\"query-input\":{\"@type\":\"PropertyValueSpecification\",\"valueRequired\":true,\"valueName\":\"search_term_string\"}}],\"inLanguage\":\"fr-FR\"}]}<\/script>\n<!-- \/ Yoast SEO plugin. -->","yoast_head_json":{"title":"APL210N, APL310N Actuator Switch Boxes - sne-gears.com","robots":{"index":"index","follow":"follow","max-snippet":"max-snippet:-1","max-image-preview":"max-image-preview:large","max-video-preview":"max-video-preview:-1"},"canonical":"https:\/\/sne-gears.com\/fr\/produit\/apl210n-apl310n-actuator-switch-boxes\/","og_locale":"fr_FR","og_type":"article","og_title":"APL210N, APL310N Actuator Switch Boxes - sne-gears.com","og_description":"Description The LF-210N and LF-310N valve limit switch boxes are field instruments for detecting valve status in the automatic control","og_url":"https:\/\/sne-gears.com\/fr\/produit\/apl210n-apl310n-actuator-switch-boxes\/","og_site_name":"sne-gears.com","article_modified_time":"2024-07-30T11:02:10+00:00","og_image":[{"width":1000,"height":1000,"url":"https:\/\/sne-gears.com\/wp-content\/uploads\/2024\/07\/45676.jpg","type":"image\/jpeg"}],"twitter_card":"summary_large_image","twitter_misc":{"Dur\u00e9e de lecture estim\u00e9e":"2 minutes"},"schema":{"@context":"https:\/\/schema.org","@graph":[{"@type":"WebPage","@id":"https:\/\/sne-gears.com\/product\/apl210n-apl310n-actuator-switch-boxes\/","url":"https:\/\/sne-gears.com\/product\/apl210n-apl310n-actuator-switch-boxes\/","name":"APL210N, APL310N Actuator Switch Boxes - sne-gears.com","isPartOf":{"@id":"https:\/\/sne-gears.com\/#website"},"primaryImageOfPage":{"@id":"https:\/\/sne-gears.com\/product\/apl210n-apl310n-actuator-switch-boxes\/#primaryimage"},"image":{"@id":"https:\/\/sne-gears.com\/product\/apl210n-apl310n-actuator-switch-boxes\/#primaryimage"},"thumbnailUrl":"https:\/\/sne-gears.com\/wp-content\/uploads\/2024\/07\/45676.jpg","datePublished":"2024-07-18T12:40:04+00:00","dateModified":"2024-07-30T11:02:10+00:00","breadcrumb":{"@id":"https:\/\/sne-gears.com\/product\/apl210n-apl310n-actuator-switch-boxes\/#breadcrumb"},"inLanguage":"fr-FR","potentialAction":[{"@type":"ReadAction","target":["https:\/\/sne-gears.com\/product\/apl210n-apl310n-actuator-switch-boxes\/"]}]},{"@type":"ImageObject","inLanguage":"fr-FR","@id":"https:\/\/sne-gears.com\/product\/apl210n-apl310n-actuator-switch-boxes\/#primaryimage","url":"https:\/\/sne-gears.com\/wp-content\/uploads\/2024\/07\/45676.jpg","contentUrl":"https:\/\/sne-gears.com\/wp-content\/uploads\/2024\/07\/45676.jpg","width":1000,"height":1000},{"@type":"BreadcrumbList","@id":"https:\/\/sne-gears.com\/product\/apl210n-apl310n-actuator-switch-boxes\/#breadcrumb","itemListElement":[{"@type":"ListItem","position":1,"name":"Home","item":"https:\/\/sne-gears.com\/"},{"@type":"ListItem","position":2,"name":"Shop","item":"https:\/\/sne-gears.com\/shop\/"},{"@type":"ListItem","position":3,"name":"APL210N, APL310N Actuator Switch Boxes"}]},{"@type":"WebSite","@id":"https:\/\/sne-gears.com\/#website","url":"https:\/\/sne-gears.com\/","name":"sne-gears.com","description":"","potentialAction":[{"@type":"SearchAction","target":{"@type":"EntryPoint","urlTemplate":"https:\/\/sne-gears.com\/?s={search_term_string}"},"query-input":{"@type":"PropertyValueSpecification","valueRequired":true,"valueName":"search_term_string"}}],"inLanguage":"fr-FR"}]}},"_links":{"self":[{"href":"https:\/\/sne-gears.com\/fr\/wp-json\/wp\/v2\/product\/16320","targetHints":{"allow":["GET"]}}],"collection":[{"href":"https:\/\/sne-gears.com\/fr\/wp-json\/wp\/v2\/product"}],"about":[{"href":"https:\/\/sne-gears.com\/fr\/wp-json\/wp\/v2\/types\/product"}],"replies":[{"embeddable":true,"href":"https:\/\/sne-gears.com\/fr\/wp-json\/wp\/v2\/comments?post=16320"}],"version-history":[{"count":3,"href":"https:\/\/sne-gears.com\/fr\/wp-json\/wp\/v2\/product\/16320\/revisions"}],"predecessor-version":[{"id":16876,"href":"https:\/\/sne-gears.com\/fr\/wp-json\/wp\/v2\/product\/16320\/revisions\/16876"}],"wp:featuredmedia":[{"embeddable":true,"href":"https:\/\/sne-gears.com\/fr\/wp-json\/wp\/v2\/media\/16321"}],"wp:attachment":[{"href":"https:\/\/sne-gears.com\/fr\/wp-json\/wp\/v2\/media?parent=16320"}],"wp:term":[{"taxonomy":"product_brand","embeddable":true,"href":"https:\/\/sne-gears.com\/fr\/wp-json\/wp\/v2\/product_brand?post=16320"},{"taxonomy":"product_cat","embeddable":true,"href":"https:\/\/sne-gears.com\/fr\/wp-json\/wp\/v2\/product_cat?post=16320"},{"taxonomy":"product_tag","embeddable":true,"href":"https:\/\/sne-gears.com\/fr\/wp-json\/wp\/v2\/product_tag?post=16320"}],"curies":[{"name":"wp","href":"https:\/\/api.w.org\/{rel}","templated":true}]}}