{"id":16366,"date":"2024-07-18T13:55:44","date_gmt":"2024-07-18T13:55:44","guid":{"rendered":"https:\/\/sne-gears.com\/?post_type=product&#038;p=16366"},"modified":"2024-07-31T07:47:40","modified_gmt":"2024-07-31T07:47:40","slug":"extension-spindles","status":"publish","type":"product","link":"https:\/\/sne-gears.com\/fr\/produit\/extension-spindles\/","title":{"rendered":"Broches d'extension"},"content":{"rendered":"<p>Le montage \u00e0 distance de l'actionneur peut \u00eatre r\u00e9alis\u00e9 \u00e0 l'aide de broches d'extension de vanne ou d'adaptateurs de pi\u00e9destal. Les longueurs peuvent aller de 500 mm \u00e0 8 m\u00e8tres (20\u2033 \u00e0 300\u2033) en acier inoxydable ou en acier au carbone. Nos produits peuvent \u00eatre utilis\u00e9s pour les circuits suivants : applications souterraines, extension sp\u00e9cifi\u00e9e par le client, construction soud\u00e9e pour une \u00e9conomie de poids, convient pour les entra\u00eenements manuels ou motoris\u00e9s. Nous avons des options de remplissage d'huile, d'\u00e9tanch\u00e9it\u00e9 environnementale et de finition galvanis\u00e9e.<\/p>\n<p>&nbsp;<\/p>\n<p>&nbsp;<\/p>","protected":false},"excerpt":{"rendered":"<p>Remote actuator mounting can be achieved using valve extension spindles or pedestal adaptors. Lengths can be from 500 mm to<\/p>","protected":false},"featured_media":16367,"comment_status":"open","ping_status":"closed","template":"","meta":[],"product_brand":[],"product_cat":[113,101],"product_tag":[],"class_list":{"0":"post-16366","1":"product","2":"type-product","3":"status-publish","4":"has-post-thumbnail","6":"product_cat-extension-spindles","7":"product_cat-valve-accessories-kits","9":"first","10":"instock","11":"shipping-taxable","12":"product-type-simple"},"yoast_head":"<!-- This site is optimized with the Yoast SEO plugin v27.4 - https:\/\/yoast.com\/product\/yoast-seo-wordpress\/ -->\n<title>Extension Spindles - sne-gears.com<\/title>\n<meta name=\"robots\" content=\"index, follow, max-snippet:-1, max-image-preview:large, max-video-preview:-1\" \/>\n<link rel=\"canonical\" href=\"https:\/\/sne-gears.com\/fr\/produit\/extension-spindles\/\" \/>\n<meta property=\"og:locale\" content=\"fr_FR\" \/>\n<meta property=\"og:type\" content=\"article\" \/>\n<meta property=\"og:title\" content=\"Extension Spindles - sne-gears.com\" \/>\n<meta property=\"og:description\" content=\"Remote actuator mounting can be achieved using valve extension spindles or pedestal adaptors. Lengths can be from 500 mm to\" \/>\n<meta property=\"og:url\" content=\"https:\/\/sne-gears.com\/fr\/produit\/extension-spindles\/\" \/>\n<meta property=\"og:site_name\" content=\"sne-gears.com\" \/>\n<meta property=\"article:modified_time\" content=\"2024-07-31T07:47:40+00:00\" \/>\n<meta property=\"og:image\" content=\"https:\/\/sne-gears.com\/wp-content\/uploads\/2024\/07\/56778.jpg\" \/>\n\t<meta property=\"og:image:width\" content=\"1280\" \/>\n\t<meta property=\"og:image:height\" content=\"1280\" \/>\n\t<meta property=\"og:image:type\" content=\"image\/jpeg\" \/>\n<meta name=\"twitter:card\" content=\"summary_large_image\" \/>\n<meta name=\"twitter:label1\" content=\"Dur\u00e9e de lecture estim\u00e9e\" \/>\n\t<meta name=\"twitter:data1\" content=\"1 minute\" \/>\n<script type=\"application\/ld+json\" class=\"yoast-schema-graph\">{\"@context\":\"https:\\\/\\\/schema.org\",\"@graph\":[{\"@type\":\"WebPage\",\"@id\":\"https:\\\/\\\/sne-gears.com\\\/product\\\/extension-spindles\\\/\",\"url\":\"https:\\\/\\\/sne-gears.com\\\/product\\\/extension-spindles\\\/\",\"name\":\"Extension Spindles - sne-gears.com\",\"isPartOf\":{\"@id\":\"https:\\\/\\\/sne-gears.com\\\/#website\"},\"primaryImageOfPage\":{\"@id\":\"https:\\\/\\\/sne-gears.com\\\/product\\\/extension-spindles\\\/#primaryimage\"},\"image\":{\"@id\":\"https:\\\/\\\/sne-gears.com\\\/product\\\/extension-spindles\\\/#primaryimage\"},\"thumbnailUrl\":\"https:\\\/\\\/sne-gears.com\\\/wp-content\\\/uploads\\\/2024\\\/07\\\/56778.jpg\",\"datePublished\":\"2024-07-18T13:55:44+00:00\",\"dateModified\":\"2024-07-31T07:47:40+00:00\",\"breadcrumb\":{\"@id\":\"https:\\\/\\\/sne-gears.com\\\/product\\\/extension-spindles\\\/#breadcrumb\"},\"inLanguage\":\"fr-FR\",\"potentialAction\":[{\"@type\":\"ReadAction\",\"target\":[\"https:\\\/\\\/sne-gears.com\\\/product\\\/extension-spindles\\\/\"]}]},{\"@type\":\"ImageObject\",\"inLanguage\":\"fr-FR\",\"@id\":\"https:\\\/\\\/sne-gears.com\\\/product\\\/extension-spindles\\\/#primaryimage\",\"url\":\"https:\\\/\\\/sne-gears.com\\\/wp-content\\\/uploads\\\/2024\\\/07\\\/56778.jpg\",\"contentUrl\":\"https:\\\/\\\/sne-gears.com\\\/wp-content\\\/uploads\\\/2024\\\/07\\\/56778.jpg\",\"width\":1280,\"height\":1280},{\"@type\":\"BreadcrumbList\",\"@id\":\"https:\\\/\\\/sne-gears.com\\\/product\\\/extension-spindles\\\/#breadcrumb\",\"itemListElement\":[{\"@type\":\"ListItem\",\"position\":1,\"name\":\"Home\",\"item\":\"https:\\\/\\\/sne-gears.com\\\/\"},{\"@type\":\"ListItem\",\"position\":2,\"name\":\"Shop\",\"item\":\"https:\\\/\\\/sne-gears.com\\\/shop\\\/\"},{\"@type\":\"ListItem\",\"position\":3,\"name\":\"Extension Spindles\"}]},{\"@type\":\"WebSite\",\"@id\":\"https:\\\/\\\/sne-gears.com\\\/#website\",\"url\":\"https:\\\/\\\/sne-gears.com\\\/\",\"name\":\"sne-gears.com\",\"description\":\"\",\"potentialAction\":[{\"@type\":\"SearchAction\",\"target\":{\"@type\":\"EntryPoint\",\"urlTemplate\":\"https:\\\/\\\/sne-gears.com\\\/?s={search_term_string}\"},\"query-input\":{\"@type\":\"PropertyValueSpecification\",\"valueRequired\":true,\"valueName\":\"search_term_string\"}}],\"inLanguage\":\"fr-FR\"}]}<\/script>\n<!-- \/ Yoast SEO plugin. -->","yoast_head_json":{"title":"Extension Spindles - sne-gears.com","robots":{"index":"index","follow":"follow","max-snippet":"max-snippet:-1","max-image-preview":"max-image-preview:large","max-video-preview":"max-video-preview:-1"},"canonical":"https:\/\/sne-gears.com\/fr\/produit\/extension-spindles\/","og_locale":"fr_FR","og_type":"article","og_title":"Extension Spindles - sne-gears.com","og_description":"Remote actuator mounting can be achieved using valve extension spindles or pedestal adaptors. Lengths can be from 500 mm to","og_url":"https:\/\/sne-gears.com\/fr\/produit\/extension-spindles\/","og_site_name":"sne-gears.com","article_modified_time":"2024-07-31T07:47:40+00:00","og_image":[{"width":1280,"height":1280,"url":"https:\/\/sne-gears.com\/wp-content\/uploads\/2024\/07\/56778.jpg","type":"image\/jpeg"}],"twitter_card":"summary_large_image","twitter_misc":{"Dur\u00e9e de lecture estim\u00e9e":"1 minute"},"schema":{"@context":"https:\/\/schema.org","@graph":[{"@type":"WebPage","@id":"https:\/\/sne-gears.com\/product\/extension-spindles\/","url":"https:\/\/sne-gears.com\/product\/extension-spindles\/","name":"Extension Spindles - sne-gears.com","isPartOf":{"@id":"https:\/\/sne-gears.com\/#website"},"primaryImageOfPage":{"@id":"https:\/\/sne-gears.com\/product\/extension-spindles\/#primaryimage"},"image":{"@id":"https:\/\/sne-gears.com\/product\/extension-spindles\/#primaryimage"},"thumbnailUrl":"https:\/\/sne-gears.com\/wp-content\/uploads\/2024\/07\/56778.jpg","datePublished":"2024-07-18T13:55:44+00:00","dateModified":"2024-07-31T07:47:40+00:00","breadcrumb":{"@id":"https:\/\/sne-gears.com\/product\/extension-spindles\/#breadcrumb"},"inLanguage":"fr-FR","potentialAction":[{"@type":"ReadAction","target":["https:\/\/sne-gears.com\/product\/extension-spindles\/"]}]},{"@type":"ImageObject","inLanguage":"fr-FR","@id":"https:\/\/sne-gears.com\/product\/extension-spindles\/#primaryimage","url":"https:\/\/sne-gears.com\/wp-content\/uploads\/2024\/07\/56778.jpg","contentUrl":"https:\/\/sne-gears.com\/wp-content\/uploads\/2024\/07\/56778.jpg","width":1280,"height":1280},{"@type":"BreadcrumbList","@id":"https:\/\/sne-gears.com\/product\/extension-spindles\/#breadcrumb","itemListElement":[{"@type":"ListItem","position":1,"name":"Home","item":"https:\/\/sne-gears.com\/"},{"@type":"ListItem","position":2,"name":"Shop","item":"https:\/\/sne-gears.com\/shop\/"},{"@type":"ListItem","position":3,"name":"Extension Spindles"}]},{"@type":"WebSite","@id":"https:\/\/sne-gears.com\/#website","url":"https:\/\/sne-gears.com\/","name":"sne-gears.com","description":"","potentialAction":[{"@type":"SearchAction","target":{"@type":"EntryPoint","urlTemplate":"https:\/\/sne-gears.com\/?s={search_term_string}"},"query-input":{"@type":"PropertyValueSpecification","valueRequired":true,"valueName":"search_term_string"}}],"inLanguage":"fr-FR"}]}},"_links":{"self":[{"href":"https:\/\/sne-gears.com\/fr\/wp-json\/wp\/v2\/product\/16366","targetHints":{"allow":["GET"]}}],"collection":[{"href":"https:\/\/sne-gears.com\/fr\/wp-json\/wp\/v2\/product"}],"about":[{"href":"https:\/\/sne-gears.com\/fr\/wp-json\/wp\/v2\/types\/product"}],"replies":[{"embeddable":true,"href":"https:\/\/sne-gears.com\/fr\/wp-json\/wp\/v2\/comments?post=16366"}],"version-history":[{"count":7,"href":"https:\/\/sne-gears.com\/fr\/wp-json\/wp\/v2\/product\/16366\/revisions"}],"predecessor-version":[{"id":16898,"href":"https:\/\/sne-gears.com\/fr\/wp-json\/wp\/v2\/product\/16366\/revisions\/16898"}],"wp:featuredmedia":[{"embeddable":true,"href":"https:\/\/sne-gears.com\/fr\/wp-json\/wp\/v2\/media\/16367"}],"wp:attachment":[{"href":"https:\/\/sne-gears.com\/fr\/wp-json\/wp\/v2\/media?parent=16366"}],"wp:term":[{"taxonomy":"product_brand","embeddable":true,"href":"https:\/\/sne-gears.com\/fr\/wp-json\/wp\/v2\/product_brand?post=16366"},{"taxonomy":"product_cat","embeddable":true,"href":"https:\/\/sne-gears.com\/fr\/wp-json\/wp\/v2\/product_cat?post=16366"},{"taxonomy":"product_tag","embeddable":true,"href":"https:\/\/sne-gears.com\/fr\/wp-json\/wp\/v2\/product_tag?post=16366"}],"curies":[{"name":"wp","href":"https:\/\/api.w.org\/{rel}","templated":true}]}}