{"id":16372,"date":"2024-07-18T13:59:56","date_gmt":"2024-07-18T13:59:56","guid":{"rendered":"https:\/\/peachpuff-mongoose-868793.hostingersite.com\/?post_type=product&#038;p=16372"},"modified":"2024-07-26T05:50:16","modified_gmt":"2024-07-26T05:50:16","slug":"extensions-of-valve-stem-pedestal-and-handwheel","status":"publish","type":"product","link":"https:\/\/sne-gears.com\/fr\/produit\/extensions-of-valve-stem-pedestal-and-handwheel\/","title":{"rendered":"Extensions de la tige de soupape, du pi\u00e9destal et du volant"},"content":{"rendered":"<p>Les extensions manuelles et actionn\u00e9es sont con\u00e7ues et fabriqu\u00e9es pour r\u00e9pondre \u00e0 une multitude d'applications. Extensions \u00e0 pi\u00e9destal et \u00e0 volant. Con\u00e7ues et fabriqu\u00e9es en interne, nos extensions \u00e0 pi\u00e9destal et \u00e0 volant sont con\u00e7ues sur mesure pour r\u00e9pondre aux exigences de chaque site.<\/p>","protected":false},"excerpt":{"rendered":"<p>Manual and actuated extensions are designed and manufactured to suit a multitude of applications. Pedestal and Hand Wheel Extensions. Designed<\/p>","protected":false},"featured_media":16496,"comment_status":"open","ping_status":"closed","template":"","meta":[],"product_brand":[],"product_cat":[120,101],"product_tag":[],"class_list":{"0":"post-16372","1":"product","2":"type-product","3":"status-publish","4":"has-post-thumbnail","6":"product_cat-extensions-of-valve-stem-pedestal-and-handwheel","7":"product_cat-valve-accessories-kits","9":"first","10":"instock","11":"shipping-taxable","12":"product-type-simple"},"yoast_head":"<!-- This site is optimized with the Yoast SEO plugin v27.4 - https:\/\/yoast.com\/product\/yoast-seo-wordpress\/ -->\n<title>Extensions of Valve Stem, Pedestal and Handwheel - sne-gears.com<\/title>\n<meta name=\"robots\" content=\"index, follow, max-snippet:-1, max-image-preview:large, max-video-preview:-1\" \/>\n<link rel=\"canonical\" href=\"https:\/\/sne-gears.com\/fr\/produit\/extensions-of-valve-stem-pedestal-and-handwheel\/\" \/>\n<meta property=\"og:locale\" content=\"fr_FR\" \/>\n<meta property=\"og:type\" content=\"article\" \/>\n<meta property=\"og:title\" content=\"Extensions of Valve Stem, Pedestal and Handwheel - sne-gears.com\" \/>\n<meta property=\"og:description\" content=\"Manual and actuated extensions are designed and manufactured to suit a multitude of applications. Pedestal and Hand Wheel Extensions. Designed\" \/>\n<meta property=\"og:url\" content=\"https:\/\/sne-gears.com\/fr\/produit\/extensions-of-valve-stem-pedestal-and-handwheel\/\" \/>\n<meta property=\"og:site_name\" content=\"sne-gears.com\" \/>\n<meta property=\"article:modified_time\" content=\"2024-07-26T05:50:16+00:00\" \/>\n<meta property=\"og:image\" content=\"https:\/\/sne-gears.com\/wp-content\/uploads\/2024\/07\/456-1.jpg\" \/>\n\t<meta property=\"og:image:width\" content=\"1195\" \/>\n\t<meta property=\"og:image:height\" content=\"1280\" \/>\n\t<meta property=\"og:image:type\" content=\"image\/jpeg\" \/>\n<meta name=\"twitter:card\" content=\"summary_large_image\" \/>\n<meta name=\"twitter:label1\" content=\"Dur\u00e9e de lecture estim\u00e9e\" \/>\n\t<meta name=\"twitter:data1\" content=\"1 minute\" \/>\n<script type=\"application\/ld+json\" class=\"yoast-schema-graph\">{\"@context\":\"https:\\\/\\\/schema.org\",\"@graph\":[{\"@type\":\"WebPage\",\"@id\":\"https:\\\/\\\/sne-gears.com\\\/zh\\\/product\\\/extensions-of-valve-stem-pedestal-and-handwheel\\\/\",\"url\":\"https:\\\/\\\/sne-gears.com\\\/zh\\\/product\\\/extensions-of-valve-stem-pedestal-and-handwheel\\\/\",\"name\":\"Extensions of Valve Stem, Pedestal and Handwheel - sne-gears.com\",\"isPartOf\":{\"@id\":\"https:\\\/\\\/sne-gears.com\\\/de\\\/#website\"},\"primaryImageOfPage\":{\"@id\":\"https:\\\/\\\/sne-gears.com\\\/zh\\\/product\\\/extensions-of-valve-stem-pedestal-and-handwheel\\\/#primaryimage\"},\"image\":{\"@id\":\"https:\\\/\\\/sne-gears.com\\\/zh\\\/product\\\/extensions-of-valve-stem-pedestal-and-handwheel\\\/#primaryimage\"},\"thumbnailUrl\":\"https:\\\/\\\/sne-gears.com\\\/wp-content\\\/uploads\\\/2024\\\/07\\\/456-1.jpg\",\"datePublished\":\"2024-07-18T13:59:56+00:00\",\"dateModified\":\"2024-07-26T05:50:16+00:00\",\"breadcrumb\":{\"@id\":\"https:\\\/\\\/sne-gears.com\\\/zh\\\/product\\\/extensions-of-valve-stem-pedestal-and-handwheel\\\/#breadcrumb\"},\"inLanguage\":\"fr-FR\",\"potentialAction\":[{\"@type\":\"ReadAction\",\"target\":[\"https:\\\/\\\/sne-gears.com\\\/zh\\\/product\\\/extensions-of-valve-stem-pedestal-and-handwheel\\\/\"]}]},{\"@type\":\"ImageObject\",\"inLanguage\":\"fr-FR\",\"@id\":\"https:\\\/\\\/sne-gears.com\\\/zh\\\/product\\\/extensions-of-valve-stem-pedestal-and-handwheel\\\/#primaryimage\",\"url\":\"https:\\\/\\\/sne-gears.com\\\/wp-content\\\/uploads\\\/2024\\\/07\\\/456-1.jpg\",\"contentUrl\":\"https:\\\/\\\/sne-gears.com\\\/wp-content\\\/uploads\\\/2024\\\/07\\\/456-1.jpg\",\"width\":1195,\"height\":1280},{\"@type\":\"BreadcrumbList\",\"@id\":\"https:\\\/\\\/sne-gears.com\\\/zh\\\/product\\\/extensions-of-valve-stem-pedestal-and-handwheel\\\/#breadcrumb\",\"itemListElement\":[{\"@type\":\"ListItem\",\"position\":1,\"name\":\"Home\",\"item\":\"https:\\\/\\\/sne-gears.com\\\/ru\\\/\"},{\"@type\":\"ListItem\",\"position\":2,\"name\":\"Shop\",\"item\":\"https:\\\/\\\/sne-gears.com\\\/fr\\\/shop\\\/\"},{\"@type\":\"ListItem\",\"position\":3,\"name\":\"Extensions of Valve Stem, Pedestal and Handwheel\"}]},{\"@type\":\"WebSite\",\"@id\":\"https:\\\/\\\/sne-gears.com\\\/de\\\/#website\",\"url\":\"https:\\\/\\\/sne-gears.com\\\/de\\\/\",\"name\":\"sne-gears.com\",\"description\":\"\",\"potentialAction\":[{\"@type\":\"SearchAction\",\"target\":{\"@type\":\"EntryPoint\",\"urlTemplate\":\"https:\\\/\\\/sne-gears.com\\\/de\\\/?s={search_term_string}\"},\"query-input\":{\"@type\":\"PropertyValueSpecification\",\"valueRequired\":true,\"valueName\":\"search_term_string\"}}],\"inLanguage\":\"fr-FR\"}]}<\/script>\n<!-- \/ Yoast SEO plugin. -->","yoast_head_json":{"title":"Extensions of Valve Stem, Pedestal and Handwheel - sne-gears.com","robots":{"index":"index","follow":"follow","max-snippet":"max-snippet:-1","max-image-preview":"max-image-preview:large","max-video-preview":"max-video-preview:-1"},"canonical":"https:\/\/sne-gears.com\/fr\/produit\/extensions-of-valve-stem-pedestal-and-handwheel\/","og_locale":"fr_FR","og_type":"article","og_title":"Extensions of Valve Stem, Pedestal and Handwheel - sne-gears.com","og_description":"Manual and actuated extensions are designed and manufactured to suit a multitude of applications. Pedestal and Hand Wheel Extensions. Designed","og_url":"https:\/\/sne-gears.com\/fr\/produit\/extensions-of-valve-stem-pedestal-and-handwheel\/","og_site_name":"sne-gears.com","article_modified_time":"2024-07-26T05:50:16+00:00","og_image":[{"width":1195,"height":1280,"url":"https:\/\/sne-gears.com\/wp-content\/uploads\/2024\/07\/456-1.jpg","type":"image\/jpeg"}],"twitter_card":"summary_large_image","twitter_misc":{"Dur\u00e9e de lecture estim\u00e9e":"1 minute"},"schema":{"@context":"https:\/\/schema.org","@graph":[{"@type":"WebPage","@id":"https:\/\/sne-gears.com\/zh\/product\/extensions-of-valve-stem-pedestal-and-handwheel\/","url":"https:\/\/sne-gears.com\/zh\/product\/extensions-of-valve-stem-pedestal-and-handwheel\/","name":"Extensions of Valve Stem, Pedestal and Handwheel - sne-gears.com","isPartOf":{"@id":"https:\/\/sne-gears.com\/de\/#website"},"primaryImageOfPage":{"@id":"https:\/\/sne-gears.com\/zh\/product\/extensions-of-valve-stem-pedestal-and-handwheel\/#primaryimage"},"image":{"@id":"https:\/\/sne-gears.com\/zh\/product\/extensions-of-valve-stem-pedestal-and-handwheel\/#primaryimage"},"thumbnailUrl":"https:\/\/sne-gears.com\/wp-content\/uploads\/2024\/07\/456-1.jpg","datePublished":"2024-07-18T13:59:56+00:00","dateModified":"2024-07-26T05:50:16+00:00","breadcrumb":{"@id":"https:\/\/sne-gears.com\/zh\/product\/extensions-of-valve-stem-pedestal-and-handwheel\/#breadcrumb"},"inLanguage":"fr-FR","potentialAction":[{"@type":"ReadAction","target":["https:\/\/sne-gears.com\/zh\/product\/extensions-of-valve-stem-pedestal-and-handwheel\/"]}]},{"@type":"ImageObject","inLanguage":"fr-FR","@id":"https:\/\/sne-gears.com\/zh\/product\/extensions-of-valve-stem-pedestal-and-handwheel\/#primaryimage","url":"https:\/\/sne-gears.com\/wp-content\/uploads\/2024\/07\/456-1.jpg","contentUrl":"https:\/\/sne-gears.com\/wp-content\/uploads\/2024\/07\/456-1.jpg","width":1195,"height":1280},{"@type":"BreadcrumbList","@id":"https:\/\/sne-gears.com\/zh\/product\/extensions-of-valve-stem-pedestal-and-handwheel\/#breadcrumb","itemListElement":[{"@type":"ListItem","position":1,"name":"Home","item":"https:\/\/sne-gears.com\/ru\/"},{"@type":"ListItem","position":2,"name":"Shop","item":"https:\/\/sne-gears.com\/fr\/shop\/"},{"@type":"ListItem","position":3,"name":"Extensions of Valve Stem, Pedestal and Handwheel"}]},{"@type":"WebSite","@id":"https:\/\/sne-gears.com\/de\/#website","url":"https:\/\/sne-gears.com\/de\/","name":"sne-gears.com","description":"","potentialAction":[{"@type":"SearchAction","target":{"@type":"EntryPoint","urlTemplate":"https:\/\/sne-gears.com\/de\/?s={search_term_string}"},"query-input":{"@type":"PropertyValueSpecification","valueRequired":true,"valueName":"search_term_string"}}],"inLanguage":"fr-FR"}]}},"_links":{"self":[{"href":"https:\/\/sne-gears.com\/fr\/wp-json\/wp\/v2\/product\/16372","targetHints":{"allow":["GET"]}}],"collection":[{"href":"https:\/\/sne-gears.com\/fr\/wp-json\/wp\/v2\/product"}],"about":[{"href":"https:\/\/sne-gears.com\/fr\/wp-json\/wp\/v2\/types\/product"}],"replies":[{"embeddable":true,"href":"https:\/\/sne-gears.com\/fr\/wp-json\/wp\/v2\/comments?post=16372"}],"version-history":[{"count":3,"href":"https:\/\/sne-gears.com\/fr\/wp-json\/wp\/v2\/product\/16372\/revisions"}],"predecessor-version":[{"id":16736,"href":"https:\/\/sne-gears.com\/fr\/wp-json\/wp\/v2\/product\/16372\/revisions\/16736"}],"wp:featuredmedia":[{"embeddable":true,"href":"https:\/\/sne-gears.com\/fr\/wp-json\/wp\/v2\/media\/16496"}],"wp:attachment":[{"href":"https:\/\/sne-gears.com\/fr\/wp-json\/wp\/v2\/media?parent=16372"}],"wp:term":[{"taxonomy":"product_brand","embeddable":true,"href":"https:\/\/sne-gears.com\/fr\/wp-json\/wp\/v2\/product_brand?post=16372"},{"taxonomy":"product_cat","embeddable":true,"href":"https:\/\/sne-gears.com\/fr\/wp-json\/wp\/v2\/product_cat?post=16372"},{"taxonomy":"product_tag","embeddable":true,"href":"https:\/\/sne-gears.com\/fr\/wp-json\/wp\/v2\/product_tag?post=16372"}],"curies":[{"name":"wp","href":"https:\/\/api.w.org\/{rel}","templated":true}]}}