{"id":16578,"date":"2024-07-24T01:40:56","date_gmt":"2024-07-24T01:40:56","guid":{"rendered":"https:\/\/sne-gears.com\/?post_type=product&#038;p=16578"},"modified":"2024-08-14T02:09:45","modified_gmt":"2024-08-14T02:09:45","slug":"m00-single-stage-manual-operation","status":"publish","type":"product","link":"https:\/\/sne-gears.com\/fr\/produit\/m00-single-stage-manual-operation\/","title":{"rendered":"M00 Fonctionnement manuel \u00e0 un \u00e9tage"},"content":{"rendered":"<div data-elementor-type=\"wp-post\" data-elementor-id=\"16578\" class=\"elementor elementor-16578\">\n\t\t\t\t<div class=\"elementor-element elementor-element-79362e1 e-flex e-con-boxed e-con e-parent\" data-id=\"79362e1\" data-element_type=\"container\" data-e-type=\"container\">\n\t\t\t\t\t<div class=\"e-con-inner\">\n\t\t\t\t<div class=\"elementor-element elementor-element-b5a4e76 elementor-widget elementor-widget-image\" data-id=\"b5a4e76\" data-element_type=\"widget\" data-e-type=\"widget\" data-widget_type=\"image.default\">\n\t\t\t\t<div class=\"elementor-widget-container\">\n\t\t\t\t\t\t\t\t\t\t\t\t\t\t\t<img fetchpriority=\"high\" decoding=\"async\" width=\"1456\" height=\"605\" src=\"data:image\/gif;base64,R0lGODlhAQABAIAAAAAAAP\/\/\/yH5BAEAAAAALAAAAAABAAEAAAIBRAA7\" data-src=\"https:\/\/sne-gears.com\/wp-content\/uploads\/2024\/07\/MOO\u578b\u4f20\u52a8\u88c5\u7f6e\uff08\u4e00\u7ea7\uff09\u5c3a\u5bf8\u56fe-1.jpeg\" class=\"attachment-1536x1536 size-1536x1536 wp-image-17093 lazyload\" alt=\"\" data-srcset=\"https:\/\/sne-gears.com\/wp-content\/uploads\/2024\/07\/MOO\u578b\u4f20\u52a8\u88c5\u7f6e\uff08\u4e00\u7ea7\uff09\u5c3a\u5bf8\u56fe-1.jpeg 1456w, https:\/\/sne-gears.com\/wp-content\/uploads\/2024\/07\/MOO\u578b\u4f20\u52a8\u88c5\u7f6e\uff08\u4e00\u7ea7\uff09\u5c3a\u5bf8\u56fe-1-400x166.jpeg 400w, https:\/\/sne-gears.com\/wp-content\/uploads\/2024\/07\/MOO\u578b\u4f20\u52a8\u88c5\u7f6e\uff08\u4e00\u7ea7\uff09\u5c3a\u5bf8\u56fe-1-1300x540.jpeg 1300w, https:\/\/sne-gears.com\/wp-content\/uploads\/2024\/07\/MOO\u578b\u4f20\u52a8\u88c5\u7f6e\uff08\u4e00\u7ea7\uff09\u5c3a\u5bf8\u56fe-1-768x319.jpeg 768w, https:\/\/sne-gears.com\/wp-content\/uploads\/2024\/07\/MOO\u578b\u4f20\u52a8\u88c5\u7f6e\uff08\u4e00\u7ea7\uff09\u5c3a\u5bf8\u56fe-1-18x7.jpeg 18w, https:\/\/sne-gears.com\/wp-content\/uploads\/2024\/07\/MOO\u578b\u4f20\u52a8\u88c5\u7f6e\uff08\u4e00\u7ea7\uff09\u5c3a\u5bf8\u56fe-1-430x179.jpeg 430w, https:\/\/sne-gears.com\/wp-content\/uploads\/2024\/07\/MOO\u578b\u4f20\u52a8\u88c5\u7f6e\uff08\u4e00\u7ea7\uff09\u5c3a\u5bf8\u56fe-1-700x291.jpeg 700w, https:\/\/sne-gears.com\/wp-content\/uploads\/2024\/07\/MOO\u578b\u4f20\u52a8\u88c5\u7f6e\uff08\u4e00\u7ea7\uff09\u5c3a\u5bf8\u56fe-1-150x62.jpeg 150w\" sizes=\"(max-width: 1456px) 100vw, 1456px\" \/><noscript><img decoding=\"async\" width=\"1456\" height=\"605\" src=\"https:\/\/sne-gears.com\/wp-content\/uploads\/2024\/07\/MOO\u578b\u4f20\u52a8\u88c5\u7f6e\uff08\u4e00\u7ea7\uff09\u5c3a\u5bf8\u56fe-1.jpeg\" class=\"attachment-1536x1536 size-1536x1536 wp-image-17093 lazyload\" alt=\"\" srcset=\"https:\/\/sne-gears.com\/wp-content\/uploads\/2024\/07\/MOO\u578b\u4f20\u52a8\u88c5\u7f6e\uff08\u4e00\u7ea7\uff09\u5c3a\u5bf8\u56fe-1.jpeg 1456w, https:\/\/sne-gears.com\/wp-content\/uploads\/2024\/07\/MOO\u578b\u4f20\u52a8\u88c5\u7f6e\uff08\u4e00\u7ea7\uff09\u5c3a\u5bf8\u56fe-1-400x166.jpeg 400w, https:\/\/sne-gears.com\/wp-content\/uploads\/2024\/07\/MOO\u578b\u4f20\u52a8\u88c5\u7f6e\uff08\u4e00\u7ea7\uff09\u5c3a\u5bf8\u56fe-1-1300x540.jpeg 1300w, https:\/\/sne-gears.com\/wp-content\/uploads\/2024\/07\/MOO\u578b\u4f20\u52a8\u88c5\u7f6e\uff08\u4e00\u7ea7\uff09\u5c3a\u5bf8\u56fe-1-768x319.jpeg 768w, https:\/\/sne-gears.com\/wp-content\/uploads\/2024\/07\/MOO\u578b\u4f20\u52a8\u88c5\u7f6e\uff08\u4e00\u7ea7\uff09\u5c3a\u5bf8\u56fe-1-18x7.jpeg 18w, https:\/\/sne-gears.com\/wp-content\/uploads\/2024\/07\/MOO\u578b\u4f20\u52a8\u88c5\u7f6e\uff08\u4e00\u7ea7\uff09\u5c3a\u5bf8\u56fe-1-430x179.jpeg 430w, https:\/\/sne-gears.com\/wp-content\/uploads\/2024\/07\/MOO\u578b\u4f20\u52a8\u88c5\u7f6e\uff08\u4e00\u7ea7\uff09\u5c3a\u5bf8\u56fe-1-700x291.jpeg 700w, https:\/\/sne-gears.com\/wp-content\/uploads\/2024\/07\/MOO\u578b\u4f20\u52a8\u88c5\u7f6e\uff08\u4e00\u7ea7\uff09\u5c3a\u5bf8\u56fe-1-150x62.jpeg 150w\" sizes=\"(max-width: 1456px) 100vw, 1456px\" \/><\/noscript>\t\t\t\t\t\t\t\t\t\t\t\t\t\t\t<\/div>\n\t\t\t\t<\/div>\n\t\t\t\t\t<\/div>\n\t\t\t\t<\/div>\n\t\t<div class=\"elementor-element elementor-element-771aeb66 e-flex e-con-boxed e-con e-parent\" data-id=\"771aeb66\" data-element_type=\"container\" data-e-type=\"container\">\n\t\t\t\t\t<div class=\"e-con-inner\">\n\t\t\t\t<div class=\"elementor-element elementor-element-2a0e77d7 color-scheme-inherit text-left elementor-widget elementor-widget-text-editor\" data-id=\"2a0e77d7\" data-element_type=\"widget\" data-e-type=\"widget\" data-widget_type=\"text-editor.default\">\n\t\t\t\t<div class=\"elementor-widget-container\">\n\t\t\t\t\t\t\t\t\t<p>Ce produit se caract\u00e9rise par sa petite taille, son poids l\u00e9ger, son couple de sortie \u00e9lev\u00e9, sa structure rationnelle et sa capacit\u00e9 d'auto-maintien fiable. Le produit peut \u00e9galement \u00eatre \u00e9quip\u00e9 d'un dispositif de verrouillage, afin d'emp\u00eacher d'autres personnes d'ouvrir la vanne. Convient pour contr\u00f4ler la vanne papillon de 90\u2033, la vanne \u00e0 bille, la vanne de robinet, etc.<\/p><p>Nous fournissons \u00e9galement des r\u00e9ducteurs en acier inoxydable 316 de ces types.<\/p><p>\u00a0<\/p>\t\t\t\t\t\t\t\t<\/div>\n\t\t\t\t<\/div>\n\t\t\t\t\t<\/div>\n\t\t\t\t<\/div>\n\t\t<div class=\"elementor-element elementor-element-49ace32 e-flex e-con-boxed e-con e-parent\" data-id=\"49ace32\" data-element_type=\"container\" data-e-type=\"container\">\n\t\t\t\t\t<div class=\"e-con-inner\">\n\t\t\t\t<div class=\"elementor-element elementor-element-7e31cc6 color-scheme-inherit text-left elementor-widget elementor-widget-text-editor\" data-id=\"7e31cc6\" data-element_type=\"widget\" data-e-type=\"widget\" data-widget_type=\"text-editor.default\">\n\t\t\t\t<div class=\"elementor-widget-container\">\n\t\t\t\t\t\t\t\t\t<h2>Dimensions de la table<\/h2>\t\t\t\t\t\t\t\t<\/div>\n\t\t\t\t<\/div>\n\t\t\t\t\t<\/div>\n\t\t\t\t<\/div>\n\t\t<div class=\"elementor-element elementor-element-a67498e e-flex e-con-boxed e-con e-parent\" data-id=\"a67498e\" data-element_type=\"container\" data-e-type=\"container\">\n\t\t\t\t\t<div class=\"e-con-inner\">\n\t\t\t\t<div class=\"elementor-element elementor-element-15cb516 color-scheme-inherit text-left elementor-widget elementor-widget-text-editor\" data-id=\"15cb516\" data-element_type=\"widget\" data-e-type=\"widget\" data-widget_type=\"text-editor.default\">\n\t\t\t\t<div class=\"elementor-widget-container\">\n\t\t\t\t\t\t\t\t\t<table style=\"color: #333333; font-size: 16px;\"><tbody><tr><td><p><strong><b>Mod\u00e8le<\/b><\/strong><\/p><\/td><td><p><strong><b>d (mm)<\/b><\/strong><\/p><\/td><td><p><strong><b>b (mm)<\/b><\/strong><\/p><\/td><td><p><strong><b>t (mm)<\/b><\/strong><\/p><\/td><td><p><strong><b>D1 (mm)<\/b><\/strong><\/p><\/td><td><p><strong><b>n-M<\/b><\/strong><\/p><\/td><td><p><strong><b>A (mm)<\/b><\/strong><\/p><\/td><td><p><strong><b>B (mm)<\/b><\/strong><\/p><\/td><td><p><strong><b>C (mm)<\/b><\/strong><\/p><\/td><td><p><strong><b>D (mm)<\/b><\/strong><\/p><\/td><td><p><strong><b>E (mm)<\/b><\/strong><\/p><\/td><td><p><strong><b>\u03a6 (mm)<\/b><\/strong><\/p><\/td><td><p><strong><b>H (mm)<\/b><\/strong><\/p><\/td><td><p><strong><b>h (mm)<\/b><\/strong><\/p><\/td><\/tr><tr><td><p>M07<\/p><\/td><td><p>20<\/p><\/td><td><p>5<\/p><\/td><td><p>22.3<\/p><\/td><td><p>70<\/p><\/td><td><p>4-M8<\/p><\/td><td><p>151<\/p><\/td><td><p>111<\/p><\/td><td><p>92<\/p><\/td><td><p>84<\/p><\/td><td><p>39<\/p><\/td><td><p>140<\/p><\/td><td><p>55<\/p><\/td><td><p>31<\/p><\/td><\/tr><tr><td><p>M10<\/p><\/td><td><p>25<\/p><\/td><td><p>8<\/p><\/td><td><p>28.3<\/p><\/td><td><p>100<\/p><\/td><td><p>4-M10<\/p><\/td><td><p>214<\/p><\/td><td><p>145<\/p><\/td><td><p>118<\/p><\/td><td><p>107<\/p><\/td><td><p>53<\/p><\/td><td><p>260<\/p><\/td><td><p>61<\/p><\/td><td><p>35<\/p><\/td><\/tr><tr><td><p>M12<\/p><\/td><td><p>30<\/p><\/td><td><p>8<\/p><\/td><td><p>33.3<\/p><\/td><td><p>125<\/p><\/td><td><p>4-M12<\/p><\/td><td><p>210<\/p><\/td><td><p>182<\/p><\/td><td><p>165<\/p><\/td><td><p>138<\/p><\/td><td><p>66<\/p><\/td><td><p>300<\/p><\/td><td><p>72<\/p><\/td><td><p>42<\/p><\/td><\/tr><tr><td><p>M14<\/p><\/td><td><p>35<\/p><\/td><td><p>10<\/p><\/td><td><p>38.3<\/p><\/td><td><p>140<\/p><\/td><td><p>4-M16<\/p><\/td><td><p>277<\/p><\/td><td><p>231<\/p><\/td><td><p>200<\/p><\/td><td><p>184<\/p><\/td><td><p>89<\/p><\/td><td><p>400<\/p><\/td><td><p>81<\/p><\/td><td><p>50<\/p><\/td><\/tr><tr><td><p>M14A<\/p><\/td><td><p>35<\/p><\/td><td><p>10<\/p><\/td><td><p>38.3<\/p><\/td><td><p>140<\/p><\/td><td><p>4-M16<\/p><\/td><td><p>287<\/p><\/td><td><p>252<\/p><\/td><td><p>216<\/p><\/td><td><p>210<\/p><\/td><td><p>101<\/p><\/td><td><p>400<\/p><\/td><td><p>81<\/p><\/td><td><p>50<\/p><\/td><\/tr><tr><td><p>M15<\/p><\/td><td><p>45<\/p><\/td><td><p>14<\/p><\/td><td><p>48.8<\/p><\/td><td><p>165<\/p><\/td><td><p>4-M20<\/p><\/td><td><p>357<\/p><\/td><td><p>296<\/p><\/td><td><p>252<\/p><\/td><td><p>248<\/p><\/td><td><p>123<\/p><\/td><td><p>500<\/p><\/td><td><p>91<\/p><\/td><td><p>50<\/p><\/td><\/tr><tr><td><p>M16<\/p><\/td><td><p>55<\/p><\/td><td><p>16<\/p><\/td><td><p>59.3<\/p><\/td><td><p>254<\/p><\/td><td><p>8-M16<\/p><\/td><td><p>382<\/p><\/td><td><p>354<\/p><\/td><td><p>315<\/p><\/td><td><p>313<\/p><\/td><td><p>153<\/p><\/td><td><p>500<\/p><\/td><td><p>93<\/p><\/td><td><p>50<\/p><\/td><\/tr><\/tbody><\/table>\t\t\t\t\t\t\t\t<\/div>\n\t\t\t\t<\/div>\n\t\t\t\t\t<\/div>\n\t\t\t\t<\/div>\n\t\t<div class=\"elementor-element elementor-element-34c6c5c e-flex e-con-boxed e-con e-parent\" data-id=\"34c6c5c\" data-element_type=\"container\" data-e-type=\"container\">\n\t\t\t\t\t<div class=\"e-con-inner\">\n\t\t\t\t<div class=\"elementor-element elementor-element-2726fd4 color-scheme-inherit text-left elementor-widget elementor-widget-text-editor\" data-id=\"2726fd4\" data-element_type=\"widget\" data-e-type=\"widget\" data-widget_type=\"text-editor.default\">\n\t\t\t\t<div class=\"elementor-widget-container\">\n\t\t\t\t\t\t\t\t\t<h2>\u00a0<\/h2><h2>Param\u00e8tres techniques<\/h2><table><thead><tr><th>Mod\u00e8le<\/th><th>Couple (N.m)<\/th><th>Ratio<\/th><th>Entr\u00e9e (N.m)<\/th><th>Taille du trou Max<\/th><th>Bride de montage Min\/Max<\/th><th>Volant (mm)<\/th><th>Poids (kg)<\/th><\/tr><\/thead><tbody><tr><td>M07<\/td><td>200<\/td><td>40:1<\/td><td>19<\/td><td>25<\/td><td>F05, F07<\/td><td>140<\/td><td>3.1<\/td><\/tr><tr><td>M10<\/td><td>500<\/td><td>42:1<\/td><td>45<\/td><td>30<\/td><td>F07, F10<\/td><td>260<\/td><td>6.2<\/td><\/tr><tr><td>M12<\/td><td>1000<\/td><td>42:1<\/td><td>90<\/td><td>40<\/td><td>F10, F12, F14<\/td><td>300<\/td><td>11<\/td><\/tr><tr><td>M14<\/td><td>1800<\/td><td>60:1<\/td><td>140<\/td><td>60<\/td><td>F12, F14, F16<\/td><td>400<\/td><td>14<\/td><\/tr><tr><td>M14A<\/td><td>2500<\/td><td>70:1<\/td><td>130<\/td><td>60<\/td><td>F14, F16<\/td><td>400<\/td><td>21<\/td><\/tr><tr><td>M15<\/td><td>3400<\/td><td>68:1<\/td><td>165<\/td><td>80<\/td><td>F14, F16<\/td><td>500<\/td><td>32<\/td><\/tr><tr><td>M16<\/td><td>4400<\/td><td>88:1<\/td><td>169<\/td><td>85<\/td><td>F16, F25<\/td><td>500<\/td><td>44<\/td><\/tr><\/tbody><\/table>\t\t\t\t\t\t\t\t<\/div>\n\t\t\t\t<\/div>\n\t\t\t\t\t<\/div>\n\t\t\t\t<\/div>\n\t\t\t\t<\/div>","protected":false},"excerpt":{"rendered":"<p>The product is characterized by small size, light weight, large output torque, rational structure and having reliably self-holdcapacity. The product<\/p>","protected":false},"featured_media":16579,"comment_status":"open","ping_status":"closed","template":"","meta":[],"product_brand":[],"product_cat":[100,105],"product_tag":[],"class_list":{"0":"post-16578","1":"product","2":"type-product","3":"status-publish","4":"has-post-thumbnail","6":"product_cat-gearbox","7":"product_cat-quarter-turn-gearboxes","9":"first","10":"instock","11":"shipping-taxable","12":"product-type-simple"},"yoast_head":"<!-- This site is optimized with the Yoast SEO plugin v27.4 - https:\/\/yoast.com\/product\/yoast-seo-wordpress\/ -->\n<title>M00 Single-Stage Manual Operation - sne-gears.com<\/title>\n<meta name=\"robots\" content=\"index, follow, max-snippet:-1, max-image-preview:large, max-video-preview:-1\" \/>\n<link rel=\"canonical\" href=\"https:\/\/sne-gears.com\/fr\/produit\/m00-single-stage-manual-operation\/\" \/>\n<meta property=\"og:locale\" content=\"fr_FR\" \/>\n<meta property=\"og:type\" content=\"article\" \/>\n<meta property=\"og:title\" content=\"M00 Single-Stage Manual Operation - sne-gears.com\" \/>\n<meta property=\"og:description\" content=\"The product is characterized by small size, light weight, large output torque, rational structure and having reliably self-holdcapacity. The product\" \/>\n<meta property=\"og:url\" content=\"https:\/\/sne-gears.com\/fr\/produit\/m00-single-stage-manual-operation\/\" \/>\n<meta property=\"og:site_name\" content=\"sne-gears.com\" \/>\n<meta property=\"article:modified_time\" content=\"2024-08-14T02:09:45+00:00\" \/>\n<meta property=\"og:image\" content=\"https:\/\/sne-gears.com\/wp-content\/uploads\/2024\/07\/M00\u578b\u4e00\u7ea7\u4f20\u52a8\u9f7f\u8f6e\u7bb1\u56fe\u7247.jpg\" \/>\n\t<meta property=\"og:image:width\" content=\"706\" \/>\n\t<meta property=\"og:image:height\" content=\"817\" \/>\n\t<meta property=\"og:image:type\" content=\"image\/jpeg\" \/>\n<meta name=\"twitter:card\" content=\"summary_large_image\" \/>\n<meta name=\"twitter:label1\" content=\"Dur\u00e9e de lecture estim\u00e9e\" \/>\n\t<meta name=\"twitter:data1\" content=\"2 minutes\" \/>\n<script type=\"application\/ld+json\" class=\"yoast-schema-graph\">{\"@context\":\"https:\\\/\\\/schema.org\",\"@graph\":[{\"@type\":\"WebPage\",\"@id\":\"https:\\\/\\\/sne-gears.com\\\/product\\\/m00-single-stage-manual-operation\\\/\",\"url\":\"https:\\\/\\\/sne-gears.com\\\/product\\\/m00-single-stage-manual-operation\\\/\",\"name\":\"M00 Single-Stage Manual Operation - sne-gears.com\",\"isPartOf\":{\"@id\":\"https:\\\/\\\/sne-gears.com\\\/#website\"},\"primaryImageOfPage\":{\"@id\":\"https:\\\/\\\/sne-gears.com\\\/product\\\/m00-single-stage-manual-operation\\\/#primaryimage\"},\"image\":{\"@id\":\"https:\\\/\\\/sne-gears.com\\\/product\\\/m00-single-stage-manual-operation\\\/#primaryimage\"},\"thumbnailUrl\":\"https:\\\/\\\/sne-gears.com\\\/wp-content\\\/uploads\\\/2024\\\/07\\\/M00\u578b\u4e00\u7ea7\u4f20\u52a8\u9f7f\u8f6e\u7bb1\u56fe\u7247.jpg\",\"datePublished\":\"2024-07-24T01:40:56+00:00\",\"dateModified\":\"2024-08-14T02:09:45+00:00\",\"breadcrumb\":{\"@id\":\"https:\\\/\\\/sne-gears.com\\\/product\\\/m00-single-stage-manual-operation\\\/#breadcrumb\"},\"inLanguage\":\"fr-FR\",\"potentialAction\":[{\"@type\":\"ReadAction\",\"target\":[\"https:\\\/\\\/sne-gears.com\\\/product\\\/m00-single-stage-manual-operation\\\/\"]}]},{\"@type\":\"ImageObject\",\"inLanguage\":\"fr-FR\",\"@id\":\"https:\\\/\\\/sne-gears.com\\\/product\\\/m00-single-stage-manual-operation\\\/#primaryimage\",\"url\":\"https:\\\/\\\/sne-gears.com\\\/wp-content\\\/uploads\\\/2024\\\/07\\\/M00\u578b\u4e00\u7ea7\u4f20\u52a8\u9f7f\u8f6e\u7bb1\u56fe\u7247.jpg\",\"contentUrl\":\"https:\\\/\\\/sne-gears.com\\\/wp-content\\\/uploads\\\/2024\\\/07\\\/M00\u578b\u4e00\u7ea7\u4f20\u52a8\u9f7f\u8f6e\u7bb1\u56fe\u7247.jpg\",\"width\":706,\"height\":817},{\"@type\":\"BreadcrumbList\",\"@id\":\"https:\\\/\\\/sne-gears.com\\\/product\\\/m00-single-stage-manual-operation\\\/#breadcrumb\",\"itemListElement\":[{\"@type\":\"ListItem\",\"position\":1,\"name\":\"Home\",\"item\":\"https:\\\/\\\/sne-gears.com\\\/\"},{\"@type\":\"ListItem\",\"position\":2,\"name\":\"Shop\",\"item\":\"https:\\\/\\\/sne-gears.com\\\/shop\\\/\"},{\"@type\":\"ListItem\",\"position\":3,\"name\":\"M00 Single-Stage Manual Operation\"}]},{\"@type\":\"WebSite\",\"@id\":\"https:\\\/\\\/sne-gears.com\\\/#website\",\"url\":\"https:\\\/\\\/sne-gears.com\\\/\",\"name\":\"sne-gears.com\",\"description\":\"\",\"potentialAction\":[{\"@type\":\"SearchAction\",\"target\":{\"@type\":\"EntryPoint\",\"urlTemplate\":\"https:\\\/\\\/sne-gears.com\\\/?s={search_term_string}\"},\"query-input\":{\"@type\":\"PropertyValueSpecification\",\"valueRequired\":true,\"valueName\":\"search_term_string\"}}],\"inLanguage\":\"fr-FR\"}]}<\/script>\n<!-- \/ Yoast SEO plugin. -->","yoast_head_json":{"title":"M00 Single-Stage Manual Operation - sne-gears.com","robots":{"index":"index","follow":"follow","max-snippet":"max-snippet:-1","max-image-preview":"max-image-preview:large","max-video-preview":"max-video-preview:-1"},"canonical":"https:\/\/sne-gears.com\/fr\/produit\/m00-single-stage-manual-operation\/","og_locale":"fr_FR","og_type":"article","og_title":"M00 Single-Stage Manual Operation - sne-gears.com","og_description":"The product is characterized by small size, light weight, large output torque, rational structure and having reliably self-holdcapacity. The product","og_url":"https:\/\/sne-gears.com\/fr\/produit\/m00-single-stage-manual-operation\/","og_site_name":"sne-gears.com","article_modified_time":"2024-08-14T02:09:45+00:00","og_image":[{"width":706,"height":817,"url":"https:\/\/sne-gears.com\/wp-content\/uploads\/2024\/07\/M00\u578b\u4e00\u7ea7\u4f20\u52a8\u9f7f\u8f6e\u7bb1\u56fe\u7247.jpg","type":"image\/jpeg"}],"twitter_card":"summary_large_image","twitter_misc":{"Dur\u00e9e de lecture estim\u00e9e":"2 minutes"},"schema":{"@context":"https:\/\/schema.org","@graph":[{"@type":"WebPage","@id":"https:\/\/sne-gears.com\/product\/m00-single-stage-manual-operation\/","url":"https:\/\/sne-gears.com\/product\/m00-single-stage-manual-operation\/","name":"M00 Single-Stage Manual Operation - sne-gears.com","isPartOf":{"@id":"https:\/\/sne-gears.com\/#website"},"primaryImageOfPage":{"@id":"https:\/\/sne-gears.com\/product\/m00-single-stage-manual-operation\/#primaryimage"},"image":{"@id":"https:\/\/sne-gears.com\/product\/m00-single-stage-manual-operation\/#primaryimage"},"thumbnailUrl":"https:\/\/sne-gears.com\/wp-content\/uploads\/2024\/07\/M00\u578b\u4e00\u7ea7\u4f20\u52a8\u9f7f\u8f6e\u7bb1\u56fe\u7247.jpg","datePublished":"2024-07-24T01:40:56+00:00","dateModified":"2024-08-14T02:09:45+00:00","breadcrumb":{"@id":"https:\/\/sne-gears.com\/product\/m00-single-stage-manual-operation\/#breadcrumb"},"inLanguage":"fr-FR","potentialAction":[{"@type":"ReadAction","target":["https:\/\/sne-gears.com\/product\/m00-single-stage-manual-operation\/"]}]},{"@type":"ImageObject","inLanguage":"fr-FR","@id":"https:\/\/sne-gears.com\/product\/m00-single-stage-manual-operation\/#primaryimage","url":"https:\/\/sne-gears.com\/wp-content\/uploads\/2024\/07\/M00\u578b\u4e00\u7ea7\u4f20\u52a8\u9f7f\u8f6e\u7bb1\u56fe\u7247.jpg","contentUrl":"https:\/\/sne-gears.com\/wp-content\/uploads\/2024\/07\/M00\u578b\u4e00\u7ea7\u4f20\u52a8\u9f7f\u8f6e\u7bb1\u56fe\u7247.jpg","width":706,"height":817},{"@type":"BreadcrumbList","@id":"https:\/\/sne-gears.com\/product\/m00-single-stage-manual-operation\/#breadcrumb","itemListElement":[{"@type":"ListItem","position":1,"name":"Home","item":"https:\/\/sne-gears.com\/"},{"@type":"ListItem","position":2,"name":"Shop","item":"https:\/\/sne-gears.com\/shop\/"},{"@type":"ListItem","position":3,"name":"M00 Single-Stage Manual Operation"}]},{"@type":"WebSite","@id":"https:\/\/sne-gears.com\/#website","url":"https:\/\/sne-gears.com\/","name":"sne-gears.com","description":"","potentialAction":[{"@type":"SearchAction","target":{"@type":"EntryPoint","urlTemplate":"https:\/\/sne-gears.com\/?s={search_term_string}"},"query-input":{"@type":"PropertyValueSpecification","valueRequired":true,"valueName":"search_term_string"}}],"inLanguage":"fr-FR"}]}},"_links":{"self":[{"href":"https:\/\/sne-gears.com\/fr\/wp-json\/wp\/v2\/product\/16578","targetHints":{"allow":["GET"]}}],"collection":[{"href":"https:\/\/sne-gears.com\/fr\/wp-json\/wp\/v2\/product"}],"about":[{"href":"https:\/\/sne-gears.com\/fr\/wp-json\/wp\/v2\/types\/product"}],"replies":[{"embeddable":true,"href":"https:\/\/sne-gears.com\/fr\/wp-json\/wp\/v2\/comments?post=16578"}],"version-history":[{"count":30,"href":"https:\/\/sne-gears.com\/fr\/wp-json\/wp\/v2\/product\/16578\/revisions"}],"predecessor-version":[{"id":17789,"href":"https:\/\/sne-gears.com\/fr\/wp-json\/wp\/v2\/product\/16578\/revisions\/17789"}],"wp:featuredmedia":[{"embeddable":true,"href":"https:\/\/sne-gears.com\/fr\/wp-json\/wp\/v2\/media\/16579"}],"wp:attachment":[{"href":"https:\/\/sne-gears.com\/fr\/wp-json\/wp\/v2\/media?parent=16578"}],"wp:term":[{"taxonomy":"product_brand","embeddable":true,"href":"https:\/\/sne-gears.com\/fr\/wp-json\/wp\/v2\/product_brand?post=16578"},{"taxonomy":"product_cat","embeddable":true,"href":"https:\/\/sne-gears.com\/fr\/wp-json\/wp\/v2\/product_cat?post=16578"},{"taxonomy":"product_tag","embeddable":true,"href":"https:\/\/sne-gears.com\/fr\/wp-json\/wp\/v2\/product_tag?post=16578"}],"curies":[{"name":"wp","href":"https:\/\/api.w.org\/{rel}","templated":true}]}}