{"id":16617,"date":"2024-07-24T02:28:53","date_gmt":"2024-07-24T02:28:53","guid":{"rendered":"https:\/\/sne-gears.com\/?post_type=product&#038;p=16617"},"modified":"2024-08-15T02:10:51","modified_gmt":"2024-08-15T02:10:51","slug":"s008-series-1-4-turn-gearbox","status":"publish","type":"product","link":"https:\/\/sne-gears.com\/fr\/produit\/s008-series-1-4-turn-gearbox\/","title":{"rendered":"S\u00e9rie S008 R\u00e9ducteur 1\/4 de tour"},"content":{"rendered":"<div data-elementor-type=\"wp-post\" data-elementor-id=\"16617\" class=\"elementor elementor-16617\">\n\t\t\t\t<div class=\"elementor-element elementor-element-b8181cb e-flex e-con-boxed e-con e-parent\" data-id=\"b8181cb\" data-element_type=\"container\" data-e-type=\"container\">\n\t\t\t\t\t<div class=\"e-con-inner\">\n\t\t\t\t<div class=\"elementor-element elementor-element-ccb38cc color-scheme-inherit text-left elementor-widget elementor-widget-text-editor\" data-id=\"ccb38cc\" data-element_type=\"widget\" data-e-type=\"widget\" data-widget_type=\"text-editor.default\">\n\t\t\t\t<div class=\"elementor-widget-container\">\n\t\t\t\t\t\t\t\t\t<p>Cette s\u00e9rie comprend 15 mod\u00e8les variant de 42:1 \u00e0 3525:1 en termes de rapport de transmission et de 720NM \u00e0 150000NM en termes de couple.<br \/>La diff\u00e9rence de couple entre deux mod\u00e8les adjacents est faible, ce qui permet aux clients de r\u00e9duire consid\u00e9rablement leurs co\u00fbts lorsqu'ils choisissent un produit sp\u00e9cifique.<\/p><p>Il convient pour les vannes papillon rotatives \u00e0 90\u00b0, les vannes \u00e0 bille et les vannes \u00e0 clapet.<\/p><p>Relier la bride inf\u00e9rieure du r\u00e9ducteur \u00e0 la bride sup\u00e9rieure de la vanne et faire glisser l'arbre de la vanne dans le trou de la vis sans fin. Serrez le boulon de la bride. La vanne peut \u00eatre ferm\u00e9e en tournant le volant dans le sens des aiguilles d'une montre et ouverte en tournant le volant dans le sens inverse des aiguilles d'une montre. Un indicateur de position et un marquage de position sont mont\u00e9s sur la face sup\u00e9rieure de l'op\u00e9rateur \u00e0 engrenages, ce qui permet d'observer directement la position de l'interrupteur. L'op\u00e9rateur \u00e0 engrenages est \u00e9galement \u00e9quip\u00e9 d'une vis de limitation m\u00e9canique, qui peut \u00eatre r\u00e9gl\u00e9e et fonctionne pour limiter la position \u00e0 la position extr\u00eame de l'interrupteur.<\/p>\t\t\t\t\t\t\t\t<\/div>\n\t\t\t\t<\/div>\n\t\t\t\t\t<\/div>\n\t\t\t\t<\/div>\n\t\t<div class=\"elementor-element elementor-element-fe0d420 e-flex e-con-boxed e-con e-parent\" data-id=\"fe0d420\" data-element_type=\"container\" data-e-type=\"container\">\n\t\t\t\t\t<div class=\"e-con-inner\">\n\t\t\t\t<div class=\"elementor-element elementor-element-8cfa5e3 elementor-widget elementor-widget-image\" data-id=\"8cfa5e3\" data-element_type=\"widget\" data-e-type=\"widget\" data-widget_type=\"image.default\">\n\t\t\t\t<div class=\"elementor-widget-container\">\n\t\t\t\t\t\t\t\t\t\t\t\t\t\t\t<img fetchpriority=\"high\" decoding=\"async\" width=\"1200\" height=\"600\" src=\"data:image\/gif;base64,R0lGODlhAQABAIAAAAAAAP\/\/\/yH5BAEAAAAALAAAAAABAAEAAAIBRAA7\" data-src=\"https:\/\/sne-gears.com\/wp-content\/uploads\/2024\/07\/5674.jpg\" class=\"attachment-1536x1536 size-1536x1536 wp-image-17487 lazyload\" alt=\"\" data-srcset=\"https:\/\/sne-gears.com\/wp-content\/uploads\/2024\/07\/5674.jpg 1200w, https:\/\/sne-gears.com\/wp-content\/uploads\/2024\/07\/5674-400x200.jpg 400w, https:\/\/sne-gears.com\/wp-content\/uploads\/2024\/07\/5674-768x384.jpg 768w, https:\/\/sne-gears.com\/wp-content\/uploads\/2024\/07\/5674-18x9.jpg 18w, https:\/\/sne-gears.com\/wp-content\/uploads\/2024\/07\/5674-430x215.jpg 430w, https:\/\/sne-gears.com\/wp-content\/uploads\/2024\/07\/5674-700x350.jpg 700w, https:\/\/sne-gears.com\/wp-content\/uploads\/2024\/07\/5674-150x75.jpg 150w\" sizes=\"(max-width: 1200px) 100vw, 1200px\" \/><noscript><img decoding=\"async\" width=\"1200\" height=\"600\" src=\"https:\/\/sne-gears.com\/wp-content\/uploads\/2024\/07\/5674.jpg\" class=\"attachment-1536x1536 size-1536x1536 wp-image-17487 lazyload\" alt=\"\" srcset=\"https:\/\/sne-gears.com\/wp-content\/uploads\/2024\/07\/5674.jpg 1200w, https:\/\/sne-gears.com\/wp-content\/uploads\/2024\/07\/5674-400x200.jpg 400w, https:\/\/sne-gears.com\/wp-content\/uploads\/2024\/07\/5674-768x384.jpg 768w, https:\/\/sne-gears.com\/wp-content\/uploads\/2024\/07\/5674-18x9.jpg 18w, https:\/\/sne-gears.com\/wp-content\/uploads\/2024\/07\/5674-430x215.jpg 430w, https:\/\/sne-gears.com\/wp-content\/uploads\/2024\/07\/5674-700x350.jpg 700w, https:\/\/sne-gears.com\/wp-content\/uploads\/2024\/07\/5674-150x75.jpg 150w\" sizes=\"(max-width: 1200px) 100vw, 1200px\" \/><\/noscript>\t\t\t\t\t\t\t\t\t\t\t\t\t\t\t<\/div>\n\t\t\t\t<\/div>\n\t\t\t\t\t<\/div>\n\t\t\t\t<\/div>\n\t\t<div class=\"elementor-element elementor-element-39f749f e-flex e-con-boxed e-con e-parent\" data-id=\"39f749f\" data-element_type=\"container\" data-e-type=\"container\">\n\t\t\t\t\t<div class=\"e-con-inner\">\n\t\t\t\t<div class=\"elementor-element elementor-element-1e148a5 elementor-widget elementor-widget-heading\" data-id=\"1e148a5\" data-element_type=\"widget\" data-e-type=\"widget\" data-widget_type=\"heading.default\">\n\t\t\t\t<div class=\"elementor-widget-container\">\n\t\t\t\t\t<h2 class=\"elementor-heading-title elementor-size-default\">Param\u00e8tres techniques de la s\u00e9rie S008<\/h2>\t\t\t\t<\/div>\n\t\t\t\t<\/div>\n\t\t\t\t\t<\/div>\n\t\t\t\t<\/div>\n\t\t<div class=\"elementor-element elementor-element-33cb2a7 e-flex e-con-boxed e-con e-parent\" data-id=\"33cb2a7\" data-element_type=\"container\" data-e-type=\"container\">\n\t\t\t\t\t<div class=\"e-con-inner\">\n\t\t\t\t<div class=\"elementor-element elementor-element-a933d29 color-scheme-inherit text-left elementor-widget elementor-widget-text-editor\" data-id=\"a933d29\" data-element_type=\"widget\" data-e-type=\"widget\" data-widget_type=\"text-editor.default\">\n\t\t\t\t<div class=\"elementor-widget-container\">\n\t\t\t\t\t\t\t\t\t<table><thead><tr><th>Mod\u00e8le<\/th><th>Ratio<\/th><th>Valeur nominale Entr\u00e9e (Nm)<\/th><th>Puissance nominale (Nm)<\/th><th>Efficacit\u00e9 (%)<\/th><th>M.A. (\u00b110%)<\/th><\/tr><\/thead><tbody><tr><td>S007<\/td><td>42:1<\/td><td>80<\/td><td>720<\/td><td>21<\/td><td>9.0<\/td><\/tr><tr><td>S008<\/td><td>50:1<\/td><td>110<\/td><td>1200<\/td><td>22<\/td><td>10.9<\/td><\/tr><tr><td>S108<\/td><td>72:1<\/td><td>130<\/td><td>2000<\/td><td>21<\/td><td>15.4<\/td><\/tr><tr><td>S158<\/td><td>70:1<\/td><td>150<\/td><td>2500<\/td><td>24<\/td><td>16.7<\/td><\/tr><tr><td>S208<\/td><td>68:1<\/td><td>210<\/td><td>3300<\/td><td>23<\/td><td>15.7<\/td><\/tr><tr><td>S218<\/td><td>78:1<\/td><td>206<\/td><td>4475<\/td><td>28<\/td><td>21.7<\/td><\/tr><tr><td>S238<\/td><td>175:1<\/td><td>170<\/td><td>6250<\/td><td>21<\/td><td>36.8<\/td><\/tr><tr><td>S308<\/td><td>275:1<\/td><td>150<\/td><td>9800<\/td><td>24<\/td><td>65.3<\/td><\/tr><tr><td>S358<\/td><td>532:1<\/td><td>170<\/td><td>18000<\/td><td>20<\/td><td>105.9<\/td><\/tr><tr><td>S408<\/td><td>700:1<\/td><td>190<\/td><td>32000<\/td><td>24<\/td><td>168.4<\/td><\/tr><tr><td>S448<\/td><td>1233:1<\/td><td>165<\/td><td>42000<\/td><td>21<\/td><td>254.5<\/td><\/tr><tr><td>S508<\/td><td>1254:1<\/td><td>190<\/td><td>60000<\/td><td>25<\/td><td>315.8<\/td><\/tr><tr><td>S608<\/td><td>1855:1<\/td><td>190<\/td><td>88000<\/td><td>23<\/td><td>421.1<\/td><\/tr><tr><td>S708<\/td><td>2292:1<\/td><td>190<\/td><td>100000<\/td><td>23<\/td><td>526.3<\/td><\/tr><tr><td>S808<\/td><td>3525:1<\/td><td>190<\/td><td>150000<\/td><td>22<\/td><td>789.5<\/td><\/tr><\/tbody><\/table>\t\t\t\t\t\t\t\t<\/div>\n\t\t\t\t<\/div>\n\t\t\t\t\t<\/div>\n\t\t\t\t<\/div>\n\t\t<div class=\"elementor-element elementor-element-88ab921 e-flex e-con-boxed e-con e-parent\" data-id=\"88ab921\" data-element_type=\"container\" data-e-type=\"container\">\n\t\t\t\t\t<div class=\"e-con-inner\">\n\t\t\t\t<div class=\"elementor-element elementor-element-1aa8ebe elementor-widget elementor-widget-heading\" data-id=\"1aa8ebe\" data-element_type=\"widget\" data-e-type=\"widget\" data-widget_type=\"heading.default\">\n\t\t\t\t<div class=\"elementor-widget-container\">\n\t\t\t\t\t<h2 class=\"elementor-heading-title elementor-size-default\">Caract\u00e9ristiques du produit<\/h2>\t\t\t\t<\/div>\n\t\t\t\t<\/div>\n\t\t\t\t\t<\/div>\n\t\t\t\t<\/div>\n\t\t<div class=\"elementor-element elementor-element-101206e3 e-flex e-con-boxed e-con e-parent\" data-id=\"101206e3\" data-element_type=\"container\" data-e-type=\"container\">\n\t\t\t\t\t<div class=\"e-con-inner\">\n\t\t\t\t<div class=\"elementor-element elementor-element-729e991d color-scheme-inherit text-left elementor-widget elementor-widget-text-editor\" data-id=\"729e991d\" data-element_type=\"widget\" data-e-type=\"widget\" data-widget_type=\"text-editor.default\">\n\t\t\t\t<div class=\"elementor-widget-container\">\n\t\t\t\t\t\t\t\t\t<ol><li><strong>Bo\u00eetier en fonte ductile<\/strong><\/li><li><strong>Arbre d'entr\u00e9e en acier prot\u00e9g\u00e9<\/strong><\/li><li><strong>15 mod\u00e8les jusqu'\u00e0 150000 Nm<\/strong><\/li><li><strong>Construction robuste<\/strong><\/li><li><strong>Engrenage \u00e0 vis sans fin en fonte ductile<\/strong><\/li><li><strong>Mat\u00e9riaux d'\u00e9tanch\u00e9it\u00e9 NBR<\/strong><\/li><li><strong>Convient pour des conditions de travail de -20\u00b0C ~ 120\u00b0C<\/strong><\/li><li><strong>Course : 0 - 90\u00b0 (\u00b1 5\u00b0 r\u00e9glable)<\/strong><\/li><li><strong>Con\u00e7u avec un m\u00e9canisme de verrouillage<\/strong><\/li><\/ol><h3>Personnalisation<\/h3><ol><li><strong>Protection IP68<\/strong><\/li><li><strong>Roue \u00e0 vis sans fin en aluminium-bronze<\/strong><\/li><li><strong>Arbre d'entr\u00e9e en acier inoxydable<\/strong><\/li><li><strong>Interrupteurs de fin de course<\/strong><\/li><li><strong>Basse temp\u00e9rature jusqu'\u00e0 -46\u00b0C<\/strong><\/li><li><strong>Syst\u00e8me de s\u00e9curit\u00e9 par interverrouillage<\/strong><\/li><\/ol>\t\t\t\t\t\t\t\t<\/div>\n\t\t\t\t<\/div>\n\t\t\t\t\t<\/div>\n\t\t\t\t<\/div>\n\t\t<div class=\"elementor-element elementor-element-a2cbb11 e-flex e-con-boxed e-con e-parent\" data-id=\"a2cbb11\" data-element_type=\"container\" data-e-type=\"container\">\n\t\t\t\t\t<div class=\"e-con-inner\">\n\t\t\t\t<div class=\"elementor-element elementor-element-c2557f5 elementor-widget elementor-widget-heading\" data-id=\"c2557f5\" data-element_type=\"widget\" data-e-type=\"widget\" data-widget_type=\"heading.default\">\n\t\t\t\t<div class=\"elementor-widget-container\">\n\t\t\t\t\t<h2 class=\"elementor-heading-title elementor-size-default\">Tableau des dimensions g\u00e9n\u00e9rales<\/h2>\t\t\t\t<\/div>\n\t\t\t\t<\/div>\n\t\t\t\t\t<\/div>\n\t\t\t\t<\/div>\n\t\t<div class=\"elementor-element elementor-element-6e1f8c1 e-flex e-con-boxed e-con e-parent\" data-id=\"6e1f8c1\" data-element_type=\"container\" data-e-type=\"container\">\n\t\t\t\t\t<div class=\"e-con-inner\">\n\t\t\t\t<div class=\"elementor-element elementor-element-ae2521e color-scheme-inherit text-left elementor-widget elementor-widget-text-editor\" data-id=\"ae2521e\" data-element_type=\"widget\" data-e-type=\"widget\" data-widget_type=\"text-editor.default\">\n\t\t\t\t<div class=\"elementor-widget-container\">\n\t\t\t\t\t\t\t\t\t<table><tbody><tr><th>Mod\u00e8le<\/th><th>\u03a6D<\/th><th>Bride<\/th><th>dmax<\/th><th>B<\/th><th>t<\/th><th>h<\/th><th>H<\/th><th>C<\/th><th>E<\/th><th>F<\/th><th>G<\/th><th>J<\/th><th>K<\/th><th>L<\/th><th>\u03a6<\/th><\/tr><tr><td>S007<\/td><td>\u03a6150<\/td><td>F10<\/td><td>\u03a638<\/td><td>10<\/td><td>41.3<\/td><td>39<\/td><td>82<\/td><td>91.5<\/td><td>\u00a0<\/td><td>78.8<\/td><td>241<\/td><td>164<\/td><td>198.5<\/td><td>176<\/td><td>\u03a6465<\/td><\/tr><tr><td>\u00a0<\/td><td>\u03a6150<\/td><td>F12<\/td><td>\u03a638<\/td><td>10<\/td><td>41.3<\/td><td>39<\/td><td>82<\/td><td>91.5<\/td><td>\u00a0<\/td><td>78.8<\/td><td>241<\/td><td>164<\/td><td>198.5<\/td><td>176<\/td><td>\u03a6465<\/td><\/tr><tr><td>S008<\/td><td>\u03a6150<\/td><td>F10<\/td><td>\u03a645<\/td><td>14<\/td><td>48.8<\/td><td>41.5<\/td><td>77.5<\/td><td>82.5<\/td><td>\u00a0<\/td><td>244<\/td><td>167<\/td><td>210<\/td><td>184<\/td><td>\u00a0<\/td><td>\u03a6465<\/td><\/tr><tr><td>\u00a0<\/td><td>\u03a6175<\/td><td>F14<\/td><td>\u03a645<\/td><td>14<\/td><td>48.8<\/td><td>41.5<\/td><td>82.5<\/td><td>91.5<\/td><td>\u00a0<\/td><td>244<\/td><td>167<\/td><td>210<\/td><td>184<\/td><td>\u00a0<\/td><td>\u03a6465<\/td><\/tr><tr><td>S108<\/td><td>\u03a6210<\/td><td>F14<\/td><td>\u03a660<\/td><td>18<\/td><td>58.3<\/td><td>51<\/td><td>80<\/td><td>95.5<\/td><td>\u00a0<\/td><td>277<\/td><td>187<\/td><td>233<\/td><td>212<\/td><td>\u00a0<\/td><td>\u03a6600<\/td><\/tr><tr><td>\u00a0<\/td><td>\u03a6210<\/td><td>F16<\/td><td>\u03a660<\/td><td>18<\/td><td>58.3<\/td><td>51<\/td><td>80<\/td><td>95.5<\/td><td>\u00a0<\/td><td>277<\/td><td>187<\/td><td>233<\/td><td>212<\/td><td>\u00a0<\/td><td>\u03a6600<\/td><\/tr><tr><td>S158<\/td><td>\u03a6210<\/td><td>\u2606F14<\/td><td>\u03a660<\/td><td>18<\/td><td>64.4<\/td><td>51<\/td><td>100<\/td><td>109.5<\/td><td>\u00a0<\/td><td>315<\/td><td>197<\/td><td>275.5<\/td><td>262<\/td><td>\u00a0<\/td><td>\u03a6600<\/td><\/tr><tr><td>\u00a0<\/td><td>\u03a6210<\/td><td>F16<\/td><td>\u03a660<\/td><td>18<\/td><td>64.4<\/td><td>51<\/td><td>100<\/td><td>109.5<\/td><td>\u00a0<\/td><td>315<\/td><td>197<\/td><td>275.5<\/td><td>262<\/td><td>\u00a0<\/td><td>\u03a6600<\/td><\/tr><tr><td>S208<\/td><td>\u03a6210<\/td><td>\u2606F16<\/td><td>\u03a685<\/td><td>22<\/td><td>90.4<\/td><td>59.5<\/td><td>100.5<\/td><td>111.5<\/td><td>\u00a0<\/td><td>396.5<\/td><td>191.5<\/td><td>298<\/td><td>281<\/td><td>\u00a0<\/td><td>\u03a6750<\/td><\/tr><tr><td>\u00a0<\/td><td>\u03a6300<\/td><td>F25<\/td><td>\u03a685<\/td><td>22<\/td><td>90.4<\/td><td>59.5<\/td><td>100.5<\/td><td>111.5<\/td><td>\u00a0<\/td><td>396.5<\/td><td>191.5<\/td><td>298<\/td><td>281<\/td><td>\u00a0<\/td><td>\u03a6750<\/td><\/tr><tr><td>S218<\/td><td>\u03a6210<\/td><td>F14<\/td><td>\u03a685<\/td><td>22<\/td><td>90.4<\/td><td>59.5<\/td><td>105<\/td><td>111.5<\/td><td>\u00a0<\/td><td>410<\/td><td>205<\/td><td>312.75<\/td><td>296.75<\/td><td>\u00a0<\/td><td>\u03a6750<\/td><\/tr><tr><td>\u00a0<\/td><td>\u03a6300<\/td><td>F25<\/td><td>\u03a685<\/td><td>22<\/td><td>90.4<\/td><td>59.5<\/td><td>105<\/td><td>111.5<\/td><td>\u00a0<\/td><td>410<\/td><td>205<\/td><td>312.75<\/td><td>296.75<\/td><td>\u00a0<\/td><td>\u03a6750<\/td><\/tr><tr><td>S238<\/td><td>\u03a6300<\/td><td>\u2606F14<\/td><td>\u03a683<\/td><td>22<\/td><td>88.4<\/td><td>61<\/td><td>128<\/td><td>142<\/td><td>194.5<\/td><td>152.4<\/td><td>501<\/td><td>319<\/td><td>330<\/td><td>343<\/td><td>\u03a6600<\/td><\/tr><tr><td>\u00a0<\/td><td>\u00a0<\/td><td>F16<\/td><td>\u00a0<\/td><td>\u00a0<\/td><td>\u00a0<\/td><td>\u00a0<\/td><td>\u00a0<\/td><td>\u00a0<\/td><td>\u00a0<\/td><td>\u00a0<\/td><td>\u00a0<\/td><td>\u00a0<\/td><td>\u00a0<\/td><td>\u00a0<\/td><td>\u00a0<\/td><\/tr><tr><td>\u00a0<\/td><td>\u00a0<\/td><td>F25<\/td><td>\u00a0<\/td><td>\u00a0<\/td><td>\u00a0<\/td><td>\u00a0<\/td><td>\u00a0<\/td><td>\u00a0<\/td><td>\u00a0<\/td><td>\u00a0<\/td><td>\u00a0<\/td><td>\u00a0<\/td><td>\u00a0<\/td><td>\u00a0<\/td><td>\u00a0<\/td><\/tr><tr><td>S308<\/td><td>\u03a6340<\/td><td>\u2606F16<\/td><td>\u03a6100<\/td><td>28<\/td><td>106.4<\/td><td>74.5<\/td><td>151<\/td><td>165<\/td><td>229.5<\/td><td>173.25<\/td><td>544<\/td><td>339<\/td><td>413.5<\/td><td>391.5<\/td><td>\u03a6750<\/td><\/tr><tr><td>\u00a0<\/td><td>\u00a0<\/td><td>F25<\/td><td>\u00a0<\/td><td>\u00a0<\/td><td>\u00a0<\/td><td>\u00a0<\/td><td>\u00a0<\/td><td>\u00a0<\/td><td>\u00a0<\/td><td>\u00a0<\/td><td>\u00a0<\/td><td>\u00a0<\/td><td>\u00a0<\/td><td>\u00a0<\/td><td>\u00a0<\/td><\/tr><tr><td>\u00a0<\/td><td>\u00a0<\/td><td>F30<\/td><td>\u00a0<\/td><td>\u00a0<\/td><td>\u00a0<\/td><td>\u00a0<\/td><td>\u00a0<\/td><td>\u00a0<\/td><\/tr><\/tbody><\/table>\t\t\t\t\t\t\t\t<\/div>\n\t\t\t\t<\/div>\n\t\t\t\t\t<\/div>\n\t\t\t\t<\/div>\n\t\t\t\t<\/div>","protected":false},"excerpt":{"rendered":"<p>This series consists of 15 models varying from 42:1 to 3525:1 in terms of gear ratio and from 720NM to<\/p>","protected":false},"featured_media":16723,"comment_status":"open","ping_status":"closed","template":"","meta":[],"product_brand":[],"product_cat":[105],"product_tag":[],"class_list":{"0":"post-16617","1":"product","2":"type-product","3":"status-publish","4":"has-post-thumbnail","6":"product_cat-quarter-turn-gearboxes","8":"first","9":"instock","10":"shipping-taxable","11":"product-type-simple"},"yoast_head":"<!-- This site is optimized with the Yoast SEO plugin v27.4 - https:\/\/yoast.com\/product\/yoast-seo-wordpress\/ -->\n<title>S008 Series 1\/4 Turn Gearbox - sne-gears.com<\/title>\n<meta name=\"robots\" content=\"index, follow, max-snippet:-1, max-image-preview:large, max-video-preview:-1\" \/>\n<link rel=\"canonical\" href=\"https:\/\/sne-gears.com\/fr\/produit\/s008-series-1-4-turn-gearbox\/\" \/>\n<meta property=\"og:locale\" content=\"fr_FR\" \/>\n<meta property=\"og:type\" content=\"article\" \/>\n<meta property=\"og:title\" content=\"S008 Series 1\/4 Turn Gearbox - sne-gears.com\" \/>\n<meta property=\"og:description\" content=\"This series consists of 15 models varying from 42:1 to 3525:1 in terms of gear ratio and from 720NM to\" \/>\n<meta property=\"og:url\" content=\"https:\/\/sne-gears.com\/fr\/produit\/s008-series-1-4-turn-gearbox\/\" \/>\n<meta property=\"og:site_name\" content=\"sne-gears.com\" \/>\n<meta property=\"article:modified_time\" content=\"2024-08-15T02:10:51+00:00\" \/>\n<meta property=\"og:image\" content=\"https:\/\/sne-gears.com\/wp-content\/uploads\/2024\/07\/1721965395149.png\" \/>\n\t<meta property=\"og:image:width\" content=\"1063\" \/>\n\t<meta property=\"og:image:height\" content=\"694\" \/>\n\t<meta property=\"og:image:type\" content=\"image\/png\" \/>\n<meta name=\"twitter:card\" content=\"summary_large_image\" \/>\n<meta name=\"twitter:label1\" content=\"Dur\u00e9e de lecture estim\u00e9e\" \/>\n\t<meta name=\"twitter:data1\" content=\"3 minutes\" \/>\n<script type=\"application\/ld+json\" class=\"yoast-schema-graph\">{\"@context\":\"https:\\\/\\\/schema.org\",\"@graph\":[{\"@type\":\"WebPage\",\"@id\":\"https:\\\/\\\/sne-gears.com\\\/product\\\/s008-series-1-4-turn-gearbox\\\/\",\"url\":\"https:\\\/\\\/sne-gears.com\\\/product\\\/s008-series-1-4-turn-gearbox\\\/\",\"name\":\"S008 Series 1\\\/4 Turn Gearbox - sne-gears.com\",\"isPartOf\":{\"@id\":\"https:\\\/\\\/sne-gears.com\\\/#website\"},\"primaryImageOfPage\":{\"@id\":\"https:\\\/\\\/sne-gears.com\\\/product\\\/s008-series-1-4-turn-gearbox\\\/#primaryimage\"},\"image\":{\"@id\":\"https:\\\/\\\/sne-gears.com\\\/product\\\/s008-series-1-4-turn-gearbox\\\/#primaryimage\"},\"thumbnailUrl\":\"https:\\\/\\\/sne-gears.com\\\/wp-content\\\/uploads\\\/2024\\\/07\\\/1721965395149.png\",\"datePublished\":\"2024-07-24T02:28:53+00:00\",\"dateModified\":\"2024-08-15T02:10:51+00:00\",\"breadcrumb\":{\"@id\":\"https:\\\/\\\/sne-gears.com\\\/product\\\/s008-series-1-4-turn-gearbox\\\/#breadcrumb\"},\"inLanguage\":\"fr-FR\",\"potentialAction\":[{\"@type\":\"ReadAction\",\"target\":[\"https:\\\/\\\/sne-gears.com\\\/product\\\/s008-series-1-4-turn-gearbox\\\/\"]}]},{\"@type\":\"ImageObject\",\"inLanguage\":\"fr-FR\",\"@id\":\"https:\\\/\\\/sne-gears.com\\\/product\\\/s008-series-1-4-turn-gearbox\\\/#primaryimage\",\"url\":\"https:\\\/\\\/sne-gears.com\\\/wp-content\\\/uploads\\\/2024\\\/07\\\/1721965395149.png\",\"contentUrl\":\"https:\\\/\\\/sne-gears.com\\\/wp-content\\\/uploads\\\/2024\\\/07\\\/1721965395149.png\",\"width\":1063,\"height\":694},{\"@type\":\"BreadcrumbList\",\"@id\":\"https:\\\/\\\/sne-gears.com\\\/product\\\/s008-series-1-4-turn-gearbox\\\/#breadcrumb\",\"itemListElement\":[{\"@type\":\"ListItem\",\"position\":1,\"name\":\"Home\",\"item\":\"https:\\\/\\\/sne-gears.com\\\/\"},{\"@type\":\"ListItem\",\"position\":2,\"name\":\"Shop\",\"item\":\"https:\\\/\\\/sne-gears.com\\\/shop\\\/\"},{\"@type\":\"ListItem\",\"position\":3,\"name\":\"S008 Series 1\\\/4 Turn Gearbox\"}]},{\"@type\":\"WebSite\",\"@id\":\"https:\\\/\\\/sne-gears.com\\\/#website\",\"url\":\"https:\\\/\\\/sne-gears.com\\\/\",\"name\":\"sne-gears.com\",\"description\":\"\",\"potentialAction\":[{\"@type\":\"SearchAction\",\"target\":{\"@type\":\"EntryPoint\",\"urlTemplate\":\"https:\\\/\\\/sne-gears.com\\\/?s={search_term_string}\"},\"query-input\":{\"@type\":\"PropertyValueSpecification\",\"valueRequired\":true,\"valueName\":\"search_term_string\"}}],\"inLanguage\":\"fr-FR\"}]}<\/script>\n<!-- \/ Yoast SEO plugin. -->","yoast_head_json":{"title":"S008 Series 1\/4 Turn Gearbox - sne-gears.com","robots":{"index":"index","follow":"follow","max-snippet":"max-snippet:-1","max-image-preview":"max-image-preview:large","max-video-preview":"max-video-preview:-1"},"canonical":"https:\/\/sne-gears.com\/fr\/produit\/s008-series-1-4-turn-gearbox\/","og_locale":"fr_FR","og_type":"article","og_title":"S008 Series 1\/4 Turn Gearbox - sne-gears.com","og_description":"This series consists of 15 models varying from 42:1 to 3525:1 in terms of gear ratio and from 720NM to","og_url":"https:\/\/sne-gears.com\/fr\/produit\/s008-series-1-4-turn-gearbox\/","og_site_name":"sne-gears.com","article_modified_time":"2024-08-15T02:10:51+00:00","og_image":[{"width":1063,"height":694,"url":"https:\/\/sne-gears.com\/wp-content\/uploads\/2024\/07\/1721965395149.png","type":"image\/png"}],"twitter_card":"summary_large_image","twitter_misc":{"Dur\u00e9e de lecture estim\u00e9e":"3 minutes"},"schema":{"@context":"https:\/\/schema.org","@graph":[{"@type":"WebPage","@id":"https:\/\/sne-gears.com\/product\/s008-series-1-4-turn-gearbox\/","url":"https:\/\/sne-gears.com\/product\/s008-series-1-4-turn-gearbox\/","name":"S008 Series 1\/4 Turn Gearbox - sne-gears.com","isPartOf":{"@id":"https:\/\/sne-gears.com\/#website"},"primaryImageOfPage":{"@id":"https:\/\/sne-gears.com\/product\/s008-series-1-4-turn-gearbox\/#primaryimage"},"image":{"@id":"https:\/\/sne-gears.com\/product\/s008-series-1-4-turn-gearbox\/#primaryimage"},"thumbnailUrl":"https:\/\/sne-gears.com\/wp-content\/uploads\/2024\/07\/1721965395149.png","datePublished":"2024-07-24T02:28:53+00:00","dateModified":"2024-08-15T02:10:51+00:00","breadcrumb":{"@id":"https:\/\/sne-gears.com\/product\/s008-series-1-4-turn-gearbox\/#breadcrumb"},"inLanguage":"fr-FR","potentialAction":[{"@type":"ReadAction","target":["https:\/\/sne-gears.com\/product\/s008-series-1-4-turn-gearbox\/"]}]},{"@type":"ImageObject","inLanguage":"fr-FR","@id":"https:\/\/sne-gears.com\/product\/s008-series-1-4-turn-gearbox\/#primaryimage","url":"https:\/\/sne-gears.com\/wp-content\/uploads\/2024\/07\/1721965395149.png","contentUrl":"https:\/\/sne-gears.com\/wp-content\/uploads\/2024\/07\/1721965395149.png","width":1063,"height":694},{"@type":"BreadcrumbList","@id":"https:\/\/sne-gears.com\/product\/s008-series-1-4-turn-gearbox\/#breadcrumb","itemListElement":[{"@type":"ListItem","position":1,"name":"Home","item":"https:\/\/sne-gears.com\/"},{"@type":"ListItem","position":2,"name":"Shop","item":"https:\/\/sne-gears.com\/shop\/"},{"@type":"ListItem","position":3,"name":"S008 Series 1\/4 Turn Gearbox"}]},{"@type":"WebSite","@id":"https:\/\/sne-gears.com\/#website","url":"https:\/\/sne-gears.com\/","name":"sne-gears.com","description":"","potentialAction":[{"@type":"SearchAction","target":{"@type":"EntryPoint","urlTemplate":"https:\/\/sne-gears.com\/?s={search_term_string}"},"query-input":{"@type":"PropertyValueSpecification","valueRequired":true,"valueName":"search_term_string"}}],"inLanguage":"fr-FR"}]}},"_links":{"self":[{"href":"https:\/\/sne-gears.com\/fr\/wp-json\/wp\/v2\/product\/16617","targetHints":{"allow":["GET"]}}],"collection":[{"href":"https:\/\/sne-gears.com\/fr\/wp-json\/wp\/v2\/product"}],"about":[{"href":"https:\/\/sne-gears.com\/fr\/wp-json\/wp\/v2\/types\/product"}],"replies":[{"embeddable":true,"href":"https:\/\/sne-gears.com\/fr\/wp-json\/wp\/v2\/comments?post=16617"}],"version-history":[{"count":51,"href":"https:\/\/sne-gears.com\/fr\/wp-json\/wp\/v2\/product\/16617\/revisions"}],"predecessor-version":[{"id":18019,"href":"https:\/\/sne-gears.com\/fr\/wp-json\/wp\/v2\/product\/16617\/revisions\/18019"}],"wp:featuredmedia":[{"embeddable":true,"href":"https:\/\/sne-gears.com\/fr\/wp-json\/wp\/v2\/media\/16723"}],"wp:attachment":[{"href":"https:\/\/sne-gears.com\/fr\/wp-json\/wp\/v2\/media?parent=16617"}],"wp:term":[{"taxonomy":"product_brand","embeddable":true,"href":"https:\/\/sne-gears.com\/fr\/wp-json\/wp\/v2\/product_brand?post=16617"},{"taxonomy":"product_cat","embeddable":true,"href":"https:\/\/sne-gears.com\/fr\/wp-json\/wp\/v2\/product_cat?post=16617"},{"taxonomy":"product_tag","embeddable":true,"href":"https:\/\/sne-gears.com\/fr\/wp-json\/wp\/v2\/product_tag?post=16617"}],"curies":[{"name":"wp","href":"https:\/\/api.w.org\/{rel}","templated":true}]}}