{"id":16652,"date":"2024-07-25T03:48:05","date_gmt":"2024-07-25T03:48:05","guid":{"rendered":"https:\/\/sne-gears.com\/?post_type=product&#038;p=16652"},"modified":"2024-08-10T15:07:28","modified_gmt":"2024-08-10T15:07:28","slug":"ba-000-bevel-gear-muti-turn-gearbox","status":"publish","type":"product","link":"https:\/\/sne-gears.com\/fr\/produit\/ba-000-bevel-gear-muti-turn-gearbox\/","title":{"rendered":"BA-000 R\u00e9ducteur multitour \u00e0 engrenages coniques"},"content":{"rendered":"<div data-elementor-type=\"wp-post\" data-elementor-id=\"16652\" class=\"elementor elementor-16652\">\n\t\t\t\t<div class=\"elementor-element elementor-element-f2c694e e-flex e-con-boxed e-con e-parent\" data-id=\"f2c694e\" data-element_type=\"container\" data-e-type=\"container\">\n\t\t\t\t\t<div class=\"e-con-inner\">\n\t\t\t\t<div class=\"elementor-element elementor-element-1a3e92a color-scheme-inherit text-left elementor-widget elementor-widget-text-editor\" data-id=\"1a3e92a\" data-element_type=\"widget\" data-e-type=\"widget\" data-widget_type=\"text-editor.default\">\n\t\t\t\t<div class=\"elementor-widget-container\">\n\t\t\t\t\t\t\t\t\t<p>Nous fabriquons une large gamme de r\u00e9ducteurs multitours \u00e0 engrenages coniques\/droits qui peuvent \u00eatre utilis\u00e9s pour les robinets \u00e0 bille, les robinets-vannes, etc.<br \/>Le couple de sortie va jusqu'\u00e0 66 100 Nm et la pouss\u00e9e jusqu'\u00e0 6 350 kN.<br \/>Diff\u00e9rentes tailles et rapports de 1:1 \u00e0 560:1 sont disponibles, tels que IP68, nucl\u00e9aire, des extensions flexibles et des volants cadenassables sont \u00e9galement disponibles pour votre choix.<br \/>Ductile, SS316 Mat\u00e9riau disponible<br \/>Fonctionnement manuel ou \u00e9lectrique de l'actionneur disponible<\/p><p>La transmission par engrenage conique \u00e0 arc de type BA se caract\u00e9rise par un frottement r\u00e9duit, une faible voix, une force de couple \u00e9lev\u00e9e, une grande efficacit\u00e9 et une dur\u00e9e de vie am\u00e9lior\u00e9e.<br \/>Outre les caract\u00e9ristiques de confort au toucher, de facilit\u00e9 d'ouverture, de structure raisonnable et de performance sensible, ce produit est \u00e9quip\u00e9 d'\u00e9crous en cuivre et d'\u00e9crous D2 \u00e0 haute teneur en nickel, ce qui permet d'\u00e9conomiser des vis et des roulements pour chaque produit de vanne et facilite l'installation.<br \/>Il est principalement \u00e9quip\u00e9 de robinets-vannes, de robinets \u00e0 soupape, de robinets-vannes \u00e0 guillotine et de vannes de d\u00e9charge.<\/p>\t\t\t\t\t\t\t\t<\/div>\n\t\t\t\t<\/div>\n\t\t\t\t\t<\/div>\n\t\t\t\t<\/div>\n\t\t<div class=\"elementor-element elementor-element-6a1474a e-flex e-con-boxed e-con e-parent\" data-id=\"6a1474a\" data-element_type=\"container\" data-e-type=\"container\">\n\t\t\t\t\t<div class=\"e-con-inner\">\n\t\t\t\t<div class=\"elementor-element elementor-element-11abdeb elementor-widget elementor-widget-image\" data-id=\"11abdeb\" data-element_type=\"widget\" data-e-type=\"widget\" data-widget_type=\"image.default\">\n\t\t\t\t<div class=\"elementor-widget-container\">\n\t\t\t\t\t\t\t\t\t\t\t\t\t\t\t<img fetchpriority=\"high\" decoding=\"async\" width=\"1284\" height=\"496\" src=\"data:image\/gif;base64,R0lGODlhAQABAIAAAAAAAP\/\/\/yH5BAEAAAAALAAAAAABAAEAAAIBRAA7\" data-src=\"https:\/\/sne-gears.com\/wp-content\/uploads\/2024\/07\/ac.jpg\" class=\"attachment-large size-large wp-image-17581 lazyload\" alt=\"\" data-srcset=\"https:\/\/sne-gears.com\/wp-content\/uploads\/2024\/07\/ac.jpg 1284w, https:\/\/sne-gears.com\/wp-content\/uploads\/2024\/07\/ac-400x155.jpg 400w, https:\/\/sne-gears.com\/wp-content\/uploads\/2024\/07\/ac-768x297.jpg 768w, https:\/\/sne-gears.com\/wp-content\/uploads\/2024\/07\/ac-18x7.jpg 18w, https:\/\/sne-gears.com\/wp-content\/uploads\/2024\/07\/ac-430x166.jpg 430w, https:\/\/sne-gears.com\/wp-content\/uploads\/2024\/07\/ac-700x270.jpg 700w, https:\/\/sne-gears.com\/wp-content\/uploads\/2024\/07\/ac-150x58.jpg 150w\" sizes=\"(max-width: 1284px) 100vw, 1284px\" \/><noscript><img decoding=\"async\" width=\"1284\" height=\"496\" src=\"https:\/\/sne-gears.com\/wp-content\/uploads\/2024\/07\/ac.jpg\" class=\"attachment-large size-large wp-image-17581 lazyload\" alt=\"\" srcset=\"https:\/\/sne-gears.com\/wp-content\/uploads\/2024\/07\/ac.jpg 1284w, https:\/\/sne-gears.com\/wp-content\/uploads\/2024\/07\/ac-400x155.jpg 400w, https:\/\/sne-gears.com\/wp-content\/uploads\/2024\/07\/ac-768x297.jpg 768w, https:\/\/sne-gears.com\/wp-content\/uploads\/2024\/07\/ac-18x7.jpg 18w, https:\/\/sne-gears.com\/wp-content\/uploads\/2024\/07\/ac-430x166.jpg 430w, https:\/\/sne-gears.com\/wp-content\/uploads\/2024\/07\/ac-700x270.jpg 700w, https:\/\/sne-gears.com\/wp-content\/uploads\/2024\/07\/ac-150x58.jpg 150w\" sizes=\"(max-width: 1284px) 100vw, 1284px\" \/><\/noscript>\t\t\t\t\t\t\t\t\t\t\t\t\t\t\t<\/div>\n\t\t\t\t<\/div>\n\t\t\t\t\t<\/div>\n\t\t\t\t<\/div>\n\t\t<div class=\"elementor-element elementor-element-50a8c689 e-flex e-con-boxed e-con e-parent\" data-id=\"50a8c689\" data-element_type=\"container\" data-e-type=\"container\">\n\t\t\t\t\t<div class=\"e-con-inner\">\n\t\t\t\t<div class=\"elementor-element elementor-element-29dfb42c color-scheme-inherit text-left elementor-widget elementor-widget-text-editor\" data-id=\"29dfb42c\" data-element_type=\"widget\" data-e-type=\"widget\" data-widget_type=\"text-editor.default\">\n\t\t\t\t<div class=\"elementor-widget-container\">\n\t\t\t\t\t\t\t\t\t<table width=\"764\"><tbody><tr><td width=\"157\">Mod\u00e8le<\/td><td width=\"86\">BA-000<\/td><td width=\"86\">BA-00<\/td><td width=\"86\">BA-0<\/td><td width=\"86\">BA-1<\/td><td width=\"86\">BA-2<\/td><td width=\"86\">BA-3<\/td><td width=\"86\">BAA-3<\/td><\/tr><tr><td colspan=\"8\">Param\u00e8tres techniques<\/td><\/tr><tr><td>Ratio<\/td><td>2.35:1<\/td><td>2.6:1<\/td><td>3:1<\/td><td>4.1:1<\/td><td>5.2:1<\/td><td>6.3:1<\/td><td>18:1<\/td><\/tr><tr><td>Couple maximal Nm<\/td><td>360<\/td><td>480<\/td><td>735<\/td><td>1470<\/td><td>2940<\/td><td>4000<\/td><td>6000<\/td><\/tr><tr><td>Pouss\u00e9e maximale N<\/td><td>43000<\/td><td>64000<\/td><td>98000<\/td><td>196000<\/td><td>340000<\/td><td>490000<\/td><td>630000<\/td><\/tr><tr><td>Diam\u00e8tre maximal de la tige mm<\/td><td rowspan=\"2\">28<\/td><td rowspan=\"2\">32<\/td><td rowspan=\"2\">38<\/td><td rowspan=\"2\">52<\/td><td rowspan=\"2\">70<\/td><td rowspan=\"2\">90<\/td><td rowspan=\"2\">115<\/td><\/tr><tr><td>\u00c9crou de tonnelier<\/td><\/tr><tr><td>Vanne \u00e0 guillotine DN<\/td><td>50<\/td><td>80-100<\/td><td>150-200<\/td><td>250-400<\/td><td>450-700<\/td><td>800-1000<\/td><td>1200<\/td><\/tr><tr><td>Clapet anti-retour DN<\/td><td>50<\/td><td>80<\/td><td>100-150<\/td><td>200-250<\/td><td>300-350<\/td><td>400-500<\/td><td>550-650<\/td><\/tr><tr><td colspan=\"8\">Taille de la connexion<\/td><\/tr><tr><td>Bride ext\u00e9rieure D<\/td><td>155<\/td><td>180<\/td><td>210<\/td><td>285<\/td><td>340<\/td><td>410<\/td><td>420<\/td><\/tr><tr><td>\u00a0PCD D0<\/td><td>125<\/td><td>140<\/td><td>165<\/td><td>254<\/td><td>298<\/td><td>356<\/td><td>356<\/td><\/tr><tr><td>Conve D1xh<\/td><td>85&#215;4<\/td><td>100&#215;5<\/td><td>130&#215;5<\/td><td>200&#215;5<\/td><td>230&#215;5<\/td><td>260&#215;5<\/td><td>260&#215;5<\/td><\/tr><tr><td>Boulon N-M<\/td><td>4-M12<\/td><td>4-M16<\/td><td>4-M20<\/td><td>8-M16<\/td><td>8-M20<\/td><td>8-M30<\/td><td>8-M30<\/td><\/tr><tr><td>H<\/td><td>55<\/td><td>60<\/td><td>75<\/td><td>85<\/td><td>110<\/td><td>145<\/td><td>175<\/td><\/tr><tr><td>H1<\/td><td>0<\/td><td>0<\/td><td>0<\/td><td>0<\/td><td>0<\/td><td>15<\/td><td>20<\/td><\/tr><tr><td>Diam\u00e8tre du volant<\/td><td>250<\/td><td>310<\/td><td>310<\/td><td>460<\/td><td>530<\/td><td>600<\/td><td>600<\/td><\/tr><tr><td colspan=\"8\">Apparence Taille<\/td><\/tr><tr><td>B<\/td><td>150<\/td><td>150<\/td><td>170<\/td><td>233<\/td><td>306<\/td><td>370<\/td><td>395<\/td><\/tr><tr><td>H2<\/td><td>80<\/td><td>80<\/td><td>85<\/td><td>97<\/td><td>142<\/td><td>160<\/td><td>178<\/td><\/tr><tr><td>H3<\/td><td>125<\/td><td>125<\/td><td>155<\/td><td>175<\/td><td>210<\/td><td>280<\/td><td>290<\/td><\/tr><tr><td>L<\/td><td>40<\/td><td>75<\/td><td>92<\/td><td>107<\/td><td>107<\/td><td>118<\/td><td>118<\/td><\/tr><tr><td>L1<\/td><td>25<\/td><td>40<\/td><td>55<\/td><td>55<\/td><td>55<\/td><td>60<\/td><td>60<\/td><\/tr><tr><td>d2<\/td><td>26<\/td><td>28<\/td><td>28<\/td><td>32<\/td><td>32<\/td><td>38<\/td><td>38<\/td><\/tr><tr><td>b<\/td><td>8<\/td><td>8<\/td><td>8<\/td><td>10<\/td><td>10<\/td><td>10<\/td><td>10<\/td><\/tr><tr><td>k<\/td><td>155<\/td><td>180<\/td><td>210<\/td><td>285<\/td><td>390<\/td><td>410<\/td><td>510<\/td><\/tr><tr><td>Poids Kg<\/td><td>15<\/td><td>19<\/td><td>28<\/td><td>54<\/td><td>110<\/td><td>198<\/td><td>320<\/td><\/tr><\/tbody><\/table>\t\t\t\t\t\t\t\t<\/div>\n\t\t\t\t<\/div>\n\t\t\t\t\t<\/div>\n\t\t\t\t<\/div>\n\t\t\t\t<\/div>","protected":false},"excerpt":{"rendered":"<p>We are manufacturing a wide range of multi-turn bevel\/spur gearboxes which can be used for ball valves, gate valves etc.The<\/p>","protected":false},"featured_media":16653,"comment_status":"open","ping_status":"closed","template":"","meta":[],"product_brand":[],"product_cat":[106],"product_tag":[],"class_list":{"0":"post-16652","1":"product","2":"type-product","3":"status-publish","4":"has-post-thumbnail","6":"product_cat-multi-turn-rotory-gearboxes","8":"first","9":"instock","10":"shipping-taxable","11":"product-type-simple"},"yoast_head":"<!-- This site is optimized with the Yoast SEO plugin v27.4 - https:\/\/yoast.com\/product\/yoast-seo-wordpress\/ -->\n<title>BA-000 Bevel Gear Muti-Turn Gearbox - sne-gears.com<\/title>\n<meta name=\"robots\" content=\"index, follow, max-snippet:-1, max-image-preview:large, max-video-preview:-1\" \/>\n<link rel=\"canonical\" href=\"https:\/\/sne-gears.com\/fr\/produit\/ba-000-bevel-gear-muti-turn-gearbox\/\" \/>\n<meta property=\"og:locale\" content=\"fr_FR\" \/>\n<meta property=\"og:type\" content=\"article\" \/>\n<meta property=\"og:title\" content=\"BA-000 Bevel Gear Muti-Turn Gearbox - sne-gears.com\" \/>\n<meta property=\"og:description\" content=\"We are manufacturing a wide range of multi-turn bevel\/spur gearboxes which can be used for ball valves, gate valves etc.The\" \/>\n<meta property=\"og:url\" content=\"https:\/\/sne-gears.com\/fr\/produit\/ba-000-bevel-gear-muti-turn-gearbox\/\" \/>\n<meta property=\"og:site_name\" content=\"sne-gears.com\" \/>\n<meta property=\"article:modified_time\" content=\"2024-08-10T15:07:28+00:00\" \/>\n<meta property=\"og:image\" content=\"https:\/\/sne-gears.com\/wp-content\/uploads\/2024\/07\/BA-000-\u56fe\u7247.jpg.png\" \/>\n\t<meta property=\"og:image:width\" content=\"500\" \/>\n\t<meta property=\"og:image:height\" content=\"500\" \/>\n\t<meta property=\"og:image:type\" content=\"image\/png\" \/>\n<meta name=\"twitter:card\" content=\"summary_large_image\" \/>\n<meta name=\"twitter:label1\" content=\"Dur\u00e9e de lecture estim\u00e9e\" \/>\n\t<meta name=\"twitter:data1\" content=\"2 minutes\" \/>\n<script type=\"application\/ld+json\" class=\"yoast-schema-graph\">{\"@context\":\"https:\\\/\\\/schema.org\",\"@graph\":[{\"@type\":\"WebPage\",\"@id\":\"https:\\\/\\\/sne-gears.com\\\/product\\\/ba-000-bevel-gear-muti-turn-gearbox\\\/\",\"url\":\"https:\\\/\\\/sne-gears.com\\\/product\\\/ba-000-bevel-gear-muti-turn-gearbox\\\/\",\"name\":\"BA-000 Bevel Gear Muti-Turn Gearbox - sne-gears.com\",\"isPartOf\":{\"@id\":\"https:\\\/\\\/sne-gears.com\\\/#website\"},\"primaryImageOfPage\":{\"@id\":\"https:\\\/\\\/sne-gears.com\\\/product\\\/ba-000-bevel-gear-muti-turn-gearbox\\\/#primaryimage\"},\"image\":{\"@id\":\"https:\\\/\\\/sne-gears.com\\\/product\\\/ba-000-bevel-gear-muti-turn-gearbox\\\/#primaryimage\"},\"thumbnailUrl\":\"https:\\\/\\\/sne-gears.com\\\/wp-content\\\/uploads\\\/2024\\\/07\\\/BA-000-\u56fe\u7247.jpg.png\",\"datePublished\":\"2024-07-25T03:48:05+00:00\",\"dateModified\":\"2024-08-10T15:07:28+00:00\",\"breadcrumb\":{\"@id\":\"https:\\\/\\\/sne-gears.com\\\/product\\\/ba-000-bevel-gear-muti-turn-gearbox\\\/#breadcrumb\"},\"inLanguage\":\"fr-FR\",\"potentialAction\":[{\"@type\":\"ReadAction\",\"target\":[\"https:\\\/\\\/sne-gears.com\\\/product\\\/ba-000-bevel-gear-muti-turn-gearbox\\\/\"]}]},{\"@type\":\"ImageObject\",\"inLanguage\":\"fr-FR\",\"@id\":\"https:\\\/\\\/sne-gears.com\\\/product\\\/ba-000-bevel-gear-muti-turn-gearbox\\\/#primaryimage\",\"url\":\"https:\\\/\\\/sne-gears.com\\\/wp-content\\\/uploads\\\/2024\\\/07\\\/BA-000-\u56fe\u7247.jpg.png\",\"contentUrl\":\"https:\\\/\\\/sne-gears.com\\\/wp-content\\\/uploads\\\/2024\\\/07\\\/BA-000-\u56fe\u7247.jpg.png\",\"width\":500,\"height\":500},{\"@type\":\"BreadcrumbList\",\"@id\":\"https:\\\/\\\/sne-gears.com\\\/product\\\/ba-000-bevel-gear-muti-turn-gearbox\\\/#breadcrumb\",\"itemListElement\":[{\"@type\":\"ListItem\",\"position\":1,\"name\":\"Home\",\"item\":\"https:\\\/\\\/sne-gears.com\\\/\"},{\"@type\":\"ListItem\",\"position\":2,\"name\":\"Shop\",\"item\":\"https:\\\/\\\/sne-gears.com\\\/shop\\\/\"},{\"@type\":\"ListItem\",\"position\":3,\"name\":\"BA-000 Bevel Gear Muti-Turn Gearbox\"}]},{\"@type\":\"WebSite\",\"@id\":\"https:\\\/\\\/sne-gears.com\\\/#website\",\"url\":\"https:\\\/\\\/sne-gears.com\\\/\",\"name\":\"sne-gears.com\",\"description\":\"\",\"potentialAction\":[{\"@type\":\"SearchAction\",\"target\":{\"@type\":\"EntryPoint\",\"urlTemplate\":\"https:\\\/\\\/sne-gears.com\\\/?s={search_term_string}\"},\"query-input\":{\"@type\":\"PropertyValueSpecification\",\"valueRequired\":true,\"valueName\":\"search_term_string\"}}],\"inLanguage\":\"fr-FR\"}]}<\/script>\n<!-- \/ Yoast SEO plugin. -->","yoast_head_json":{"title":"BA-000 Bevel Gear Muti-Turn Gearbox - sne-gears.com","robots":{"index":"index","follow":"follow","max-snippet":"max-snippet:-1","max-image-preview":"max-image-preview:large","max-video-preview":"max-video-preview:-1"},"canonical":"https:\/\/sne-gears.com\/fr\/produit\/ba-000-bevel-gear-muti-turn-gearbox\/","og_locale":"fr_FR","og_type":"article","og_title":"BA-000 Bevel Gear Muti-Turn Gearbox - sne-gears.com","og_description":"We are manufacturing a wide range of multi-turn bevel\/spur gearboxes which can be used for ball valves, gate valves etc.The","og_url":"https:\/\/sne-gears.com\/fr\/produit\/ba-000-bevel-gear-muti-turn-gearbox\/","og_site_name":"sne-gears.com","article_modified_time":"2024-08-10T15:07:28+00:00","og_image":[{"width":500,"height":500,"url":"https:\/\/sne-gears.com\/wp-content\/uploads\/2024\/07\/BA-000-\u56fe\u7247.jpg.png","type":"image\/png"}],"twitter_card":"summary_large_image","twitter_misc":{"Dur\u00e9e de lecture estim\u00e9e":"2 minutes"},"schema":{"@context":"https:\/\/schema.org","@graph":[{"@type":"WebPage","@id":"https:\/\/sne-gears.com\/product\/ba-000-bevel-gear-muti-turn-gearbox\/","url":"https:\/\/sne-gears.com\/product\/ba-000-bevel-gear-muti-turn-gearbox\/","name":"BA-000 Bevel Gear Muti-Turn Gearbox - sne-gears.com","isPartOf":{"@id":"https:\/\/sne-gears.com\/#website"},"primaryImageOfPage":{"@id":"https:\/\/sne-gears.com\/product\/ba-000-bevel-gear-muti-turn-gearbox\/#primaryimage"},"image":{"@id":"https:\/\/sne-gears.com\/product\/ba-000-bevel-gear-muti-turn-gearbox\/#primaryimage"},"thumbnailUrl":"https:\/\/sne-gears.com\/wp-content\/uploads\/2024\/07\/BA-000-\u56fe\u7247.jpg.png","datePublished":"2024-07-25T03:48:05+00:00","dateModified":"2024-08-10T15:07:28+00:00","breadcrumb":{"@id":"https:\/\/sne-gears.com\/product\/ba-000-bevel-gear-muti-turn-gearbox\/#breadcrumb"},"inLanguage":"fr-FR","potentialAction":[{"@type":"ReadAction","target":["https:\/\/sne-gears.com\/product\/ba-000-bevel-gear-muti-turn-gearbox\/"]}]},{"@type":"ImageObject","inLanguage":"fr-FR","@id":"https:\/\/sne-gears.com\/product\/ba-000-bevel-gear-muti-turn-gearbox\/#primaryimage","url":"https:\/\/sne-gears.com\/wp-content\/uploads\/2024\/07\/BA-000-\u56fe\u7247.jpg.png","contentUrl":"https:\/\/sne-gears.com\/wp-content\/uploads\/2024\/07\/BA-000-\u56fe\u7247.jpg.png","width":500,"height":500},{"@type":"BreadcrumbList","@id":"https:\/\/sne-gears.com\/product\/ba-000-bevel-gear-muti-turn-gearbox\/#breadcrumb","itemListElement":[{"@type":"ListItem","position":1,"name":"Home","item":"https:\/\/sne-gears.com\/"},{"@type":"ListItem","position":2,"name":"Shop","item":"https:\/\/sne-gears.com\/shop\/"},{"@type":"ListItem","position":3,"name":"BA-000 Bevel Gear Muti-Turn Gearbox"}]},{"@type":"WebSite","@id":"https:\/\/sne-gears.com\/#website","url":"https:\/\/sne-gears.com\/","name":"sne-gears.com","description":"","potentialAction":[{"@type":"SearchAction","target":{"@type":"EntryPoint","urlTemplate":"https:\/\/sne-gears.com\/?s={search_term_string}"},"query-input":{"@type":"PropertyValueSpecification","valueRequired":true,"valueName":"search_term_string"}}],"inLanguage":"fr-FR"}]}},"_links":{"self":[{"href":"https:\/\/sne-gears.com\/fr\/wp-json\/wp\/v2\/product\/16652","targetHints":{"allow":["GET"]}}],"collection":[{"href":"https:\/\/sne-gears.com\/fr\/wp-json\/wp\/v2\/product"}],"about":[{"href":"https:\/\/sne-gears.com\/fr\/wp-json\/wp\/v2\/types\/product"}],"replies":[{"embeddable":true,"href":"https:\/\/sne-gears.com\/fr\/wp-json\/wp\/v2\/comments?post=16652"}],"version-history":[{"count":11,"href":"https:\/\/sne-gears.com\/fr\/wp-json\/wp\/v2\/product\/16652\/revisions"}],"predecessor-version":[{"id":17593,"href":"https:\/\/sne-gears.com\/fr\/wp-json\/wp\/v2\/product\/16652\/revisions\/17593"}],"wp:featuredmedia":[{"embeddable":true,"href":"https:\/\/sne-gears.com\/fr\/wp-json\/wp\/v2\/media\/16653"}],"wp:attachment":[{"href":"https:\/\/sne-gears.com\/fr\/wp-json\/wp\/v2\/media?parent=16652"}],"wp:term":[{"taxonomy":"product_brand","embeddable":true,"href":"https:\/\/sne-gears.com\/fr\/wp-json\/wp\/v2\/product_brand?post=16652"},{"taxonomy":"product_cat","embeddable":true,"href":"https:\/\/sne-gears.com\/fr\/wp-json\/wp\/v2\/product_cat?post=16652"},{"taxonomy":"product_tag","embeddable":true,"href":"https:\/\/sne-gears.com\/fr\/wp-json\/wp\/v2\/product_tag?post=16652"}],"curies":[{"name":"wp","href":"https:\/\/api.w.org\/{rel}","templated":true}]}}