{"id":16669,"date":"2024-07-25T04:09:34","date_gmt":"2024-07-25T04:09:34","guid":{"rendered":"https:\/\/sne-gears.com\/?post_type=product&#038;p=16669"},"modified":"2025-05-21T02:54:33","modified_gmt":"2025-05-21T02:54:33","slug":"sb-series-bevel-gear-muti-turn-gearbox","status":"publish","type":"product","link":"https:\/\/sne-gears.com\/fr\/produit\/sb-series-bevel-gear-muti-turn-gearbox\/","title":{"rendered":"R\u00e9ducteur multitour \u00e0 engrenages coniques de la s\u00e9rie SB"},"content":{"rendered":"<div data-elementor-type=\"wp-post\" data-elementor-id=\"16669\" class=\"elementor elementor-16669\">\n\t\t\t\t<div class=\"elementor-element elementor-element-3f038a1 e-flex e-con-boxed e-con e-parent\" data-id=\"3f038a1\" data-element_type=\"container\" data-e-type=\"container\">\n\t\t\t\t\t<div class=\"e-con-inner\">\n\t\t\t\t<div class=\"elementor-element elementor-element-e4b455d color-scheme-inherit text-left elementor-widget elementor-widget-text-editor\" data-id=\"e4b455d\" data-element_type=\"widget\" data-e-type=\"widget\" data-widget_type=\"text-editor.default\">\n\t\t\t\t<div class=\"elementor-widget-container\">\n\t\t\t\t\t\t\t\t\t<p><strong>Cette s\u00e9rie d'op\u00e9rateurs \u00e0 engrenages est fabriqu\u00e9e en acier moul\u00e9 et le mat\u00e9riau optionnel est le HT. Des \u00e9crous en bronze, D2 et QT sont disponibles pour s'adapter \u00e0 la tige de la vanne. Cette s\u00e9rie convient aux vannes \u00e0 mouvement lin\u00e9aire, y compris les robinets-vannes et les robinets \u00e0 soupape.<\/strong><\/p><p><strong>Le rapport de vitesse \u00e0 un \u00e9tage varie de 2,3:1 \u00e0 8:1 et le couple de 216NM \u00e0 6800NM.<\/strong><\/p><h3>Instructions pour l'installation et l'utilisation<\/h3><p><strong>Connecter la bride inf\u00e9rieure de l'op\u00e9rateur \u00e0 engrenages \u00e0 la bride sup\u00e9rieure de la vanne et faire glisser l'arbre de la vanne dans l'\u00e9crou d'entra\u00eenement. Serrer le boulon de la bride. La vanne peut \u00eatre ferm\u00e9e en tournant le volant dans le sens des aiguilles d'une montre et ouverte en tournant le volant dans le sens inverse des aiguilles d'une montre.<\/strong><\/p>\t\t\t\t\t\t\t\t<\/div>\n\t\t\t\t<\/div>\n\t\t\t\t\t<\/div>\n\t\t\t\t<\/div>\n\t\t<div class=\"elementor-element elementor-element-90c435f e-flex e-con-boxed e-con e-parent\" data-id=\"90c435f\" data-element_type=\"container\" data-e-type=\"container\">\n\t\t\t\t\t<div class=\"e-con-inner\">\n\t\t\t\t<div class=\"elementor-element elementor-element-4f25d9a elementor-widget elementor-widget-image\" data-id=\"4f25d9a\" data-element_type=\"widget\" data-e-type=\"widget\" data-widget_type=\"image.default\">\n\t\t\t\t<div class=\"elementor-widget-container\">\n\t\t\t\t\t\t\t\t\t\t\t\t\t\t\t<img fetchpriority=\"high\" decoding=\"async\" width=\"543\" height=\"771\" src=\"data:image\/gif;base64,R0lGODlhAQABAIAAAAAAAP\/\/\/yH5BAEAAAAALAAAAAABAAEAAAIBRAA7\" data-src=\"https:\/\/sne-gears.com\/wp-content\/uploads\/2024\/07\/1723010669915-1.png\" class=\"attachment-large size-large wp-image-17025 lazyload\" alt=\"\" data-srcset=\"https:\/\/sne-gears.com\/wp-content\/uploads\/2024\/07\/1723010669915-1.png 543w, https:\/\/sne-gears.com\/wp-content\/uploads\/2024\/07\/1723010669915-1-211x300.png 211w, https:\/\/sne-gears.com\/wp-content\/uploads\/2024\/07\/1723010669915-1-8x12.png 8w, https:\/\/sne-gears.com\/wp-content\/uploads\/2024\/07\/1723010669915-1-430x611.png 430w, https:\/\/sne-gears.com\/wp-content\/uploads\/2024\/07\/1723010669915-1-150x213.png 150w\" sizes=\"(max-width: 543px) 100vw, 543px\" \/><noscript><img decoding=\"async\" width=\"543\" height=\"771\" src=\"https:\/\/sne-gears.com\/wp-content\/uploads\/2024\/07\/1723010669915-1.png\" class=\"attachment-large size-large wp-image-17025 lazyload\" alt=\"\" srcset=\"https:\/\/sne-gears.com\/wp-content\/uploads\/2024\/07\/1723010669915-1.png 543w, https:\/\/sne-gears.com\/wp-content\/uploads\/2024\/07\/1723010669915-1-211x300.png 211w, https:\/\/sne-gears.com\/wp-content\/uploads\/2024\/07\/1723010669915-1-8x12.png 8w, https:\/\/sne-gears.com\/wp-content\/uploads\/2024\/07\/1723010669915-1-430x611.png 430w, https:\/\/sne-gears.com\/wp-content\/uploads\/2024\/07\/1723010669915-1-150x213.png 150w\" sizes=\"(max-width: 543px) 100vw, 543px\" \/><\/noscript>\t\t\t\t\t\t\t\t\t\t\t\t\t\t\t<\/div>\n\t\t\t\t<\/div>\n\t\t\t\t\t<\/div>\n\t\t\t\t<\/div>\n\t\t<div class=\"elementor-element elementor-element-2c6c23be e-flex e-con-boxed e-con e-parent\" data-id=\"2c6c23be\" data-element_type=\"container\" data-e-type=\"container\">\n\t\t\t\t\t<div class=\"e-con-inner\">\n\t\t\t\t<div class=\"elementor-element elementor-element-373912fc color-scheme-inherit text-left elementor-widget elementor-widget-text-editor\" data-id=\"373912fc\" data-element_type=\"widget\" data-e-type=\"widget\" data-widget_type=\"text-editor.default\">\n\t\t\t\t<div class=\"elementor-widget-container\">\n\t\t\t\t\t\t\t\t\t<h3>Principaux param\u00e8tres techniques<\/h3><table><thead><tr><th>Mod\u00e8le<\/th><th>Ratio<\/th><th>Pouss\u00e9e nominale (kg)<\/th><th>Max (N)<\/th><th>Couple d'entr\u00e9e (kg-m)<\/th><th>Couple d'entr\u00e9e (N-m)<\/th><th>Couple de sortie (kg-m)<\/th><th>Couple de sortie (N-m)<\/th><th>Mech. Adv (\u00b110%)<\/th><th>Poids (kg)<\/th><\/tr><\/thead><tbody><tr><td>SBS10<\/td><td>2.3:1<\/td><td>7061<\/td><td>69200<\/td><td>11<\/td><td>106<\/td><td>23<\/td><td>220<\/td><td>2.1<\/td><td>12<\/td><\/tr><tr><td>SBS20<\/td><td>2.35:1<\/td><td>11020<\/td><td>108000<\/td><td>18<\/td><td>172<\/td><td>37<\/td><td>365<\/td><td>2.1<\/td><td>15<\/td><\/tr><tr><td>SB-0<\/td><td>2.6:1<\/td><td>11735<\/td><td>115000<\/td><td>26<\/td><td>252<\/td><td>60<\/td><td>590<\/td><td>2.4<\/td><td>20<\/td><\/tr><tr><td>SB-1<\/td><td>3.6:1<\/td><td>12245<\/td><td>120000<\/td><td>30<\/td><td>290<\/td><td>95<\/td><td>930<\/td><td>3.2<\/td><td>32<\/td><\/tr><tr><td>SB-2<\/td><td>4:1<\/td><td>22000<\/td><td>220000<\/td><td>42<\/td><td>414<\/td><td>152<\/td><td>1490<\/td><td>3.6<\/td><td>40<\/td><\/tr><tr><td>SB-3<\/td><td>4.1:1<\/td><td>26020<\/td><td>255000<\/td><td>55<\/td><td>542<\/td><td>204<\/td><td>2000<\/td><td>3.7<\/td><td>52<\/td><\/tr><tr><td>SB-4<\/td><td>5.2:1<\/td><td>27040<\/td><td>265000<\/td><td>73<\/td><td>717<\/td><td>347<\/td><td>3400<\/td><td>4.7<\/td><td>85<\/td><\/tr><tr><td>SB-5<\/td><td>6.3:1<\/td><td>46122<\/td><td>452000<\/td><td>83<\/td><td>810<\/td><td>470<\/td><td>4600<\/td><td>5.7<\/td><td>245<\/td><\/tr><tr><td>SB-6<\/td><td>7.11:1<\/td><td>83675<\/td><td>820000<\/td><td>99<\/td><td>970<\/td><td>632<\/td><td>6200<\/td><td>6.4<\/td><td>310<\/td><\/tr><\/tbody><\/table><p>Principaux param\u00e8tres techniques<\/p><table><thead><tr><th>Mod\u00e8le<\/th><th>Diam\u00e8tre ext\u00e9rieur de la bride (\u03a6D2)<\/th><th>ISO 5210 \u03a6D1<\/th><th>N-H<\/th><th>H<\/th><th>H1<\/th><th>H2<\/th><th>H3<\/th><th>MAX. TIGE (TW)<\/th><th>MAX. TIGE (CL\u00c9)<\/th><th>L<\/th><th>\u03c6M (diam\u00e8tre de la roue du joueur)<\/th><th>L1<\/th><\/tr><\/thead><tbody><tr><td>SBS10<\/td><td>134 (F10)<\/td><td>70<\/td><td>4-M10<\/td><td>3<\/td><td>43.5<\/td><td>71<\/td><td>115<\/td><td>25<\/td><td>23<\/td><td>120<\/td><td>250 (300)<\/td><td>34<\/td><\/tr><tr><td>SBS20<\/td><td>156 (F12)<\/td><td>85<\/td><td>M12<\/td><td>3.5<\/td><td>57<\/td><td>78<\/td><td>125<\/td><td>32<\/td><td>30<\/td><td>216<\/td><td>300 (400)<\/td><td>34<\/td><\/tr><tr><td>SB-0<\/td><td>172 (F14)<\/td><td>100<\/td><td>M16<\/td><td>3<\/td><td>59.5<\/td><td>79<\/td><td>125<\/td><td>40<\/td><td>35<\/td><td>230<\/td><td>400 (500)<\/td><td>34<\/td><\/tr><tr><td>SB-1<\/td><td>205 (F16)<\/td><td>130<\/td><td>M20<\/td><td>4.5<\/td><td>72<\/td><td>83<\/td><td>130<\/td><td>45<\/td><td>43<\/td><td>256<\/td><td>500<\/td><td>34<\/td><\/tr><tr><td>SB-2<\/td><td>240 (F20)<\/td><td>140<\/td><td>M16<\/td><td>3<\/td><td>82<\/td><td>109<\/td><td>164<\/td><td>48<\/td><td>45<\/td><td>212<\/td><td>630<\/td><td>53<\/td><\/tr><tr><td>SB-3<\/td><td>285 (F25)<\/td><td>200<\/td><td>M16<\/td><td>5<\/td><td>82<\/td><td>102<\/td><td>164<\/td><td>65<\/td><td>60<\/td><td>250<\/td><td>710<\/td><td>53<\/td><\/tr><tr><td>SB-4<\/td><td>348 (F30)<\/td><td>230<\/td><td>M20<\/td><td>4<\/td><td>111<\/td><td>141<\/td><td>220<\/td><td>70<\/td><td>65<\/td><td>304<\/td><td>800<\/td><td>55<\/td><\/tr><tr><td>SB-5<\/td><td>415 (F35)<\/td><td>260<\/td><td>M30<\/td><td>4<\/td><td>163.5<\/td><td>167<\/td><td>274<\/td><td>105<\/td><td>95<\/td><td>356<\/td><td>900<\/td><td>55<\/td><\/tr><tr><td>SB-6<\/td><td>475 (F40)<\/td><td>300<\/td><td>M36<\/td><td>8<\/td><td>186<\/td><td>186<\/td><td>310<\/td><td>120<\/td><td>110<\/td><td>400<\/td><td>900<\/td><td>55<\/td><\/tr><\/tbody><\/table>\t\t\t\t\t\t\t\t<\/div>\n\t\t\t\t<\/div>\n\t\t\t\t\t<\/div>\n\t\t\t\t<\/div>\n\t\t\t\t<\/div>","protected":false},"excerpt":{"rendered":"<p>This gear operator series is made of cast steel and the optional material is HT. Bronze, D2 and QT nuts<\/p>","protected":false},"featured_media":17740,"comment_status":"open","ping_status":"closed","template":"","meta":[],"product_brand":[],"product_cat":[100,106],"product_tag":[],"class_list":{"0":"post-16669","1":"product","2":"type-product","3":"status-publish","4":"has-post-thumbnail","6":"product_cat-gearbox","7":"product_cat-multi-turn-rotory-gearboxes","9":"first","10":"instock","11":"shipping-taxable","12":"product-type-simple"},"yoast_head":"<!-- This site is optimized with the Yoast SEO plugin v27.4 - https:\/\/yoast.com\/product\/yoast-seo-wordpress\/ -->\n<title>SB Series Bevel Gear Muti-Turn Gearbox - sne-gears.com<\/title>\n<meta name=\"robots\" content=\"index, follow, max-snippet:-1, max-image-preview:large, max-video-preview:-1\" \/>\n<link rel=\"canonical\" href=\"https:\/\/sne-gears.com\/fr\/produit\/sb-series-bevel-gear-muti-turn-gearbox\/\" \/>\n<meta property=\"og:locale\" content=\"fr_FR\" \/>\n<meta property=\"og:type\" content=\"article\" \/>\n<meta property=\"og:title\" content=\"SB Series Bevel Gear Muti-Turn Gearbox - sne-gears.com\" \/>\n<meta property=\"og:description\" content=\"This gear operator series is made of cast steel and the optional material is HT. Bronze, D2 and QT nuts\" \/>\n<meta property=\"og:url\" content=\"https:\/\/sne-gears.com\/fr\/produit\/sb-series-bevel-gear-muti-turn-gearbox\/\" \/>\n<meta property=\"og:site_name\" content=\"sne-gears.com\" \/>\n<meta property=\"article:modified_time\" content=\"2025-05-21T02:54:33+00:00\" \/>\n<meta property=\"og:image\" content=\"https:\/\/sne-gears.com\/wp-content\/uploads\/2024\/07\/36-1.jpg\" \/>\n\t<meta property=\"og:image:width\" content=\"711\" \/>\n\t<meta property=\"og:image:height\" content=\"424\" \/>\n\t<meta property=\"og:image:type\" content=\"image\/jpeg\" \/>\n<meta name=\"twitter:card\" content=\"summary_large_image\" \/>\n<meta name=\"twitter:label1\" content=\"Dur\u00e9e de lecture estim\u00e9e\" \/>\n\t<meta name=\"twitter:data1\" content=\"3 minutes\" \/>\n<script type=\"application\/ld+json\" class=\"yoast-schema-graph\">{\"@context\":\"https:\\\/\\\/schema.org\",\"@graph\":[{\"@type\":\"WebPage\",\"@id\":\"https:\\\/\\\/sne-gears.com\\\/product\\\/sb-series-bevel-gear-muti-turn-gearbox\\\/\",\"url\":\"https:\\\/\\\/sne-gears.com\\\/product\\\/sb-series-bevel-gear-muti-turn-gearbox\\\/\",\"name\":\"SB Series Bevel Gear Muti-Turn Gearbox - sne-gears.com\",\"isPartOf\":{\"@id\":\"https:\\\/\\\/sne-gears.com\\\/#website\"},\"primaryImageOfPage\":{\"@id\":\"https:\\\/\\\/sne-gears.com\\\/product\\\/sb-series-bevel-gear-muti-turn-gearbox\\\/#primaryimage\"},\"image\":{\"@id\":\"https:\\\/\\\/sne-gears.com\\\/product\\\/sb-series-bevel-gear-muti-turn-gearbox\\\/#primaryimage\"},\"thumbnailUrl\":\"https:\\\/\\\/sne-gears.com\\\/wp-content\\\/uploads\\\/2024\\\/07\\\/36-1.jpg\",\"datePublished\":\"2024-07-25T04:09:34+00:00\",\"dateModified\":\"2025-05-21T02:54:33+00:00\",\"breadcrumb\":{\"@id\":\"https:\\\/\\\/sne-gears.com\\\/product\\\/sb-series-bevel-gear-muti-turn-gearbox\\\/#breadcrumb\"},\"inLanguage\":\"fr-FR\",\"potentialAction\":[{\"@type\":\"ReadAction\",\"target\":[\"https:\\\/\\\/sne-gears.com\\\/product\\\/sb-series-bevel-gear-muti-turn-gearbox\\\/\"]}]},{\"@type\":\"ImageObject\",\"inLanguage\":\"fr-FR\",\"@id\":\"https:\\\/\\\/sne-gears.com\\\/product\\\/sb-series-bevel-gear-muti-turn-gearbox\\\/#primaryimage\",\"url\":\"https:\\\/\\\/sne-gears.com\\\/wp-content\\\/uploads\\\/2024\\\/07\\\/36-1.jpg\",\"contentUrl\":\"https:\\\/\\\/sne-gears.com\\\/wp-content\\\/uploads\\\/2024\\\/07\\\/36-1.jpg\",\"width\":711,\"height\":424},{\"@type\":\"BreadcrumbList\",\"@id\":\"https:\\\/\\\/sne-gears.com\\\/product\\\/sb-series-bevel-gear-muti-turn-gearbox\\\/#breadcrumb\",\"itemListElement\":[{\"@type\":\"ListItem\",\"position\":1,\"name\":\"Home\",\"item\":\"https:\\\/\\\/sne-gears.com\\\/\"},{\"@type\":\"ListItem\",\"position\":2,\"name\":\"Shop\",\"item\":\"https:\\\/\\\/sne-gears.com\\\/shop\\\/\"},{\"@type\":\"ListItem\",\"position\":3,\"name\":\"SB Series Bevel Gear Muti-Turn Gearbox\"}]},{\"@type\":\"WebSite\",\"@id\":\"https:\\\/\\\/sne-gears.com\\\/#website\",\"url\":\"https:\\\/\\\/sne-gears.com\\\/\",\"name\":\"sne-gears.com\",\"description\":\"\",\"potentialAction\":[{\"@type\":\"SearchAction\",\"target\":{\"@type\":\"EntryPoint\",\"urlTemplate\":\"https:\\\/\\\/sne-gears.com\\\/?s={search_term_string}\"},\"query-input\":{\"@type\":\"PropertyValueSpecification\",\"valueRequired\":true,\"valueName\":\"search_term_string\"}}],\"inLanguage\":\"fr-FR\"}]}<\/script>\n<!-- \/ Yoast SEO plugin. -->","yoast_head_json":{"title":"SB Series Bevel Gear Muti-Turn Gearbox - sne-gears.com","robots":{"index":"index","follow":"follow","max-snippet":"max-snippet:-1","max-image-preview":"max-image-preview:large","max-video-preview":"max-video-preview:-1"},"canonical":"https:\/\/sne-gears.com\/fr\/produit\/sb-series-bevel-gear-muti-turn-gearbox\/","og_locale":"fr_FR","og_type":"article","og_title":"SB Series Bevel Gear Muti-Turn Gearbox - sne-gears.com","og_description":"This gear operator series is made of cast steel and the optional material is HT. Bronze, D2 and QT nuts","og_url":"https:\/\/sne-gears.com\/fr\/produit\/sb-series-bevel-gear-muti-turn-gearbox\/","og_site_name":"sne-gears.com","article_modified_time":"2025-05-21T02:54:33+00:00","og_image":[{"width":711,"height":424,"url":"https:\/\/sne-gears.com\/wp-content\/uploads\/2024\/07\/36-1.jpg","type":"image\/jpeg"}],"twitter_card":"summary_large_image","twitter_misc":{"Dur\u00e9e de lecture estim\u00e9e":"3 minutes"},"schema":{"@context":"https:\/\/schema.org","@graph":[{"@type":"WebPage","@id":"https:\/\/sne-gears.com\/product\/sb-series-bevel-gear-muti-turn-gearbox\/","url":"https:\/\/sne-gears.com\/product\/sb-series-bevel-gear-muti-turn-gearbox\/","name":"SB Series Bevel Gear Muti-Turn Gearbox - sne-gears.com","isPartOf":{"@id":"https:\/\/sne-gears.com\/#website"},"primaryImageOfPage":{"@id":"https:\/\/sne-gears.com\/product\/sb-series-bevel-gear-muti-turn-gearbox\/#primaryimage"},"image":{"@id":"https:\/\/sne-gears.com\/product\/sb-series-bevel-gear-muti-turn-gearbox\/#primaryimage"},"thumbnailUrl":"https:\/\/sne-gears.com\/wp-content\/uploads\/2024\/07\/36-1.jpg","datePublished":"2024-07-25T04:09:34+00:00","dateModified":"2025-05-21T02:54:33+00:00","breadcrumb":{"@id":"https:\/\/sne-gears.com\/product\/sb-series-bevel-gear-muti-turn-gearbox\/#breadcrumb"},"inLanguage":"fr-FR","potentialAction":[{"@type":"ReadAction","target":["https:\/\/sne-gears.com\/product\/sb-series-bevel-gear-muti-turn-gearbox\/"]}]},{"@type":"ImageObject","inLanguage":"fr-FR","@id":"https:\/\/sne-gears.com\/product\/sb-series-bevel-gear-muti-turn-gearbox\/#primaryimage","url":"https:\/\/sne-gears.com\/wp-content\/uploads\/2024\/07\/36-1.jpg","contentUrl":"https:\/\/sne-gears.com\/wp-content\/uploads\/2024\/07\/36-1.jpg","width":711,"height":424},{"@type":"BreadcrumbList","@id":"https:\/\/sne-gears.com\/product\/sb-series-bevel-gear-muti-turn-gearbox\/#breadcrumb","itemListElement":[{"@type":"ListItem","position":1,"name":"Home","item":"https:\/\/sne-gears.com\/"},{"@type":"ListItem","position":2,"name":"Shop","item":"https:\/\/sne-gears.com\/shop\/"},{"@type":"ListItem","position":3,"name":"SB Series Bevel Gear Muti-Turn Gearbox"}]},{"@type":"WebSite","@id":"https:\/\/sne-gears.com\/#website","url":"https:\/\/sne-gears.com\/","name":"sne-gears.com","description":"","potentialAction":[{"@type":"SearchAction","target":{"@type":"EntryPoint","urlTemplate":"https:\/\/sne-gears.com\/?s={search_term_string}"},"query-input":{"@type":"PropertyValueSpecification","valueRequired":true,"valueName":"search_term_string"}}],"inLanguage":"fr-FR"}]}},"_links":{"self":[{"href":"https:\/\/sne-gears.com\/fr\/wp-json\/wp\/v2\/product\/16669","targetHints":{"allow":["GET"]}}],"collection":[{"href":"https:\/\/sne-gears.com\/fr\/wp-json\/wp\/v2\/product"}],"about":[{"href":"https:\/\/sne-gears.com\/fr\/wp-json\/wp\/v2\/types\/product"}],"replies":[{"embeddable":true,"href":"https:\/\/sne-gears.com\/fr\/wp-json\/wp\/v2\/comments?post=16669"}],"version-history":[{"count":21,"href":"https:\/\/sne-gears.com\/fr\/wp-json\/wp\/v2\/product\/16669\/revisions"}],"predecessor-version":[{"id":17742,"href":"https:\/\/sne-gears.com\/fr\/wp-json\/wp\/v2\/product\/16669\/revisions\/17742"}],"wp:featuredmedia":[{"embeddable":true,"href":"https:\/\/sne-gears.com\/fr\/wp-json\/wp\/v2\/media\/17740"}],"wp:attachment":[{"href":"https:\/\/sne-gears.com\/fr\/wp-json\/wp\/v2\/media?parent=16669"}],"wp:term":[{"taxonomy":"product_brand","embeddable":true,"href":"https:\/\/sne-gears.com\/fr\/wp-json\/wp\/v2\/product_brand?post=16669"},{"taxonomy":"product_cat","embeddable":true,"href":"https:\/\/sne-gears.com\/fr\/wp-json\/wp\/v2\/product_cat?post=16669"},{"taxonomy":"product_tag","embeddable":true,"href":"https:\/\/sne-gears.com\/fr\/wp-json\/wp\/v2\/product_tag?post=16669"}],"curies":[{"name":"wp","href":"https:\/\/api.w.org\/{rel}","templated":true}]}}