{"id":16682,"date":"2024-07-25T04:15:09","date_gmt":"2024-07-25T04:15:09","guid":{"rendered":"https:\/\/sne-gears.com\/?post_type=product&#038;p=16682"},"modified":"2024-08-10T07:31:28","modified_gmt":"2024-08-10T07:31:28","slug":"international-standard-bevel-gear-muti-turn-gearbox","status":"publish","type":"product","link":"https:\/\/sne-gears.com\/fr\/produit\/international-standard-bevel-gear-muti-turn-gearbox\/","title":{"rendered":"R\u00e9ducteur \u00e0 engrenage conique standard international Muti-Turn Gearbox"},"content":{"rendered":"<div data-elementor-type=\"wp-post\" data-elementor-id=\"16682\" class=\"elementor elementor-16682\">\n\t\t\t\t<div class=\"elementor-element elementor-element-78c2836 e-flex e-con-boxed e-con e-parent\" data-id=\"78c2836\" data-element_type=\"container\" data-e-type=\"container\">\n\t\t\t\t\t<div class=\"e-con-inner\">\n\t\t\t\t<div class=\"elementor-element elementor-element-aa79b48 elementor-widget elementor-widget-image\" data-id=\"aa79b48\" data-element_type=\"widget\" data-e-type=\"widget\" data-widget_type=\"image.default\">\n\t\t\t\t<div class=\"elementor-widget-container\">\n\t\t\t\t\t\t\t\t\t\t\t\t\t\t\t<img fetchpriority=\"high\" decoding=\"async\" width=\"1200\" height=\"600\" src=\"data:image\/gif;base64,R0lGODlhAQABAIAAAAAAAP\/\/\/yH5BAEAAAAALAAAAAABAAEAAAIBRAA7\" data-src=\"https:\/\/sne-gears.com\/wp-content\/uploads\/2024\/07\/035.jpg\" class=\"attachment-large size-large wp-image-17255 lazyload\" alt=\"\" data-srcset=\"https:\/\/sne-gears.com\/wp-content\/uploads\/2024\/07\/035.jpg 1200w, https:\/\/sne-gears.com\/wp-content\/uploads\/2024\/07\/035-400x200.jpg 400w, https:\/\/sne-gears.com\/wp-content\/uploads\/2024\/07\/035-768x384.jpg 768w, https:\/\/sne-gears.com\/wp-content\/uploads\/2024\/07\/035-18x9.jpg 18w, https:\/\/sne-gears.com\/wp-content\/uploads\/2024\/07\/035-430x215.jpg 430w, https:\/\/sne-gears.com\/wp-content\/uploads\/2024\/07\/035-700x350.jpg 700w, https:\/\/sne-gears.com\/wp-content\/uploads\/2024\/07\/035-150x75.jpg 150w\" sizes=\"(max-width: 1200px) 100vw, 1200px\" \/><noscript><img decoding=\"async\" width=\"1200\" height=\"600\" src=\"https:\/\/sne-gears.com\/wp-content\/uploads\/2024\/07\/035.jpg\" class=\"attachment-large size-large wp-image-17255 lazyload\" alt=\"\" srcset=\"https:\/\/sne-gears.com\/wp-content\/uploads\/2024\/07\/035.jpg 1200w, https:\/\/sne-gears.com\/wp-content\/uploads\/2024\/07\/035-400x200.jpg 400w, https:\/\/sne-gears.com\/wp-content\/uploads\/2024\/07\/035-768x384.jpg 768w, https:\/\/sne-gears.com\/wp-content\/uploads\/2024\/07\/035-18x9.jpg 18w, https:\/\/sne-gears.com\/wp-content\/uploads\/2024\/07\/035-430x215.jpg 430w, https:\/\/sne-gears.com\/wp-content\/uploads\/2024\/07\/035-700x350.jpg 700w, https:\/\/sne-gears.com\/wp-content\/uploads\/2024\/07\/035-150x75.jpg 150w\" sizes=\"(max-width: 1200px) 100vw, 1200px\" \/><\/noscript>\t\t\t\t\t\t\t\t\t\t\t\t\t\t\t<\/div>\n\t\t\t\t<\/div>\n\t\t\t\t\t<\/div>\n\t\t\t\t<\/div>\n\t\t<div class=\"elementor-element elementor-element-764d1bf5 e-flex e-con-boxed e-con e-parent\" data-id=\"764d1bf5\" data-element_type=\"container\" data-e-type=\"container\">\n\t\t\t\t\t<div class=\"e-con-inner\">\n\t\t\t\t<div class=\"elementor-element elementor-element-72bfd0f6 color-scheme-inherit text-left elementor-widget elementor-widget-text-editor\" data-id=\"72bfd0f6\" data-element_type=\"widget\" data-e-type=\"widget\" data-widget_type=\"text-editor.default\">\n\t\t\t\t<div class=\"elementor-widget-container\">\n\t\t\t\t\t\t\t\t\tDispositif d'engrenage conique aux normes internationales\r\n\r\nIl a une belle apparence et est facile \u00e0 utiliser. Il est principalement \u00e9quip\u00e9 de robinets-vannes, de robinets \u00e0 soupape et de robinets \u00e0 gaz.\r\n\r\n&nbsp;\r\n<table>\r\n<thead>\r\n<tr>\r\n<th>Mod\u00e8le<\/th>\r\n<th>Petit engrenage conique<\/th>\r\n<th>Engrenage conique moyen<\/th>\r\n<th>Grand engrenage conique<\/th>\r\n<\/tr>\r\n<\/thead>\r\n<tbody>\r\n<tr>\r\n<td>Taille<\/td>\r\n<td><\/td>\r\n<td><\/td>\r\n<td><\/td>\r\n<\/tr>\r\n<tr>\r\n<td>D<\/td>\r\n<td>185<\/td>\r\n<td>230<\/td>\r\n<td>275<\/td>\r\n<\/tr>\r\n<tr>\r\n<td>D1<\/td>\r\n<td>160<\/td>\r\n<td>195<\/td>\r\n<td>235<\/td>\r\n<\/tr>\r\n<tr>\r\n<td>D2<\/td>\r\n<td>125<\/td>\r\n<td>150<\/td>\r\n<td>180<\/td>\r\n<\/tr>\r\n<tr>\r\n<td>d2<\/td>\r\n<td>58<\/td>\r\n<td>72<\/td>\r\n<td>82<\/td>\r\n<\/tr>\r\n<tr>\r\n<td>d1<\/td>\r\n<td>40<\/td>\r\n<td>50<\/td>\r\n<td>62<\/td>\r\n<\/tr>\r\n<tr>\r\n<td>Nombre de trous<\/td>\r\n<td>14\u00d74<\/td>\r\n<td>18\u00d74<\/td>\r\n<td>23\u00d74<\/td>\r\n<\/tr>\r\n<tr>\r\n<td>Ratio<\/td>\r\n<td>3:1<\/td>\r\n<td>3.5:1<\/td>\r\n<td>4:1<\/td>\r\n<\/tr>\r\n<tr>\r\n<td>Couple maximum N.M<\/td>\r\n<td>450<\/td>\r\n<td>1200<\/td>\r\n<td>2200<\/td>\r\n<\/tr>\r\n<tr>\r\n<td>Taille du volant<\/td>\r\n<td>400<\/td>\r\n<td>450<\/td>\r\n<td>550<\/td>\r\n<\/tr>\r\n<\/tbody>\r\n<\/table>\t\t\t\t\t\t\t\t<\/div>\n\t\t\t\t<\/div>\n\t\t\t\t\t<\/div>\n\t\t\t\t<\/div>\n\t\t\t\t<\/div>","protected":false},"excerpt":{"rendered":"<p>International\u00a0standard\u00a0Bevel\u00a0Gear\u00a0Device It has a\u00a0beautiful appearance and is easy to operate. It\u00a0is\u00a0mainly\u00a0equipped\u00a0with\u00a0gate\u00a0valves,\u00a0globe\u00a0valves\u00a0and\u00a0gas\u00a0valves. &nbsp; Model Small Bevel Gear Medium Bevel Gear Large<\/p>","protected":false},"featured_media":16791,"comment_status":"open","ping_status":"closed","template":"","meta":[],"product_brand":[],"product_cat":[100,106],"product_tag":[],"class_list":{"0":"post-16682","1":"product","2":"type-product","3":"status-publish","4":"has-post-thumbnail","6":"product_cat-gearbox","7":"product_cat-multi-turn-rotory-gearboxes","9":"first","10":"instock","11":"shipping-taxable","12":"product-type-simple"},"yoast_head":"<!-- This site is optimized with the Yoast SEO plugin v27.4 - https:\/\/yoast.com\/product\/yoast-seo-wordpress\/ -->\n<title>International Standard Bevel Gear Muti-Turn Gearbox - sne-gears.com<\/title>\n<meta name=\"robots\" content=\"index, follow, max-snippet:-1, max-image-preview:large, max-video-preview:-1\" \/>\n<link rel=\"canonical\" href=\"https:\/\/sne-gears.com\/fr\/produit\/international-standard-bevel-gear-muti-turn-gearbox\/\" \/>\n<meta property=\"og:locale\" content=\"fr_FR\" \/>\n<meta property=\"og:type\" content=\"article\" \/>\n<meta property=\"og:title\" content=\"International Standard Bevel Gear Muti-Turn Gearbox - sne-gears.com\" \/>\n<meta property=\"og:description\" content=\"International\u00a0standard\u00a0Bevel\u00a0Gear\u00a0Device It has a\u00a0beautiful appearance and is easy to operate. It\u00a0is\u00a0mainly\u00a0equipped\u00a0with\u00a0gate\u00a0valves,\u00a0globe\u00a0valves\u00a0and\u00a0gas\u00a0valves. &nbsp; Model Small Bevel Gear Medium Bevel Gear Large\" \/>\n<meta property=\"og:url\" content=\"https:\/\/sne-gears.com\/fr\/produit\/international-standard-bevel-gear-muti-turn-gearbox\/\" \/>\n<meta property=\"og:site_name\" content=\"sne-gears.com\" \/>\n<meta property=\"article:modified_time\" content=\"2024-08-10T07:31:28+00:00\" \/>\n<meta property=\"og:image\" content=\"https:\/\/sne-gears.com\/wp-content\/uploads\/2024\/07\/203.jpg\" \/>\n\t<meta property=\"og:image:width\" content=\"1280\" \/>\n\t<meta property=\"og:image:height\" content=\"1280\" \/>\n\t<meta property=\"og:image:type\" content=\"image\/jpeg\" \/>\n<meta name=\"twitter:card\" content=\"summary_large_image\" \/>\n<meta name=\"twitter:label1\" content=\"Dur\u00e9e de lecture estim\u00e9e\" \/>\n\t<meta name=\"twitter:data1\" content=\"1 minute\" \/>\n<script type=\"application\/ld+json\" class=\"yoast-schema-graph\">{\"@context\":\"https:\\\/\\\/schema.org\",\"@graph\":[{\"@type\":\"WebPage\",\"@id\":\"https:\\\/\\\/sne-gears.com\\\/product\\\/international-standard-bevel-gear-muti-turn-gearbox\\\/\",\"url\":\"https:\\\/\\\/sne-gears.com\\\/product\\\/international-standard-bevel-gear-muti-turn-gearbox\\\/\",\"name\":\"International Standard Bevel Gear Muti-Turn Gearbox - sne-gears.com\",\"isPartOf\":{\"@id\":\"https:\\\/\\\/sne-gears.com\\\/#website\"},\"primaryImageOfPage\":{\"@id\":\"https:\\\/\\\/sne-gears.com\\\/product\\\/international-standard-bevel-gear-muti-turn-gearbox\\\/#primaryimage\"},\"image\":{\"@id\":\"https:\\\/\\\/sne-gears.com\\\/product\\\/international-standard-bevel-gear-muti-turn-gearbox\\\/#primaryimage\"},\"thumbnailUrl\":\"https:\\\/\\\/sne-gears.com\\\/wp-content\\\/uploads\\\/2024\\\/07\\\/203.jpg\",\"datePublished\":\"2024-07-25T04:15:09+00:00\",\"dateModified\":\"2024-08-10T07:31:28+00:00\",\"breadcrumb\":{\"@id\":\"https:\\\/\\\/sne-gears.com\\\/product\\\/international-standard-bevel-gear-muti-turn-gearbox\\\/#breadcrumb\"},\"inLanguage\":\"fr-FR\",\"potentialAction\":[{\"@type\":\"ReadAction\",\"target\":[\"https:\\\/\\\/sne-gears.com\\\/product\\\/international-standard-bevel-gear-muti-turn-gearbox\\\/\"]}]},{\"@type\":\"ImageObject\",\"inLanguage\":\"fr-FR\",\"@id\":\"https:\\\/\\\/sne-gears.com\\\/product\\\/international-standard-bevel-gear-muti-turn-gearbox\\\/#primaryimage\",\"url\":\"https:\\\/\\\/sne-gears.com\\\/wp-content\\\/uploads\\\/2024\\\/07\\\/203.jpg\",\"contentUrl\":\"https:\\\/\\\/sne-gears.com\\\/wp-content\\\/uploads\\\/2024\\\/07\\\/203.jpg\",\"width\":1280,\"height\":1280},{\"@type\":\"BreadcrumbList\",\"@id\":\"https:\\\/\\\/sne-gears.com\\\/product\\\/international-standard-bevel-gear-muti-turn-gearbox\\\/#breadcrumb\",\"itemListElement\":[{\"@type\":\"ListItem\",\"position\":1,\"name\":\"Home\",\"item\":\"https:\\\/\\\/sne-gears.com\\\/\"},{\"@type\":\"ListItem\",\"position\":2,\"name\":\"Shop\",\"item\":\"https:\\\/\\\/sne-gears.com\\\/shop\\\/\"},{\"@type\":\"ListItem\",\"position\":3,\"name\":\"International Standard Bevel Gear Muti-Turn Gearbox\"}]},{\"@type\":\"WebSite\",\"@id\":\"https:\\\/\\\/sne-gears.com\\\/#website\",\"url\":\"https:\\\/\\\/sne-gears.com\\\/\",\"name\":\"sne-gears.com\",\"description\":\"\",\"potentialAction\":[{\"@type\":\"SearchAction\",\"target\":{\"@type\":\"EntryPoint\",\"urlTemplate\":\"https:\\\/\\\/sne-gears.com\\\/?s={search_term_string}\"},\"query-input\":{\"@type\":\"PropertyValueSpecification\",\"valueRequired\":true,\"valueName\":\"search_term_string\"}}],\"inLanguage\":\"fr-FR\"}]}<\/script>\n<!-- \/ Yoast SEO plugin. -->","yoast_head_json":{"title":"International Standard Bevel Gear Muti-Turn Gearbox - sne-gears.com","robots":{"index":"index","follow":"follow","max-snippet":"max-snippet:-1","max-image-preview":"max-image-preview:large","max-video-preview":"max-video-preview:-1"},"canonical":"https:\/\/sne-gears.com\/fr\/produit\/international-standard-bevel-gear-muti-turn-gearbox\/","og_locale":"fr_FR","og_type":"article","og_title":"International Standard Bevel Gear Muti-Turn Gearbox - sne-gears.com","og_description":"International\u00a0standard\u00a0Bevel\u00a0Gear\u00a0Device It has a\u00a0beautiful appearance and is easy to operate. It\u00a0is\u00a0mainly\u00a0equipped\u00a0with\u00a0gate\u00a0valves,\u00a0globe\u00a0valves\u00a0and\u00a0gas\u00a0valves. &nbsp; Model Small Bevel Gear Medium Bevel Gear Large","og_url":"https:\/\/sne-gears.com\/fr\/produit\/international-standard-bevel-gear-muti-turn-gearbox\/","og_site_name":"sne-gears.com","article_modified_time":"2024-08-10T07:31:28+00:00","og_image":[{"width":1280,"height":1280,"url":"https:\/\/sne-gears.com\/wp-content\/uploads\/2024\/07\/203.jpg","type":"image\/jpeg"}],"twitter_card":"summary_large_image","twitter_misc":{"Dur\u00e9e de lecture estim\u00e9e":"1 minute"},"schema":{"@context":"https:\/\/schema.org","@graph":[{"@type":"WebPage","@id":"https:\/\/sne-gears.com\/product\/international-standard-bevel-gear-muti-turn-gearbox\/","url":"https:\/\/sne-gears.com\/product\/international-standard-bevel-gear-muti-turn-gearbox\/","name":"International Standard Bevel Gear Muti-Turn Gearbox - sne-gears.com","isPartOf":{"@id":"https:\/\/sne-gears.com\/#website"},"primaryImageOfPage":{"@id":"https:\/\/sne-gears.com\/product\/international-standard-bevel-gear-muti-turn-gearbox\/#primaryimage"},"image":{"@id":"https:\/\/sne-gears.com\/product\/international-standard-bevel-gear-muti-turn-gearbox\/#primaryimage"},"thumbnailUrl":"https:\/\/sne-gears.com\/wp-content\/uploads\/2024\/07\/203.jpg","datePublished":"2024-07-25T04:15:09+00:00","dateModified":"2024-08-10T07:31:28+00:00","breadcrumb":{"@id":"https:\/\/sne-gears.com\/product\/international-standard-bevel-gear-muti-turn-gearbox\/#breadcrumb"},"inLanguage":"fr-FR","potentialAction":[{"@type":"ReadAction","target":["https:\/\/sne-gears.com\/product\/international-standard-bevel-gear-muti-turn-gearbox\/"]}]},{"@type":"ImageObject","inLanguage":"fr-FR","@id":"https:\/\/sne-gears.com\/product\/international-standard-bevel-gear-muti-turn-gearbox\/#primaryimage","url":"https:\/\/sne-gears.com\/wp-content\/uploads\/2024\/07\/203.jpg","contentUrl":"https:\/\/sne-gears.com\/wp-content\/uploads\/2024\/07\/203.jpg","width":1280,"height":1280},{"@type":"BreadcrumbList","@id":"https:\/\/sne-gears.com\/product\/international-standard-bevel-gear-muti-turn-gearbox\/#breadcrumb","itemListElement":[{"@type":"ListItem","position":1,"name":"Home","item":"https:\/\/sne-gears.com\/"},{"@type":"ListItem","position":2,"name":"Shop","item":"https:\/\/sne-gears.com\/shop\/"},{"@type":"ListItem","position":3,"name":"International Standard Bevel Gear Muti-Turn Gearbox"}]},{"@type":"WebSite","@id":"https:\/\/sne-gears.com\/#website","url":"https:\/\/sne-gears.com\/","name":"sne-gears.com","description":"","potentialAction":[{"@type":"SearchAction","target":{"@type":"EntryPoint","urlTemplate":"https:\/\/sne-gears.com\/?s={search_term_string}"},"query-input":{"@type":"PropertyValueSpecification","valueRequired":true,"valueName":"search_term_string"}}],"inLanguage":"fr-FR"}]}},"_links":{"self":[{"href":"https:\/\/sne-gears.com\/fr\/wp-json\/wp\/v2\/product\/16682","targetHints":{"allow":["GET"]}}],"collection":[{"href":"https:\/\/sne-gears.com\/fr\/wp-json\/wp\/v2\/product"}],"about":[{"href":"https:\/\/sne-gears.com\/fr\/wp-json\/wp\/v2\/types\/product"}],"replies":[{"embeddable":true,"href":"https:\/\/sne-gears.com\/fr\/wp-json\/wp\/v2\/comments?post=16682"}],"version-history":[{"count":7,"href":"https:\/\/sne-gears.com\/fr\/wp-json\/wp\/v2\/product\/16682\/revisions"}],"predecessor-version":[{"id":17258,"href":"https:\/\/sne-gears.com\/fr\/wp-json\/wp\/v2\/product\/16682\/revisions\/17258"}],"wp:featuredmedia":[{"embeddable":true,"href":"https:\/\/sne-gears.com\/fr\/wp-json\/wp\/v2\/media\/16791"}],"wp:attachment":[{"href":"https:\/\/sne-gears.com\/fr\/wp-json\/wp\/v2\/media?parent=16682"}],"wp:term":[{"taxonomy":"product_brand","embeddable":true,"href":"https:\/\/sne-gears.com\/fr\/wp-json\/wp\/v2\/product_brand?post=16682"},{"taxonomy":"product_cat","embeddable":true,"href":"https:\/\/sne-gears.com\/fr\/wp-json\/wp\/v2\/product_cat?post=16682"},{"taxonomy":"product_tag","embeddable":true,"href":"https:\/\/sne-gears.com\/fr\/wp-json\/wp\/v2\/product_tag?post=16682"}],"curies":[{"name":"wp","href":"https:\/\/api.w.org\/{rel}","templated":true}]}}