{"id":16685,"date":"2024-07-25T04:16:38","date_gmt":"2024-07-25T04:16:38","guid":{"rendered":"https:\/\/peachpuff-mongoose-868793.hostingersite.com\/?post_type=product&#038;p=16685"},"modified":"2024-07-30T02:56:55","modified_gmt":"2024-07-30T02:56:55","slug":"bevel-gear-muti-turn-gearbox-with-chain-wheel","status":"publish","type":"product","link":"https:\/\/sne-gears.com\/fr\/produit\/bevel-gear-muti-turn-gearbox-with-chain-wheel\/","title":{"rendered":"R\u00e9ducteur multitour \u00e0 engrenages coniques avec roue \u00e0 cha\u00eene"},"content":{"rendered":"<p>Nous fabriquons une large gamme de r\u00e9ducteurs multitours \u00e0 engrenages coniques\/droits qui peuvent \u00eatre utilis\u00e9s pour les robinets \u00e0 bille, les robinets-vannes, etc. Le couple de sortie peut aller jusqu'\u00e0 66 100 Nm et la pouss\u00e9e jusqu'\u00e0 6 350 kN. Diff\u00e9rentes tailles et rapports de 1:1 \u00e0 560:1 sont disponibles, tels que IP68, nucl\u00e9aire, des extensions flexibles et des volants cadenassables sont \u00e9galement disponibles pour votre choix.<\/p>\n<p>La transmission \u00e0 engrenage conique en arc de type BA se caract\u00e9rise par une friction r\u00e9duite, une faible voix, une force de couple \u00e9lev\u00e9e, une grande efficacit\u00e9 et une dur\u00e9e de vie am\u00e9lior\u00e9e du produit. En plus des caract\u00e9ristiques de confort, d'ouverture facile, de structure raisonnable et de performance sensible, ce produit est \u00e9quip\u00e9 d'\u00e9crous en cuivre et d'\u00e9crous D2 \u00e0 haute teneur en nickel, ce qui permet d'\u00e9conomiser les vis et les roulements pour chaque produit de vanne, et est facile \u00e0 installer. Il est principalement \u00e9quip\u00e9 de robinets-vannes, de robinets \u00e0 soupape, de robinets-vannes \u00e0 guillotine et de robinets de d\u00e9charge.<\/p>","protected":false},"excerpt":{"rendered":"<p>Nous fabriquons une large gamme de r\u00e9ducteurs multitours \u00e0 engrenages coniques\/droits qui peuvent \u00eatre utilis\u00e9s pour les robinets \u00e0 bille, les robinets-vannes, etc.<\/p>","protected":false},"featured_media":16686,"comment_status":"open","ping_status":"closed","template":"","meta":[],"product_brand":[],"product_cat":[100,106],"product_tag":[],"class_list":{"0":"post-16685","1":"product","2":"type-product","3":"status-publish","4":"has-post-thumbnail","6":"product_cat-gearbox","7":"product_cat-multi-turn-rotory-gearboxes","9":"first","10":"instock","11":"shipping-taxable","12":"product-type-simple"},"yoast_head":"<!-- This site is optimized with the Yoast SEO plugin v27.4 - https:\/\/yoast.com\/product\/yoast-seo-wordpress\/ -->\n<title>Bevel Gear Muti-Turn Gearbox with Chain Wheel - sne-gears.com<\/title>\n<meta name=\"robots\" content=\"index, follow, max-snippet:-1, max-image-preview:large, max-video-preview:-1\" \/>\n<link rel=\"canonical\" href=\"https:\/\/sne-gears.com\/fr\/produit\/bevel-gear-muti-turn-gearbox-with-chain-wheel\/\" \/>\n<meta property=\"og:locale\" content=\"fr_FR\" \/>\n<meta property=\"og:type\" content=\"article\" \/>\n<meta property=\"og:title\" content=\"Bevel Gear Muti-Turn Gearbox with Chain Wheel - sne-gears.com\" \/>\n<meta property=\"og:description\" content=\"We are manufacturing a wide range of multi-turn bevel\/spur gearboxes which can be used for ball valves, gate valves etc.\" \/>\n<meta property=\"og:url\" content=\"https:\/\/sne-gears.com\/fr\/produit\/bevel-gear-muti-turn-gearbox-with-chain-wheel\/\" \/>\n<meta property=\"og:site_name\" content=\"sne-gears.com\" \/>\n<meta property=\"article:modified_time\" content=\"2024-07-30T02:56:55+00:00\" \/>\n<meta property=\"og:image\" content=\"https:\/\/sne-gears.com\/wp-content\/uploads\/2024\/07\/\u5e26\u94fe\u8f6e\u4f1e\u9f7f\u8f6e\u56fe\u7247.png\" \/>\n\t<meta property=\"og:image:width\" content=\"550\" \/>\n\t<meta property=\"og:image:height\" content=\"457\" \/>\n\t<meta property=\"og:image:type\" content=\"image\/png\" \/>\n<meta name=\"twitter:card\" content=\"summary_large_image\" \/>\n<meta name=\"twitter:label1\" content=\"Dur\u00e9e de lecture estim\u00e9e\" \/>\n\t<meta name=\"twitter:data1\" content=\"1 minute\" \/>\n<script type=\"application\/ld+json\" class=\"yoast-schema-graph\">{\"@context\":\"https:\\\/\\\/schema.org\",\"@graph\":[{\"@type\":\"WebPage\",\"@id\":\"https:\\\/\\\/sne-gears.com\\\/fr\\\/produit\\\/bevel-gear-muti-turn-gearbox-with-chain-wheel\\\/\",\"url\":\"https:\\\/\\\/sne-gears.com\\\/fr\\\/produit\\\/bevel-gear-muti-turn-gearbox-with-chain-wheel\\\/\",\"name\":\"Bevel Gear Muti-Turn Gearbox with Chain Wheel - sne-gears.com\",\"isPartOf\":{\"@id\":\"https:\\\/\\\/sne-gears.com\\\/de\\\/#website\"},\"primaryImageOfPage\":{\"@id\":\"https:\\\/\\\/sne-gears.com\\\/fr\\\/produit\\\/bevel-gear-muti-turn-gearbox-with-chain-wheel\\\/#primaryimage\"},\"image\":{\"@id\":\"https:\\\/\\\/sne-gears.com\\\/fr\\\/produit\\\/bevel-gear-muti-turn-gearbox-with-chain-wheel\\\/#primaryimage\"},\"thumbnailUrl\":\"https:\\\/\\\/sne-gears.com\\\/wp-content\\\/uploads\\\/2024\\\/07\\\/\u5e26\u94fe\u8f6e\u4f1e\u9f7f\u8f6e\u56fe\u7247.png\",\"datePublished\":\"2024-07-25T04:16:38+00:00\",\"dateModified\":\"2024-07-30T02:56:55+00:00\",\"breadcrumb\":{\"@id\":\"https:\\\/\\\/sne-gears.com\\\/fr\\\/produit\\\/bevel-gear-muti-turn-gearbox-with-chain-wheel\\\/#breadcrumb\"},\"inLanguage\":\"fr-FR\",\"potentialAction\":[{\"@type\":\"ReadAction\",\"target\":[\"https:\\\/\\\/sne-gears.com\\\/fr\\\/produit\\\/bevel-gear-muti-turn-gearbox-with-chain-wheel\\\/\"]}]},{\"@type\":\"ImageObject\",\"inLanguage\":\"fr-FR\",\"@id\":\"https:\\\/\\\/sne-gears.com\\\/fr\\\/produit\\\/bevel-gear-muti-turn-gearbox-with-chain-wheel\\\/#primaryimage\",\"url\":\"https:\\\/\\\/sne-gears.com\\\/wp-content\\\/uploads\\\/2024\\\/07\\\/\u5e26\u94fe\u8f6e\u4f1e\u9f7f\u8f6e\u56fe\u7247.png\",\"contentUrl\":\"https:\\\/\\\/sne-gears.com\\\/wp-content\\\/uploads\\\/2024\\\/07\\\/\u5e26\u94fe\u8f6e\u4f1e\u9f7f\u8f6e\u56fe\u7247.png\",\"width\":550,\"height\":457},{\"@type\":\"BreadcrumbList\",\"@id\":\"https:\\\/\\\/sne-gears.com\\\/fr\\\/produit\\\/bevel-gear-muti-turn-gearbox-with-chain-wheel\\\/#breadcrumb\",\"itemListElement\":[{\"@type\":\"ListItem\",\"position\":1,\"name\":\"Home\",\"item\":\"https:\\\/\\\/sne-gears.com\\\/ru\\\/\"},{\"@type\":\"ListItem\",\"position\":2,\"name\":\"Shop\",\"item\":\"https:\\\/\\\/sne-gears.com\\\/fr\\\/shop\\\/\"},{\"@type\":\"ListItem\",\"position\":3,\"name\":\"Bevel Gear Muti-Turn Gearbox with Chain Wheel\"}]},{\"@type\":\"WebSite\",\"@id\":\"https:\\\/\\\/sne-gears.com\\\/de\\\/#website\",\"url\":\"https:\\\/\\\/sne-gears.com\\\/de\\\/\",\"name\":\"sne-gears.com\",\"description\":\"\",\"potentialAction\":[{\"@type\":\"SearchAction\",\"target\":{\"@type\":\"EntryPoint\",\"urlTemplate\":\"https:\\\/\\\/sne-gears.com\\\/de\\\/?s={search_term_string}\"},\"query-input\":{\"@type\":\"PropertyValueSpecification\",\"valueRequired\":true,\"valueName\":\"search_term_string\"}}],\"inLanguage\":\"fr-FR\"}]}<\/script>\n<!-- \/ Yoast SEO plugin. -->","yoast_head_json":{"title":"Bevel Gear Muti-Turn Gearbox with Chain Wheel - sne-gears.com","robots":{"index":"index","follow":"follow","max-snippet":"max-snippet:-1","max-image-preview":"max-image-preview:large","max-video-preview":"max-video-preview:-1"},"canonical":"https:\/\/sne-gears.com\/fr\/produit\/bevel-gear-muti-turn-gearbox-with-chain-wheel\/","og_locale":"fr_FR","og_type":"article","og_title":"Bevel Gear Muti-Turn Gearbox with Chain Wheel - sne-gears.com","og_description":"We are manufacturing a wide range of multi-turn bevel\/spur gearboxes which can be used for ball valves, gate valves etc.","og_url":"https:\/\/sne-gears.com\/fr\/produit\/bevel-gear-muti-turn-gearbox-with-chain-wheel\/","og_site_name":"sne-gears.com","article_modified_time":"2024-07-30T02:56:55+00:00","og_image":[{"width":550,"height":457,"url":"https:\/\/sne-gears.com\/wp-content\/uploads\/2024\/07\/\u5e26\u94fe\u8f6e\u4f1e\u9f7f\u8f6e\u56fe\u7247.png","type":"image\/png"}],"twitter_card":"summary_large_image","twitter_misc":{"Dur\u00e9e de lecture estim\u00e9e":"1 minute"},"schema":{"@context":"https:\/\/schema.org","@graph":[{"@type":"WebPage","@id":"https:\/\/sne-gears.com\/fr\/produit\/bevel-gear-muti-turn-gearbox-with-chain-wheel\/","url":"https:\/\/sne-gears.com\/fr\/produit\/bevel-gear-muti-turn-gearbox-with-chain-wheel\/","name":"Bevel Gear Muti-Turn Gearbox with Chain Wheel - sne-gears.com","isPartOf":{"@id":"https:\/\/sne-gears.com\/de\/#website"},"primaryImageOfPage":{"@id":"https:\/\/sne-gears.com\/fr\/produit\/bevel-gear-muti-turn-gearbox-with-chain-wheel\/#primaryimage"},"image":{"@id":"https:\/\/sne-gears.com\/fr\/produit\/bevel-gear-muti-turn-gearbox-with-chain-wheel\/#primaryimage"},"thumbnailUrl":"https:\/\/sne-gears.com\/wp-content\/uploads\/2024\/07\/\u5e26\u94fe\u8f6e\u4f1e\u9f7f\u8f6e\u56fe\u7247.png","datePublished":"2024-07-25T04:16:38+00:00","dateModified":"2024-07-30T02:56:55+00:00","breadcrumb":{"@id":"https:\/\/sne-gears.com\/fr\/produit\/bevel-gear-muti-turn-gearbox-with-chain-wheel\/#breadcrumb"},"inLanguage":"fr-FR","potentialAction":[{"@type":"ReadAction","target":["https:\/\/sne-gears.com\/fr\/produit\/bevel-gear-muti-turn-gearbox-with-chain-wheel\/"]}]},{"@type":"ImageObject","inLanguage":"fr-FR","@id":"https:\/\/sne-gears.com\/fr\/produit\/bevel-gear-muti-turn-gearbox-with-chain-wheel\/#primaryimage","url":"https:\/\/sne-gears.com\/wp-content\/uploads\/2024\/07\/\u5e26\u94fe\u8f6e\u4f1e\u9f7f\u8f6e\u56fe\u7247.png","contentUrl":"https:\/\/sne-gears.com\/wp-content\/uploads\/2024\/07\/\u5e26\u94fe\u8f6e\u4f1e\u9f7f\u8f6e\u56fe\u7247.png","width":550,"height":457},{"@type":"BreadcrumbList","@id":"https:\/\/sne-gears.com\/fr\/produit\/bevel-gear-muti-turn-gearbox-with-chain-wheel\/#breadcrumb","itemListElement":[{"@type":"ListItem","position":1,"name":"Home","item":"https:\/\/sne-gears.com\/ru\/"},{"@type":"ListItem","position":2,"name":"Shop","item":"https:\/\/sne-gears.com\/fr\/shop\/"},{"@type":"ListItem","position":3,"name":"Bevel Gear Muti-Turn Gearbox with Chain Wheel"}]},{"@type":"WebSite","@id":"https:\/\/sne-gears.com\/de\/#website","url":"https:\/\/sne-gears.com\/de\/","name":"sne-gears.com","description":"","potentialAction":[{"@type":"SearchAction","target":{"@type":"EntryPoint","urlTemplate":"https:\/\/sne-gears.com\/de\/?s={search_term_string}"},"query-input":{"@type":"PropertyValueSpecification","valueRequired":true,"valueName":"search_term_string"}}],"inLanguage":"fr-FR"}]}},"_links":{"self":[{"href":"https:\/\/sne-gears.com\/fr\/wp-json\/wp\/v2\/product\/16685","targetHints":{"allow":["GET"]}}],"collection":[{"href":"https:\/\/sne-gears.com\/fr\/wp-json\/wp\/v2\/product"}],"about":[{"href":"https:\/\/sne-gears.com\/fr\/wp-json\/wp\/v2\/types\/product"}],"replies":[{"embeddable":true,"href":"https:\/\/sne-gears.com\/fr\/wp-json\/wp\/v2\/comments?post=16685"}],"version-history":[{"count":1,"href":"https:\/\/sne-gears.com\/fr\/wp-json\/wp\/v2\/product\/16685\/revisions"}],"predecessor-version":[{"id":16687,"href":"https:\/\/sne-gears.com\/fr\/wp-json\/wp\/v2\/product\/16685\/revisions\/16687"}],"wp:featuredmedia":[{"embeddable":true,"href":"https:\/\/sne-gears.com\/fr\/wp-json\/wp\/v2\/media\/16686"}],"wp:attachment":[{"href":"https:\/\/sne-gears.com\/fr\/wp-json\/wp\/v2\/media?parent=16685"}],"wp:term":[{"taxonomy":"product_brand","embeddable":true,"href":"https:\/\/sne-gears.com\/fr\/wp-json\/wp\/v2\/product_brand?post=16685"},{"taxonomy":"product_cat","embeddable":true,"href":"https:\/\/sne-gears.com\/fr\/wp-json\/wp\/v2\/product_cat?post=16685"},{"taxonomy":"product_tag","embeddable":true,"href":"https:\/\/sne-gears.com\/fr\/wp-json\/wp\/v2\/product_tag?post=16685"}],"curies":[{"name":"wp","href":"https:\/\/api.w.org\/{rel}","templated":true}]}}